{"id":5615,"date":"2022-02-22T02:46:09","date_gmt":"2022-02-22T02:46:09","guid":{"rendered":"https:\/\/medicinasinc.com\/sl\/?post_type=product&#038;p=5615"},"modified":"2022-03-19T00:24:47","modified_gmt":"2022-03-19T00:24:47","slug":"kupi-belo-dekletsko-kopalno-sol","status":"publish","type":"product","link":"https:\/\/medicinasinc.com\/sl\/product\/kupi-belo-dekletsko-kopalno-sol\/","title":{"rendered":"Kupite kopalno sol za belo dekle"},"content":{"rendered":"<p>White Girl Bath Salt lahko kupite na spletu.<br \/> White Girl Bath Salt lahko kupite na spletu. Kako jih kupim?<\/p>\n<p>Kje \u017eelite kupiti kopalne soli za belo dekle? Ko kupite kopalno sol za belo dekle pri Best Global Meds, ni nobenih te\u017eav ali nerodnosti. Da bi zagotovili prihranek denarja, ko kupujete bele soli za kopanje v na\u0161i spletni lekarni, se zelo trudimo. Ko kupite nekaj pri Chemicals Lab, \u017eelimo, da pla\u010date manj in dobite ve\u010d.<\/p>\n<p>Kupite nekaj soli za kopanje White Girl.<\/p>\n<p>Od zakonitega vira lahko kupite White Girl Bath. Soli na spletu. Prodajamo najbolj\u0161e izdelke za kopanje, kot so kopalne soli. Kopalne soli vam bodo zagotovile gladko, \u010dutno kopel, ki vam bo po uporabi pustila ob\u010dutek \u010distosti. Na\u0161i kupci pa so lahko prepri\u010dani, da bodo dobili najbolj\u0161e izdelke na trgu. Vendar pa prodajamo in kupujemo tudi druge koncentrirane kopalne soli po ugodnih cenah.<\/p>\n<p>Na\u0161e kopalne soli imajo mo\u010dan vonj.<\/p>\n<p>Obstaja veliko razli\u010dnih vrst kopalnih soli White Girl, in so namenjeni, da bi va\u0161o izku\u0161njo kopanja naredili \u0161e bolj\u0161o. Majhna koli\u010dina je vse, kar je potrebno za veliko razliko. Lahko pa dodate majhno koli\u010dino v vro\u010do kopel, da naravno zmeh\u010date vodo, zaradi \u010desar se boste po njej po\u010dutili zelo energi\u010dni in sre\u010dni. Vendar se uporablja tako, da izgleda kot naravni topli vrelci gr\u0161kega morja. Na za\u010detku uporabite zelo malo kopalne soli White Girl, saj bo va\u0161a voda za kopanje umazana in boste nesre\u010dni. Po drugi strani pa vam kopalne soli White Girl pomagajo priti do krajev, za katere ste mislili, da so nemogo\u010de.<\/p>\n","protected":false},"excerpt":{"rendered":"<p>Na\u0161a trgovina Bestglobalmeds.com prodaja kopalno sol White Girl za prodajo v Zdru\u017eenem kraljestvu, Evropi in po vsem svetu! Tukaj lahko kupite najbolj\u0161o kopalno sol za belo dekle!<\/p>\n<p>Cena kopalne soli za belo dekle na internetu je morda previsoka.<\/p>\n<p>Pri Best global meds lahko kupite belo dekle. kopalne soli iz udobja svojega doma. Kopalne soli White girl so naprodaj.<\/p>\n<p>V tem primeru lahko kupite kopalne soli na internetu White Girl 500mg Bath Salt<\/p>\n<p>Best Global Meds prodaja visokokakovostne kopalne soli, ki bodo vam ponudi gladko, \u010dutno kopel, ob kateri se boste po\u010dutili \u010diste.<\/p>\n<p>Ko pri nas kupite bele kopalne soli za dekleta na spletu, ste lahko prepri\u010dani, da bodo najbolj\u0161e, kar lahko dobite. Prodajamo in kupujemo druge koncentrirane kopalne soli po ugodnih cenah.<\/p>\n<p>Na\u0161e kopalne soli imajo mo\u010dan vonj.<\/p>\n<div class=\"product-next-previous\">\n<div class=\"product-\"><\/div>\n<\/p><\/div>\n","protected":false},"featured_media":5625,"comment_status":"open","ping_status":"closed","template":"","meta":[],"product_brand":[],"product_cat":[2014],"product_tag":[3301,3299,3300,3302,3303,3304,3305,3306],"class_list":{"0":"post-5615","1":"product","2":"type-product","3":"status-publish","4":"has-post-thumbnail","6":"product_cat-nakup-raziskave-kemikalije","7":"product_tag-koncentrirane-bele-deklice-500mg-kopalne-soli","8":"product_tag-kupi-koncentrirano-belo-deklica-500mg-kopalna-sol-na-spletu","9":"product_tag-kupite-belo-dekletsko-kopalno-soli-na-spletu","10":"product_tag-order-white-girl-bath-salts-online","11":"product_tag-where-to-buy-white-girl-bath-salts","12":"product_tag-white-girl-500mg-bath-salt-online","13":"product_tag-white-girl-bath-salts","14":"product_tag-white-girl-bath-salts-for-sale","16":"first","17":"instock","18":"shipping-taxable","19":"purchasable","20":"product-type-variable","21":"has-default-attributes"},"yoast_head":"<!-- This site is optimized with the Yoast SEO plugin v27.3 - https:\/\/yoast.com\/product\/yoast-seo-wordpress\/ -->\n<title>Kupite kopalno sol White Girl - kopalno sol za prodajo - Best Global Meds<\/title>\n<meta name=\"description\" content=\"i\u0161\u010dete kupiti kopalno sol White Girl za prodajo v Veliki Britaniji, Evropi v na\u0161i trgovini Bestglobalmeds.com s hitro dostavo po vsem svetu! Najbolj\u0161o kopalno sol za belo dekle za naro\u010danje boste na\u0161li tukaj!\" \/>\n<meta name=\"robots\" content=\"index, follow, max-snippet:-1, max-image-preview:large, max-video-preview:-1\" \/>\n<link rel=\"canonical\" href=\"https:\/\/medicinasinc.com\/sl\/product\/kupi-belo-dekletsko-kopalno-sol\/\" \/>\n<meta property=\"og:locale\" content=\"en_US\" \/>\n<meta property=\"og:type\" content=\"article\" \/>\n<meta property=\"og:title\" content=\"Kupite kopalno sol White Girl - kopalno sol za prodajo - Best Global Meds\" \/>\n<meta property=\"og:description\" content=\"i\u0161\u010dete kupiti kopalno sol White Girl za prodajo v Veliki Britaniji, Evropi v na\u0161i trgovini Bestglobalmeds.com s hitro dostavo po vsem svetu! Najbolj\u0161o kopalno sol za belo dekle za naro\u010danje boste na\u0161li tukaj!\" \/>\n<meta property=\"og:url\" content=\"https:\/\/medicinasinc.com\/sl\/product\/kupi-belo-dekletsko-kopalno-sol\/\" \/>\n<meta property=\"og:site_name\" content=\"Medicinas Inc\" \/>\n<meta property=\"article:modified_time\" content=\"2022-03-19T00:24:47+00:00\" \/>\n<meta property=\"og:image\" content=\"https:\/\/medicinasinc.com\/sl\/wp-content\/uploads\/sites\/7\/2022\/02\/Buy-White-Girl-Bath-Salt.jpg\" \/>\n\t<meta property=\"og:image:width\" content=\"600\" \/>\n\t<meta property=\"og:image:height\" content=\"600\" \/>\n\t<meta property=\"og:image:type\" content=\"image\/jpeg\" \/>\n<meta name=\"twitter:card\" content=\"summary_large_image\" \/>\n<meta name=\"twitter:label1\" content=\"Est. reading time\" \/>\n\t<meta name=\"twitter:data1\" content=\"2 minutes\" \/>\n<script type=\"application\/ld+json\" class=\"yoast-schema-graph\">{\"@context\":\"https:\\\/\\\/schema.org\",\"@graph\":[{\"@type\":\"WebPage\",\"@id\":\"https:\\\/\\\/medicinasinc.com\\\/sl\\\/product\\\/kupi-belo-dekletsko-kopalno-sol\\\/\",\"url\":\"https:\\\/\\\/medicinasinc.com\\\/sl\\\/product\\\/kupi-belo-dekletsko-kopalno-sol\\\/\",\"name\":\"Kupite kopalno sol White Girl - kopalno sol za prodajo - Best Global Meds\",\"isPartOf\":{\"@id\":\"https:\\\/\\\/medicinasinc.com\\\/sl\\\/#website\"},\"primaryImageOfPage\":{\"@id\":\"https:\\\/\\\/medicinasinc.com\\\/sl\\\/product\\\/kupi-belo-dekletsko-kopalno-sol\\\/#primaryimage\"},\"image\":{\"@id\":\"https:\\\/\\\/medicinasinc.com\\\/sl\\\/product\\\/kupi-belo-dekletsko-kopalno-sol\\\/#primaryimage\"},\"thumbnailUrl\":\"https:\\\/\\\/medicinasinc.com\\\/sl\\\/wp-content\\\/uploads\\\/sites\\\/7\\\/2022\\\/02\\\/Buy-White-Girl-Bath-Salt.jpg\",\"datePublished\":\"2022-02-22T02:46:09+00:00\",\"dateModified\":\"2022-03-19T00:24:47+00:00\",\"description\":\"i\u0161\u010dete kupiti kopalno sol White Girl za prodajo v Veliki Britaniji, Evropi v na\u0161i trgovini Bestglobalmeds.com s hitro dostavo po vsem svetu! Najbolj\u0161o kopalno sol za belo dekle za naro\u010danje boste na\u0161li tukaj!\",\"breadcrumb\":{\"@id\":\"https:\\\/\\\/medicinasinc.com\\\/sl\\\/product\\\/kupi-belo-dekletsko-kopalno-sol\\\/#breadcrumb\"},\"inLanguage\":\"en-US\",\"potentialAction\":[{\"@type\":\"ReadAction\",\"target\":[\"https:\\\/\\\/medicinasinc.com\\\/sl\\\/product\\\/kupi-belo-dekletsko-kopalno-sol\\\/\"]}]},{\"@type\":\"ImageObject\",\"inLanguage\":\"en-US\",\"@id\":\"https:\\\/\\\/medicinasinc.com\\\/sl\\\/product\\\/kupi-belo-dekletsko-kopalno-sol\\\/#primaryimage\",\"url\":\"https:\\\/\\\/medicinasinc.com\\\/sl\\\/wp-content\\\/uploads\\\/sites\\\/7\\\/2022\\\/02\\\/Buy-White-Girl-Bath-Salt.jpg\",\"contentUrl\":\"https:\\\/\\\/medicinasinc.com\\\/sl\\\/wp-content\\\/uploads\\\/sites\\\/7\\\/2022\\\/02\\\/Buy-White-Girl-Bath-Salt.jpg\",\"width\":600,\"height\":600},{\"@type\":\"BreadcrumbList\",\"@id\":\"https:\\\/\\\/medicinasinc.com\\\/sl\\\/product\\\/kupi-belo-dekletsko-kopalno-sol\\\/#breadcrumb\",\"itemListElement\":[{\"@type\":\"ListItem\",\"position\":1,\"name\":\"Nakupujte\",\"item\":\"https:\\\/\\\/medicinasinc.com\\\/sl\\\/nakupujte\\\/\"},{\"@type\":\"ListItem\",\"position\":2,\"name\":\"Kupite kopalno sol za belo dekle\"}]},{\"@type\":\"WebSite\",\"@id\":\"https:\\\/\\\/medicinasinc.com\\\/sl\\\/#website\",\"url\":\"https:\\\/\\\/medicinasinc.com\\\/sl\\\/\",\"name\":\"Medicinas Inc\",\"description\":\"Health Medical Clinic\",\"potentialAction\":[{\"@type\":\"SearchAction\",\"target\":{\"@type\":\"EntryPoint\",\"urlTemplate\":\"https:\\\/\\\/medicinasinc.com\\\/sl\\\/?s={search_term_string}\"},\"query-input\":{\"@type\":\"PropertyValueSpecification\",\"valueRequired\":true,\"valueName\":\"search_term_string\"}}],\"inLanguage\":\"en-US\"}]}<\/script>\n<!-- \/ Yoast SEO plugin. -->","yoast_head_json":{"title":"Kupite kopalno sol White Girl - kopalno sol za prodajo - Best Global Meds","description":"i\u0161\u010dete kupiti kopalno sol White Girl za prodajo v Veliki Britaniji, Evropi v na\u0161i trgovini Bestglobalmeds.com s hitro dostavo po vsem svetu! Najbolj\u0161o kopalno sol za belo dekle za naro\u010danje boste na\u0161li tukaj!","robots":{"index":"index","follow":"follow","max-snippet":"max-snippet:-1","max-image-preview":"max-image-preview:large","max-video-preview":"max-video-preview:-1"},"canonical":"https:\/\/medicinasinc.com\/sl\/product\/kupi-belo-dekletsko-kopalno-sol\/","og_locale":"en_US","og_type":"article","og_title":"Kupite kopalno sol White Girl - kopalno sol za prodajo - Best Global Meds","og_description":"i\u0161\u010dete kupiti kopalno sol White Girl za prodajo v Veliki Britaniji, Evropi v na\u0161i trgovini Bestglobalmeds.com s hitro dostavo po vsem svetu! Najbolj\u0161o kopalno sol za belo dekle za naro\u010danje boste na\u0161li tukaj!","og_url":"https:\/\/medicinasinc.com\/sl\/product\/kupi-belo-dekletsko-kopalno-sol\/","og_site_name":"Medicinas Inc","article_modified_time":"2022-03-19T00:24:47+00:00","og_image":[{"width":600,"height":600,"url":"https:\/\/medicinasinc.com\/sl\/wp-content\/uploads\/sites\/7\/2022\/02\/Buy-White-Girl-Bath-Salt.jpg","type":"image\/jpeg"}],"twitter_card":"summary_large_image","twitter_misc":{"Est. reading time":"2 minutes"},"schema":{"@context":"https:\/\/schema.org","@graph":[{"@type":"WebPage","@id":"https:\/\/medicinasinc.com\/sl\/product\/kupi-belo-dekletsko-kopalno-sol\/","url":"https:\/\/medicinasinc.com\/sl\/product\/kupi-belo-dekletsko-kopalno-sol\/","name":"Kupite kopalno sol White Girl - kopalno sol za prodajo - Best Global Meds","isPartOf":{"@id":"https:\/\/medicinasinc.com\/sl\/#website"},"primaryImageOfPage":{"@id":"https:\/\/medicinasinc.com\/sl\/product\/kupi-belo-dekletsko-kopalno-sol\/#primaryimage"},"image":{"@id":"https:\/\/medicinasinc.com\/sl\/product\/kupi-belo-dekletsko-kopalno-sol\/#primaryimage"},"thumbnailUrl":"https:\/\/medicinasinc.com\/sl\/wp-content\/uploads\/sites\/7\/2022\/02\/Buy-White-Girl-Bath-Salt.jpg","datePublished":"2022-02-22T02:46:09+00:00","dateModified":"2022-03-19T00:24:47+00:00","description":"i\u0161\u010dete kupiti kopalno sol White Girl za prodajo v Veliki Britaniji, Evropi v na\u0161i trgovini Bestglobalmeds.com s hitro dostavo po vsem svetu! Najbolj\u0161o kopalno sol za belo dekle za naro\u010danje boste na\u0161li tukaj!","breadcrumb":{"@id":"https:\/\/medicinasinc.com\/sl\/product\/kupi-belo-dekletsko-kopalno-sol\/#breadcrumb"},"inLanguage":"en-US","potentialAction":[{"@type":"ReadAction","target":["https:\/\/medicinasinc.com\/sl\/product\/kupi-belo-dekletsko-kopalno-sol\/"]}]},{"@type":"ImageObject","inLanguage":"en-US","@id":"https:\/\/medicinasinc.com\/sl\/product\/kupi-belo-dekletsko-kopalno-sol\/#primaryimage","url":"https:\/\/medicinasinc.com\/sl\/wp-content\/uploads\/sites\/7\/2022\/02\/Buy-White-Girl-Bath-Salt.jpg","contentUrl":"https:\/\/medicinasinc.com\/sl\/wp-content\/uploads\/sites\/7\/2022\/02\/Buy-White-Girl-Bath-Salt.jpg","width":600,"height":600},{"@type":"BreadcrumbList","@id":"https:\/\/medicinasinc.com\/sl\/product\/kupi-belo-dekletsko-kopalno-sol\/#breadcrumb","itemListElement":[{"@type":"ListItem","position":1,"name":"Nakupujte","item":"https:\/\/medicinasinc.com\/sl\/nakupujte\/"},{"@type":"ListItem","position":2,"name":"Kupite kopalno sol za belo dekle"}]},{"@type":"WebSite","@id":"https:\/\/medicinasinc.com\/sl\/#website","url":"https:\/\/medicinasinc.com\/sl\/","name":"Medicinas Inc","description":"Health Medical Clinic","potentialAction":[{"@type":"SearchAction","target":{"@type":"EntryPoint","urlTemplate":"https:\/\/medicinasinc.com\/sl\/?s={search_term_string}"},"query-input":{"@type":"PropertyValueSpecification","valueRequired":true,"valueName":"search_term_string"}}],"inLanguage":"en-US"}]}},"_links":{"self":[{"href":"https:\/\/medicinasinc.com\/sl\/wp-json\/wp\/v2\/product\/5615","targetHints":{"allow":["GET"]}}],"collection":[{"href":"https:\/\/medicinasinc.com\/sl\/wp-json\/wp\/v2\/product"}],"about":[{"href":"https:\/\/medicinasinc.com\/sl\/wp-json\/wp\/v2\/types\/product"}],"replies":[{"embeddable":true,"href":"https:\/\/medicinasinc.com\/sl\/wp-json\/wp\/v2\/comments?post=5615"}],"wp:featuredmedia":[{"embeddable":true,"href":"https:\/\/medicinasinc.com\/sl\/wp-json\/wp\/v2\/media\/5625"}],"wp:attachment":[{"href":"https:\/\/medicinasinc.com\/sl\/wp-json\/wp\/v2\/media?parent=5615"}],"wp:term":[{"taxonomy":"product_brand","embeddable":true,"href":"https:\/\/medicinasinc.com\/sl\/wp-json\/wp\/v2\/product_brand?post=5615"},{"taxonomy":"product_cat","embeddable":true,"href":"https:\/\/medicinasinc.com\/sl\/wp-json\/wp\/v2\/product_cat?post=5615"},{"taxonomy":"product_tag","embeddable":true,"href":"https:\/\/medicinasinc.com\/sl\/wp-json\/wp\/v2\/product_tag?post=5615"}],"curies":[{"name":"wp","href":"https:\/\/api.w.org\/{rel}","templated":true}]}}