{"id":5614,"date":"2022-02-22T02:44:39","date_gmt":"2022-02-22T02:44:39","guid":{"rendered":"https:\/\/medicinasinc.com\/sl\/?post_type=product&#038;p=5614"},"modified":"2022-03-19T00:25:00","modified_gmt":"2022-03-19T00:25:00","slug":"kupi-bk-etil-k-kristale","status":"publish","type":"product","link":"https:\/\/medicinasinc.com\/sl\/product\/kupi-bk-etil-k-kristale\/","title":{"rendered":"Kupite bk-Ethyl-K kristale"},"content":{"rendered":"<p>Kupite bk-Ethyl-K Chemical na spletu pri veletrgovcu.<\/p>\n<p>kemikalijo bk-Ethyl-K lahko kupite v razsutem stanju.<\/p>\n<p>BKK-etil-k<\/p>\n<p>Poznan je tudi kot etilon, ki je energizer entaktogena. Pogosto se imenuje 3,4-metilendioksi-N-etilkatinon, vendar to ni vedno pravilno ime. Etilon se imenuje 1-(1,3-benzodioksol-5-il)-2-(metilamino)-1-propanon, ker ima uporabno ime. Formula: C12H15NO3 ima normalno maso 221,251999 Da in monoizotopno maso 221,104996 Da. To je subnuklearna formula. Najbolj\u0161e mesto za nakup etilena je Kitajska. Etilon je dragocen kamen, ki ga je mogo\u010de kupiti. Kupite etilne kamne, ki so dragoceni. Dobavitelj etilona. Kupite etilen s popustom. popust Etilon<\/p>\n<p>Novi stimulans bk-Ethyl-K je zdravilo, ki ga je izdelal oblikovalec. Je analog amfetamina. Na carini z novo formulo ni te\u017eav.<\/p>\n<table class=\"t1\" cellspacing=\"0\" cellpadding=\"0\">\n<tbody>\n<tr>\n<td class=\"td1\" valign=\"top \">\n<p class=\"p3\"><span class=\"s1\"><b>Sopomenke<\/b><\/span><\/p>\n<\/td>\n<td class=\"td2\" valign=\"top\">\n<p class=\"p3\"><a href=\"https:\/\/www.bestglobalmeds.com\/product\/research-chemicals\/buy-bk-ethyl-k-crystals\/\"><span class=\"s1\"> bk-Ethyl-K<\/span><\/a><\/p>\n<\/td>\n<\/tr>\n<tr>\n<td class=\"td3\" valign=\"top\">\n<p class=\"p3\"><span class=\"s1\"><b>IUPAC<\/b><\/span><\/p>\n<\/td>\n<td class=\"td4\" valign=\"top\">\n<p class=\"p3\"><span class=\"s1\">1-(benzo[d][1,3]dioksol-5-il)-2-(etilamino)pentan-1-on<\/span><\/p>\n<\/td>\n<\/tr>\n<tr>\n<td class=\"td1\" valign=\"top\">\n<p class=\"p3\"><span class=\"s1\"><b>Formula<\/b><\/span><\/p>\n<\/td>\n<td class=\"td2\" valign=\"top\">\n<p class=\"p3\"><span class=\"s1\">Ne<\/span><\/p>\n<\/td>\n<\/tr>\n<tr>\n<td class=\"td3\" valign=\"top\">\n<p class=\"p3\"><span class=\"s1\"><b>Molekulska te\u017ea<\/b><\/span><\/p>\n<\/td>\n<td class=\"td4\" valign=\"top\">\n<p class=\"p3\"><span class=\"s1\">Ne <\/span><\/p>\n<\/td>\n<\/tr>\n<tr>\n<td class=\"td1\" valign=\"top\">\n<p class=\"p3\"><span class=\"s1\"><b>CAS<\/b><\/span><\/p>\n<\/td>\n<td class=\"td2\" valign=\"top\">\n<p class=\"p3\"><span class=\"s1\">Ne<\/span><\/p>\n<\/td>\n<\/tr>\n<tr>\n<td class=\"td3\" valign=\"top\">\n<p class=\"p3\"><span class=\"s1\"><b>Videz <\/b><\/span><\/p>\n<\/td>\n<td class=\"td4\" valign=\"top\">\n<p class=\"p3\"><span class=\"s1\">Ne<\/span> <\/p>\n<\/td>\n<\/tr>\n<tr>\n<td class=\"td1\" valign=\"top\">\n<p class=\"p3\"><span class=\"s1\"><b>\u010cistost<\/p>\n<p> b&gt;<\/span><\/p>\n<\/td>\n<td class=\"td2\" valign=\"top\">\n<p class=\"p3\"><span class=\"s1\">\u2265 99 %<\/span> <\/p>\n<\/td>\n<\/tr>\n<\/tbody>\n<\/table>\n<p><img loading=\"lazy\" decoding=\"async\" class=\"alignnone wp-image-923 size-full lazyloaded\" style=\"border: 0px;vertical-align: sredina;max-width: 100%\" src=\"https:\/\/i2.wp.com\/chemspro.com\/wp-content\/uploads\/sites\/7\/2017\/04\/bk-ethyl-k- e1570866136196.jpg?resize=260%2C185&amp;ssl=1\" alt=\"bk-Ethyl-K \" width=\"260\" height=\"185\" data-attachment-id=\"923\" data-permalink=\"https:\/ \/chemspro.com\/stimulants\/bk-ethyl-k-crystals.html \/attachment\/bk-ethyl-k\" data-orig-file=\"https:\/\/i2.wp.com\/chemspro.com\/wp-content\/uploads\/sites\/7\/2017\/04\/bk-ethyl-k- e1570866136196.jpg?fit=260%2C185&amp;ssl=1\" data-orig-size=\"260,185\" data-comments-opened=\"1\" \/><\/p>\n<p>Ljudje, ki kupujejo Bk-Ethyl-K od tega spletno mesto naj ga uporablja za raziskave in forenziko. Bk- Etil-K je del kemi\u010dnih dru\u017ein katinona in amfetamina. To je te\u017ea formule: 285,8 g-mol<\/p>\n<p>Nih\u010de ne ve, kaj se bo zgodilo z vami po jemanju bk-Ethyl-K, vendar jih je morda nekaj.<\/p>\n<p>Popolno. kemijsko ime je bk-Etil-K: 1-(benzo [d] [1,3] dioksol-5-il) -2-(etilamino) pentan-1-on je prvi.<\/p>\n<p> Skladi\u0161\u010denje: na hladnem in suhem mestu. Izrazi bk-Ethyl-K lahko trajajo do dve leti, \u010de so pravilno shranjeni.<\/p>\n","protected":false},"excerpt":{"rendered":"<div class=\"woocommerce-product-details__short-description\">\n<p>V na\u0161i trgovini Bestglobalmeds.com lahko kupite poceni bk-Ethyl-K kristale za prodajo v Zdru\u017eenem kraljestvu, Evropi in po vsem svetu! Tukaj lahko kupite najbolj\u0161e kristale bk-Ethyl-K po naro\u010dilu.<\/p>\n<p>Kupite bk-Ethyl-K Chemical na spletu pri veleprodaji. poceni raziskovalne kemikalije, ki imajo najbolj\u0161o \u010distost za raziskave<\/p>\n<p>.<\/p>\n<\/p><\/div>\n","protected":false},"featured_media":5623,"comment_status":"open","ping_status":"closed","template":"","meta":[],"product_brand":[],"product_cat":[2014],"product_tag":[3281,3283,3284,3289,3286,3290,3291,3285,3292,3293,3295,3294,3297,3282,3296,3288,3287,3298],"class_list":{"0":"post-5614","1":"product","2":"type-product","3":"status-publish","4":"has-post-thumbnail","6":"product_cat-nakup-raziskave-kemikalije","7":"product_tag-best-bk-ethyl-k-crystals-wholesale","8":"product_tag-best-place-to-buy-mxe","9":"product_tag-bk-ethyl-k-crystals","10":"product_tag-bk-ethyl-k-crystals-kufen","11":"product_tag-bk-etil-k-kristali-kupi-evropa","12":"product_tag-bk-ethyl-k-crystals-order","13":"product_tag-bk-ethyl-k-crystals-reddit","14":"product_tag-bk-etil-k-kristali-skodelica","15":"product_tag-buy-bk-ethyl-k-crystals","16":"product_tag-buy-bk-ethyl-k-crystals-europe","17":"product_tag-dmt-naroilo","18":"product_tag-kupi-bk-etil-k-kristali-uk","19":"product_tag-maloprodaja-bk-etil-k-kristali","20":"product_tag-najbolje-mesto-za-nakup-bk-etil-k-kristalov","21":"product_tag-order-bk-ethyl-k-crystals-uk","22":"product_tag-bk-etil-k-kristali-za-prodajo","23":"product_tag-bk-etil-k-kristali-uinek","24":"product_tag-wholesale-bk-ethyl-k-crystals","26":"first","27":"instock","28":"shipping-taxable","29":"purchasable","30":"product-type-variable","31":"has-default-attributes"},"yoast_head":"<!-- This site is optimized with the Yoast SEO plugin v27.3 - https:\/\/yoast.com\/product\/yoast-seo-wordpress\/ -->\n<title>Kupite kristale bk-Ethyl-K - bk-Ethyl-K na spletu - najbolj\u0161a zdravila na svetu<\/title>\n<meta name=\"description\" content=\"i\u0161\u010dete kupiti poceni bk-Ethyl-K kristale za prodajo UK, Evropa v na\u0161i Bestglobalmeds trgovini s hitro dostavo po vsem svetu! Najbolj\u0161e bk-Ethyl-K kristale za naro\u010danje boste na\u0161li tukaj!\" \/>\n<meta name=\"robots\" content=\"index, follow, max-snippet:-1, max-image-preview:large, max-video-preview:-1\" \/>\n<link rel=\"canonical\" href=\"https:\/\/medicinasinc.com\/sl\/product\/kupi-bk-etil-k-kristale\/\" \/>\n<meta property=\"og:locale\" content=\"en_US\" \/>\n<meta property=\"og:type\" content=\"article\" \/>\n<meta property=\"og:title\" content=\"Kupite kristale bk-Ethyl-K - bk-Ethyl-K na spletu - najbolj\u0161a zdravila na svetu\" \/>\n<meta property=\"og:description\" content=\"i\u0161\u010dete kupiti poceni bk-Ethyl-K kristale za prodajo UK, Evropa v na\u0161i Bestglobalmeds trgovini s hitro dostavo po vsem svetu! Najbolj\u0161e bk-Ethyl-K kristale za naro\u010danje boste na\u0161li tukaj!\" \/>\n<meta property=\"og:url\" content=\"https:\/\/medicinasinc.com\/sl\/product\/kupi-bk-etil-k-kristale\/\" \/>\n<meta property=\"og:site_name\" content=\"Medicinas Inc\" \/>\n<meta property=\"article:modified_time\" content=\"2022-03-19T00:25:00+00:00\" \/>\n<meta property=\"og:image\" content=\"https:\/\/medicinasinc.com\/sl\/wp-content\/uploads\/sites\/7\/2022\/02\/Buy-bk-Ethyl-K-Crystals.jpg\" \/>\n\t<meta property=\"og:image:width\" content=\"600\" \/>\n\t<meta property=\"og:image:height\" content=\"600\" \/>\n\t<meta property=\"og:image:type\" content=\"image\/jpeg\" \/>\n<meta name=\"twitter:card\" content=\"summary_large_image\" \/>\n<meta name=\"twitter:label1\" content=\"Est. reading time\" \/>\n\t<meta name=\"twitter:data1\" content=\"2 minutes\" \/>\n<script type=\"application\/ld+json\" class=\"yoast-schema-graph\">{\"@context\":\"https:\\\/\\\/schema.org\",\"@graph\":[{\"@type\":\"WebPage\",\"@id\":\"https:\\\/\\\/medicinasinc.com\\\/sl\\\/product\\\/kupi-bk-etil-k-kristale\\\/\",\"url\":\"https:\\\/\\\/medicinasinc.com\\\/sl\\\/product\\\/kupi-bk-etil-k-kristale\\\/\",\"name\":\"Kupite kristale bk-Ethyl-K - bk-Ethyl-K na spletu - najbolj\u0161a zdravila na svetu\",\"isPartOf\":{\"@id\":\"https:\\\/\\\/medicinasinc.com\\\/sl\\\/#website\"},\"primaryImageOfPage\":{\"@id\":\"https:\\\/\\\/medicinasinc.com\\\/sl\\\/product\\\/kupi-bk-etil-k-kristale\\\/#primaryimage\"},\"image\":{\"@id\":\"https:\\\/\\\/medicinasinc.com\\\/sl\\\/product\\\/kupi-bk-etil-k-kristale\\\/#primaryimage\"},\"thumbnailUrl\":\"https:\\\/\\\/medicinasinc.com\\\/sl\\\/wp-content\\\/uploads\\\/sites\\\/7\\\/2022\\\/02\\\/Buy-bk-Ethyl-K-Crystals.jpg\",\"datePublished\":\"2022-02-22T02:44:39+00:00\",\"dateModified\":\"2022-03-19T00:25:00+00:00\",\"description\":\"i\u0161\u010dete kupiti poceni bk-Ethyl-K kristale za prodajo UK, Evropa v na\u0161i Bestglobalmeds trgovini s hitro dostavo po vsem svetu! Najbolj\u0161e bk-Ethyl-K kristale za naro\u010danje boste na\u0161li tukaj!\",\"breadcrumb\":{\"@id\":\"https:\\\/\\\/medicinasinc.com\\\/sl\\\/product\\\/kupi-bk-etil-k-kristale\\\/#breadcrumb\"},\"inLanguage\":\"en-US\",\"potentialAction\":[{\"@type\":\"ReadAction\",\"target\":[\"https:\\\/\\\/medicinasinc.com\\\/sl\\\/product\\\/kupi-bk-etil-k-kristale\\\/\"]}]},{\"@type\":\"ImageObject\",\"inLanguage\":\"en-US\",\"@id\":\"https:\\\/\\\/medicinasinc.com\\\/sl\\\/product\\\/kupi-bk-etil-k-kristale\\\/#primaryimage\",\"url\":\"https:\\\/\\\/medicinasinc.com\\\/sl\\\/wp-content\\\/uploads\\\/sites\\\/7\\\/2022\\\/02\\\/Buy-bk-Ethyl-K-Crystals.jpg\",\"contentUrl\":\"https:\\\/\\\/medicinasinc.com\\\/sl\\\/wp-content\\\/uploads\\\/sites\\\/7\\\/2022\\\/02\\\/Buy-bk-Ethyl-K-Crystals.jpg\",\"width\":600,\"height\":600},{\"@type\":\"BreadcrumbList\",\"@id\":\"https:\\\/\\\/medicinasinc.com\\\/sl\\\/product\\\/kupi-bk-etil-k-kristale\\\/#breadcrumb\",\"itemListElement\":[{\"@type\":\"ListItem\",\"position\":1,\"name\":\"Nakupujte\",\"item\":\"https:\\\/\\\/medicinasinc.com\\\/sl\\\/nakupujte\\\/\"},{\"@type\":\"ListItem\",\"position\":2,\"name\":\"Kupite bk-Ethyl-K kristale\"}]},{\"@type\":\"WebSite\",\"@id\":\"https:\\\/\\\/medicinasinc.com\\\/sl\\\/#website\",\"url\":\"https:\\\/\\\/medicinasinc.com\\\/sl\\\/\",\"name\":\"Medicinas Inc\",\"description\":\"Health Medical Clinic\",\"potentialAction\":[{\"@type\":\"SearchAction\",\"target\":{\"@type\":\"EntryPoint\",\"urlTemplate\":\"https:\\\/\\\/medicinasinc.com\\\/sl\\\/?s={search_term_string}\"},\"query-input\":{\"@type\":\"PropertyValueSpecification\",\"valueRequired\":true,\"valueName\":\"search_term_string\"}}],\"inLanguage\":\"en-US\"}]}<\/script>\n<!-- \/ Yoast SEO plugin. -->","yoast_head_json":{"title":"Kupite kristale bk-Ethyl-K - bk-Ethyl-K na spletu - najbolj\u0161a zdravila na svetu","description":"i\u0161\u010dete kupiti poceni bk-Ethyl-K kristale za prodajo UK, Evropa v na\u0161i Bestglobalmeds trgovini s hitro dostavo po vsem svetu! Najbolj\u0161e bk-Ethyl-K kristale za naro\u010danje boste na\u0161li tukaj!","robots":{"index":"index","follow":"follow","max-snippet":"max-snippet:-1","max-image-preview":"max-image-preview:large","max-video-preview":"max-video-preview:-1"},"canonical":"https:\/\/medicinasinc.com\/sl\/product\/kupi-bk-etil-k-kristale\/","og_locale":"en_US","og_type":"article","og_title":"Kupite kristale bk-Ethyl-K - bk-Ethyl-K na spletu - najbolj\u0161a zdravila na svetu","og_description":"i\u0161\u010dete kupiti poceni bk-Ethyl-K kristale za prodajo UK, Evropa v na\u0161i Bestglobalmeds trgovini s hitro dostavo po vsem svetu! Najbolj\u0161e bk-Ethyl-K kristale za naro\u010danje boste na\u0161li tukaj!","og_url":"https:\/\/medicinasinc.com\/sl\/product\/kupi-bk-etil-k-kristale\/","og_site_name":"Medicinas Inc","article_modified_time":"2022-03-19T00:25:00+00:00","og_image":[{"width":600,"height":600,"url":"https:\/\/medicinasinc.com\/sl\/wp-content\/uploads\/sites\/7\/2022\/02\/Buy-bk-Ethyl-K-Crystals.jpg","type":"image\/jpeg"}],"twitter_card":"summary_large_image","twitter_misc":{"Est. reading time":"2 minutes"},"schema":{"@context":"https:\/\/schema.org","@graph":[{"@type":"WebPage","@id":"https:\/\/medicinasinc.com\/sl\/product\/kupi-bk-etil-k-kristale\/","url":"https:\/\/medicinasinc.com\/sl\/product\/kupi-bk-etil-k-kristale\/","name":"Kupite kristale bk-Ethyl-K - bk-Ethyl-K na spletu - najbolj\u0161a zdravila na svetu","isPartOf":{"@id":"https:\/\/medicinasinc.com\/sl\/#website"},"primaryImageOfPage":{"@id":"https:\/\/medicinasinc.com\/sl\/product\/kupi-bk-etil-k-kristale\/#primaryimage"},"image":{"@id":"https:\/\/medicinasinc.com\/sl\/product\/kupi-bk-etil-k-kristale\/#primaryimage"},"thumbnailUrl":"https:\/\/medicinasinc.com\/sl\/wp-content\/uploads\/sites\/7\/2022\/02\/Buy-bk-Ethyl-K-Crystals.jpg","datePublished":"2022-02-22T02:44:39+00:00","dateModified":"2022-03-19T00:25:00+00:00","description":"i\u0161\u010dete kupiti poceni bk-Ethyl-K kristale za prodajo UK, Evropa v na\u0161i Bestglobalmeds trgovini s hitro dostavo po vsem svetu! Najbolj\u0161e bk-Ethyl-K kristale za naro\u010danje boste na\u0161li tukaj!","breadcrumb":{"@id":"https:\/\/medicinasinc.com\/sl\/product\/kupi-bk-etil-k-kristale\/#breadcrumb"},"inLanguage":"en-US","potentialAction":[{"@type":"ReadAction","target":["https:\/\/medicinasinc.com\/sl\/product\/kupi-bk-etil-k-kristale\/"]}]},{"@type":"ImageObject","inLanguage":"en-US","@id":"https:\/\/medicinasinc.com\/sl\/product\/kupi-bk-etil-k-kristale\/#primaryimage","url":"https:\/\/medicinasinc.com\/sl\/wp-content\/uploads\/sites\/7\/2022\/02\/Buy-bk-Ethyl-K-Crystals.jpg","contentUrl":"https:\/\/medicinasinc.com\/sl\/wp-content\/uploads\/sites\/7\/2022\/02\/Buy-bk-Ethyl-K-Crystals.jpg","width":600,"height":600},{"@type":"BreadcrumbList","@id":"https:\/\/medicinasinc.com\/sl\/product\/kupi-bk-etil-k-kristale\/#breadcrumb","itemListElement":[{"@type":"ListItem","position":1,"name":"Nakupujte","item":"https:\/\/medicinasinc.com\/sl\/nakupujte\/"},{"@type":"ListItem","position":2,"name":"Kupite bk-Ethyl-K kristale"}]},{"@type":"WebSite","@id":"https:\/\/medicinasinc.com\/sl\/#website","url":"https:\/\/medicinasinc.com\/sl\/","name":"Medicinas Inc","description":"Health Medical Clinic","potentialAction":[{"@type":"SearchAction","target":{"@type":"EntryPoint","urlTemplate":"https:\/\/medicinasinc.com\/sl\/?s={search_term_string}"},"query-input":{"@type":"PropertyValueSpecification","valueRequired":true,"valueName":"search_term_string"}}],"inLanguage":"en-US"}]}},"_links":{"self":[{"href":"https:\/\/medicinasinc.com\/sl\/wp-json\/wp\/v2\/product\/5614","targetHints":{"allow":["GET"]}}],"collection":[{"href":"https:\/\/medicinasinc.com\/sl\/wp-json\/wp\/v2\/product"}],"about":[{"href":"https:\/\/medicinasinc.com\/sl\/wp-json\/wp\/v2\/types\/product"}],"replies":[{"embeddable":true,"href":"https:\/\/medicinasinc.com\/sl\/wp-json\/wp\/v2\/comments?post=5614"}],"wp:featuredmedia":[{"embeddable":true,"href":"https:\/\/medicinasinc.com\/sl\/wp-json\/wp\/v2\/media\/5623"}],"wp:attachment":[{"href":"https:\/\/medicinasinc.com\/sl\/wp-json\/wp\/v2\/media?parent=5614"}],"wp:term":[{"taxonomy":"product_brand","embeddable":true,"href":"https:\/\/medicinasinc.com\/sl\/wp-json\/wp\/v2\/product_brand?post=5614"},{"taxonomy":"product_cat","embeddable":true,"href":"https:\/\/medicinasinc.com\/sl\/wp-json\/wp\/v2\/product_cat?post=5614"},{"taxonomy":"product_tag","embeddable":true,"href":"https:\/\/medicinasinc.com\/sl\/wp-json\/wp\/v2\/product_tag?post=5614"}],"curies":[{"name":"wp","href":"https:\/\/api.w.org\/{rel}","templated":true}]}}