{"id":5592,"date":"2022-02-22T02:23:26","date_gmt":"2022-02-22T02:23:26","guid":{"rendered":"https:\/\/medicinasinc.com\/sl\/?post_type=product&#038;p=5592"},"modified":"2022-03-19T00:25:09","modified_gmt":"2022-03-19T00:25:09","slug":"buy-eth-lad-powder","status":"publish","type":"product","link":"https:\/\/medicinasinc.com\/sl\/product\/buy-eth-lad-powder\/","title":{"rendered":"Kupite ETH-LAD pra\u0161ek"},"content":{"rendered":"<p>Vir za pridobitev prahu ETH-LAD, ETH-LAD za prodajo<\/p>\n<p>Proizvajalec ETH-LAD prahu na Kitajskem. Dobavitelji in trgovci na debelo s prahom ETH-LAD. Kitajske raziskovalne kemikalije za prodajo: ETH-LAD Powder<\/p>\n<p>Ladd, znan tudi kot ETH-LAD, je cikli\u010dni tetrahidroindol (znan tudi kot ETH-LAD ali ETH-LAD).<\/p>\n<p> Kinolin-9-karboksamid, \u010dlan dru\u017eine lisergamidov. ETH-LAD je analog LSD, ki je raziskovalni skupnosti na voljo \u0161ele v zadnjem \u010dasu, kar odpira \u0161tevilne mo\u017enosti za preu\u010devanje njegovih u\u010dinkov. Kot je podrobno opisano v knjigi TiHKAL Aleksandra Shulgina v sedemdesetih letih prej\u0161njega stoletja, je ETH-LAD sintetizirala japonska raziskovalna skupina v sedemdesetih letih.<\/p>\n<p>Opis izdelka:<\/p>\n<p>Okraje izvora: Kitajska; Nizozemska; Litva; Zdru\u017eene dr\u017eave Amerike<br \/> ETH-LAD Powder je njegovo uradno ime.<br \/> MF: Trenutno ni\u010d.<br \/> \u010cistost: ve\u010dja ali enaka 99,5 odstotka<br \/> Po videzu pihala<br \/> Vre\u010dka iz plasti\u010dne ali aluminijaste folije za pakiranje<\/p>\n<p>Pogoji pla\u010dila:<\/p>\n<p>Najmanj\u0161a koli\u010dina naro\u010dila je deset enot. Pla\u010dajte z Bitcoin, Money Gramom, ban\u010dnim nakazilom ali katero koli drugo metodo.<\/p>\n<p>Vzorci so na voljo brezpla\u010dno.<\/p>\n<p>Brezpla\u010dni vzorci bonusov so vedno vklju\u010deni v vsako naro\u010dilo. Pet razli\u010dnih predmetov, od katerih vsak tehta dva grama.<br \/> Vzor\u010dni komplet 10 ali ve\u010d izdelkov, ki tehta 5-10 gramov vsakega, stane 400 $ in vklju\u010duje dostavo. Za naro\u010dilo nas kontaktirajte.<\/p>\n<p>Pogoji dostave in po\u0161iljanja:<\/p>\n<p>Po prejemu pla\u010dila bodo izdelki odposlani v enem delovnem dnevu.<br \/> UPS, EMS, Za po\u0161iljanje artiklov bodo uporabljeni DHL, TNT ali FEDEX. Za vsako dr\u017eavo bomo izbrali najbolj\u0161ega kurirja in najvarnej\u0161i na\u010din po\u0161iljanja za vas.<br \/> 5.-14 dni za \u010das dostave EMS. 4-7 dni za DHL, UPS in FedEx.<br \/> Rusija, Avstralija in Kanada imajo stroge carinske predpise, pri katerih vam lahko pomagamo.<br \/> V ve\u010dini primerov boste naro\u010dilo prejeli v \u0161tirih na sedem dni. Predmeti bodo ponovno poslani, \u010de se izgubijo ali iz kakr\u0161nega koli razloga ne prejmejo.<\/p>\n<p>\u010ce potrebujete kakr\u0161ne koli druge informacije, nas kontaktirajte.<\/p>\n<p>Opomba:<\/p>\n<p>Mi smo imajo veliko globalno bazo strank in se veselimo dolgoro\u010dnega sodelovanja z vami. Za dodatne informacije nas kontaktirajte. Naredili bomo vse, kar je v na\u0161i mo\u010di, da vam pomagamo. Najlep\u0161a hvala!<\/p>\n","protected":false},"excerpt":{"rendered":"<div class=\"g\">\n<div data-hveid=\"CAUQAA\" data-ved=\"2ahUKEwiXmcfFl6nzAhVLQEEAHXkQAPMQFSgAegQIBRAA\">\n<div class=\"tF2Cxc\">\n<div class=\"IsZvec\">\n<div>\n<p>Na\u0161i najbolj\u0161i na spletu Trgovina ponuja hitro dostavo pra\u0161ka ETH-LAD po vsem svetu, ki je proizveden v Evropi in Zdru\u017eenem kraljestvu. Tukaj poi\u0161\u010dite najbolj\u0161i pra\u0161ek ETH-LAD na trgu.<br \/> Distributer farmacevtskih vmesnih produktov in raziskovalnih kemikalij kitajskega dobavitelja prahu ETH-LAD<br \/> Pra\u0161ek ETH-LAD lahko kupite na tem spletnem mestu. <br \/> Evropski dobavitelj pra\u0161ka ETH-LAD.<br \/> Analog LSD, imenovan ETH-LAD Powder, je mogo\u010de kupiti na spletu.<br \/> Podobno kot LSD je tudi ETH-LAD halucinogena snov.<\/p>\n<p>LSD analogni ETH-LAD prah. Aktivni odmerek ETH-LAD, psihedeli\u010dnega zdravila z razponom mo\u010di med 20 in 150 mikrogrami, je primerljiv z LSD.<\/p>\n<p>ETH-LAD v prahu je na voljo za nakup.<\/p>\n<p>Dietilamid 6-etil-6-nor-lizergi\u010dne kisline IUPAC je ETH-LAD prah<\/p>\n<p>Naro\u010dila bodo poslana iz naslednjih dr\u017eav: Francije, Nem\u010dije, Zdru\u017eenega kraljestva in \u0160vedske.<\/p>\n<\/p><\/div>\n<\/p><\/div>\n<\/p><\/div>\n<\/p><\/div>\n<\/p><\/div>\n","protected":false},"featured_media":5604,"comment_status":"open","ping_status":"closed","template":"","meta":[],"product_brand":[],"product_cat":[2014],"product_tag":[3263,3266,3265,3270,3271,3272,3273,3274,3268,3277,3276,3275,3269,3278,3264,3267,3279,3280],"class_list":{"0":"post-5592","1":"product","2":"type-product","3":"status-publish","4":"has-post-thumbnail","6":"product_cat-nakup-raziskave-kemikalije","7":"product_tag-buy-eth-lad-powder","8":"product_tag-eth-lad-effect","9":"product_tag-eth-lad-buy","10":"product_tag-eth-lad-powder-europe","11":"product_tag-eth-lad-powder-for-sale","12":"product_tag-eth-lad-powder-retail","13":"product_tag-eth-lad-powder-uk","14":"product_tag-eth-lad-powder-veleprodaja","15":"product_tag-eth-lad-powder","16":"product_tag-eth-lad-review","17":"product_tag-eth-lad-retails","18":"product_tag-eth-lad-reddit","19":"product_tag-eth-lad-powder-u-c4-8dinek","20":"product_tag-eth-lad-veleprodaja","21":"product_tag-buy-eth-lad-powder-uk","22":"product_tag-eth-lad-red","23":"product_tag-order-eth-lad-powder","24":"product_tag-where-to-buy-eth-lad-powder","26":"first","27":"instock","28":"shipping-taxable","29":"purchasable","30":"product-type-variable","31":"has-default-attributes"},"yoast_head":"<!-- This site is optimized with the Yoast SEO plugin v27.2 - https:\/\/yoast.com\/product\/yoast-seo-wordpress\/ -->\n<title>Kupite ETH-LAD pra\u0161ek - ETH-LAD pra\u0161ek na spletu - Najbolj\u0161a zdravila v svetu<\/title>\n<meta name=\"description\" content=\"Kupite ETH-LAD prah Evropa, UK na spletu v na\u0161i spletni trgovini Bestglobalmeds s hitro dostavo po vsem svetu! Najbolj\u0161i ETH-LAD prah za naro\u010danje boste na\u0161li tukaj!\" \/>\n<meta name=\"robots\" content=\"index, follow, max-snippet:-1, max-image-preview:large, max-video-preview:-1\" \/>\n<link rel=\"canonical\" href=\"https:\/\/medicinasinc.com\/sl\/product\/buy-eth-lad-powder\/\" \/>\n<meta property=\"og:locale\" content=\"en_US\" \/>\n<meta property=\"og:type\" content=\"article\" \/>\n<meta property=\"og:title\" content=\"Kupite ETH-LAD pra\u0161ek - ETH-LAD pra\u0161ek na spletu - Najbolj\u0161a zdravila v svetu\" \/>\n<meta property=\"og:description\" content=\"Kupite ETH-LAD prah Evropa, UK na spletu v na\u0161i spletni trgovini Bestglobalmeds s hitro dostavo po vsem svetu! Najbolj\u0161i ETH-LAD prah za naro\u010danje boste na\u0161li tukaj!\" \/>\n<meta property=\"og:url\" content=\"https:\/\/medicinasinc.com\/sl\/product\/buy-eth-lad-powder\/\" \/>\n<meta property=\"og:site_name\" content=\"Medicinas Inc\" \/>\n<meta property=\"article:modified_time\" content=\"2022-03-19T00:25:09+00:00\" \/>\n<meta property=\"og:image\" content=\"https:\/\/medicinasinc.com\/sl\/wp-content\/uploads\/sites\/7\/2022\/02\/Buy-ETH-LAD-Powder.jpg\" \/>\n\t<meta property=\"og:image:width\" content=\"600\" \/>\n\t<meta property=\"og:image:height\" content=\"600\" \/>\n\t<meta property=\"og:image:type\" content=\"image\/jpeg\" \/>\n<meta name=\"twitter:card\" content=\"summary_large_image\" \/>\n<meta name=\"twitter:label1\" content=\"Est. reading time\" \/>\n\t<meta name=\"twitter:data1\" content=\"2 minutes\" \/>\n<script type=\"application\/ld+json\" class=\"yoast-schema-graph\">{\"@context\":\"https:\/\/schema.org\",\"@graph\":[{\"@type\":\"WebPage\",\"@id\":\"https:\/\/medicinasinc.com\/sl\/product\/buy-eth-lad-powder\/\",\"url\":\"https:\/\/medicinasinc.com\/sl\/product\/buy-eth-lad-powder\/\",\"name\":\"Kupite ETH-LAD pra\u0161ek - ETH-LAD pra\u0161ek na spletu - Najbolj\u0161a zdravila v svetu\",\"isPartOf\":{\"@id\":\"https:\/\/medicinasinc.com\/sl\/#website\"},\"primaryImageOfPage\":{\"@id\":\"https:\/\/medicinasinc.com\/sl\/product\/buy-eth-lad-powder\/#primaryimage\"},\"image\":{\"@id\":\"https:\/\/medicinasinc.com\/sl\/product\/buy-eth-lad-powder\/#primaryimage\"},\"thumbnailUrl\":\"https:\/\/medicinasinc.com\/sl\/wp-content\/uploads\/sites\/7\/2022\/02\/Buy-ETH-LAD-Powder.jpg\",\"datePublished\":\"2022-02-22T02:23:26+00:00\",\"dateModified\":\"2022-03-19T00:25:09+00:00\",\"description\":\"Kupite ETH-LAD prah Evropa, UK na spletu v na\u0161i spletni trgovini Bestglobalmeds s hitro dostavo po vsem svetu! Najbolj\u0161i ETH-LAD prah za naro\u010danje boste na\u0161li tukaj!\",\"breadcrumb\":{\"@id\":\"https:\/\/medicinasinc.com\/sl\/product\/buy-eth-lad-powder\/#breadcrumb\"},\"inLanguage\":\"en-US\",\"potentialAction\":[{\"@type\":\"ReadAction\",\"target\":[\"https:\/\/medicinasinc.com\/sl\/product\/buy-eth-lad-powder\/\"]}]},{\"@type\":\"ImageObject\",\"inLanguage\":\"en-US\",\"@id\":\"https:\/\/medicinasinc.com\/sl\/product\/buy-eth-lad-powder\/#primaryimage\",\"url\":\"https:\/\/medicinasinc.com\/sl\/wp-content\/uploads\/sites\/7\/2022\/02\/Buy-ETH-LAD-Powder.jpg\",\"contentUrl\":\"https:\/\/medicinasinc.com\/sl\/wp-content\/uploads\/sites\/7\/2022\/02\/Buy-ETH-LAD-Powder.jpg\",\"width\":600,\"height\":600},{\"@type\":\"BreadcrumbList\",\"@id\":\"https:\/\/medicinasinc.com\/sl\/product\/buy-eth-lad-powder\/#breadcrumb\",\"itemListElement\":[{\"@type\":\"ListItem\",\"position\":1,\"name\":\"Nakupujte\",\"item\":\"https:\/\/medicinasinc.com\/sl\/nakupujte\/\"},{\"@type\":\"ListItem\",\"position\":2,\"name\":\"Kupite ETH-LAD pra\u0161ek\"}]},{\"@type\":\"WebSite\",\"@id\":\"https:\/\/medicinasinc.com\/sl\/#website\",\"url\":\"https:\/\/medicinasinc.com\/sl\/\",\"name\":\"Medicinas Inc\",\"description\":\"Health Medical Clinic\",\"potentialAction\":[{\"@type\":\"SearchAction\",\"target\":{\"@type\":\"EntryPoint\",\"urlTemplate\":\"https:\/\/medicinasinc.com\/sl\/?s={search_term_string}\"},\"query-input\":{\"@type\":\"PropertyValueSpecification\",\"valueRequired\":true,\"valueName\":\"search_term_string\"}}],\"inLanguage\":\"en-US\"}]}<\/script>\n<!-- \/ Yoast SEO plugin. -->","yoast_head_json":{"title":"Kupite ETH-LAD pra\u0161ek - ETH-LAD pra\u0161ek na spletu - Najbolj\u0161a zdravila v svetu","description":"Kupite ETH-LAD prah Evropa, UK na spletu v na\u0161i spletni trgovini Bestglobalmeds s hitro dostavo po vsem svetu! Najbolj\u0161i ETH-LAD prah za naro\u010danje boste na\u0161li tukaj!","robots":{"index":"index","follow":"follow","max-snippet":"max-snippet:-1","max-image-preview":"max-image-preview:large","max-video-preview":"max-video-preview:-1"},"canonical":"https:\/\/medicinasinc.com\/sl\/product\/buy-eth-lad-powder\/","og_locale":"en_US","og_type":"article","og_title":"Kupite ETH-LAD pra\u0161ek - ETH-LAD pra\u0161ek na spletu - Najbolj\u0161a zdravila v svetu","og_description":"Kupite ETH-LAD prah Evropa, UK na spletu v na\u0161i spletni trgovini Bestglobalmeds s hitro dostavo po vsem svetu! Najbolj\u0161i ETH-LAD prah za naro\u010danje boste na\u0161li tukaj!","og_url":"https:\/\/medicinasinc.com\/sl\/product\/buy-eth-lad-powder\/","og_site_name":"Medicinas Inc","article_modified_time":"2022-03-19T00:25:09+00:00","og_image":[{"width":600,"height":600,"url":"https:\/\/medicinasinc.com\/sl\/wp-content\/uploads\/sites\/7\/2022\/02\/Buy-ETH-LAD-Powder.jpg","type":"image\/jpeg"}],"twitter_card":"summary_large_image","twitter_misc":{"Est. reading time":"2 minutes"},"schema":{"@context":"https:\/\/schema.org","@graph":[{"@type":"WebPage","@id":"https:\/\/medicinasinc.com\/sl\/product\/buy-eth-lad-powder\/","url":"https:\/\/medicinasinc.com\/sl\/product\/buy-eth-lad-powder\/","name":"Kupite ETH-LAD pra\u0161ek - ETH-LAD pra\u0161ek na spletu - Najbolj\u0161a zdravila v svetu","isPartOf":{"@id":"https:\/\/medicinasinc.com\/sl\/#website"},"primaryImageOfPage":{"@id":"https:\/\/medicinasinc.com\/sl\/product\/buy-eth-lad-powder\/#primaryimage"},"image":{"@id":"https:\/\/medicinasinc.com\/sl\/product\/buy-eth-lad-powder\/#primaryimage"},"thumbnailUrl":"https:\/\/medicinasinc.com\/sl\/wp-content\/uploads\/sites\/7\/2022\/02\/Buy-ETH-LAD-Powder.jpg","datePublished":"2022-02-22T02:23:26+00:00","dateModified":"2022-03-19T00:25:09+00:00","description":"Kupite ETH-LAD prah Evropa, UK na spletu v na\u0161i spletni trgovini Bestglobalmeds s hitro dostavo po vsem svetu! Najbolj\u0161i ETH-LAD prah za naro\u010danje boste na\u0161li tukaj!","breadcrumb":{"@id":"https:\/\/medicinasinc.com\/sl\/product\/buy-eth-lad-powder\/#breadcrumb"},"inLanguage":"en-US","potentialAction":[{"@type":"ReadAction","target":["https:\/\/medicinasinc.com\/sl\/product\/buy-eth-lad-powder\/"]}]},{"@type":"ImageObject","inLanguage":"en-US","@id":"https:\/\/medicinasinc.com\/sl\/product\/buy-eth-lad-powder\/#primaryimage","url":"https:\/\/medicinasinc.com\/sl\/wp-content\/uploads\/sites\/7\/2022\/02\/Buy-ETH-LAD-Powder.jpg","contentUrl":"https:\/\/medicinasinc.com\/sl\/wp-content\/uploads\/sites\/7\/2022\/02\/Buy-ETH-LAD-Powder.jpg","width":600,"height":600},{"@type":"BreadcrumbList","@id":"https:\/\/medicinasinc.com\/sl\/product\/buy-eth-lad-powder\/#breadcrumb","itemListElement":[{"@type":"ListItem","position":1,"name":"Nakupujte","item":"https:\/\/medicinasinc.com\/sl\/nakupujte\/"},{"@type":"ListItem","position":2,"name":"Kupite ETH-LAD pra\u0161ek"}]},{"@type":"WebSite","@id":"https:\/\/medicinasinc.com\/sl\/#website","url":"https:\/\/medicinasinc.com\/sl\/","name":"Medicinas Inc","description":"Health Medical Clinic","potentialAction":[{"@type":"SearchAction","target":{"@type":"EntryPoint","urlTemplate":"https:\/\/medicinasinc.com\/sl\/?s={search_term_string}"},"query-input":{"@type":"PropertyValueSpecification","valueRequired":true,"valueName":"search_term_string"}}],"inLanguage":"en-US"}]}},"_links":{"self":[{"href":"https:\/\/medicinasinc.com\/sl\/wp-json\/wp\/v2\/product\/5592","targetHints":{"allow":["GET"]}}],"collection":[{"href":"https:\/\/medicinasinc.com\/sl\/wp-json\/wp\/v2\/product"}],"about":[{"href":"https:\/\/medicinasinc.com\/sl\/wp-json\/wp\/v2\/types\/product"}],"replies":[{"embeddable":true,"href":"https:\/\/medicinasinc.com\/sl\/wp-json\/wp\/v2\/comments?post=5592"}],"wp:featuredmedia":[{"embeddable":true,"href":"https:\/\/medicinasinc.com\/sl\/wp-json\/wp\/v2\/media\/5604"}],"wp:attachment":[{"href":"https:\/\/medicinasinc.com\/sl\/wp-json\/wp\/v2\/media?parent=5592"}],"wp:term":[{"taxonomy":"product_brand","embeddable":true,"href":"https:\/\/medicinasinc.com\/sl\/wp-json\/wp\/v2\/product_brand?post=5592"},{"taxonomy":"product_cat","embeddable":true,"href":"https:\/\/medicinasinc.com\/sl\/wp-json\/wp\/v2\/product_cat?post=5592"},{"taxonomy":"product_tag","embeddable":true,"href":"https:\/\/medicinasinc.com\/sl\/wp-json\/wp\/v2\/product_tag?post=5592"}],"curies":[{"name":"wp","href":"https:\/\/api.w.org\/{rel}","templated":true}]}}