{"id":5591,"date":"2022-02-22T02:21:39","date_gmt":"2022-02-22T02:21:39","guid":{"rendered":"https:\/\/medicinasinc.com\/sl\/?post_type=product&#038;p=5591"},"modified":"2022-03-19T00:25:21","modified_gmt":"2022-03-19T00:25:21","slug":"kupi-meksedron-kristal","status":"publish","type":"product","link":"https:\/\/medicinasinc.com\/sl\/product\/kupi-meksedron-kristal\/","title":{"rendered":"Kupite Mexedron Crystal"},"content":{"rendered":"<p>Kupite Mexedrone MXE Crystal na internetu.<\/p>\n<p>Obstaja kemikalija, imenovana Mexedrone, za katero se domneva, da je po\u017eivilo in morebiti evforijan. Imenuje se 3-metoksi-2-(metilamino)-1-(p-tolil)propan-1-on. Mexedrone je nova vrsta mmc.<\/p>\n<p>Cas \u0161t: formula je C12H17NO2. IUPAC je: 3-metoksi-2-(metilamino)-1-(p-tolil) propan-1-on<\/p>\n<div class=\"ProductDescriptionContainer\">\n<p>&nbsp;<\/p>\n<\/p><\/div>\n","protected":false},"excerpt":{"rendered":"<p>Mexedrone Crystal lahko kupite na spletu v Zdru\u017eenem kraljestvu in Evropi. Mexedrone MXE Power, v\u010dasih znan kot MEX ali 4-MMC-Ome, je akronim za Mexedrone MXE. Takoj naro\u010dite pri Best Global Meds!<\/p>\n<p>Kupite Mexedrone Crystal prek spleta z Bitcoin &#8211; varno je in varno.<\/p>\n<p>Na spletu lahko kupite zakonite farmacevtske izdelke, pa tudi raziskovalne spojine, surove farmacevtske kristale in drugo.<\/p>\n<p>Kje kupiti Mexedrone MXE Crystal? Kristal MXE za Mexedron. Poznan tudi kot MEX, 4-MMC-Ome in Mexedrone.<\/p>\n","protected":false},"featured_media":5602,"comment_status":"open","ping_status":"closed","template":"","meta":[],"product_brand":[],"product_cat":[2014],"product_tag":[3249,3250,3251,3252,3253,3254,3255,3256,3257,3258,3259,3260,3261,3262],"class_list":{"0":"post-5591","1":"product","2":"type-product","3":"status-publish","4":"has-post-thumbnail","6":"product_cat-nakup-raziskave-kemikalije","7":"product_tag-buy-mexedrone-crystal","8":"product_tag-buy-mxe-crystal","9":"product_tag-mexedrone-crystal-buy","10":"product_tag-mexedrone-crystal-effect","11":"product_tag-mexedrone-crystal-for-sale","12":"product_tag-mexedrone-crystal-online","13":"product_tag-mexedrone-crystal-order","14":"product_tag-mexedrone-crystal-reddit","15":"product_tag-mexedrone-crystal-retails","16":"product_tag-mexedrone-crystal-wholesale","17":"product_tag-mxe-crystal","18":"product_tag-mxe-crystal-buy","19":"product_tag-mxe-crystal-for-sale","20":"product_tag-mxe-crystal-order","22":"first","23":"instock","24":"shipping-taxable","25":"purchasable","26":"product-type-variable","27":"has-default-attributes"},"yoast_head":"<!-- This site is optimized with the Yoast SEO plugin v27.3 - https:\/\/yoast.com\/product\/yoast-seo-wordpress\/ -->\n<title>Kupite Mexedrone MXE Crystal - najbolj\u0161a zdravila na svetu<\/title>\n<meta name=\"description\" content=\"Kupite Mexedrone Crystal za prodajo v Zdru\u017eenem kraljestvu, Evropa na spletu. Mexedrone MXE Power, Mexedrone, imenovan tudi MEX ali 4-MMC-Ome. Naro\u010dite zdaj pri Best Global Meds\" \/>\n<meta name=\"robots\" content=\"index, follow, max-snippet:-1, max-image-preview:large, max-video-preview:-1\" \/>\n<link rel=\"canonical\" href=\"https:\/\/medicinasinc.com\/sl\/product\/kupi-meksedron-kristal\/\" \/>\n<meta property=\"og:locale\" content=\"en_US\" \/>\n<meta property=\"og:type\" content=\"article\" \/>\n<meta property=\"og:title\" content=\"Kupite Mexedrone MXE Crystal - najbolj\u0161a zdravila na svetu\" \/>\n<meta property=\"og:description\" content=\"Kupite Mexedrone Crystal za prodajo v Zdru\u017eenem kraljestvu, Evropa na spletu. Mexedrone MXE Power, Mexedrone, imenovan tudi MEX ali 4-MMC-Ome. Naro\u010dite zdaj pri Best Global Meds\" \/>\n<meta property=\"og:url\" content=\"https:\/\/medicinasinc.com\/sl\/product\/kupi-meksedron-kristal\/\" \/>\n<meta property=\"og:site_name\" content=\"Medicinas Inc\" \/>\n<meta property=\"article:modified_time\" content=\"2022-03-19T00:25:21+00:00\" \/>\n<meta property=\"og:image\" content=\"https:\/\/medicinasinc.com\/sl\/wp-content\/uploads\/sites\/7\/2022\/02\/Buy-Mexedrone-Crystal.jpg\" \/>\n\t<meta property=\"og:image:width\" content=\"600\" \/>\n\t<meta property=\"og:image:height\" content=\"600\" \/>\n\t<meta property=\"og:image:type\" content=\"image\/jpeg\" \/>\n<meta name=\"twitter:card\" content=\"summary_large_image\" \/>\n<meta name=\"twitter:label1\" content=\"Est. reading time\" \/>\n\t<meta name=\"twitter:data1\" content=\"1 minute\" \/>\n<script type=\"application\/ld+json\" class=\"yoast-schema-graph\">{\"@context\":\"https:\\\/\\\/schema.org\",\"@graph\":[{\"@type\":\"WebPage\",\"@id\":\"https:\\\/\\\/medicinasinc.com\\\/sl\\\/product\\\/kupi-meksedron-kristal\\\/\",\"url\":\"https:\\\/\\\/medicinasinc.com\\\/sl\\\/product\\\/kupi-meksedron-kristal\\\/\",\"name\":\"Kupite Mexedrone MXE Crystal - najbolj\u0161a zdravila na svetu\",\"isPartOf\":{\"@id\":\"https:\\\/\\\/medicinasinc.com\\\/sl\\\/#website\"},\"primaryImageOfPage\":{\"@id\":\"https:\\\/\\\/medicinasinc.com\\\/sl\\\/product\\\/kupi-meksedron-kristal\\\/#primaryimage\"},\"image\":{\"@id\":\"https:\\\/\\\/medicinasinc.com\\\/sl\\\/product\\\/kupi-meksedron-kristal\\\/#primaryimage\"},\"thumbnailUrl\":\"https:\\\/\\\/medicinasinc.com\\\/sl\\\/wp-content\\\/uploads\\\/sites\\\/7\\\/2022\\\/02\\\/Buy-Mexedrone-Crystal.jpg\",\"datePublished\":\"2022-02-22T02:21:39+00:00\",\"dateModified\":\"2022-03-19T00:25:21+00:00\",\"description\":\"Kupite Mexedrone Crystal za prodajo v Zdru\u017eenem kraljestvu, Evropa na spletu. Mexedrone MXE Power, Mexedrone, imenovan tudi MEX ali 4-MMC-Ome. Naro\u010dite zdaj pri Best Global Meds\",\"breadcrumb\":{\"@id\":\"https:\\\/\\\/medicinasinc.com\\\/sl\\\/product\\\/kupi-meksedron-kristal\\\/#breadcrumb\"},\"inLanguage\":\"en-US\",\"potentialAction\":[{\"@type\":\"ReadAction\",\"target\":[\"https:\\\/\\\/medicinasinc.com\\\/sl\\\/product\\\/kupi-meksedron-kristal\\\/\"]}]},{\"@type\":\"ImageObject\",\"inLanguage\":\"en-US\",\"@id\":\"https:\\\/\\\/medicinasinc.com\\\/sl\\\/product\\\/kupi-meksedron-kristal\\\/#primaryimage\",\"url\":\"https:\\\/\\\/medicinasinc.com\\\/sl\\\/wp-content\\\/uploads\\\/sites\\\/7\\\/2022\\\/02\\\/Buy-Mexedrone-Crystal.jpg\",\"contentUrl\":\"https:\\\/\\\/medicinasinc.com\\\/sl\\\/wp-content\\\/uploads\\\/sites\\\/7\\\/2022\\\/02\\\/Buy-Mexedrone-Crystal.jpg\",\"width\":600,\"height\":600},{\"@type\":\"BreadcrumbList\",\"@id\":\"https:\\\/\\\/medicinasinc.com\\\/sl\\\/product\\\/kupi-meksedron-kristal\\\/#breadcrumb\",\"itemListElement\":[{\"@type\":\"ListItem\",\"position\":1,\"name\":\"Nakupujte\",\"item\":\"https:\\\/\\\/medicinasinc.com\\\/sl\\\/nakupujte\\\/\"},{\"@type\":\"ListItem\",\"position\":2,\"name\":\"Kupite Mexedron Crystal\"}]},{\"@type\":\"WebSite\",\"@id\":\"https:\\\/\\\/medicinasinc.com\\\/sl\\\/#website\",\"url\":\"https:\\\/\\\/medicinasinc.com\\\/sl\\\/\",\"name\":\"Medicinas Inc\",\"description\":\"Health Medical Clinic\",\"potentialAction\":[{\"@type\":\"SearchAction\",\"target\":{\"@type\":\"EntryPoint\",\"urlTemplate\":\"https:\\\/\\\/medicinasinc.com\\\/sl\\\/?s={search_term_string}\"},\"query-input\":{\"@type\":\"PropertyValueSpecification\",\"valueRequired\":true,\"valueName\":\"search_term_string\"}}],\"inLanguage\":\"en-US\"}]}<\/script>\n<!-- \/ Yoast SEO plugin. -->","yoast_head_json":{"title":"Kupite Mexedrone MXE Crystal - najbolj\u0161a zdravila na svetu","description":"Kupite Mexedrone Crystal za prodajo v Zdru\u017eenem kraljestvu, Evropa na spletu. Mexedrone MXE Power, Mexedrone, imenovan tudi MEX ali 4-MMC-Ome. Naro\u010dite zdaj pri Best Global Meds","robots":{"index":"index","follow":"follow","max-snippet":"max-snippet:-1","max-image-preview":"max-image-preview:large","max-video-preview":"max-video-preview:-1"},"canonical":"https:\/\/medicinasinc.com\/sl\/product\/kupi-meksedron-kristal\/","og_locale":"en_US","og_type":"article","og_title":"Kupite Mexedrone MXE Crystal - najbolj\u0161a zdravila na svetu","og_description":"Kupite Mexedrone Crystal za prodajo v Zdru\u017eenem kraljestvu, Evropa na spletu. Mexedrone MXE Power, Mexedrone, imenovan tudi MEX ali 4-MMC-Ome. Naro\u010dite zdaj pri Best Global Meds","og_url":"https:\/\/medicinasinc.com\/sl\/product\/kupi-meksedron-kristal\/","og_site_name":"Medicinas Inc","article_modified_time":"2022-03-19T00:25:21+00:00","og_image":[{"width":600,"height":600,"url":"https:\/\/medicinasinc.com\/sl\/wp-content\/uploads\/sites\/7\/2022\/02\/Buy-Mexedrone-Crystal.jpg","type":"image\/jpeg"}],"twitter_card":"summary_large_image","twitter_misc":{"Est. reading time":"1 minute"},"schema":{"@context":"https:\/\/schema.org","@graph":[{"@type":"WebPage","@id":"https:\/\/medicinasinc.com\/sl\/product\/kupi-meksedron-kristal\/","url":"https:\/\/medicinasinc.com\/sl\/product\/kupi-meksedron-kristal\/","name":"Kupite Mexedrone MXE Crystal - najbolj\u0161a zdravila na svetu","isPartOf":{"@id":"https:\/\/medicinasinc.com\/sl\/#website"},"primaryImageOfPage":{"@id":"https:\/\/medicinasinc.com\/sl\/product\/kupi-meksedron-kristal\/#primaryimage"},"image":{"@id":"https:\/\/medicinasinc.com\/sl\/product\/kupi-meksedron-kristal\/#primaryimage"},"thumbnailUrl":"https:\/\/medicinasinc.com\/sl\/wp-content\/uploads\/sites\/7\/2022\/02\/Buy-Mexedrone-Crystal.jpg","datePublished":"2022-02-22T02:21:39+00:00","dateModified":"2022-03-19T00:25:21+00:00","description":"Kupite Mexedrone Crystal za prodajo v Zdru\u017eenem kraljestvu, Evropa na spletu. Mexedrone MXE Power, Mexedrone, imenovan tudi MEX ali 4-MMC-Ome. Naro\u010dite zdaj pri Best Global Meds","breadcrumb":{"@id":"https:\/\/medicinasinc.com\/sl\/product\/kupi-meksedron-kristal\/#breadcrumb"},"inLanguage":"en-US","potentialAction":[{"@type":"ReadAction","target":["https:\/\/medicinasinc.com\/sl\/product\/kupi-meksedron-kristal\/"]}]},{"@type":"ImageObject","inLanguage":"en-US","@id":"https:\/\/medicinasinc.com\/sl\/product\/kupi-meksedron-kristal\/#primaryimage","url":"https:\/\/medicinasinc.com\/sl\/wp-content\/uploads\/sites\/7\/2022\/02\/Buy-Mexedrone-Crystal.jpg","contentUrl":"https:\/\/medicinasinc.com\/sl\/wp-content\/uploads\/sites\/7\/2022\/02\/Buy-Mexedrone-Crystal.jpg","width":600,"height":600},{"@type":"BreadcrumbList","@id":"https:\/\/medicinasinc.com\/sl\/product\/kupi-meksedron-kristal\/#breadcrumb","itemListElement":[{"@type":"ListItem","position":1,"name":"Nakupujte","item":"https:\/\/medicinasinc.com\/sl\/nakupujte\/"},{"@type":"ListItem","position":2,"name":"Kupite Mexedron Crystal"}]},{"@type":"WebSite","@id":"https:\/\/medicinasinc.com\/sl\/#website","url":"https:\/\/medicinasinc.com\/sl\/","name":"Medicinas Inc","description":"Health Medical Clinic","potentialAction":[{"@type":"SearchAction","target":{"@type":"EntryPoint","urlTemplate":"https:\/\/medicinasinc.com\/sl\/?s={search_term_string}"},"query-input":{"@type":"PropertyValueSpecification","valueRequired":true,"valueName":"search_term_string"}}],"inLanguage":"en-US"}]}},"_links":{"self":[{"href":"https:\/\/medicinasinc.com\/sl\/wp-json\/wp\/v2\/product\/5591","targetHints":{"allow":["GET"]}}],"collection":[{"href":"https:\/\/medicinasinc.com\/sl\/wp-json\/wp\/v2\/product"}],"about":[{"href":"https:\/\/medicinasinc.com\/sl\/wp-json\/wp\/v2\/types\/product"}],"replies":[{"embeddable":true,"href":"https:\/\/medicinasinc.com\/sl\/wp-json\/wp\/v2\/comments?post=5591"}],"wp:featuredmedia":[{"embeddable":true,"href":"https:\/\/medicinasinc.com\/sl\/wp-json\/wp\/v2\/media\/5602"}],"wp:attachment":[{"href":"https:\/\/medicinasinc.com\/sl\/wp-json\/wp\/v2\/media?parent=5591"}],"wp:term":[{"taxonomy":"product_brand","embeddable":true,"href":"https:\/\/medicinasinc.com\/sl\/wp-json\/wp\/v2\/product_brand?post=5591"},{"taxonomy":"product_cat","embeddable":true,"href":"https:\/\/medicinasinc.com\/sl\/wp-json\/wp\/v2\/product_cat?post=5591"},{"taxonomy":"product_tag","embeddable":true,"href":"https:\/\/medicinasinc.com\/sl\/wp-json\/wp\/v2\/product_tag?post=5591"}],"curies":[{"name":"wp","href":"https:\/\/api.w.org\/{rel}","templated":true}]}}