{"id":5590,"date":"2022-02-22T02:20:06","date_gmt":"2022-02-22T02:20:06","guid":{"rendered":"https:\/\/medicinasinc.com\/sl\/?post_type=product&#038;p=5590"},"modified":"2022-03-19T00:25:30","modified_gmt":"2022-03-19T00:25:30","slug":"kupi-metiopropamin-v-prahu","status":"publish","type":"product","link":"https:\/\/medicinasinc.com\/sl\/product\/kupi-metiopropamin-v-prahu\/","title":{"rendered":"Kupite metiopropamin v prahu"},"content":{"rendered":"<p><strong>Nakupujte MPA metiopropamin v prahu na internetu.<\/strong><\/p>\n<p>Metiopropamin, znan tudi kot MPA, methedrene in Syndrax, je strukturni analog metamfetamina. Ima tiofenski obro\u010d kot metamfetamin. Metiopropamin naj bi med drugim povzro\u010dal blago evforijo in dvig zavesti. Je pribli\u017eno ena tretjina mo\u010dnej\u0161a od dekstroamfetamina.<\/p>\n<p>\u0160tevilka Cas: 801156-47-8<br \/> Tako deluje formula: C8H13NS<br \/> IUPAC: 1-(Thiofen-2- yl) 2-metilaminopropan je ime.<br \/> Videz:<br \/> \u010cistost:<\/p>\n<div class=\"product-next-previous\">\n<div class=\"product-prev\"><\/div><\/div>\n","protected":false},"excerpt":{"rendered":"<p>V na\u0161i spletni trgovini Bestglobalmeds.com lahko kupite MPA metiopropamin v prahu za prodajo v Zdru\u017eenem kraljestvu, Evropi in po vsem svetu! Imamo najbolj\u0161i MPA metiopropamin naprodaj in lahko ga kupite pri nas!<\/p>\n<p>Nakupujte MPA metiopropamin v prahu na spletu. Metiopropamin je ime zdravila. Enako kot metamfetamin<br \/> 100 do 200 mg je priporo\u010deni odmerek.<\/p>\n<p>Kupite \u010disti, visokokakovosten metiopropamin v prahu na spletu z Bitcoin \u2013 to lahko storite.<\/p>\n<p>Nakupujte legalno. droge na spletu, kupujte raziskovalne kemikalije, surove farmacevtske pra\u0161ke in drugo v trgovini.<\/p>\n<p>Metiopropamin (MPA) je sinteti\u010dna droga, ki je zelo podobna amfetaminu in se je v\u010dasih prodajala kot &#8220;legalna alternativa&#8221; na kokain. Svetovalni svet za zlorabo drog je priporo\u010dil, da se MPA razvrsti kot zdravilo razreda B (ACMD).<\/p>\n","protected":false},"featured_media":5600,"comment_status":"open","ping_status":"closed","template":"","meta":[],"product_brand":[],"product_cat":[2014],"product_tag":[3233,3245,3232,3234,3235,3236,3237,3238,3239,3240,3241,3242,3243,3244,3246,3247,3248],"class_list":{"0":"post-5590","1":"product","2":"type-product","3":"status-publish","4":"has-post-thumbnail","6":"product_cat-nakup-raziskave-kemikalije","7":"product_tag-how-to-buy-methiopropamine-online","8":"product_tag-nakup-metiopropamin-online","9":"product_tag-kupi-metiopropamin-online","10":"product_tag-methiopropamine-buy","11":"product_tag-methiopropamine-effect","12":"product_tag-methiopropamine-europe-wholesale","13":"product_tag-methiopropamine-for-sale","14":"product_tag-methiopropamine-order","15":"product_tag-methiopropamine-reddit","16":"product_tag-methiopropamine-retail","17":"product_tag-methiopropamine-reviews","18":"product_tag-methiopropamine-supplier","19":"product_tag-methiopropamine-wholesale","20":"product_tag-order-methiopropamine-online","21":"product_tag-supplier-of-methiopropamine","22":"product_tag-the-best-place-to-buy-methiopropamine-online","23":"product_tag-where-to-buy-methiopropamine-online","25":"first","26":"instock","27":"shipping-taxable","28":"purchasable","29":"product-type-variable","30":"has-default-attributes"},"yoast_head":"<!-- This site is optimized with the Yoast SEO plugin v27.3 - https:\/\/yoast.com\/product\/yoast-seo-wordpress\/ -->\n<title>Kupite metiopropamin v prahu - kupite MPA - najbolj\u0161a zdravila v svetu<\/title>\n<meta name=\"description\" content=\"Kupite MPA metiopropamin v prahu UK, Evropa v na\u0161i spletni trgovini Bestglobalmeds.com s hitro dostavo po vsem svetu! Najbolj\u0161i MPA metiopropamin za prodajo boste na\u0161li tukaj!\" \/>\n<meta name=\"robots\" content=\"index, follow, max-snippet:-1, max-image-preview:large, max-video-preview:-1\" \/>\n<link rel=\"canonical\" href=\"https:\/\/medicinasinc.com\/sl\/product\/kupi-metiopropamin-v-prahu\/\" \/>\n<meta property=\"og:locale\" content=\"en_US\" \/>\n<meta property=\"og:type\" content=\"article\" \/>\n<meta property=\"og:title\" content=\"Kupite metiopropamin v prahu - kupite MPA - najbolj\u0161a zdravila v svetu\" \/>\n<meta property=\"og:description\" content=\"Kupite MPA metiopropamin v prahu UK, Evropa v na\u0161i spletni trgovini Bestglobalmeds.com s hitro dostavo po vsem svetu! Najbolj\u0161i MPA metiopropamin za prodajo boste na\u0161li tukaj!\" \/>\n<meta property=\"og:url\" content=\"https:\/\/medicinasinc.com\/sl\/product\/kupi-metiopropamin-v-prahu\/\" \/>\n<meta property=\"og:site_name\" content=\"Medicinas Inc\" \/>\n<meta property=\"article:modified_time\" content=\"2022-03-19T00:25:30+00:00\" \/>\n<meta property=\"og:image\" content=\"https:\/\/medicinasinc.com\/sl\/wp-content\/uploads\/sites\/7\/2022\/02\/Buy-Methiopropamine-powder.png\" \/>\n\t<meta property=\"og:image:width\" content=\"457\" \/>\n\t<meta property=\"og:image:height\" content=\"323\" \/>\n\t<meta property=\"og:image:type\" content=\"image\/png\" \/>\n<meta name=\"twitter:card\" content=\"summary_large_image\" \/>\n<meta name=\"twitter:label1\" content=\"Est. reading time\" \/>\n\t<meta name=\"twitter:data1\" content=\"1 minute\" \/>\n<script type=\"application\/ld+json\" class=\"yoast-schema-graph\">{\"@context\":\"https:\\\/\\\/schema.org\",\"@graph\":[{\"@type\":\"WebPage\",\"@id\":\"https:\\\/\\\/medicinasinc.com\\\/sl\\\/product\\\/kupi-metiopropamin-v-prahu\\\/\",\"url\":\"https:\\\/\\\/medicinasinc.com\\\/sl\\\/product\\\/kupi-metiopropamin-v-prahu\\\/\",\"name\":\"Kupite metiopropamin v prahu - kupite MPA - najbolj\u0161a zdravila v svetu\",\"isPartOf\":{\"@id\":\"https:\\\/\\\/medicinasinc.com\\\/sl\\\/#website\"},\"primaryImageOfPage\":{\"@id\":\"https:\\\/\\\/medicinasinc.com\\\/sl\\\/product\\\/kupi-metiopropamin-v-prahu\\\/#primaryimage\"},\"image\":{\"@id\":\"https:\\\/\\\/medicinasinc.com\\\/sl\\\/product\\\/kupi-metiopropamin-v-prahu\\\/#primaryimage\"},\"thumbnailUrl\":\"https:\\\/\\\/medicinasinc.com\\\/sl\\\/wp-content\\\/uploads\\\/sites\\\/7\\\/2022\\\/02\\\/Buy-Methiopropamine-powder.png\",\"datePublished\":\"2022-02-22T02:20:06+00:00\",\"dateModified\":\"2022-03-19T00:25:30+00:00\",\"description\":\"Kupite MPA metiopropamin v prahu UK, Evropa v na\u0161i spletni trgovini Bestglobalmeds.com s hitro dostavo po vsem svetu! Najbolj\u0161i MPA metiopropamin za prodajo boste na\u0161li tukaj!\",\"breadcrumb\":{\"@id\":\"https:\\\/\\\/medicinasinc.com\\\/sl\\\/product\\\/kupi-metiopropamin-v-prahu\\\/#breadcrumb\"},\"inLanguage\":\"en-US\",\"potentialAction\":[{\"@type\":\"ReadAction\",\"target\":[\"https:\\\/\\\/medicinasinc.com\\\/sl\\\/product\\\/kupi-metiopropamin-v-prahu\\\/\"]}]},{\"@type\":\"ImageObject\",\"inLanguage\":\"en-US\",\"@id\":\"https:\\\/\\\/medicinasinc.com\\\/sl\\\/product\\\/kupi-metiopropamin-v-prahu\\\/#primaryimage\",\"url\":\"https:\\\/\\\/medicinasinc.com\\\/sl\\\/wp-content\\\/uploads\\\/sites\\\/7\\\/2022\\\/02\\\/Buy-Methiopropamine-powder.png\",\"contentUrl\":\"https:\\\/\\\/medicinasinc.com\\\/sl\\\/wp-content\\\/uploads\\\/sites\\\/7\\\/2022\\\/02\\\/Buy-Methiopropamine-powder.png\",\"width\":457,\"height\":323},{\"@type\":\"BreadcrumbList\",\"@id\":\"https:\\\/\\\/medicinasinc.com\\\/sl\\\/product\\\/kupi-metiopropamin-v-prahu\\\/#breadcrumb\",\"itemListElement\":[{\"@type\":\"ListItem\",\"position\":1,\"name\":\"Nakupujte\",\"item\":\"https:\\\/\\\/medicinasinc.com\\\/sl\\\/nakupujte\\\/\"},{\"@type\":\"ListItem\",\"position\":2,\"name\":\"Kupite metiopropamin v prahu\"}]},{\"@type\":\"WebSite\",\"@id\":\"https:\\\/\\\/medicinasinc.com\\\/sl\\\/#website\",\"url\":\"https:\\\/\\\/medicinasinc.com\\\/sl\\\/\",\"name\":\"Medicinas Inc\",\"description\":\"Health Medical Clinic\",\"potentialAction\":[{\"@type\":\"SearchAction\",\"target\":{\"@type\":\"EntryPoint\",\"urlTemplate\":\"https:\\\/\\\/medicinasinc.com\\\/sl\\\/?s={search_term_string}\"},\"query-input\":{\"@type\":\"PropertyValueSpecification\",\"valueRequired\":true,\"valueName\":\"search_term_string\"}}],\"inLanguage\":\"en-US\"}]}<\/script>\n<!-- \/ Yoast SEO plugin. -->","yoast_head_json":{"title":"Kupite metiopropamin v prahu - kupite MPA - najbolj\u0161a zdravila v svetu","description":"Kupite MPA metiopropamin v prahu UK, Evropa v na\u0161i spletni trgovini Bestglobalmeds.com s hitro dostavo po vsem svetu! Najbolj\u0161i MPA metiopropamin za prodajo boste na\u0161li tukaj!","robots":{"index":"index","follow":"follow","max-snippet":"max-snippet:-1","max-image-preview":"max-image-preview:large","max-video-preview":"max-video-preview:-1"},"canonical":"https:\/\/medicinasinc.com\/sl\/product\/kupi-metiopropamin-v-prahu\/","og_locale":"en_US","og_type":"article","og_title":"Kupite metiopropamin v prahu - kupite MPA - najbolj\u0161a zdravila v svetu","og_description":"Kupite MPA metiopropamin v prahu UK, Evropa v na\u0161i spletni trgovini Bestglobalmeds.com s hitro dostavo po vsem svetu! Najbolj\u0161i MPA metiopropamin za prodajo boste na\u0161li tukaj!","og_url":"https:\/\/medicinasinc.com\/sl\/product\/kupi-metiopropamin-v-prahu\/","og_site_name":"Medicinas Inc","article_modified_time":"2022-03-19T00:25:30+00:00","og_image":[{"width":457,"height":323,"url":"https:\/\/medicinasinc.com\/sl\/wp-content\/uploads\/sites\/7\/2022\/02\/Buy-Methiopropamine-powder.png","type":"image\/png"}],"twitter_card":"summary_large_image","twitter_misc":{"Est. reading time":"1 minute"},"schema":{"@context":"https:\/\/schema.org","@graph":[{"@type":"WebPage","@id":"https:\/\/medicinasinc.com\/sl\/product\/kupi-metiopropamin-v-prahu\/","url":"https:\/\/medicinasinc.com\/sl\/product\/kupi-metiopropamin-v-prahu\/","name":"Kupite metiopropamin v prahu - kupite MPA - najbolj\u0161a zdravila v svetu","isPartOf":{"@id":"https:\/\/medicinasinc.com\/sl\/#website"},"primaryImageOfPage":{"@id":"https:\/\/medicinasinc.com\/sl\/product\/kupi-metiopropamin-v-prahu\/#primaryimage"},"image":{"@id":"https:\/\/medicinasinc.com\/sl\/product\/kupi-metiopropamin-v-prahu\/#primaryimage"},"thumbnailUrl":"https:\/\/medicinasinc.com\/sl\/wp-content\/uploads\/sites\/7\/2022\/02\/Buy-Methiopropamine-powder.png","datePublished":"2022-02-22T02:20:06+00:00","dateModified":"2022-03-19T00:25:30+00:00","description":"Kupite MPA metiopropamin v prahu UK, Evropa v na\u0161i spletni trgovini Bestglobalmeds.com s hitro dostavo po vsem svetu! Najbolj\u0161i MPA metiopropamin za prodajo boste na\u0161li tukaj!","breadcrumb":{"@id":"https:\/\/medicinasinc.com\/sl\/product\/kupi-metiopropamin-v-prahu\/#breadcrumb"},"inLanguage":"en-US","potentialAction":[{"@type":"ReadAction","target":["https:\/\/medicinasinc.com\/sl\/product\/kupi-metiopropamin-v-prahu\/"]}]},{"@type":"ImageObject","inLanguage":"en-US","@id":"https:\/\/medicinasinc.com\/sl\/product\/kupi-metiopropamin-v-prahu\/#primaryimage","url":"https:\/\/medicinasinc.com\/sl\/wp-content\/uploads\/sites\/7\/2022\/02\/Buy-Methiopropamine-powder.png","contentUrl":"https:\/\/medicinasinc.com\/sl\/wp-content\/uploads\/sites\/7\/2022\/02\/Buy-Methiopropamine-powder.png","width":457,"height":323},{"@type":"BreadcrumbList","@id":"https:\/\/medicinasinc.com\/sl\/product\/kupi-metiopropamin-v-prahu\/#breadcrumb","itemListElement":[{"@type":"ListItem","position":1,"name":"Nakupujte","item":"https:\/\/medicinasinc.com\/sl\/nakupujte\/"},{"@type":"ListItem","position":2,"name":"Kupite metiopropamin v prahu"}]},{"@type":"WebSite","@id":"https:\/\/medicinasinc.com\/sl\/#website","url":"https:\/\/medicinasinc.com\/sl\/","name":"Medicinas Inc","description":"Health Medical Clinic","potentialAction":[{"@type":"SearchAction","target":{"@type":"EntryPoint","urlTemplate":"https:\/\/medicinasinc.com\/sl\/?s={search_term_string}"},"query-input":{"@type":"PropertyValueSpecification","valueRequired":true,"valueName":"search_term_string"}}],"inLanguage":"en-US"}]}},"_links":{"self":[{"href":"https:\/\/medicinasinc.com\/sl\/wp-json\/wp\/v2\/product\/5590","targetHints":{"allow":["GET"]}}],"collection":[{"href":"https:\/\/medicinasinc.com\/sl\/wp-json\/wp\/v2\/product"}],"about":[{"href":"https:\/\/medicinasinc.com\/sl\/wp-json\/wp\/v2\/types\/product"}],"replies":[{"embeddable":true,"href":"https:\/\/medicinasinc.com\/sl\/wp-json\/wp\/v2\/comments?post=5590"}],"wp:featuredmedia":[{"embeddable":true,"href":"https:\/\/medicinasinc.com\/sl\/wp-json\/wp\/v2\/media\/5600"}],"wp:attachment":[{"href":"https:\/\/medicinasinc.com\/sl\/wp-json\/wp\/v2\/media?parent=5590"}],"wp:term":[{"taxonomy":"product_brand","embeddable":true,"href":"https:\/\/medicinasinc.com\/sl\/wp-json\/wp\/v2\/product_brand?post=5590"},{"taxonomy":"product_cat","embeddable":true,"href":"https:\/\/medicinasinc.com\/sl\/wp-json\/wp\/v2\/product_cat?post=5590"},{"taxonomy":"product_tag","embeddable":true,"href":"https:\/\/medicinasinc.com\/sl\/wp-json\/wp\/v2\/product_tag?post=5590"}],"curies":[{"name":"wp","href":"https:\/\/api.w.org\/{rel}","templated":true}]}}