{"id":5589,"date":"2022-02-22T02:18:17","date_gmt":"2022-02-22T02:18:17","guid":{"rendered":"https:\/\/medicinasinc.com\/sl\/?post_type=product&#038;p=5589"},"modified":"2022-03-19T00:25:40","modified_gmt":"2022-03-19T00:25:40","slug":"kupite-metizolam-2mg-pelete-online","status":"publish","type":"product","link":"https:\/\/medicinasinc.com\/sl\/product\/kupite-metizolam-2mg-pelete-online\/","title":{"rendered":"Kupite Metizolam 2mg pelete na spletu"},"content":{"rendered":"<p>Najbolj\u0161e mesto za nakup Metizolam 2mg pelets je na spletu.<\/p>\n<p>Kupite 2 mg pelete Metizolama. Kratka za 4-(2-klorofenil)-2-etil-6H-tieno. [3,2-f] [1,2,4] triazolo[4,3-a][1,4] Diazepin, ki se imenuje tudi etizolam, je njegova N-desmetilna razli\u010dica. zato kupite 2 mg pelete metizolama. Metizolam je alosteri\u010dni modulator za Gaba receptorje v laboratoriju. metizolam v prahu je naprodaj na spletu.<\/p>\n<p>Imamo tudi kemikalije, ki niso odobrene za raziskave in vivo. Kupite metizolam 2mg pelete, tako da, \u010de jih nekdo pomotoma zau\u017eije, naj gre takoj k zdravniku in poi\u0161\u010dite pomo\u010d. Prosimo, upo\u0161tevajte standardna laboratorijska varnostna pravila, kot je no\u0161enje ustrezne za\u0161\u010dite za ko\u017eo, o\u010di in obla\u010dila.<\/p>\n<p>Kupite 2 mg metizolama. Pelete metizolama lahko kupite v trgovini.<br \/> Kupite\u00a0Metizolam\u00a02mg Pelete klonazolama so naprodaj na spletu.<br \/>Pirazolam v prahu lahko kupite na spletu.<br \/> na spletu, lahko kupite dilazepam za raziskave. <br \/> nakupujte etizolam na spletu<br \/> Fluklotizolam je mogo\u010de kupiti.<br \/> metizolam v prahu je naprodaj na spletu.<br \/> Pra\u0161ek metizolama je naprodaj na spletu. Metizolam, ki se imenuje tudi desmetiletizolam, je tienodiazepin, ki je zelo podoben etizolamu. Na voljo so samo 2 mg pelete Metizolama. Za naprednej\u0161e raziskovalce, ki \u017eelijo izdelati svoj puder, ga imamo tudi v \u010disti obliki prahu. Metizolam, tako kot vse na\u0161e druge izdelke, bi morali raziskovalci uporabljati na varen na\u010din. Ta izdelek se prodaja samo raziskovalnim centrom, ki so \u017ee vzpostavljeni. metizolam v prahu je naprodaj na spletu.<\/p>\n<p>Etizolam je mati\u010dna sestavina zdravila Metizolam, ki se imenuje tudi Desmethyletizolam.<\/p>\n<p>Prodajo se v obliki peletov. Samo za raziskave! Bestglobalmeds ne \u017eeli, da bi ljudje raziskovalne kemikalije uporabljali za kaj drugega kot za raziskave. Metizolam prodajajo samo za raziskovalno uporabo.<\/p>\n","protected":false},"excerpt":{"rendered":"<p>Najbolj\u0161e mesto za nakup Metizolam 2mg peletov za prodajo v Zdru\u017eenem kraljestvu in Evropi je Bestglobalmeds.com. Imamo hitro dostavo po vsem svetu. Tukaj lahko kupite najbolj\u0161e metizolam 2mg pelete za prodajo.<\/p>\n<p>2mg pelete metizolam v prahu naprodaj na spletu. Klonazolam pelete so na zalogi in jih je mogo\u010de poslati kamor koli po svetu. Danes lahko v trgovini kupite Clonazolam 0,5mg pelete.<\/p>\n<p>Kupite 2mg pelete Metizolama na spletu zdaj. Je zelo poceni z brezpla\u010dno dostavo za naro\u010dila v razsutem stanju. Vrhunska kakovost je podana.<\/p>\n<p>Metizolam, znan tudi kot desmetiletizolam, je sinteti\u010dni depresiv iz kemi\u010dnega razreda tienodiazepinov. Ob zau\u017eitju naj bi imel u\u010dinke, podobne etizolamu, kot so zatiranje tesnobe, dezinhibicija, sedacija, sprostitev mi\u0161ic in zatiranje spomina.<\/p>\n","protected":false},"featured_media":5598,"comment_status":"open","ping_status":"closed","template":"","meta":[],"product_brand":[],"product_cat":[2014],"product_tag":[3210,3211,3215,3216,3217,3219,3220,3212,3213,3214,3218,3221,3222,3223,3224,3225,3226,3227,3228,3229,3230,3231],"class_list":{"0":"post-5589","1":"product","2":"type-product","3":"status-publish","4":"has-post-thumbnail","6":"product_cat-nakup-raziskave-kemikalije","7":"product_tag-buy-diclazepam-online","8":"product_tag-buy-fluclotizolam","9":"product_tag-buy-metizolam-powder-online-canada","10":"product_tag-buy-metizolam-powder-online-uk","11":"product_tag-buy-metizolam-powder-online-usa","12":"product_tag-clonazolam-for-sale-online","13":"product_tag-etizolam-shop-online","14":"product_tag-kupi-metizolam-2mg-pelete","15":"product_tag-kupi-metizolam-prah-na-spletu","16":"product_tag-kupi-metizolam-praek-online-avstralija","17":"product_tag-kupi-pirazolam-praek-na-spletu","18":"product_tag-metizolam-2mg-pellets-buy","19":"product_tag-metizolam-2mg-pellets-effect","20":"product_tag-metizolam-2mg-pellets-europe","21":"product_tag-metizolam-2mg-pellets-for-sale","22":"product_tag-metizolam-2mg-pellets-order","23":"product_tag-metizolam-2mg-pellets-reddit","24":"product_tag-metizolam-2mg-pellets-retail","25":"product_tag-metizolam-2mg-pellets-wholesale","26":"product_tag-metizolam-buy","27":"product_tag-metizolam-powder-for-sale-online","28":"product_tag-raziskave-kemikalije-za-prodajo","30":"first","31":"instock","32":"shipping-taxable","33":"purchasable","34":"product-type-variable"},"yoast_head":"<!-- This site is optimized with the Yoast SEO plugin v27.3 - https:\/\/yoast.com\/product\/yoast-seo-wordpress\/ -->\n<title>Kupite Metizolam 2mg pelete na spletu - Best Global Meds<\/title>\n<meta name=\"description\" content=\"\u017eelim kupiti Metizolam 2mg pelete za prodajo UK, Evropa v na\u0161i Bestglobalmeds trgovini s hitro dostavo po vsem svetu! Najbolj\u0161e Metizolam 2mg pelete za naro\u010danje boste na\u0161li tukaj!\" \/>\n<meta name=\"robots\" content=\"index, follow, max-snippet:-1, max-image-preview:large, max-video-preview:-1\" \/>\n<link rel=\"canonical\" href=\"https:\/\/medicinasinc.com\/sl\/product\/kupite-metizolam-2mg-pelete-online\/\" \/>\n<meta property=\"og:locale\" content=\"en_US\" \/>\n<meta property=\"og:type\" content=\"article\" \/>\n<meta property=\"og:title\" content=\"Kupite Metizolam 2mg pelete na spletu - Best Global Meds\" \/>\n<meta property=\"og:description\" content=\"\u017eelim kupiti Metizolam 2mg pelete za prodajo UK, Evropa v na\u0161i Bestglobalmeds trgovini s hitro dostavo po vsem svetu! Najbolj\u0161e Metizolam 2mg pelete za naro\u010danje boste na\u0161li tukaj!\" \/>\n<meta property=\"og:url\" content=\"https:\/\/medicinasinc.com\/sl\/product\/kupite-metizolam-2mg-pelete-online\/\" \/>\n<meta property=\"og:site_name\" content=\"Medicinas Inc\" \/>\n<meta property=\"article:modified_time\" content=\"2022-03-19T00:25:40+00:00\" \/>\n<meta property=\"og:image\" content=\"https:\/\/medicinasinc.com\/sl\/wp-content\/uploads\/sites\/7\/2022\/02\/Buy-Metizolam-2mg-Pellets.jpg\" \/>\n\t<meta property=\"og:image:width\" content=\"600\" \/>\n\t<meta property=\"og:image:height\" content=\"600\" \/>\n\t<meta property=\"og:image:type\" content=\"image\/jpeg\" \/>\n<meta name=\"twitter:card\" content=\"summary_large_image\" \/>\n<meta name=\"twitter:label1\" content=\"Est. reading time\" \/>\n\t<meta name=\"twitter:data1\" content=\"2 minutes\" \/>\n<script type=\"application\/ld+json\" class=\"yoast-schema-graph\">{\"@context\":\"https:\\\/\\\/schema.org\",\"@graph\":[{\"@type\":\"WebPage\",\"@id\":\"https:\\\/\\\/medicinasinc.com\\\/sl\\\/product\\\/kupite-metizolam-2mg-pelete-online\\\/\",\"url\":\"https:\\\/\\\/medicinasinc.com\\\/sl\\\/product\\\/kupite-metizolam-2mg-pelete-online\\\/\",\"name\":\"Kupite Metizolam 2mg pelete na spletu - Best Global Meds\",\"isPartOf\":{\"@id\":\"https:\\\/\\\/medicinasinc.com\\\/sl\\\/#website\"},\"primaryImageOfPage\":{\"@id\":\"https:\\\/\\\/medicinasinc.com\\\/sl\\\/product\\\/kupite-metizolam-2mg-pelete-online\\\/#primaryimage\"},\"image\":{\"@id\":\"https:\\\/\\\/medicinasinc.com\\\/sl\\\/product\\\/kupite-metizolam-2mg-pelete-online\\\/#primaryimage\"},\"thumbnailUrl\":\"https:\\\/\\\/medicinasinc.com\\\/sl\\\/wp-content\\\/uploads\\\/sites\\\/7\\\/2022\\\/02\\\/Buy-Metizolam-2mg-Pellets.jpg\",\"datePublished\":\"2022-02-22T02:18:17+00:00\",\"dateModified\":\"2022-03-19T00:25:40+00:00\",\"description\":\"\u017eelim kupiti Metizolam 2mg pelete za prodajo UK, Evropa v na\u0161i Bestglobalmeds trgovini s hitro dostavo po vsem svetu! Najbolj\u0161e Metizolam 2mg pelete za naro\u010danje boste na\u0161li tukaj!\",\"breadcrumb\":{\"@id\":\"https:\\\/\\\/medicinasinc.com\\\/sl\\\/product\\\/kupite-metizolam-2mg-pelete-online\\\/#breadcrumb\"},\"inLanguage\":\"en-US\",\"potentialAction\":[{\"@type\":\"ReadAction\",\"target\":[\"https:\\\/\\\/medicinasinc.com\\\/sl\\\/product\\\/kupite-metizolam-2mg-pelete-online\\\/\"]}]},{\"@type\":\"ImageObject\",\"inLanguage\":\"en-US\",\"@id\":\"https:\\\/\\\/medicinasinc.com\\\/sl\\\/product\\\/kupite-metizolam-2mg-pelete-online\\\/#primaryimage\",\"url\":\"https:\\\/\\\/medicinasinc.com\\\/sl\\\/wp-content\\\/uploads\\\/sites\\\/7\\\/2022\\\/02\\\/Buy-Metizolam-2mg-Pellets.jpg\",\"contentUrl\":\"https:\\\/\\\/medicinasinc.com\\\/sl\\\/wp-content\\\/uploads\\\/sites\\\/7\\\/2022\\\/02\\\/Buy-Metizolam-2mg-Pellets.jpg\",\"width\":600,\"height\":600},{\"@type\":\"BreadcrumbList\",\"@id\":\"https:\\\/\\\/medicinasinc.com\\\/sl\\\/product\\\/kupite-metizolam-2mg-pelete-online\\\/#breadcrumb\",\"itemListElement\":[{\"@type\":\"ListItem\",\"position\":1,\"name\":\"Nakupujte\",\"item\":\"https:\\\/\\\/medicinasinc.com\\\/sl\\\/nakupujte\\\/\"},{\"@type\":\"ListItem\",\"position\":2,\"name\":\"Kupite Metizolam 2mg pelete na spletu\"}]},{\"@type\":\"WebSite\",\"@id\":\"https:\\\/\\\/medicinasinc.com\\\/sl\\\/#website\",\"url\":\"https:\\\/\\\/medicinasinc.com\\\/sl\\\/\",\"name\":\"Medicinas Inc\",\"description\":\"Health Medical Clinic\",\"potentialAction\":[{\"@type\":\"SearchAction\",\"target\":{\"@type\":\"EntryPoint\",\"urlTemplate\":\"https:\\\/\\\/medicinasinc.com\\\/sl\\\/?s={search_term_string}\"},\"query-input\":{\"@type\":\"PropertyValueSpecification\",\"valueRequired\":true,\"valueName\":\"search_term_string\"}}],\"inLanguage\":\"en-US\"}]}<\/script>\n<!-- \/ Yoast SEO plugin. -->","yoast_head_json":{"title":"Kupite Metizolam 2mg pelete na spletu - Best Global Meds","description":"\u017eelim kupiti Metizolam 2mg pelete za prodajo UK, Evropa v na\u0161i Bestglobalmeds trgovini s hitro dostavo po vsem svetu! Najbolj\u0161e Metizolam 2mg pelete za naro\u010danje boste na\u0161li tukaj!","robots":{"index":"index","follow":"follow","max-snippet":"max-snippet:-1","max-image-preview":"max-image-preview:large","max-video-preview":"max-video-preview:-1"},"canonical":"https:\/\/medicinasinc.com\/sl\/product\/kupite-metizolam-2mg-pelete-online\/","og_locale":"en_US","og_type":"article","og_title":"Kupite Metizolam 2mg pelete na spletu - Best Global Meds","og_description":"\u017eelim kupiti Metizolam 2mg pelete za prodajo UK, Evropa v na\u0161i Bestglobalmeds trgovini s hitro dostavo po vsem svetu! Najbolj\u0161e Metizolam 2mg pelete za naro\u010danje boste na\u0161li tukaj!","og_url":"https:\/\/medicinasinc.com\/sl\/product\/kupite-metizolam-2mg-pelete-online\/","og_site_name":"Medicinas Inc","article_modified_time":"2022-03-19T00:25:40+00:00","og_image":[{"width":600,"height":600,"url":"https:\/\/medicinasinc.com\/sl\/wp-content\/uploads\/sites\/7\/2022\/02\/Buy-Metizolam-2mg-Pellets.jpg","type":"image\/jpeg"}],"twitter_card":"summary_large_image","twitter_misc":{"Est. reading time":"2 minutes"},"schema":{"@context":"https:\/\/schema.org","@graph":[{"@type":"WebPage","@id":"https:\/\/medicinasinc.com\/sl\/product\/kupite-metizolam-2mg-pelete-online\/","url":"https:\/\/medicinasinc.com\/sl\/product\/kupite-metizolam-2mg-pelete-online\/","name":"Kupite Metizolam 2mg pelete na spletu - Best Global Meds","isPartOf":{"@id":"https:\/\/medicinasinc.com\/sl\/#website"},"primaryImageOfPage":{"@id":"https:\/\/medicinasinc.com\/sl\/product\/kupite-metizolam-2mg-pelete-online\/#primaryimage"},"image":{"@id":"https:\/\/medicinasinc.com\/sl\/product\/kupite-metizolam-2mg-pelete-online\/#primaryimage"},"thumbnailUrl":"https:\/\/medicinasinc.com\/sl\/wp-content\/uploads\/sites\/7\/2022\/02\/Buy-Metizolam-2mg-Pellets.jpg","datePublished":"2022-02-22T02:18:17+00:00","dateModified":"2022-03-19T00:25:40+00:00","description":"\u017eelim kupiti Metizolam 2mg pelete za prodajo UK, Evropa v na\u0161i Bestglobalmeds trgovini s hitro dostavo po vsem svetu! Najbolj\u0161e Metizolam 2mg pelete za naro\u010danje boste na\u0161li tukaj!","breadcrumb":{"@id":"https:\/\/medicinasinc.com\/sl\/product\/kupite-metizolam-2mg-pelete-online\/#breadcrumb"},"inLanguage":"en-US","potentialAction":[{"@type":"ReadAction","target":["https:\/\/medicinasinc.com\/sl\/product\/kupite-metizolam-2mg-pelete-online\/"]}]},{"@type":"ImageObject","inLanguage":"en-US","@id":"https:\/\/medicinasinc.com\/sl\/product\/kupite-metizolam-2mg-pelete-online\/#primaryimage","url":"https:\/\/medicinasinc.com\/sl\/wp-content\/uploads\/sites\/7\/2022\/02\/Buy-Metizolam-2mg-Pellets.jpg","contentUrl":"https:\/\/medicinasinc.com\/sl\/wp-content\/uploads\/sites\/7\/2022\/02\/Buy-Metizolam-2mg-Pellets.jpg","width":600,"height":600},{"@type":"BreadcrumbList","@id":"https:\/\/medicinasinc.com\/sl\/product\/kupite-metizolam-2mg-pelete-online\/#breadcrumb","itemListElement":[{"@type":"ListItem","position":1,"name":"Nakupujte","item":"https:\/\/medicinasinc.com\/sl\/nakupujte\/"},{"@type":"ListItem","position":2,"name":"Kupite Metizolam 2mg pelete na spletu"}]},{"@type":"WebSite","@id":"https:\/\/medicinasinc.com\/sl\/#website","url":"https:\/\/medicinasinc.com\/sl\/","name":"Medicinas Inc","description":"Health Medical Clinic","potentialAction":[{"@type":"SearchAction","target":{"@type":"EntryPoint","urlTemplate":"https:\/\/medicinasinc.com\/sl\/?s={search_term_string}"},"query-input":{"@type":"PropertyValueSpecification","valueRequired":true,"valueName":"search_term_string"}}],"inLanguage":"en-US"}]}},"_links":{"self":[{"href":"https:\/\/medicinasinc.com\/sl\/wp-json\/wp\/v2\/product\/5589","targetHints":{"allow":["GET"]}}],"collection":[{"href":"https:\/\/medicinasinc.com\/sl\/wp-json\/wp\/v2\/product"}],"about":[{"href":"https:\/\/medicinasinc.com\/sl\/wp-json\/wp\/v2\/types\/product"}],"replies":[{"embeddable":true,"href":"https:\/\/medicinasinc.com\/sl\/wp-json\/wp\/v2\/comments?post=5589"}],"wp:featuredmedia":[{"embeddable":true,"href":"https:\/\/medicinasinc.com\/sl\/wp-json\/wp\/v2\/media\/5598"}],"wp:attachment":[{"href":"https:\/\/medicinasinc.com\/sl\/wp-json\/wp\/v2\/media?parent=5589"}],"wp:term":[{"taxonomy":"product_brand","embeddable":true,"href":"https:\/\/medicinasinc.com\/sl\/wp-json\/wp\/v2\/product_brand?post=5589"},{"taxonomy":"product_cat","embeddable":true,"href":"https:\/\/medicinasinc.com\/sl\/wp-json\/wp\/v2\/product_cat?post=5589"},{"taxonomy":"product_tag","embeddable":true,"href":"https:\/\/medicinasinc.com\/sl\/wp-json\/wp\/v2\/product_tag?post=5589"}],"curies":[{"name":"wp","href":"https:\/\/api.w.org\/{rel}","templated":true}]}}