{"id":5566,"date":"2022-02-22T01:53:35","date_gmt":"2022-02-22T01:53:35","guid":{"rendered":"https:\/\/medicinasinc.com\/sl\/?post_type=product&#038;p=5566"},"modified":"2022-03-19T00:25:49","modified_gmt":"2022-03-19T00:25:49","slug":"metadon-hidroklorid-usp-prasek-za-oralno-uporabo","status":"publish","type":"product","link":"https:\/\/medicinasinc.com\/sl\/product\/metadon-hidroklorid-usp-prasek-za-oralno-uporabo\/","title":{"rendered":"Metadon hidroklorid USP PRA\u0160EK ZA ORALNO UPORABO"},"content":{"rendered":"<p>Nakup metadon hidroklorida v prahu<\/p>\n<p>Metadon je opioidno zdravilo, ki se uporablja za zdravljenje odvisnosti od opioidov in hude bole\u010dine.<\/p>\n<p>Metadon lahko jemljete kot tableto ali peroralno raztopino za zdravljenje. laj\u0161ajo hude bole\u010dine.<\/p>\n<p>Napitke s sadnim okusom so najpogostej\u0161a oblika metadona, ko se uporablja za zdravljenje odvisnosti od opiatov. Enkrat na dan se pra\u0161ek raztopi in pogoltne celega.<\/p>\n<p>Metadon je zdravilo, ki se uporablja za zdravljenje odvisnosti.<\/p>\n<p>Heroin, oksikodon, fentanil in hidromorfon lahko nadomestimo z metadonom. pri zdravljenju odvisnosti od opioidov. Izraz &#8220;dolgo delujo\u010de&#8221; se nana\u0161a na zdravilo, ki ima po\u010dasnej\u0161i za\u010detek delovanja in traja dlje v telesu. U\u010dinki metadona lahko trajajo od 24 do 36 ur, odvisno od odmerka. Kratkodelujo\u010de opioide pa mora nekdo, ki se posku\u0161a izogniti odtegnitvi, jemati tri do \u0161tirikrat na dan.<\/p>\n<p>Dokler se uporablja pravilen odmerek metadona, lahko ubla\u017ei \u017eeljo po drogah in laj\u0161a \u017eeljo po drogah. prepre\u010diti odtegnitvene simptome. Tveganja zlorabe opioidov se zmanj\u0161ajo, tisti, ki so odvisni od opioidov, pa imajo bolj\u0161e mo\u017enosti, da se svoje \u017eivljenje vrnejo na pravo pot. Vzdr\u017eevanje z metadonom je vrsta terapije z opioidnimi agonisti, ki se uporablja za zdravljenje odvisnosti od opioidov. Buprenorfin, \u0161e en opioidni agonist, se uporablja pri zdravljenju odvisnosti od opioidov, tako kot metadon.<\/p>\n<p>Metadon in buprenorfin sta u\u010dinkoviti terapiji za odvisnost od opioidov, \u010de se uporabljata v povezavi z medicinsko in podporno oskrbo, ne glede na to, ali je eden od njih lahko. za nekatere ljudi uspe\u0161nej\u0161i od drugih.<\/p>\n<p>Potrebno je dolgotrajno zdravljenje z metadonom. Trajanje zdravljenja je od nekaj mesecev do ve\u010d kot dveh desetletij. Ko se uporabnik metadona odlo\u010di prenehati jemati zdravilo, njegov zdravnik postopoma zmanj\u0161uje koli\u010dino metadona, ki ga jemlje v obdobju tednov ali mesecev.<\/p>\n<p>Ne\u017eeleni u\u010dinki metadona<\/p>\n<p>Med mo\u017enimi mo\u017enostmi. Ne\u017eeleni u\u010dinki:<\/p>\n<p>Omoti\u010dnost je posledica zaprtja mo\u010dno znojenje, suha usta in spremembe v spolu.<\/p>\n<p>&nbsp;<\/p>\n","protected":false},"excerpt":{"rendered":"<p>Kupite Metho Metadone HCL prah na spletu. Meto Metadone HCL prah na debelo\u00a099,8 % Pure po veleprodajnih cenah. Meto (metadon HCL) zdravi zmerno do hudo bole\u010dino.<\/p>\n","protected":false},"featured_media":5578,"comment_status":"open","ping_status":"closed","template":"","meta":[],"product_brand":[],"product_cat":[2014],"product_tag":[3193,3190,3191,3192,3194,3195,3196,3197,3198,3199,3200,3201,3202,3203,3204,3205,3206,3207,3208,3209],"class_list":{"0":"post-5566","1":"product","2":"type-product","3":"status-publish","4":"has-post-thumbnail","6":"product_cat-nakup-raziskave-kemikalije","7":"product_tag-buy-metho-powder","8":"product_tag-kupi-metadon-hidroklorid","9":"product_tag-kupi-metadon-pra-c5-a1ek","10":"product_tag-kupi-meto-hcl","11":"product_tag-methadone-hydrochloride-effect","12":"product_tag-methadone-hydrochloride-wholesale","13":"product_tag-methadone-powder","14":"product_tag-methadone-powder-buy","15":"product_tag-methadone-powder-effect","16":"product_tag-methadone-powder-for-sale","17":"product_tag-methadone-powder-for-sale-online","18":"product_tag-methadone-powder-online","19":"product_tag-methadone-powder-order","20":"product_tag-methadone-powder-reddit","21":"product_tag-methadone-powder-retail","22":"product_tag-methadone-powder-sales","23":"product_tag-methadone-powder-sell","24":"product_tag-where-to-buy-methadone-powder","25":"product_tag-where-to-order-methadone-powder","26":"product_tag-wholesale-methadone-powder","28":"first","29":"instock","30":"shipping-taxable","31":"purchasable","32":"product-type-variable","33":"has-default-attributes"},"yoast_head":"<!-- This site is optimized with the Yoast SEO plugin v27.3 - https:\/\/yoast.com\/product\/yoast-seo-wordpress\/ -->\n<title>Metadon hidroklorid USP PRA\u0160EK ZA ORALNO UPORABO<\/title>\n<meta name=\"description\" content=\"Kupite Meto Metadone HCL prah na spletu. Meto Metadone HCL prah na debelo 99,8 % Pure po veleprodajnih cenah. Meto (metadon HCL) zdravi zmerno do hudo bole\u010dino.\" \/>\n<meta name=\"robots\" content=\"index, follow, max-snippet:-1, max-image-preview:large, max-video-preview:-1\" \/>\n<link rel=\"canonical\" href=\"https:\/\/medicinasinc.com\/sl\/product\/metadon-hidroklorid-usp-prasek-za-oralno-uporabo\/\" \/>\n<meta property=\"og:locale\" content=\"en_US\" \/>\n<meta property=\"og:type\" content=\"article\" \/>\n<meta property=\"og:title\" content=\"Metadon hidroklorid USP PRA\u0160EK ZA ORALNO UPORABO\" \/>\n<meta property=\"og:description\" content=\"Kupite Meto Metadone HCL prah na spletu. Meto Metadone HCL prah na debelo 99,8 % Pure po veleprodajnih cenah. Meto (metadon HCL) zdravi zmerno do hudo bole\u010dino.\" \/>\n<meta property=\"og:url\" content=\"https:\/\/medicinasinc.com\/sl\/product\/metadon-hidroklorid-usp-prasek-za-oralno-uporabo\/\" \/>\n<meta property=\"og:site_name\" content=\"Medicinas Inc\" \/>\n<meta property=\"article:modified_time\" content=\"2022-03-19T00:25:49+00:00\" \/>\n<meta property=\"og:image\" content=\"https:\/\/medicinasinc.com\/sl\/wp-content\/uploads\/sites\/7\/2022\/02\/Buy-Methadone.jpg\" \/>\n\t<meta property=\"og:image:width\" content=\"600\" \/>\n\t<meta property=\"og:image:height\" content=\"600\" \/>\n\t<meta property=\"og:image:type\" content=\"image\/jpeg\" \/>\n<meta name=\"twitter:card\" content=\"summary_large_image\" \/>\n<meta name=\"twitter:label1\" content=\"Est. reading time\" \/>\n\t<meta name=\"twitter:data1\" content=\"2 minutes\" \/>\n<script type=\"application\/ld+json\" class=\"yoast-schema-graph\">{\"@context\":\"https:\\\/\\\/schema.org\",\"@graph\":[{\"@type\":\"WebPage\",\"@id\":\"https:\\\/\\\/medicinasinc.com\\\/sl\\\/product\\\/metadon-hidroklorid-usp-prasek-za-oralno-uporabo\\\/\",\"url\":\"https:\\\/\\\/medicinasinc.com\\\/sl\\\/product\\\/metadon-hidroklorid-usp-prasek-za-oralno-uporabo\\\/\",\"name\":\"Metadon hidroklorid USP PRA\u0160EK ZA ORALNO UPORABO\",\"isPartOf\":{\"@id\":\"https:\\\/\\\/medicinasinc.com\\\/sl\\\/#website\"},\"primaryImageOfPage\":{\"@id\":\"https:\\\/\\\/medicinasinc.com\\\/sl\\\/product\\\/metadon-hidroklorid-usp-prasek-za-oralno-uporabo\\\/#primaryimage\"},\"image\":{\"@id\":\"https:\\\/\\\/medicinasinc.com\\\/sl\\\/product\\\/metadon-hidroklorid-usp-prasek-za-oralno-uporabo\\\/#primaryimage\"},\"thumbnailUrl\":\"https:\\\/\\\/medicinasinc.com\\\/sl\\\/wp-content\\\/uploads\\\/sites\\\/7\\\/2022\\\/02\\\/Buy-Methadone.jpg\",\"datePublished\":\"2022-02-22T01:53:35+00:00\",\"dateModified\":\"2022-03-19T00:25:49+00:00\",\"description\":\"Kupite Meto Metadone HCL prah na spletu. Meto Metadone HCL prah na debelo 99,8 % Pure po veleprodajnih cenah. Meto (metadon HCL) zdravi zmerno do hudo bole\u010dino.\",\"breadcrumb\":{\"@id\":\"https:\\\/\\\/medicinasinc.com\\\/sl\\\/product\\\/metadon-hidroklorid-usp-prasek-za-oralno-uporabo\\\/#breadcrumb\"},\"inLanguage\":\"en-US\",\"potentialAction\":[{\"@type\":\"ReadAction\",\"target\":[\"https:\\\/\\\/medicinasinc.com\\\/sl\\\/product\\\/metadon-hidroklorid-usp-prasek-za-oralno-uporabo\\\/\"]}]},{\"@type\":\"ImageObject\",\"inLanguage\":\"en-US\",\"@id\":\"https:\\\/\\\/medicinasinc.com\\\/sl\\\/product\\\/metadon-hidroklorid-usp-prasek-za-oralno-uporabo\\\/#primaryimage\",\"url\":\"https:\\\/\\\/medicinasinc.com\\\/sl\\\/wp-content\\\/uploads\\\/sites\\\/7\\\/2022\\\/02\\\/Buy-Methadone.jpg\",\"contentUrl\":\"https:\\\/\\\/medicinasinc.com\\\/sl\\\/wp-content\\\/uploads\\\/sites\\\/7\\\/2022\\\/02\\\/Buy-Methadone.jpg\",\"width\":600,\"height\":600},{\"@type\":\"BreadcrumbList\",\"@id\":\"https:\\\/\\\/medicinasinc.com\\\/sl\\\/product\\\/metadon-hidroklorid-usp-prasek-za-oralno-uporabo\\\/#breadcrumb\",\"itemListElement\":[{\"@type\":\"ListItem\",\"position\":1,\"name\":\"Nakupujte\",\"item\":\"https:\\\/\\\/medicinasinc.com\\\/sl\\\/nakupujte\\\/\"},{\"@type\":\"ListItem\",\"position\":2,\"name\":\"Metadon hidroklorid USP PRA\u0160EK ZA ORALNO UPORABO\"}]},{\"@type\":\"WebSite\",\"@id\":\"https:\\\/\\\/medicinasinc.com\\\/sl\\\/#website\",\"url\":\"https:\\\/\\\/medicinasinc.com\\\/sl\\\/\",\"name\":\"Medicinas Inc\",\"description\":\"Health Medical Clinic\",\"potentialAction\":[{\"@type\":\"SearchAction\",\"target\":{\"@type\":\"EntryPoint\",\"urlTemplate\":\"https:\\\/\\\/medicinasinc.com\\\/sl\\\/?s={search_term_string}\"},\"query-input\":{\"@type\":\"PropertyValueSpecification\",\"valueRequired\":true,\"valueName\":\"search_term_string\"}}],\"inLanguage\":\"en-US\"}]}<\/script>\n<!-- \/ Yoast SEO plugin. -->","yoast_head_json":{"title":"Metadon hidroklorid USP PRA\u0160EK ZA ORALNO UPORABO","description":"Kupite Meto Metadone HCL prah na spletu. Meto Metadone HCL prah na debelo 99,8 % Pure po veleprodajnih cenah. Meto (metadon HCL) zdravi zmerno do hudo bole\u010dino.","robots":{"index":"index","follow":"follow","max-snippet":"max-snippet:-1","max-image-preview":"max-image-preview:large","max-video-preview":"max-video-preview:-1"},"canonical":"https:\/\/medicinasinc.com\/sl\/product\/metadon-hidroklorid-usp-prasek-za-oralno-uporabo\/","og_locale":"en_US","og_type":"article","og_title":"Metadon hidroklorid USP PRA\u0160EK ZA ORALNO UPORABO","og_description":"Kupite Meto Metadone HCL prah na spletu. Meto Metadone HCL prah na debelo 99,8 % Pure po veleprodajnih cenah. Meto (metadon HCL) zdravi zmerno do hudo bole\u010dino.","og_url":"https:\/\/medicinasinc.com\/sl\/product\/metadon-hidroklorid-usp-prasek-za-oralno-uporabo\/","og_site_name":"Medicinas Inc","article_modified_time":"2022-03-19T00:25:49+00:00","og_image":[{"width":600,"height":600,"url":"https:\/\/medicinasinc.com\/sl\/wp-content\/uploads\/sites\/7\/2022\/02\/Buy-Methadone.jpg","type":"image\/jpeg"}],"twitter_card":"summary_large_image","twitter_misc":{"Est. reading time":"2 minutes"},"schema":{"@context":"https:\/\/schema.org","@graph":[{"@type":"WebPage","@id":"https:\/\/medicinasinc.com\/sl\/product\/metadon-hidroklorid-usp-prasek-za-oralno-uporabo\/","url":"https:\/\/medicinasinc.com\/sl\/product\/metadon-hidroklorid-usp-prasek-za-oralno-uporabo\/","name":"Metadon hidroklorid USP PRA\u0160EK ZA ORALNO UPORABO","isPartOf":{"@id":"https:\/\/medicinasinc.com\/sl\/#website"},"primaryImageOfPage":{"@id":"https:\/\/medicinasinc.com\/sl\/product\/metadon-hidroklorid-usp-prasek-za-oralno-uporabo\/#primaryimage"},"image":{"@id":"https:\/\/medicinasinc.com\/sl\/product\/metadon-hidroklorid-usp-prasek-za-oralno-uporabo\/#primaryimage"},"thumbnailUrl":"https:\/\/medicinasinc.com\/sl\/wp-content\/uploads\/sites\/7\/2022\/02\/Buy-Methadone.jpg","datePublished":"2022-02-22T01:53:35+00:00","dateModified":"2022-03-19T00:25:49+00:00","description":"Kupite Meto Metadone HCL prah na spletu. Meto Metadone HCL prah na debelo 99,8 % Pure po veleprodajnih cenah. Meto (metadon HCL) zdravi zmerno do hudo bole\u010dino.","breadcrumb":{"@id":"https:\/\/medicinasinc.com\/sl\/product\/metadon-hidroklorid-usp-prasek-za-oralno-uporabo\/#breadcrumb"},"inLanguage":"en-US","potentialAction":[{"@type":"ReadAction","target":["https:\/\/medicinasinc.com\/sl\/product\/metadon-hidroklorid-usp-prasek-za-oralno-uporabo\/"]}]},{"@type":"ImageObject","inLanguage":"en-US","@id":"https:\/\/medicinasinc.com\/sl\/product\/metadon-hidroklorid-usp-prasek-za-oralno-uporabo\/#primaryimage","url":"https:\/\/medicinasinc.com\/sl\/wp-content\/uploads\/sites\/7\/2022\/02\/Buy-Methadone.jpg","contentUrl":"https:\/\/medicinasinc.com\/sl\/wp-content\/uploads\/sites\/7\/2022\/02\/Buy-Methadone.jpg","width":600,"height":600},{"@type":"BreadcrumbList","@id":"https:\/\/medicinasinc.com\/sl\/product\/metadon-hidroklorid-usp-prasek-za-oralno-uporabo\/#breadcrumb","itemListElement":[{"@type":"ListItem","position":1,"name":"Nakupujte","item":"https:\/\/medicinasinc.com\/sl\/nakupujte\/"},{"@type":"ListItem","position":2,"name":"Metadon hidroklorid USP PRA\u0160EK ZA ORALNO UPORABO"}]},{"@type":"WebSite","@id":"https:\/\/medicinasinc.com\/sl\/#website","url":"https:\/\/medicinasinc.com\/sl\/","name":"Medicinas Inc","description":"Health Medical Clinic","potentialAction":[{"@type":"SearchAction","target":{"@type":"EntryPoint","urlTemplate":"https:\/\/medicinasinc.com\/sl\/?s={search_term_string}"},"query-input":{"@type":"PropertyValueSpecification","valueRequired":true,"valueName":"search_term_string"}}],"inLanguage":"en-US"}]}},"_links":{"self":[{"href":"https:\/\/medicinasinc.com\/sl\/wp-json\/wp\/v2\/product\/5566","targetHints":{"allow":["GET"]}}],"collection":[{"href":"https:\/\/medicinasinc.com\/sl\/wp-json\/wp\/v2\/product"}],"about":[{"href":"https:\/\/medicinasinc.com\/sl\/wp-json\/wp\/v2\/types\/product"}],"replies":[{"embeddable":true,"href":"https:\/\/medicinasinc.com\/sl\/wp-json\/wp\/v2\/comments?post=5566"}],"wp:featuredmedia":[{"embeddable":true,"href":"https:\/\/medicinasinc.com\/sl\/wp-json\/wp\/v2\/media\/5578"}],"wp:attachment":[{"href":"https:\/\/medicinasinc.com\/sl\/wp-json\/wp\/v2\/media?parent=5566"}],"wp:term":[{"taxonomy":"product_brand","embeddable":true,"href":"https:\/\/medicinasinc.com\/sl\/wp-json\/wp\/v2\/product_brand?post=5566"},{"taxonomy":"product_cat","embeddable":true,"href":"https:\/\/medicinasinc.com\/sl\/wp-json\/wp\/v2\/product_cat?post=5566"},{"taxonomy":"product_tag","embeddable":true,"href":"https:\/\/medicinasinc.com\/sl\/wp-json\/wp\/v2\/product_tag?post=5566"}],"curies":[{"name":"wp","href":"https:\/\/api.w.org\/{rel}","templated":true}]}}