{"id":5565,"date":"2022-02-22T01:51:04","date_gmt":"2022-02-22T01:51:04","guid":{"rendered":"https:\/\/medicinasinc.com\/sl\/?post_type=product&#038;p=5565"},"modified":"2022-03-19T00:26:00","modified_gmt":"2022-03-19T00:26:00","slug":"kupi-mdpv-metilendioksipirovaleron-prah","status":"publish","type":"product","link":"https:\/\/medicinasinc.com\/sl\/product\/kupi-mdpv-metilendioksipirovaleron-prah\/","title":{"rendered":"Kupite MDPV (metilendioksipirovaleron) v prahu"},"content":{"rendered":"<p>MDPV je na voljo za nakup tukaj.<\/p>\n<p>Kupite MDPV na spletu za lastno uporabo ali za nadaljnjo prodajo. Zagotavljamo vam lahko, da je na\u0161 MDPV prah za prodajo najvi\u0161je kakovosti, ki je trenutno na voljo na trgu. Western Union, MoneyGram in bitcoini so med pla\u010dilnimi sredstvi, ki jih sprejemamo. Za prodajo imamo tudi \u0161iroko paleto razli\u010dnih raziskovalnih kemikalij, vklju\u010dno z JWH-018. Upo\u0161tevajte, da nismo odgovorni za to, kako na\u0161e stranke uporabljajo na\u0161 MDPV, ki je naprodaj v Zdru\u017eenih dr\u017eavah.<\/p>\n<p>Po\u017eivilo razreda katinona, prah MDPV (metilendioksipirovaleron), lahko kupite na spletu. Je zaviralec ponovnega privzema noradrenalina in dopamina in psihotropno stimulativno zdravilo. V \u0161estdesetih letih prej\u0161njega stoletja ga je ustvarila ekipa pri Boehringer Ingelheim.<br \/> OBLIKA MDPV v prahu (METILENDIOKSIPIROVALERON):<br \/> Zaradi svoje fine teksture in nagnjenosti k lepljenju, ko je izpostavljena vlagi, se hidrokloridna sol pogosto zamenjuje z sladkorja v prahu.<br \/> Spodbujevalne lastnosti MDPV so primerjali s lastnosti kokaina, metilfenidata in amfetamina.<\/p>\n<div class=\"entry-content gbtr_product_description\">\n<h3 class=\"fusion-responsive-typography-calculated\"><\/h3>\n<\/p><\/div>\n","protected":false},"excerpt":{"rendered":"<div class=\"woocommerce-product-details__short-description\">\n<p>Kupite MDPV za spletno prodajo v Zdru\u017eenem kraljestvu in Evropi tukaj na Bestglobalmeds.com. Nakup raziskovalnih kemikalij metilendioksipirovalerona na spletu je zelo te\u017eaven. Lahko pa zagotovimo vrhunsko MDPV za prodajo po zelo nizkih cenah. Ni\u010d dobrega ne pride zlahka in potrebujemo veliko dela, da imamo naprodaj najbolj\u0161o kakovost MDPV.<\/p>\n<p><b>Metilendioksipirovaleron<\/b>\u00a0(MDPV) je stimulans razreda katinona, ki deluje kot stimulans. Zaviralec ponovnega privzema norepinefrina in dopamina (NDRI). Prvi\u010d ga je razvila v \u0161estdesetih letih prej\u0161njega stoletja ekipa pri Boehringer Ingelheim.<\/p>\n<h3 class=\"fusion-responsive-typography-calculated\" data-fontsize=\"16\" data-lineheight=\"24px\">MDPV (metilendioksipirovaleron) prah je stimulans iz razreda katinona.<\/h3>\n<\/p><\/div>\n","protected":false},"featured_media":5576,"comment_status":"open","ping_status":"closed","template":"","meta":[],"product_brand":[],"product_cat":[2014],"product_tag":[3138,3139,3140,3145,3146,3147,3148,3153,3158,3159,3160,3161,3162,3141,3137,3142,3143,3149,3151,3150,3152,3156,3157,3155,3154,3144,3163,3164,3165,3166,3167,3168,3169,3170,3171,3172,3173,3174,3175,3176,3177,3178,3179,3180,3181,3182,3183,3184,3185,3186,3187,3188,3136,3189],"class_list":{"0":"post-5565","1":"product","2":"type-product","3":"status-publish","4":"has-post-thumbnail","6":"product_cat-nakup-raziskave-kemikalije","7":"product_tag-buy-mdpv","8":"product_tag-buy-mdpv-1g","9":"product_tag-buy-mdpv-cheap","10":"product_tag-buy-mdpv-powder-online-2019","11":"product_tag-buy-mdpv-powder-online-free","12":"product_tag-buy-mdpv-powdera-online","13":"product_tag-buy-mdpv-powdera-online-casino","14":"product_tag-buy-mdpv-usa","15":"product_tag-buy-methylenedioxypyrovalerone-powdera-online-ecouter","16":"product_tag-buy-methylenedioxypyrovalerone-powdera-online-com","17":"product_tag-buy-methylenedioxypyrovalerone-powdera-online-fr","18":"product_tag-buy-methylenedioxypyrovalerone-power-online","19":"product_tag-how-to-buy-mdpv","20":"product_tag-buy-mdpv-europe","21":"product_tag-kupite-dekstrometorfan-praek-na-spletu","22":"product_tag-buy-mdpv-online","23":"product_tag-buy-mdpv-online-usa","24":"product_tag-buy-mdpv-powdera-online-ecouter","25":"product_tag-buy-mdpv-power-online","26":"product_tag-buy-mdpv-powdera-online-fr","27":"product_tag-buy-mdpv-uk","28":"product_tag-kupi-metilendioksipirovaleron-prah-online-pregledi","29":"product_tag-kupite-metilendioksipirovaleron-powdera-na-spletu","30":"product_tag-kupi-metilendioksipirovaleron-pra-c5-a1ek-online-pregled","31":"product_tag-kupi-metilendioksipirrovaleron-pra-c5-a1ek-online-indonezija","32":"product_tag-kupi-mdpv-rastlinsko-hrano","33":"product_tag-mdpv-bath-salts-buy","34":"product_tag-mdpv-bath-salts-buy-online","35":"product_tag-mdpv-bath-salts-for-sale","36":"product_tag-mdpv-buy-uk","37":"product_tag-mdpv-buy-usa","38":"product_tag-mdpv-drug","39":"product_tag-mdpv-online-buy","40":"product_tag-mdpv-powder-for-sale","41":"product_tag-mdpv-powder-for-sale-2019","42":"product_tag-mdpv-powder-for-sale-amazon","43":"product_tag-mdpv-powder-for-sale-craigslist","44":"product_tag-mdpv-powder-for-sale-ebay","45":"product_tag-mdpv-powder-for-sale-florida","46":"product_tag-mdpv-powder-for-sale-michigan","47":"product_tag-mdpv-powder-for-sale-near-me","48":"product_tag-mdpv-powder-for-sale-uk","49":"product_tag-mdpv-powder-for-sale-united-states","50":"product_tag-mdpv-powder-for-sale-usa","51":"product_tag-mdpv-powder-for-sale-walmart","52":"product_tag-mdpv-powder-for-sale-without","53":"product_tag-mdpv-powders","54":"product_tag-methylenedioxypyrovalerone-buy","55":"product_tag-methylenedioxypyrovalerone-buy-online","56":"product_tag-methylenedioxypyrovalerone-powder","57":"product_tag-methylenedioxypyrovalerone-powder-foundation","58":"product_tag-methylenedioxypyrovalerone-powder-review","59":"product_tag-kopalna-sol-za-prodajo","60":"product_tag-where-to-buy-mdpv","62":"first","63":"instock","64":"shipping-taxable","65":"purchasable","66":"product-type-variable","67":"has-default-attributes"},"yoast_head":"<!-- This site is optimized with the Yoast SEO plugin v27.3 - https:\/\/yoast.com\/product\/yoast-seo-wordpress\/ -->\n<title>Kupite MDPV (metilendioksipirovaleron) v prahu - najbolj\u0161a zdravila na svetu<\/title>\n<meta name=\"description\" content=\"Kupite MDPV za spletno prodajo v Zdru\u017eenem kraljestvu, Evropi tukaj na Bestglobalmeds. Nakup raziskovalnih kemikalij metilendioksipirovalerona na spletu je zelo te\u017eaven. Lahko pa zagotovimo vrhunsko MDPV za prodajo po zelo nizkih cenah.\" \/>\n<meta name=\"robots\" content=\"index, follow, max-snippet:-1, max-image-preview:large, max-video-preview:-1\" \/>\n<link rel=\"canonical\" href=\"https:\/\/medicinasinc.com\/sl\/product\/kupi-mdpv-metilendioksipirovaleron-prah\/\" \/>\n<meta property=\"og:locale\" content=\"en_US\" \/>\n<meta property=\"og:type\" content=\"article\" \/>\n<meta property=\"og:title\" content=\"Kupite MDPV (metilendioksipirovaleron) v prahu - najbolj\u0161a zdravila na svetu\" \/>\n<meta property=\"og:description\" content=\"Kupite MDPV za spletno prodajo v Zdru\u017eenem kraljestvu, Evropi tukaj na Bestglobalmeds. Nakup raziskovalnih kemikalij metilendioksipirovalerona na spletu je zelo te\u017eaven. Lahko pa zagotovimo vrhunsko MDPV za prodajo po zelo nizkih cenah.\" \/>\n<meta property=\"og:url\" content=\"https:\/\/medicinasinc.com\/sl\/product\/kupi-mdpv-metilendioksipirovaleron-prah\/\" \/>\n<meta property=\"og:site_name\" content=\"Medicinas Inc\" \/>\n<meta property=\"article:modified_time\" content=\"2022-03-19T00:26:00+00:00\" \/>\n<meta property=\"og:image\" content=\"https:\/\/medicinasinc.com\/sl\/wp-content\/uploads\/sites\/7\/2022\/02\/buy-methylenedioxypyrovalerone.jpg\" \/>\n\t<meta property=\"og:image:width\" content=\"1400\" \/>\n\t<meta property=\"og:image:height\" content=\"700\" \/>\n\t<meta property=\"og:image:type\" content=\"image\/jpeg\" \/>\n<meta name=\"twitter:card\" content=\"summary_large_image\" \/>\n<meta name=\"twitter:label1\" content=\"Est. reading time\" \/>\n\t<meta name=\"twitter:data1\" content=\"1 minute\" \/>\n<script type=\"application\/ld+json\" class=\"yoast-schema-graph\">{\"@context\":\"https:\\\/\\\/schema.org\",\"@graph\":[{\"@type\":\"WebPage\",\"@id\":\"https:\\\/\\\/medicinasinc.com\\\/sl\\\/product\\\/kupi-mdpv-metilendioksipirovaleron-prah\\\/\",\"url\":\"https:\\\/\\\/medicinasinc.com\\\/sl\\\/product\\\/kupi-mdpv-metilendioksipirovaleron-prah\\\/\",\"name\":\"Kupite MDPV (metilendioksipirovaleron) v prahu - najbolj\u0161a zdravila na svetu\",\"isPartOf\":{\"@id\":\"https:\\\/\\\/medicinasinc.com\\\/sl\\\/#website\"},\"primaryImageOfPage\":{\"@id\":\"https:\\\/\\\/medicinasinc.com\\\/sl\\\/product\\\/kupi-mdpv-metilendioksipirovaleron-prah\\\/#primaryimage\"},\"image\":{\"@id\":\"https:\\\/\\\/medicinasinc.com\\\/sl\\\/product\\\/kupi-mdpv-metilendioksipirovaleron-prah\\\/#primaryimage\"},\"thumbnailUrl\":\"https:\\\/\\\/medicinasinc.com\\\/sl\\\/wp-content\\\/uploads\\\/sites\\\/7\\\/2022\\\/02\\\/buy-methylenedioxypyrovalerone.jpg\",\"datePublished\":\"2022-02-22T01:51:04+00:00\",\"dateModified\":\"2022-03-19T00:26:00+00:00\",\"description\":\"Kupite MDPV za spletno prodajo v Zdru\u017eenem kraljestvu, Evropi tukaj na Bestglobalmeds. Nakup raziskovalnih kemikalij metilendioksipirovalerona na spletu je zelo te\u017eaven. Lahko pa zagotovimo vrhunsko MDPV za prodajo po zelo nizkih cenah.\",\"breadcrumb\":{\"@id\":\"https:\\\/\\\/medicinasinc.com\\\/sl\\\/product\\\/kupi-mdpv-metilendioksipirovaleron-prah\\\/#breadcrumb\"},\"inLanguage\":\"en-US\",\"potentialAction\":[{\"@type\":\"ReadAction\",\"target\":[\"https:\\\/\\\/medicinasinc.com\\\/sl\\\/product\\\/kupi-mdpv-metilendioksipirovaleron-prah\\\/\"]}]},{\"@type\":\"ImageObject\",\"inLanguage\":\"en-US\",\"@id\":\"https:\\\/\\\/medicinasinc.com\\\/sl\\\/product\\\/kupi-mdpv-metilendioksipirovaleron-prah\\\/#primaryimage\",\"url\":\"https:\\\/\\\/medicinasinc.com\\\/sl\\\/wp-content\\\/uploads\\\/sites\\\/7\\\/2022\\\/02\\\/buy-methylenedioxypyrovalerone.jpg\",\"contentUrl\":\"https:\\\/\\\/medicinasinc.com\\\/sl\\\/wp-content\\\/uploads\\\/sites\\\/7\\\/2022\\\/02\\\/buy-methylenedioxypyrovalerone.jpg\",\"width\":1400,\"height\":700},{\"@type\":\"BreadcrumbList\",\"@id\":\"https:\\\/\\\/medicinasinc.com\\\/sl\\\/product\\\/kupi-mdpv-metilendioksipirovaleron-prah\\\/#breadcrumb\",\"itemListElement\":[{\"@type\":\"ListItem\",\"position\":1,\"name\":\"Nakupujte\",\"item\":\"https:\\\/\\\/medicinasinc.com\\\/sl\\\/nakupujte\\\/\"},{\"@type\":\"ListItem\",\"position\":2,\"name\":\"Kupite MDPV (metilendioksipirovaleron) v prahu\"}]},{\"@type\":\"WebSite\",\"@id\":\"https:\\\/\\\/medicinasinc.com\\\/sl\\\/#website\",\"url\":\"https:\\\/\\\/medicinasinc.com\\\/sl\\\/\",\"name\":\"Medicinas Inc\",\"description\":\"Health Medical Clinic\",\"potentialAction\":[{\"@type\":\"SearchAction\",\"target\":{\"@type\":\"EntryPoint\",\"urlTemplate\":\"https:\\\/\\\/medicinasinc.com\\\/sl\\\/?s={search_term_string}\"},\"query-input\":{\"@type\":\"PropertyValueSpecification\",\"valueRequired\":true,\"valueName\":\"search_term_string\"}}],\"inLanguage\":\"en-US\"}]}<\/script>\n<!-- \/ Yoast SEO plugin. -->","yoast_head_json":{"title":"Kupite MDPV (metilendioksipirovaleron) v prahu - najbolj\u0161a zdravila na svetu","description":"Kupite MDPV za spletno prodajo v Zdru\u017eenem kraljestvu, Evropi tukaj na Bestglobalmeds. Nakup raziskovalnih kemikalij metilendioksipirovalerona na spletu je zelo te\u017eaven. Lahko pa zagotovimo vrhunsko MDPV za prodajo po zelo nizkih cenah.","robots":{"index":"index","follow":"follow","max-snippet":"max-snippet:-1","max-image-preview":"max-image-preview:large","max-video-preview":"max-video-preview:-1"},"canonical":"https:\/\/medicinasinc.com\/sl\/product\/kupi-mdpv-metilendioksipirovaleron-prah\/","og_locale":"en_US","og_type":"article","og_title":"Kupite MDPV (metilendioksipirovaleron) v prahu - najbolj\u0161a zdravila na svetu","og_description":"Kupite MDPV za spletno prodajo v Zdru\u017eenem kraljestvu, Evropi tukaj na Bestglobalmeds. Nakup raziskovalnih kemikalij metilendioksipirovalerona na spletu je zelo te\u017eaven. Lahko pa zagotovimo vrhunsko MDPV za prodajo po zelo nizkih cenah.","og_url":"https:\/\/medicinasinc.com\/sl\/product\/kupi-mdpv-metilendioksipirovaleron-prah\/","og_site_name":"Medicinas Inc","article_modified_time":"2022-03-19T00:26:00+00:00","og_image":[{"width":1400,"height":700,"url":"https:\/\/medicinasinc.com\/sl\/wp-content\/uploads\/sites\/7\/2022\/02\/buy-methylenedioxypyrovalerone.jpg","type":"image\/jpeg"}],"twitter_card":"summary_large_image","twitter_misc":{"Est. reading time":"1 minute"},"schema":{"@context":"https:\/\/schema.org","@graph":[{"@type":"WebPage","@id":"https:\/\/medicinasinc.com\/sl\/product\/kupi-mdpv-metilendioksipirovaleron-prah\/","url":"https:\/\/medicinasinc.com\/sl\/product\/kupi-mdpv-metilendioksipirovaleron-prah\/","name":"Kupite MDPV (metilendioksipirovaleron) v prahu - najbolj\u0161a zdravila na svetu","isPartOf":{"@id":"https:\/\/medicinasinc.com\/sl\/#website"},"primaryImageOfPage":{"@id":"https:\/\/medicinasinc.com\/sl\/product\/kupi-mdpv-metilendioksipirovaleron-prah\/#primaryimage"},"image":{"@id":"https:\/\/medicinasinc.com\/sl\/product\/kupi-mdpv-metilendioksipirovaleron-prah\/#primaryimage"},"thumbnailUrl":"https:\/\/medicinasinc.com\/sl\/wp-content\/uploads\/sites\/7\/2022\/02\/buy-methylenedioxypyrovalerone.jpg","datePublished":"2022-02-22T01:51:04+00:00","dateModified":"2022-03-19T00:26:00+00:00","description":"Kupite MDPV za spletno prodajo v Zdru\u017eenem kraljestvu, Evropi tukaj na Bestglobalmeds. Nakup raziskovalnih kemikalij metilendioksipirovalerona na spletu je zelo te\u017eaven. Lahko pa zagotovimo vrhunsko MDPV za prodajo po zelo nizkih cenah.","breadcrumb":{"@id":"https:\/\/medicinasinc.com\/sl\/product\/kupi-mdpv-metilendioksipirovaleron-prah\/#breadcrumb"},"inLanguage":"en-US","potentialAction":[{"@type":"ReadAction","target":["https:\/\/medicinasinc.com\/sl\/product\/kupi-mdpv-metilendioksipirovaleron-prah\/"]}]},{"@type":"ImageObject","inLanguage":"en-US","@id":"https:\/\/medicinasinc.com\/sl\/product\/kupi-mdpv-metilendioksipirovaleron-prah\/#primaryimage","url":"https:\/\/medicinasinc.com\/sl\/wp-content\/uploads\/sites\/7\/2022\/02\/buy-methylenedioxypyrovalerone.jpg","contentUrl":"https:\/\/medicinasinc.com\/sl\/wp-content\/uploads\/sites\/7\/2022\/02\/buy-methylenedioxypyrovalerone.jpg","width":1400,"height":700},{"@type":"BreadcrumbList","@id":"https:\/\/medicinasinc.com\/sl\/product\/kupi-mdpv-metilendioksipirovaleron-prah\/#breadcrumb","itemListElement":[{"@type":"ListItem","position":1,"name":"Nakupujte","item":"https:\/\/medicinasinc.com\/sl\/nakupujte\/"},{"@type":"ListItem","position":2,"name":"Kupite MDPV (metilendioksipirovaleron) v prahu"}]},{"@type":"WebSite","@id":"https:\/\/medicinasinc.com\/sl\/#website","url":"https:\/\/medicinasinc.com\/sl\/","name":"Medicinas Inc","description":"Health Medical Clinic","potentialAction":[{"@type":"SearchAction","target":{"@type":"EntryPoint","urlTemplate":"https:\/\/medicinasinc.com\/sl\/?s={search_term_string}"},"query-input":{"@type":"PropertyValueSpecification","valueRequired":true,"valueName":"search_term_string"}}],"inLanguage":"en-US"}]}},"_links":{"self":[{"href":"https:\/\/medicinasinc.com\/sl\/wp-json\/wp\/v2\/product\/5565","targetHints":{"allow":["GET"]}}],"collection":[{"href":"https:\/\/medicinasinc.com\/sl\/wp-json\/wp\/v2\/product"}],"about":[{"href":"https:\/\/medicinasinc.com\/sl\/wp-json\/wp\/v2\/types\/product"}],"replies":[{"embeddable":true,"href":"https:\/\/medicinasinc.com\/sl\/wp-json\/wp\/v2\/comments?post=5565"}],"wp:featuredmedia":[{"embeddable":true,"href":"https:\/\/medicinasinc.com\/sl\/wp-json\/wp\/v2\/media\/5576"}],"wp:attachment":[{"href":"https:\/\/medicinasinc.com\/sl\/wp-json\/wp\/v2\/media?parent=5565"}],"wp:term":[{"taxonomy":"product_brand","embeddable":true,"href":"https:\/\/medicinasinc.com\/sl\/wp-json\/wp\/v2\/product_brand?post=5565"},{"taxonomy":"product_cat","embeddable":true,"href":"https:\/\/medicinasinc.com\/sl\/wp-json\/wp\/v2\/product_cat?post=5565"},{"taxonomy":"product_tag","embeddable":true,"href":"https:\/\/medicinasinc.com\/sl\/wp-json\/wp\/v2\/product_tag?post=5565"}],"curies":[{"name":"wp","href":"https:\/\/api.w.org\/{rel}","templated":true}]}}