{"id":5564,"date":"2022-02-22T01:48:50","date_gmt":"2022-02-22T01:48:50","guid":{"rendered":"https:\/\/medicinasinc.com\/sl\/?post_type=product&#038;p=5564"},"modified":"2022-03-19T00:26:09","modified_gmt":"2022-03-19T00:26:09","slug":"buy-mdai-crystal-powder","status":"publish","type":"product","link":"https:\/\/medicinasinc.com\/sl\/product\/buy-mdai-crystal-powder\/","title":{"rendered":"Kupite MDAI Crystal &amp; v prahu"},"content":{"rendered":"<p>Nakupujte MDAI kristale in prah v spletu.<\/p>\n<p>Kristale in prah MDAI za prodajo po zni\u017eanih cenah.<\/p>\n<p>Kupite MDAI pri nas.<\/p>\n<p>Na\u0161 glavni cilj je na\u0161 glavni cilj. je strankam zagotoviti vrhunske informacije in prvovrstne storitve. Raziskovalne skupine in obse\u017eni proizvodni obrati lahko najdejo RC v koli\u010dinah in kakovosti, ki jih potrebujejo. Pregled RC, ki skrbi za vse va\u0161e interese in cilje, lahko najdete tukaj. Na\u0161e podjetje predlaga svetovne kemikalije, ki temeljijo na najnovej\u0161em tehnolo\u0161kem napredku. Vsi elementi na tem seznamu nimajo prakti\u010dne uporabe za ljudi.<\/p>\n<p>Spodbujati je treba uporabo zdravil v laboratoriju, v znanstvene namene in za \u0161tudij. Zapisane kemikalije se lahko uporabljajo samo za raziskovanja, poskuse in teste. Paketi, ki so jih nedavno izdelale vodilne kitajske raziskovalne ustanove na trgu RC, so zdaj na voljo.<\/p>\n<p>\u010ce se zdaj dogovorite, vam bomo va\u0161 paket dostavili kamor koli v Zdru\u017eene dr\u017eave, Evropo ali svet. Da bi zadovoljili va\u0161e potrebe, sodelujemo s \u0161tevilnimi vodilnimi svetovnimi laboratoriji, ki na\u010drtujejo izgradnjo RC, in va\u0161a zahteva je za na\u0161e podjetje izjemnega pomena.<\/p>\n<p>Na\u0161 prodajalec ima sede\u017e v Zdru\u017eenih dr\u017eavah Amerike. in deluje po vsem svetu. Na spletnem mestu lahko potro\u0161niki enostavno preverijo oceno in dostopnost RC za svoje potrebe. Stranke. Obrnite se na na\u0161o prijazno in ve\u010djezi\u010dno slu\u017ebo za stranke, \u010de \u017eelite izvedeti, kako narediti zahtevo. \u010ce vas zanima iskanje me\u0161anih ali zni\u017eanih snovi, se obrnite na nas za ve\u010d informacij. \u010ce na na\u0161em spletnem mestu ne najdete tistega, kar i\u0161\u010dete, se obrnite na nas za pomo\u010d. Kakovost je najpomembnej\u0161i dejavnik pri pridobivanju kemikalij za \u0161tudij.<\/p>\n","protected":false},"excerpt":{"rendered":"<p>Kupite MDAI Crystal &amp; Pra\u0161ek za prodajo v Zdru\u017eenem kraljestvu, Evropi poceni na spletu. MDAI ali 5,6-metilendioksi-2-aminoindan Kupite MDAI ali 5,6-metilendioksi-2-aminoindan.<\/p>\n","protected":false},"featured_media":5574,"comment_status":"open","ping_status":"closed","template":"","meta":[],"product_brand":[],"product_cat":[2014],"product_tag":[3093,2522,3097,3099,3100,3101,3102,2530,3108,3095,2525,3106,3096,3098,3103,3104,3105,2532,3107,3109,3115,3110,3111,3114,3116,3117,3118,3120,517,3122,2549,3123,3124,3113,3121,3125,3126,3127,3128,3129,3130,3131,3132,3133,3094,3112,3119,3134,3135],"class_list":{"0":"post-5564","1":"product","2":"type-product","3":"status-publish","4":"has-post-thumbnail","6":"product_cat-nakup-raziskave-kemikalije","7":"product_tag-4mmc-for-sale","8":"product_tag-buy-4mmc","9":"product_tag-buy-bath-salts","10":"product_tag-buy-lsd","11":"product_tag-buy-mdai","12":"product_tag-buy-mdai-crystal","13":"product_tag-buy-mdai-powder","14":"product_tag-buy-mephedrone-online","15":"product_tag-crystal-meth-for-sale","16":"product_tag-kopalne-soli-za-prodajo","17":"product_tag-kupi-mefedron","18":"product_tag-kupi-fenetilamin","19":"product_tag-kupi-amfetamin-speed","20":"product_tag-kupi-kristal-met","21":"product_tag-kupi-mijau-mijau","22":"product_tag-kupi-metilon","23":"product_tag-kupi-mkat","24":"product_tag-kupi-mefedron-rastlinsko-hrano","25":"product_tag-kupi-triptamin","26":"product_tag-lsd-na-prodaj","27":"product_tag-mdai-crystal-retail","28":"product_tag-mdai-crystal-buy","29":"product_tag-mdai-crystal-effect","30":"product_tag-mdai-crystal-reddit","31":"product_tag-mdai-crystal-wholesale","32":"product_tag-mdai-for-sale","33":"product_tag-mdai-powder-buy","34":"product_tag-mdai-powder-online","35":"product_tag-mdma-for-sale","36":"product_tag-meow-meow-sale","37":"product_tag-mephedrone-for-sale","38":"product_tag-methylone-for-sale","39":"product_tag-mkat-for-sale","40":"product_tag-mdai-kristal-red","41":"product_tag-mdai-powder-red","42":"product_tag-order-mdai-crystal","43":"product_tag-order-mdma","44":"product_tag-order-meow-meow","45":"product_tag-order-mephedrone","46":"product_tag-order-mephedrone-plant-food","47":"product_tag-order-meth-online","48":"product_tag-order-methylone","49":"product_tag-order-mkat","50":"product_tag-phenethylamine-for-sale","51":"product_tag-amfetamin-za-prodajo","52":"product_tag-mdai-kristal-na-prodaj","53":"product_tag-mdai-prah-na-prodaj","54":"product_tag-tryptamine-for-sale","55":"product_tag-where-to-buy-mdai-powder","57":"first","58":"instock","59":"shipping-taxable","60":"purchasable","61":"product-type-variable","62":"has-default-attributes"},"yoast_head":"<!-- This site is optimized with the Yoast SEO plugin v27.3 - https:\/\/yoast.com\/product\/yoast-seo-wordpress\/ -->\n<title>Kupite MDAI Crystal &amp; Pra\u0161ek poceni na spletu - najbolj\u0161a zdravila na svetu<\/title>\n<meta name=\"description\" content=\"Kupite MDAI Crystal &amp; Pra\u0161ek za prodajo v Zdru\u017eenem kraljestvu, Evropi poceni na spletu. MDAI ali 5,6-metilendioksi-2-aminoindan Kupite MDAI ali 5,6-metilendioksi-2-aminoindan.\" \/>\n<meta name=\"robots\" content=\"index, follow, max-snippet:-1, max-image-preview:large, max-video-preview:-1\" \/>\n<link rel=\"canonical\" href=\"https:\/\/medicinasinc.com\/sl\/product\/buy-mdai-crystal-powder\/\" \/>\n<meta property=\"og:locale\" content=\"en_US\" \/>\n<meta property=\"og:type\" content=\"article\" \/>\n<meta property=\"og:title\" content=\"Kupite MDAI Crystal &amp; Pra\u0161ek poceni na spletu - najbolj\u0161a zdravila na svetu\" \/>\n<meta property=\"og:description\" content=\"Kupite MDAI Crystal &amp; Pra\u0161ek za prodajo v Zdru\u017eenem kraljestvu, Evropi poceni na spletu. MDAI ali 5,6-metilendioksi-2-aminoindan Kupite MDAI ali 5,6-metilendioksi-2-aminoindan.\" \/>\n<meta property=\"og:url\" content=\"https:\/\/medicinasinc.com\/sl\/product\/buy-mdai-crystal-powder\/\" \/>\n<meta property=\"og:site_name\" content=\"Medicinas Inc\" \/>\n<meta property=\"article:modified_time\" content=\"2022-03-19T00:26:09+00:00\" \/>\n<meta property=\"og:image\" content=\"https:\/\/medicinasinc.com\/sl\/wp-content\/uploads\/sites\/7\/2022\/02\/buy-mdai-crystal-powder-cheap-online.jpg\" \/>\n\t<meta property=\"og:image:width\" content=\"600\" \/>\n\t<meta property=\"og:image:height\" content=\"600\" \/>\n\t<meta property=\"og:image:type\" content=\"image\/jpeg\" \/>\n<meta name=\"twitter:card\" content=\"summary_large_image\" \/>\n<meta name=\"twitter:label1\" content=\"Est. reading time\" \/>\n\t<meta name=\"twitter:data1\" content=\"2 minutes\" \/>\n<script type=\"application\/ld+json\" class=\"yoast-schema-graph\">{\"@context\":\"https:\\\/\\\/schema.org\",\"@graph\":[{\"@type\":\"WebPage\",\"@id\":\"https:\\\/\\\/medicinasinc.com\\\/sl\\\/product\\\/buy-mdai-crystal-powder\\\/\",\"url\":\"https:\\\/\\\/medicinasinc.com\\\/sl\\\/product\\\/buy-mdai-crystal-powder\\\/\",\"name\":\"Kupite MDAI Crystal &amp; Pra\u0161ek poceni na spletu - najbolj\u0161a zdravila na svetu\",\"isPartOf\":{\"@id\":\"https:\\\/\\\/medicinasinc.com\\\/sl\\\/#website\"},\"primaryImageOfPage\":{\"@id\":\"https:\\\/\\\/medicinasinc.com\\\/sl\\\/product\\\/buy-mdai-crystal-powder\\\/#primaryimage\"},\"image\":{\"@id\":\"https:\\\/\\\/medicinasinc.com\\\/sl\\\/product\\\/buy-mdai-crystal-powder\\\/#primaryimage\"},\"thumbnailUrl\":\"https:\\\/\\\/medicinasinc.com\\\/sl\\\/wp-content\\\/uploads\\\/sites\\\/7\\\/2022\\\/02\\\/buy-mdai-crystal-powder-cheap-online.jpg\",\"datePublished\":\"2022-02-22T01:48:50+00:00\",\"dateModified\":\"2022-03-19T00:26:09+00:00\",\"description\":\"Kupite MDAI Crystal &amp; Pra\u0161ek za prodajo v Zdru\u017eenem kraljestvu, Evropi poceni na spletu. MDAI ali 5,6-metilendioksi-2-aminoindan Kupite MDAI ali 5,6-metilendioksi-2-aminoindan.\",\"breadcrumb\":{\"@id\":\"https:\\\/\\\/medicinasinc.com\\\/sl\\\/product\\\/buy-mdai-crystal-powder\\\/#breadcrumb\"},\"inLanguage\":\"en-US\",\"potentialAction\":[{\"@type\":\"ReadAction\",\"target\":[\"https:\\\/\\\/medicinasinc.com\\\/sl\\\/product\\\/buy-mdai-crystal-powder\\\/\"]}]},{\"@type\":\"ImageObject\",\"inLanguage\":\"en-US\",\"@id\":\"https:\\\/\\\/medicinasinc.com\\\/sl\\\/product\\\/buy-mdai-crystal-powder\\\/#primaryimage\",\"url\":\"https:\\\/\\\/medicinasinc.com\\\/sl\\\/wp-content\\\/uploads\\\/sites\\\/7\\\/2022\\\/02\\\/buy-mdai-crystal-powder-cheap-online.jpg\",\"contentUrl\":\"https:\\\/\\\/medicinasinc.com\\\/sl\\\/wp-content\\\/uploads\\\/sites\\\/7\\\/2022\\\/02\\\/buy-mdai-crystal-powder-cheap-online.jpg\",\"width\":600,\"height\":600},{\"@type\":\"BreadcrumbList\",\"@id\":\"https:\\\/\\\/medicinasinc.com\\\/sl\\\/product\\\/buy-mdai-crystal-powder\\\/#breadcrumb\",\"itemListElement\":[{\"@type\":\"ListItem\",\"position\":1,\"name\":\"Nakupujte\",\"item\":\"https:\\\/\\\/medicinasinc.com\\\/sl\\\/nakupujte\\\/\"},{\"@type\":\"ListItem\",\"position\":2,\"name\":\"Kupite MDAI Crystal &amp; v prahu\"}]},{\"@type\":\"WebSite\",\"@id\":\"https:\\\/\\\/medicinasinc.com\\\/sl\\\/#website\",\"url\":\"https:\\\/\\\/medicinasinc.com\\\/sl\\\/\",\"name\":\"Medicinas Inc\",\"description\":\"Health Medical Clinic\",\"potentialAction\":[{\"@type\":\"SearchAction\",\"target\":{\"@type\":\"EntryPoint\",\"urlTemplate\":\"https:\\\/\\\/medicinasinc.com\\\/sl\\\/?s={search_term_string}\"},\"query-input\":{\"@type\":\"PropertyValueSpecification\",\"valueRequired\":true,\"valueName\":\"search_term_string\"}}],\"inLanguage\":\"en-US\"}]}<\/script>\n<!-- \/ Yoast SEO plugin. -->","yoast_head_json":{"title":"Kupite MDAI Crystal &amp; Pra\u0161ek poceni na spletu - najbolj\u0161a zdravila na svetu","description":"Kupite MDAI Crystal &amp; Pra\u0161ek za prodajo v Zdru\u017eenem kraljestvu, Evropi poceni na spletu. MDAI ali 5,6-metilendioksi-2-aminoindan Kupite MDAI ali 5,6-metilendioksi-2-aminoindan.","robots":{"index":"index","follow":"follow","max-snippet":"max-snippet:-1","max-image-preview":"max-image-preview:large","max-video-preview":"max-video-preview:-1"},"canonical":"https:\/\/medicinasinc.com\/sl\/product\/buy-mdai-crystal-powder\/","og_locale":"en_US","og_type":"article","og_title":"Kupite MDAI Crystal &amp; Pra\u0161ek poceni na spletu - najbolj\u0161a zdravila na svetu","og_description":"Kupite MDAI Crystal &amp; Pra\u0161ek za prodajo v Zdru\u017eenem kraljestvu, Evropi poceni na spletu. MDAI ali 5,6-metilendioksi-2-aminoindan Kupite MDAI ali 5,6-metilendioksi-2-aminoindan.","og_url":"https:\/\/medicinasinc.com\/sl\/product\/buy-mdai-crystal-powder\/","og_site_name":"Medicinas Inc","article_modified_time":"2022-03-19T00:26:09+00:00","og_image":[{"width":600,"height":600,"url":"https:\/\/medicinasinc.com\/sl\/wp-content\/uploads\/sites\/7\/2022\/02\/buy-mdai-crystal-powder-cheap-online.jpg","type":"image\/jpeg"}],"twitter_card":"summary_large_image","twitter_misc":{"Est. reading time":"2 minutes"},"schema":{"@context":"https:\/\/schema.org","@graph":[{"@type":"WebPage","@id":"https:\/\/medicinasinc.com\/sl\/product\/buy-mdai-crystal-powder\/","url":"https:\/\/medicinasinc.com\/sl\/product\/buy-mdai-crystal-powder\/","name":"Kupite MDAI Crystal &amp; Pra\u0161ek poceni na spletu - najbolj\u0161a zdravila na svetu","isPartOf":{"@id":"https:\/\/medicinasinc.com\/sl\/#website"},"primaryImageOfPage":{"@id":"https:\/\/medicinasinc.com\/sl\/product\/buy-mdai-crystal-powder\/#primaryimage"},"image":{"@id":"https:\/\/medicinasinc.com\/sl\/product\/buy-mdai-crystal-powder\/#primaryimage"},"thumbnailUrl":"https:\/\/medicinasinc.com\/sl\/wp-content\/uploads\/sites\/7\/2022\/02\/buy-mdai-crystal-powder-cheap-online.jpg","datePublished":"2022-02-22T01:48:50+00:00","dateModified":"2022-03-19T00:26:09+00:00","description":"Kupite MDAI Crystal &amp; Pra\u0161ek za prodajo v Zdru\u017eenem kraljestvu, Evropi poceni na spletu. MDAI ali 5,6-metilendioksi-2-aminoindan Kupite MDAI ali 5,6-metilendioksi-2-aminoindan.","breadcrumb":{"@id":"https:\/\/medicinasinc.com\/sl\/product\/buy-mdai-crystal-powder\/#breadcrumb"},"inLanguage":"en-US","potentialAction":[{"@type":"ReadAction","target":["https:\/\/medicinasinc.com\/sl\/product\/buy-mdai-crystal-powder\/"]}]},{"@type":"ImageObject","inLanguage":"en-US","@id":"https:\/\/medicinasinc.com\/sl\/product\/buy-mdai-crystal-powder\/#primaryimage","url":"https:\/\/medicinasinc.com\/sl\/wp-content\/uploads\/sites\/7\/2022\/02\/buy-mdai-crystal-powder-cheap-online.jpg","contentUrl":"https:\/\/medicinasinc.com\/sl\/wp-content\/uploads\/sites\/7\/2022\/02\/buy-mdai-crystal-powder-cheap-online.jpg","width":600,"height":600},{"@type":"BreadcrumbList","@id":"https:\/\/medicinasinc.com\/sl\/product\/buy-mdai-crystal-powder\/#breadcrumb","itemListElement":[{"@type":"ListItem","position":1,"name":"Nakupujte","item":"https:\/\/medicinasinc.com\/sl\/nakupujte\/"},{"@type":"ListItem","position":2,"name":"Kupite MDAI Crystal &amp; v prahu"}]},{"@type":"WebSite","@id":"https:\/\/medicinasinc.com\/sl\/#website","url":"https:\/\/medicinasinc.com\/sl\/","name":"Medicinas Inc","description":"Health Medical Clinic","potentialAction":[{"@type":"SearchAction","target":{"@type":"EntryPoint","urlTemplate":"https:\/\/medicinasinc.com\/sl\/?s={search_term_string}"},"query-input":{"@type":"PropertyValueSpecification","valueRequired":true,"valueName":"search_term_string"}}],"inLanguage":"en-US"}]}},"_links":{"self":[{"href":"https:\/\/medicinasinc.com\/sl\/wp-json\/wp\/v2\/product\/5564","targetHints":{"allow":["GET"]}}],"collection":[{"href":"https:\/\/medicinasinc.com\/sl\/wp-json\/wp\/v2\/product"}],"about":[{"href":"https:\/\/medicinasinc.com\/sl\/wp-json\/wp\/v2\/types\/product"}],"replies":[{"embeddable":true,"href":"https:\/\/medicinasinc.com\/sl\/wp-json\/wp\/v2\/comments?post=5564"}],"wp:featuredmedia":[{"embeddable":true,"href":"https:\/\/medicinasinc.com\/sl\/wp-json\/wp\/v2\/media\/5574"}],"wp:attachment":[{"href":"https:\/\/medicinasinc.com\/sl\/wp-json\/wp\/v2\/media?parent=5564"}],"wp:term":[{"taxonomy":"product_brand","embeddable":true,"href":"https:\/\/medicinasinc.com\/sl\/wp-json\/wp\/v2\/product_brand?post=5564"},{"taxonomy":"product_cat","embeddable":true,"href":"https:\/\/medicinasinc.com\/sl\/wp-json\/wp\/v2\/product_cat?post=5564"},{"taxonomy":"product_tag","embeddable":true,"href":"https:\/\/medicinasinc.com\/sl\/wp-json\/wp\/v2\/product_tag?post=5564"}],"curies":[{"name":"wp","href":"https:\/\/api.w.org\/{rel}","templated":true}]}}