{"id":5563,"date":"2022-02-22T01:47:13","date_gmt":"2022-02-22T01:47:13","guid":{"rendered":"https:\/\/medicinasinc.com\/sl\/?post_type=product&#038;p=5563"},"modified":"2022-03-19T00:26:21","modified_gmt":"2022-03-19T00:26:21","slug":"kupi-slonokosceni-val-kopel-sol","status":"publish","type":"product","link":"https:\/\/medicinasinc.com\/sl\/product\/kupi-slonokosceni-val-kopel-sol\/","title":{"rendered":"Kupite kopalno sol slonoko\u0161\u010dene Wave"},"content":{"rendered":"<p>Kopalne soli podjetja Best Global Meds so najbolj\u0161e kakovosti in vas bodo po spro\u0161\u010dujo\u010dem namakanju pustile \u010diste in osve\u017eene. Ker prodajamo le izdelke najvi\u0161je kakovosti, ste lahko prepri\u010dani, da veste, da bo va\u0161 nakup &#8220;kupite kopalne soli s slonoko\u0161\u010denim valovom prek spleta&#8221; prispel v odli\u010dnem stanju. Po razumnih cenah v razsutem stanju in v maloprodaji je na voljo tudi ve\u010d vrst koncentriranih kopalnih soli.<\/p>\n<p>Vonj na\u0161ih kopalnih soli napolni prostor!<\/p>\n<p>Kopalne soli Ivory Wave lahko kupite na spletu.<\/p>\n<p>Kje lahko kupite kopalne soli Ivory Wave prek interneta? Kopalne soli Ivory wave lahko kupite na spletu v Chemicals Lab brez kakr\u0161nega koli truda ali nerodnosti. Vsaki\u010d, ko v na\u0161i spletni lekarni kupite sol za kopanje s slonoko\u0161\u010denim valovom, se potrudimo, da zagotovimo najbolj\u0161o mo\u017eno ceno. Na\u0161e poslanstvo pri Best Global Meds je zni\u017eati stro\u0161ke na\u0161ih strank in hkrati pove\u010dati vrednost, ki jo prejmejo.<\/p>\n","protected":false},"excerpt":{"rendered":"<div class=\"woocommerce-product-details__short-description\">\n<p>Ali na spletu prepla\u010dujete za kopalne soli s slonoko\u0161\u010denim valovom? Kupite kopalne soli s slonoko\u0161\u010denim valovom za prodajo v Zdru\u017eenem kraljestvu, Evropi na spletu pri Best Global Meds. Spoznajte kopalne soli s slonoko\u0161\u010denim valovom za prodajo<\/p>\n<p>&nbsp;<\/p>\n<\/p><\/div>\n","protected":false},"featured_media":5572,"comment_status":"open","ping_status":"closed","template":"","meta":[],"product_brand":[],"product_cat":[2014],"product_tag":[3081,3082,3086,3087,3088,3085,3089,3091,3084,3083,3090,3092],"class_list":{"0":"post-5563","1":"product","2":"type-product","3":"status-publish","4":"has-post-thumbnail","6":"product_cat-nakup-raziskave-kemikalije","7":"product_tag-buy-ivory-wave-bath-salts-online","8":"product_tag-kupi-volory-wave-bath-salt","9":"product_tag-lvory-wave-bath-salt-effect","10":"product_tag-lvory-wave-bath-salt-europe","11":"product_tag-lvory-wave-bath-salt-online","12":"product_tag-lvory-wave-bath-salt-buy","13":"product_tag-lvory-wave-bath-salt-order","14":"product_tag-order-ivory-wave-bath-salts-online","15":"product_tag-slonokoene-valne-kopalne-soli-na-prodaj","16":"product_tag-kopalne-soli-slonokoenih-valov","17":"product_tag-lvory-wave-bath-sole-veleprodaja","18":"product_tag-where-to-buy-ivory-wave-bath-salts","20":"first","21":"instock","22":"shipping-taxable","23":"purchasable","24":"product-type-variable"},"yoast_head":"<!-- This site is optimized with the Yoast SEO plugin v27.3 - https:\/\/yoast.com\/product\/yoast-seo-wordpress\/ -->\n<title>Kupite kopalno sol Ivory Wave - kopalno sol Lvory Wave - Best Global Meds<\/title>\n<meta name=\"description\" content=\"Ali prepla\u010dujete za kopalne soli s slonoko\u0161\u010denim valovom na spletu? Kupite kopalne soli s slonoko\u0161\u010denim valovom za prodajo v Zdru\u017eenem kraljestvu, Evropi na spletu pri Best Global Meds. Spoznajte kopalne soli slonoko\u0161\u010denih valov za prodajo\" \/>\n<meta name=\"robots\" content=\"index, follow, max-snippet:-1, max-image-preview:large, max-video-preview:-1\" \/>\n<link rel=\"canonical\" href=\"https:\/\/medicinasinc.com\/sl\/product\/kupi-slonokosceni-val-kopel-sol\/\" \/>\n<meta property=\"og:locale\" content=\"en_US\" \/>\n<meta property=\"og:type\" content=\"article\" \/>\n<meta property=\"og:title\" content=\"Kupite kopalno sol Ivory Wave - kopalno sol Lvory Wave - Best Global Meds\" \/>\n<meta property=\"og:description\" content=\"Ali prepla\u010dujete za kopalne soli s slonoko\u0161\u010denim valovom na spletu? Kupite kopalne soli s slonoko\u0161\u010denim valovom za prodajo v Zdru\u017eenem kraljestvu, Evropi na spletu pri Best Global Meds. Spoznajte kopalne soli slonoko\u0161\u010denih valov za prodajo\" \/>\n<meta property=\"og:url\" content=\"https:\/\/medicinasinc.com\/sl\/product\/kupi-slonokosceni-val-kopel-sol\/\" \/>\n<meta property=\"og:site_name\" content=\"Medicinas Inc\" \/>\n<meta property=\"article:modified_time\" content=\"2022-03-19T00:26:21+00:00\" \/>\n<meta property=\"og:image\" content=\"https:\/\/medicinasinc.com\/sl\/wp-content\/uploads\/sites\/7\/2022\/02\/Buy-Lvory-Wave-Bath-Salt.jpg\" \/>\n\t<meta property=\"og:image:width\" content=\"450\" \/>\n\t<meta property=\"og:image:height\" content=\"316\" \/>\n\t<meta property=\"og:image:type\" content=\"image\/jpeg\" \/>\n<meta name=\"twitter:card\" content=\"summary_large_image\" \/>\n<meta name=\"twitter:label1\" content=\"Est. reading time\" \/>\n\t<meta name=\"twitter:data1\" content=\"1 minute\" \/>\n<script type=\"application\/ld+json\" class=\"yoast-schema-graph\">{\"@context\":\"https:\\\/\\\/schema.org\",\"@graph\":[{\"@type\":\"WebPage\",\"@id\":\"https:\\\/\\\/medicinasinc.com\\\/sl\\\/product\\\/kupi-slonokosceni-val-kopel-sol\\\/\",\"url\":\"https:\\\/\\\/medicinasinc.com\\\/sl\\\/product\\\/kupi-slonokosceni-val-kopel-sol\\\/\",\"name\":\"Kupite kopalno sol Ivory Wave - kopalno sol Lvory Wave - Best Global Meds\",\"isPartOf\":{\"@id\":\"https:\\\/\\\/medicinasinc.com\\\/sl\\\/#website\"},\"primaryImageOfPage\":{\"@id\":\"https:\\\/\\\/medicinasinc.com\\\/sl\\\/product\\\/kupi-slonokosceni-val-kopel-sol\\\/#primaryimage\"},\"image\":{\"@id\":\"https:\\\/\\\/medicinasinc.com\\\/sl\\\/product\\\/kupi-slonokosceni-val-kopel-sol\\\/#primaryimage\"},\"thumbnailUrl\":\"https:\\\/\\\/medicinasinc.com\\\/sl\\\/wp-content\\\/uploads\\\/sites\\\/7\\\/2022\\\/02\\\/Buy-Lvory-Wave-Bath-Salt.jpg\",\"datePublished\":\"2022-02-22T01:47:13+00:00\",\"dateModified\":\"2022-03-19T00:26:21+00:00\",\"description\":\"Ali prepla\u010dujete za kopalne soli s slonoko\u0161\u010denim valovom na spletu? Kupite kopalne soli s slonoko\u0161\u010denim valovom za prodajo v Zdru\u017eenem kraljestvu, Evropi na spletu pri Best Global Meds. Spoznajte kopalne soli slonoko\u0161\u010denih valov za prodajo\",\"breadcrumb\":{\"@id\":\"https:\\\/\\\/medicinasinc.com\\\/sl\\\/product\\\/kupi-slonokosceni-val-kopel-sol\\\/#breadcrumb\"},\"inLanguage\":\"en-US\",\"potentialAction\":[{\"@type\":\"ReadAction\",\"target\":[\"https:\\\/\\\/medicinasinc.com\\\/sl\\\/product\\\/kupi-slonokosceni-val-kopel-sol\\\/\"]}]},{\"@type\":\"ImageObject\",\"inLanguage\":\"en-US\",\"@id\":\"https:\\\/\\\/medicinasinc.com\\\/sl\\\/product\\\/kupi-slonokosceni-val-kopel-sol\\\/#primaryimage\",\"url\":\"https:\\\/\\\/medicinasinc.com\\\/sl\\\/wp-content\\\/uploads\\\/sites\\\/7\\\/2022\\\/02\\\/Buy-Lvory-Wave-Bath-Salt.jpg\",\"contentUrl\":\"https:\\\/\\\/medicinasinc.com\\\/sl\\\/wp-content\\\/uploads\\\/sites\\\/7\\\/2022\\\/02\\\/Buy-Lvory-Wave-Bath-Salt.jpg\",\"width\":450,\"height\":316},{\"@type\":\"BreadcrumbList\",\"@id\":\"https:\\\/\\\/medicinasinc.com\\\/sl\\\/product\\\/kupi-slonokosceni-val-kopel-sol\\\/#breadcrumb\",\"itemListElement\":[{\"@type\":\"ListItem\",\"position\":1,\"name\":\"Nakupujte\",\"item\":\"https:\\\/\\\/medicinasinc.com\\\/sl\\\/nakupujte\\\/\"},{\"@type\":\"ListItem\",\"position\":2,\"name\":\"Kupite kopalno sol slonoko\u0161\u010dene Wave\"}]},{\"@type\":\"WebSite\",\"@id\":\"https:\\\/\\\/medicinasinc.com\\\/sl\\\/#website\",\"url\":\"https:\\\/\\\/medicinasinc.com\\\/sl\\\/\",\"name\":\"Medicinas Inc\",\"description\":\"Health Medical Clinic\",\"potentialAction\":[{\"@type\":\"SearchAction\",\"target\":{\"@type\":\"EntryPoint\",\"urlTemplate\":\"https:\\\/\\\/medicinasinc.com\\\/sl\\\/?s={search_term_string}\"},\"query-input\":{\"@type\":\"PropertyValueSpecification\",\"valueRequired\":true,\"valueName\":\"search_term_string\"}}],\"inLanguage\":\"en-US\"}]}<\/script>\n<!-- \/ Yoast SEO plugin. -->","yoast_head_json":{"title":"Kupite kopalno sol Ivory Wave - kopalno sol Lvory Wave - Best Global Meds","description":"Ali prepla\u010dujete za kopalne soli s slonoko\u0161\u010denim valovom na spletu? Kupite kopalne soli s slonoko\u0161\u010denim valovom za prodajo v Zdru\u017eenem kraljestvu, Evropi na spletu pri Best Global Meds. Spoznajte kopalne soli slonoko\u0161\u010denih valov za prodajo","robots":{"index":"index","follow":"follow","max-snippet":"max-snippet:-1","max-image-preview":"max-image-preview:large","max-video-preview":"max-video-preview:-1"},"canonical":"https:\/\/medicinasinc.com\/sl\/product\/kupi-slonokosceni-val-kopel-sol\/","og_locale":"en_US","og_type":"article","og_title":"Kupite kopalno sol Ivory Wave - kopalno sol Lvory Wave - Best Global Meds","og_description":"Ali prepla\u010dujete za kopalne soli s slonoko\u0161\u010denim valovom na spletu? Kupite kopalne soli s slonoko\u0161\u010denim valovom za prodajo v Zdru\u017eenem kraljestvu, Evropi na spletu pri Best Global Meds. Spoznajte kopalne soli slonoko\u0161\u010denih valov za prodajo","og_url":"https:\/\/medicinasinc.com\/sl\/product\/kupi-slonokosceni-val-kopel-sol\/","og_site_name":"Medicinas Inc","article_modified_time":"2022-03-19T00:26:21+00:00","og_image":[{"width":450,"height":316,"url":"https:\/\/medicinasinc.com\/sl\/wp-content\/uploads\/sites\/7\/2022\/02\/Buy-Lvory-Wave-Bath-Salt.jpg","type":"image\/jpeg"}],"twitter_card":"summary_large_image","twitter_misc":{"Est. reading time":"1 minute"},"schema":{"@context":"https:\/\/schema.org","@graph":[{"@type":"WebPage","@id":"https:\/\/medicinasinc.com\/sl\/product\/kupi-slonokosceni-val-kopel-sol\/","url":"https:\/\/medicinasinc.com\/sl\/product\/kupi-slonokosceni-val-kopel-sol\/","name":"Kupite kopalno sol Ivory Wave - kopalno sol Lvory Wave - Best Global Meds","isPartOf":{"@id":"https:\/\/medicinasinc.com\/sl\/#website"},"primaryImageOfPage":{"@id":"https:\/\/medicinasinc.com\/sl\/product\/kupi-slonokosceni-val-kopel-sol\/#primaryimage"},"image":{"@id":"https:\/\/medicinasinc.com\/sl\/product\/kupi-slonokosceni-val-kopel-sol\/#primaryimage"},"thumbnailUrl":"https:\/\/medicinasinc.com\/sl\/wp-content\/uploads\/sites\/7\/2022\/02\/Buy-Lvory-Wave-Bath-Salt.jpg","datePublished":"2022-02-22T01:47:13+00:00","dateModified":"2022-03-19T00:26:21+00:00","description":"Ali prepla\u010dujete za kopalne soli s slonoko\u0161\u010denim valovom na spletu? Kupite kopalne soli s slonoko\u0161\u010denim valovom za prodajo v Zdru\u017eenem kraljestvu, Evropi na spletu pri Best Global Meds. Spoznajte kopalne soli slonoko\u0161\u010denih valov za prodajo","breadcrumb":{"@id":"https:\/\/medicinasinc.com\/sl\/product\/kupi-slonokosceni-val-kopel-sol\/#breadcrumb"},"inLanguage":"en-US","potentialAction":[{"@type":"ReadAction","target":["https:\/\/medicinasinc.com\/sl\/product\/kupi-slonokosceni-val-kopel-sol\/"]}]},{"@type":"ImageObject","inLanguage":"en-US","@id":"https:\/\/medicinasinc.com\/sl\/product\/kupi-slonokosceni-val-kopel-sol\/#primaryimage","url":"https:\/\/medicinasinc.com\/sl\/wp-content\/uploads\/sites\/7\/2022\/02\/Buy-Lvory-Wave-Bath-Salt.jpg","contentUrl":"https:\/\/medicinasinc.com\/sl\/wp-content\/uploads\/sites\/7\/2022\/02\/Buy-Lvory-Wave-Bath-Salt.jpg","width":450,"height":316},{"@type":"BreadcrumbList","@id":"https:\/\/medicinasinc.com\/sl\/product\/kupi-slonokosceni-val-kopel-sol\/#breadcrumb","itemListElement":[{"@type":"ListItem","position":1,"name":"Nakupujte","item":"https:\/\/medicinasinc.com\/sl\/nakupujte\/"},{"@type":"ListItem","position":2,"name":"Kupite kopalno sol slonoko\u0161\u010dene Wave"}]},{"@type":"WebSite","@id":"https:\/\/medicinasinc.com\/sl\/#website","url":"https:\/\/medicinasinc.com\/sl\/","name":"Medicinas Inc","description":"Health Medical Clinic","potentialAction":[{"@type":"SearchAction","target":{"@type":"EntryPoint","urlTemplate":"https:\/\/medicinasinc.com\/sl\/?s={search_term_string}"},"query-input":{"@type":"PropertyValueSpecification","valueRequired":true,"valueName":"search_term_string"}}],"inLanguage":"en-US"}]}},"_links":{"self":[{"href":"https:\/\/medicinasinc.com\/sl\/wp-json\/wp\/v2\/product\/5563","targetHints":{"allow":["GET"]}}],"collection":[{"href":"https:\/\/medicinasinc.com\/sl\/wp-json\/wp\/v2\/product"}],"about":[{"href":"https:\/\/medicinasinc.com\/sl\/wp-json\/wp\/v2\/types\/product"}],"replies":[{"embeddable":true,"href":"https:\/\/medicinasinc.com\/sl\/wp-json\/wp\/v2\/comments?post=5563"}],"wp:featuredmedia":[{"embeddable":true,"href":"https:\/\/medicinasinc.com\/sl\/wp-json\/wp\/v2\/media\/5572"}],"wp:attachment":[{"href":"https:\/\/medicinasinc.com\/sl\/wp-json\/wp\/v2\/media?parent=5563"}],"wp:term":[{"taxonomy":"product_brand","embeddable":true,"href":"https:\/\/medicinasinc.com\/sl\/wp-json\/wp\/v2\/product_brand?post=5563"},{"taxonomy":"product_cat","embeddable":true,"href":"https:\/\/medicinasinc.com\/sl\/wp-json\/wp\/v2\/product_cat?post=5563"},{"taxonomy":"product_tag","embeddable":true,"href":"https:\/\/medicinasinc.com\/sl\/wp-json\/wp\/v2\/product_tag?post=5563"}],"curies":[{"name":"wp","href":"https:\/\/api.w.org\/{rel}","templated":true}]}}