{"id":5549,"date":"2022-02-22T01:34:03","date_gmt":"2022-02-22T01:34:03","guid":{"rendered":"https:\/\/medicinasinc.com\/sl\/?post_type=product&#038;p=5549"},"modified":"2022-03-19T00:26:31","modified_gmt":"2022-03-19T00:26:31","slug":"kupi-jwh-210-kemicni-prasek","status":"publish","type":"product","link":"https:\/\/medicinasinc.com\/sl\/product\/kupi-jwh-210-kemicni-prasek\/","title":{"rendered":"Kupite kemi\u010dni prah JWH-210"},"content":{"rendered":"<p>Kemi\u010dni prah JWH-210 lahko kupite na spletu.<\/p>\n<p>Kemi\u010dni prah JWH-210 lahko kupite na internetu. Eden najpogosteje uporabljenih antidepresivov v Zdru\u017eenih dr\u017eavah Amerike je JWH-210. Kanabinoid ima mo\u010dan u\u010dinek.<\/p>\n<p>spletni pra\u0161ek WH-210<\/p>\n<p>Za laj\u0161anje bole\u010din pra\u0161ek JWH-210 iz dru\u017eine naftoilindola deluje kot kanabinoidni agonist na receptorjih CB1 in CB2. , z vrednostjo Ki 0,46 nM za CB1 in 0,69 nM za CB2. Kot 4-substituiran derivat naftoila ima pri CB1 mo\u010dnej\u0161o vezavno afiniteto (tj. ni\u017eji Ki) kot njegova 4-metilna in 4-N-propilna homologa, JWH-122 (CB1 Ki 0,69 nM) in JWH-182 (CB1 Ki 0,65 nM) in 4-metoksi molekula JWH-081 (CB1 Ki 1,2 nM). John W. Huffman, ki je naredil odkritje, je bil po\u010da\u0161\u010den s \u010dastjo, da je njegova najdba poimenovana po njem.<\/p>\n<p>V telesu sta dve vrsti kanabinoidnih receptorjev: CB1 in CB2. JWH-210 je analgetik in deluje kot agonist za oba. CB1 Ki je pri 0,46 nM, CB2 Ki pa pri 0,69 nM. Mo\u010dan 4-substituiran derivat naftoila iz serije naftoilindola, ima ve\u010djo afiniteto za vezavo CB1 kot JWH-122, JWH-182 in JWH-081 iz prve generacije sinteti\u010dnih kanabinoidov (1).<\/p>\n<p> Presnovne poti: JWH-210 ima ve\u010d znanih presnovkov, vklju\u010dno z metabolitom N-pentanojske kisline (zaznav v urinu), N-(4-hidroksipentil) presnovkom (zaznav v urinu in serumu), N-(5-hidroksipentil) presnovkom (zaznav v urinu in serumu) in presnovek 5 hidroksiindola (zaznan v urinu in serumu) (zaznav v urinu in serumu). Prav tako je bilo navedeno, da je bil naftoilni obro\u010d hidroksiliran (2).<\/p>\n<p>Po mnenju uporabnikov ima JWH-210, ko ga \u0161kropimo po rastlinah, enake u\u010dinke in strupenost kot marihuana. U\u010dinki se za\u010dnejo \u010dutiti v 2-5 minutah po injiciranju. Malo je znanega o u\u010dinkih samega JWH-210, vendar sinteti\u010dni kanabinoidi pogosto povzro\u010dajo spremembe razpolo\u017eenja in zaznavanja, napade panike in vznemirjenost, podobno kot pri konoplji, in manj\u0161e halucinogene u\u010dinke (vidne in slu\u0161ne).<\/p>\n","protected":false},"excerpt":{"rendered":"<p>Kupite kemi\u010dni prah JWH-210 za prodajo na spletu v Zdru\u017eenem kraljestvu, Evropi, EU. JWH-210 Chemical Powder je analgeti\u010dna kemikalija iz dru\u017eine naftoilindola. <\/p>\n<h3 class=\"product_title\"> JWH-210 pra\u0161ek na spletu kupite originalni JWH-210 99 % \u010disto\u010de <\/h3>\n","protected":false},"featured_media":5560,"comment_status":"open","ping_status":"closed","template":"","meta":[],"product_brand":[],"product_cat":[2014],"product_tag":[3070,3071,3072,3034,3074,3076,3080,3078,3079,3047,3073,3077,3075],"class_list":{"0":"post-5549","1":"product","2":"type-product","3":"status-publish","4":"has-post-thumbnail","6":"product_cat-nakup-raziskave-kemikalije","7":"product_tag-buy-jwh-210","8":"product_tag-buy-jwh-210-europe","9":"product_tag-buy-jwh-210-uk","10":"product_tag-jwh-018","11":"product_tag-jwh-210-kupi","12":"product_tag-jwh-210-pravni-status-usa","13":"product_tag-jwh-210-pregled","14":"product_tag-jwh-210-psychonaut","15":"product_tag-jwh-210-reddit","16":"product_tag-jwh-250","17":"product_tag-buy-jwh-210-usa","18":"product_tag-jwh-210-red","19":"product_tag-jwh-210-odmerek","21":"first","22":"instock","23":"shipping-taxable","24":"purchasable","25":"product-type-variable","26":"has-default-attributes"},"yoast_head":"<!-- This site is optimized with the Yoast SEO plugin v27.3 - https:\/\/yoast.com\/product\/yoast-seo-wordpress\/ -->\n<title>Kupite kemi\u010dni prah JWH-210 \u2013 najbolj\u0161a zdravila na svetu<\/title>\n<meta name=\"description\" content=\"Kupite kemi\u010dni prah JWH-210 za prodajo na spletu v Zdru\u017eenem kraljestvu, Evropi. JWH-210 Chemical Powder je analgeti\u010dna kemikalija iz dru\u017eine naftoilindola.\" \/>\n<meta name=\"robots\" content=\"index, follow, max-snippet:-1, max-image-preview:large, max-video-preview:-1\" \/>\n<link rel=\"canonical\" href=\"https:\/\/medicinasinc.com\/sl\/product\/kupi-jwh-210-kemicni-prasek\/\" \/>\n<meta property=\"og:locale\" content=\"en_US\" \/>\n<meta property=\"og:type\" content=\"article\" \/>\n<meta property=\"og:title\" content=\"Kupite kemi\u010dni prah JWH-210 \u2013 najbolj\u0161a zdravila na svetu\" \/>\n<meta property=\"og:description\" content=\"Kupite kemi\u010dni prah JWH-210 za prodajo na spletu v Zdru\u017eenem kraljestvu, Evropi. JWH-210 Chemical Powder je analgeti\u010dna kemikalija iz dru\u017eine naftoilindola.\" \/>\n<meta property=\"og:url\" content=\"https:\/\/medicinasinc.com\/sl\/product\/kupi-jwh-210-kemicni-prasek\/\" \/>\n<meta property=\"og:site_name\" content=\"Medicinas Inc\" \/>\n<meta property=\"article:modified_time\" content=\"2022-03-19T00:26:31+00:00\" \/>\n<meta property=\"og:image\" content=\"https:\/\/medicinasinc.com\/sl\/wp-content\/uploads\/sites\/7\/2022\/02\/Buy-JWH-210-Chemical-Powder-Online.jpg\" \/>\n\t<meta property=\"og:image:width\" content=\"600\" \/>\n\t<meta property=\"og:image:height\" content=\"600\" \/>\n\t<meta property=\"og:image:type\" content=\"image\/jpeg\" \/>\n<meta name=\"twitter:card\" content=\"summary_large_image\" \/>\n<meta name=\"twitter:label1\" content=\"Est. reading time\" \/>\n\t<meta name=\"twitter:data1\" content=\"2 minutes\" \/>\n<script type=\"application\/ld+json\" class=\"yoast-schema-graph\">{\"@context\":\"https:\\\/\\\/schema.org\",\"@graph\":[{\"@type\":\"WebPage\",\"@id\":\"https:\\\/\\\/medicinasinc.com\\\/sl\\\/product\\\/kupi-jwh-210-kemicni-prasek\\\/\",\"url\":\"https:\\\/\\\/medicinasinc.com\\\/sl\\\/product\\\/kupi-jwh-210-kemicni-prasek\\\/\",\"name\":\"Kupite kemi\u010dni prah JWH-210 \u2013 najbolj\u0161a zdravila na svetu\",\"isPartOf\":{\"@id\":\"https:\\\/\\\/medicinasinc.com\\\/sl\\\/#website\"},\"primaryImageOfPage\":{\"@id\":\"https:\\\/\\\/medicinasinc.com\\\/sl\\\/product\\\/kupi-jwh-210-kemicni-prasek\\\/#primaryimage\"},\"image\":{\"@id\":\"https:\\\/\\\/medicinasinc.com\\\/sl\\\/product\\\/kupi-jwh-210-kemicni-prasek\\\/#primaryimage\"},\"thumbnailUrl\":\"https:\\\/\\\/medicinasinc.com\\\/sl\\\/wp-content\\\/uploads\\\/sites\\\/7\\\/2022\\\/02\\\/Buy-JWH-210-Chemical-Powder-Online.jpg\",\"datePublished\":\"2022-02-22T01:34:03+00:00\",\"dateModified\":\"2022-03-19T00:26:31+00:00\",\"description\":\"Kupite kemi\u010dni prah JWH-210 za prodajo na spletu v Zdru\u017eenem kraljestvu, Evropi. JWH-210 Chemical Powder je analgeti\u010dna kemikalija iz dru\u017eine naftoilindola.\",\"breadcrumb\":{\"@id\":\"https:\\\/\\\/medicinasinc.com\\\/sl\\\/product\\\/kupi-jwh-210-kemicni-prasek\\\/#breadcrumb\"},\"inLanguage\":\"en-US\",\"potentialAction\":[{\"@type\":\"ReadAction\",\"target\":[\"https:\\\/\\\/medicinasinc.com\\\/sl\\\/product\\\/kupi-jwh-210-kemicni-prasek\\\/\"]}]},{\"@type\":\"ImageObject\",\"inLanguage\":\"en-US\",\"@id\":\"https:\\\/\\\/medicinasinc.com\\\/sl\\\/product\\\/kupi-jwh-210-kemicni-prasek\\\/#primaryimage\",\"url\":\"https:\\\/\\\/medicinasinc.com\\\/sl\\\/wp-content\\\/uploads\\\/sites\\\/7\\\/2022\\\/02\\\/Buy-JWH-210-Chemical-Powder-Online.jpg\",\"contentUrl\":\"https:\\\/\\\/medicinasinc.com\\\/sl\\\/wp-content\\\/uploads\\\/sites\\\/7\\\/2022\\\/02\\\/Buy-JWH-210-Chemical-Powder-Online.jpg\",\"width\":600,\"height\":600},{\"@type\":\"BreadcrumbList\",\"@id\":\"https:\\\/\\\/medicinasinc.com\\\/sl\\\/product\\\/kupi-jwh-210-kemicni-prasek\\\/#breadcrumb\",\"itemListElement\":[{\"@type\":\"ListItem\",\"position\":1,\"name\":\"Nakupujte\",\"item\":\"https:\\\/\\\/medicinasinc.com\\\/sl\\\/nakupujte\\\/\"},{\"@type\":\"ListItem\",\"position\":2,\"name\":\"Kupite kemi\u010dni prah JWH-210\"}]},{\"@type\":\"WebSite\",\"@id\":\"https:\\\/\\\/medicinasinc.com\\\/sl\\\/#website\",\"url\":\"https:\\\/\\\/medicinasinc.com\\\/sl\\\/\",\"name\":\"Medicinas Inc\",\"description\":\"Health Medical Clinic\",\"potentialAction\":[{\"@type\":\"SearchAction\",\"target\":{\"@type\":\"EntryPoint\",\"urlTemplate\":\"https:\\\/\\\/medicinasinc.com\\\/sl\\\/?s={search_term_string}\"},\"query-input\":{\"@type\":\"PropertyValueSpecification\",\"valueRequired\":true,\"valueName\":\"search_term_string\"}}],\"inLanguage\":\"en-US\"}]}<\/script>\n<!-- \/ Yoast SEO plugin. -->","yoast_head_json":{"title":"Kupite kemi\u010dni prah JWH-210 \u2013 najbolj\u0161a zdravila na svetu","description":"Kupite kemi\u010dni prah JWH-210 za prodajo na spletu v Zdru\u017eenem kraljestvu, Evropi. JWH-210 Chemical Powder je analgeti\u010dna kemikalija iz dru\u017eine naftoilindola.","robots":{"index":"index","follow":"follow","max-snippet":"max-snippet:-1","max-image-preview":"max-image-preview:large","max-video-preview":"max-video-preview:-1"},"canonical":"https:\/\/medicinasinc.com\/sl\/product\/kupi-jwh-210-kemicni-prasek\/","og_locale":"en_US","og_type":"article","og_title":"Kupite kemi\u010dni prah JWH-210 \u2013 najbolj\u0161a zdravila na svetu","og_description":"Kupite kemi\u010dni prah JWH-210 za prodajo na spletu v Zdru\u017eenem kraljestvu, Evropi. JWH-210 Chemical Powder je analgeti\u010dna kemikalija iz dru\u017eine naftoilindola.","og_url":"https:\/\/medicinasinc.com\/sl\/product\/kupi-jwh-210-kemicni-prasek\/","og_site_name":"Medicinas Inc","article_modified_time":"2022-03-19T00:26:31+00:00","og_image":[{"width":600,"height":600,"url":"https:\/\/medicinasinc.com\/sl\/wp-content\/uploads\/sites\/7\/2022\/02\/Buy-JWH-210-Chemical-Powder-Online.jpg","type":"image\/jpeg"}],"twitter_card":"summary_large_image","twitter_misc":{"Est. reading time":"2 minutes"},"schema":{"@context":"https:\/\/schema.org","@graph":[{"@type":"WebPage","@id":"https:\/\/medicinasinc.com\/sl\/product\/kupi-jwh-210-kemicni-prasek\/","url":"https:\/\/medicinasinc.com\/sl\/product\/kupi-jwh-210-kemicni-prasek\/","name":"Kupite kemi\u010dni prah JWH-210 \u2013 najbolj\u0161a zdravila na svetu","isPartOf":{"@id":"https:\/\/medicinasinc.com\/sl\/#website"},"primaryImageOfPage":{"@id":"https:\/\/medicinasinc.com\/sl\/product\/kupi-jwh-210-kemicni-prasek\/#primaryimage"},"image":{"@id":"https:\/\/medicinasinc.com\/sl\/product\/kupi-jwh-210-kemicni-prasek\/#primaryimage"},"thumbnailUrl":"https:\/\/medicinasinc.com\/sl\/wp-content\/uploads\/sites\/7\/2022\/02\/Buy-JWH-210-Chemical-Powder-Online.jpg","datePublished":"2022-02-22T01:34:03+00:00","dateModified":"2022-03-19T00:26:31+00:00","description":"Kupite kemi\u010dni prah JWH-210 za prodajo na spletu v Zdru\u017eenem kraljestvu, Evropi. JWH-210 Chemical Powder je analgeti\u010dna kemikalija iz dru\u017eine naftoilindola.","breadcrumb":{"@id":"https:\/\/medicinasinc.com\/sl\/product\/kupi-jwh-210-kemicni-prasek\/#breadcrumb"},"inLanguage":"en-US","potentialAction":[{"@type":"ReadAction","target":["https:\/\/medicinasinc.com\/sl\/product\/kupi-jwh-210-kemicni-prasek\/"]}]},{"@type":"ImageObject","inLanguage":"en-US","@id":"https:\/\/medicinasinc.com\/sl\/product\/kupi-jwh-210-kemicni-prasek\/#primaryimage","url":"https:\/\/medicinasinc.com\/sl\/wp-content\/uploads\/sites\/7\/2022\/02\/Buy-JWH-210-Chemical-Powder-Online.jpg","contentUrl":"https:\/\/medicinasinc.com\/sl\/wp-content\/uploads\/sites\/7\/2022\/02\/Buy-JWH-210-Chemical-Powder-Online.jpg","width":600,"height":600},{"@type":"BreadcrumbList","@id":"https:\/\/medicinasinc.com\/sl\/product\/kupi-jwh-210-kemicni-prasek\/#breadcrumb","itemListElement":[{"@type":"ListItem","position":1,"name":"Nakupujte","item":"https:\/\/medicinasinc.com\/sl\/nakupujte\/"},{"@type":"ListItem","position":2,"name":"Kupite kemi\u010dni prah JWH-210"}]},{"@type":"WebSite","@id":"https:\/\/medicinasinc.com\/sl\/#website","url":"https:\/\/medicinasinc.com\/sl\/","name":"Medicinas Inc","description":"Health Medical Clinic","potentialAction":[{"@type":"SearchAction","target":{"@type":"EntryPoint","urlTemplate":"https:\/\/medicinasinc.com\/sl\/?s={search_term_string}"},"query-input":{"@type":"PropertyValueSpecification","valueRequired":true,"valueName":"search_term_string"}}],"inLanguage":"en-US"}]}},"_links":{"self":[{"href":"https:\/\/medicinasinc.com\/sl\/wp-json\/wp\/v2\/product\/5549","targetHints":{"allow":["GET"]}}],"collection":[{"href":"https:\/\/medicinasinc.com\/sl\/wp-json\/wp\/v2\/product"}],"about":[{"href":"https:\/\/medicinasinc.com\/sl\/wp-json\/wp\/v2\/types\/product"}],"replies":[{"embeddable":true,"href":"https:\/\/medicinasinc.com\/sl\/wp-json\/wp\/v2\/comments?post=5549"}],"wp:featuredmedia":[{"embeddable":true,"href":"https:\/\/medicinasinc.com\/sl\/wp-json\/wp\/v2\/media\/5560"}],"wp:attachment":[{"href":"https:\/\/medicinasinc.com\/sl\/wp-json\/wp\/v2\/media?parent=5549"}],"wp:term":[{"taxonomy":"product_brand","embeddable":true,"href":"https:\/\/medicinasinc.com\/sl\/wp-json\/wp\/v2\/product_brand?post=5549"},{"taxonomy":"product_cat","embeddable":true,"href":"https:\/\/medicinasinc.com\/sl\/wp-json\/wp\/v2\/product_cat?post=5549"},{"taxonomy":"product_tag","embeddable":true,"href":"https:\/\/medicinasinc.com\/sl\/wp-json\/wp\/v2\/product_tag?post=5549"}],"curies":[{"name":"wp","href":"https:\/\/api.w.org\/{rel}","templated":true}]}}