{"id":5548,"date":"2022-02-22T01:32:32","date_gmt":"2022-02-22T01:32:32","guid":{"rendered":"https:\/\/medicinasinc.com\/sl\/?post_type=product&#038;p=5548"},"modified":"2022-03-19T00:26:46","modified_gmt":"2022-03-19T00:26:46","slug":"buy-jwh-018-chemical","status":"publish","type":"product","link":"https:\/\/medicinasinc.com\/sl\/product\/buy-jwh-018-chemical\/","title":{"rendered":"Kupite JWH-018 Chemical"},"content":{"rendered":"<p>JWH-018 prah lahko kupite z Western Union\/MoneyGramom ali bitcoini na na\u0161em spletnem mestu. Zagotovljeno je, da je \u010dista vsaj 99,8 odstotka. Vsaka serija na\u0161ih raziskovalnih kemikalij je lahko opremljena s potrdilom o analizi (COA).<\/p>\n<p>En gram JWH-018 vsaka enota naro\u010dila vsebuje najmanj 99,8 % \u010distega JWH-018.<\/p>\n<p>Na prodaj je JWH 018 sprej.<\/p>\n<p>Preden se lotimo JWH-018, bi vam radi na kratko predstavili CBD.<br \/> Po podatkih ameri\u0161ke javne knji\u017enice medicine, CBD, okraj\u0161ava za kanabidiol, je sinteti\u010dna kemikalija, pridobljena iz rastline Cannabis sativa, v\u010dasih znana kot konoplja ali pomo\u010d.<br \/> V izdelkih, kot so olja in u\u017eitna \u017eivila, se uporablja za vzbujanje ob\u010dutka umirjenosti in sprostitve. Tako kot njegov bratranec, THC (delta-9-tetrahidrokanabinoidi), CBD nima psihotropnega u\u010dinka na telo.<br \/> Zestova doma\u010da me\u0161anica &#8220;Zest&#8221; vsebuje izdelan kanabinoid, znan kot JWH-018. Zaradi podobnih opojnih u\u010dinkov kot 9-THC se ta kanabinoid Zest uporablja nezakonito. Medtem ko je JWH-018 opazno mo\u010dnej\u0161i od enakovrednih meritev konoplje, predstavlja tudi ogromne izzive za odkrivanje s standardnimi \u0161tudijami testiranja 9-THC. JWH-018<br \/> JWH-018 je bil dodan na seznam zaskrbljujo\u010dih zdravil DEA julija 2009. Nekatere jurisdikcije so sprejele ukrepe za prepoved prodaje ali lastni\u0161tva Flavor (JWH-018), vklju\u010dno z Alabama, Arkansas , Georgia, Kansas, Kentucky, Severna Dakota in Tennessee, ne glede na poro\u010dani ulov Flavora v Ohiu in Floridi.<br \/> Ko gre za pr\u0161ilo jwh-018, ste pri\u0161li na pravo mesto, \u010de \u017eelite najbolj\u0161e. Visokokakovostno blago po\u0161iljamo v velikih koli\u010dinah po vsem svetu. Sprej jwh-018 je lahko va\u0161 v naslednjih petih delovnih dneh, \u010de ga naro\u010dite zdaj. Spletni nakup jwh-018.<\/p>\n","protected":false},"excerpt":{"rendered":"<div class=\"woocommerce-product-details__short-description\">\n<p>Na na\u0161i spletni strani imamo JWH-018 za prodajo. \u0160e nikoli videni stro\u0161ki. Razli\u010dica Best JWH-018 Essence v razpr\u0161ilu in prahu je zdaj na voljo za nakup. Bestglobalmeds.com je mesto za spletni nakup JWH-018.<\/p>\n<p>Kupite JWH-018 pri uglednem prodajalcu na drobno na spletu. \u017delite kupiti visokokakovosten jwh-018 po ugodni ceni. Naro\u010dite pri nas in se pridru\u017eite vrstam zadovoljnih strank.<\/p>\n<p>JWH-018<\/p>\n<p>Izdelek je popolnoma nov.<\/p>\n<p>Kupite JWH-018<\/p>\n<p>Aktivna snov:<br \/> Aktivna po:<br \/> Aktivni \u010das:<br \/> Ena enota naro\u010dila:<\/p>\n<p>JWH-018<br \/> 20-30 min. po uporabi<br \/> 4-5 ur<br \/> 1g min 99<\/p>\n<\/p><\/div>\n","protected":false},"featured_media":5558,"comment_status":"open","ping_status":"closed","template":"","meta":[],"product_brand":[],"product_cat":[2014],"product_tag":[3050,3053,3069,3054,3055,3056,3067,3059,3060,3061,3064,3062,3058,3065,3066,3068,3051,3052,3063,3057],"class_list":{"0":"post-5548","1":"product","2":"type-product","3":"status-publish","4":"has-post-thumbnail","6":"product_cat-nakup-raziskave-kemikalije","7":"product_tag-buy-jwh-018","8":"product_tag-how-to-make-jwh-018-spray","9":"product_tag-izdelki-ki-vsebujejo-jwh-018","10":"product_tag-jwh-praek","11":"product_tag-jwh-018-alternativa","12":"product_tag-jwh-018-kupi","13":"product_tag-jwh-018-trgovina-na-debelo","14":"product_tag-jwh-018-red","15":"product_tag-jwh-018-powder-price","16":"product_tag-jwh-018-price","17":"product_tag-jwh-018-razprodaja","18":"product_tag-jwh-018-reddit","19":"product_tag-jwh-018-spletni-nakup","20":"product_tag-jwh-018-spray-for-sale-uk","21":"product_tag-jwh-018-walmart","22":"product_tag-jwh-250-spray","23":"product_tag-buy-jwh-018-chemical","24":"product_tag-kupi-jwh-018-prah","25":"product_tag-jwh-018-pregled","26":"product_tag-jwh-018-na-prodaj","28":"first","29":"instock","30":"shipping-taxable","31":"purchasable","32":"product-type-variable","33":"has-default-attributes"},"yoast_head":"<!-- This site is optimized with the Yoast SEO plugin v27.3 - https:\/\/yoast.com\/product\/yoast-seo-wordpress\/ -->\n<title>Kupite JWH-018 Chemical - JWH-018 Chemical na spletu - Najbolj\u0161a globalna zdravila<\/title>\n<meta name=\"description\" content=\"Kupite JWH-018 Chemical Powder UK, ZAE, Evropa, Kitajska v na\u0161i spletni trgovini Bestglobalmeds.com s hitro dostavo po vsem svetu! Najbolj\u0161i JWH-018 za naro\u010danje boste na\u0161li tukaj!\" \/>\n<meta name=\"robots\" content=\"index, follow, max-snippet:-1, max-image-preview:large, max-video-preview:-1\" \/>\n<link rel=\"canonical\" href=\"https:\/\/medicinasinc.com\/sl\/product\/buy-jwh-018-chemical\/\" \/>\n<meta property=\"og:locale\" content=\"en_US\" \/>\n<meta property=\"og:type\" content=\"article\" \/>\n<meta property=\"og:title\" content=\"Kupite JWH-018 Chemical - JWH-018 Chemical na spletu - Najbolj\u0161a globalna zdravila\" \/>\n<meta property=\"og:description\" content=\"Kupite JWH-018 Chemical Powder UK, ZAE, Evropa, Kitajska v na\u0161i spletni trgovini Bestglobalmeds.com s hitro dostavo po vsem svetu! Najbolj\u0161i JWH-018 za naro\u010danje boste na\u0161li tukaj!\" \/>\n<meta property=\"og:url\" content=\"https:\/\/medicinasinc.com\/sl\/product\/buy-jwh-018-chemical\/\" \/>\n<meta property=\"og:site_name\" content=\"Medicinas Inc\" \/>\n<meta property=\"article:modified_time\" content=\"2022-03-19T00:26:46+00:00\" \/>\n<meta property=\"og:image\" content=\"https:\/\/medicinasinc.com\/sl\/wp-content\/uploads\/sites\/7\/2022\/02\/Buy-JWH-018-Chemical.jpg\" \/>\n\t<meta property=\"og:image:width\" content=\"593\" \/>\n\t<meta property=\"og:image:height\" content=\"400\" \/>\n\t<meta property=\"og:image:type\" content=\"image\/jpeg\" \/>\n<meta name=\"twitter:card\" content=\"summary_large_image\" \/>\n<meta name=\"twitter:label1\" content=\"Est. reading time\" \/>\n\t<meta name=\"twitter:data1\" content=\"2 minutes\" \/>\n<script type=\"application\/ld+json\" class=\"yoast-schema-graph\">{\"@context\":\"https:\\\/\\\/schema.org\",\"@graph\":[{\"@type\":\"WebPage\",\"@id\":\"https:\\\/\\\/medicinasinc.com\\\/sl\\\/product\\\/buy-jwh-018-chemical\\\/\",\"url\":\"https:\\\/\\\/medicinasinc.com\\\/sl\\\/product\\\/buy-jwh-018-chemical\\\/\",\"name\":\"Kupite JWH-018 Chemical - JWH-018 Chemical na spletu - Najbolj\u0161a globalna zdravila\",\"isPartOf\":{\"@id\":\"https:\\\/\\\/medicinasinc.com\\\/sl\\\/#website\"},\"primaryImageOfPage\":{\"@id\":\"https:\\\/\\\/medicinasinc.com\\\/sl\\\/product\\\/buy-jwh-018-chemical\\\/#primaryimage\"},\"image\":{\"@id\":\"https:\\\/\\\/medicinasinc.com\\\/sl\\\/product\\\/buy-jwh-018-chemical\\\/#primaryimage\"},\"thumbnailUrl\":\"https:\\\/\\\/medicinasinc.com\\\/sl\\\/wp-content\\\/uploads\\\/sites\\\/7\\\/2022\\\/02\\\/Buy-JWH-018-Chemical.jpg\",\"datePublished\":\"2022-02-22T01:32:32+00:00\",\"dateModified\":\"2022-03-19T00:26:46+00:00\",\"description\":\"Kupite JWH-018 Chemical Powder UK, ZAE, Evropa, Kitajska v na\u0161i spletni trgovini Bestglobalmeds.com s hitro dostavo po vsem svetu! Najbolj\u0161i JWH-018 za naro\u010danje boste na\u0161li tukaj!\",\"breadcrumb\":{\"@id\":\"https:\\\/\\\/medicinasinc.com\\\/sl\\\/product\\\/buy-jwh-018-chemical\\\/#breadcrumb\"},\"inLanguage\":\"en-US\",\"potentialAction\":[{\"@type\":\"ReadAction\",\"target\":[\"https:\\\/\\\/medicinasinc.com\\\/sl\\\/product\\\/buy-jwh-018-chemical\\\/\"]}]},{\"@type\":\"ImageObject\",\"inLanguage\":\"en-US\",\"@id\":\"https:\\\/\\\/medicinasinc.com\\\/sl\\\/product\\\/buy-jwh-018-chemical\\\/#primaryimage\",\"url\":\"https:\\\/\\\/medicinasinc.com\\\/sl\\\/wp-content\\\/uploads\\\/sites\\\/7\\\/2022\\\/02\\\/Buy-JWH-018-Chemical.jpg\",\"contentUrl\":\"https:\\\/\\\/medicinasinc.com\\\/sl\\\/wp-content\\\/uploads\\\/sites\\\/7\\\/2022\\\/02\\\/Buy-JWH-018-Chemical.jpg\",\"width\":593,\"height\":400},{\"@type\":\"BreadcrumbList\",\"@id\":\"https:\\\/\\\/medicinasinc.com\\\/sl\\\/product\\\/buy-jwh-018-chemical\\\/#breadcrumb\",\"itemListElement\":[{\"@type\":\"ListItem\",\"position\":1,\"name\":\"Nakupujte\",\"item\":\"https:\\\/\\\/medicinasinc.com\\\/sl\\\/nakupujte\\\/\"},{\"@type\":\"ListItem\",\"position\":2,\"name\":\"Kupite JWH-018 Chemical\"}]},{\"@type\":\"WebSite\",\"@id\":\"https:\\\/\\\/medicinasinc.com\\\/sl\\\/#website\",\"url\":\"https:\\\/\\\/medicinasinc.com\\\/sl\\\/\",\"name\":\"Medicinas Inc\",\"description\":\"Health Medical Clinic\",\"potentialAction\":[{\"@type\":\"SearchAction\",\"target\":{\"@type\":\"EntryPoint\",\"urlTemplate\":\"https:\\\/\\\/medicinasinc.com\\\/sl\\\/?s={search_term_string}\"},\"query-input\":{\"@type\":\"PropertyValueSpecification\",\"valueRequired\":true,\"valueName\":\"search_term_string\"}}],\"inLanguage\":\"en-US\"}]}<\/script>\n<!-- \/ Yoast SEO plugin. -->","yoast_head_json":{"title":"Kupite JWH-018 Chemical - JWH-018 Chemical na spletu - Najbolj\u0161a globalna zdravila","description":"Kupite JWH-018 Chemical Powder UK, ZAE, Evropa, Kitajska v na\u0161i spletni trgovini Bestglobalmeds.com s hitro dostavo po vsem svetu! Najbolj\u0161i JWH-018 za naro\u010danje boste na\u0161li tukaj!","robots":{"index":"index","follow":"follow","max-snippet":"max-snippet:-1","max-image-preview":"max-image-preview:large","max-video-preview":"max-video-preview:-1"},"canonical":"https:\/\/medicinasinc.com\/sl\/product\/buy-jwh-018-chemical\/","og_locale":"en_US","og_type":"article","og_title":"Kupite JWH-018 Chemical - JWH-018 Chemical na spletu - Najbolj\u0161a globalna zdravila","og_description":"Kupite JWH-018 Chemical Powder UK, ZAE, Evropa, Kitajska v na\u0161i spletni trgovini Bestglobalmeds.com s hitro dostavo po vsem svetu! Najbolj\u0161i JWH-018 za naro\u010danje boste na\u0161li tukaj!","og_url":"https:\/\/medicinasinc.com\/sl\/product\/buy-jwh-018-chemical\/","og_site_name":"Medicinas Inc","article_modified_time":"2022-03-19T00:26:46+00:00","og_image":[{"width":593,"height":400,"url":"https:\/\/medicinasinc.com\/sl\/wp-content\/uploads\/sites\/7\/2022\/02\/Buy-JWH-018-Chemical.jpg","type":"image\/jpeg"}],"twitter_card":"summary_large_image","twitter_misc":{"Est. reading time":"2 minutes"},"schema":{"@context":"https:\/\/schema.org","@graph":[{"@type":"WebPage","@id":"https:\/\/medicinasinc.com\/sl\/product\/buy-jwh-018-chemical\/","url":"https:\/\/medicinasinc.com\/sl\/product\/buy-jwh-018-chemical\/","name":"Kupite JWH-018 Chemical - JWH-018 Chemical na spletu - Najbolj\u0161a globalna zdravila","isPartOf":{"@id":"https:\/\/medicinasinc.com\/sl\/#website"},"primaryImageOfPage":{"@id":"https:\/\/medicinasinc.com\/sl\/product\/buy-jwh-018-chemical\/#primaryimage"},"image":{"@id":"https:\/\/medicinasinc.com\/sl\/product\/buy-jwh-018-chemical\/#primaryimage"},"thumbnailUrl":"https:\/\/medicinasinc.com\/sl\/wp-content\/uploads\/sites\/7\/2022\/02\/Buy-JWH-018-Chemical.jpg","datePublished":"2022-02-22T01:32:32+00:00","dateModified":"2022-03-19T00:26:46+00:00","description":"Kupite JWH-018 Chemical Powder UK, ZAE, Evropa, Kitajska v na\u0161i spletni trgovini Bestglobalmeds.com s hitro dostavo po vsem svetu! Najbolj\u0161i JWH-018 za naro\u010danje boste na\u0161li tukaj!","breadcrumb":{"@id":"https:\/\/medicinasinc.com\/sl\/product\/buy-jwh-018-chemical\/#breadcrumb"},"inLanguage":"en-US","potentialAction":[{"@type":"ReadAction","target":["https:\/\/medicinasinc.com\/sl\/product\/buy-jwh-018-chemical\/"]}]},{"@type":"ImageObject","inLanguage":"en-US","@id":"https:\/\/medicinasinc.com\/sl\/product\/buy-jwh-018-chemical\/#primaryimage","url":"https:\/\/medicinasinc.com\/sl\/wp-content\/uploads\/sites\/7\/2022\/02\/Buy-JWH-018-Chemical.jpg","contentUrl":"https:\/\/medicinasinc.com\/sl\/wp-content\/uploads\/sites\/7\/2022\/02\/Buy-JWH-018-Chemical.jpg","width":593,"height":400},{"@type":"BreadcrumbList","@id":"https:\/\/medicinasinc.com\/sl\/product\/buy-jwh-018-chemical\/#breadcrumb","itemListElement":[{"@type":"ListItem","position":1,"name":"Nakupujte","item":"https:\/\/medicinasinc.com\/sl\/nakupujte\/"},{"@type":"ListItem","position":2,"name":"Kupite JWH-018 Chemical"}]},{"@type":"WebSite","@id":"https:\/\/medicinasinc.com\/sl\/#website","url":"https:\/\/medicinasinc.com\/sl\/","name":"Medicinas Inc","description":"Health Medical Clinic","potentialAction":[{"@type":"SearchAction","target":{"@type":"EntryPoint","urlTemplate":"https:\/\/medicinasinc.com\/sl\/?s={search_term_string}"},"query-input":{"@type":"PropertyValueSpecification","valueRequired":true,"valueName":"search_term_string"}}],"inLanguage":"en-US"}]}},"_links":{"self":[{"href":"https:\/\/medicinasinc.com\/sl\/wp-json\/wp\/v2\/product\/5548","targetHints":{"allow":["GET"]}}],"collection":[{"href":"https:\/\/medicinasinc.com\/sl\/wp-json\/wp\/v2\/product"}],"about":[{"href":"https:\/\/medicinasinc.com\/sl\/wp-json\/wp\/v2\/types\/product"}],"replies":[{"embeddable":true,"href":"https:\/\/medicinasinc.com\/sl\/wp-json\/wp\/v2\/comments?post=5548"}],"wp:featuredmedia":[{"embeddable":true,"href":"https:\/\/medicinasinc.com\/sl\/wp-json\/wp\/v2\/media\/5558"}],"wp:attachment":[{"href":"https:\/\/medicinasinc.com\/sl\/wp-json\/wp\/v2\/media?parent=5548"}],"wp:term":[{"taxonomy":"product_brand","embeddable":true,"href":"https:\/\/medicinasinc.com\/sl\/wp-json\/wp\/v2\/product_brand?post=5548"},{"taxonomy":"product_cat","embeddable":true,"href":"https:\/\/medicinasinc.com\/sl\/wp-json\/wp\/v2\/product_cat?post=5548"},{"taxonomy":"product_tag","embeddable":true,"href":"https:\/\/medicinasinc.com\/sl\/wp-json\/wp\/v2\/product_tag?post=5548"}],"curies":[{"name":"wp","href":"https:\/\/api.w.org\/{rel}","templated":true}]}}