{"id":5547,"date":"2022-02-22T01:30:48","date_gmt":"2022-02-22T01:30:48","guid":{"rendered":"https:\/\/medicinasinc.com\/sl\/?post_type=product&#038;p=5547"},"modified":"2022-03-19T00:26:55","modified_gmt":"2022-03-19T00:26:55","slug":"buy-jwh-200-chemical","status":"publish","type":"product","link":"https:\/\/medicinasinc.com\/sl\/product\/buy-jwh-200-chemical\/","title":{"rendered":"Kupite JWH-200 Chemical"},"content":{"rendered":"<p>Povpra\u0161ajte o nakupu kemikalije JWH-200<\/p>\n<p>V dru\u017eini naftoilindola je AM-678 (1-pentil-3-(1-naftoil)indol) analgetik, ki je popoln agonist pri tako kanabinoidnih receptorjev CB1 kot CB2, z rahlo prednostjo za receptorje CB2. Uporablja se v izdelkih iz sinteti\u010dne konoplje, ki se v nekaterih dr\u017eavah zakonito prodajajo kot &#8220;me\u0161anice kadil&#8221;, ker ima u\u010dinke na \u017eivali, ki so primerljivi z u\u010dinki tetrahidrokanabinola (THC), kanabinoida, ki se naravno nahaja v konoplji. Research Chemicals JWH-200<\/p>\n<p>Z uporabo podgan Wistar, ki so jim dali etanolni ekstrakt, ki vsebuje JWH-200, so prou\u010devali presnovno aktivnost zdravila. Temu je sledila ekstrakcija metabolitov JWH-200 iz 24-urnih vzorcev urina z uporabo teko\u010de in trdne faze lo\u010devanja. Ekstrahirane kemikalije smo lo\u010dili in identificirali z uporabo GC-MS. Glavni signal so bili hidroksilirani N-dealkilirani presnovki, ne JWH-200 ali njegov N-dealkilirani metabolit. Opa\u017eeni masni premik ka\u017ee, da bosta naftalenski in indol hidroksilni skupini molekule verjetno podvr\u017eeni hidroksiliranju. Hidroksilirani presnovki so bili pri ljudeh v veliki meri konjugirani z glukuronidom, \u010deprav sta bili indolni obro\u010d in pentilna stranska veriga primarna mesta presnove.<\/p>\n<p>Raziskava kemi\u010dna uporaba JWH-200<\/p>\n<p>Mediji imajo poro\u010dali o vsaj enem primeru odvisnosti od JWH-200. Osem mesecev je uporabnik dnevno pil JWH-018. V primerjavi z u\u010dinki odvisnosti od konoplje so bili tukaj simptomi odtegnitve huj\u0161i. Po zdravljenju je bilo dokazano, da JWH-200 povzro\u010di pomembne spremembe v gostoti receptorjev CB1. Manj hitro kot primerljivi kanabinoidi povzro\u010da toleranco do njegovih u\u010dinkov.<\/p>\n","protected":false},"excerpt":{"rendered":"<div class=\"woocommerce-product-details__short-description\">\n<p>Kupite JWH-200 kemi\u010dni prah\u00a0 za prodajo v Zdru\u017eenem kraljestvu, Evropi na spletu. (1-(2-morfolin-4-iletil)indol-3-il)-naftalen-1-ilmetanon je drugo ime. Pridite in kupite zdaj!. Imamo najbolj\u0161e diskretno pakiranje in na\u010din po\u0161iljanja.<\/p>\n<\/p><\/div>\n","protected":false},"featured_media":5556,"comment_status":"open","ping_status":"closed","template":"","meta":[],"product_brand":[],"product_cat":[2014],"product_tag":[3029,3032,3034,3035,3037,3036,3040,3045,3041,3042,3038,3044,3046,3047,3033,3030,3031,3048,3043,3039,3049],"class_list":{"0":"post-5547","1":"product","2":"type-product","3":"status-publish","4":"has-post-thumbnail","6":"product_cat-nakup-raziskave-kemikalije","7":"product_tag-am-2233","8":"product_tag-buy-jwh-200-research-chemicals","9":"product_tag-jwh-018","10":"product_tag-jwh-073","11":"product_tag-jwh-200-effect","12":"product_tag-jwh-200-kupi","13":"product_tag-jwh-200-red","14":"product_tag-jwh-200-prodaja","15":"product_tag-jwh-200-reddit","16":"product_tag-jwh-200-retail","17":"product_tag-jwh-200-u-c4-8dinki","18":"product_tag-jwh-200-razprodaja","19":"product_tag-jwh-200-wholesale","20":"product_tag-jwh-250","21":"product_tag-how-to-order-jwh-200-online","22":"product_tag-buy-jwh-200-chemical","23":"product_tag-buy-jwh-200-online","24":"product_tag-nakup-jwh-200-raziskave-kemikalije","25":"product_tag-jwh-200-pregled","26":"product_tag-jwh-200-za-prodajo","27":"product_tag-where-to-order-jwh-200-research-chemicals","29":"first","30":"instock","31":"shipping-taxable","32":"purchasable","33":"product-type-variable","34":"has-default-attributes"},"yoast_head":"<!-- This site is optimized with the Yoast SEO plugin v27.3 - https:\/\/yoast.com\/product\/yoast-seo-wordpress\/ -->\n<title>Kupite JWH-200 Chemical - JWH-200 Chemical - Najbolj\u0161a globalna zdravila<\/title>\n<meta name=\"description\" content=\"Kupite JWH-200 Kemi\u010dni prah\u00a0 za prodajo v Zdru\u017eenem kraljestvu, Evropi na spletu. (1-(2-morfolin-4-iletil)indol-3-il)-naftalen-1-ilmetanon je drugo ime. Pridite in kupite zdaj!. Imamo najbolj\u0161i na\u010din diskretnega pakiranja in po\u0161iljanja.\" \/>\n<meta name=\"robots\" content=\"index, follow, max-snippet:-1, max-image-preview:large, max-video-preview:-1\" \/>\n<link rel=\"canonical\" href=\"https:\/\/medicinasinc.com\/sl\/product\/buy-jwh-200-chemical\/\" \/>\n<meta property=\"og:locale\" content=\"en_US\" \/>\n<meta property=\"og:type\" content=\"article\" \/>\n<meta property=\"og:title\" content=\"Kupite JWH-200 Chemical - JWH-200 Chemical - Najbolj\u0161a globalna zdravila\" \/>\n<meta property=\"og:description\" content=\"Kupite JWH-200 Kemi\u010dni prah\u00a0 za prodajo v Zdru\u017eenem kraljestvu, Evropi na spletu. (1-(2-morfolin-4-iletil)indol-3-il)-naftalen-1-ilmetanon je drugo ime. Pridite in kupite zdaj!. Imamo najbolj\u0161i na\u010din diskretnega pakiranja in po\u0161iljanja.\" \/>\n<meta property=\"og:url\" content=\"https:\/\/medicinasinc.com\/sl\/product\/buy-jwh-200-chemical\/\" \/>\n<meta property=\"og:site_name\" content=\"Medicinas Inc\" \/>\n<meta property=\"article:modified_time\" content=\"2022-03-19T00:26:55+00:00\" \/>\n<meta property=\"og:image\" content=\"https:\/\/medicinasinc.com\/sl\/wp-content\/uploads\/sites\/7\/2022\/02\/Buy-JWH-200-Chemical.jpg\" \/>\n\t<meta property=\"og:image:width\" content=\"458\" \/>\n\t<meta property=\"og:image:height\" content=\"458\" \/>\n\t<meta property=\"og:image:type\" content=\"image\/jpeg\" \/>\n<meta name=\"twitter:card\" content=\"summary_large_image\" \/>\n<meta name=\"twitter:label1\" content=\"Est. reading time\" \/>\n\t<meta name=\"twitter:data1\" content=\"2 minutes\" \/>\n<script type=\"application\/ld+json\" class=\"yoast-schema-graph\">{\"@context\":\"https:\\\/\\\/schema.org\",\"@graph\":[{\"@type\":\"WebPage\",\"@id\":\"https:\\\/\\\/medicinasinc.com\\\/sl\\\/product\\\/buy-jwh-200-chemical\\\/\",\"url\":\"https:\\\/\\\/medicinasinc.com\\\/sl\\\/product\\\/buy-jwh-200-chemical\\\/\",\"name\":\"Kupite JWH-200 Chemical - JWH-200 Chemical - Najbolj\u0161a globalna zdravila\",\"isPartOf\":{\"@id\":\"https:\\\/\\\/medicinasinc.com\\\/sl\\\/#website\"},\"primaryImageOfPage\":{\"@id\":\"https:\\\/\\\/medicinasinc.com\\\/sl\\\/product\\\/buy-jwh-200-chemical\\\/#primaryimage\"},\"image\":{\"@id\":\"https:\\\/\\\/medicinasinc.com\\\/sl\\\/product\\\/buy-jwh-200-chemical\\\/#primaryimage\"},\"thumbnailUrl\":\"https:\\\/\\\/medicinasinc.com\\\/sl\\\/wp-content\\\/uploads\\\/sites\\\/7\\\/2022\\\/02\\\/Buy-JWH-200-Chemical.jpg\",\"datePublished\":\"2022-02-22T01:30:48+00:00\",\"dateModified\":\"2022-03-19T00:26:55+00:00\",\"description\":\"Kupite JWH-200 Kemi\u010dni prah\u00a0 za prodajo v Zdru\u017eenem kraljestvu, Evropi na spletu. (1-(2-morfolin-4-iletil)indol-3-il)-naftalen-1-ilmetanon je drugo ime. Pridite in kupite zdaj!. Imamo najbolj\u0161i na\u010din diskretnega pakiranja in po\u0161iljanja.\",\"breadcrumb\":{\"@id\":\"https:\\\/\\\/medicinasinc.com\\\/sl\\\/product\\\/buy-jwh-200-chemical\\\/#breadcrumb\"},\"inLanguage\":\"en-US\",\"potentialAction\":[{\"@type\":\"ReadAction\",\"target\":[\"https:\\\/\\\/medicinasinc.com\\\/sl\\\/product\\\/buy-jwh-200-chemical\\\/\"]}]},{\"@type\":\"ImageObject\",\"inLanguage\":\"en-US\",\"@id\":\"https:\\\/\\\/medicinasinc.com\\\/sl\\\/product\\\/buy-jwh-200-chemical\\\/#primaryimage\",\"url\":\"https:\\\/\\\/medicinasinc.com\\\/sl\\\/wp-content\\\/uploads\\\/sites\\\/7\\\/2022\\\/02\\\/Buy-JWH-200-Chemical.jpg\",\"contentUrl\":\"https:\\\/\\\/medicinasinc.com\\\/sl\\\/wp-content\\\/uploads\\\/sites\\\/7\\\/2022\\\/02\\\/Buy-JWH-200-Chemical.jpg\",\"width\":458,\"height\":458},{\"@type\":\"BreadcrumbList\",\"@id\":\"https:\\\/\\\/medicinasinc.com\\\/sl\\\/product\\\/buy-jwh-200-chemical\\\/#breadcrumb\",\"itemListElement\":[{\"@type\":\"ListItem\",\"position\":1,\"name\":\"Nakupujte\",\"item\":\"https:\\\/\\\/medicinasinc.com\\\/sl\\\/nakupujte\\\/\"},{\"@type\":\"ListItem\",\"position\":2,\"name\":\"Kupite JWH-200 Chemical\"}]},{\"@type\":\"WebSite\",\"@id\":\"https:\\\/\\\/medicinasinc.com\\\/sl\\\/#website\",\"url\":\"https:\\\/\\\/medicinasinc.com\\\/sl\\\/\",\"name\":\"Medicinas Inc\",\"description\":\"Health Medical Clinic\",\"potentialAction\":[{\"@type\":\"SearchAction\",\"target\":{\"@type\":\"EntryPoint\",\"urlTemplate\":\"https:\\\/\\\/medicinasinc.com\\\/sl\\\/?s={search_term_string}\"},\"query-input\":{\"@type\":\"PropertyValueSpecification\",\"valueRequired\":true,\"valueName\":\"search_term_string\"}}],\"inLanguage\":\"en-US\"}]}<\/script>\n<!-- \/ Yoast SEO plugin. -->","yoast_head_json":{"title":"Kupite JWH-200 Chemical - JWH-200 Chemical - Najbolj\u0161a globalna zdravila","description":"Kupite JWH-200 Kemi\u010dni prah\u00a0 za prodajo v Zdru\u017eenem kraljestvu, Evropi na spletu. (1-(2-morfolin-4-iletil)indol-3-il)-naftalen-1-ilmetanon je drugo ime. Pridite in kupite zdaj!. Imamo najbolj\u0161i na\u010din diskretnega pakiranja in po\u0161iljanja.","robots":{"index":"index","follow":"follow","max-snippet":"max-snippet:-1","max-image-preview":"max-image-preview:large","max-video-preview":"max-video-preview:-1"},"canonical":"https:\/\/medicinasinc.com\/sl\/product\/buy-jwh-200-chemical\/","og_locale":"en_US","og_type":"article","og_title":"Kupite JWH-200 Chemical - JWH-200 Chemical - Najbolj\u0161a globalna zdravila","og_description":"Kupite JWH-200 Kemi\u010dni prah\u00a0 za prodajo v Zdru\u017eenem kraljestvu, Evropi na spletu. (1-(2-morfolin-4-iletil)indol-3-il)-naftalen-1-ilmetanon je drugo ime. Pridite in kupite zdaj!. Imamo najbolj\u0161i na\u010din diskretnega pakiranja in po\u0161iljanja.","og_url":"https:\/\/medicinasinc.com\/sl\/product\/buy-jwh-200-chemical\/","og_site_name":"Medicinas Inc","article_modified_time":"2022-03-19T00:26:55+00:00","og_image":[{"width":458,"height":458,"url":"https:\/\/medicinasinc.com\/sl\/wp-content\/uploads\/sites\/7\/2022\/02\/Buy-JWH-200-Chemical.jpg","type":"image\/jpeg"}],"twitter_card":"summary_large_image","twitter_misc":{"Est. reading time":"2 minutes"},"schema":{"@context":"https:\/\/schema.org","@graph":[{"@type":"WebPage","@id":"https:\/\/medicinasinc.com\/sl\/product\/buy-jwh-200-chemical\/","url":"https:\/\/medicinasinc.com\/sl\/product\/buy-jwh-200-chemical\/","name":"Kupite JWH-200 Chemical - JWH-200 Chemical - Najbolj\u0161a globalna zdravila","isPartOf":{"@id":"https:\/\/medicinasinc.com\/sl\/#website"},"primaryImageOfPage":{"@id":"https:\/\/medicinasinc.com\/sl\/product\/buy-jwh-200-chemical\/#primaryimage"},"image":{"@id":"https:\/\/medicinasinc.com\/sl\/product\/buy-jwh-200-chemical\/#primaryimage"},"thumbnailUrl":"https:\/\/medicinasinc.com\/sl\/wp-content\/uploads\/sites\/7\/2022\/02\/Buy-JWH-200-Chemical.jpg","datePublished":"2022-02-22T01:30:48+00:00","dateModified":"2022-03-19T00:26:55+00:00","description":"Kupite JWH-200 Kemi\u010dni prah\u00a0 za prodajo v Zdru\u017eenem kraljestvu, Evropi na spletu. (1-(2-morfolin-4-iletil)indol-3-il)-naftalen-1-ilmetanon je drugo ime. Pridite in kupite zdaj!. Imamo najbolj\u0161i na\u010din diskretnega pakiranja in po\u0161iljanja.","breadcrumb":{"@id":"https:\/\/medicinasinc.com\/sl\/product\/buy-jwh-200-chemical\/#breadcrumb"},"inLanguage":"en-US","potentialAction":[{"@type":"ReadAction","target":["https:\/\/medicinasinc.com\/sl\/product\/buy-jwh-200-chemical\/"]}]},{"@type":"ImageObject","inLanguage":"en-US","@id":"https:\/\/medicinasinc.com\/sl\/product\/buy-jwh-200-chemical\/#primaryimage","url":"https:\/\/medicinasinc.com\/sl\/wp-content\/uploads\/sites\/7\/2022\/02\/Buy-JWH-200-Chemical.jpg","contentUrl":"https:\/\/medicinasinc.com\/sl\/wp-content\/uploads\/sites\/7\/2022\/02\/Buy-JWH-200-Chemical.jpg","width":458,"height":458},{"@type":"BreadcrumbList","@id":"https:\/\/medicinasinc.com\/sl\/product\/buy-jwh-200-chemical\/#breadcrumb","itemListElement":[{"@type":"ListItem","position":1,"name":"Nakupujte","item":"https:\/\/medicinasinc.com\/sl\/nakupujte\/"},{"@type":"ListItem","position":2,"name":"Kupite JWH-200 Chemical"}]},{"@type":"WebSite","@id":"https:\/\/medicinasinc.com\/sl\/#website","url":"https:\/\/medicinasinc.com\/sl\/","name":"Medicinas Inc","description":"Health Medical Clinic","potentialAction":[{"@type":"SearchAction","target":{"@type":"EntryPoint","urlTemplate":"https:\/\/medicinasinc.com\/sl\/?s={search_term_string}"},"query-input":{"@type":"PropertyValueSpecification","valueRequired":true,"valueName":"search_term_string"}}],"inLanguage":"en-US"}]}},"_links":{"self":[{"href":"https:\/\/medicinasinc.com\/sl\/wp-json\/wp\/v2\/product\/5547","targetHints":{"allow":["GET"]}}],"collection":[{"href":"https:\/\/medicinasinc.com\/sl\/wp-json\/wp\/v2\/product"}],"about":[{"href":"https:\/\/medicinasinc.com\/sl\/wp-json\/wp\/v2\/types\/product"}],"replies":[{"embeddable":true,"href":"https:\/\/medicinasinc.com\/sl\/wp-json\/wp\/v2\/comments?post=5547"}],"wp:featuredmedia":[{"embeddable":true,"href":"https:\/\/medicinasinc.com\/sl\/wp-json\/wp\/v2\/media\/5556"}],"wp:attachment":[{"href":"https:\/\/medicinasinc.com\/sl\/wp-json\/wp\/v2\/media?parent=5547"}],"wp:term":[{"taxonomy":"product_brand","embeddable":true,"href":"https:\/\/medicinasinc.com\/sl\/wp-json\/wp\/v2\/product_brand?post=5547"},{"taxonomy":"product_cat","embeddable":true,"href":"https:\/\/medicinasinc.com\/sl\/wp-json\/wp\/v2\/product_cat?post=5547"},{"taxonomy":"product_tag","embeddable":true,"href":"https:\/\/medicinasinc.com\/sl\/wp-json\/wp\/v2\/product_tag?post=5547"}],"curies":[{"name":"wp","href":"https:\/\/api.w.org\/{rel}","templated":true}]}}