{"id":5523,"date":"2022-02-22T01:06:52","date_gmt":"2022-02-22T01:06:52","guid":{"rendered":"https:\/\/medicinasinc.com\/sl\/?post_type=product&#038;p=5523"},"modified":"2022-03-19T00:27:04","modified_gmt":"2022-03-19T00:27:04","slug":"kupi-hdep-28-novel-etilnaftidat","status":"publish","type":"product","link":"https:\/\/medicinasinc.com\/sl\/product\/kupi-hdep-28-novel-etilnaftidat\/","title":{"rendered":"Kupite hdep-28 Novel Etilnaftidat"},"content":{"rendered":"<p>Etilnaftidat HDEP-28 za prodajo<\/p>\n<p>3,4-metilendioksi-N-etilkatinon se pogosto navaja kot energizer entaktogena. Etilon se imenuje 1-(1,3-benzodioksol-5-il)-2-(etilamino)-1-propanon. Navadna masa C12H15NO3 je 221,251999 Da, monoizotopna masa pa 221,104996 Da. To je subnuklearna formula. Kupite kitajski etilen. Etilon je neprecenljiv dragi kamen, ki ga je mogo\u010de kupiti. Etilenske drage kamne lahko kupite. Dobavitelj etilona. Etilon je v prodaji. popust Ethylone<\/p>\n<p>ACD\/Labs in ChemAxon sta sodelovala pri izvedbi ocene Ethylone. Glede na lastnosti, ki jih je napovedal ACD\/Labs, so na\u0161li \u0161tiri varnostne sprejemnike #H, \u0161tiri #Freely turning vrednostne papirje, lomni rekord pri 1,54 s povr\u0161inskim tla\u010dnim faktorjem 44,3470001220703dyne\/cm, motiv poru\u0161itve 172,845\u00b0C in omejitev 362,188\u00b0C pri 760 mmHg.<\/p>\n<p>To je pogost pojav v logi\u010dni in znanstveni programski opremi.<\/p>\n<p>Ta izdelek je bil razvit v prizadevanju za izpolnjevanje zahtev ISO17025:2005 in Vodnik 34:2009.<\/p>\n<p>Na nas lahko ra\u010dunate, da bomo delo opravili hitro in u\u010dinkovito, saj smo najbolj\u0161a organizacija na svetu. Kupci lahko od nas pri\u010dakujejo le najbolj\u0161e izdelke! Na na\u010din, ki je v bistvu skladen s tem, kar pogosto pri\u010dakujemo, ko karkoli kupimo<\/p>\n<p>Tako lahko kupimo izdelke najvi\u0161je kakovosti po najbolj razumnih cenah in prihranke lahko prenesemo na vas!<\/p>\n<p> p&gt; <\/p>\n<p>Zaradi tega zahtevamo, da vse na\u0161e stranke GC\/MS svoje izdelke, da zagotovimo to\u010dnost in zakonitost. Ker nam je mar za na\u0161e stranke in njihovo zadovoljstvo, izvajamo lastno testiranje za vsako po\u0161iljko, da preverimo, ali je kakovost preostalih delov 100-odstotna.<\/p>\n<p>Prihodnost na\u0161ega podjetja je odvisna od tega, da se bomo odzvali na va\u0161o pro\u0161njo v prijazno, ne glede na to, kako nujno je. Ne glede na situacijo se lahko vedno zanesete na nas, da vam zagotovimo najbolj\u0161a zdravila in ob\u010dutljive ognjemete po najbolj\u0161ih cenah, vse dostavljeno na najbolj diskreten na\u010din, ki si ga lahko zamislite! \u010ce ni prevelikih te\u017eav, verjemite in izpolnite svojo zahtevo s prepri\u010danjem!<\/p>\n<p>Zaradi na\u0161e dokazane mo\u010di nam lahko zaupate in nadaljujete z nami, kadar koli \u017eelite, dokler se so v bli\u017eini. Va\u0161 propad ne bo toleriran.<\/p>\n<p>Spremljanje va\u0161ega paketa je preprosto zahvaljujo\u010d spremnim \u0161tevilkam, ki jih vklju\u010dimo v va\u0161o po\u0161iljko.<\/p>\n","protected":false},"excerpt":{"rendered":"<p>Kupite Etilnaftidat HDEP-28 za prodajo v VB, Evropa. Etilni acetat 2-(naftalen-2-il)-2-(piperidin-2-il). Povpra\u0161ajte o hdep-28, novem etilnaftidatu.<\/p>\n<p>Kupite hdep-28 Novel Ethylnaphthidate 1 oz na Amazon.com<\/p>\n<p>Etilnapthidat ali HDEP-28 je nadomestek za prepovedani fenidat serije.<\/p>\n<p>Stranke lahko zdaj kupijo Etilnaftidat.<br \/> HDEP-28, znan tudi kot etilnapthidat, naj bi prevzel vlogo na novo prepovedane kemi\u010dne serije Phenidate.<br \/> V primerjavi s &amp; #8216;Fenidati,&#8217; stranke, ki uporabljajo ta izdelek v laboratoriju, bi morale pri\u010dakovati podoben spekter rezultatov.<br \/> IUPAC napoveduje, da bodo raziskovalci ugotovili, da je HDEP 28\/etilnafhidat odli\u010den nadomestek za etilfenidat. 2-(naftalen-2-il)-2-(piperidin-2-il)acetat<br \/> N\/A<br \/> Formula C19H23NO2<br \/> Molekulska masa je 297,40<\/p>\n","protected":false},"featured_media":5535,"comment_status":"open","ping_status":"closed","template":"","meta":[],"product_brand":[],"product_cat":[2014],"product_tag":[],"class_list":{"0":"post-5523","1":"product","2":"type-product","3":"status-publish","4":"has-post-thumbnail","6":"product_cat-nakup-raziskave-kemikalije","8":"first","9":"instock","10":"shipping-taxable","11":"purchasable","12":"product-type-variable","13":"has-default-attributes"},"yoast_head":"<!-- This site is optimized with the Yoast SEO plugin v27.3 - https:\/\/yoast.com\/product\/yoast-seo-wordpress\/ -->\n<title>Kupite nov etilnaftidat hdep-28 - najbolj\u0161a zdravila na svetu<\/title>\n<meta name=\"description\" content=\"Kupite hdep-28 Novel Ethylnaphthidate za prodajo v Zdru\u017eenem kraljestvu, Evropa na spletu. IUPAC: etil 2-(naftalen-2-il)-2-(piperidin-2-il)acetat. Naro\u010dite hdep-28 Novel Etilnaftidat\" \/>\n<meta name=\"robots\" content=\"index, follow, max-snippet:-1, max-image-preview:large, max-video-preview:-1\" \/>\n<link rel=\"canonical\" href=\"https:\/\/medicinasinc.com\/sl\/product\/kupi-hdep-28-novel-etilnaftidat\/\" \/>\n<meta property=\"og:locale\" content=\"en_US\" \/>\n<meta property=\"og:type\" content=\"article\" \/>\n<meta property=\"og:title\" content=\"Kupite nov etilnaftidat hdep-28 - najbolj\u0161a zdravila na svetu\" \/>\n<meta property=\"og:description\" content=\"Kupite hdep-28 Novel Ethylnaphthidate za prodajo v Zdru\u017eenem kraljestvu, Evropa na spletu. IUPAC: etil 2-(naftalen-2-il)-2-(piperidin-2-il)acetat. Naro\u010dite hdep-28 Novel Etilnaftidat\" \/>\n<meta property=\"og:url\" content=\"https:\/\/medicinasinc.com\/sl\/product\/kupi-hdep-28-novel-etilnaftidat\/\" \/>\n<meta property=\"og:site_name\" content=\"Medicinas Inc\" \/>\n<meta property=\"article:modified_time\" content=\"2022-03-19T00:27:04+00:00\" \/>\n<meta property=\"og:image\" content=\"https:\/\/medicinasinc.com\/sl\/wp-content\/uploads\/sites\/7\/2022\/02\/Buy-hdep-28-Novel-Ethylnaphthidate.jpg\" \/>\n\t<meta property=\"og:image:width\" content=\"600\" \/>\n\t<meta property=\"og:image:height\" content=\"600\" \/>\n\t<meta property=\"og:image:type\" content=\"image\/jpeg\" \/>\n<meta name=\"twitter:card\" content=\"summary_large_image\" \/>\n<meta name=\"twitter:label1\" content=\"Est. reading time\" \/>\n\t<meta name=\"twitter:data1\" content=\"2 minutes\" \/>\n<script type=\"application\/ld+json\" class=\"yoast-schema-graph\">{\"@context\":\"https:\\\/\\\/schema.org\",\"@graph\":[{\"@type\":\"WebPage\",\"@id\":\"https:\\\/\\\/medicinasinc.com\\\/sl\\\/product\\\/kupi-hdep-28-novel-etilnaftidat\\\/\",\"url\":\"https:\\\/\\\/medicinasinc.com\\\/sl\\\/product\\\/kupi-hdep-28-novel-etilnaftidat\\\/\",\"name\":\"Kupite nov etilnaftidat hdep-28 - najbolj\u0161a zdravila na svetu\",\"isPartOf\":{\"@id\":\"https:\\\/\\\/medicinasinc.com\\\/sl\\\/#website\"},\"primaryImageOfPage\":{\"@id\":\"https:\\\/\\\/medicinasinc.com\\\/sl\\\/product\\\/kupi-hdep-28-novel-etilnaftidat\\\/#primaryimage\"},\"image\":{\"@id\":\"https:\\\/\\\/medicinasinc.com\\\/sl\\\/product\\\/kupi-hdep-28-novel-etilnaftidat\\\/#primaryimage\"},\"thumbnailUrl\":\"https:\\\/\\\/medicinasinc.com\\\/sl\\\/wp-content\\\/uploads\\\/sites\\\/7\\\/2022\\\/02\\\/Buy-hdep-28-Novel-Ethylnaphthidate.jpg\",\"datePublished\":\"2022-02-22T01:06:52+00:00\",\"dateModified\":\"2022-03-19T00:27:04+00:00\",\"description\":\"Kupite hdep-28 Novel Ethylnaphthidate za prodajo v Zdru\u017eenem kraljestvu, Evropa na spletu. IUPAC: etil 2-(naftalen-2-il)-2-(piperidin-2-il)acetat. Naro\u010dite hdep-28 Novel Etilnaftidat\",\"breadcrumb\":{\"@id\":\"https:\\\/\\\/medicinasinc.com\\\/sl\\\/product\\\/kupi-hdep-28-novel-etilnaftidat\\\/#breadcrumb\"},\"inLanguage\":\"en-US\",\"potentialAction\":[{\"@type\":\"ReadAction\",\"target\":[\"https:\\\/\\\/medicinasinc.com\\\/sl\\\/product\\\/kupi-hdep-28-novel-etilnaftidat\\\/\"]}]},{\"@type\":\"ImageObject\",\"inLanguage\":\"en-US\",\"@id\":\"https:\\\/\\\/medicinasinc.com\\\/sl\\\/product\\\/kupi-hdep-28-novel-etilnaftidat\\\/#primaryimage\",\"url\":\"https:\\\/\\\/medicinasinc.com\\\/sl\\\/wp-content\\\/uploads\\\/sites\\\/7\\\/2022\\\/02\\\/Buy-hdep-28-Novel-Ethylnaphthidate.jpg\",\"contentUrl\":\"https:\\\/\\\/medicinasinc.com\\\/sl\\\/wp-content\\\/uploads\\\/sites\\\/7\\\/2022\\\/02\\\/Buy-hdep-28-Novel-Ethylnaphthidate.jpg\",\"width\":600,\"height\":600},{\"@type\":\"BreadcrumbList\",\"@id\":\"https:\\\/\\\/medicinasinc.com\\\/sl\\\/product\\\/kupi-hdep-28-novel-etilnaftidat\\\/#breadcrumb\",\"itemListElement\":[{\"@type\":\"ListItem\",\"position\":1,\"name\":\"Nakupujte\",\"item\":\"https:\\\/\\\/medicinasinc.com\\\/sl\\\/nakupujte\\\/\"},{\"@type\":\"ListItem\",\"position\":2,\"name\":\"Kupite hdep-28 Novel Etilnaftidat\"}]},{\"@type\":\"WebSite\",\"@id\":\"https:\\\/\\\/medicinasinc.com\\\/sl\\\/#website\",\"url\":\"https:\\\/\\\/medicinasinc.com\\\/sl\\\/\",\"name\":\"Medicinas Inc\",\"description\":\"Health Medical Clinic\",\"potentialAction\":[{\"@type\":\"SearchAction\",\"target\":{\"@type\":\"EntryPoint\",\"urlTemplate\":\"https:\\\/\\\/medicinasinc.com\\\/sl\\\/?s={search_term_string}\"},\"query-input\":{\"@type\":\"PropertyValueSpecification\",\"valueRequired\":true,\"valueName\":\"search_term_string\"}}],\"inLanguage\":\"en-US\"}]}<\/script>\n<!-- \/ Yoast SEO plugin. -->","yoast_head_json":{"title":"Kupite nov etilnaftidat hdep-28 - najbolj\u0161a zdravila na svetu","description":"Kupite hdep-28 Novel Ethylnaphthidate za prodajo v Zdru\u017eenem kraljestvu, Evropa na spletu. IUPAC: etil 2-(naftalen-2-il)-2-(piperidin-2-il)acetat. Naro\u010dite hdep-28 Novel Etilnaftidat","robots":{"index":"index","follow":"follow","max-snippet":"max-snippet:-1","max-image-preview":"max-image-preview:large","max-video-preview":"max-video-preview:-1"},"canonical":"https:\/\/medicinasinc.com\/sl\/product\/kupi-hdep-28-novel-etilnaftidat\/","og_locale":"en_US","og_type":"article","og_title":"Kupite nov etilnaftidat hdep-28 - najbolj\u0161a zdravila na svetu","og_description":"Kupite hdep-28 Novel Ethylnaphthidate za prodajo v Zdru\u017eenem kraljestvu, Evropa na spletu. IUPAC: etil 2-(naftalen-2-il)-2-(piperidin-2-il)acetat. Naro\u010dite hdep-28 Novel Etilnaftidat","og_url":"https:\/\/medicinasinc.com\/sl\/product\/kupi-hdep-28-novel-etilnaftidat\/","og_site_name":"Medicinas Inc","article_modified_time":"2022-03-19T00:27:04+00:00","og_image":[{"width":600,"height":600,"url":"https:\/\/medicinasinc.com\/sl\/wp-content\/uploads\/sites\/7\/2022\/02\/Buy-hdep-28-Novel-Ethylnaphthidate.jpg","type":"image\/jpeg"}],"twitter_card":"summary_large_image","twitter_misc":{"Est. reading time":"2 minutes"},"schema":{"@context":"https:\/\/schema.org","@graph":[{"@type":"WebPage","@id":"https:\/\/medicinasinc.com\/sl\/product\/kupi-hdep-28-novel-etilnaftidat\/","url":"https:\/\/medicinasinc.com\/sl\/product\/kupi-hdep-28-novel-etilnaftidat\/","name":"Kupite nov etilnaftidat hdep-28 - najbolj\u0161a zdravila na svetu","isPartOf":{"@id":"https:\/\/medicinasinc.com\/sl\/#website"},"primaryImageOfPage":{"@id":"https:\/\/medicinasinc.com\/sl\/product\/kupi-hdep-28-novel-etilnaftidat\/#primaryimage"},"image":{"@id":"https:\/\/medicinasinc.com\/sl\/product\/kupi-hdep-28-novel-etilnaftidat\/#primaryimage"},"thumbnailUrl":"https:\/\/medicinasinc.com\/sl\/wp-content\/uploads\/sites\/7\/2022\/02\/Buy-hdep-28-Novel-Ethylnaphthidate.jpg","datePublished":"2022-02-22T01:06:52+00:00","dateModified":"2022-03-19T00:27:04+00:00","description":"Kupite hdep-28 Novel Ethylnaphthidate za prodajo v Zdru\u017eenem kraljestvu, Evropa na spletu. IUPAC: etil 2-(naftalen-2-il)-2-(piperidin-2-il)acetat. Naro\u010dite hdep-28 Novel Etilnaftidat","breadcrumb":{"@id":"https:\/\/medicinasinc.com\/sl\/product\/kupi-hdep-28-novel-etilnaftidat\/#breadcrumb"},"inLanguage":"en-US","potentialAction":[{"@type":"ReadAction","target":["https:\/\/medicinasinc.com\/sl\/product\/kupi-hdep-28-novel-etilnaftidat\/"]}]},{"@type":"ImageObject","inLanguage":"en-US","@id":"https:\/\/medicinasinc.com\/sl\/product\/kupi-hdep-28-novel-etilnaftidat\/#primaryimage","url":"https:\/\/medicinasinc.com\/sl\/wp-content\/uploads\/sites\/7\/2022\/02\/Buy-hdep-28-Novel-Ethylnaphthidate.jpg","contentUrl":"https:\/\/medicinasinc.com\/sl\/wp-content\/uploads\/sites\/7\/2022\/02\/Buy-hdep-28-Novel-Ethylnaphthidate.jpg","width":600,"height":600},{"@type":"BreadcrumbList","@id":"https:\/\/medicinasinc.com\/sl\/product\/kupi-hdep-28-novel-etilnaftidat\/#breadcrumb","itemListElement":[{"@type":"ListItem","position":1,"name":"Nakupujte","item":"https:\/\/medicinasinc.com\/sl\/nakupujte\/"},{"@type":"ListItem","position":2,"name":"Kupite hdep-28 Novel Etilnaftidat"}]},{"@type":"WebSite","@id":"https:\/\/medicinasinc.com\/sl\/#website","url":"https:\/\/medicinasinc.com\/sl\/","name":"Medicinas Inc","description":"Health Medical Clinic","potentialAction":[{"@type":"SearchAction","target":{"@type":"EntryPoint","urlTemplate":"https:\/\/medicinasinc.com\/sl\/?s={search_term_string}"},"query-input":{"@type":"PropertyValueSpecification","valueRequired":true,"valueName":"search_term_string"}}],"inLanguage":"en-US"}]}},"_links":{"self":[{"href":"https:\/\/medicinasinc.com\/sl\/wp-json\/wp\/v2\/product\/5523","targetHints":{"allow":["GET"]}}],"collection":[{"href":"https:\/\/medicinasinc.com\/sl\/wp-json\/wp\/v2\/product"}],"about":[{"href":"https:\/\/medicinasinc.com\/sl\/wp-json\/wp\/v2\/types\/product"}],"replies":[{"embeddable":true,"href":"https:\/\/medicinasinc.com\/sl\/wp-json\/wp\/v2\/comments?post=5523"}],"wp:featuredmedia":[{"embeddable":true,"href":"https:\/\/medicinasinc.com\/sl\/wp-json\/wp\/v2\/media\/5535"}],"wp:attachment":[{"href":"https:\/\/medicinasinc.com\/sl\/wp-json\/wp\/v2\/media?parent=5523"}],"wp:term":[{"taxonomy":"product_brand","embeddable":true,"href":"https:\/\/medicinasinc.com\/sl\/wp-json\/wp\/v2\/product_brand?post=5523"},{"taxonomy":"product_cat","embeddable":true,"href":"https:\/\/medicinasinc.com\/sl\/wp-json\/wp\/v2\/product_cat?post=5523"},{"taxonomy":"product_tag","embeddable":true,"href":"https:\/\/medicinasinc.com\/sl\/wp-json\/wp\/v2\/product_tag?post=5523"}],"curies":[{"name":"wp","href":"https:\/\/api.w.org\/{rel}","templated":true}]}}