{"id":5522,"date":"2022-02-22T01:05:36","date_gmt":"2022-02-22T01:05:36","guid":{"rendered":"https:\/\/medicinasinc.com\/sl\/?post_type=product&#038;p=5522"},"modified":"2022-03-19T00:27:13","modified_gmt":"2022-03-19T00:27:13","slug":"buy-fub-akb48-powder","status":"publish","type":"product","link":"https:\/\/medicinasinc.com\/sl\/product\/buy-fub-akb48-powder\/","title":{"rendered":"Kupite prah Fub Akb48 v prahu"},"content":{"rendered":"<p>Pure Fub Akb48 v prahu za nakup<\/p>\n<p>\u010ce \u017eelite izvedeti ve\u010d o u\u010dinkih FUB-AKB48 (znanega tudi kot AFUBINACA ali FUB-APINACA) na receptor CB1, je to sinteti\u010dni kanabinoid za vas.<\/p>\n<p>Za kemi\u010dno formulo uporabite naslednjo: C25H26FN3O.<br \/> V nomenklaturi IUPAC: N-[(4-fluorofenil)metil]-1-adamantan-1-il<br \/> -1H-indazol<br \/> -3-karboksamid<br \/> Videz:<br \/> \u010cistost:<\/p>\n","protected":false},"excerpt":{"rendered":"<p>Pla\u010dajte z Bitcoini za dostavo prahu FUB-AKB48 v Evropo. Kupite FUB-AKB48 Powder v Evropi pri ponudniku v Zdru\u017eenem kraljestvu po nizki ceni. Evropska trgovina s prahom FUB-AKB48, kjer lahko dobite prah FUB-AKB48 z 99-odstotno \u010distostjo.<\/p>\n<p>Pridobite 1 oz. Pure Fub Akb48 Powder od nas danes! La\u017ena trava je indol, ki je bil uporabljen pri ustvarjanju zdravil in je zdaj na voljo za prodajo s sinteti\u010dno marihuano kombiniranimi aktivnimi sestavinami.<\/p>\n<p>Z Bitcoinom lahko dobite \u010dist in visokokakovosten prah FUB-AKB48 na spletu, kot je npr. tudi zakonita zdravila, raziskovalne kemikalije in surovi zdravilni pra\u0161ki.<\/p>\n","protected":false},"featured_media":5533,"comment_status":"open","ping_status":"closed","template":"","meta":[],"product_brand":[],"product_cat":[2596],"product_tag":[3027,3016,3017,3028,3018,3022,3023,3024,3026,3025,3020,3019,3015,3013,3014,3021],"class_list":{"0":"post-5522","1":"product","2":"type-product","3":"status-publish","4":"has-post-thumbnail","6":"product_cat-kanabinoidi-za-prodajo","7":"product_tag-fub-akb48-dostava","8":"product_tag-fub-akb48-effect","9":"product_tag-fub-akb48-for-sale","10":"product_tag-fub-akb48-trgovina-na-debelo","11":"product_tag-fub-akb48-powder","12":"product_tag-fub-akb48-powder-online","13":"product_tag-fub-akb48-powder-order","14":"product_tag-fub-akb48-powder-reddit","15":"product_tag-fub-akb48-pregled","16":"product_tag-fub-akb48-reddit","17":"product_tag-fub-akb48-powder-effect","18":"product_tag-fub-akb48-powder-buy","19":"product_tag-fub-akb48-kitajski-dobavitelj","20":"product_tag-buy-fub-akb48-eu","21":"product_tag-buy-fub-akb48-powder","22":"product_tag-fub-akb48-prah-na-prodaj","24":"first","25":"instock","26":"shipping-taxable","27":"purchasable","28":"product-type-variable","29":"has-default-attributes"},"yoast_head":"<!-- This site is optimized with the Yoast SEO plugin v27.3 - https:\/\/yoast.com\/product\/yoast-seo-wordpress\/ -->\n<title>Kupite Fub Akb48 v prahu - Fub Akb48 na spletu - najbolj\u0161a zdravila na svetu<\/title>\n<meta name=\"description\" content=\"Kupite prah FUB-AKB48 za prodajo Po\u0161iljanje v EU, pla\u010dilo z bitcoini. Poceni FUB-AKB48 dobavitelj prahu v Zdru\u017eenem kraljestvu - kupite raziskovalne kemikalije v Evropi. FUB-AKB48 Trgovina s prahom v Evropi\" \/>\n<meta name=\"robots\" content=\"index, follow, max-snippet:-1, max-image-preview:large, max-video-preview:-1\" \/>\n<link rel=\"canonical\" href=\"https:\/\/medicinasinc.com\/sl\/product\/buy-fub-akb48-powder\/\" \/>\n<meta property=\"og:locale\" content=\"en_US\" \/>\n<meta property=\"og:type\" content=\"article\" \/>\n<meta property=\"og:title\" content=\"Kupite Fub Akb48 v prahu - Fub Akb48 na spletu - najbolj\u0161a zdravila na svetu\" \/>\n<meta property=\"og:description\" content=\"Kupite prah FUB-AKB48 za prodajo Po\u0161iljanje v EU, pla\u010dilo z bitcoini. Poceni FUB-AKB48 dobavitelj prahu v Zdru\u017eenem kraljestvu - kupite raziskovalne kemikalije v Evropi. FUB-AKB48 Trgovina s prahom v Evropi\" \/>\n<meta property=\"og:url\" content=\"https:\/\/medicinasinc.com\/sl\/product\/buy-fub-akb48-powder\/\" \/>\n<meta property=\"og:site_name\" content=\"Medicinas Inc\" \/>\n<meta property=\"article:modified_time\" content=\"2022-03-19T00:27:13+00:00\" \/>\n<meta property=\"og:image\" content=\"https:\/\/medicinasinc.com\/sl\/wp-content\/uploads\/sites\/7\/2022\/02\/Buy-Fub-Akb48-Powder.jpeg\" \/>\n\t<meta property=\"og:image:width\" content=\"800\" \/>\n\t<meta property=\"og:image:height\" content=\"438\" \/>\n\t<meta property=\"og:image:type\" content=\"image\/jpeg\" \/>\n<meta name=\"twitter:card\" content=\"summary_large_image\" \/>\n<meta name=\"twitter:label1\" content=\"Est. reading time\" \/>\n\t<meta name=\"twitter:data1\" content=\"1 minute\" \/>\n<script type=\"application\/ld+json\" class=\"yoast-schema-graph\">{\"@context\":\"https:\\\/\\\/schema.org\",\"@graph\":[{\"@type\":\"WebPage\",\"@id\":\"https:\\\/\\\/medicinasinc.com\\\/sl\\\/product\\\/buy-fub-akb48-powder\\\/\",\"url\":\"https:\\\/\\\/medicinasinc.com\\\/sl\\\/product\\\/buy-fub-akb48-powder\\\/\",\"name\":\"Kupite Fub Akb48 v prahu - Fub Akb48 na spletu - najbolj\u0161a zdravila na svetu\",\"isPartOf\":{\"@id\":\"https:\\\/\\\/medicinasinc.com\\\/sl\\\/#website\"},\"primaryImageOfPage\":{\"@id\":\"https:\\\/\\\/medicinasinc.com\\\/sl\\\/product\\\/buy-fub-akb48-powder\\\/#primaryimage\"},\"image\":{\"@id\":\"https:\\\/\\\/medicinasinc.com\\\/sl\\\/product\\\/buy-fub-akb48-powder\\\/#primaryimage\"},\"thumbnailUrl\":\"https:\\\/\\\/medicinasinc.com\\\/sl\\\/wp-content\\\/uploads\\\/sites\\\/7\\\/2022\\\/02\\\/Buy-Fub-Akb48-Powder.jpeg\",\"datePublished\":\"2022-02-22T01:05:36+00:00\",\"dateModified\":\"2022-03-19T00:27:13+00:00\",\"description\":\"Kupite prah FUB-AKB48 za prodajo Po\u0161iljanje v EU, pla\u010dilo z bitcoini. Poceni FUB-AKB48 dobavitelj prahu v Zdru\u017eenem kraljestvu - kupite raziskovalne kemikalije v Evropi. FUB-AKB48 Trgovina s prahom v Evropi\",\"breadcrumb\":{\"@id\":\"https:\\\/\\\/medicinasinc.com\\\/sl\\\/product\\\/buy-fub-akb48-powder\\\/#breadcrumb\"},\"inLanguage\":\"en-US\",\"potentialAction\":[{\"@type\":\"ReadAction\",\"target\":[\"https:\\\/\\\/medicinasinc.com\\\/sl\\\/product\\\/buy-fub-akb48-powder\\\/\"]}]},{\"@type\":\"ImageObject\",\"inLanguage\":\"en-US\",\"@id\":\"https:\\\/\\\/medicinasinc.com\\\/sl\\\/product\\\/buy-fub-akb48-powder\\\/#primaryimage\",\"url\":\"https:\\\/\\\/medicinasinc.com\\\/sl\\\/wp-content\\\/uploads\\\/sites\\\/7\\\/2022\\\/02\\\/Buy-Fub-Akb48-Powder.jpeg\",\"contentUrl\":\"https:\\\/\\\/medicinasinc.com\\\/sl\\\/wp-content\\\/uploads\\\/sites\\\/7\\\/2022\\\/02\\\/Buy-Fub-Akb48-Powder.jpeg\",\"width\":800,\"height\":438},{\"@type\":\"BreadcrumbList\",\"@id\":\"https:\\\/\\\/medicinasinc.com\\\/sl\\\/product\\\/buy-fub-akb48-powder\\\/#breadcrumb\",\"itemListElement\":[{\"@type\":\"ListItem\",\"position\":1,\"name\":\"Nakupujte\",\"item\":\"https:\\\/\\\/medicinasinc.com\\\/sl\\\/nakupujte\\\/\"},{\"@type\":\"ListItem\",\"position\":2,\"name\":\"Kupite prah Fub Akb48 v prahu\"}]},{\"@type\":\"WebSite\",\"@id\":\"https:\\\/\\\/medicinasinc.com\\\/sl\\\/#website\",\"url\":\"https:\\\/\\\/medicinasinc.com\\\/sl\\\/\",\"name\":\"Medicinas Inc\",\"description\":\"Health Medical Clinic\",\"potentialAction\":[{\"@type\":\"SearchAction\",\"target\":{\"@type\":\"EntryPoint\",\"urlTemplate\":\"https:\\\/\\\/medicinasinc.com\\\/sl\\\/?s={search_term_string}\"},\"query-input\":{\"@type\":\"PropertyValueSpecification\",\"valueRequired\":true,\"valueName\":\"search_term_string\"}}],\"inLanguage\":\"en-US\"}]}<\/script>\n<!-- \/ Yoast SEO plugin. -->","yoast_head_json":{"title":"Kupite Fub Akb48 v prahu - Fub Akb48 na spletu - najbolj\u0161a zdravila na svetu","description":"Kupite prah FUB-AKB48 za prodajo Po\u0161iljanje v EU, pla\u010dilo z bitcoini. Poceni FUB-AKB48 dobavitelj prahu v Zdru\u017eenem kraljestvu - kupite raziskovalne kemikalije v Evropi. FUB-AKB48 Trgovina s prahom v Evropi","robots":{"index":"index","follow":"follow","max-snippet":"max-snippet:-1","max-image-preview":"max-image-preview:large","max-video-preview":"max-video-preview:-1"},"canonical":"https:\/\/medicinasinc.com\/sl\/product\/buy-fub-akb48-powder\/","og_locale":"en_US","og_type":"article","og_title":"Kupite Fub Akb48 v prahu - Fub Akb48 na spletu - najbolj\u0161a zdravila na svetu","og_description":"Kupite prah FUB-AKB48 za prodajo Po\u0161iljanje v EU, pla\u010dilo z bitcoini. Poceni FUB-AKB48 dobavitelj prahu v Zdru\u017eenem kraljestvu - kupite raziskovalne kemikalije v Evropi. FUB-AKB48 Trgovina s prahom v Evropi","og_url":"https:\/\/medicinasinc.com\/sl\/product\/buy-fub-akb48-powder\/","og_site_name":"Medicinas Inc","article_modified_time":"2022-03-19T00:27:13+00:00","og_image":[{"width":800,"height":438,"url":"https:\/\/medicinasinc.com\/sl\/wp-content\/uploads\/sites\/7\/2022\/02\/Buy-Fub-Akb48-Powder.jpeg","type":"image\/jpeg"}],"twitter_card":"summary_large_image","twitter_misc":{"Est. reading time":"1 minute"},"schema":{"@context":"https:\/\/schema.org","@graph":[{"@type":"WebPage","@id":"https:\/\/medicinasinc.com\/sl\/product\/buy-fub-akb48-powder\/","url":"https:\/\/medicinasinc.com\/sl\/product\/buy-fub-akb48-powder\/","name":"Kupite Fub Akb48 v prahu - Fub Akb48 na spletu - najbolj\u0161a zdravila na svetu","isPartOf":{"@id":"https:\/\/medicinasinc.com\/sl\/#website"},"primaryImageOfPage":{"@id":"https:\/\/medicinasinc.com\/sl\/product\/buy-fub-akb48-powder\/#primaryimage"},"image":{"@id":"https:\/\/medicinasinc.com\/sl\/product\/buy-fub-akb48-powder\/#primaryimage"},"thumbnailUrl":"https:\/\/medicinasinc.com\/sl\/wp-content\/uploads\/sites\/7\/2022\/02\/Buy-Fub-Akb48-Powder.jpeg","datePublished":"2022-02-22T01:05:36+00:00","dateModified":"2022-03-19T00:27:13+00:00","description":"Kupite prah FUB-AKB48 za prodajo Po\u0161iljanje v EU, pla\u010dilo z bitcoini. Poceni FUB-AKB48 dobavitelj prahu v Zdru\u017eenem kraljestvu - kupite raziskovalne kemikalije v Evropi. FUB-AKB48 Trgovina s prahom v Evropi","breadcrumb":{"@id":"https:\/\/medicinasinc.com\/sl\/product\/buy-fub-akb48-powder\/#breadcrumb"},"inLanguage":"en-US","potentialAction":[{"@type":"ReadAction","target":["https:\/\/medicinasinc.com\/sl\/product\/buy-fub-akb48-powder\/"]}]},{"@type":"ImageObject","inLanguage":"en-US","@id":"https:\/\/medicinasinc.com\/sl\/product\/buy-fub-akb48-powder\/#primaryimage","url":"https:\/\/medicinasinc.com\/sl\/wp-content\/uploads\/sites\/7\/2022\/02\/Buy-Fub-Akb48-Powder.jpeg","contentUrl":"https:\/\/medicinasinc.com\/sl\/wp-content\/uploads\/sites\/7\/2022\/02\/Buy-Fub-Akb48-Powder.jpeg","width":800,"height":438},{"@type":"BreadcrumbList","@id":"https:\/\/medicinasinc.com\/sl\/product\/buy-fub-akb48-powder\/#breadcrumb","itemListElement":[{"@type":"ListItem","position":1,"name":"Nakupujte","item":"https:\/\/medicinasinc.com\/sl\/nakupujte\/"},{"@type":"ListItem","position":2,"name":"Kupite prah Fub Akb48 v prahu"}]},{"@type":"WebSite","@id":"https:\/\/medicinasinc.com\/sl\/#website","url":"https:\/\/medicinasinc.com\/sl\/","name":"Medicinas Inc","description":"Health Medical Clinic","potentialAction":[{"@type":"SearchAction","target":{"@type":"EntryPoint","urlTemplate":"https:\/\/medicinasinc.com\/sl\/?s={search_term_string}"},"query-input":{"@type":"PropertyValueSpecification","valueRequired":true,"valueName":"search_term_string"}}],"inLanguage":"en-US"}]}},"_links":{"self":[{"href":"https:\/\/medicinasinc.com\/sl\/wp-json\/wp\/v2\/product\/5522","targetHints":{"allow":["GET"]}}],"collection":[{"href":"https:\/\/medicinasinc.com\/sl\/wp-json\/wp\/v2\/product"}],"about":[{"href":"https:\/\/medicinasinc.com\/sl\/wp-json\/wp\/v2\/types\/product"}],"replies":[{"embeddable":true,"href":"https:\/\/medicinasinc.com\/sl\/wp-json\/wp\/v2\/comments?post=5522"}],"wp:featuredmedia":[{"embeddable":true,"href":"https:\/\/medicinasinc.com\/sl\/wp-json\/wp\/v2\/media\/5533"}],"wp:attachment":[{"href":"https:\/\/medicinasinc.com\/sl\/wp-json\/wp\/v2\/media?parent=5522"}],"wp:term":[{"taxonomy":"product_brand","embeddable":true,"href":"https:\/\/medicinasinc.com\/sl\/wp-json\/wp\/v2\/product_brand?post=5522"},{"taxonomy":"product_cat","embeddable":true,"href":"https:\/\/medicinasinc.com\/sl\/wp-json\/wp\/v2\/product_cat?post=5522"},{"taxonomy":"product_tag","embeddable":true,"href":"https:\/\/medicinasinc.com\/sl\/wp-json\/wp\/v2\/product_tag?post=5522"}],"curies":[{"name":"wp","href":"https:\/\/api.w.org\/{rel}","templated":true}]}}