{"id":5521,"date":"2022-02-22T01:04:16","date_gmt":"2022-02-22T01:04:16","guid":{"rendered":"https:\/\/medicinasinc.com\/sl\/?post_type=product&#038;p=5521"},"modified":"2022-03-19T00:27:25","modified_gmt":"2022-03-19T00:27:25","slug":"kupi-flubromazepam-4mg-pelete","status":"publish","type":"product","link":"https:\/\/medicinasinc.com\/sl\/product\/kupi-flubromazepam-4mg-pelete\/","title":{"rendered":"Kupite Flubromazepam 4mg pelete"},"content":{"rendered":"<p>UGODNI FLUBROMAZEPAM 4 mg peleti, DOSTAVLJENI V EU<\/p>\n<p>Flubromazepam 4mg peleti so na voljo za nakup v Evropi na tej lokaciji.<\/p>\n<p>Za pla\u010dilo za 4 mg pelete Flubromazepam lahko uporabite Bitcoin. <\/p>\n<p>Flubromazepam, derivat benzodiazepina, je prvi te vrste. 7-bromo-5-(2-fluorofenil)-1,3-dihidro-1,4-benzodiazepin-2-on je polno kemijsko ime. To zdravilo je strukturno podobno bromazepamu, pomirjevalu, proti anksioznosti in pomo\u010di pri spanju, ki je znan tudi kot benzodiazepin.<\/p>\n<p>Izgled, podoben oran\u017enim peletam, ka\u017ee na prisotnost 7-bromo-5-(2) -fluorofenil)-1,3-dihidro-1,4 benzodiazepin-2-on.<\/p>\n<p>Flubromazepam 4mg pelete je mogo\u010de kupiti na spletu z naslovom Bitcoin.<\/p>\n<p>4mg pelete Flubromazepama za 4 mg pelete za Flubromazepam. Razprodaja<\/p>\n<p>&nbsp;<\/p>\n<p>Flubromazepam 4mg pelete je mogo\u010de kupiti prek interneta.<br \/> Za kaj se uporablja Flubromazepam?<\/p>\n<p>Derivat benzodiazepina, flubromazepam ima obstaja \u017ee od leta 1960, ko je bil prvi\u010d izdelan. Do leta 2012, ko so ga za\u010deli promovirati kot gradivo za preiskave, ga niso nikoli ogla\u0161evali kot zdravilo in mnogi so nanj pozabili vse do leta 2012. Flubromazepamova formula je skoraj identi\u010dna kot fenazepam, \u0161e en benzodiazepin, ki so ga popularizirala farmacevtska podjetja. v ve\u010d dr\u017eavah.<\/p>\n","protected":false},"excerpt":{"rendered":"<div class=\"woocommerce-product-details__short-description\">\n<p>Kupite Flubromazepam 4mg pelete za prodajo EU, UK, Evropa po\u0161iljanje, pla\u010dilo z Bitcoin. Poceni dobavitelj Flubromazepam 4mg pelets &#8211; kupite raziskovalne kemikalije v Evropi.<\/p>\n<p><em>Kupite Flubromazepam<\/em>\u00a0(<em>4 mg<\/em>)\u00a0<em>Pelete<\/em>\u00a0po najbolj\u0161i ceni. Zagotavljamo varno in varno po\u0161iljanje po vsem svetu.<\/p>\n<p>Kupite Flubromazepam 4mg pelete na spletu. Flubromazepam je naprodaj v obliki 4 mg peletov, obarvanih svetlo rumeno, nekoliko druga\u010den odtenek rumene od trenutne serije pirazolama, ki je trenutno na voljo v ZDA.<\/p>\n<\/p><\/div>\n","protected":false},"featured_media":5531,"comment_status":"open","ping_status":"closed","template":"","meta":[],"product_brand":[],"product_cat":[2014],"product_tag":[2998,2999,3000,3001,3002,3005,3006,3007,3008,3004,3010,3009,3003,3011,3012],"class_list":{"0":"post-5521","1":"product","2":"type-product","3":"status-publish","4":"has-post-thumbnail","6":"product_cat-nakup-raziskave-kemikalije","7":"product_tag-buy-flubromazepam","8":"product_tag-buy-flubromazepam-pellets","9":"product_tag-flubromazepam","10":"product_tag-flubromazepam-4-mg","11":"product_tag-flubromazepam-4mg","12":"product_tag-flubromazepam-europe-kupi","13":"product_tag-flubromazepam-google","14":"product_tag-flubromazepam-pellets","15":"product_tag-flubromazepam-reddit","16":"product_tag-in-c4-8dinek-flubromazepama","17":"product_tag-kakovost-flubromazepam-4mg","18":"product_tag-order-flubromazepam","19":"product_tag-flubromazepam-4mg-naprodaj","20":"product_tag-shipping-flubromazepam-4mg-pallet","21":"product_tag-where-to-buy-buy-flubromazepam-pellets","23":"first","24":"instock","25":"shipping-taxable","26":"purchasable","27":"product-type-variable","28":"has-default-attributes"},"yoast_head":"<!-- This site is optimized with the Yoast SEO plugin v27.3 - https:\/\/yoast.com\/product\/yoast-seo-wordpress\/ -->\n<title>Kupite Flubromazepam 4mg pelete - najbolj\u0161a najbolj\u0161a zdravila na svetu<\/title>\n<meta name=\"description\" content=\"Kupite Flubromazepam 4mg pelete za prodajo EU, UK, Evropa po\u0161iljanje, pla\u010dilo z Bitcoin. Poceni dobavitelj Flubromazepam 4mg pelets - kupite raziskovalne kemikalije v Evropi.\" \/>\n<meta name=\"robots\" content=\"index, follow, max-snippet:-1, max-image-preview:large, max-video-preview:-1\" \/>\n<link rel=\"canonical\" href=\"https:\/\/medicinasinc.com\/sl\/product\/kupi-flubromazepam-4mg-pelete\/\" \/>\n<meta property=\"og:locale\" content=\"en_US\" \/>\n<meta property=\"og:type\" content=\"article\" \/>\n<meta property=\"og:title\" content=\"Kupite Flubromazepam 4mg pelete - najbolj\u0161a najbolj\u0161a zdravila na svetu\" \/>\n<meta property=\"og:description\" content=\"Kupite Flubromazepam 4mg pelete za prodajo EU, UK, Evropa po\u0161iljanje, pla\u010dilo z Bitcoin. Poceni dobavitelj Flubromazepam 4mg pelets - kupite raziskovalne kemikalije v Evropi.\" \/>\n<meta property=\"og:url\" content=\"https:\/\/medicinasinc.com\/sl\/product\/kupi-flubromazepam-4mg-pelete\/\" \/>\n<meta property=\"og:site_name\" content=\"Medicinas Inc\" \/>\n<meta property=\"article:modified_time\" content=\"2022-03-19T00:27:25+00:00\" \/>\n<meta property=\"og:image\" content=\"https:\/\/medicinasinc.com\/sl\/wp-content\/uploads\/sites\/7\/2022\/02\/Buy-Flubromazepam-4mg-Pellets-1.jpg\" \/>\n\t<meta property=\"og:image:width\" content=\"350\" \/>\n\t<meta property=\"og:image:height\" content=\"350\" \/>\n\t<meta property=\"og:image:type\" content=\"image\/jpeg\" \/>\n<meta name=\"twitter:card\" content=\"summary_large_image\" \/>\n<meta name=\"twitter:label1\" content=\"Est. reading time\" \/>\n\t<meta name=\"twitter:data1\" content=\"1 minute\" \/>\n<script type=\"application\/ld+json\" class=\"yoast-schema-graph\">{\"@context\":\"https:\\\/\\\/schema.org\",\"@graph\":[{\"@type\":\"WebPage\",\"@id\":\"https:\\\/\\\/medicinasinc.com\\\/sl\\\/product\\\/kupi-flubromazepam-4mg-pelete\\\/\",\"url\":\"https:\\\/\\\/medicinasinc.com\\\/sl\\\/product\\\/kupi-flubromazepam-4mg-pelete\\\/\",\"name\":\"Kupite Flubromazepam 4mg pelete - najbolj\u0161a najbolj\u0161a zdravila na svetu\",\"isPartOf\":{\"@id\":\"https:\\\/\\\/medicinasinc.com\\\/sl\\\/#website\"},\"primaryImageOfPage\":{\"@id\":\"https:\\\/\\\/medicinasinc.com\\\/sl\\\/product\\\/kupi-flubromazepam-4mg-pelete\\\/#primaryimage\"},\"image\":{\"@id\":\"https:\\\/\\\/medicinasinc.com\\\/sl\\\/product\\\/kupi-flubromazepam-4mg-pelete\\\/#primaryimage\"},\"thumbnailUrl\":\"https:\\\/\\\/medicinasinc.com\\\/sl\\\/wp-content\\\/uploads\\\/sites\\\/7\\\/2022\\\/02\\\/Buy-Flubromazepam-4mg-Pellets-1.jpg\",\"datePublished\":\"2022-02-22T01:04:16+00:00\",\"dateModified\":\"2022-03-19T00:27:25+00:00\",\"description\":\"Kupite Flubromazepam 4mg pelete za prodajo EU, UK, Evropa po\u0161iljanje, pla\u010dilo z Bitcoin. Poceni dobavitelj Flubromazepam 4mg pelets - kupite raziskovalne kemikalije v Evropi.\",\"breadcrumb\":{\"@id\":\"https:\\\/\\\/medicinasinc.com\\\/sl\\\/product\\\/kupi-flubromazepam-4mg-pelete\\\/#breadcrumb\"},\"inLanguage\":\"en-US\",\"potentialAction\":[{\"@type\":\"ReadAction\",\"target\":[\"https:\\\/\\\/medicinasinc.com\\\/sl\\\/product\\\/kupi-flubromazepam-4mg-pelete\\\/\"]}]},{\"@type\":\"ImageObject\",\"inLanguage\":\"en-US\",\"@id\":\"https:\\\/\\\/medicinasinc.com\\\/sl\\\/product\\\/kupi-flubromazepam-4mg-pelete\\\/#primaryimage\",\"url\":\"https:\\\/\\\/medicinasinc.com\\\/sl\\\/wp-content\\\/uploads\\\/sites\\\/7\\\/2022\\\/02\\\/Buy-Flubromazepam-4mg-Pellets-1.jpg\",\"contentUrl\":\"https:\\\/\\\/medicinasinc.com\\\/sl\\\/wp-content\\\/uploads\\\/sites\\\/7\\\/2022\\\/02\\\/Buy-Flubromazepam-4mg-Pellets-1.jpg\",\"width\":350,\"height\":350},{\"@type\":\"BreadcrumbList\",\"@id\":\"https:\\\/\\\/medicinasinc.com\\\/sl\\\/product\\\/kupi-flubromazepam-4mg-pelete\\\/#breadcrumb\",\"itemListElement\":[{\"@type\":\"ListItem\",\"position\":1,\"name\":\"Nakupujte\",\"item\":\"https:\\\/\\\/medicinasinc.com\\\/sl\\\/nakupujte\\\/\"},{\"@type\":\"ListItem\",\"position\":2,\"name\":\"Kupite Flubromazepam 4mg pelete\"}]},{\"@type\":\"WebSite\",\"@id\":\"https:\\\/\\\/medicinasinc.com\\\/sl\\\/#website\",\"url\":\"https:\\\/\\\/medicinasinc.com\\\/sl\\\/\",\"name\":\"Medicinas Inc\",\"description\":\"Health Medical Clinic\",\"potentialAction\":[{\"@type\":\"SearchAction\",\"target\":{\"@type\":\"EntryPoint\",\"urlTemplate\":\"https:\\\/\\\/medicinasinc.com\\\/sl\\\/?s={search_term_string}\"},\"query-input\":{\"@type\":\"PropertyValueSpecification\",\"valueRequired\":true,\"valueName\":\"search_term_string\"}}],\"inLanguage\":\"en-US\"}]}<\/script>\n<!-- \/ Yoast SEO plugin. -->","yoast_head_json":{"title":"Kupite Flubromazepam 4mg pelete - najbolj\u0161a najbolj\u0161a zdravila na svetu","description":"Kupite Flubromazepam 4mg pelete za prodajo EU, UK, Evropa po\u0161iljanje, pla\u010dilo z Bitcoin. Poceni dobavitelj Flubromazepam 4mg pelets - kupite raziskovalne kemikalije v Evropi.","robots":{"index":"index","follow":"follow","max-snippet":"max-snippet:-1","max-image-preview":"max-image-preview:large","max-video-preview":"max-video-preview:-1"},"canonical":"https:\/\/medicinasinc.com\/sl\/product\/kupi-flubromazepam-4mg-pelete\/","og_locale":"en_US","og_type":"article","og_title":"Kupite Flubromazepam 4mg pelete - najbolj\u0161a najbolj\u0161a zdravila na svetu","og_description":"Kupite Flubromazepam 4mg pelete za prodajo EU, UK, Evropa po\u0161iljanje, pla\u010dilo z Bitcoin. Poceni dobavitelj Flubromazepam 4mg pelets - kupite raziskovalne kemikalije v Evropi.","og_url":"https:\/\/medicinasinc.com\/sl\/product\/kupi-flubromazepam-4mg-pelete\/","og_site_name":"Medicinas Inc","article_modified_time":"2022-03-19T00:27:25+00:00","og_image":[{"width":350,"height":350,"url":"https:\/\/medicinasinc.com\/sl\/wp-content\/uploads\/sites\/7\/2022\/02\/Buy-Flubromazepam-4mg-Pellets-1.jpg","type":"image\/jpeg"}],"twitter_card":"summary_large_image","twitter_misc":{"Est. reading time":"1 minute"},"schema":{"@context":"https:\/\/schema.org","@graph":[{"@type":"WebPage","@id":"https:\/\/medicinasinc.com\/sl\/product\/kupi-flubromazepam-4mg-pelete\/","url":"https:\/\/medicinasinc.com\/sl\/product\/kupi-flubromazepam-4mg-pelete\/","name":"Kupite Flubromazepam 4mg pelete - najbolj\u0161a najbolj\u0161a zdravila na svetu","isPartOf":{"@id":"https:\/\/medicinasinc.com\/sl\/#website"},"primaryImageOfPage":{"@id":"https:\/\/medicinasinc.com\/sl\/product\/kupi-flubromazepam-4mg-pelete\/#primaryimage"},"image":{"@id":"https:\/\/medicinasinc.com\/sl\/product\/kupi-flubromazepam-4mg-pelete\/#primaryimage"},"thumbnailUrl":"https:\/\/medicinasinc.com\/sl\/wp-content\/uploads\/sites\/7\/2022\/02\/Buy-Flubromazepam-4mg-Pellets-1.jpg","datePublished":"2022-02-22T01:04:16+00:00","dateModified":"2022-03-19T00:27:25+00:00","description":"Kupite Flubromazepam 4mg pelete za prodajo EU, UK, Evropa po\u0161iljanje, pla\u010dilo z Bitcoin. Poceni dobavitelj Flubromazepam 4mg pelets - kupite raziskovalne kemikalije v Evropi.","breadcrumb":{"@id":"https:\/\/medicinasinc.com\/sl\/product\/kupi-flubromazepam-4mg-pelete\/#breadcrumb"},"inLanguage":"en-US","potentialAction":[{"@type":"ReadAction","target":["https:\/\/medicinasinc.com\/sl\/product\/kupi-flubromazepam-4mg-pelete\/"]}]},{"@type":"ImageObject","inLanguage":"en-US","@id":"https:\/\/medicinasinc.com\/sl\/product\/kupi-flubromazepam-4mg-pelete\/#primaryimage","url":"https:\/\/medicinasinc.com\/sl\/wp-content\/uploads\/sites\/7\/2022\/02\/Buy-Flubromazepam-4mg-Pellets-1.jpg","contentUrl":"https:\/\/medicinasinc.com\/sl\/wp-content\/uploads\/sites\/7\/2022\/02\/Buy-Flubromazepam-4mg-Pellets-1.jpg","width":350,"height":350},{"@type":"BreadcrumbList","@id":"https:\/\/medicinasinc.com\/sl\/product\/kupi-flubromazepam-4mg-pelete\/#breadcrumb","itemListElement":[{"@type":"ListItem","position":1,"name":"Nakupujte","item":"https:\/\/medicinasinc.com\/sl\/nakupujte\/"},{"@type":"ListItem","position":2,"name":"Kupite Flubromazepam 4mg pelete"}]},{"@type":"WebSite","@id":"https:\/\/medicinasinc.com\/sl\/#website","url":"https:\/\/medicinasinc.com\/sl\/","name":"Medicinas Inc","description":"Health Medical Clinic","potentialAction":[{"@type":"SearchAction","target":{"@type":"EntryPoint","urlTemplate":"https:\/\/medicinasinc.com\/sl\/?s={search_term_string}"},"query-input":{"@type":"PropertyValueSpecification","valueRequired":true,"valueName":"search_term_string"}}],"inLanguage":"en-US"}]}},"_links":{"self":[{"href":"https:\/\/medicinasinc.com\/sl\/wp-json\/wp\/v2\/product\/5521","targetHints":{"allow":["GET"]}}],"collection":[{"href":"https:\/\/medicinasinc.com\/sl\/wp-json\/wp\/v2\/product"}],"about":[{"href":"https:\/\/medicinasinc.com\/sl\/wp-json\/wp\/v2\/types\/product"}],"replies":[{"embeddable":true,"href":"https:\/\/medicinasinc.com\/sl\/wp-json\/wp\/v2\/comments?post=5521"}],"wp:featuredmedia":[{"embeddable":true,"href":"https:\/\/medicinasinc.com\/sl\/wp-json\/wp\/v2\/media\/5531"}],"wp:attachment":[{"href":"https:\/\/medicinasinc.com\/sl\/wp-json\/wp\/v2\/media?parent=5521"}],"wp:term":[{"taxonomy":"product_brand","embeddable":true,"href":"https:\/\/medicinasinc.com\/sl\/wp-json\/wp\/v2\/product_brand?post=5521"},{"taxonomy":"product_cat","embeddable":true,"href":"https:\/\/medicinasinc.com\/sl\/wp-json\/wp\/v2\/product_cat?post=5521"},{"taxonomy":"product_tag","embeddable":true,"href":"https:\/\/medicinasinc.com\/sl\/wp-json\/wp\/v2\/product_tag?post=5521"}],"curies":[{"name":"wp","href":"https:\/\/api.w.org\/{rel}","templated":true}]}}