{"id":5520,"date":"2022-02-22T01:02:44","date_gmt":"2022-02-22T01:02:44","guid":{"rendered":"https:\/\/medicinasinc.com\/sl\/?post_type=product&#038;p=5520"},"modified":"2022-03-19T00:27:34","modified_gmt":"2022-03-19T00:27:34","slug":"kupi-fentanil-tablete","status":"publish","type":"product","link":"https:\/\/medicinasinc.com\/sl\/product\/kupi-fentanil-tablete\/","title":{"rendered":"Kupite tablete fentanila"},"content":{"rendered":"<p>Fentanil tablete, znan tudi kot fentanil, je zelo mo\u010dno sinteti\u010dno opioidno laj\u0161anje bole\u010din s kratkim delovanjem in hitrim za\u010detkom. To zdravilo mo\u010dno stimulira opioidne receptorje. U\u010dinkovitost fentanila naj bi bila 50-100-krat ve\u010dja od mo\u010di morfija.<\/p>\n<p>Fentanilne tablete Paula Janssena, ki so nastale leta 1960, so takoj dosegle uspeh po stopinjah Demerolovega petidina. Fentanil je nastal s testiranjem analogov opioidne aktivne snovi petidina, ki je strukturno vezan na fentanil.<\/p>\n<p>Fentonski citrat (fentanil citrat, ki je sol, ki nastane z me\u0161anjem fentanila in citronske kisline v razmerju 1:1 razmerje) je zaradi \u0161iroke uporabe pri\u0161el na medicinski trg v zgodnjih 60. letih pod trgovskim imenom Sublimaze. Sufentanil, alfentanil, remifentanil in lofentanil so le nekateri izmed mnogih analogov fentanila, ki so bili od takrat ustvarjeni in uporabljeni v klini\u010dni uporabi.<\/p>\n<p>Tablete, ki vsebujejo fentanil Paliativna uporaba fentanila se je za\u010dela sredi devetdesetih let prej\u0161njega stoletja z zdravilom Fentanil. razvoj fentanilnega obli\u017ea, \u010demur so hitro sledile pastile fentanila, tablete za raztapljanje in sublingvalno pr\u0161ilo, ki se vsi absorbirajo prek povr\u0161ine ust. Fentanil je bil leta 2012 najpogosteje predpisan sinteti\u010dni opioid v Zdru\u017eenih dr\u017eavah. Ocenjeno je bilo, da je bilo leta 2013 po vsem svetu porabljenih 1700 kg plastike.<\/p>\n<p>Rekreacijska uporaba fentanila je povzro\u010dila na tiso\u010de smrti zaradi prevelikega odmerjanja na tiso\u010de na svetu. leto. Neustrezna medicinska uporaba je povzro\u010dila tudi smrtne \u017ertve. Zaradi visokega terapevtskega indeksa (270) je fentanil zelo varen kirur\u0161ki anestetik, \u010de ga dajemo pod strogim nadzorom; toda zaradi njegove izjemne mo\u010di so potrebne natan\u010dne meritve izjemno razred\u010dene raztopine.<\/p>\n<p>u\u010dinkovit odmerek in smrtonosni odmerek fentanila v prahu bi bilo te\u017eko ali nemogo\u010de lo\u010diti s prostim o\u010desom, \u010de bi ju postavili zraven. drug drugega; zato je neprakti\u010dno natan\u010dno kvantificirati odmerek \u010distega fentanila v prahu brez sodobne znanstvene opreme.<\/p>\n<p>Fentanil tablete, pra\u0161ek, obli\u017ee in teko\u010dino naro\u010dite na spletu zdaj!<\/p>\n<div class=\"product\"> -naslednji-prej\u0161nji&#8221;&gt; <\/p>\n<div class=\"product-prev\"><\/div><\/div>\n","protected":false},"excerpt":{"rendered":"<p>Na\u0161e spletno podjetje prodaja tablete fentanila za prodajo v Zdru\u017eenem kraljestvu, EU in Evropi s hitro dostavo po vsem svetu! Tukaj boste na\u0161li najbolj\u0161i fentanil za spletni nakup!<\/p>\n<p>Kupite tablete fentanila na spletu v Zdru\u017eenem kraljestvu, Evropi in ostalem svetu s hitro mednarodno dostavo iz na\u0161e spletne lekarne \u0161e danes! Tukaj boste na\u0161li najbolj\u0161i fentanil za spletni nakup! Pozanimajte se, kje kupiti tablete fentanila.<\/p>\n<p>Tablete, ki vsebujejo fentanil. Obli\u017e fentanila je bil prvi\u010d na voljo za paliativno uporabo sredi devetdesetih let prej\u0161njega stoletja, fentanil lizika, tablete za raztapljanje in podjezi\u010dno pr\u0161ilo pa so bili izdani v nadaljevanju desetletje z absorpcijo skozi ko\u017eo v ustih.<\/p>\n","protected":false},"featured_media":5529,"comment_status":"open","ping_status":"closed","template":"","meta":[],"product_brand":[],"product_cat":[2014],"product_tag":[2975,2841,2976,2977,2978,2987,2995,2980,2981,2983,2982,2850,2988,2979,2973,2994,2843,2974,2993,2984,2985,2989,2990,2991,2992,2986,2996,2997],"class_list":{"0":"post-5520","1":"product","2":"type-product","3":"status-publish","4":"has-post-thumbnail","6":"product_cat-nakup-raziskave-kemikalije","7":"product_tag-buy-fentanyl-no-prescription","8":"product_tag-buy-fentanyl-online","9":"product_tag-buy-fentanyl-online-uk","10":"product_tag-buy-fentanyl-powder","11":"product_tag-buying-fentanyl-online","12":"product_tag-fentanil-prah-cena","13":"product_tag-isti-fentanil","14":"product_tag-fentanil-kupi-online","15":"product_tag-fentanil-naprodaj","16":"product_tag-fentanil-tekoina-za-prodajo","17":"product_tag-fentanyl-for-sale-online","18":"product_tag-fentanyl-powder-for-sale","19":"product_tag-how-to-buy-fentanyl-liquid-online","20":"product_tag-karfentanil-naprodaj","21":"product_tag-kupite-fentanyl-citrat-online","22":"product_tag-nakup-fentanyl-online","23":"product_tag-kupite-fentanyl-prah-online","24":"product_tag-kupi-fentanil-tekoina-c4-8dina-online","25":"product_tag-nakup-fentanil-tekoina-online","26":"product_tag-fentanil-obli-spletna-lekarna","27":"product_tag-fentanil-oblii-na-prodaj","28":"product_tag-opiate-research-chemicals-for-sale","29":"product_tag-order-fentanyl-liquid-online","30":"product_tag-order-fentanyl-online","31":"product_tag-order-fentanyl-patches-online","32":"product_tag-fentanil-tablete-na-prodaj","33":"product_tag-the-best-place-to-buy-fentanyl-liquid-online","34":"product_tag-where-to-buy-fentanyl-liquid-online","36":"first","37":"instock","38":"shipping-taxable","39":"purchasable","40":"product-type-variable","41":"has-default-attributes"},"yoast_head":"<!-- This site is optimized with the Yoast SEO plugin v27.3 - https:\/\/yoast.com\/product\/yoast-seo-wordpress\/ -->\n<title>Kupite tablete fentanila - tablete fentanila - Best Global Meds<\/title>\n<meta name=\"description\" content=\"Kupite Fentanil tablete za prodajo UK, EU Evropa v na\u0161i spletni trgovini s hitro dostavo po vsem svetu! Najbolj\u0161i fentanil za naro\u010danje boste na\u0161li tukaj!\" \/>\n<meta name=\"robots\" content=\"index, follow, max-snippet:-1, max-image-preview:large, max-video-preview:-1\" \/>\n<link rel=\"canonical\" href=\"https:\/\/medicinasinc.com\/sl\/product\/kupi-fentanil-tablete\/\" \/>\n<meta property=\"og:locale\" content=\"en_US\" \/>\n<meta property=\"og:type\" content=\"article\" \/>\n<meta property=\"og:title\" content=\"Kupite tablete fentanila - tablete fentanila - Best Global Meds\" \/>\n<meta property=\"og:description\" content=\"Kupite Fentanil tablete za prodajo UK, EU Evropa v na\u0161i spletni trgovini s hitro dostavo po vsem svetu! Najbolj\u0161i fentanil za naro\u010danje boste na\u0161li tukaj!\" \/>\n<meta property=\"og:url\" content=\"https:\/\/medicinasinc.com\/sl\/product\/kupi-fentanil-tablete\/\" \/>\n<meta property=\"og:site_name\" content=\"Medicinas Inc\" \/>\n<meta property=\"article:modified_time\" content=\"2022-03-19T00:27:34+00:00\" \/>\n<meta property=\"og:image\" content=\"https:\/\/medicinasinc.com\/sl\/wp-content\/uploads\/sites\/7\/2022\/02\/Buy-Fentanyl-Tablets.jpg\" \/>\n\t<meta property=\"og:image:width\" content=\"600\" \/>\n\t<meta property=\"og:image:height\" content=\"600\" \/>\n\t<meta property=\"og:image:type\" content=\"image\/jpeg\" \/>\n<meta name=\"twitter:card\" content=\"summary_large_image\" \/>\n<meta name=\"twitter:label1\" content=\"Est. reading time\" \/>\n\t<meta name=\"twitter:data1\" content=\"2 minutes\" \/>\n<script type=\"application\/ld+json\" class=\"yoast-schema-graph\">{\"@context\":\"https:\\\/\\\/schema.org\",\"@graph\":[{\"@type\":\"WebPage\",\"@id\":\"https:\\\/\\\/medicinasinc.com\\\/sl\\\/product\\\/kupi-fentanil-tablete\\\/\",\"url\":\"https:\\\/\\\/medicinasinc.com\\\/sl\\\/product\\\/kupi-fentanil-tablete\\\/\",\"name\":\"Kupite tablete fentanila - tablete fentanila - Best Global Meds\",\"isPartOf\":{\"@id\":\"https:\\\/\\\/medicinasinc.com\\\/sl\\\/#website\"},\"primaryImageOfPage\":{\"@id\":\"https:\\\/\\\/medicinasinc.com\\\/sl\\\/product\\\/kupi-fentanil-tablete\\\/#primaryimage\"},\"image\":{\"@id\":\"https:\\\/\\\/medicinasinc.com\\\/sl\\\/product\\\/kupi-fentanil-tablete\\\/#primaryimage\"},\"thumbnailUrl\":\"https:\\\/\\\/medicinasinc.com\\\/sl\\\/wp-content\\\/uploads\\\/sites\\\/7\\\/2022\\\/02\\\/Buy-Fentanyl-Tablets.jpg\",\"datePublished\":\"2022-02-22T01:02:44+00:00\",\"dateModified\":\"2022-03-19T00:27:34+00:00\",\"description\":\"Kupite Fentanil tablete za prodajo UK, EU Evropa v na\u0161i spletni trgovini s hitro dostavo po vsem svetu! Najbolj\u0161i fentanil za naro\u010danje boste na\u0161li tukaj!\",\"breadcrumb\":{\"@id\":\"https:\\\/\\\/medicinasinc.com\\\/sl\\\/product\\\/kupi-fentanil-tablete\\\/#breadcrumb\"},\"inLanguage\":\"en-US\",\"potentialAction\":[{\"@type\":\"ReadAction\",\"target\":[\"https:\\\/\\\/medicinasinc.com\\\/sl\\\/product\\\/kupi-fentanil-tablete\\\/\"]}]},{\"@type\":\"ImageObject\",\"inLanguage\":\"en-US\",\"@id\":\"https:\\\/\\\/medicinasinc.com\\\/sl\\\/product\\\/kupi-fentanil-tablete\\\/#primaryimage\",\"url\":\"https:\\\/\\\/medicinasinc.com\\\/sl\\\/wp-content\\\/uploads\\\/sites\\\/7\\\/2022\\\/02\\\/Buy-Fentanyl-Tablets.jpg\",\"contentUrl\":\"https:\\\/\\\/medicinasinc.com\\\/sl\\\/wp-content\\\/uploads\\\/sites\\\/7\\\/2022\\\/02\\\/Buy-Fentanyl-Tablets.jpg\",\"width\":600,\"height\":600},{\"@type\":\"BreadcrumbList\",\"@id\":\"https:\\\/\\\/medicinasinc.com\\\/sl\\\/product\\\/kupi-fentanil-tablete\\\/#breadcrumb\",\"itemListElement\":[{\"@type\":\"ListItem\",\"position\":1,\"name\":\"Nakupujte\",\"item\":\"https:\\\/\\\/medicinasinc.com\\\/sl\\\/nakupujte\\\/\"},{\"@type\":\"ListItem\",\"position\":2,\"name\":\"Kupite tablete fentanila\"}]},{\"@type\":\"WebSite\",\"@id\":\"https:\\\/\\\/medicinasinc.com\\\/sl\\\/#website\",\"url\":\"https:\\\/\\\/medicinasinc.com\\\/sl\\\/\",\"name\":\"Medicinas Inc\",\"description\":\"Health Medical Clinic\",\"potentialAction\":[{\"@type\":\"SearchAction\",\"target\":{\"@type\":\"EntryPoint\",\"urlTemplate\":\"https:\\\/\\\/medicinasinc.com\\\/sl\\\/?s={search_term_string}\"},\"query-input\":{\"@type\":\"PropertyValueSpecification\",\"valueRequired\":true,\"valueName\":\"search_term_string\"}}],\"inLanguage\":\"en-US\"}]}<\/script>\n<!-- \/ Yoast SEO plugin. -->","yoast_head_json":{"title":"Kupite tablete fentanila - tablete fentanila - Best Global Meds","description":"Kupite Fentanil tablete za prodajo UK, EU Evropa v na\u0161i spletni trgovini s hitro dostavo po vsem svetu! Najbolj\u0161i fentanil za naro\u010danje boste na\u0161li tukaj!","robots":{"index":"index","follow":"follow","max-snippet":"max-snippet:-1","max-image-preview":"max-image-preview:large","max-video-preview":"max-video-preview:-1"},"canonical":"https:\/\/medicinasinc.com\/sl\/product\/kupi-fentanil-tablete\/","og_locale":"en_US","og_type":"article","og_title":"Kupite tablete fentanila - tablete fentanila - Best Global Meds","og_description":"Kupite Fentanil tablete za prodajo UK, EU Evropa v na\u0161i spletni trgovini s hitro dostavo po vsem svetu! Najbolj\u0161i fentanil za naro\u010danje boste na\u0161li tukaj!","og_url":"https:\/\/medicinasinc.com\/sl\/product\/kupi-fentanil-tablete\/","og_site_name":"Medicinas Inc","article_modified_time":"2022-03-19T00:27:34+00:00","og_image":[{"width":600,"height":600,"url":"https:\/\/medicinasinc.com\/sl\/wp-content\/uploads\/sites\/7\/2022\/02\/Buy-Fentanyl-Tablets.jpg","type":"image\/jpeg"}],"twitter_card":"summary_large_image","twitter_misc":{"Est. reading time":"2 minutes"},"schema":{"@context":"https:\/\/schema.org","@graph":[{"@type":"WebPage","@id":"https:\/\/medicinasinc.com\/sl\/product\/kupi-fentanil-tablete\/","url":"https:\/\/medicinasinc.com\/sl\/product\/kupi-fentanil-tablete\/","name":"Kupite tablete fentanila - tablete fentanila - Best Global Meds","isPartOf":{"@id":"https:\/\/medicinasinc.com\/sl\/#website"},"primaryImageOfPage":{"@id":"https:\/\/medicinasinc.com\/sl\/product\/kupi-fentanil-tablete\/#primaryimage"},"image":{"@id":"https:\/\/medicinasinc.com\/sl\/product\/kupi-fentanil-tablete\/#primaryimage"},"thumbnailUrl":"https:\/\/medicinasinc.com\/sl\/wp-content\/uploads\/sites\/7\/2022\/02\/Buy-Fentanyl-Tablets.jpg","datePublished":"2022-02-22T01:02:44+00:00","dateModified":"2022-03-19T00:27:34+00:00","description":"Kupite Fentanil tablete za prodajo UK, EU Evropa v na\u0161i spletni trgovini s hitro dostavo po vsem svetu! Najbolj\u0161i fentanil za naro\u010danje boste na\u0161li tukaj!","breadcrumb":{"@id":"https:\/\/medicinasinc.com\/sl\/product\/kupi-fentanil-tablete\/#breadcrumb"},"inLanguage":"en-US","potentialAction":[{"@type":"ReadAction","target":["https:\/\/medicinasinc.com\/sl\/product\/kupi-fentanil-tablete\/"]}]},{"@type":"ImageObject","inLanguage":"en-US","@id":"https:\/\/medicinasinc.com\/sl\/product\/kupi-fentanil-tablete\/#primaryimage","url":"https:\/\/medicinasinc.com\/sl\/wp-content\/uploads\/sites\/7\/2022\/02\/Buy-Fentanyl-Tablets.jpg","contentUrl":"https:\/\/medicinasinc.com\/sl\/wp-content\/uploads\/sites\/7\/2022\/02\/Buy-Fentanyl-Tablets.jpg","width":600,"height":600},{"@type":"BreadcrumbList","@id":"https:\/\/medicinasinc.com\/sl\/product\/kupi-fentanil-tablete\/#breadcrumb","itemListElement":[{"@type":"ListItem","position":1,"name":"Nakupujte","item":"https:\/\/medicinasinc.com\/sl\/nakupujte\/"},{"@type":"ListItem","position":2,"name":"Kupite tablete fentanila"}]},{"@type":"WebSite","@id":"https:\/\/medicinasinc.com\/sl\/#website","url":"https:\/\/medicinasinc.com\/sl\/","name":"Medicinas Inc","description":"Health Medical Clinic","potentialAction":[{"@type":"SearchAction","target":{"@type":"EntryPoint","urlTemplate":"https:\/\/medicinasinc.com\/sl\/?s={search_term_string}"},"query-input":{"@type":"PropertyValueSpecification","valueRequired":true,"valueName":"search_term_string"}}],"inLanguage":"en-US"}]}},"_links":{"self":[{"href":"https:\/\/medicinasinc.com\/sl\/wp-json\/wp\/v2\/product\/5520","targetHints":{"allow":["GET"]}}],"collection":[{"href":"https:\/\/medicinasinc.com\/sl\/wp-json\/wp\/v2\/product"}],"about":[{"href":"https:\/\/medicinasinc.com\/sl\/wp-json\/wp\/v2\/types\/product"}],"replies":[{"embeddable":true,"href":"https:\/\/medicinasinc.com\/sl\/wp-json\/wp\/v2\/comments?post=5520"}],"wp:featuredmedia":[{"embeddable":true,"href":"https:\/\/medicinasinc.com\/sl\/wp-json\/wp\/v2\/media\/5529"}],"wp:attachment":[{"href":"https:\/\/medicinasinc.com\/sl\/wp-json\/wp\/v2\/media?parent=5520"}],"wp:term":[{"taxonomy":"product_brand","embeddable":true,"href":"https:\/\/medicinasinc.com\/sl\/wp-json\/wp\/v2\/product_brand?post=5520"},{"taxonomy":"product_cat","embeddable":true,"href":"https:\/\/medicinasinc.com\/sl\/wp-json\/wp\/v2\/product_cat?post=5520"},{"taxonomy":"product_tag","embeddable":true,"href":"https:\/\/medicinasinc.com\/sl\/wp-json\/wp\/v2\/product_tag?post=5520"}],"curies":[{"name":"wp","href":"https:\/\/api.w.org\/{rel}","templated":true}]}}