{"id":5497,"date":"2022-02-22T00:36:43","date_gmt":"2022-02-22T00:36:43","guid":{"rendered":"https:\/\/medicinasinc.com\/sl\/?post_type=product&#038;p=5497"},"modified":"2022-03-19T00:27:43","modified_gmt":"2022-03-19T00:27:43","slug":"kupi-etizolam-prah","status":"publish","type":"product","link":"https:\/\/medicinasinc.com\/sl\/product\/kupi-etizolam-prah\/","title":{"rendered":"Kupite Etizolam v prahu"},"content":{"rendered":"<p>Etizolamova kemija<\/p>\n<p>Etizolamovo kemijsko ime je &#8220;4-(2-klorofenil)-2-etil-9-metil-6H-tieno[3,2-f][1,2,4] triazolo[4,3-a][1,4]diazepin.&#8221; Molekulska masa tega zdravila je bila ugotovljena na 342,07 g\/mol, njegova \u010distost pa je bila ocenjena na 99,5 odstotka ali ve\u010d v najbolj\u0161ih oblikah. Dokazano je, da je molekula tega zdravila stabilna vsaj dve ali tri leta pri sobni temperaturi ali med 20oC in 25oC, kar je priporo\u010dena temperatura shranjevanja. Kljub statusu raziskovalne kemikalije so zdravniki Etizolam predpisali za zdravljenje anksioznih bolnikov.<\/p>\n<p>Etizolamov izvor in razvoj<\/p>\n<p>Siva raziskovalna kemikalija, etizolam se je leta 2011 pojavila kot pretirano zdravilo. pomirjevalo. Zaradi poceni stro\u0161kov, velike izbire izdelkov in \u0161tevilnih aplikacij je pozneje postal priljubljena izbira za mnoge ljudi. Ni znano, od kod izvira formula, vendar je bila povezana z raziskavami iz 90. let prej\u0161njega stoletja.<\/p>\n<p>Za zdravljenje tega, kar vas boli, vam lahko predpi\u0161ejo Etizolam.<\/p>\n<p>Antidepresiv. Znano je, da se ob dajanju zdravila Etizolam pojavijo u\u010dinki na spro\u0161\u010danje mi\u0161ic in proti anksioznosti, v takih primerih pa je bil predpisan za medicinsko uporabo. \u010ceprav se ta u\u010dinek ne ka\u017ee pri vseh uporabnikih, lahko zdravilo pove\u010da lakoto. Laj\u0161anje stresa in reorganizacija spomina sta \u0161e dve dobro dokumentirani uporabi tega zdravila. Iz rekreativnih razlogov je znano, da zdravilo med drugim povzro\u010da u\u010dinke, kot so napihovanje ega, \u010dustvena represija in pove\u010dan ob\u010dutek treznosti. Ljudje so ga uporabljali tudi v rekreativne namene.<\/p>\n<p>Kaj Etizolam naredi va\u0161emu telesu<\/p>\n<p>Zdravilo je uporabljalo veliko ljudi, od znanstvenikov do \u0161ir\u0161e javnosti. Pri uporabi ima zdravilo razli\u010dne u\u010dinke na telo, um in dojemanje samega sebe. Zaradi zdravila se po\u010dutite \u0161ibki in ne morete uravnavati svojega telesa. Pove\u010da se \u010dlovekova sposobnost prostega dihanja, pa tudi fizi\u010dna bla\u017eenost. Kot stranski u\u010dinek zdravila se lahko pojavita tudi zaspanost in pomanjkanje spanja. Poleg tega ima snov kognitivne u\u010dinke, saj vpliva na sposobnost telesa za dokon\u010danje rednih operacij, tako da moti delovanje motori\u010dnih \u017eivcev. Lahko je prizadet hipokampalni predel mo\u017eganov, kar lahko vodi do kratkoro\u010dne izgube spomina.<\/p>\n<p>Zdravilo prav tako zmanj\u0161a motivacijo in raven energije, vpliva pa tudi na sposobnost mo\u017eganov, da razumejo misli. .<\/p>\n<p>Strupenost je lahko posledica tudi prisotnosti kontaminantov v zdravilu.<\/p>\n<p>Etizolam: Priporo\u010deni odmerek in ne\u017eeleni u\u010dinki v klini\u010dni praksi<\/p>\n<p>Od 0,2 mg do 5 mg, so mo\u017enosti odmerka zdravila \u0161iroke. Lahki odmerki zdravila so med 0,2 mg in 1 mg, medtem ko je najpogosteje predpisana koli\u010dina med 1-2 mg. Visok odmerek je tisti, ki presega ali je enak 5 miligramov.<\/p>\n<p>Posledi\u010dno mnogi ljudje na koncu vzamejo ve\u010dji odmerek, da bi izkusili celoten spekter ugodnih u\u010dinkov, za katere je navedeno zdravilo. . Vi\u0161ji odmerek ima lahko \u0161ir\u0161i razpon u\u010dinkov, vendar ima tudi nevarnej\u0161e stranske u\u010dinke, kot so velika po\u0161kodba ali smrt v najbolj ekstremnih okoli\u0161\u010dinah.<\/p>\n<p>Jemanje Etizolama je zakonito<\/p>\n<p>Kljub njegovi razvrstitvi kot nadzorovane in na\u010drtovane snovi, proizvodnja, dobava in posedovanje zdravila v ve\u010dini dr\u017eav nista prepovedana.<\/p>\n<p>Ali veste, kje dobiti Etizolam v prahu?<\/p>\n<p>Za laboratorije, lekarne, raziskovalne ustanove in ljudi na\u0161a spletna trgovina z zdravili ponuja visokokakovosten FUB \u2013 AKB48 po po\u0161teni ceni.<\/p>\n","protected":false},"excerpt":{"rendered":"<div class=\"woocommerce-product-details__short-description\">\n<p>Kupite Etizolam prah za prodajo v Zdru\u017eenem kraljestvu, EU, Evropi\u00a0na voljo po najni\u017eji ceni. Etizolam v prahu se uporablja kot zdravilo za zdravljenje tesnobe, nespe\u010dnosti in napadov panike.<\/p>\n<p>Etizolam v prahu lahko kupite na spletu. Kje kupiti Etizolam v prahu na spletu?<\/p>\n<p>Etizolam pra\u0161ek najvi\u0161je kakovosti je na voljo v BestGlobalMeds.com, najbolj zanesljivi spletni lekarni.<\/p>\n<p>Poleg Etizolama so zanj tudi druge blagovne znamke drugih blagovnih znamk. vklju\u010dujejo Etilaam in Etizest. Etizolam je sinteti\u010dni oblikovalski analog tienodiazepina, ki ima depresivne lastnosti, primerljive z benzodiazepini, v smislu zmanj\u0161anja tesnobe, stresa in spodbujanja mi\u0161i\u010dne sprostitve. Poleg tablet, pra\u0161ka in raztopine je priljubljena raziskovalna kemikalija.<\/p>\n<\/p><\/div>\n","protected":false},"featured_media":5509,"comment_status":"open","ping_status":"closed","template":"","meta":[],"product_brand":[],"product_cat":[2014],"product_tag":[2898,2903,2904,2905,2906,2911,2912,2913,2914,2937,2938,2961,2910,2915,2916,2919,2918,2924,2925,2926,2927,2932,2933,2934,2935,2940,2941,2946,2947,2948,2949,2920,2922,2921,2936,2923,2939,2945,2954,2955,2930,2953,2929,2944,2952,2931,2956,2958,2959,2957,2899,2900,2907,2902,2901,2908,2909,2917,2928,2943,2960,2951,2962,2942,2950,2963,2964,2965,2966,2967,2968,2969,2970,2971,2972],"class_list":{"0":"post-5497","1":"product","2":"type-product","3":"status-publish","4":"has-post-thumbnail","6":"product_cat-nakup-raziskave-kemikalije","7":"product_tag-etizolam-praek-1g","8":"product_tag-buy-etizolam-powder","9":"product_tag-buy-etizolam-powder-by-the-gram-usa","10":"product_tag-buy-etizolam-powder-online","11":"product_tag-buy-etizolam-powder-uk","12":"product_tag-buy-etizolam-usa-domestic","13":"product_tag-buy-etizolam-usa-overnight-delivery","14":"product_tag-buy-etizolam-with-paypal","15":"product_tag-buy-liquid-etizolam-usa","16":"product_tag-etizolam-prah-cena","17":"product_tag-etizolam-prah-cene","18":"product_tag-isti-etizolam-v-prahu","19":"product_tag-kupi-etizolam-mo-c4-8d","20":"product_tag-etizolam-1","21":"product_tag-etizolam-30-ml","22":"product_tag-etizolam-liquid","23":"product_tag-etizolam-za-prodaja-usa","24":"product_tag-etizolam-powder-city","25":"product_tag-etizolam-powder-credit-card","26":"product_tag-etizolam-powder-dosage","27":"product_tag-etizolam-powder-dose","28":"product_tag-etizolam-powder-for-sale-china","29":"product_tag-etizolam-powder-for-sale-reviews","30":"product_tag-etizolam-powder-high","31":"product_tag-etizolam-powder-measurement","32":"product_tag-etizolam-powder-review","33":"product_tag-etizolam-powder-site","34":"product_tag-etizolam-powder-us","35":"product_tag-etizolam-powder-usa","36":"product_tag-etizolam-powder-usa-supplier","37":"product_tag-etizolam-powder-usa-vendor","38":"product_tag-etizolam-prah-avstralija","39":"product_tag-etizolam-prah-canada","40":"product_tag-etizolam-prah-kupi","41":"product_tag-etizolam-powder-online","42":"product_tag-etizolam-prah-porcelan","43":"product_tag-etizolam-powder-reddit","44":"product_tag-etizolam-prah-uk","45":"product_tag-etizolam-raztopina-kupi","46":"product_tag-etizolam-tablete","47":"product_tag-etizolam-powder-europe","48":"product_tag-etizolam-praki","49":"product_tag-etizolam-prah-eu","50":"product_tag-etizolam-v-prahu-v-raztopini","51":"product_tag-etizolam-prah-trgovina-na-debelo","52":"product_tag-etizolam-praek-naprodaj","53":"product_tag-etizolam-xanax-praek","54":"product_tag-is-etizolam-addictive-and-why-is-etizolam-abused","55":"product_tag-is-etizolam-safe","56":"product_tag-kako-zau-c5-beiti-etizolam-pra-c5-a1ek","57":"product_tag-kupi-aniracetam-v-prahu","58":"product_tag-kupi-etizolam-japonska","59":"product_tag-buy-etizolam-pra-c5-a1ek-usa","60":"product_tag-kupi-etizolam-online-usa","61":"product_tag-kupi-etizolam-online-united-states","62":"product_tag-kupite-etizolam-powder-usa-with-credit-card","63":"product_tag-kupi-etizolam-pra-c5-a1ki","64":"product_tag-etizolam-odmerjanje","65":"product_tag-etizolam-praek-doziranje","66":"product_tag-etizolam-okus-v-prahu","67":"product_tag-powder-in-a-solution","68":"product_tag-etizolam-praek-prodajalec","69":"product_tag-reddit-etizolam-vendors","70":"product_tag-etizolam-topnost-v-prahu","71":"product_tag-etizolam-praek-uporabe","72":"product_tag-what-are-the-solvents-used-to-convert-etizolam","73":"product_tag-what-do-people-usually-use-etizolam-for","74":"product_tag-what-does-etizolam-powder-taste-like","75":"product_tag-what-is-etizolam-like","76":"product_tag-what-is-the-etizolam-high-like","77":"product_tag-what-is-the-importance-of-etizolam-liquid","78":"product_tag-where-to-buy-etizolam","79":"product_tag-where-to-buy-etizolam-online","80":"product_tag-where-to-buy-etizolam-powder","81":"product_tag-will-etizolam-powder-dissolve-in-olive-oil","83":"first","84":"instock","85":"shipping-taxable","86":"purchasable","87":"product-type-variable","88":"has-default-attributes"},"yoast_head":"<!-- This site is optimized with the Yoast SEO plugin v27.3 - https:\/\/yoast.com\/product\/yoast-seo-wordpress\/ -->\n<title>Kupite Etizolam v prahu - Etizolam v prahu Europe- Best Global Meds<\/title>\n<meta name=\"description\" content=\"Kupite Etizolam v prahu za prodajo v Zdru\u017eenem kraljestvu, EU, Evropi\u00a0na voljo po najni\u017eji ceni. Etizolam v prahu se uporablja kot zdravilo za zdravljenje tesnobe, nespe\u010dnosti in napadov panike.\" \/>\n<meta name=\"robots\" content=\"index, follow, max-snippet:-1, max-image-preview:large, max-video-preview:-1\" \/>\n<link rel=\"canonical\" href=\"https:\/\/medicinasinc.com\/sl\/product\/kupi-etizolam-prah\/\" \/>\n<meta property=\"og:locale\" content=\"en_US\" \/>\n<meta property=\"og:type\" content=\"article\" \/>\n<meta property=\"og:title\" content=\"Kupite Etizolam v prahu - Etizolam v prahu Europe- Best Global Meds\" \/>\n<meta property=\"og:description\" content=\"Kupite Etizolam v prahu za prodajo v Zdru\u017eenem kraljestvu, EU, Evropi\u00a0na voljo po najni\u017eji ceni. Etizolam v prahu se uporablja kot zdravilo za zdravljenje tesnobe, nespe\u010dnosti in napadov panike.\" \/>\n<meta property=\"og:url\" content=\"https:\/\/medicinasinc.com\/sl\/product\/kupi-etizolam-prah\/\" \/>\n<meta property=\"og:site_name\" content=\"Medicinas Inc\" \/>\n<meta property=\"article:modified_time\" content=\"2022-03-19T00:27:43+00:00\" \/>\n<meta property=\"og:image\" content=\"https:\/\/medicinasinc.com\/sl\/wp-content\/uploads\/sites\/7\/2022\/02\/Buy_Etizolam_powder.jpg\" \/>\n\t<meta property=\"og:image:width\" content=\"500\" \/>\n\t<meta property=\"og:image:height\" content=\"500\" \/>\n\t<meta property=\"og:image:type\" content=\"image\/jpeg\" \/>\n<meta name=\"twitter:card\" content=\"summary_large_image\" \/>\n<meta name=\"twitter:label1\" content=\"Est. reading time\" \/>\n\t<meta name=\"twitter:data1\" content=\"3 minutes\" \/>\n<script type=\"application\/ld+json\" class=\"yoast-schema-graph\">{\"@context\":\"https:\\\/\\\/schema.org\",\"@graph\":[{\"@type\":\"WebPage\",\"@id\":\"https:\\\/\\\/medicinasinc.com\\\/sl\\\/product\\\/kupi-etizolam-prah\\\/\",\"url\":\"https:\\\/\\\/medicinasinc.com\\\/sl\\\/product\\\/kupi-etizolam-prah\\\/\",\"name\":\"Kupite Etizolam v prahu - Etizolam v prahu Europe- Best Global Meds\",\"isPartOf\":{\"@id\":\"https:\\\/\\\/medicinasinc.com\\\/sl\\\/#website\"},\"primaryImageOfPage\":{\"@id\":\"https:\\\/\\\/medicinasinc.com\\\/sl\\\/product\\\/kupi-etizolam-prah\\\/#primaryimage\"},\"image\":{\"@id\":\"https:\\\/\\\/medicinasinc.com\\\/sl\\\/product\\\/kupi-etizolam-prah\\\/#primaryimage\"},\"thumbnailUrl\":\"https:\\\/\\\/medicinasinc.com\\\/sl\\\/wp-content\\\/uploads\\\/sites\\\/7\\\/2022\\\/02\\\/Buy_Etizolam_powder.jpg\",\"datePublished\":\"2022-02-22T00:36:43+00:00\",\"dateModified\":\"2022-03-19T00:27:43+00:00\",\"description\":\"Kupite Etizolam v prahu za prodajo v Zdru\u017eenem kraljestvu, EU, Evropi\u00a0na voljo po najni\u017eji ceni. Etizolam v prahu se uporablja kot zdravilo za zdravljenje tesnobe, nespe\u010dnosti in napadov panike.\",\"breadcrumb\":{\"@id\":\"https:\\\/\\\/medicinasinc.com\\\/sl\\\/product\\\/kupi-etizolam-prah\\\/#breadcrumb\"},\"inLanguage\":\"en-US\",\"potentialAction\":[{\"@type\":\"ReadAction\",\"target\":[\"https:\\\/\\\/medicinasinc.com\\\/sl\\\/product\\\/kupi-etizolam-prah\\\/\"]}]},{\"@type\":\"ImageObject\",\"inLanguage\":\"en-US\",\"@id\":\"https:\\\/\\\/medicinasinc.com\\\/sl\\\/product\\\/kupi-etizolam-prah\\\/#primaryimage\",\"url\":\"https:\\\/\\\/medicinasinc.com\\\/sl\\\/wp-content\\\/uploads\\\/sites\\\/7\\\/2022\\\/02\\\/Buy_Etizolam_powder.jpg\",\"contentUrl\":\"https:\\\/\\\/medicinasinc.com\\\/sl\\\/wp-content\\\/uploads\\\/sites\\\/7\\\/2022\\\/02\\\/Buy_Etizolam_powder.jpg\",\"width\":500,\"height\":500},{\"@type\":\"BreadcrumbList\",\"@id\":\"https:\\\/\\\/medicinasinc.com\\\/sl\\\/product\\\/kupi-etizolam-prah\\\/#breadcrumb\",\"itemListElement\":[{\"@type\":\"ListItem\",\"position\":1,\"name\":\"Nakupujte\",\"item\":\"https:\\\/\\\/medicinasinc.com\\\/sl\\\/nakupujte\\\/\"},{\"@type\":\"ListItem\",\"position\":2,\"name\":\"Kupite Etizolam v prahu\"}]},{\"@type\":\"WebSite\",\"@id\":\"https:\\\/\\\/medicinasinc.com\\\/sl\\\/#website\",\"url\":\"https:\\\/\\\/medicinasinc.com\\\/sl\\\/\",\"name\":\"Medicinas Inc\",\"description\":\"Health Medical Clinic\",\"potentialAction\":[{\"@type\":\"SearchAction\",\"target\":{\"@type\":\"EntryPoint\",\"urlTemplate\":\"https:\\\/\\\/medicinasinc.com\\\/sl\\\/?s={search_term_string}\"},\"query-input\":{\"@type\":\"PropertyValueSpecification\",\"valueRequired\":true,\"valueName\":\"search_term_string\"}}],\"inLanguage\":\"en-US\"}]}<\/script>\n<!-- \/ Yoast SEO plugin. -->","yoast_head_json":{"title":"Kupite Etizolam v prahu - Etizolam v prahu Europe- Best Global Meds","description":"Kupite Etizolam v prahu za prodajo v Zdru\u017eenem kraljestvu, EU, Evropi\u00a0na voljo po najni\u017eji ceni. Etizolam v prahu se uporablja kot zdravilo za zdravljenje tesnobe, nespe\u010dnosti in napadov panike.","robots":{"index":"index","follow":"follow","max-snippet":"max-snippet:-1","max-image-preview":"max-image-preview:large","max-video-preview":"max-video-preview:-1"},"canonical":"https:\/\/medicinasinc.com\/sl\/product\/kupi-etizolam-prah\/","og_locale":"en_US","og_type":"article","og_title":"Kupite Etizolam v prahu - Etizolam v prahu Europe- Best Global Meds","og_description":"Kupite Etizolam v prahu za prodajo v Zdru\u017eenem kraljestvu, EU, Evropi\u00a0na voljo po najni\u017eji ceni. Etizolam v prahu se uporablja kot zdravilo za zdravljenje tesnobe, nespe\u010dnosti in napadov panike.","og_url":"https:\/\/medicinasinc.com\/sl\/product\/kupi-etizolam-prah\/","og_site_name":"Medicinas Inc","article_modified_time":"2022-03-19T00:27:43+00:00","og_image":[{"width":500,"height":500,"url":"https:\/\/medicinasinc.com\/sl\/wp-content\/uploads\/sites\/7\/2022\/02\/Buy_Etizolam_powder.jpg","type":"image\/jpeg"}],"twitter_card":"summary_large_image","twitter_misc":{"Est. reading time":"3 minutes"},"schema":{"@context":"https:\/\/schema.org","@graph":[{"@type":"WebPage","@id":"https:\/\/medicinasinc.com\/sl\/product\/kupi-etizolam-prah\/","url":"https:\/\/medicinasinc.com\/sl\/product\/kupi-etizolam-prah\/","name":"Kupite Etizolam v prahu - Etizolam v prahu Europe- Best Global Meds","isPartOf":{"@id":"https:\/\/medicinasinc.com\/sl\/#website"},"primaryImageOfPage":{"@id":"https:\/\/medicinasinc.com\/sl\/product\/kupi-etizolam-prah\/#primaryimage"},"image":{"@id":"https:\/\/medicinasinc.com\/sl\/product\/kupi-etizolam-prah\/#primaryimage"},"thumbnailUrl":"https:\/\/medicinasinc.com\/sl\/wp-content\/uploads\/sites\/7\/2022\/02\/Buy_Etizolam_powder.jpg","datePublished":"2022-02-22T00:36:43+00:00","dateModified":"2022-03-19T00:27:43+00:00","description":"Kupite Etizolam v prahu za prodajo v Zdru\u017eenem kraljestvu, EU, Evropi\u00a0na voljo po najni\u017eji ceni. Etizolam v prahu se uporablja kot zdravilo za zdravljenje tesnobe, nespe\u010dnosti in napadov panike.","breadcrumb":{"@id":"https:\/\/medicinasinc.com\/sl\/product\/kupi-etizolam-prah\/#breadcrumb"},"inLanguage":"en-US","potentialAction":[{"@type":"ReadAction","target":["https:\/\/medicinasinc.com\/sl\/product\/kupi-etizolam-prah\/"]}]},{"@type":"ImageObject","inLanguage":"en-US","@id":"https:\/\/medicinasinc.com\/sl\/product\/kupi-etizolam-prah\/#primaryimage","url":"https:\/\/medicinasinc.com\/sl\/wp-content\/uploads\/sites\/7\/2022\/02\/Buy_Etizolam_powder.jpg","contentUrl":"https:\/\/medicinasinc.com\/sl\/wp-content\/uploads\/sites\/7\/2022\/02\/Buy_Etizolam_powder.jpg","width":500,"height":500},{"@type":"BreadcrumbList","@id":"https:\/\/medicinasinc.com\/sl\/product\/kupi-etizolam-prah\/#breadcrumb","itemListElement":[{"@type":"ListItem","position":1,"name":"Nakupujte","item":"https:\/\/medicinasinc.com\/sl\/nakupujte\/"},{"@type":"ListItem","position":2,"name":"Kupite Etizolam v prahu"}]},{"@type":"WebSite","@id":"https:\/\/medicinasinc.com\/sl\/#website","url":"https:\/\/medicinasinc.com\/sl\/","name":"Medicinas Inc","description":"Health Medical Clinic","potentialAction":[{"@type":"SearchAction","target":{"@type":"EntryPoint","urlTemplate":"https:\/\/medicinasinc.com\/sl\/?s={search_term_string}"},"query-input":{"@type":"PropertyValueSpecification","valueRequired":true,"valueName":"search_term_string"}}],"inLanguage":"en-US"}]}},"_links":{"self":[{"href":"https:\/\/medicinasinc.com\/sl\/wp-json\/wp\/v2\/product\/5497","targetHints":{"allow":["GET"]}}],"collection":[{"href":"https:\/\/medicinasinc.com\/sl\/wp-json\/wp\/v2\/product"}],"about":[{"href":"https:\/\/medicinasinc.com\/sl\/wp-json\/wp\/v2\/types\/product"}],"replies":[{"embeddable":true,"href":"https:\/\/medicinasinc.com\/sl\/wp-json\/wp\/v2\/comments?post=5497"}],"wp:featuredmedia":[{"embeddable":true,"href":"https:\/\/medicinasinc.com\/sl\/wp-json\/wp\/v2\/media\/5509"}],"wp:attachment":[{"href":"https:\/\/medicinasinc.com\/sl\/wp-json\/wp\/v2\/media?parent=5497"}],"wp:term":[{"taxonomy":"product_brand","embeddable":true,"href":"https:\/\/medicinasinc.com\/sl\/wp-json\/wp\/v2\/product_brand?post=5497"},{"taxonomy":"product_cat","embeddable":true,"href":"https:\/\/medicinasinc.com\/sl\/wp-json\/wp\/v2\/product_cat?post=5497"},{"taxonomy":"product_tag","embeddable":true,"href":"https:\/\/medicinasinc.com\/sl\/wp-json\/wp\/v2\/product_tag?post=5497"}],"curies":[{"name":"wp","href":"https:\/\/api.w.org\/{rel}","templated":true}]}}