{"id":5496,"date":"2022-02-22T00:34:51","date_gmt":"2022-02-22T00:34:51","guid":{"rendered":"https:\/\/medicinasinc.com\/sl\/?post_type=product&#038;p=5496"},"modified":"2022-03-19T00:27:52","modified_gmt":"2022-03-19T00:27:52","slug":"buy-fentanyl-citrate-injection","status":"publish","type":"product","link":"https:\/\/medicinasinc.com\/sl\/product\/buy-fentanyl-citrate-injection\/","title":{"rendered":"Kupite injekcijo fentanil citrata"},"content":{"rendered":"<p>Vsebuje fentanil citrat, ki ustreza odmerku 50 mikrogramov na mililiter.<\/p>\n<p>Fentanil citrat, 100 mikrogramov na 2 ml ampulo, je aktivna sestavina v vsaki ampuli.<\/p>\n<p> Vsaka 10 ml ampula vsebuje pribli\u017eno 500 mikrogramov fentanil citrata.<\/p>\n<p>Fentanil citrat, 2500 mikrogramov na vialo, vsebuje vsaka viala.<\/p>\n<p>&nbsp;<\/p>\n<p> V tem zdravilu je naslednje:<\/p>\n<p>\u2022 Vsaka 2 ml ampula vsebuje 7,1 mg (ali 0,31 mmol) natrija, zaradi \u010desar je v bistvu \u00bbbrez natrija\u00ab.<\/p>\n<p>Vsaka 10 ml ampula vsebuje 7,1 mg (ali 0,31 mmol) natrija. vsebuje 35,4 mg (ali 1,54 mmol) natrija, kar je podobno 2 % priporo\u010denega najve\u010djega dnevnega vnosa SZO za odraslo osebo 2 g natrija.<\/p>\n<p>9 odstotkov priporo\u010dene najve\u010dje dnevne porabe Svetovne zdravstvene organizacije. 2 grama natrija za odraslega najdemo v 50 ml viali, ki vsebuje 177 mg natrija.<\/p>\n<p>Opioidni analgetik fentanil se uporablja:<\/p>\n<p>&#8211; v zmernih odmerkih za kratke kirur\u0161ke posege za zagotavljajo analgetik<\/p>\n<p>v \u017eivljenju -var\u010devalno zdravljenje bolnikov, ki so odvisni od ventilatorjev<\/p>\n<p>z uporabo nevroleptikov kot del pristopa nevroleptanalgezije<\/p>\n<p>bole\u010de simptome miokardnega infarkta je mogo\u010de laj\u0161ati z uporabo opioidov<\/p>\n<p>S pacienti se pogovorite o potrebi po strategiji ob koncu zdravljenja s fentanilom pred za\u010detkom zdravljenja z opioidi, da zmanj\u0161ate tveganje zasvojenosti in odtegnitvenega sindroma (glejte poglavje 4.4).<\/p>\n<p>Intravenski bolus ali infuzija dajanje.<\/p>\n<p>Subkutana injekcija.<\/p>\n<p>Dokler je mogo\u010de uravnavati bolnikove dihalne poti, je treba fentanil dajati le v nadzorovanem okolju (glejte poglavje 4.4 Posebna opozorila in previdnostni ukrepi). <\/p>\n<p>Priporo\u010dljivo je, da se tik pred uvedbo anestezije aplicira kratek intravenski odmerek antiholinergika, da bi se izognili bradikardiji.<\/p>\n<p>Priporo\u010dljivo je, da med odpiranjem ampule nosite rokavice.<\/p>\n","protected":false},"excerpt":{"rendered":"<p>Kupite injekcijo fentanil citrata 50 mikrogramov\/ml injekcijo za prodajo v najbolj\u0161ih raziskovalnih laboratorijih v Zdru\u017eenem kraljestvu, Evropi, Kitajski, EU. Diskretna dostava za vsa naro\u010dila 100 % garancije, Naro\u010dite fentanil 50 ml<\/p>\n<p>Kupite 50 mikrogramov\/ml injekcije fentanila citrata v vodilnih raziskovalnih laboratorijih v Zdru\u017eenem kraljestvu, Evropi, na Kitajskem in v EU. Naro\u010dite fentanil 50 mg s popolnim zaupanjem, saj veste, da bo va\u0161 paket prispel diskretno.<\/p>\n<p>Injekcija fentanila 50 mikrogramov\/ml.<br \/> Injekcija fentanila, 100 mikrogramov v 2 mililitrih teko\u010dine<br \/> Injekcija fentanila 50 mikrogramov\/ml. Fentanil 250 mikrogramov\/ml.<br \/> Injekcija fentanila 500 mikrogramov\/10ml<br \/> Injekcija fentanila 1000 mikrogramov\/20ml<br \/> Injekcija fentanila 2500 mikrogramov\/50 ml<\/p>\n<p>It vsebuje fentanil citrat, ki ustreza odmerku 50 mikrogramov na mililiter.<\/p>\n<p>Fentanil citrat, 100 mikrogramov na 2 ml ampulo, je aktivna sestavina v vsaki ampuli.<\/p>\n<p>Pribli\u017eno 500 mikrogramov fentanila fentanila. so v vsaki 10 ml ampuli.<\/p>\n<p>Fentanil citrat, 2500 mikrogramov na vialo, je v vsaki viali.<\/p>\n","protected":false},"featured_media":5507,"comment_status":"open","ping_status":"closed","template":"","meta":[],"product_brand":[],"product_cat":[2014],"product_tag":[2868,2869,2870,2871,2876,2877,2878,2879,2889,2880,2881,2882,2883,2884,2885,2886,2887,2890,2888,2891,2867,2872,2874,2873,2875,2892,2893,2894,2895,2896,2897],"class_list":{"0":"post-5496","1":"product","2":"type-product","3":"status-publish","4":"has-post-thumbnail","6":"product_cat-nakup-raziskave-kemikalije","7":"product_tag-buy-fentanyl-100-microgram-2ml-injection-online","8":"product_tag-buy-fentanyl-1000-microgram-20ml-injection","9":"product_tag-buy-fentanyl-1000-microgram-20ml-injection-online","10":"product_tag-buy-fentanyl-250-microgram-5ml-injection","11":"product_tag-buy-fentanyl-500-microgram-10ml-injection","12":"product_tag-buy-fentanyl-500-microgram-10ml-injection-online","13":"product_tag-buy-fentanyl-citrate-injection","14":"product_tag-buy-fentanyl-citrate-injection-online","15":"product_tag-fentanil-citrat-injekcija-cene","16":"product_tag-fentanil-100-mikrogram-2ml-injekcija","17":"product_tag-fentanil-1000-mikrogram-20ml-injekcija","18":"product_tag-fentanil-250-mikrogram-5ml-injekcija","19":"product_tag-fentanil-2500-mikrogram-50ml-injekcija","20":"product_tag-fentanil-50-mikrogram-ml-injekcija","21":"product_tag-fentanil-50-mikrogramov-ml-injekcija","22":"product_tag-fentanil-50-mikrogramov-ml-raztopina-za-injiciranje","23":"product_tag-fentanil-500-mikrogram-10ml-injekcija","24":"product_tag-how-to-buy-fentanyl-citrate-injection-online","25":"product_tag-injekcija-fentanil-citrata","26":"product_tag-how-naro-4-8diti-injection-fentanyl-citrate-online","27":"product_tag-buy-fentanyl-100-microgram-2ml-injection","28":"product_tag-kupite-fentanil-250-mikrogram-5ml-injekcija-online","29":"product_tag-kupite-fentanil-2500-mikrogram-50ml-injekcija-online","30":"product_tag-kupi-fentanil-2500-mikrogram-50ml-injekcija","31":"product_tag-kupite-fentanil-50-mikrogram-ml-injekcija-online","32":"product_tag-order-fentanyl-citrate-injection","33":"product_tag-order-fentanyl-citrate-injection-online","34":"product_tag-prices-of-fentanyl-citrate-injection","35":"product_tag-where-to-buy-fentanyl-citrate-injection","36":"product_tag-where-to-buy-fentanyl-citrate-injection-online","37":"product_tag-where-to-order-fentanyl-citrate-injection-online","39":"first","40":"instock","41":"shipping-taxable","42":"purchasable","43":"product-type-variable"},"yoast_head":"<!-- This site is optimized with the Yoast SEO plugin v27.3 - https:\/\/yoast.com\/product\/yoast-seo-wordpress\/ -->\n<title>Kupite injekcijo fentanil citrata - najbolj\u0161a najbolj\u0161a zdravila na svetu<\/title>\n<meta name=\"description\" content=\"Kupite Fentanil Citrate Injection 50 mikrogramov\/ml Injection za prodajo iz najbolj\u0161ih raziskovalnih laboratorijev v Zdru\u017eenem kraljestvu, Evropi, Kitajski, EU. Diskretna dostava za vsa naro\u010dila garancija 0, Naro\u010dite fentanil 50 ml\" \/>\n<meta name=\"robots\" content=\"index, follow, max-snippet:-1, max-image-preview:large, max-video-preview:-1\" \/>\n<link rel=\"canonical\" href=\"https:\/\/medicinasinc.com\/sl\/product\/buy-fentanyl-citrate-injection\/\" \/>\n<meta property=\"og:locale\" content=\"en_US\" \/>\n<meta property=\"og:type\" content=\"article\" \/>\n<meta property=\"og:title\" content=\"Kupite injekcijo fentanil citrata - najbolj\u0161a najbolj\u0161a zdravila na svetu\" \/>\n<meta property=\"og:description\" content=\"Kupite Fentanil Citrate Injection 50 mikrogramov\/ml Injection za prodajo iz najbolj\u0161ih raziskovalnih laboratorijev v Zdru\u017eenem kraljestvu, Evropi, Kitajski, EU. Diskretna dostava za vsa naro\u010dila garancija 0, Naro\u010dite fentanil 50 ml\" \/>\n<meta property=\"og:url\" content=\"https:\/\/medicinasinc.com\/sl\/product\/buy-fentanyl-citrate-injection\/\" \/>\n<meta property=\"og:site_name\" content=\"Medicinas Inc\" \/>\n<meta property=\"article:modified_time\" content=\"2022-03-19T00:27:52+00:00\" \/>\n<meta property=\"og:image\" content=\"https:\/\/medicinasinc.com\/sl\/wp-content\/uploads\/sites\/7\/2022\/02\/Fentanyl-50-microgram.jpg\" \/>\n\t<meta property=\"og:image:width\" content=\"1996\" \/>\n\t<meta property=\"og:image:height\" content=\"1128\" \/>\n\t<meta property=\"og:image:type\" content=\"image\/jpeg\" \/>\n<meta name=\"twitter:card\" content=\"summary_large_image\" \/>\n<meta name=\"twitter:label1\" content=\"Est. reading time\" \/>\n\t<meta name=\"twitter:data1\" content=\"2 minutes\" \/>\n<script type=\"application\/ld+json\" class=\"yoast-schema-graph\">{\"@context\":\"https:\\\/\\\/schema.org\",\"@graph\":[{\"@type\":\"WebPage\",\"@id\":\"https:\\\/\\\/medicinasinc.com\\\/sl\\\/product\\\/buy-fentanyl-citrate-injection\\\/\",\"url\":\"https:\\\/\\\/medicinasinc.com\\\/sl\\\/product\\\/buy-fentanyl-citrate-injection\\\/\",\"name\":\"Kupite injekcijo fentanil citrata - najbolj\u0161a najbolj\u0161a zdravila na svetu\",\"isPartOf\":{\"@id\":\"https:\\\/\\\/medicinasinc.com\\\/sl\\\/#website\"},\"primaryImageOfPage\":{\"@id\":\"https:\\\/\\\/medicinasinc.com\\\/sl\\\/product\\\/buy-fentanyl-citrate-injection\\\/#primaryimage\"},\"image\":{\"@id\":\"https:\\\/\\\/medicinasinc.com\\\/sl\\\/product\\\/buy-fentanyl-citrate-injection\\\/#primaryimage\"},\"thumbnailUrl\":\"https:\\\/\\\/medicinasinc.com\\\/sl\\\/wp-content\\\/uploads\\\/sites\\\/7\\\/2022\\\/02\\\/Fentanyl-50-microgram.jpg\",\"datePublished\":\"2022-02-22T00:34:51+00:00\",\"dateModified\":\"2022-03-19T00:27:52+00:00\",\"description\":\"Kupite Fentanil Citrate Injection 50 mikrogramov\\\/ml Injection za prodajo iz najbolj\u0161ih raziskovalnih laboratorijev v Zdru\u017eenem kraljestvu, Evropi, Kitajski, EU. Diskretna dostava za vsa naro\u010dila garancija 0, Naro\u010dite fentanil 50 ml\",\"breadcrumb\":{\"@id\":\"https:\\\/\\\/medicinasinc.com\\\/sl\\\/product\\\/buy-fentanyl-citrate-injection\\\/#breadcrumb\"},\"inLanguage\":\"en-US\",\"potentialAction\":[{\"@type\":\"ReadAction\",\"target\":[\"https:\\\/\\\/medicinasinc.com\\\/sl\\\/product\\\/buy-fentanyl-citrate-injection\\\/\"]}]},{\"@type\":\"ImageObject\",\"inLanguage\":\"en-US\",\"@id\":\"https:\\\/\\\/medicinasinc.com\\\/sl\\\/product\\\/buy-fentanyl-citrate-injection\\\/#primaryimage\",\"url\":\"https:\\\/\\\/medicinasinc.com\\\/sl\\\/wp-content\\\/uploads\\\/sites\\\/7\\\/2022\\\/02\\\/Fentanyl-50-microgram.jpg\",\"contentUrl\":\"https:\\\/\\\/medicinasinc.com\\\/sl\\\/wp-content\\\/uploads\\\/sites\\\/7\\\/2022\\\/02\\\/Fentanyl-50-microgram.jpg\",\"width\":1996,\"height\":1128},{\"@type\":\"BreadcrumbList\",\"@id\":\"https:\\\/\\\/medicinasinc.com\\\/sl\\\/product\\\/buy-fentanyl-citrate-injection\\\/#breadcrumb\",\"itemListElement\":[{\"@type\":\"ListItem\",\"position\":1,\"name\":\"Nakupujte\",\"item\":\"https:\\\/\\\/medicinasinc.com\\\/sl\\\/nakupujte\\\/\"},{\"@type\":\"ListItem\",\"position\":2,\"name\":\"Kupite injekcijo fentanil citrata\"}]},{\"@type\":\"WebSite\",\"@id\":\"https:\\\/\\\/medicinasinc.com\\\/sl\\\/#website\",\"url\":\"https:\\\/\\\/medicinasinc.com\\\/sl\\\/\",\"name\":\"Medicinas Inc\",\"description\":\"Health Medical Clinic\",\"potentialAction\":[{\"@type\":\"SearchAction\",\"target\":{\"@type\":\"EntryPoint\",\"urlTemplate\":\"https:\\\/\\\/medicinasinc.com\\\/sl\\\/?s={search_term_string}\"},\"query-input\":{\"@type\":\"PropertyValueSpecification\",\"valueRequired\":true,\"valueName\":\"search_term_string\"}}],\"inLanguage\":\"en-US\"}]}<\/script>\n<!-- \/ Yoast SEO plugin. -->","yoast_head_json":{"title":"Kupite injekcijo fentanil citrata - najbolj\u0161a najbolj\u0161a zdravila na svetu","description":"Kupite Fentanil Citrate Injection 50 mikrogramov\/ml Injection za prodajo iz najbolj\u0161ih raziskovalnih laboratorijev v Zdru\u017eenem kraljestvu, Evropi, Kitajski, EU. Diskretna dostava za vsa naro\u010dila garancija 0, Naro\u010dite fentanil 50 ml","robots":{"index":"index","follow":"follow","max-snippet":"max-snippet:-1","max-image-preview":"max-image-preview:large","max-video-preview":"max-video-preview:-1"},"canonical":"https:\/\/medicinasinc.com\/sl\/product\/buy-fentanyl-citrate-injection\/","og_locale":"en_US","og_type":"article","og_title":"Kupite injekcijo fentanil citrata - najbolj\u0161a najbolj\u0161a zdravila na svetu","og_description":"Kupite Fentanil Citrate Injection 50 mikrogramov\/ml Injection za prodajo iz najbolj\u0161ih raziskovalnih laboratorijev v Zdru\u017eenem kraljestvu, Evropi, Kitajski, EU. Diskretna dostava za vsa naro\u010dila garancija 0, Naro\u010dite fentanil 50 ml","og_url":"https:\/\/medicinasinc.com\/sl\/product\/buy-fentanyl-citrate-injection\/","og_site_name":"Medicinas Inc","article_modified_time":"2022-03-19T00:27:52+00:00","og_image":[{"width":1996,"height":1128,"url":"https:\/\/medicinasinc.com\/sl\/wp-content\/uploads\/sites\/7\/2022\/02\/Fentanyl-50-microgram.jpg","type":"image\/jpeg"}],"twitter_card":"summary_large_image","twitter_misc":{"Est. reading time":"2 minutes"},"schema":{"@context":"https:\/\/schema.org","@graph":[{"@type":"WebPage","@id":"https:\/\/medicinasinc.com\/sl\/product\/buy-fentanyl-citrate-injection\/","url":"https:\/\/medicinasinc.com\/sl\/product\/buy-fentanyl-citrate-injection\/","name":"Kupite injekcijo fentanil citrata - najbolj\u0161a najbolj\u0161a zdravila na svetu","isPartOf":{"@id":"https:\/\/medicinasinc.com\/sl\/#website"},"primaryImageOfPage":{"@id":"https:\/\/medicinasinc.com\/sl\/product\/buy-fentanyl-citrate-injection\/#primaryimage"},"image":{"@id":"https:\/\/medicinasinc.com\/sl\/product\/buy-fentanyl-citrate-injection\/#primaryimage"},"thumbnailUrl":"https:\/\/medicinasinc.com\/sl\/wp-content\/uploads\/sites\/7\/2022\/02\/Fentanyl-50-microgram.jpg","datePublished":"2022-02-22T00:34:51+00:00","dateModified":"2022-03-19T00:27:52+00:00","description":"Kupite Fentanil Citrate Injection 50 mikrogramov\/ml Injection za prodajo iz najbolj\u0161ih raziskovalnih laboratorijev v Zdru\u017eenem kraljestvu, Evropi, Kitajski, EU. Diskretna dostava za vsa naro\u010dila garancija 0, Naro\u010dite fentanil 50 ml","breadcrumb":{"@id":"https:\/\/medicinasinc.com\/sl\/product\/buy-fentanyl-citrate-injection\/#breadcrumb"},"inLanguage":"en-US","potentialAction":[{"@type":"ReadAction","target":["https:\/\/medicinasinc.com\/sl\/product\/buy-fentanyl-citrate-injection\/"]}]},{"@type":"ImageObject","inLanguage":"en-US","@id":"https:\/\/medicinasinc.com\/sl\/product\/buy-fentanyl-citrate-injection\/#primaryimage","url":"https:\/\/medicinasinc.com\/sl\/wp-content\/uploads\/sites\/7\/2022\/02\/Fentanyl-50-microgram.jpg","contentUrl":"https:\/\/medicinasinc.com\/sl\/wp-content\/uploads\/sites\/7\/2022\/02\/Fentanyl-50-microgram.jpg","width":1996,"height":1128},{"@type":"BreadcrumbList","@id":"https:\/\/medicinasinc.com\/sl\/product\/buy-fentanyl-citrate-injection\/#breadcrumb","itemListElement":[{"@type":"ListItem","position":1,"name":"Nakupujte","item":"https:\/\/medicinasinc.com\/sl\/nakupujte\/"},{"@type":"ListItem","position":2,"name":"Kupite injekcijo fentanil citrata"}]},{"@type":"WebSite","@id":"https:\/\/medicinasinc.com\/sl\/#website","url":"https:\/\/medicinasinc.com\/sl\/","name":"Medicinas Inc","description":"Health Medical Clinic","potentialAction":[{"@type":"SearchAction","target":{"@type":"EntryPoint","urlTemplate":"https:\/\/medicinasinc.com\/sl\/?s={search_term_string}"},"query-input":{"@type":"PropertyValueSpecification","valueRequired":true,"valueName":"search_term_string"}}],"inLanguage":"en-US"}]}},"_links":{"self":[{"href":"https:\/\/medicinasinc.com\/sl\/wp-json\/wp\/v2\/product\/5496","targetHints":{"allow":["GET"]}}],"collection":[{"href":"https:\/\/medicinasinc.com\/sl\/wp-json\/wp\/v2\/product"}],"about":[{"href":"https:\/\/medicinasinc.com\/sl\/wp-json\/wp\/v2\/types\/product"}],"replies":[{"embeddable":true,"href":"https:\/\/medicinasinc.com\/sl\/wp-json\/wp\/v2\/comments?post=5496"}],"wp:featuredmedia":[{"embeddable":true,"href":"https:\/\/medicinasinc.com\/sl\/wp-json\/wp\/v2\/media\/5507"}],"wp:attachment":[{"href":"https:\/\/medicinasinc.com\/sl\/wp-json\/wp\/v2\/media?parent=5496"}],"wp:term":[{"taxonomy":"product_brand","embeddable":true,"href":"https:\/\/medicinasinc.com\/sl\/wp-json\/wp\/v2\/product_brand?post=5496"},{"taxonomy":"product_cat","embeddable":true,"href":"https:\/\/medicinasinc.com\/sl\/wp-json\/wp\/v2\/product_cat?post=5496"},{"taxonomy":"product_tag","embeddable":true,"href":"https:\/\/medicinasinc.com\/sl\/wp-json\/wp\/v2\/product_tag?post=5496"}],"curies":[{"name":"wp","href":"https:\/\/api.w.org\/{rel}","templated":true}]}}