{"id":5495,"date":"2022-02-22T00:33:03","date_gmt":"2022-02-22T00:33:03","guid":{"rendered":"https:\/\/medicinasinc.com\/sl\/?post_type=product&#038;p=5495"},"modified":"2022-03-19T00:28:07","modified_gmt":"2022-03-19T00:28:07","slug":"kupi-fentanil-v-prahu","status":"publish","type":"product","link":"https:\/\/medicinasinc.com\/sl\/product\/kupi-fentanil-v-prahu\/","title":{"rendered":"Kupite fentanil v prahu"},"content":{"rendered":"<p>Spletni nakup fentanila v prahu<\/p>\n<p>Pri nas lahko dobite fentanil v prahu za prodajo po ugodni ceni. F\u0435nt\u0430n\u0443l Powd\u0435r je na voljo v visoki \u010distosti. To je fantasti\u010den posel! Naju\u010dinkovitej\u0161a zdravila po svetu<\/p>\n<p>Kaj je fentanil v prahu?<\/p>\n<p>Fentanil, znan tudi kot fentanil, je opioid, ki se uporablja kot zdravilo proti bole\u010dinam in v kombinaciji z drugimi zdravili za anestezijo. . Ve\u010dinoma u\u010dinki trajajo manj kot uro ali dve. Fentanil je na voljo v razli\u010dnih oblikah, vklju\u010dno z injekcijami, ko\u017enimi obli\u017ei in peroralno absorpcijo. F\u0435nt\u0430n\u0443l je ob\u010dasno na voljo tudi kot pra\u0161ek. Laboratoriji obi\u010dajno uporabljajo Powd\u0435r.<\/p>\n<p>&nbsp;<\/p>\n<p>Kupite fentanil v prahu na spletu pri Best global meds<\/p>\n<p>Na tej to\u010dki se morda spra\u0161ujete, kaj je opioid. Opioidi so skupina zdravil. Opioidi so snovi, ki medsebojno delujejo z opioidnimi receptorji in povzro\u010dajo opiju podobne u\u010dinke. Vicodin, oksikontin, oksikodon in percocet spadajo v to kategorijo. Fentanil je vklju\u010den tudi v pomirjevala. Pomirjevalo je vrsta zdravila ali snovi, ki se uporablja za pomiritev centralnega \u017eiv\u010dnega sistema. Lahko bi rekli, da se fentanil uporablja za pomiritev centralnega \u017eiv\u010dnega sistema. u-47700 Powder je tudi dober depresiv. Najbolj\u0161e mesto za pridobitev fentanila je splet.<\/p>\n<p>Slabost, zaprtje, utrujenost in zmedenost so med najpogostej\u0161imi stranskimi u\u010dinki. Zmanj\u0161anje napora pri dihanju (depresija dihanja), serotoninski sindrom in nizek krvni tlak so vsi mo\u017eni stranski u\u010dinki zdravila. Z aktiviranjem -opioidnih receptorjev fentanil deluje delno. Za dolo\u010deno koli\u010dino je 75-krat mo\u010dnej\u0161i od morf. Nekateri analogi fentanila so lahko 10.000-krat mo\u010dnej\u0161i od morfija. Fentanil v prahu za prodajo<\/p>\n","protected":false},"excerpt":{"rendered":"<p>S pomo\u010djo na\u0161ega spletnega mesta Bestglobalmeds.com lahko kupite FENTANIL PRA\u0160EK za prodajo v Zdru\u017eenem kraljestvu in Evropski uniji. Tukaj boste odkrili najbolj dostopen FENTANIL!<\/p>\n<p>Fentanil v prahu, pihani papir in proizvodnja v razsutem stanju na Kitajskem so nekateri od na\u010dinov prodaje nefarmacevtskega fentanila.<\/p>\n<p>Fentanil. se uporablja za zdravljenje bole\u010dine, ki je ni mogo\u010de ubla\u017eiti z drugimi zdravili, kot je kroni\u010dna ali bole\u010da bole\u010dina. Narkoti\u010dno zdravilo proti bole\u010dinam, to zdravilo je predpisano.<br \/> Po\u0161iljamo diskretno in zagotavljamo vra\u010dilo denarja, ko pri nas naro\u010dite svoj fentanil.<\/p>\n","protected":false},"featured_media":5505,"comment_status":"open","ping_status":"closed","template":"","meta":[],"product_brand":[],"product_cat":[2014],"product_tag":[2841,2846,2849,2853,2850,2851,2852,2855,2847,2839,2840,2845,2843,2842,2860,2844,2856,2857,2858,2859,2854,2861,2848,2862,2863,2864,2865,2866],"class_list":{"0":"post-5495","1":"product","2":"type-product","3":"status-publish","4":"has-post-thumbnail","6":"product_cat-nakup-raziskave-kemikalije","7":"product_tag-buy-fentanyl-online","8":"product_tag-buy-fentanyl-powder-with-paypal","9":"product_tag-fentanil-prah-evropa","10":"product_tag-fentanil-prah-reddit","11":"product_tag-fentanyl-powder-for-sale","12":"product_tag-fentanyl-powder-for-sale-online","13":"product_tag-fentanyl-powder-overnight","14":"product_tag-how-to-buy-fentanyl-powder-online","15":"product_tag-kupi-isti-fentanil-praek-na-spletu","16":"product_tag-kupite-fentanyl-hcl-online","17":"product_tag-kupite-fentanyl-hcl-powder-online","18":"product_tag-buy-fentanyl-pra-c5-a1ek-usa","19":"product_tag-kupite-fentanyl-prah-online","20":"product_tag-kupite-fentanil-v-prahu-na-temnem-spletu","21":"product_tag-nakup-fentanyl-prah-online","22":"product_tag-kupi-fentanil-v-prahu-varno","23":"product_tag-order-fentanyl-powder-near-me","24":"product_tag-order-fentanyl-powder-online","25":"product_tag-order-pure-fentanyl-hcl-powder-online","26":"product_tag-order-pure-fentanyl-powder-online","27":"product_tag-poiljanje-fentanila-v-prahu","28":"product_tag-the-best-place-to-buy-fentanyl-powder-online","29":"product_tag-uinek-fentanila-v-prahu","30":"product_tag-where-can-i-buy-fentanyl-powder-online","31":"product_tag-where-to-buy-fentanyl-hcl-powder-online","32":"product_tag-where-to-buy-fentanyl-powder-online","33":"product_tag-where-to-buy-pure-fentanyl-hcl-powder-online","34":"product_tag-where-to-buy-pure-fentanyl-powder-online","36":"first","37":"instock","38":"shipping-taxable","39":"purchasable","40":"product-type-variable","41":"has-default-attributes"},"yoast_head":"<!-- This site is optimized with the Yoast SEO plugin v27.3 - https:\/\/yoast.com\/product\/yoast-seo-wordpress\/ -->\n<title>Kupite fentanil v prahu na spletu \u2013 najbolj\u0161a najbolj\u0161a zdravila na svetu<\/title>\n<meta name=\"description\" content=\"Kupite FENTANIL PRA\u0160EK za prodajo UK, EU Evropa v na\u0161i spletni trgovini Bestglobalmeds.com s hitro dostavo po vsem svetu! Najbolj\u0161i FENTANYL za naro\u010danje boste na\u0161li tukaj!\" \/>\n<meta name=\"robots\" content=\"index, follow, max-snippet:-1, max-image-preview:large, max-video-preview:-1\" \/>\n<link rel=\"canonical\" href=\"https:\/\/medicinasinc.com\/sl\/product\/kupi-fentanil-v-prahu\/\" \/>\n<meta property=\"og:locale\" content=\"en_US\" \/>\n<meta property=\"og:type\" content=\"article\" \/>\n<meta property=\"og:title\" content=\"Kupite fentanil v prahu na spletu \u2013 najbolj\u0161a najbolj\u0161a zdravila na svetu\" \/>\n<meta property=\"og:description\" content=\"Kupite FENTANIL PRA\u0160EK za prodajo UK, EU Evropa v na\u0161i spletni trgovini Bestglobalmeds.com s hitro dostavo po vsem svetu! Najbolj\u0161i FENTANYL za naro\u010danje boste na\u0161li tukaj!\" \/>\n<meta property=\"og:url\" content=\"https:\/\/medicinasinc.com\/sl\/product\/kupi-fentanil-v-prahu\/\" \/>\n<meta property=\"og:site_name\" content=\"Medicinas Inc\" \/>\n<meta property=\"article:modified_time\" content=\"2022-03-19T00:28:07+00:00\" \/>\n<meta property=\"og:image\" content=\"https:\/\/medicinasinc.com\/sl\/wp-content\/uploads\/sites\/7\/2022\/02\/Buy-Fentanyl-Powder-Online.jpg\" \/>\n\t<meta property=\"og:image:width\" content=\"768\" \/>\n\t<meta property=\"og:image:height\" content=\"768\" \/>\n\t<meta property=\"og:image:type\" content=\"image\/jpeg\" \/>\n<meta name=\"twitter:card\" content=\"summary_large_image\" \/>\n<meta name=\"twitter:label1\" content=\"Est. reading time\" \/>\n\t<meta name=\"twitter:data1\" content=\"2 minutes\" \/>\n<script type=\"application\/ld+json\" class=\"yoast-schema-graph\">{\"@context\":\"https:\\\/\\\/schema.org\",\"@graph\":[{\"@type\":\"WebPage\",\"@id\":\"https:\\\/\\\/medicinasinc.com\\\/sl\\\/product\\\/kupi-fentanil-v-prahu\\\/\",\"url\":\"https:\\\/\\\/medicinasinc.com\\\/sl\\\/product\\\/kupi-fentanil-v-prahu\\\/\",\"name\":\"Kupite fentanil v prahu na spletu \u2013 najbolj\u0161a najbolj\u0161a zdravila na svetu\",\"isPartOf\":{\"@id\":\"https:\\\/\\\/medicinasinc.com\\\/sl\\\/#website\"},\"primaryImageOfPage\":{\"@id\":\"https:\\\/\\\/medicinasinc.com\\\/sl\\\/product\\\/kupi-fentanil-v-prahu\\\/#primaryimage\"},\"image\":{\"@id\":\"https:\\\/\\\/medicinasinc.com\\\/sl\\\/product\\\/kupi-fentanil-v-prahu\\\/#primaryimage\"},\"thumbnailUrl\":\"https:\\\/\\\/medicinasinc.com\\\/sl\\\/wp-content\\\/uploads\\\/sites\\\/7\\\/2022\\\/02\\\/Buy-Fentanyl-Powder-Online.jpg\",\"datePublished\":\"2022-02-22T00:33:03+00:00\",\"dateModified\":\"2022-03-19T00:28:07+00:00\",\"description\":\"Kupite FENTANIL PRA\u0160EK za prodajo UK, EU Evropa v na\u0161i spletni trgovini Bestglobalmeds.com s hitro dostavo po vsem svetu! Najbolj\u0161i FENTANYL za naro\u010danje boste na\u0161li tukaj!\",\"breadcrumb\":{\"@id\":\"https:\\\/\\\/medicinasinc.com\\\/sl\\\/product\\\/kupi-fentanil-v-prahu\\\/#breadcrumb\"},\"inLanguage\":\"en-US\",\"potentialAction\":[{\"@type\":\"ReadAction\",\"target\":[\"https:\\\/\\\/medicinasinc.com\\\/sl\\\/product\\\/kupi-fentanil-v-prahu\\\/\"]}]},{\"@type\":\"ImageObject\",\"inLanguage\":\"en-US\",\"@id\":\"https:\\\/\\\/medicinasinc.com\\\/sl\\\/product\\\/kupi-fentanil-v-prahu\\\/#primaryimage\",\"url\":\"https:\\\/\\\/medicinasinc.com\\\/sl\\\/wp-content\\\/uploads\\\/sites\\\/7\\\/2022\\\/02\\\/Buy-Fentanyl-Powder-Online.jpg\",\"contentUrl\":\"https:\\\/\\\/medicinasinc.com\\\/sl\\\/wp-content\\\/uploads\\\/sites\\\/7\\\/2022\\\/02\\\/Buy-Fentanyl-Powder-Online.jpg\",\"width\":768,\"height\":768},{\"@type\":\"BreadcrumbList\",\"@id\":\"https:\\\/\\\/medicinasinc.com\\\/sl\\\/product\\\/kupi-fentanil-v-prahu\\\/#breadcrumb\",\"itemListElement\":[{\"@type\":\"ListItem\",\"position\":1,\"name\":\"Nakupujte\",\"item\":\"https:\\\/\\\/medicinasinc.com\\\/sl\\\/nakupujte\\\/\"},{\"@type\":\"ListItem\",\"position\":2,\"name\":\"Kupite fentanil v prahu\"}]},{\"@type\":\"WebSite\",\"@id\":\"https:\\\/\\\/medicinasinc.com\\\/sl\\\/#website\",\"url\":\"https:\\\/\\\/medicinasinc.com\\\/sl\\\/\",\"name\":\"Medicinas Inc\",\"description\":\"Health Medical Clinic\",\"potentialAction\":[{\"@type\":\"SearchAction\",\"target\":{\"@type\":\"EntryPoint\",\"urlTemplate\":\"https:\\\/\\\/medicinasinc.com\\\/sl\\\/?s={search_term_string}\"},\"query-input\":{\"@type\":\"PropertyValueSpecification\",\"valueRequired\":true,\"valueName\":\"search_term_string\"}}],\"inLanguage\":\"en-US\"}]}<\/script>\n<!-- \/ Yoast SEO plugin. -->","yoast_head_json":{"title":"Kupite fentanil v prahu na spletu \u2013 najbolj\u0161a najbolj\u0161a zdravila na svetu","description":"Kupite FENTANIL PRA\u0160EK za prodajo UK, EU Evropa v na\u0161i spletni trgovini Bestglobalmeds.com s hitro dostavo po vsem svetu! Najbolj\u0161i FENTANYL za naro\u010danje boste na\u0161li tukaj!","robots":{"index":"index","follow":"follow","max-snippet":"max-snippet:-1","max-image-preview":"max-image-preview:large","max-video-preview":"max-video-preview:-1"},"canonical":"https:\/\/medicinasinc.com\/sl\/product\/kupi-fentanil-v-prahu\/","og_locale":"en_US","og_type":"article","og_title":"Kupite fentanil v prahu na spletu \u2013 najbolj\u0161a najbolj\u0161a zdravila na svetu","og_description":"Kupite FENTANIL PRA\u0160EK za prodajo UK, EU Evropa v na\u0161i spletni trgovini Bestglobalmeds.com s hitro dostavo po vsem svetu! Najbolj\u0161i FENTANYL za naro\u010danje boste na\u0161li tukaj!","og_url":"https:\/\/medicinasinc.com\/sl\/product\/kupi-fentanil-v-prahu\/","og_site_name":"Medicinas Inc","article_modified_time":"2022-03-19T00:28:07+00:00","og_image":[{"width":768,"height":768,"url":"https:\/\/medicinasinc.com\/sl\/wp-content\/uploads\/sites\/7\/2022\/02\/Buy-Fentanyl-Powder-Online.jpg","type":"image\/jpeg"}],"twitter_card":"summary_large_image","twitter_misc":{"Est. reading time":"2 minutes"},"schema":{"@context":"https:\/\/schema.org","@graph":[{"@type":"WebPage","@id":"https:\/\/medicinasinc.com\/sl\/product\/kupi-fentanil-v-prahu\/","url":"https:\/\/medicinasinc.com\/sl\/product\/kupi-fentanil-v-prahu\/","name":"Kupite fentanil v prahu na spletu \u2013 najbolj\u0161a najbolj\u0161a zdravila na svetu","isPartOf":{"@id":"https:\/\/medicinasinc.com\/sl\/#website"},"primaryImageOfPage":{"@id":"https:\/\/medicinasinc.com\/sl\/product\/kupi-fentanil-v-prahu\/#primaryimage"},"image":{"@id":"https:\/\/medicinasinc.com\/sl\/product\/kupi-fentanil-v-prahu\/#primaryimage"},"thumbnailUrl":"https:\/\/medicinasinc.com\/sl\/wp-content\/uploads\/sites\/7\/2022\/02\/Buy-Fentanyl-Powder-Online.jpg","datePublished":"2022-02-22T00:33:03+00:00","dateModified":"2022-03-19T00:28:07+00:00","description":"Kupite FENTANIL PRA\u0160EK za prodajo UK, EU Evropa v na\u0161i spletni trgovini Bestglobalmeds.com s hitro dostavo po vsem svetu! Najbolj\u0161i FENTANYL za naro\u010danje boste na\u0161li tukaj!","breadcrumb":{"@id":"https:\/\/medicinasinc.com\/sl\/product\/kupi-fentanil-v-prahu\/#breadcrumb"},"inLanguage":"en-US","potentialAction":[{"@type":"ReadAction","target":["https:\/\/medicinasinc.com\/sl\/product\/kupi-fentanil-v-prahu\/"]}]},{"@type":"ImageObject","inLanguage":"en-US","@id":"https:\/\/medicinasinc.com\/sl\/product\/kupi-fentanil-v-prahu\/#primaryimage","url":"https:\/\/medicinasinc.com\/sl\/wp-content\/uploads\/sites\/7\/2022\/02\/Buy-Fentanyl-Powder-Online.jpg","contentUrl":"https:\/\/medicinasinc.com\/sl\/wp-content\/uploads\/sites\/7\/2022\/02\/Buy-Fentanyl-Powder-Online.jpg","width":768,"height":768},{"@type":"BreadcrumbList","@id":"https:\/\/medicinasinc.com\/sl\/product\/kupi-fentanil-v-prahu\/#breadcrumb","itemListElement":[{"@type":"ListItem","position":1,"name":"Nakupujte","item":"https:\/\/medicinasinc.com\/sl\/nakupujte\/"},{"@type":"ListItem","position":2,"name":"Kupite fentanil v prahu"}]},{"@type":"WebSite","@id":"https:\/\/medicinasinc.com\/sl\/#website","url":"https:\/\/medicinasinc.com\/sl\/","name":"Medicinas Inc","description":"Health Medical Clinic","potentialAction":[{"@type":"SearchAction","target":{"@type":"EntryPoint","urlTemplate":"https:\/\/medicinasinc.com\/sl\/?s={search_term_string}"},"query-input":{"@type":"PropertyValueSpecification","valueRequired":true,"valueName":"search_term_string"}}],"inLanguage":"en-US"}]}},"_links":{"self":[{"href":"https:\/\/medicinasinc.com\/sl\/wp-json\/wp\/v2\/product\/5495","targetHints":{"allow":["GET"]}}],"collection":[{"href":"https:\/\/medicinasinc.com\/sl\/wp-json\/wp\/v2\/product"}],"about":[{"href":"https:\/\/medicinasinc.com\/sl\/wp-json\/wp\/v2\/types\/product"}],"replies":[{"embeddable":true,"href":"https:\/\/medicinasinc.com\/sl\/wp-json\/wp\/v2\/comments?post=5495"}],"wp:featuredmedia":[{"embeddable":true,"href":"https:\/\/medicinasinc.com\/sl\/wp-json\/wp\/v2\/media\/5505"}],"wp:attachment":[{"href":"https:\/\/medicinasinc.com\/sl\/wp-json\/wp\/v2\/media?parent=5495"}],"wp:term":[{"taxonomy":"product_brand","embeddable":true,"href":"https:\/\/medicinasinc.com\/sl\/wp-json\/wp\/v2\/product_brand?post=5495"},{"taxonomy":"product_cat","embeddable":true,"href":"https:\/\/medicinasinc.com\/sl\/wp-json\/wp\/v2\/product_cat?post=5495"},{"taxonomy":"product_tag","embeddable":true,"href":"https:\/\/medicinasinc.com\/sl\/wp-json\/wp\/v2\/product_tag?post=5495"}],"curies":[{"name":"wp","href":"https:\/\/api.w.org\/{rel}","templated":true}]}}