{"id":5494,"date":"2022-02-22T00:31:52","date_gmt":"2022-02-22T00:31:52","guid":{"rendered":"https:\/\/medicinasinc.com\/sl\/?post_type=product&#038;p=5494"},"modified":"2022-03-19T00:28:16","modified_gmt":"2022-03-19T00:28:16","slug":"kupi-diklazepam-2-mg-pelete","status":"publish","type":"product","link":"https:\/\/medicinasinc.com\/sl\/product\/kupi-diklazepam-2-mg-pelete\/","title":{"rendered":"Kupite Diclazepam 2 mg pelete"},"content":{"rendered":"<p><strong>KJE LAHKO DOBIM DICLAZEPAM 2MG PELETE V EU?<\/strong><\/p>\n<p>2 mg Diclazepama V Evropi boste morda na\u0161li obrat, ki skladi\u0161\u010di pelete. Bitcoin se lahko uporabi za nakup 2 mg diklazepamovih peletov na spletu.<\/p>\n<p>Eden najnovej\u0161ih benzodiazepinov, ki so na voljo za presku\u0161anje, je dilazepam ali klorodiazepam. Ta snov je tudi diazepam in deklorazepamov 1-metil homolog. Njegovo polno kemijsko ime je 7-kloro-5-(2-klorofenil)-1-metil-1,3-dihidro-2H-1,4-benzodiazepin-2-on. Ker je ta molekula tako nova, obstajajo \u0161tevilne mo\u017enosti za raziskave.<\/p>\n<p>Nomenklatura IUPAC za to spojino se glasi takole: 7,5-kloro-5-(2-klorofenil)-1-metil-1 ,3-dihidro-2H-1,4-benzodiazepin-2-on<br \/> \u0160tevilka CAS: 2894-68-0 0<br \/> Sinonimi: benzodiazepin klorodiazepoksid (2\u2032-kloro-diazepoksid)<br \/> To je kemi\u010dna formula za C16H12Cl2-N2O<br \/> 95,8 odstotkov njegove prvotne oblike.<br \/>Bele pelete so najpogostej\u0161a barva.<\/p>\n<p>Nakup peletov Diclazepam 2mg na spletu z Bitcoin je preprost.<\/p>\n<p>Cena 2 mg peletov Diclazepam<\/p>\n","protected":false},"excerpt":{"rendered":"<p>Kupite Diclazepam Pellet, Poceni Diclazepam 2mg Pellet za prodajo v Zdru\u017eenem kraljestvu, Evropi, kupite visokokakovostni Diclazepam v Zdru\u017eenem kraljestvu, dostava \u010dez no\u010d, cena za Diclazepam.<\/p>\n<p>Kupite Diclazepam 2mg pelete z brezpla\u010dno dostavo v Evropsko unijo. Najve\u010dji evropski prodajalec Diclazepam 2mg pelets. 2mg Diclazepam pelete je mogo\u010de kupiti na spletu z uporabo Bitcoina.<\/p>\n<p>Diclazepam obi\u010dajno na spletu ponujajo &#8216;headshops&#8217; ali&#8217;raziskovalna kemikalija&#8217; prodajalci v obliki belih, 1 mg peletov in, redkeje, vijoli\u010dnih, 2 mg peletov.<\/p>\n<p>Kupite Diclazepam 2 mg pelete na spletu je pogovorni izraz za 7-kloro-5-1-metil-1 ,3-dihidro-2H-1,4-benzodiazepin-2-on.<\/p>\n<p>Spletni nakup peletov Diclazepam 2 mg. Diklazepam (znan tudi kot klorodiazepam) je sinteti\u010dni benzodiazepinski depresiv, ki ob zau\u017eitju ka\u017ee podobne u\u010dinke kot diazepam, vklju\u010dno z zatiranjem anksioznosti, dezinhibicijo, antikonvulzivom, hipnotikom, spro\u0161\u010danjem mi\u0161ic in amnezijo. [2<\/p>\n","protected":false},"featured_media":5503,"comment_status":"open","ping_status":"closed","template":"","meta":[],"product_brand":[],"product_cat":[1117],"product_tag":[2835,2837,2836,2834,2838],"class_list":{"0":"post-5494","1":"product","2":"type-product","3":"status-publish","4":"has-post-thumbnail","6":"product_cat-kupite-tablete-proti-bolecinam-spanju-seksu","7":"product_tag-diclazepam-2-mg","8":"product_tag-kakovost-diklazepam-2-mg","9":"product_tag-order-diclazepam-2-mg","10":"product_tag-kupi-diklazepam-2-mg-pelete","11":"product_tag-where-to-buy-diclazepam-2-mg-pellets","13":"first","14":"instock","15":"shipping-taxable","16":"purchasable","17":"product-type-variable","18":"has-default-attributes"},"yoast_head":"<!-- This site is optimized with the Yoast SEO plugin v27.3 - https:\/\/yoast.com\/product\/yoast-seo-wordpress\/ -->\n<title>Kupite Diclazepam 2 mg pelete - Diclazepam za prodajo - Najbolj\u0161a zdravila v svetu<\/title>\n<meta name=\"description\" content=\"Kupite peleto diclazepama, poceni peleto diclazepama 2 mg za prodajo v Veliki Britaniji, Evropi, kupite visokokakovostni diklazepam v Zdru\u017eenem kraljestvu, dostava \u010dez no\u010d, cena diclazepama.\" \/>\n<meta name=\"robots\" content=\"index, follow, max-snippet:-1, max-image-preview:large, max-video-preview:-1\" \/>\n<link rel=\"canonical\" href=\"https:\/\/medicinasinc.com\/sl\/product\/kupi-diklazepam-2-mg-pelete\/\" \/>\n<meta property=\"og:locale\" content=\"en_US\" \/>\n<meta property=\"og:type\" content=\"article\" \/>\n<meta property=\"og:title\" content=\"Kupite Diclazepam 2 mg pelete - Diclazepam za prodajo - Najbolj\u0161a zdravila v svetu\" \/>\n<meta property=\"og:description\" content=\"Kupite peleto diclazepama, poceni peleto diclazepama 2 mg za prodajo v Veliki Britaniji, Evropi, kupite visokokakovostni diklazepam v Zdru\u017eenem kraljestvu, dostava \u010dez no\u010d, cena diclazepama.\" \/>\n<meta property=\"og:url\" content=\"https:\/\/medicinasinc.com\/sl\/product\/kupi-diklazepam-2-mg-pelete\/\" \/>\n<meta property=\"og:site_name\" content=\"Medicinas Inc\" \/>\n<meta property=\"article:modified_time\" content=\"2022-03-19T00:28:16+00:00\" \/>\n<meta property=\"og:image\" content=\"https:\/\/medicinasinc.com\/sl\/wp-content\/uploads\/sites\/7\/2022\/02\/Buy-Diclazepam-Pellets-2mg.jpg\" \/>\n\t<meta property=\"og:image:width\" content=\"566\" \/>\n\t<meta property=\"og:image:height\" content=\"462\" \/>\n\t<meta property=\"og:image:type\" content=\"image\/jpeg\" \/>\n<meta name=\"twitter:card\" content=\"summary_large_image\" \/>\n<meta name=\"twitter:label1\" content=\"Est. reading time\" \/>\n\t<meta name=\"twitter:data1\" content=\"1 minute\" \/>\n<script type=\"application\/ld+json\" class=\"yoast-schema-graph\">{\"@context\":\"https:\\\/\\\/schema.org\",\"@graph\":[{\"@type\":\"WebPage\",\"@id\":\"https:\\\/\\\/medicinasinc.com\\\/sl\\\/product\\\/kupi-diklazepam-2-mg-pelete\\\/\",\"url\":\"https:\\\/\\\/medicinasinc.com\\\/sl\\\/product\\\/kupi-diklazepam-2-mg-pelete\\\/\",\"name\":\"Kupite Diclazepam 2 mg pelete - Diclazepam za prodajo - Najbolj\u0161a zdravila v svetu\",\"isPartOf\":{\"@id\":\"https:\\\/\\\/medicinasinc.com\\\/sl\\\/#website\"},\"primaryImageOfPage\":{\"@id\":\"https:\\\/\\\/medicinasinc.com\\\/sl\\\/product\\\/kupi-diklazepam-2-mg-pelete\\\/#primaryimage\"},\"image\":{\"@id\":\"https:\\\/\\\/medicinasinc.com\\\/sl\\\/product\\\/kupi-diklazepam-2-mg-pelete\\\/#primaryimage\"},\"thumbnailUrl\":\"https:\\\/\\\/medicinasinc.com\\\/sl\\\/wp-content\\\/uploads\\\/sites\\\/7\\\/2022\\\/02\\\/Buy-Diclazepam-Pellets-2mg.jpg\",\"datePublished\":\"2022-02-22T00:31:52+00:00\",\"dateModified\":\"2022-03-19T00:28:16+00:00\",\"description\":\"Kupite peleto diclazepama, poceni peleto diclazepama 2 mg za prodajo v Veliki Britaniji, Evropi, kupite visokokakovostni diklazepam v Zdru\u017eenem kraljestvu, dostava \u010dez no\u010d, cena diclazepama.\",\"breadcrumb\":{\"@id\":\"https:\\\/\\\/medicinasinc.com\\\/sl\\\/product\\\/kupi-diklazepam-2-mg-pelete\\\/#breadcrumb\"},\"inLanguage\":\"en-US\",\"potentialAction\":[{\"@type\":\"ReadAction\",\"target\":[\"https:\\\/\\\/medicinasinc.com\\\/sl\\\/product\\\/kupi-diklazepam-2-mg-pelete\\\/\"]}]},{\"@type\":\"ImageObject\",\"inLanguage\":\"en-US\",\"@id\":\"https:\\\/\\\/medicinasinc.com\\\/sl\\\/product\\\/kupi-diklazepam-2-mg-pelete\\\/#primaryimage\",\"url\":\"https:\\\/\\\/medicinasinc.com\\\/sl\\\/wp-content\\\/uploads\\\/sites\\\/7\\\/2022\\\/02\\\/Buy-Diclazepam-Pellets-2mg.jpg\",\"contentUrl\":\"https:\\\/\\\/medicinasinc.com\\\/sl\\\/wp-content\\\/uploads\\\/sites\\\/7\\\/2022\\\/02\\\/Buy-Diclazepam-Pellets-2mg.jpg\",\"width\":566,\"height\":462},{\"@type\":\"BreadcrumbList\",\"@id\":\"https:\\\/\\\/medicinasinc.com\\\/sl\\\/product\\\/kupi-diklazepam-2-mg-pelete\\\/#breadcrumb\",\"itemListElement\":[{\"@type\":\"ListItem\",\"position\":1,\"name\":\"Nakupujte\",\"item\":\"https:\\\/\\\/medicinasinc.com\\\/sl\\\/nakupujte\\\/\"},{\"@type\":\"ListItem\",\"position\":2,\"name\":\"Kupite Diclazepam 2 mg pelete\"}]},{\"@type\":\"WebSite\",\"@id\":\"https:\\\/\\\/medicinasinc.com\\\/sl\\\/#website\",\"url\":\"https:\\\/\\\/medicinasinc.com\\\/sl\\\/\",\"name\":\"Medicinas Inc\",\"description\":\"Health Medical Clinic\",\"potentialAction\":[{\"@type\":\"SearchAction\",\"target\":{\"@type\":\"EntryPoint\",\"urlTemplate\":\"https:\\\/\\\/medicinasinc.com\\\/sl\\\/?s={search_term_string}\"},\"query-input\":{\"@type\":\"PropertyValueSpecification\",\"valueRequired\":true,\"valueName\":\"search_term_string\"}}],\"inLanguage\":\"en-US\"}]}<\/script>\n<!-- \/ Yoast SEO plugin. -->","yoast_head_json":{"title":"Kupite Diclazepam 2 mg pelete - Diclazepam za prodajo - Najbolj\u0161a zdravila v svetu","description":"Kupite peleto diclazepama, poceni peleto diclazepama 2 mg za prodajo v Veliki Britaniji, Evropi, kupite visokokakovostni diklazepam v Zdru\u017eenem kraljestvu, dostava \u010dez no\u010d, cena diclazepama.","robots":{"index":"index","follow":"follow","max-snippet":"max-snippet:-1","max-image-preview":"max-image-preview:large","max-video-preview":"max-video-preview:-1"},"canonical":"https:\/\/medicinasinc.com\/sl\/product\/kupi-diklazepam-2-mg-pelete\/","og_locale":"en_US","og_type":"article","og_title":"Kupite Diclazepam 2 mg pelete - Diclazepam za prodajo - Najbolj\u0161a zdravila v svetu","og_description":"Kupite peleto diclazepama, poceni peleto diclazepama 2 mg za prodajo v Veliki Britaniji, Evropi, kupite visokokakovostni diklazepam v Zdru\u017eenem kraljestvu, dostava \u010dez no\u010d, cena diclazepama.","og_url":"https:\/\/medicinasinc.com\/sl\/product\/kupi-diklazepam-2-mg-pelete\/","og_site_name":"Medicinas Inc","article_modified_time":"2022-03-19T00:28:16+00:00","og_image":[{"width":566,"height":462,"url":"https:\/\/medicinasinc.com\/sl\/wp-content\/uploads\/sites\/7\/2022\/02\/Buy-Diclazepam-Pellets-2mg.jpg","type":"image\/jpeg"}],"twitter_card":"summary_large_image","twitter_misc":{"Est. reading time":"1 minute"},"schema":{"@context":"https:\/\/schema.org","@graph":[{"@type":"WebPage","@id":"https:\/\/medicinasinc.com\/sl\/product\/kupi-diklazepam-2-mg-pelete\/","url":"https:\/\/medicinasinc.com\/sl\/product\/kupi-diklazepam-2-mg-pelete\/","name":"Kupite Diclazepam 2 mg pelete - Diclazepam za prodajo - Najbolj\u0161a zdravila v svetu","isPartOf":{"@id":"https:\/\/medicinasinc.com\/sl\/#website"},"primaryImageOfPage":{"@id":"https:\/\/medicinasinc.com\/sl\/product\/kupi-diklazepam-2-mg-pelete\/#primaryimage"},"image":{"@id":"https:\/\/medicinasinc.com\/sl\/product\/kupi-diklazepam-2-mg-pelete\/#primaryimage"},"thumbnailUrl":"https:\/\/medicinasinc.com\/sl\/wp-content\/uploads\/sites\/7\/2022\/02\/Buy-Diclazepam-Pellets-2mg.jpg","datePublished":"2022-02-22T00:31:52+00:00","dateModified":"2022-03-19T00:28:16+00:00","description":"Kupite peleto diclazepama, poceni peleto diclazepama 2 mg za prodajo v Veliki Britaniji, Evropi, kupite visokokakovostni diklazepam v Zdru\u017eenem kraljestvu, dostava \u010dez no\u010d, cena diclazepama.","breadcrumb":{"@id":"https:\/\/medicinasinc.com\/sl\/product\/kupi-diklazepam-2-mg-pelete\/#breadcrumb"},"inLanguage":"en-US","potentialAction":[{"@type":"ReadAction","target":["https:\/\/medicinasinc.com\/sl\/product\/kupi-diklazepam-2-mg-pelete\/"]}]},{"@type":"ImageObject","inLanguage":"en-US","@id":"https:\/\/medicinasinc.com\/sl\/product\/kupi-diklazepam-2-mg-pelete\/#primaryimage","url":"https:\/\/medicinasinc.com\/sl\/wp-content\/uploads\/sites\/7\/2022\/02\/Buy-Diclazepam-Pellets-2mg.jpg","contentUrl":"https:\/\/medicinasinc.com\/sl\/wp-content\/uploads\/sites\/7\/2022\/02\/Buy-Diclazepam-Pellets-2mg.jpg","width":566,"height":462},{"@type":"BreadcrumbList","@id":"https:\/\/medicinasinc.com\/sl\/product\/kupi-diklazepam-2-mg-pelete\/#breadcrumb","itemListElement":[{"@type":"ListItem","position":1,"name":"Nakupujte","item":"https:\/\/medicinasinc.com\/sl\/nakupujte\/"},{"@type":"ListItem","position":2,"name":"Kupite Diclazepam 2 mg pelete"}]},{"@type":"WebSite","@id":"https:\/\/medicinasinc.com\/sl\/#website","url":"https:\/\/medicinasinc.com\/sl\/","name":"Medicinas Inc","description":"Health Medical Clinic","potentialAction":[{"@type":"SearchAction","target":{"@type":"EntryPoint","urlTemplate":"https:\/\/medicinasinc.com\/sl\/?s={search_term_string}"},"query-input":{"@type":"PropertyValueSpecification","valueRequired":true,"valueName":"search_term_string"}}],"inLanguage":"en-US"}]}},"_links":{"self":[{"href":"https:\/\/medicinasinc.com\/sl\/wp-json\/wp\/v2\/product\/5494","targetHints":{"allow":["GET"]}}],"collection":[{"href":"https:\/\/medicinasinc.com\/sl\/wp-json\/wp\/v2\/product"}],"about":[{"href":"https:\/\/medicinasinc.com\/sl\/wp-json\/wp\/v2\/types\/product"}],"replies":[{"embeddable":true,"href":"https:\/\/medicinasinc.com\/sl\/wp-json\/wp\/v2\/comments?post=5494"}],"wp:featuredmedia":[{"embeddable":true,"href":"https:\/\/medicinasinc.com\/sl\/wp-json\/wp\/v2\/media\/5503"}],"wp:attachment":[{"href":"https:\/\/medicinasinc.com\/sl\/wp-json\/wp\/v2\/media?parent=5494"}],"wp:term":[{"taxonomy":"product_brand","embeddable":true,"href":"https:\/\/medicinasinc.com\/sl\/wp-json\/wp\/v2\/product_brand?post=5494"},{"taxonomy":"product_cat","embeddable":true,"href":"https:\/\/medicinasinc.com\/sl\/wp-json\/wp\/v2\/product_cat?post=5494"},{"taxonomy":"product_tag","embeddable":true,"href":"https:\/\/medicinasinc.com\/sl\/wp-json\/wp\/v2\/product_tag?post=5494"}],"curies":[{"name":"wp","href":"https:\/\/api.w.org\/{rel}","templated":true}]}}