{"id":5471,"date":"2022-02-22T00:08:30","date_gmt":"2022-02-22T00:08:30","guid":{"rendered":"https:\/\/medicinasinc.com\/sl\/?post_type=product&#038;p=5471"},"modified":"2022-03-19T00:28:27","modified_gmt":"2022-03-19T00:28:27","slug":"kupi-kristal-met-metamfetamin","status":"publish","type":"product","link":"https:\/\/medicinasinc.com\/sl\/product\/kupi-kristal-met-metamfetamin\/","title":{"rendered":"Kupite Crystal Meth (metamfetamin)"},"content":{"rendered":"<p><strong>Kje kupiti kristalni metamfetamin &#8211; metamfetamin<\/strong><\/p>\n<p>Pripravljen kupiti kristalni met, pogosto znan kot met iz dragih kamnov, je zdravilo za stimulacijo osrednjega \u017eiv\u010dnega sistema (CNS), ki ima pomembne podobnosti z amfetamini, drugim najbolj priljubljenim razredom prepovedanih zdravil na svetu, za maryjanom.<br \/> Tako kot amfetamin spodbuja pove\u010dano aktivnost, zmanj\u0161an apetit in splo\u0161no dobro po\u010dutje.<\/p>\n<p>Tam. je nekaj priznanih farmacevtskih uporab za Crystal Meth \u2013 Metamfetamin, vklju\u010dno z zdravljenjem narkolepsije, pomanjkanjem sposobnosti za redno koncentracijo in za prehodno uporabo, kot je debelost; kljub temu so te medicinske uporabe omejene.<\/p>\n<p>Crystal Meth, tako kot kokain, je mogo\u010de kaditi. Chemical Inc. prodaja Crystal Meth \u2013 Methamphetamine.<\/p>\n<p>Kak\u0161ne lastnosti imajo Crystal Meth \u2013 Metamfetamini?<\/p>\n<p>Metamfetamini se uporabljajo za zdravljenje naslednjih stanj:<\/p>\n<p>ADHDNarcolepsy<\/p>\n<p>Medicinske aplikacije so omejene.<\/p>\n<p>Crystal Meth \u2013 Metamfetamin, tako kot kokain, je mogo\u010de kaditi.<\/p>\n<figure class=\"wp-caption alignleft\"><img decoding=\"async\" class=\" n3VNCb\" src=\"https:\/\/www.detoxplusuk.com\/wp-content\/uploads\/sites\/7\/2019\/01\/Crystal-meth-e1546508093797.png\" alt=\"Crystal Meth - Methamphetamine | chemical Inc\" height=\"351\" data-iml=\"71374\" \/><figcaption class=\"wp-caption-text\">Kupite Crystal Meth z Bitcoini<\/figcaption><\/figure>\n<h2><strong>Kaj so zna\u010dilnosti metamfetamina?<\/strong><\/h2>\n<p><span class=\"tagify__tag-text\">Crystal Meth \u2013 Metamfetamin<\/span>\u00a0so za zdravljenje:<\/p>\n<ul>\n<li> ADHD narkolepsija<\/li>\n<li>Debelost Tako povzro\u010da raz\u0161irjeno delovanje, zmanj\u0161ano lakoto in splo\u0161ni ob\u010dutek blaginje. Na to\u010dki, ko se uporablja v preveliki koli\u010dini, ima postopoma uni\u010dujo\u010de u\u010dinke na \u017eari\u0161\u010dni senzori\u010dni sistem.<\/li>\n<\/ul>\n<h2><\/h2>\n<h2><\/h2>\n<h2><strong>Kaj so previdnostni ukrepi za\u00a0<\/strong>Crystal Meth<strong>?<\/strong><\/h2>\n<ul>\n<li>\u010ce menite, da ste med jemanjem zdravila nose\u010di, nemudoma obvestite svojega strokovnjaka, da ohranite strate\u0161ka oddaljenost od te\u017eav.<\/li>\n<li>\u010ce imate sr\u010dne bolezni,<\/li>\n<\/ul>\n<h2><strong>Kak\u0161ni so stranski u\u010dinki\u00a0<\/strong>Crystal Meth<strong>? <\/strong><\/h2>\n<p>Neprijazni u\u010dinki metamfetaminov vklju\u010dujejo:<\/p>\n<ul>\n<li>pove\u010dano sr\u010dno frekvenco<\/li>\n<li>povi\u0161ano telesno temperaturo<\/li>\n<li>pove\u010danje v stopnji spro\u0161\u010danja<\/li>\n<li>Raz\u0161irjeni \u0161tudenti<\/li>\n<li>Tresi Ob\u010dutki zanosa<\/li>\n<li>Pove\u010dana tesnoba<\/li>\n<li>Razdra\u017eljivost<\/li>\n<li>Paranoja<\/li>\n<li>Nasilno in razgibano vedenje<\/li>\n<li>Za\u010dasna hiperaktivnost Poi\u0161\u010dite specialista za terapevtski premislek.<\/li>\n<\/ul>\n<h2><strong>Kaj se je zgodilo. n \u010de zamudite ali preveliko odmerjanje\u00a0<\/strong>Crystal Meth<strong>?<\/strong><\/h2>\n<p>Opustitev porcije metamfetamina je vse prej kot velika preizku\u0161nja, vendar si lahko vzamete \u010das, ko se tega spomnite, vendar bi se morali vzdr\u017eati dvojnih meritev.<\/p>\n<p>&nbsp;<\/p>\n<p><span class=\"tagify__tag-text\">Metamfetamin<\/span>\u00a0predlagamo, da ostane v sredi\u0161\u010du, kadar koli je prevelik odmerek, lahko neposredno spro\u017ei resni\u010dna zdravstvena stanja, zato je najbolj\u0161a izbira iskanje krizne pomo\u010di pri strokovnjakih za dobro po\u010dutje. <span class=\"tagify__tag-text\"><a href=\"https:\/\/www.bestglobalmeds.com\/product\/research-chemicals\/buy-crystal-meth\/\">Naro\u010dite Crystal Meth<\/a>\u00a0\u2013 Metamfetamin na spletu<\/span>\u00a0pri Chemical Inc<\/p>\n<h2><strong>Kako shraniti metamfetamine?<\/strong><\/h2>\n<p>Poleg tega tam, kjer ni svetlobe in toplote, hranite metamfetamine pri sobni temperaturi. Prav tako tega zdravila ne izpirajte. Va\u0161i otroci in hi\u0161ni ljubljen\u010dki ne smejo nikakor povezati tega zdravila.<\/p>\n<h2><strong>Kje kupiti\u00a0<\/strong>Crystal Meth\u00a0<strong>spletno?<\/strong><\/h2>\n<p>Vendar pa, Crystal Meth \u2013 Metamfetamin lahko kupite na spletu v najbolj verjetni spletni trgovini \u2013 Chemical Inc.<\/p>\n<p>Nakup metamfetamina brez pravnega sredstva, metamfetamini so na voljo za nakup na spletu, cena v najbolj\u0161em primeru.<br \/> Kupite najbolj\u0161e zdravila tukaj na tej to\u010dki! <span class=\"tagify__tag-text\">Kupite Crystal Meth v spletu<\/span><\/p>\n<h3><b>Uporabniki meta ne bi smeli \u010dakati, da poi\u0161\u010dejo zdravljenje<\/b><\/h3>\n<p>Mnogo fizi\u010dnih simptome je mogo\u010de obrniti s pravilnim zdravljenjem, posledice naprednega staranja in zobne gnilobe je te\u017eko odpraviti, po\u0161kodbe pa so pogosto trajne.<\/p>\n<p>Poleg tega lahko u\u017eivanje metamfetamina povzro\u010di psihozo ali psihoti\u010dno vedenje, pri katerem uporabniki izgubijo stik. z realnostjo in do\u017eivljajo mo\u010dne blodnje, paranojo, halucinacije in obsesivno vedenje, ki jim onemogo\u010da, da bi se resni\u010dno zavedali \u0161kode, ki si jo povzro\u010dajo.<\/p>\n<p>Nujno je, da odvisnik nemudoma poi\u0161\u010de pomo\u010d ali pa jo utrpi. fizi\u010dni in psihi\u010dni u\u010dinki ter drugi obi\u010dajni simptomi, kot so uni\u010deni odnosi, finan\u010dna stiska in kazenske obto\u017ebe.<\/p>\n<p>Zasvojenost se dotakne skoraj vsake dru\u017eine, uni\u010duje fizi\u010dno in du\u0161evno zdravje, odnose in osebne finance. Matere, o\u010detje, bratje, sestre, h\u010dere in sinovi.<\/p>\n<p>Nih\u010de ni imun na zastra\u0161ujo\u010de dolgoro\u010dne posledice zlorabe trdih drog.<br \/> Sledi streznitev RESNI\u010cNIH posameznikov.<\/p>\n<p>\u017drtev sku\u0161njave u\u017eivanja drog \u2013 v tem primeru metamfetamina \u2013 so njegovi uni\u010dujo\u010di u\u010dinki preve\u010d o\u010ditni.<br \/> \u010ce vi ali va\u0161a ljubljena oseba trpite za odvisnostjo od metamfetamina, oz. \u010de \u017eelite izvedeti ve\u010d, si oglejte naslednja spletna mesta za pomo\u010d pri pridobivanju pomo\u010di pri obnovitvi.<\/p>\n","protected":false},"excerpt":{"rendered":"<div class=\"woocommerce-product-details__short-description\">\n<p>Kupite Crystal Meth za prodajo v Zdru\u017eenem kraljestvu, EU, Evropi, ZDA, Kitajski za zdravljenje raka s pomo\u010djo bestglobalmeds.com. Najbolj\u0161e mesto, kjer lahko poceni kupite metamfetamin na spletu.<\/p>\n<p>Kupite po nizki ceni Crystal Meth na spletu Brez recepta prodajamo Crystal Meth na spletu in ga po\u0161ljemo po vsem svetu v 24\/48 urah. Naro\u010dite zdaj.<\/p>\n<p>Izraz &#8220;kristalni met&#8221; se nana\u0161a na kristalni metamfetamin, mo\u010dan stimulans, ki povzro\u010da zasvojenost, ki vpliva na centralni \u017eiv\u010dni sistem.<\/p>\n<p>Zdaj lahko kupite kristalni metamfetamin na spletu in vam ga dostavijo naslednji dan. Najnovej\u0161a ali najbolj \u010dista oblika kristalnega metamfetamina je skoraj \u010dista. Je brez vonja in nestrupena.<\/p>\n<p>Meth\u0430m\u0440h\u0435t\u0430mn\u0435 sem stimulans centralnega \u017eiv\u010dnega ut\u0435m, ki sem ga m\u043etl\u0443 jed a r\u0435r\u0435\u0430t\u043en\u0430l drog \u0430 in l\u0435 \u0441\u043emm\u043enl\u0443 u\u0435d a tr\u0435p\u0430 e\u0441\u043end&gt;<\/p>\n","protected":false},"featured_media":5483,"comment_status":"open","ping_status":"closed","template":"","meta":[],"product_brand":[],"product_cat":[2014],"product_tag":[2800,2802,2814,2809,2810,2811,2812,2815,2818,2819,2803,2808,2813,2806,2799,2801,2821,2820,2822,2823,2816,2817,2824,2805,2825,2804,2826,2827,2807,2828,2829,2830,2831,2832,2833],"class_list":{"0":"post-5471","1":"product","2":"type-product","3":"status-publish","4":"has-post-thumbnail","6":"product_cat-nakup-raziskave-kemikalije","7":"product_tag-bu-crystal-mth-nln","8":"product_tag-chrtn","9":"product_tag-ck","10":"product_tag-crystal-mth-for-sale","11":"product_tag-crystal-mth-germany","12":"product_tag-crystal-mth-reddit","13":"product_tag-crystal-mth-shipping","14":"product_tag-zakucaj","15":"product_tag-go-go-ju","16":"product_tag-gk","17":"product_tag-chlk","18":"product_tag-kristal-m-d0-b5th-evropa","19":"product_tag-kristal-mth-uk","20":"product_tag-kristal-mth-avstralija","21":"product_tag-kupi-kristal-med-v-avstraliaale-blizu-vas","22":"product_tag-bu-rtl-meth-on-deepweb","23":"product_tag-l-a-gl","24":"product_tag-ledu","25":"product_tag-meth","26":"product_tag-n-dz","27":"product_tag-fr","28":"product_tag-pojdi-hitro","29":"product_tag-pk","30":"product_tag-roica","31":"product_tag-rocket-fuel","32":"product_tag-sladkana-vata","33":"product_tag-sb-snacks","34":"product_tag-tweek","35":"product_tag-kristal-m-uinek","36":"product_tag-wh","37":"product_tag-rdr-crystal-mth-n-tr","38":"product_tag-rdr-rtl-mth-n-drknt","39":"product_tag-rtl-meth-h","40":"product_tag-rtl-mth-for-l-online","41":"product_tag-rtl-mth-vndr-n-usa","43":"first","44":"instock","45":"shipping-taxable","46":"purchasable","47":"product-type-variable","48":"has-default-attributes"},"yoast_head":"<!-- This site is optimized with the Yoast SEO plugin v27.3 - https:\/\/yoast.com\/product\/yoast-seo-wordpress\/ -->\n<title>Kupite Crystal Meth (metamfetamin) - najbolj\u0161a najbolj\u0161a zdravila na svetu<\/title>\n<meta name=\"description\" content=\"Kupite Crystal Meth za prodajo UK, EU, Evropa, ZDA, Kitajska za zdravljenje raka s pomo\u010djo bestglobalmeds.com. Najbolj\u0161e mesto, kjer lahko poceni kupite metamfetamin na spletu.\" \/>\n<meta name=\"robots\" content=\"index, follow, max-snippet:-1, max-image-preview:large, max-video-preview:-1\" \/>\n<link rel=\"canonical\" href=\"https:\/\/medicinasinc.com\/sl\/product\/kupi-kristal-met-metamfetamin\/\" \/>\n<meta property=\"og:locale\" content=\"en_US\" \/>\n<meta property=\"og:type\" content=\"article\" \/>\n<meta property=\"og:title\" content=\"Kupite Crystal Meth (metamfetamin) - najbolj\u0161a najbolj\u0161a zdravila na svetu\" \/>\n<meta property=\"og:description\" content=\"Kupite Crystal Meth za prodajo UK, EU, Evropa, ZDA, Kitajska za zdravljenje raka s pomo\u010djo bestglobalmeds.com. Najbolj\u0161e mesto, kjer lahko poceni kupite metamfetamin na spletu.\" \/>\n<meta property=\"og:url\" content=\"https:\/\/medicinasinc.com\/sl\/product\/kupi-kristal-met-metamfetamin\/\" \/>\n<meta property=\"og:site_name\" content=\"Medicinas Inc\" \/>\n<meta property=\"article:modified_time\" content=\"2022-03-19T00:28:27+00:00\" \/>\n<meta property=\"og:image\" content=\"https:\/\/medicinasinc.com\/sl\/wp-content\/uploads\/sites\/7\/2022\/02\/Buy-Crystal-Meth.jpg\" \/>\n\t<meta property=\"og:image:width\" content=\"1024\" \/>\n\t<meta property=\"og:image:height\" content=\"768\" \/>\n\t<meta property=\"og:image:type\" content=\"image\/jpeg\" \/>\n<meta name=\"twitter:card\" content=\"summary_large_image\" \/>\n<meta name=\"twitter:label1\" content=\"Est. reading time\" \/>\n\t<meta name=\"twitter:data1\" content=\"3 minutes\" \/>\n<script type=\"application\/ld+json\" class=\"yoast-schema-graph\">{\"@context\":\"https:\\\/\\\/schema.org\",\"@graph\":[{\"@type\":\"WebPage\",\"@id\":\"https:\\\/\\\/medicinasinc.com\\\/sl\\\/product\\\/kupi-kristal-met-metamfetamin\\\/\",\"url\":\"https:\\\/\\\/medicinasinc.com\\\/sl\\\/product\\\/kupi-kristal-met-metamfetamin\\\/\",\"name\":\"Kupite Crystal Meth (metamfetamin) - najbolj\u0161a najbolj\u0161a zdravila na svetu\",\"isPartOf\":{\"@id\":\"https:\\\/\\\/medicinasinc.com\\\/sl\\\/#website\"},\"primaryImageOfPage\":{\"@id\":\"https:\\\/\\\/medicinasinc.com\\\/sl\\\/product\\\/kupi-kristal-met-metamfetamin\\\/#primaryimage\"},\"image\":{\"@id\":\"https:\\\/\\\/medicinasinc.com\\\/sl\\\/product\\\/kupi-kristal-met-metamfetamin\\\/#primaryimage\"},\"thumbnailUrl\":\"https:\\\/\\\/medicinasinc.com\\\/sl\\\/wp-content\\\/uploads\\\/sites\\\/7\\\/2022\\\/02\\\/Buy-Crystal-Meth.jpg\",\"datePublished\":\"2022-02-22T00:08:30+00:00\",\"dateModified\":\"2022-03-19T00:28:27+00:00\",\"description\":\"Kupite Crystal Meth za prodajo UK, EU, Evropa, ZDA, Kitajska za zdravljenje raka s pomo\u010djo bestglobalmeds.com. Najbolj\u0161e mesto, kjer lahko poceni kupite metamfetamin na spletu.\",\"breadcrumb\":{\"@id\":\"https:\\\/\\\/medicinasinc.com\\\/sl\\\/product\\\/kupi-kristal-met-metamfetamin\\\/#breadcrumb\"},\"inLanguage\":\"en-US\",\"potentialAction\":[{\"@type\":\"ReadAction\",\"target\":[\"https:\\\/\\\/medicinasinc.com\\\/sl\\\/product\\\/kupi-kristal-met-metamfetamin\\\/\"]}]},{\"@type\":\"ImageObject\",\"inLanguage\":\"en-US\",\"@id\":\"https:\\\/\\\/medicinasinc.com\\\/sl\\\/product\\\/kupi-kristal-met-metamfetamin\\\/#primaryimage\",\"url\":\"https:\\\/\\\/medicinasinc.com\\\/sl\\\/wp-content\\\/uploads\\\/sites\\\/7\\\/2022\\\/02\\\/Buy-Crystal-Meth.jpg\",\"contentUrl\":\"https:\\\/\\\/medicinasinc.com\\\/sl\\\/wp-content\\\/uploads\\\/sites\\\/7\\\/2022\\\/02\\\/Buy-Crystal-Meth.jpg\",\"width\":1024,\"height\":768},{\"@type\":\"BreadcrumbList\",\"@id\":\"https:\\\/\\\/medicinasinc.com\\\/sl\\\/product\\\/kupi-kristal-met-metamfetamin\\\/#breadcrumb\",\"itemListElement\":[{\"@type\":\"ListItem\",\"position\":1,\"name\":\"Nakupujte\",\"item\":\"https:\\\/\\\/medicinasinc.com\\\/sl\\\/nakupujte\\\/\"},{\"@type\":\"ListItem\",\"position\":2,\"name\":\"Kupite Crystal Meth (metamfetamin)\"}]},{\"@type\":\"WebSite\",\"@id\":\"https:\\\/\\\/medicinasinc.com\\\/sl\\\/#website\",\"url\":\"https:\\\/\\\/medicinasinc.com\\\/sl\\\/\",\"name\":\"Medicinas Inc\",\"description\":\"Health Medical Clinic\",\"potentialAction\":[{\"@type\":\"SearchAction\",\"target\":{\"@type\":\"EntryPoint\",\"urlTemplate\":\"https:\\\/\\\/medicinasinc.com\\\/sl\\\/?s={search_term_string}\"},\"query-input\":{\"@type\":\"PropertyValueSpecification\",\"valueRequired\":true,\"valueName\":\"search_term_string\"}}],\"inLanguage\":\"en-US\"}]}<\/script>\n<!-- \/ Yoast SEO plugin. -->","yoast_head_json":{"title":"Kupite Crystal Meth (metamfetamin) - najbolj\u0161a najbolj\u0161a zdravila na svetu","description":"Kupite Crystal Meth za prodajo UK, EU, Evropa, ZDA, Kitajska za zdravljenje raka s pomo\u010djo bestglobalmeds.com. Najbolj\u0161e mesto, kjer lahko poceni kupite metamfetamin na spletu.","robots":{"index":"index","follow":"follow","max-snippet":"max-snippet:-1","max-image-preview":"max-image-preview:large","max-video-preview":"max-video-preview:-1"},"canonical":"https:\/\/medicinasinc.com\/sl\/product\/kupi-kristal-met-metamfetamin\/","og_locale":"en_US","og_type":"article","og_title":"Kupite Crystal Meth (metamfetamin) - najbolj\u0161a najbolj\u0161a zdravila na svetu","og_description":"Kupite Crystal Meth za prodajo UK, EU, Evropa, ZDA, Kitajska za zdravljenje raka s pomo\u010djo bestglobalmeds.com. Najbolj\u0161e mesto, kjer lahko poceni kupite metamfetamin na spletu.","og_url":"https:\/\/medicinasinc.com\/sl\/product\/kupi-kristal-met-metamfetamin\/","og_site_name":"Medicinas Inc","article_modified_time":"2022-03-19T00:28:27+00:00","og_image":[{"width":1024,"height":768,"url":"https:\/\/medicinasinc.com\/sl\/wp-content\/uploads\/sites\/7\/2022\/02\/Buy-Crystal-Meth.jpg","type":"image\/jpeg"}],"twitter_card":"summary_large_image","twitter_misc":{"Est. reading time":"3 minutes"},"schema":{"@context":"https:\/\/schema.org","@graph":[{"@type":"WebPage","@id":"https:\/\/medicinasinc.com\/sl\/product\/kupi-kristal-met-metamfetamin\/","url":"https:\/\/medicinasinc.com\/sl\/product\/kupi-kristal-met-metamfetamin\/","name":"Kupite Crystal Meth (metamfetamin) - najbolj\u0161a najbolj\u0161a zdravila na svetu","isPartOf":{"@id":"https:\/\/medicinasinc.com\/sl\/#website"},"primaryImageOfPage":{"@id":"https:\/\/medicinasinc.com\/sl\/product\/kupi-kristal-met-metamfetamin\/#primaryimage"},"image":{"@id":"https:\/\/medicinasinc.com\/sl\/product\/kupi-kristal-met-metamfetamin\/#primaryimage"},"thumbnailUrl":"https:\/\/medicinasinc.com\/sl\/wp-content\/uploads\/sites\/7\/2022\/02\/Buy-Crystal-Meth.jpg","datePublished":"2022-02-22T00:08:30+00:00","dateModified":"2022-03-19T00:28:27+00:00","description":"Kupite Crystal Meth za prodajo UK, EU, Evropa, ZDA, Kitajska za zdravljenje raka s pomo\u010djo bestglobalmeds.com. Najbolj\u0161e mesto, kjer lahko poceni kupite metamfetamin na spletu.","breadcrumb":{"@id":"https:\/\/medicinasinc.com\/sl\/product\/kupi-kristal-met-metamfetamin\/#breadcrumb"},"inLanguage":"en-US","potentialAction":[{"@type":"ReadAction","target":["https:\/\/medicinasinc.com\/sl\/product\/kupi-kristal-met-metamfetamin\/"]}]},{"@type":"ImageObject","inLanguage":"en-US","@id":"https:\/\/medicinasinc.com\/sl\/product\/kupi-kristal-met-metamfetamin\/#primaryimage","url":"https:\/\/medicinasinc.com\/sl\/wp-content\/uploads\/sites\/7\/2022\/02\/Buy-Crystal-Meth.jpg","contentUrl":"https:\/\/medicinasinc.com\/sl\/wp-content\/uploads\/sites\/7\/2022\/02\/Buy-Crystal-Meth.jpg","width":1024,"height":768},{"@type":"BreadcrumbList","@id":"https:\/\/medicinasinc.com\/sl\/product\/kupi-kristal-met-metamfetamin\/#breadcrumb","itemListElement":[{"@type":"ListItem","position":1,"name":"Nakupujte","item":"https:\/\/medicinasinc.com\/sl\/nakupujte\/"},{"@type":"ListItem","position":2,"name":"Kupite Crystal Meth (metamfetamin)"}]},{"@type":"WebSite","@id":"https:\/\/medicinasinc.com\/sl\/#website","url":"https:\/\/medicinasinc.com\/sl\/","name":"Medicinas Inc","description":"Health Medical Clinic","potentialAction":[{"@type":"SearchAction","target":{"@type":"EntryPoint","urlTemplate":"https:\/\/medicinasinc.com\/sl\/?s={search_term_string}"},"query-input":{"@type":"PropertyValueSpecification","valueRequired":true,"valueName":"search_term_string"}}],"inLanguage":"en-US"}]}},"_links":{"self":[{"href":"https:\/\/medicinasinc.com\/sl\/wp-json\/wp\/v2\/product\/5471","targetHints":{"allow":["GET"]}}],"collection":[{"href":"https:\/\/medicinasinc.com\/sl\/wp-json\/wp\/v2\/product"}],"about":[{"href":"https:\/\/medicinasinc.com\/sl\/wp-json\/wp\/v2\/types\/product"}],"replies":[{"embeddable":true,"href":"https:\/\/medicinasinc.com\/sl\/wp-json\/wp\/v2\/comments?post=5471"}],"wp:featuredmedia":[{"embeddable":true,"href":"https:\/\/medicinasinc.com\/sl\/wp-json\/wp\/v2\/media\/5483"}],"wp:attachment":[{"href":"https:\/\/medicinasinc.com\/sl\/wp-json\/wp\/v2\/media?parent=5471"}],"wp:term":[{"taxonomy":"product_brand","embeddable":true,"href":"https:\/\/medicinasinc.com\/sl\/wp-json\/wp\/v2\/product_brand?post=5471"},{"taxonomy":"product_cat","embeddable":true,"href":"https:\/\/medicinasinc.com\/sl\/wp-json\/wp\/v2\/product_cat?post=5471"},{"taxonomy":"product_tag","embeddable":true,"href":"https:\/\/medicinasinc.com\/sl\/wp-json\/wp\/v2\/product_tag?post=5471"}],"curies":[{"name":"wp","href":"https:\/\/api.w.org\/{rel}","templated":true}]}}