{"id":5470,"date":"2022-02-22T00:06:57","date_gmt":"2022-02-22T00:06:57","guid":{"rendered":"https:\/\/medicinasinc.com\/sl\/?post_type=product&#038;p=5470"},"modified":"2022-03-19T00:28:38","modified_gmt":"2022-03-19T00:28:38","slug":"kupi-th-pvp-kristal","status":"publish","type":"product","link":"https:\/\/medicinasinc.com\/sl\/product\/kupi-th-pvp-kristal\/","title":{"rendered":"Kupite TH-PVP Crystal"},"content":{"rendered":"<p>Kupite TH-PVP kristal po zni\u017eani ceni na spletu.<\/p>\n<p>Kupite TH-PVP Crystal po zni\u017eani ceni na spletu.<\/p>\n<p>Kupite TH-PVP prek spleta pri najuglednej\u0161em podjetju za pisarni\u0161ki prevoz na svetu .<\/p>\n<p>TH-PVP, tako kot PVP, daje energijo. O tej kemikaliji je v zvezi s tem malo znanega, kar ustvarja ogromno prilo\u017enosti za raziskave.<\/p>\n<p>Smo najbolj\u0161i dobavitelj TH-PVP na Kitajskem in na splo\u0161no veljamo za najbolj\u0161ega prodajalca TH-PVP Reddit. \u010ce i\u0161\u010dete zakonitega prodajalca TH-PVP, ne pojdite dlje od nas.<\/p>\n<p>KUPITE TH-PVP SPLETNO V NA\u0160I TRGOVINI<\/p>\n<p>\u010ce i\u0161\u010dete TH-PVP -PVP trgovina na spletu, ki vam omogo\u010da varen nakup TH-PVP dragulja, Classicarabians je va\u0161a najbolj\u0161a izbira. Na voljo imamo razli\u010dne sintetike za raziskovalne namene, skupaj s TH-PVP in drugimi enakovrednimi TH-PVP. Na\u0161a tehnika je povsem jasna in nezapletena za uporabo naprednega vnosa za poceni pridobivanje draguljev TH-PVP na spletu od proizvajalcev in dobaviteljev na Kitajskem.<\/p>\n<p>\u010ce \u017eivite v Zdru\u017eenih dr\u017eavah Amerike, Kanadi, Zdru\u017eenem kraljestvu, Avstralija ali Evropa in potrebujete artikel nujno, nudimo po\u0161iljanje po vsem svetu. Ne glede na to vas pozivamo, da se pred zahtevo seznanite z uporabo in simptomi TH-PVP. Poleg tega se morate zavedati nekaterih resni\u010dnih posledic, povezanih z nakupom draguljev TH-PVP na spletu brez zdravila v va\u0161i dr\u017eavi. Classicarabians je najve\u010dji prodajalec TH-PVP na spletu, ki vam omogo\u010da, da svojo logi\u010dno preiskavo dopolnite z najbolj zlahka dostopnimi snovmi. Ne glede na to vas pozivamo, da se pred zahtevo seznanite z uporabo in simptomi TH-PVP. Poleg tega se morate zavedati nekaterih resni\u010dnih posledic, povezanih z nakupovanjem draguljev TH-PVP na spletu brez zdravila v va\u0161i dr\u017eavi.<\/p>\n<p>Zagotavljamo najve\u010djo koli\u010dino in kakovost stvari. Potrudi se, da ne zapravlja\u0161 svojega \u010dasa. Po\u0161ljite svojo zahtevo zdaj in artikel bo dostavljen na va\u0161 dom. Poleg tega imamo vosek zvezde smrti.<\/p>\n","protected":false},"excerpt":{"rendered":"<div class=\"woocommerce-product-details__short-description\">\n<div class=\"char\">SPECIFIKACIJA<\/div>\n<div class=\"specification\">\n<div class=\"sprow\"><span class=\"spname\">Ime izdelka:<\/span><span class=\"sptext\">TH-PVP<\/span><\/div>\n<div class=\"sprow\"><span class=\"spname\">IUPAC ime:<\/span> <span class=\"sptext\">2-(pirolidin-1-il)-1-(5,6,7,8-tetrahidronaftalen-2-il)pentan-1-on<\/span><\/div>\n<div class=\"sprow\"><span class=\"spname\">Druga imena:<\/span><span class=\"sptext\">TH-\u03b1-PVP<\/span><\/div>\n<div class=\"sprow\"> <span class=\"spname\">Cas \u0161tevilka:<\/span><span class=\"sptext\">583123-2-1<\/span><\/div>\n<div class=\"sprow\"><span class=\"spname \">Molekularna formula:<\/span><span class=\"sptext\">C19H27NO<\/span><\/div>\n<div class=\"sprow\"><span class=\"spname\">U\u010dinek:<\/span><span class=\"sptext\">stimulans, psihodeli\u010dni<\/span><\/div>\n<div class=\"sprow\"><span class=\"spname\">\u010cistost snovi:<\/span><span class=\"sptext\"> 99,9 %<\/span><\/div>\n<div class=\"sprow\"><\/div>\n<\/p><\/div>\n<p><em>Kupite<\/em>\u00a0visoko kakovost\u00a0<em>TH pvp na linija<\/em>\u00a0po veleprodajnih cenah Kitajski\u00a0<em>TH pvp<\/em>\u00a0dobavitelj. &#8230; kjer lahko\u00a0<em>kupite<\/em>\u00a0th-pvp\u00a0<em>crystal na spletu poceni<\/em>\u00a0po veleprodajnih\u00a0<em>cenah<\/em><\/p>\n<p><em>Kupite TH<\/em> &#8211;<em>PVP<\/em>\u00a0Rock\u00a0<em>Crystal<\/em> iz Approved Drug Supplies po najbolj\u0161i ceni na Bestglobalmeds.com<\/p>\n<p>Kupite TH-PVP Crystal po najni\u017eji ceni na spletu. Pri nas je zagotovljeno, da je po\u0161iljanje po vsem svetu varno in varno. th-pvp\u00a0pregled<\/p>\n<p>Kje kupiti poceni TH-PVP kristal?<\/p>\n<p>Kristali naprodaj | Kupite TH-PVP Crystal na spletu | Kupite TH-PVP kristalni prah za prodajo | Kupi poceni TH-PVP kristalni prah | Kje kupiti TH-PVP Crystal prah na spletu | Pravi TH-PVP Crystal na spletu.<\/p>\n<\/p><\/div>\n","protected":false},"featured_media":5481,"comment_status":"open","ping_status":"closed","template":"","meta":[],"product_brand":[],"product_cat":[2014],"product_tag":[2779,2780,2781,2778,2786,2782,2783,2784,2785,2787,2788,2789,2790,2791,2792,2793,2794,2795,2796,2797,2798],"class_list":{"0":"post-5470","1":"product","2":"type-product","3":"status-publish","4":"has-post-thumbnail","6":"product_cat-nakup-raziskave-kemikalije","7":"product_tag-buy-th-pvp-rock-crystal-online","8":"product_tag-buy-th-pvp-rock-crystal-stimulants","9":"product_tag-buy-th-pvp-rock-crystal-usa","10":"product_tag-kupi-th-pvp-kamni-kristal","11":"product_tag-kupljen-th-pvp-kamni-kristal","12":"product_tag-mail-th-pvp-rock-crystal","13":"product_tag-order-th-pvp-rock-crystal","14":"product_tag-order-th-pvp-rock-crystal-eu","15":"product_tag-order-th-pvp-rock-crystal-online","16":"product_tag-th-pvp-rock-crystal","17":"product_tag-th-pvp-rock-crystal-australia","18":"product_tag-th-pvp-rock-crystal-for-sale","19":"product_tag-th-pvp-rock-crystal-for-sale-uk","20":"product_tag-th-pvp-rock-crystal-online","21":"product_tag-th-pvp-rock-crystal-reddit","22":"product_tag-th-pvp-rock-crystal-review","23":"product_tag-th-pvp-rock-crystal-stimulants","24":"product_tag-th-pvp-rock-crystal-stimulants-for-sale","25":"product_tag-th-pvp-rock-crystal-supplier","26":"product_tag-th-pvp-rock-crystal-vendor","27":"product_tag-where-to-buy-th-pvp-rock-crystal","29":"first","30":"instock","31":"shipping-taxable","32":"purchasable","33":"product-type-variable","34":"has-default-attributes"},"yoast_head":"<!-- This site is optimized with the Yoast SEO plugin v27.3 - https:\/\/yoast.com\/product\/yoast-seo-wordpress\/ -->\n<title>Kupite poceni TH-PVP Crystal na spletu - najbolj\u0161a globalna medicina<\/title>\n<meta name=\"description\" content=\"Kupite poceni TH-PVP kristal na spletu. Pravi TH-PVP Crystal na spletu \u2013 TH-PVP Crystal za prodajo | Kupite TH-PVP Crystal na spletu | Kupite TH-PVP kristalni prah za prodajo| Kupi poceni TH-PVP kristalni prah | Kje kupiti TH-PVP Crystal prah na spletu.\" \/>\n<meta name=\"robots\" content=\"index, follow, max-snippet:-1, max-image-preview:large, max-video-preview:-1\" \/>\n<link rel=\"canonical\" href=\"https:\/\/medicinasinc.com\/sl\/product\/kupi-th-pvp-kristal\/\" \/>\n<meta property=\"og:locale\" content=\"en_US\" \/>\n<meta property=\"og:type\" content=\"article\" \/>\n<meta property=\"og:title\" content=\"Kupite poceni TH-PVP Crystal na spletu - najbolj\u0161a globalna medicina\" \/>\n<meta property=\"og:description\" content=\"Kupite poceni TH-PVP kristal na spletu. Pravi TH-PVP Crystal na spletu \u2013 TH-PVP Crystal za prodajo | Kupite TH-PVP Crystal na spletu | Kupite TH-PVP kristalni prah za prodajo| Kupi poceni TH-PVP kristalni prah | Kje kupiti TH-PVP Crystal prah na spletu.\" \/>\n<meta property=\"og:url\" content=\"https:\/\/medicinasinc.com\/sl\/product\/kupi-th-pvp-kristal\/\" \/>\n<meta property=\"og:site_name\" content=\"Medicinas Inc\" \/>\n<meta property=\"article:modified_time\" content=\"2022-03-19T00:28:38+00:00\" \/>\n<meta property=\"og:image\" content=\"https:\/\/medicinasinc.com\/sl\/wp-content\/uploads\/sites\/7\/2022\/02\/buy-cheap-th-pvp-crystal-online.jpg\" \/>\n\t<meta property=\"og:image:width\" content=\"600\" \/>\n\t<meta property=\"og:image:height\" content=\"600\" \/>\n\t<meta property=\"og:image:type\" content=\"image\/jpeg\" \/>\n<meta name=\"twitter:card\" content=\"summary_large_image\" \/>\n<meta name=\"twitter:label1\" content=\"Est. reading time\" \/>\n\t<meta name=\"twitter:data1\" content=\"2 minutes\" \/>\n<script type=\"application\/ld+json\" class=\"yoast-schema-graph\">{\"@context\":\"https:\\\/\\\/schema.org\",\"@graph\":[{\"@type\":\"WebPage\",\"@id\":\"https:\\\/\\\/medicinasinc.com\\\/sl\\\/product\\\/kupi-th-pvp-kristal\\\/\",\"url\":\"https:\\\/\\\/medicinasinc.com\\\/sl\\\/product\\\/kupi-th-pvp-kristal\\\/\",\"name\":\"Kupite poceni TH-PVP Crystal na spletu - najbolj\u0161a globalna medicina\",\"isPartOf\":{\"@id\":\"https:\\\/\\\/medicinasinc.com\\\/sl\\\/#website\"},\"primaryImageOfPage\":{\"@id\":\"https:\\\/\\\/medicinasinc.com\\\/sl\\\/product\\\/kupi-th-pvp-kristal\\\/#primaryimage\"},\"image\":{\"@id\":\"https:\\\/\\\/medicinasinc.com\\\/sl\\\/product\\\/kupi-th-pvp-kristal\\\/#primaryimage\"},\"thumbnailUrl\":\"https:\\\/\\\/medicinasinc.com\\\/sl\\\/wp-content\\\/uploads\\\/sites\\\/7\\\/2022\\\/02\\\/buy-cheap-th-pvp-crystal-online.jpg\",\"datePublished\":\"2022-02-22T00:06:57+00:00\",\"dateModified\":\"2022-03-19T00:28:38+00:00\",\"description\":\"Kupite poceni TH-PVP kristal na spletu. Pravi TH-PVP Crystal na spletu \u2013 TH-PVP Crystal za prodajo | Kupite TH-PVP Crystal na spletu | Kupite TH-PVP kristalni prah za prodajo| Kupi poceni TH-PVP kristalni prah | Kje kupiti TH-PVP Crystal prah na spletu.\",\"breadcrumb\":{\"@id\":\"https:\\\/\\\/medicinasinc.com\\\/sl\\\/product\\\/kupi-th-pvp-kristal\\\/#breadcrumb\"},\"inLanguage\":\"en-US\",\"potentialAction\":[{\"@type\":\"ReadAction\",\"target\":[\"https:\\\/\\\/medicinasinc.com\\\/sl\\\/product\\\/kupi-th-pvp-kristal\\\/\"]}]},{\"@type\":\"ImageObject\",\"inLanguage\":\"en-US\",\"@id\":\"https:\\\/\\\/medicinasinc.com\\\/sl\\\/product\\\/kupi-th-pvp-kristal\\\/#primaryimage\",\"url\":\"https:\\\/\\\/medicinasinc.com\\\/sl\\\/wp-content\\\/uploads\\\/sites\\\/7\\\/2022\\\/02\\\/buy-cheap-th-pvp-crystal-online.jpg\",\"contentUrl\":\"https:\\\/\\\/medicinasinc.com\\\/sl\\\/wp-content\\\/uploads\\\/sites\\\/7\\\/2022\\\/02\\\/buy-cheap-th-pvp-crystal-online.jpg\",\"width\":600,\"height\":600},{\"@type\":\"BreadcrumbList\",\"@id\":\"https:\\\/\\\/medicinasinc.com\\\/sl\\\/product\\\/kupi-th-pvp-kristal\\\/#breadcrumb\",\"itemListElement\":[{\"@type\":\"ListItem\",\"position\":1,\"name\":\"Nakupujte\",\"item\":\"https:\\\/\\\/medicinasinc.com\\\/sl\\\/nakupujte\\\/\"},{\"@type\":\"ListItem\",\"position\":2,\"name\":\"Kupite TH-PVP Crystal\"}]},{\"@type\":\"WebSite\",\"@id\":\"https:\\\/\\\/medicinasinc.com\\\/sl\\\/#website\",\"url\":\"https:\\\/\\\/medicinasinc.com\\\/sl\\\/\",\"name\":\"Medicinas Inc\",\"description\":\"Health Medical Clinic\",\"potentialAction\":[{\"@type\":\"SearchAction\",\"target\":{\"@type\":\"EntryPoint\",\"urlTemplate\":\"https:\\\/\\\/medicinasinc.com\\\/sl\\\/?s={search_term_string}\"},\"query-input\":{\"@type\":\"PropertyValueSpecification\",\"valueRequired\":true,\"valueName\":\"search_term_string\"}}],\"inLanguage\":\"en-US\"}]}<\/script>\n<!-- \/ Yoast SEO plugin. -->","yoast_head_json":{"title":"Kupite poceni TH-PVP Crystal na spletu - najbolj\u0161a globalna medicina","description":"Kupite poceni TH-PVP kristal na spletu. Pravi TH-PVP Crystal na spletu \u2013 TH-PVP Crystal za prodajo | Kupite TH-PVP Crystal na spletu | Kupite TH-PVP kristalni prah za prodajo| Kupi poceni TH-PVP kristalni prah | Kje kupiti TH-PVP Crystal prah na spletu.","robots":{"index":"index","follow":"follow","max-snippet":"max-snippet:-1","max-image-preview":"max-image-preview:large","max-video-preview":"max-video-preview:-1"},"canonical":"https:\/\/medicinasinc.com\/sl\/product\/kupi-th-pvp-kristal\/","og_locale":"en_US","og_type":"article","og_title":"Kupite poceni TH-PVP Crystal na spletu - najbolj\u0161a globalna medicina","og_description":"Kupite poceni TH-PVP kristal na spletu. Pravi TH-PVP Crystal na spletu \u2013 TH-PVP Crystal za prodajo | Kupite TH-PVP Crystal na spletu | Kupite TH-PVP kristalni prah za prodajo| Kupi poceni TH-PVP kristalni prah | Kje kupiti TH-PVP Crystal prah na spletu.","og_url":"https:\/\/medicinasinc.com\/sl\/product\/kupi-th-pvp-kristal\/","og_site_name":"Medicinas Inc","article_modified_time":"2022-03-19T00:28:38+00:00","og_image":[{"width":600,"height":600,"url":"https:\/\/medicinasinc.com\/sl\/wp-content\/uploads\/sites\/7\/2022\/02\/buy-cheap-th-pvp-crystal-online.jpg","type":"image\/jpeg"}],"twitter_card":"summary_large_image","twitter_misc":{"Est. reading time":"2 minutes"},"schema":{"@context":"https:\/\/schema.org","@graph":[{"@type":"WebPage","@id":"https:\/\/medicinasinc.com\/sl\/product\/kupi-th-pvp-kristal\/","url":"https:\/\/medicinasinc.com\/sl\/product\/kupi-th-pvp-kristal\/","name":"Kupite poceni TH-PVP Crystal na spletu - najbolj\u0161a globalna medicina","isPartOf":{"@id":"https:\/\/medicinasinc.com\/sl\/#website"},"primaryImageOfPage":{"@id":"https:\/\/medicinasinc.com\/sl\/product\/kupi-th-pvp-kristal\/#primaryimage"},"image":{"@id":"https:\/\/medicinasinc.com\/sl\/product\/kupi-th-pvp-kristal\/#primaryimage"},"thumbnailUrl":"https:\/\/medicinasinc.com\/sl\/wp-content\/uploads\/sites\/7\/2022\/02\/buy-cheap-th-pvp-crystal-online.jpg","datePublished":"2022-02-22T00:06:57+00:00","dateModified":"2022-03-19T00:28:38+00:00","description":"Kupite poceni TH-PVP kristal na spletu. Pravi TH-PVP Crystal na spletu \u2013 TH-PVP Crystal za prodajo | Kupite TH-PVP Crystal na spletu | Kupite TH-PVP kristalni prah za prodajo| Kupi poceni TH-PVP kristalni prah | Kje kupiti TH-PVP Crystal prah na spletu.","breadcrumb":{"@id":"https:\/\/medicinasinc.com\/sl\/product\/kupi-th-pvp-kristal\/#breadcrumb"},"inLanguage":"en-US","potentialAction":[{"@type":"ReadAction","target":["https:\/\/medicinasinc.com\/sl\/product\/kupi-th-pvp-kristal\/"]}]},{"@type":"ImageObject","inLanguage":"en-US","@id":"https:\/\/medicinasinc.com\/sl\/product\/kupi-th-pvp-kristal\/#primaryimage","url":"https:\/\/medicinasinc.com\/sl\/wp-content\/uploads\/sites\/7\/2022\/02\/buy-cheap-th-pvp-crystal-online.jpg","contentUrl":"https:\/\/medicinasinc.com\/sl\/wp-content\/uploads\/sites\/7\/2022\/02\/buy-cheap-th-pvp-crystal-online.jpg","width":600,"height":600},{"@type":"BreadcrumbList","@id":"https:\/\/medicinasinc.com\/sl\/product\/kupi-th-pvp-kristal\/#breadcrumb","itemListElement":[{"@type":"ListItem","position":1,"name":"Nakupujte","item":"https:\/\/medicinasinc.com\/sl\/nakupujte\/"},{"@type":"ListItem","position":2,"name":"Kupite TH-PVP Crystal"}]},{"@type":"WebSite","@id":"https:\/\/medicinasinc.com\/sl\/#website","url":"https:\/\/medicinasinc.com\/sl\/","name":"Medicinas Inc","description":"Health Medical Clinic","potentialAction":[{"@type":"SearchAction","target":{"@type":"EntryPoint","urlTemplate":"https:\/\/medicinasinc.com\/sl\/?s={search_term_string}"},"query-input":{"@type":"PropertyValueSpecification","valueRequired":true,"valueName":"search_term_string"}}],"inLanguage":"en-US"}]}},"_links":{"self":[{"href":"https:\/\/medicinasinc.com\/sl\/wp-json\/wp\/v2\/product\/5470","targetHints":{"allow":["GET"]}}],"collection":[{"href":"https:\/\/medicinasinc.com\/sl\/wp-json\/wp\/v2\/product"}],"about":[{"href":"https:\/\/medicinasinc.com\/sl\/wp-json\/wp\/v2\/types\/product"}],"replies":[{"embeddable":true,"href":"https:\/\/medicinasinc.com\/sl\/wp-json\/wp\/v2\/comments?post=5470"}],"wp:featuredmedia":[{"embeddable":true,"href":"https:\/\/medicinasinc.com\/sl\/wp-json\/wp\/v2\/media\/5481"}],"wp:attachment":[{"href":"https:\/\/medicinasinc.com\/sl\/wp-json\/wp\/v2\/media?parent=5470"}],"wp:term":[{"taxonomy":"product_brand","embeddable":true,"href":"https:\/\/medicinasinc.com\/sl\/wp-json\/wp\/v2\/product_brand?post=5470"},{"taxonomy":"product_cat","embeddable":true,"href":"https:\/\/medicinasinc.com\/sl\/wp-json\/wp\/v2\/product_cat?post=5470"},{"taxonomy":"product_tag","embeddable":true,"href":"https:\/\/medicinasinc.com\/sl\/wp-json\/wp\/v2\/product_tag?post=5470"}],"curies":[{"name":"wp","href":"https:\/\/api.w.org\/{rel}","templated":true}]}}