{"id":5469,"date":"2022-02-22T00:05:12","date_gmt":"2022-02-22T00:05:12","guid":{"rendered":"https:\/\/medicinasinc.com\/sl\/?post_type=product&#038;p=5469"},"modified":"2022-03-19T00:28:50","modified_gmt":"2022-03-19T00:28:50","slug":"kupi-klonazolam-prasek","status":"publish","type":"product","link":"https:\/\/medicinasinc.com\/sl\/product\/kupi-klonazolam-prasek\/","title":{"rendered":"Kupite klonazolam v prahu"},"content":{"rendered":"<h1 style=\"font-weight: 600\"><b><strong>Kupite klonazolam v prahu\u00a0<\/strong><\/b><\/h1>\n<p style=\"font-weight: 400\">High Store vodilni evropski klonazolam Veleprodajni dobavitelj kemikalij<\/p>\n<h2 style=\"font-weight: 600\">CLONAZOLAM Powder EU dobavitelj, UK<\/h2>\n<ul style=\"font-weight: 400\">\n<li>Gledeno\u00a0 \u2013 sledenje Zavarovano ali normalno dostava<\/li>\n<li>Podatki o ban\u010dnem nakazilu ali pla\u010dilu z bitcoini ob odjavi .<\/li>\n<li>Dostava od ponedeljka do petka<\/li>\n<li><b><strong>Upo\u0161tevajte, da ste kriti samo za izgubo po 30 dneh 1 x brezpla\u010dna vnovi\u010dna po\u0161iljanja na slede\u010di zavarovani storitvi \u2013 \u017eal ni izjem!<\/strong><\/b><\/li>\n<\/ul>\n<h3 style=\"font-weight: 600\"><\/h3>\n<h3 style=\"font-weight: 600\"><b><strong>Klonazolam v prahu\u00a0<\/strong><\/b><\/h3>\n<ul style=\"font-weight: 400\">\n<li><b><a href=\"https:\/\/psychonautwiki.org\/wiki\/Sedation\">Sedacija<\/a><\/b>\u00a0\u2013 Klonazolam ima potencial za izjemno pomirjevalo in pogosto povzro\u010di izjemno letargi\u010dno stanje. Na vi\u0161jih ravneh to povzro\u010di, da se uporabniki nenadoma po\u010dutijo, kot da so zelo prikraj\u0161ani za spanje in da niso spali ve\u010d dni, zaradi \u010desar so prisiljeni sedeti in se na splo\u0161no po\u010dutijo, kot da so nenehno na robu omedlevanja, namesto da bi se ukvarjali s fizi\u010dnimi dejavnostmi. Ta ob\u010dutek pomanjkanja spanja se pove\u010duje sorazmerno z odmerkom in s\u010dasoma postane dovolj mo\u010dan, da \u010dloveka prisili v popolno nezavest.<\/li>\n<li><b><a href=\"https:\/\/psychonautwiki.org\/wiki\/Muscle_relaxation\"> Sprostitev mi\u0161ic<\/a><\/b>\u00a0\u2013 Ta u\u010dinek je \u0161e posebej mo\u010dan v primerjavi z drugimi benzodiazepini, kot je\u00a0<a href=\"https:\/\/psychonautwiki.org\/wiki\/Alprazolam\">alprazolam<\/a>.<\/li>\n<li><b><a href=\"https:\/\/psychonautwiki.org\/wiki\/Motor_control_loss\">Izguba nadzora nad motorjem<\/a><\/b><\/li>\n<li><b><a href=\"https:\/\/psychonautwiki.org\/wiki\/Dizziness\">Vrtica<\/a><\/b><\/li>\n<li><b><a href=\"https:\/\/psychonautwiki.org\/wiki\/Increased_libido\">Pove\u010dan libido<\/a><\/b><\/li>\n<li><b><a href=\"https:\/\/psychonautwiki.org\/wiki\/Respiratory_depression\">Depresija dihanja<\/a><\/b><\/li>\n<\/ul>\n<p style=\"font-weight: 400\"><b><strong>Klonazolam\u00a0<\/strong><\/b>je v razredu benzodiazepinov. Benzodiazepini vsebujejo benzenski obro\u010d, kondenziran na diazepinski obro\u010d, ki je sedem\u010dlenski obro\u010d, ki ima dve du\u0161ikovi sestavini, ki se nahajata na R1 in R4. Benzilni obro\u010d klonazolama je pri R8 substituiran z nitro skupino NO2-. Diazepinski obro\u010d je prav tako vezan na R6, na 2-klorirani fenilni obro\u010d.<\/p>\n<p style=\"font-weight: 400\"><a href=\"https:\/\/www.bestglobalmeds.com\/product\/ Research-chemicals\/buy-clonazolam-powder\/\">Klonazolam<\/a> vsebuje 1-metiliran triazolni obro\u010d, spojen na diazepinski obro\u010d in vklju\u010duje R1 in R2. Klonazolam spada v razred benzodiazepinov, ki vsebujejo ta kondenzirani triazolni obro\u010d, imenovan triazolobenzodiazepini, ki se razlikujejo po kon\u010dnici -zolam. Drugi nitrobenzodiazepini vklju\u010dujejo klonazepam in flunitrazepam.<\/p>\n<p style=\"font-weight: 400\">6-(2-klorofenil)-1-metil-8-nitro-4H-s-triazolo-(4,3- a)-(1,4)-benzodiazepin<\/p>\n<p>Ta izdelek se prodaja samo za raziskovalne namene in se ne uporablja za nobene druge namene, vklju\u010dno, vendar ne omejeno na, in vivo diagnosti\u010dne namene, v \u017eivilih, v zdravilih, v medicinskih pripomo\u010dkih in\/ali kozmetiki za ljudi in\/ali \u017eivali.<\/p>\n<p style=\"font-weight: 400\">Pred naro\u010dilom se prepri\u010dajte, da ste ustrezno opremljeni za raziskovalne kemikalije in da je va\u0161e delovno obmo\u010dje dobro prezra\u010deno.<\/p>\n<p style=\"font-weight: 400\">\u010ce \u017eelite naro\u010diti ta izdelek, morate biti stari 18 let ali ve\u010d.<\/p>\n","protected":false},"excerpt":{"rendered":"<div class=\"woocommerce-product-details__short-description\">\n<p>Kupite \u010disti visokokakovostni klonazolam v prahu v Evropi, Zdru\u017eenem kraljestvu, EU prek spleta z Bitcoin &#8211; Kupujte zakonite droge na spletu, kupujte kemikalije za klonazolam, kupujte surove farmacevtske pra\u0161ke.<\/p>\n<p>Z Bitcoinom lahko na spletu kupite \u010dist, visokokakovosten klonazolam v prahu. Po vsem spletu lahko kupite zakonita zdravila, raziskovalne kemikalije in farmacevtske surove pra\u0161ke.<\/p>\n<p>Kupite klonazolam, da zmanj\u0161ate anksioznost in napade panike. Pozitivno vpliva na va\u0161e du\u0161evno po\u010dutje.<\/p>\n<p>Kje lahko dobim klonazolam v ZDA? Prodajalec klonazolama, hitra dostava, odli\u010dna kakovost in mo\u017enost, da se enostavno izognete carini<\/p>\n<p>Klonazolam v prahu kupite na internetu. Klonazolam je strukturno identi\u010den klonazepamu, z izjemo 1,2,4-triazolnega obro\u010da, kondenziranega na benzenski obro\u010d. Za kaj se zdravilo Clonazolam uporablja in kako pomaga ljudem? Medtem je klonazolam na voljo izklju\u010dno za raziskovalne namene in ne za prehrano ljudi.<\/p>\n<\/p><\/div>\n","protected":false},"featured_media":5479,"comment_status":"open","ping_status":"closed","template":"","meta":[],"product_brand":[],"product_cat":[2014],"product_tag":[2748,2750,2751,2752,2753,2773,2755,2756,2757,2762,2763,2764,2765,2768,2769,2771,2759,2770,2774,2758,2760,2761,2766,2767,2754,2749,2772,2775,2776,2777],"class_list":{"0":"post-5469","1":"product","2":"type-product","3":"status-publish","4":"has-post-thumbnail","6":"product_cat-nakup-raziskave-kemikalije","7":"product_tag-buy-cheap-clonazolam-powder-online","8":"product_tag-buy-clonazolam","9":"product_tag-buy-clonazolam-online","10":"product_tag-buy-clonazolam-powder","11":"product_tag-buy-clonazolam-powder-online","12":"product_tag-isti-klonazolam-v-prahu","13":"product_tag-clonazolam","14":"product_tag-clonazolam-buy","15":"product_tag-clonazolam-for-sale","16":"product_tag-clonazolam-powder-online","17":"product_tag-clonazolam-powder-price","18":"product_tag-clonazolam-price","19":"product_tag-clonazolam-research","20":"product_tag-eclonazolam-powder-for-sale","21":"product_tag-how-to-consume-clonazolam-powder","22":"product_tag-how-to-order-clonazolam-powder-online","23":"product_tag-klonazolam-praek-izobraevanje","24":"product_tag-kako-pridobiti-isti-klonazolam-praek-na-spletu","25":"product_tag-kakovost-klonazolam-praek","26":"product_tag-klonazolam-v-prahu","27":"product_tag-klonazolam-prah-eu","28":"product_tag-klonazolam-v-prahu-v-kanadi","29":"product_tag-klonitrazolam-praek-najbolja-cena-online","30":"product_tag-kristalinini-klonazolam-v-prahu","31":"product_tag-kupi-isti-klonazolam-praek-na-spletu","32":"product_tag-buy-clon-clam-powder","33":"product_tag-order-c-lam-trott-2019-powder","34":"product_tag-where-to-buy-clonazolam-powder","35":"product_tag-where-to-buy-clonazolam-powder-online","36":"product_tag-where-to-purchase-clonitrazolam-powder-online","38":"first","39":"instock","40":"shipping-taxable","41":"purchasable","42":"product-type-variable","43":"has-default-attributes"},"yoast_head":"<!-- This site is optimized with the Yoast SEO plugin v27.3 - https:\/\/yoast.com\/product\/yoast-seo-wordpress\/ -->\n<title>Kupite klonazolam v prahu - klonazolam v prahu - najbolj\u0161a najbolj\u0161a zdravila na svetu<\/title>\n<meta name=\"description\" content=\"Kupite \u010disti visokokakovostni klonazolam v prahu v Evropi, Zdru\u017eenem kraljestvu, EU na spletu z Bitcoinom \u2013 kupujte legalne droge na spletu, kupujte kemikalije za klonazolam, kupujte surove farmacevtske pra\u0161ke.\" \/>\n<meta name=\"robots\" content=\"index, follow, max-snippet:-1, max-image-preview:large, max-video-preview:-1\" \/>\n<link rel=\"canonical\" href=\"https:\/\/medicinasinc.com\/sl\/product\/kupi-klonazolam-prasek\/\" \/>\n<meta property=\"og:locale\" content=\"en_US\" \/>\n<meta property=\"og:type\" content=\"article\" \/>\n<meta property=\"og:title\" content=\"Kupite klonazolam v prahu - klonazolam v prahu - najbolj\u0161a najbolj\u0161a zdravila na svetu\" \/>\n<meta property=\"og:description\" content=\"Kupite \u010disti visokokakovostni klonazolam v prahu v Evropi, Zdru\u017eenem kraljestvu, EU na spletu z Bitcoinom \u2013 kupujte legalne droge na spletu, kupujte kemikalije za klonazolam, kupujte surove farmacevtske pra\u0161ke.\" \/>\n<meta property=\"og:url\" content=\"https:\/\/medicinasinc.com\/sl\/product\/kupi-klonazolam-prasek\/\" \/>\n<meta property=\"og:site_name\" content=\"Medicinas Inc\" \/>\n<meta property=\"article:modified_time\" content=\"2022-03-19T00:28:50+00:00\" \/>\n<meta property=\"og:image\" content=\"https:\/\/medicinasinc.com\/sl\/wp-content\/uploads\/sites\/7\/2022\/02\/Buy-Clonazolam-Powder.jpeg\" \/>\n\t<meta property=\"og:image:width\" content=\"566\" \/>\n\t<meta property=\"og:image:height\" content=\"600\" \/>\n\t<meta property=\"og:image:type\" content=\"image\/jpeg\" \/>\n<meta name=\"twitter:card\" content=\"summary_large_image\" \/>\n<meta name=\"twitter:label1\" content=\"Est. reading time\" \/>\n\t<meta name=\"twitter:data1\" content=\"2 minutes\" \/>\n<script type=\"application\/ld+json\" class=\"yoast-schema-graph\">{\"@context\":\"https:\\\/\\\/schema.org\",\"@graph\":[{\"@type\":\"WebPage\",\"@id\":\"https:\\\/\\\/medicinasinc.com\\\/sl\\\/product\\\/kupi-klonazolam-prasek\\\/\",\"url\":\"https:\\\/\\\/medicinasinc.com\\\/sl\\\/product\\\/kupi-klonazolam-prasek\\\/\",\"name\":\"Kupite klonazolam v prahu - klonazolam v prahu - najbolj\u0161a najbolj\u0161a zdravila na svetu\",\"isPartOf\":{\"@id\":\"https:\\\/\\\/medicinasinc.com\\\/sl\\\/#website\"},\"primaryImageOfPage\":{\"@id\":\"https:\\\/\\\/medicinasinc.com\\\/sl\\\/product\\\/kupi-klonazolam-prasek\\\/#primaryimage\"},\"image\":{\"@id\":\"https:\\\/\\\/medicinasinc.com\\\/sl\\\/product\\\/kupi-klonazolam-prasek\\\/#primaryimage\"},\"thumbnailUrl\":\"https:\\\/\\\/medicinasinc.com\\\/sl\\\/wp-content\\\/uploads\\\/sites\\\/7\\\/2022\\\/02\\\/Buy-Clonazolam-Powder.jpeg\",\"datePublished\":\"2022-02-22T00:05:12+00:00\",\"dateModified\":\"2022-03-19T00:28:50+00:00\",\"description\":\"Kupite \u010disti visokokakovostni klonazolam v prahu v Evropi, Zdru\u017eenem kraljestvu, EU na spletu z Bitcoinom \u2013 kupujte legalne droge na spletu, kupujte kemikalije za klonazolam, kupujte surove farmacevtske pra\u0161ke.\",\"breadcrumb\":{\"@id\":\"https:\\\/\\\/medicinasinc.com\\\/sl\\\/product\\\/kupi-klonazolam-prasek\\\/#breadcrumb\"},\"inLanguage\":\"en-US\",\"potentialAction\":[{\"@type\":\"ReadAction\",\"target\":[\"https:\\\/\\\/medicinasinc.com\\\/sl\\\/product\\\/kupi-klonazolam-prasek\\\/\"]}]},{\"@type\":\"ImageObject\",\"inLanguage\":\"en-US\",\"@id\":\"https:\\\/\\\/medicinasinc.com\\\/sl\\\/product\\\/kupi-klonazolam-prasek\\\/#primaryimage\",\"url\":\"https:\\\/\\\/medicinasinc.com\\\/sl\\\/wp-content\\\/uploads\\\/sites\\\/7\\\/2022\\\/02\\\/Buy-Clonazolam-Powder.jpeg\",\"contentUrl\":\"https:\\\/\\\/medicinasinc.com\\\/sl\\\/wp-content\\\/uploads\\\/sites\\\/7\\\/2022\\\/02\\\/Buy-Clonazolam-Powder.jpeg\",\"width\":566,\"height\":600},{\"@type\":\"BreadcrumbList\",\"@id\":\"https:\\\/\\\/medicinasinc.com\\\/sl\\\/product\\\/kupi-klonazolam-prasek\\\/#breadcrumb\",\"itemListElement\":[{\"@type\":\"ListItem\",\"position\":1,\"name\":\"Nakupujte\",\"item\":\"https:\\\/\\\/medicinasinc.com\\\/sl\\\/nakupujte\\\/\"},{\"@type\":\"ListItem\",\"position\":2,\"name\":\"Kupite klonazolam v prahu\"}]},{\"@type\":\"WebSite\",\"@id\":\"https:\\\/\\\/medicinasinc.com\\\/sl\\\/#website\",\"url\":\"https:\\\/\\\/medicinasinc.com\\\/sl\\\/\",\"name\":\"Medicinas Inc\",\"description\":\"Health Medical Clinic\",\"potentialAction\":[{\"@type\":\"SearchAction\",\"target\":{\"@type\":\"EntryPoint\",\"urlTemplate\":\"https:\\\/\\\/medicinasinc.com\\\/sl\\\/?s={search_term_string}\"},\"query-input\":{\"@type\":\"PropertyValueSpecification\",\"valueRequired\":true,\"valueName\":\"search_term_string\"}}],\"inLanguage\":\"en-US\"}]}<\/script>\n<!-- \/ Yoast SEO plugin. -->","yoast_head_json":{"title":"Kupite klonazolam v prahu - klonazolam v prahu - najbolj\u0161a najbolj\u0161a zdravila na svetu","description":"Kupite \u010disti visokokakovostni klonazolam v prahu v Evropi, Zdru\u017eenem kraljestvu, EU na spletu z Bitcoinom \u2013 kupujte legalne droge na spletu, kupujte kemikalije za klonazolam, kupujte surove farmacevtske pra\u0161ke.","robots":{"index":"index","follow":"follow","max-snippet":"max-snippet:-1","max-image-preview":"max-image-preview:large","max-video-preview":"max-video-preview:-1"},"canonical":"https:\/\/medicinasinc.com\/sl\/product\/kupi-klonazolam-prasek\/","og_locale":"en_US","og_type":"article","og_title":"Kupite klonazolam v prahu - klonazolam v prahu - najbolj\u0161a najbolj\u0161a zdravila na svetu","og_description":"Kupite \u010disti visokokakovostni klonazolam v prahu v Evropi, Zdru\u017eenem kraljestvu, EU na spletu z Bitcoinom \u2013 kupujte legalne droge na spletu, kupujte kemikalije za klonazolam, kupujte surove farmacevtske pra\u0161ke.","og_url":"https:\/\/medicinasinc.com\/sl\/product\/kupi-klonazolam-prasek\/","og_site_name":"Medicinas Inc","article_modified_time":"2022-03-19T00:28:50+00:00","og_image":[{"width":566,"height":600,"url":"https:\/\/medicinasinc.com\/sl\/wp-content\/uploads\/sites\/7\/2022\/02\/Buy-Clonazolam-Powder.jpeg","type":"image\/jpeg"}],"twitter_card":"summary_large_image","twitter_misc":{"Est. reading time":"2 minutes"},"schema":{"@context":"https:\/\/schema.org","@graph":[{"@type":"WebPage","@id":"https:\/\/medicinasinc.com\/sl\/product\/kupi-klonazolam-prasek\/","url":"https:\/\/medicinasinc.com\/sl\/product\/kupi-klonazolam-prasek\/","name":"Kupite klonazolam v prahu - klonazolam v prahu - najbolj\u0161a najbolj\u0161a zdravila na svetu","isPartOf":{"@id":"https:\/\/medicinasinc.com\/sl\/#website"},"primaryImageOfPage":{"@id":"https:\/\/medicinasinc.com\/sl\/product\/kupi-klonazolam-prasek\/#primaryimage"},"image":{"@id":"https:\/\/medicinasinc.com\/sl\/product\/kupi-klonazolam-prasek\/#primaryimage"},"thumbnailUrl":"https:\/\/medicinasinc.com\/sl\/wp-content\/uploads\/sites\/7\/2022\/02\/Buy-Clonazolam-Powder.jpeg","datePublished":"2022-02-22T00:05:12+00:00","dateModified":"2022-03-19T00:28:50+00:00","description":"Kupite \u010disti visokokakovostni klonazolam v prahu v Evropi, Zdru\u017eenem kraljestvu, EU na spletu z Bitcoinom \u2013 kupujte legalne droge na spletu, kupujte kemikalije za klonazolam, kupujte surove farmacevtske pra\u0161ke.","breadcrumb":{"@id":"https:\/\/medicinasinc.com\/sl\/product\/kupi-klonazolam-prasek\/#breadcrumb"},"inLanguage":"en-US","potentialAction":[{"@type":"ReadAction","target":["https:\/\/medicinasinc.com\/sl\/product\/kupi-klonazolam-prasek\/"]}]},{"@type":"ImageObject","inLanguage":"en-US","@id":"https:\/\/medicinasinc.com\/sl\/product\/kupi-klonazolam-prasek\/#primaryimage","url":"https:\/\/medicinasinc.com\/sl\/wp-content\/uploads\/sites\/7\/2022\/02\/Buy-Clonazolam-Powder.jpeg","contentUrl":"https:\/\/medicinasinc.com\/sl\/wp-content\/uploads\/sites\/7\/2022\/02\/Buy-Clonazolam-Powder.jpeg","width":566,"height":600},{"@type":"BreadcrumbList","@id":"https:\/\/medicinasinc.com\/sl\/product\/kupi-klonazolam-prasek\/#breadcrumb","itemListElement":[{"@type":"ListItem","position":1,"name":"Nakupujte","item":"https:\/\/medicinasinc.com\/sl\/nakupujte\/"},{"@type":"ListItem","position":2,"name":"Kupite klonazolam v prahu"}]},{"@type":"WebSite","@id":"https:\/\/medicinasinc.com\/sl\/#website","url":"https:\/\/medicinasinc.com\/sl\/","name":"Medicinas Inc","description":"Health Medical Clinic","potentialAction":[{"@type":"SearchAction","target":{"@type":"EntryPoint","urlTemplate":"https:\/\/medicinasinc.com\/sl\/?s={search_term_string}"},"query-input":{"@type":"PropertyValueSpecification","valueRequired":true,"valueName":"search_term_string"}}],"inLanguage":"en-US"}]}},"_links":{"self":[{"href":"https:\/\/medicinasinc.com\/sl\/wp-json\/wp\/v2\/product\/5469","targetHints":{"allow":["GET"]}}],"collection":[{"href":"https:\/\/medicinasinc.com\/sl\/wp-json\/wp\/v2\/product"}],"about":[{"href":"https:\/\/medicinasinc.com\/sl\/wp-json\/wp\/v2\/types\/product"}],"replies":[{"embeddable":true,"href":"https:\/\/medicinasinc.com\/sl\/wp-json\/wp\/v2\/comments?post=5469"}],"wp:featuredmedia":[{"embeddable":true,"href":"https:\/\/medicinasinc.com\/sl\/wp-json\/wp\/v2\/media\/5479"}],"wp:attachment":[{"href":"https:\/\/medicinasinc.com\/sl\/wp-json\/wp\/v2\/media?parent=5469"}],"wp:term":[{"taxonomy":"product_brand","embeddable":true,"href":"https:\/\/medicinasinc.com\/sl\/wp-json\/wp\/v2\/product_brand?post=5469"},{"taxonomy":"product_cat","embeddable":true,"href":"https:\/\/medicinasinc.com\/sl\/wp-json\/wp\/v2\/product_cat?post=5469"},{"taxonomy":"product_tag","embeddable":true,"href":"https:\/\/medicinasinc.com\/sl\/wp-json\/wp\/v2\/product_tag?post=5469"}],"curies":[{"name":"wp","href":"https:\/\/api.w.org\/{rel}","templated":true}]}}