{"id":5468,"date":"2022-02-22T00:04:03","date_gmt":"2022-02-22T00:04:03","guid":{"rendered":"https:\/\/medicinasinc.com\/sl\/?post_type=product&#038;p=5468"},"modified":"2022-03-19T00:28:59","modified_gmt":"2022-03-19T00:28:59","slug":"kupi-4-cl-pvp-kristale","status":"publish","type":"product","link":"https:\/\/medicinasinc.com\/sl\/product\/kupi-4-cl-pvp-kristale\/","title":{"rendered":"Kupite 4-CL-PVP kristale"},"content":{"rendered":"<p>Kaj pravzaprav je 4-CL-PVP?<\/p>\n<p>Kristalni ekvivalent a-PVP je 4-CL-PVP. Je klasi\u010den po\u017eivilo. Raziskovalne raziskave 4-CL-PVP pogosto dajejo ugotovitve zgovornosti, pove\u010dane budnosti, pove\u010dane energije in drugih stimulativnih u\u010dinkov. PVP s 4-CL u\u010dinki pogosto trajajo manj kot tri ure. Poleg tega so poro\u010dali, da snov povzro\u010da blage do hude evfori\u010dne u\u010dinke. Raziskovalci, ki i\u0161\u010dejo nadomestek za a-PVP, bodo ugotovili, da je 4-CL-PVP sprejemljiv nadomestek. 4-CL-PVP je zaviralec ponovnega privzema noradrenalina in dopamina. To dejstvo pomembno prispeva k stimulativnim lastnostim te kemikalije.<\/p>\n<p>Kje lahko kupim 4-CL-PVP?<\/p>\n<p>Chemical Planet prodaja izjemno visokokakovosten 4-CL-PVP. Obi\u010dajno je na\u0161 4-CL-PVP dobavljen v kristalni obliki. \u010ce ne vidite obrazca, ki ga i\u0161\u010dete, nas kontaktirajte, da ugotovite, kdaj bo spet na voljo.<\/p>\n<p>\u010ce \u017eelite kupiti 4-Cl-PVP pri Chemical Planet, morate biti na star najmanj 18 let in je v celoti skladen z vsemi lokalnimi kemijskimi zakoni za raziskave. Na\u0161e spojine so namenjene samo za raziskovalno uporabo in niso za prehrano ljudi ali \u017eivali.<\/p>\n<p>&nbsp;<\/p>\n<p>Zakonitost 4-CL-PVP<\/p>\n<p>Ve\u010dina dr\u017eave po vsem svetu so se vzdr\u017eale razglasitve 4-CL-PVP za prepovedano kemikalijo. To pomeni, da je na ve\u010dini lokacij nena\u010drtovano. \u010ce potrebujete dodatne informacije o pravnem statusu 4-CL-PVP, se obrnite na svoje zvezne organe.<\/p>\n<p>Vedno hranite na hladnem in suhem mestu, da zagotovite najdalj\u0161i mo\u017eni rok uporabnosti. Ta izdelek je namenjen izklju\u010dno za forenzi\u010dne in raziskovalne namene. Kot taka NI namenjena za prehrano ljudi ali kakr\u0161ne koli vrste poskusov in vivo na \u017eivalih ali katerem koli drugem \u017eivem bitju.<\/p>\n","protected":false},"excerpt":{"rendered":"<p>4-CL-PVP kristali za prodajo v Zdru\u017eenem kraljestvu, Evropi in Evropski uniji. Kupite kristale 4-CL-PVP na spletu po najbolj\u0161i ceni, z brezpla\u010dno dostavo po vsem svetu.<\/p>\n<p>Prodamo kristale 4-CL-PVP.<\/p>\n<p>Kupite kristale 4-CL-PVP na spletu po najbolj\u0161i ceni, z brezpla\u010dno dostavo po vsem svetu.<\/p>\n<p>Kupite 4-CL-PVP kristale po zni\u017eani ceni na spletu.<\/p>\n<p>4-CL-PVP Crystal je nov stimulans in nasprotnik. zelo priljubljenega a-PVP.<\/p>\n","protected":false},"featured_media":5477,"comment_status":"open","ping_status":"closed","template":"","meta":[],"product_brand":[],"product_cat":[2014],"product_tag":[2740,2741,2742,2743,2739,2746,2744,2745,2738,2747],"class_list":{"0":"post-5468","1":"product","2":"type-product","3":"status-publish","4":"has-post-thumbnail","6":"product_cat-nakup-raziskave-kemikalije","7":"product_tag-4-cl-pvp-evropa","8":"product_tag-4-cl-pvp-for-sale","9":"product_tag-4-cl-pvp-order","10":"product_tag-4-cl-pvp-reddit","11":"product_tag-4-cl-pvp-uinek","12":"product_tag-buy-4-cl-pvp-crystals-online","13":"product_tag-kupi-4-cl-pvp","14":"product_tag-buy-4-cl-pvp-crystal-online","15":"product_tag-4-cl-pvp-kristali-na-prodaj","16":"product_tag-where-to-buy-4-cl-pvp-crystals-online","18":"first","19":"instock","20":"shipping-taxable","21":"purchasable","22":"product-type-variable","23":"has-default-attributes"},"yoast_head":"<!-- This site is optimized with the Yoast SEO plugin v27.3 - https:\/\/yoast.com\/product\/yoast-seo-wordpress\/ -->\n<title>Kupite 4-CL-PVP kristale - 4-CL-PVP kristale - najbolj\u0161a zdravila v svetu<\/title>\n<meta name=\"description\" content=\"Kupite kristale 4-CL-PVP za prodajo v Zdru\u017eenem kraljestvu, Evropi, EU. Kupite kristale 4-CL-PVP\u00a0Splet, na voljo je brezpla\u010dna dostava vrhunske kakovosti po vsem svetu, najcenej\u0161a doslej, najbolj\u0161a cena za naro\u010dilo.\" \/>\n<meta name=\"robots\" content=\"index, follow, max-snippet:-1, max-image-preview:large, max-video-preview:-1\" \/>\n<link rel=\"canonical\" href=\"https:\/\/medicinasinc.com\/sl\/product\/kupi-4-cl-pvp-kristale\/\" \/>\n<meta property=\"og:locale\" content=\"en_US\" \/>\n<meta property=\"og:type\" content=\"article\" \/>\n<meta property=\"og:title\" content=\"Kupite 4-CL-PVP kristale - 4-CL-PVP kristale - najbolj\u0161a zdravila v svetu\" \/>\n<meta property=\"og:description\" content=\"Kupite kristale 4-CL-PVP za prodajo v Zdru\u017eenem kraljestvu, Evropi, EU. Kupite kristale 4-CL-PVP\u00a0Splet, na voljo je brezpla\u010dna dostava vrhunske kakovosti po vsem svetu, najcenej\u0161a doslej, najbolj\u0161a cena za naro\u010dilo.\" \/>\n<meta property=\"og:url\" content=\"https:\/\/medicinasinc.com\/sl\/product\/kupi-4-cl-pvp-kristale\/\" \/>\n<meta property=\"og:site_name\" content=\"Medicinas Inc\" \/>\n<meta property=\"article:modified_time\" content=\"2022-03-19T00:28:59+00:00\" \/>\n<meta property=\"og:image\" content=\"https:\/\/medicinasinc.com\/sl\/wp-content\/uploads\/sites\/7\/2022\/02\/Buy-4-CL-PVP-Crystals.jpg\" \/>\n\t<meta property=\"og:image:width\" content=\"275\" \/>\n\t<meta property=\"og:image:height\" content=\"183\" \/>\n\t<meta property=\"og:image:type\" content=\"image\/jpeg\" \/>\n<meta name=\"twitter:card\" content=\"summary_large_image\" \/>\n<meta name=\"twitter:label1\" content=\"Est. reading time\" \/>\n\t<meta name=\"twitter:data1\" content=\"2 minutes\" \/>\n<script type=\"application\/ld+json\" class=\"yoast-schema-graph\">{\"@context\":\"https:\\\/\\\/schema.org\",\"@graph\":[{\"@type\":\"WebPage\",\"@id\":\"https:\\\/\\\/medicinasinc.com\\\/sl\\\/product\\\/kupi-4-cl-pvp-kristale\\\/\",\"url\":\"https:\\\/\\\/medicinasinc.com\\\/sl\\\/product\\\/kupi-4-cl-pvp-kristale\\\/\",\"name\":\"Kupite 4-CL-PVP kristale - 4-CL-PVP kristale - najbolj\u0161a zdravila v svetu\",\"isPartOf\":{\"@id\":\"https:\\\/\\\/medicinasinc.com\\\/sl\\\/#website\"},\"primaryImageOfPage\":{\"@id\":\"https:\\\/\\\/medicinasinc.com\\\/sl\\\/product\\\/kupi-4-cl-pvp-kristale\\\/#primaryimage\"},\"image\":{\"@id\":\"https:\\\/\\\/medicinasinc.com\\\/sl\\\/product\\\/kupi-4-cl-pvp-kristale\\\/#primaryimage\"},\"thumbnailUrl\":\"https:\\\/\\\/medicinasinc.com\\\/sl\\\/wp-content\\\/uploads\\\/sites\\\/7\\\/2022\\\/02\\\/Buy-4-CL-PVP-Crystals.jpg\",\"datePublished\":\"2022-02-22T00:04:03+00:00\",\"dateModified\":\"2022-03-19T00:28:59+00:00\",\"description\":\"Kupite kristale 4-CL-PVP za prodajo v Zdru\u017eenem kraljestvu, Evropi, EU. Kupite kristale 4-CL-PVP\u00a0Splet, na voljo je brezpla\u010dna dostava vrhunske kakovosti po vsem svetu, najcenej\u0161a doslej, najbolj\u0161a cena za naro\u010dilo.\",\"breadcrumb\":{\"@id\":\"https:\\\/\\\/medicinasinc.com\\\/sl\\\/product\\\/kupi-4-cl-pvp-kristale\\\/#breadcrumb\"},\"inLanguage\":\"en-US\",\"potentialAction\":[{\"@type\":\"ReadAction\",\"target\":[\"https:\\\/\\\/medicinasinc.com\\\/sl\\\/product\\\/kupi-4-cl-pvp-kristale\\\/\"]}]},{\"@type\":\"ImageObject\",\"inLanguage\":\"en-US\",\"@id\":\"https:\\\/\\\/medicinasinc.com\\\/sl\\\/product\\\/kupi-4-cl-pvp-kristale\\\/#primaryimage\",\"url\":\"https:\\\/\\\/medicinasinc.com\\\/sl\\\/wp-content\\\/uploads\\\/sites\\\/7\\\/2022\\\/02\\\/Buy-4-CL-PVP-Crystals.jpg\",\"contentUrl\":\"https:\\\/\\\/medicinasinc.com\\\/sl\\\/wp-content\\\/uploads\\\/sites\\\/7\\\/2022\\\/02\\\/Buy-4-CL-PVP-Crystals.jpg\",\"width\":275,\"height\":183},{\"@type\":\"BreadcrumbList\",\"@id\":\"https:\\\/\\\/medicinasinc.com\\\/sl\\\/product\\\/kupi-4-cl-pvp-kristale\\\/#breadcrumb\",\"itemListElement\":[{\"@type\":\"ListItem\",\"position\":1,\"name\":\"Nakupujte\",\"item\":\"https:\\\/\\\/medicinasinc.com\\\/sl\\\/nakupujte\\\/\"},{\"@type\":\"ListItem\",\"position\":2,\"name\":\"Kupite 4-CL-PVP kristale\"}]},{\"@type\":\"WebSite\",\"@id\":\"https:\\\/\\\/medicinasinc.com\\\/sl\\\/#website\",\"url\":\"https:\\\/\\\/medicinasinc.com\\\/sl\\\/\",\"name\":\"Medicinas Inc\",\"description\":\"Health Medical Clinic\",\"potentialAction\":[{\"@type\":\"SearchAction\",\"target\":{\"@type\":\"EntryPoint\",\"urlTemplate\":\"https:\\\/\\\/medicinasinc.com\\\/sl\\\/?s={search_term_string}\"},\"query-input\":{\"@type\":\"PropertyValueSpecification\",\"valueRequired\":true,\"valueName\":\"search_term_string\"}}],\"inLanguage\":\"en-US\"}]}<\/script>\n<!-- \/ Yoast SEO plugin. -->","yoast_head_json":{"title":"Kupite 4-CL-PVP kristale - 4-CL-PVP kristale - najbolj\u0161a zdravila v svetu","description":"Kupite kristale 4-CL-PVP za prodajo v Zdru\u017eenem kraljestvu, Evropi, EU. Kupite kristale 4-CL-PVP\u00a0Splet, na voljo je brezpla\u010dna dostava vrhunske kakovosti po vsem svetu, najcenej\u0161a doslej, najbolj\u0161a cena za naro\u010dilo.","robots":{"index":"index","follow":"follow","max-snippet":"max-snippet:-1","max-image-preview":"max-image-preview:large","max-video-preview":"max-video-preview:-1"},"canonical":"https:\/\/medicinasinc.com\/sl\/product\/kupi-4-cl-pvp-kristale\/","og_locale":"en_US","og_type":"article","og_title":"Kupite 4-CL-PVP kristale - 4-CL-PVP kristale - najbolj\u0161a zdravila v svetu","og_description":"Kupite kristale 4-CL-PVP za prodajo v Zdru\u017eenem kraljestvu, Evropi, EU. Kupite kristale 4-CL-PVP\u00a0Splet, na voljo je brezpla\u010dna dostava vrhunske kakovosti po vsem svetu, najcenej\u0161a doslej, najbolj\u0161a cena za naro\u010dilo.","og_url":"https:\/\/medicinasinc.com\/sl\/product\/kupi-4-cl-pvp-kristale\/","og_site_name":"Medicinas Inc","article_modified_time":"2022-03-19T00:28:59+00:00","og_image":[{"width":275,"height":183,"url":"https:\/\/medicinasinc.com\/sl\/wp-content\/uploads\/sites\/7\/2022\/02\/Buy-4-CL-PVP-Crystals.jpg","type":"image\/jpeg"}],"twitter_card":"summary_large_image","twitter_misc":{"Est. reading time":"2 minutes"},"schema":{"@context":"https:\/\/schema.org","@graph":[{"@type":"WebPage","@id":"https:\/\/medicinasinc.com\/sl\/product\/kupi-4-cl-pvp-kristale\/","url":"https:\/\/medicinasinc.com\/sl\/product\/kupi-4-cl-pvp-kristale\/","name":"Kupite 4-CL-PVP kristale - 4-CL-PVP kristale - najbolj\u0161a zdravila v svetu","isPartOf":{"@id":"https:\/\/medicinasinc.com\/sl\/#website"},"primaryImageOfPage":{"@id":"https:\/\/medicinasinc.com\/sl\/product\/kupi-4-cl-pvp-kristale\/#primaryimage"},"image":{"@id":"https:\/\/medicinasinc.com\/sl\/product\/kupi-4-cl-pvp-kristale\/#primaryimage"},"thumbnailUrl":"https:\/\/medicinasinc.com\/sl\/wp-content\/uploads\/sites\/7\/2022\/02\/Buy-4-CL-PVP-Crystals.jpg","datePublished":"2022-02-22T00:04:03+00:00","dateModified":"2022-03-19T00:28:59+00:00","description":"Kupite kristale 4-CL-PVP za prodajo v Zdru\u017eenem kraljestvu, Evropi, EU. Kupite kristale 4-CL-PVP\u00a0Splet, na voljo je brezpla\u010dna dostava vrhunske kakovosti po vsem svetu, najcenej\u0161a doslej, najbolj\u0161a cena za naro\u010dilo.","breadcrumb":{"@id":"https:\/\/medicinasinc.com\/sl\/product\/kupi-4-cl-pvp-kristale\/#breadcrumb"},"inLanguage":"en-US","potentialAction":[{"@type":"ReadAction","target":["https:\/\/medicinasinc.com\/sl\/product\/kupi-4-cl-pvp-kristale\/"]}]},{"@type":"ImageObject","inLanguage":"en-US","@id":"https:\/\/medicinasinc.com\/sl\/product\/kupi-4-cl-pvp-kristale\/#primaryimage","url":"https:\/\/medicinasinc.com\/sl\/wp-content\/uploads\/sites\/7\/2022\/02\/Buy-4-CL-PVP-Crystals.jpg","contentUrl":"https:\/\/medicinasinc.com\/sl\/wp-content\/uploads\/sites\/7\/2022\/02\/Buy-4-CL-PVP-Crystals.jpg","width":275,"height":183},{"@type":"BreadcrumbList","@id":"https:\/\/medicinasinc.com\/sl\/product\/kupi-4-cl-pvp-kristale\/#breadcrumb","itemListElement":[{"@type":"ListItem","position":1,"name":"Nakupujte","item":"https:\/\/medicinasinc.com\/sl\/nakupujte\/"},{"@type":"ListItem","position":2,"name":"Kupite 4-CL-PVP kristale"}]},{"@type":"WebSite","@id":"https:\/\/medicinasinc.com\/sl\/#website","url":"https:\/\/medicinasinc.com\/sl\/","name":"Medicinas Inc","description":"Health Medical Clinic","potentialAction":[{"@type":"SearchAction","target":{"@type":"EntryPoint","urlTemplate":"https:\/\/medicinasinc.com\/sl\/?s={search_term_string}"},"query-input":{"@type":"PropertyValueSpecification","valueRequired":true,"valueName":"search_term_string"}}],"inLanguage":"en-US"}]}},"_links":{"self":[{"href":"https:\/\/medicinasinc.com\/sl\/wp-json\/wp\/v2\/product\/5468","targetHints":{"allow":["GET"]}}],"collection":[{"href":"https:\/\/medicinasinc.com\/sl\/wp-json\/wp\/v2\/product"}],"about":[{"href":"https:\/\/medicinasinc.com\/sl\/wp-json\/wp\/v2\/types\/product"}],"replies":[{"embeddable":true,"href":"https:\/\/medicinasinc.com\/sl\/wp-json\/wp\/v2\/comments?post=5468"}],"wp:featuredmedia":[{"embeddable":true,"href":"https:\/\/medicinasinc.com\/sl\/wp-json\/wp\/v2\/media\/5477"}],"wp:attachment":[{"href":"https:\/\/medicinasinc.com\/sl\/wp-json\/wp\/v2\/media?parent=5468"}],"wp:term":[{"taxonomy":"product_brand","embeddable":true,"href":"https:\/\/medicinasinc.com\/sl\/wp-json\/wp\/v2\/product_brand?post=5468"},{"taxonomy":"product_cat","embeddable":true,"href":"https:\/\/medicinasinc.com\/sl\/wp-json\/wp\/v2\/product_cat?post=5468"},{"taxonomy":"product_tag","embeddable":true,"href":"https:\/\/medicinasinc.com\/sl\/wp-json\/wp\/v2\/product_tag?post=5468"}],"curies":[{"name":"wp","href":"https:\/\/api.w.org\/{rel}","templated":true}]}}