{"id":5443,"date":"2022-02-21T23:37:16","date_gmt":"2022-02-21T23:37:16","guid":{"rendered":"https:\/\/medicinasinc.com\/sl\/?post_type=product&#038;p=5443"},"modified":"2022-03-19T00:29:08","modified_gmt":"2022-03-19T00:29:08","slug":"kupi-bufedron-prah","status":"publish","type":"product","link":"https:\/\/medicinasinc.com\/sl\/product\/kupi-bufedron-prah\/","title":{"rendered":"Kupite Bufedron v prahu"},"content":{"rendered":"<p>Kupite bufedronski prah<\/p>\n<p>Prebrskajte na\u0161 spletni katalog Bufedrona v prahu ali kristalih. Nudimo visoko kakovostne izdelke po razumnih cenah. Naro\u010dila z &#8220;vmesno vsoto&#8221; najmanj 10 g bodo prejela 25-odstotni popust.<\/p>\n<p>Kaj pravzaprav je bufedrone?<br \/> Ta dobro znana raziskovalna kemikalija je stimulant kemijskih razredov fenetilamina in katinona. Bufedron je beta-keton, ki je soroden naravnima spojinama katinonom in katinom. Znan je tudi kot -metilamino-butirofenon ali fenilacetoetil-metilamin.<\/p>\n<p>Bufedron v prahu\/Kupite bufedronski prah<\/p>\n<p>Bufedron v prahu<\/p>\n<p>Povezan je tudi z metamfetaminom, s substituentom -keton (pri beta ogljiku) in etilno skupino, ki nadome\u0161\u010da metilno skupino pri aminskem ogljiku alfa. Njegove u\u010dinke na preiskovance so primerjali z u\u010dinki metamfetamina, pri \u010demer so v \u0161tudijah opazili ve\u010d evforije in manj telesne stimulacije. Pove\u010da spro\u0161\u010danje dopamina iz dopaminergi\u010dnih \u017eiv\u010dnih kon\u010di\u010dev v mo\u017eganih.<\/p>\n<p>Bufedron v prahu<\/p>\n<p>Nadomestki katinona, kot je etkatinon, so psihoaktivne spojine, ki se obi\u010dajno uporabljajo kot rekreacijske droge.<\/p>\n<p>Nekateri od njih imajo u\u010dinke, podobne amfetaminu.<\/p>\n<p>3 Bufedron (hidroklorid) je substituiran katinon z etilno skupino na polo\u017eaju alfa in metilno skupino na N-koncu. To spojino so na\u0161li v izdelkih, povezanih s stimulansi. 2 Njegove biolo\u0161ke in toksikolo\u0161ke lastnosti je treba \u0161e dolo\u010diti. Ta izdelek je namenjen forenzi\u010dni uporabi.<\/p>\n","protected":false},"excerpt":{"rendered":"<div class=\"woocommerce-product-details__short-description\">\n<p><em>Kupite<\/em>\u00a0\u010disto visokokakovosten\u00a0<em>Buphedrone v prahu<\/em>\u00a0na spletu z Bitcoin &#8211; <em>Kupite<\/em>\u00a0legalne droge na spletu,\u00a0<em>kupujte<\/em>\u00a0raziskovalne kemikalije,\u00a0<em>kupujte<\/em>\u00a0surove farmacevtske\u00a0<em>pra\u0161ke<\/em>.<\/p>\n<p>Kupite. Bufedron v prahu v ZDA Nakup v razsutem stanju Bufedron, znan tudi kot MABP, je stimulans kemi\u010dnega razreda fenetilamina in katinona.<\/p>\n<p>Kupite bufedronski prah na spletu.<\/p>\n<p>Buphedron, znan tudi kot -metilamino. -butirofenon (MABP) je stimulans fenetilamina in katinona, ki je bil prvi\u010d sintetiziran leta 1928.<\/p>\n<\/p><\/div>\n","protected":false},"featured_media":5455,"comment_status":"open","ping_status":"closed","template":"","meta":[],"product_brand":[],"product_cat":[2014],"product_tag":[2726,2728,2731,2730,2733,2732,2729,2736,2734,2735,2727,2737],"class_list":{"0":"post-5443","1":"product","2":"type-product","3":"status-publish","4":"has-post-thumbnail","6":"product_cat-nakup-raziskave-kemikalije","7":"product_tag-bufedron-v-prahu","8":"product_tag-bufedron-powder-europe","9":"product_tag-bufedron-prah-italija","10":"product_tag-bufedron-prah-nemija","11":"product_tag-bufedron-prah-uk","12":"product_tag-bufedron-powder-reddit","13":"product_tag-buphedrone-powder-for-sale","14":"product_tag-kakovostni-bufedron-v-prahu","15":"product_tag-buy-buffedron-powder","16":"product_tag-order-buphedrone-powder","17":"product_tag-uinek-bufedrona-v-prahu","18":"product_tag-where-to-buy-buphedrone-powder","20":"first","21":"instock","22":"shipping-taxable","23":"purchasable","24":"product-type-variable"},"yoast_head":"<!-- This site is optimized with the Yoast SEO plugin v27.3 - https:\/\/yoast.com\/product\/yoast-seo-wordpress\/ -->\n<title>Kupite Buphedrone v prahu - Buphedrone v prahu - Best Global Meds<\/title>\n<meta name=\"description\" content=\"Kupite Bufedrone v prahu za prodajo v Zdru\u017eenem kraljestvu, EU, Evropi (\u03b1-metilamino-butirofenon ali MABP) kristal in prah z 99,9-odstotno \u010distostjo na spletu z zavarovanim .\" \/>\n<meta name=\"robots\" content=\"index, follow, max-snippet:-1, max-image-preview:large, max-video-preview:-1\" \/>\n<link rel=\"canonical\" href=\"https:\/\/medicinasinc.com\/sl\/product\/kupi-bufedron-prah\/\" \/>\n<meta property=\"og:locale\" content=\"en_US\" \/>\n<meta property=\"og:type\" content=\"article\" \/>\n<meta property=\"og:title\" content=\"Kupite Buphedrone v prahu - Buphedrone v prahu - Best Global Meds\" \/>\n<meta property=\"og:description\" content=\"Kupite Bufedrone v prahu za prodajo v Zdru\u017eenem kraljestvu, EU, Evropi (\u03b1-metilamino-butirofenon ali MABP) kristal in prah z 99,9-odstotno \u010distostjo na spletu z zavarovanim .\" \/>\n<meta property=\"og:url\" content=\"https:\/\/medicinasinc.com\/sl\/product\/kupi-bufedron-prah\/\" \/>\n<meta property=\"og:site_name\" content=\"Medicinas Inc\" \/>\n<meta property=\"article:modified_time\" content=\"2022-03-19T00:29:08+00:00\" \/>\n<meta property=\"og:image\" content=\"https:\/\/medicinasinc.com\/sl\/wp-content\/uploads\/sites\/7\/2022\/02\/Buy-Buphedrone-powder.png\" \/>\n\t<meta property=\"og:image:width\" content=\"600\" \/>\n\t<meta property=\"og:image:height\" content=\"400\" \/>\n\t<meta property=\"og:image:type\" content=\"image\/png\" \/>\n<meta name=\"twitter:card\" content=\"summary_large_image\" \/>\n<meta name=\"twitter:label1\" content=\"Est. reading time\" \/>\n\t<meta name=\"twitter:data1\" content=\"1 minute\" \/>\n<script type=\"application\/ld+json\" class=\"yoast-schema-graph\">{\"@context\":\"https:\\\/\\\/schema.org\",\"@graph\":[{\"@type\":\"WebPage\",\"@id\":\"https:\\\/\\\/medicinasinc.com\\\/sl\\\/product\\\/kupi-bufedron-prah\\\/\",\"url\":\"https:\\\/\\\/medicinasinc.com\\\/sl\\\/product\\\/kupi-bufedron-prah\\\/\",\"name\":\"Kupite Buphedrone v prahu - Buphedrone v prahu - Best Global Meds\",\"isPartOf\":{\"@id\":\"https:\\\/\\\/medicinasinc.com\\\/sl\\\/#website\"},\"primaryImageOfPage\":{\"@id\":\"https:\\\/\\\/medicinasinc.com\\\/sl\\\/product\\\/kupi-bufedron-prah\\\/#primaryimage\"},\"image\":{\"@id\":\"https:\\\/\\\/medicinasinc.com\\\/sl\\\/product\\\/kupi-bufedron-prah\\\/#primaryimage\"},\"thumbnailUrl\":\"https:\\\/\\\/medicinasinc.com\\\/sl\\\/wp-content\\\/uploads\\\/sites\\\/7\\\/2022\\\/02\\\/Buy-Buphedrone-powder.png\",\"datePublished\":\"2022-02-21T23:37:16+00:00\",\"dateModified\":\"2022-03-19T00:29:08+00:00\",\"description\":\"Kupite Bufedrone v prahu za prodajo v Zdru\u017eenem kraljestvu, EU, Evropi (\u03b1-metilamino-butirofenon ali MABP) kristal in prah z 99,9-odstotno \u010distostjo na spletu z zavarovanim .\",\"breadcrumb\":{\"@id\":\"https:\\\/\\\/medicinasinc.com\\\/sl\\\/product\\\/kupi-bufedron-prah\\\/#breadcrumb\"},\"inLanguage\":\"en-US\",\"potentialAction\":[{\"@type\":\"ReadAction\",\"target\":[\"https:\\\/\\\/medicinasinc.com\\\/sl\\\/product\\\/kupi-bufedron-prah\\\/\"]}]},{\"@type\":\"ImageObject\",\"inLanguage\":\"en-US\",\"@id\":\"https:\\\/\\\/medicinasinc.com\\\/sl\\\/product\\\/kupi-bufedron-prah\\\/#primaryimage\",\"url\":\"https:\\\/\\\/medicinasinc.com\\\/sl\\\/wp-content\\\/uploads\\\/sites\\\/7\\\/2022\\\/02\\\/Buy-Buphedrone-powder.png\",\"contentUrl\":\"https:\\\/\\\/medicinasinc.com\\\/sl\\\/wp-content\\\/uploads\\\/sites\\\/7\\\/2022\\\/02\\\/Buy-Buphedrone-powder.png\",\"width\":600,\"height\":400},{\"@type\":\"BreadcrumbList\",\"@id\":\"https:\\\/\\\/medicinasinc.com\\\/sl\\\/product\\\/kupi-bufedron-prah\\\/#breadcrumb\",\"itemListElement\":[{\"@type\":\"ListItem\",\"position\":1,\"name\":\"Nakupujte\",\"item\":\"https:\\\/\\\/medicinasinc.com\\\/sl\\\/nakupujte\\\/\"},{\"@type\":\"ListItem\",\"position\":2,\"name\":\"Kupite Bufedron v prahu\"}]},{\"@type\":\"WebSite\",\"@id\":\"https:\\\/\\\/medicinasinc.com\\\/sl\\\/#website\",\"url\":\"https:\\\/\\\/medicinasinc.com\\\/sl\\\/\",\"name\":\"Medicinas Inc\",\"description\":\"Health Medical Clinic\",\"potentialAction\":[{\"@type\":\"SearchAction\",\"target\":{\"@type\":\"EntryPoint\",\"urlTemplate\":\"https:\\\/\\\/medicinasinc.com\\\/sl\\\/?s={search_term_string}\"},\"query-input\":{\"@type\":\"PropertyValueSpecification\",\"valueRequired\":true,\"valueName\":\"search_term_string\"}}],\"inLanguage\":\"en-US\"}]}<\/script>\n<!-- \/ Yoast SEO plugin. -->","yoast_head_json":{"title":"Kupite Buphedrone v prahu - Buphedrone v prahu - Best Global Meds","description":"Kupite Bufedrone v prahu za prodajo v Zdru\u017eenem kraljestvu, EU, Evropi (\u03b1-metilamino-butirofenon ali MABP) kristal in prah z 99,9-odstotno \u010distostjo na spletu z zavarovanim .","robots":{"index":"index","follow":"follow","max-snippet":"max-snippet:-1","max-image-preview":"max-image-preview:large","max-video-preview":"max-video-preview:-1"},"canonical":"https:\/\/medicinasinc.com\/sl\/product\/kupi-bufedron-prah\/","og_locale":"en_US","og_type":"article","og_title":"Kupite Buphedrone v prahu - Buphedrone v prahu - Best Global Meds","og_description":"Kupite Bufedrone v prahu za prodajo v Zdru\u017eenem kraljestvu, EU, Evropi (\u03b1-metilamino-butirofenon ali MABP) kristal in prah z 99,9-odstotno \u010distostjo na spletu z zavarovanim .","og_url":"https:\/\/medicinasinc.com\/sl\/product\/kupi-bufedron-prah\/","og_site_name":"Medicinas Inc","article_modified_time":"2022-03-19T00:29:08+00:00","og_image":[{"width":600,"height":400,"url":"https:\/\/medicinasinc.com\/sl\/wp-content\/uploads\/sites\/7\/2022\/02\/Buy-Buphedrone-powder.png","type":"image\/png"}],"twitter_card":"summary_large_image","twitter_misc":{"Est. reading time":"1 minute"},"schema":{"@context":"https:\/\/schema.org","@graph":[{"@type":"WebPage","@id":"https:\/\/medicinasinc.com\/sl\/product\/kupi-bufedron-prah\/","url":"https:\/\/medicinasinc.com\/sl\/product\/kupi-bufedron-prah\/","name":"Kupite Buphedrone v prahu - Buphedrone v prahu - Best Global Meds","isPartOf":{"@id":"https:\/\/medicinasinc.com\/sl\/#website"},"primaryImageOfPage":{"@id":"https:\/\/medicinasinc.com\/sl\/product\/kupi-bufedron-prah\/#primaryimage"},"image":{"@id":"https:\/\/medicinasinc.com\/sl\/product\/kupi-bufedron-prah\/#primaryimage"},"thumbnailUrl":"https:\/\/medicinasinc.com\/sl\/wp-content\/uploads\/sites\/7\/2022\/02\/Buy-Buphedrone-powder.png","datePublished":"2022-02-21T23:37:16+00:00","dateModified":"2022-03-19T00:29:08+00:00","description":"Kupite Bufedrone v prahu za prodajo v Zdru\u017eenem kraljestvu, EU, Evropi (\u03b1-metilamino-butirofenon ali MABP) kristal in prah z 99,9-odstotno \u010distostjo na spletu z zavarovanim .","breadcrumb":{"@id":"https:\/\/medicinasinc.com\/sl\/product\/kupi-bufedron-prah\/#breadcrumb"},"inLanguage":"en-US","potentialAction":[{"@type":"ReadAction","target":["https:\/\/medicinasinc.com\/sl\/product\/kupi-bufedron-prah\/"]}]},{"@type":"ImageObject","inLanguage":"en-US","@id":"https:\/\/medicinasinc.com\/sl\/product\/kupi-bufedron-prah\/#primaryimage","url":"https:\/\/medicinasinc.com\/sl\/wp-content\/uploads\/sites\/7\/2022\/02\/Buy-Buphedrone-powder.png","contentUrl":"https:\/\/medicinasinc.com\/sl\/wp-content\/uploads\/sites\/7\/2022\/02\/Buy-Buphedrone-powder.png","width":600,"height":400},{"@type":"BreadcrumbList","@id":"https:\/\/medicinasinc.com\/sl\/product\/kupi-bufedron-prah\/#breadcrumb","itemListElement":[{"@type":"ListItem","position":1,"name":"Nakupujte","item":"https:\/\/medicinasinc.com\/sl\/nakupujte\/"},{"@type":"ListItem","position":2,"name":"Kupite Bufedron v prahu"}]},{"@type":"WebSite","@id":"https:\/\/medicinasinc.com\/sl\/#website","url":"https:\/\/medicinasinc.com\/sl\/","name":"Medicinas Inc","description":"Health Medical Clinic","potentialAction":[{"@type":"SearchAction","target":{"@type":"EntryPoint","urlTemplate":"https:\/\/medicinasinc.com\/sl\/?s={search_term_string}"},"query-input":{"@type":"PropertyValueSpecification","valueRequired":true,"valueName":"search_term_string"}}],"inLanguage":"en-US"}]}},"_links":{"self":[{"href":"https:\/\/medicinasinc.com\/sl\/wp-json\/wp\/v2\/product\/5443","targetHints":{"allow":["GET"]}}],"collection":[{"href":"https:\/\/medicinasinc.com\/sl\/wp-json\/wp\/v2\/product"}],"about":[{"href":"https:\/\/medicinasinc.com\/sl\/wp-json\/wp\/v2\/types\/product"}],"replies":[{"embeddable":true,"href":"https:\/\/medicinasinc.com\/sl\/wp-json\/wp\/v2\/comments?post=5443"}],"wp:featuredmedia":[{"embeddable":true,"href":"https:\/\/medicinasinc.com\/sl\/wp-json\/wp\/v2\/media\/5455"}],"wp:attachment":[{"href":"https:\/\/medicinasinc.com\/sl\/wp-json\/wp\/v2\/media?parent=5443"}],"wp:term":[{"taxonomy":"product_brand","embeddable":true,"href":"https:\/\/medicinasinc.com\/sl\/wp-json\/wp\/v2\/product_brand?post=5443"},{"taxonomy":"product_cat","embeddable":true,"href":"https:\/\/medicinasinc.com\/sl\/wp-json\/wp\/v2\/product_cat?post=5443"},{"taxonomy":"product_tag","embeddable":true,"href":"https:\/\/medicinasinc.com\/sl\/wp-json\/wp\/v2\/product_tag?post=5443"}],"curies":[{"name":"wp","href":"https:\/\/api.w.org\/{rel}","templated":true}]}}