{"id":5442,"date":"2022-02-21T23:35:16","date_gmt":"2022-02-21T23:35:16","guid":{"rendered":"https:\/\/medicinasinc.com\/sl\/?post_type=product&#038;p=5442"},"modified":"2022-03-19T00:29:17","modified_gmt":"2022-03-19T00:29:17","slug":"kupi-alprazolam-prasek","status":"publish","type":"product","link":"https:\/\/medicinasinc.com\/sl\/product\/kupi-alprazolam-prasek\/","title":{"rendered":"Kupite alprazolam v prahu"},"content":{"rendered":"<p>Prodaja alprazolama<\/p>\n<p>Alprazolam je mo\u010dan benzodiazepin s kratko razpolovno dobo, ki spro\u0161\u010da centralni \u017eiv\u010dni sistem. To zdravilo se ve\u010dinoma uporablja za zdravljenje anksioznih in pani\u010dnih motenj. Pove\u010dana starostna populacija, ki je ranljiva za depresijo, pa tudi raz\u0161irjenost anksioznih motenj, kot sta fobija in generalizirana anksioznost, povzro\u010data povpra\u0161evanje po alprazolamskem prahu. Poleg tega rast industrije spodbuja hiter in stresen \u017eivljenjski slog, ki vodi v depresijo. Poleg tega je v napovedanem obdobju na\u010drtovano raziskovalno in razvojno delo na Alprazolamu za raziskovanje novih prilo\u017enosti. Strogi vladni predpisi in neugodni u\u010dinki drog, kot je odvisnost od drog, na drugi strani zavirajo rast. ALPRAZOLAM je mogo\u010de kupiti na spletu, kot tudi ALPRAZOLAM za prodajo.<\/p>\n<p>Uporaba<\/p>\n<p>Alprazolam se uporablja za zdravljenje anksioznosti in pani\u010dnih motenj (nenadne, nepredvidljive epizode intenzivnega strahu in zaskrbljenosti zaradi teh epizod ). Alprazolam spada v skupino benzodiazepinov. To zmanj\u0161a prekomerno vzburjenje v mo\u017eganih. Alprazolam se uporablja tudi za zdravljenje depresije, tesnobe v javnosti in predmenstrualnega sindroma. Uporablja se lahko v bole\u010dih situacijah. Pogovorite se s svojim zdravnikom o mo\u017enih tveganjih za va\u0161e stanje, \u010de uporabljate to zdravilo.<\/p>\n<p>Odmerjanje<\/p>\n<p>Alprazolam je na voljo v obliki tablet, tablet s podalj\u0161anim spro\u0161\u010danjem in peroralno razpadajo\u010dih tablet (tableta, ki hitro se raztopi v ustih). Tableto, oralno razpadljivo tableto in koncentrirane raztopine se obi\u010dajno vzame dva do \u0161tirikrat na dan. Oddaljeno tableto obi\u010dajno vzamete enkrat na dan, zjutraj. Bodite pozorni na opombe v tabeli receptov in prosite svojega farmacevta ali zdravnika, naj pojasni vse, kar ne razumete. Vzemite alprazolam natan\u010dno po navodilih. Za jemanje koncentrirane teko\u010dine uporabljajte samo kapalko, ki je prilo\u017eena receptu. Napolnite kapalko z zahtevanim odmerkom. Stisnite kapalko v teko\u010do ali poltrdno hrano, kot so \u010daj, mleko, soda, jabol\u010dna juha ali puding. Teko\u010dino ali hrano ne\u017eno me\u0161ajte nekaj sekund. Hrana v celoti absorbira teko\u010dino. Popijte ali pojejte celotno me\u0161anico takoj. Peroralno vzemite tableto iz plastenke tik pred na\u010drtovanim odmerkom. S suhimi dlanmi odprite plastenko, odstranite tableto in jo takoj polo\u017eite na jezik. Tableta se lahko raztopi in jo pogoltnete s slino.<\/p>\n","protected":false},"excerpt":{"rendered":"<div class=\"woocommerce-product-details__short-description\">\n<p><em>Nakup<\/em> Alprazolam na spletu &#8211; bestglobalmeds.com je najbolj\u0161i dobavitelj in prodajalec <em>Alprazolam prahu<\/em>\u00a0kjer lahko\u00a0<em>kupite<\/em>\u00a0Xanax prah na debelo. <em>Naro\u010dite<\/em>\u00a0zdaj!<\/p>\n<p>Alprazolam v prahu lahko kupite na spletu. Pravi Alprazolam prah za prodajo na spletu \u2013 Alprazolam prah za prodajo na spletu | Kupite alprazolam v prahu na spletu | Kupite alprazolam v prahu za prodajo na spletu | Kupi poceni alprazolam v prahu na spletu | Kje kupiti alprazolam v prahu na spletu<\/p>\n<\/p><\/div>\n","protected":false},"featured_media":5453,"comment_status":"open","ping_status":"closed","template":"","meta":[],"product_brand":[],"product_cat":[2014],"product_tag":[2719,2720,2721,1152,2722,2723,2725,2724,1153],"class_list":{"0":"post-5442","1":"product","2":"type-product","3":"status-publish","4":"has-post-thumbnail","6":"product_cat-nakup-raziskave-kemikalije","7":"product_tag-alprazolam-powder-buy","8":"product_tag-alprazolam-powder-effect","9":"product_tag-alprazolam-powder-europe","10":"product_tag-alprazolam-v-prahu","11":"product_tag-alprazolam-praek-reddit","12":"product_tag-alprazolam-praek-uk","13":"product_tag-buy-alprazolam-powder-europe","14":"product_tag-buy-alprazolam-pra-c5-a1ek","15":"product_tag-alprazolam-praek-naprodaj","17":"first","18":"instock","19":"shipping-taxable","20":"purchasable","21":"product-type-variable","22":"has-default-attributes"},"yoast_head":"<!-- This site is optimized with the Yoast SEO plugin v27.3 - https:\/\/yoast.com\/product\/yoast-seo-wordpress\/ -->\n<title>Kupite Alprazolam v prahu - Alprazolam v prahu - Best Global Meds<\/title>\n<meta name=\"description\" content=\"Kupite alprazolam v prahu na spletu. Pravi Alprazolam v prahu na spletu \u2013 Alprazolam v prahu za prodajo | Kupite alprazolam v prahu na spletu | Kupite alprazolam v prahu za prodajo| Kupi poceni alprazolam v prahu | Kje kupiti alprazolam v prahu na spletu\" \/>\n<meta name=\"robots\" content=\"index, follow, max-snippet:-1, max-image-preview:large, max-video-preview:-1\" \/>\n<link rel=\"canonical\" href=\"https:\/\/medicinasinc.com\/sl\/product\/kupi-alprazolam-prasek\/\" \/>\n<meta property=\"og:locale\" content=\"en_US\" \/>\n<meta property=\"og:type\" content=\"article\" \/>\n<meta property=\"og:title\" content=\"Kupite Alprazolam v prahu - Alprazolam v prahu - Best Global Meds\" \/>\n<meta property=\"og:description\" content=\"Kupite alprazolam v prahu na spletu. Pravi Alprazolam v prahu na spletu \u2013 Alprazolam v prahu za prodajo | Kupite alprazolam v prahu na spletu | Kupite alprazolam v prahu za prodajo| Kupi poceni alprazolam v prahu | Kje kupiti alprazolam v prahu na spletu\" \/>\n<meta property=\"og:url\" content=\"https:\/\/medicinasinc.com\/sl\/product\/kupi-alprazolam-prasek\/\" \/>\n<meta property=\"og:site_name\" content=\"Medicinas Inc\" \/>\n<meta property=\"article:modified_time\" content=\"2022-03-19T00:29:17+00:00\" \/>\n<meta property=\"og:image\" content=\"https:\/\/medicinasinc.com\/sl\/wp-content\/uploads\/sites\/7\/2022\/02\/Buy-Alprazolam-powder.jpg\" \/>\n\t<meta property=\"og:image:width\" content=\"259\" \/>\n\t<meta property=\"og:image:height\" content=\"194\" \/>\n\t<meta property=\"og:image:type\" content=\"image\/jpeg\" \/>\n<meta name=\"twitter:card\" content=\"summary_large_image\" \/>\n<meta name=\"twitter:label1\" content=\"Est. reading time\" \/>\n\t<meta name=\"twitter:data1\" content=\"2 minutes\" \/>\n<script type=\"application\/ld+json\" class=\"yoast-schema-graph\">{\"@context\":\"https:\\\/\\\/schema.org\",\"@graph\":[{\"@type\":\"WebPage\",\"@id\":\"https:\\\/\\\/medicinasinc.com\\\/sl\\\/product\\\/kupi-alprazolam-prasek\\\/\",\"url\":\"https:\\\/\\\/medicinasinc.com\\\/sl\\\/product\\\/kupi-alprazolam-prasek\\\/\",\"name\":\"Kupite Alprazolam v prahu - Alprazolam v prahu - Best Global Meds\",\"isPartOf\":{\"@id\":\"https:\\\/\\\/medicinasinc.com\\\/sl\\\/#website\"},\"primaryImageOfPage\":{\"@id\":\"https:\\\/\\\/medicinasinc.com\\\/sl\\\/product\\\/kupi-alprazolam-prasek\\\/#primaryimage\"},\"image\":{\"@id\":\"https:\\\/\\\/medicinasinc.com\\\/sl\\\/product\\\/kupi-alprazolam-prasek\\\/#primaryimage\"},\"thumbnailUrl\":\"https:\\\/\\\/medicinasinc.com\\\/sl\\\/wp-content\\\/uploads\\\/sites\\\/7\\\/2022\\\/02\\\/Buy-Alprazolam-powder.jpg\",\"datePublished\":\"2022-02-21T23:35:16+00:00\",\"dateModified\":\"2022-03-19T00:29:17+00:00\",\"description\":\"Kupite alprazolam v prahu na spletu. Pravi Alprazolam v prahu na spletu \u2013 Alprazolam v prahu za prodajo | Kupite alprazolam v prahu na spletu | Kupite alprazolam v prahu za prodajo| Kupi poceni alprazolam v prahu | Kje kupiti alprazolam v prahu na spletu\",\"breadcrumb\":{\"@id\":\"https:\\\/\\\/medicinasinc.com\\\/sl\\\/product\\\/kupi-alprazolam-prasek\\\/#breadcrumb\"},\"inLanguage\":\"en-US\",\"potentialAction\":[{\"@type\":\"ReadAction\",\"target\":[\"https:\\\/\\\/medicinasinc.com\\\/sl\\\/product\\\/kupi-alprazolam-prasek\\\/\"]}]},{\"@type\":\"ImageObject\",\"inLanguage\":\"en-US\",\"@id\":\"https:\\\/\\\/medicinasinc.com\\\/sl\\\/product\\\/kupi-alprazolam-prasek\\\/#primaryimage\",\"url\":\"https:\\\/\\\/medicinasinc.com\\\/sl\\\/wp-content\\\/uploads\\\/sites\\\/7\\\/2022\\\/02\\\/Buy-Alprazolam-powder.jpg\",\"contentUrl\":\"https:\\\/\\\/medicinasinc.com\\\/sl\\\/wp-content\\\/uploads\\\/sites\\\/7\\\/2022\\\/02\\\/Buy-Alprazolam-powder.jpg\",\"width\":259,\"height\":194},{\"@type\":\"BreadcrumbList\",\"@id\":\"https:\\\/\\\/medicinasinc.com\\\/sl\\\/product\\\/kupi-alprazolam-prasek\\\/#breadcrumb\",\"itemListElement\":[{\"@type\":\"ListItem\",\"position\":1,\"name\":\"Nakupujte\",\"item\":\"https:\\\/\\\/medicinasinc.com\\\/sl\\\/nakupujte\\\/\"},{\"@type\":\"ListItem\",\"position\":2,\"name\":\"Kupite alprazolam v prahu\"}]},{\"@type\":\"WebSite\",\"@id\":\"https:\\\/\\\/medicinasinc.com\\\/sl\\\/#website\",\"url\":\"https:\\\/\\\/medicinasinc.com\\\/sl\\\/\",\"name\":\"Medicinas Inc\",\"description\":\"Health Medical Clinic\",\"potentialAction\":[{\"@type\":\"SearchAction\",\"target\":{\"@type\":\"EntryPoint\",\"urlTemplate\":\"https:\\\/\\\/medicinasinc.com\\\/sl\\\/?s={search_term_string}\"},\"query-input\":{\"@type\":\"PropertyValueSpecification\",\"valueRequired\":true,\"valueName\":\"search_term_string\"}}],\"inLanguage\":\"en-US\"}]}<\/script>\n<!-- \/ Yoast SEO plugin. -->","yoast_head_json":{"title":"Kupite Alprazolam v prahu - Alprazolam v prahu - Best Global Meds","description":"Kupite alprazolam v prahu na spletu. Pravi Alprazolam v prahu na spletu \u2013 Alprazolam v prahu za prodajo | Kupite alprazolam v prahu na spletu | Kupite alprazolam v prahu za prodajo| Kupi poceni alprazolam v prahu | Kje kupiti alprazolam v prahu na spletu","robots":{"index":"index","follow":"follow","max-snippet":"max-snippet:-1","max-image-preview":"max-image-preview:large","max-video-preview":"max-video-preview:-1"},"canonical":"https:\/\/medicinasinc.com\/sl\/product\/kupi-alprazolam-prasek\/","og_locale":"en_US","og_type":"article","og_title":"Kupite Alprazolam v prahu - Alprazolam v prahu - Best Global Meds","og_description":"Kupite alprazolam v prahu na spletu. Pravi Alprazolam v prahu na spletu \u2013 Alprazolam v prahu za prodajo | Kupite alprazolam v prahu na spletu | Kupite alprazolam v prahu za prodajo| Kupi poceni alprazolam v prahu | Kje kupiti alprazolam v prahu na spletu","og_url":"https:\/\/medicinasinc.com\/sl\/product\/kupi-alprazolam-prasek\/","og_site_name":"Medicinas Inc","article_modified_time":"2022-03-19T00:29:17+00:00","og_image":[{"width":259,"height":194,"url":"https:\/\/medicinasinc.com\/sl\/wp-content\/uploads\/sites\/7\/2022\/02\/Buy-Alprazolam-powder.jpg","type":"image\/jpeg"}],"twitter_card":"summary_large_image","twitter_misc":{"Est. reading time":"2 minutes"},"schema":{"@context":"https:\/\/schema.org","@graph":[{"@type":"WebPage","@id":"https:\/\/medicinasinc.com\/sl\/product\/kupi-alprazolam-prasek\/","url":"https:\/\/medicinasinc.com\/sl\/product\/kupi-alprazolam-prasek\/","name":"Kupite Alprazolam v prahu - Alprazolam v prahu - Best Global Meds","isPartOf":{"@id":"https:\/\/medicinasinc.com\/sl\/#website"},"primaryImageOfPage":{"@id":"https:\/\/medicinasinc.com\/sl\/product\/kupi-alprazolam-prasek\/#primaryimage"},"image":{"@id":"https:\/\/medicinasinc.com\/sl\/product\/kupi-alprazolam-prasek\/#primaryimage"},"thumbnailUrl":"https:\/\/medicinasinc.com\/sl\/wp-content\/uploads\/sites\/7\/2022\/02\/Buy-Alprazolam-powder.jpg","datePublished":"2022-02-21T23:35:16+00:00","dateModified":"2022-03-19T00:29:17+00:00","description":"Kupite alprazolam v prahu na spletu. Pravi Alprazolam v prahu na spletu \u2013 Alprazolam v prahu za prodajo | Kupite alprazolam v prahu na spletu | Kupite alprazolam v prahu za prodajo| Kupi poceni alprazolam v prahu | Kje kupiti alprazolam v prahu na spletu","breadcrumb":{"@id":"https:\/\/medicinasinc.com\/sl\/product\/kupi-alprazolam-prasek\/#breadcrumb"},"inLanguage":"en-US","potentialAction":[{"@type":"ReadAction","target":["https:\/\/medicinasinc.com\/sl\/product\/kupi-alprazolam-prasek\/"]}]},{"@type":"ImageObject","inLanguage":"en-US","@id":"https:\/\/medicinasinc.com\/sl\/product\/kupi-alprazolam-prasek\/#primaryimage","url":"https:\/\/medicinasinc.com\/sl\/wp-content\/uploads\/sites\/7\/2022\/02\/Buy-Alprazolam-powder.jpg","contentUrl":"https:\/\/medicinasinc.com\/sl\/wp-content\/uploads\/sites\/7\/2022\/02\/Buy-Alprazolam-powder.jpg","width":259,"height":194},{"@type":"BreadcrumbList","@id":"https:\/\/medicinasinc.com\/sl\/product\/kupi-alprazolam-prasek\/#breadcrumb","itemListElement":[{"@type":"ListItem","position":1,"name":"Nakupujte","item":"https:\/\/medicinasinc.com\/sl\/nakupujte\/"},{"@type":"ListItem","position":2,"name":"Kupite alprazolam v prahu"}]},{"@type":"WebSite","@id":"https:\/\/medicinasinc.com\/sl\/#website","url":"https:\/\/medicinasinc.com\/sl\/","name":"Medicinas Inc","description":"Health Medical Clinic","potentialAction":[{"@type":"SearchAction","target":{"@type":"EntryPoint","urlTemplate":"https:\/\/medicinasinc.com\/sl\/?s={search_term_string}"},"query-input":{"@type":"PropertyValueSpecification","valueRequired":true,"valueName":"search_term_string"}}],"inLanguage":"en-US"}]}},"_links":{"self":[{"href":"https:\/\/medicinasinc.com\/sl\/wp-json\/wp\/v2\/product\/5442","targetHints":{"allow":["GET"]}}],"collection":[{"href":"https:\/\/medicinasinc.com\/sl\/wp-json\/wp\/v2\/product"}],"about":[{"href":"https:\/\/medicinasinc.com\/sl\/wp-json\/wp\/v2\/types\/product"}],"replies":[{"embeddable":true,"href":"https:\/\/medicinasinc.com\/sl\/wp-json\/wp\/v2\/comments?post=5442"}],"wp:featuredmedia":[{"embeddable":true,"href":"https:\/\/medicinasinc.com\/sl\/wp-json\/wp\/v2\/media\/5453"}],"wp:attachment":[{"href":"https:\/\/medicinasinc.com\/sl\/wp-json\/wp\/v2\/media?parent=5442"}],"wp:term":[{"taxonomy":"product_brand","embeddable":true,"href":"https:\/\/medicinasinc.com\/sl\/wp-json\/wp\/v2\/product_brand?post=5442"},{"taxonomy":"product_cat","embeddable":true,"href":"https:\/\/medicinasinc.com\/sl\/wp-json\/wp\/v2\/product_cat?post=5442"},{"taxonomy":"product_tag","embeddable":true,"href":"https:\/\/medicinasinc.com\/sl\/wp-json\/wp\/v2\/product_tag?post=5442"}],"curies":[{"name":"wp","href":"https:\/\/api.w.org\/{rel}","templated":true}]}}