{"id":5441,"date":"2022-02-21T23:32:20","date_gmt":"2022-02-21T23:32:20","guid":{"rendered":"https:\/\/medicinasinc.com\/sl\/?post_type=product&#038;p=5441"},"modified":"2022-03-19T00:29:30","modified_gmt":"2022-03-19T00:29:30","slug":"kupi-alfa-pvp","status":"publish","type":"product","link":"https:\/\/medicinasinc.com\/sl\/product\/kupi-alfa-pvp\/","title":{"rendered":"Kupite Alpha-PVP"},"content":{"rendered":"<p>Spletni nakup Alpha-PVP<\/p>\n<p>Alpha-PVP je sinteti\u010dni stimulans, ki se uporablja na medicinskem podro\u010dju za zdravljenje razli\u010dnih bolezni. Alfa je razvr\u0161\u010dena kot predzdravilo v razredu katinona. Alpha PVP je bil sprva ustvarjen kot oblikovalsko zdravilo. Zdaj je med ljudmi zelo priljubljen za druge namene, na primer za laj\u0161anje bole\u010din. Ta sinteti\u010dni stimulans se uporablja za zadovoljevanje potreb u\u017eivalcev drog. Priljubljenost je pridobil 40 let po izidu svojega prvega izdelka, leta 2000. Najpomembneje si je zapomniti, da ga med temi leti ni uporabljala niti majhna skupnost ljudi. Vendar pa je od leta 2000 do danes njegova priljubljenost narasla do te mere, da ga uporablja skoraj 70 % svetovnega prebivalstva.<\/p>\n<p>Razlog priljubljenosti alfa-PVP psihodeli\u010dnih zdravil<\/p>\n<p>Kje lahko dobim PVP? Alfa-PVP<\/p>\n<p>Alfa-PVP je \u010dlan najpogostej\u0161ega razreda predzdravil in se pogosto uporablja. Glavni razlog za njegovo priljubljenost je visoka mo\u010d in hitro delovanje. Deluje podobno kot drugi stimulansi, saj deluje neposredno na centralni \u017eiv\u010dni sistem.<\/p>\n<p>Vendar deluje hitro in spro\u0161\u010da hormone za izvedbo \u017eelenih dejanj. Zaradi svojega na\u010dina delovanja je alfa PVP znan tudi kot stimulans centralnega \u017eiv\u010dnega sistema.<\/p>\n<p>Alfa-PVP psihodeli\u010dna zdravila za medicinske namene<\/p>\n<p>Alfa-PVP prav tako pomaga \u010dlove\u0161kemu umu pri nadzor minljivih \u010dustev, kot so sre\u010da, \u017ealost ali bole\u010dina. To zdravilo pomaga umu, da si predstavlja normalen okvir, v katerem lahko normalno in brez te\u017eav deluje. Na ta na\u010din se Alpha-PVP uporablja za laj\u0161anje kakr\u0161ne koli vrste \u0161oka.<\/p>\n<p>To predzdravilo se uporablja v plesnih klubih in barih. Vendar se to uporablja le pri dolo\u010denih zdravljenjih po navodilih zdravnika.<\/p>\n<p>Zdravniki zdravijo bolnike z zdravili na osnovi alfa-PVP. Primarna uporaba je zdravljenje depresije in anksioznosti.<\/p>\n<p>To je nekaj klju\u010dnih lastnosti, ki spodbujajo pove\u010danje uporabe Alpha-PVP. Pridobiva priljubljenost na obeh podro\u010djih.<\/p>\n<p>Kako varno kupiti a-PVP \u2013 opis<\/p>\n<p>Sistematsko ime IUPAC: 1-fenil-2-(1-pirolidinil)-1 -pentanon Polno kemijsko ime: alfa-Pyrrolidinopentiopentiophenon<br \/> CAS \u0161t. 14530-33-7<br \/> Molekularna formulaC15H21NO Molekulska masa 231,333 g\/mol ChemSpider \u0160tevilka9324063<\/p>\n<p>entiopyrrhenon PVP, alfa-PVP, O-2387, -keton-prolintane) je stimulativna spojina, odkrita v \u0161estdesetih letih prej\u0161njega stoletja, ki je povezana s pirovaleronom in je ketonski analog prolintana.<\/p>\n<p>V velikem obsegu, na\u0161 spletni splet. trgovine z Alpha-PVP. \u017delene izdelke lahko dobite po zelo nizkih cenah. Izdelek boste prejeli tudi v kratkem \u010dasu zahvaljujo\u010d na\u0161im spletnim storitvam dostave.<\/p>\n","protected":false},"excerpt":{"rendered":"<div class=\"woocommerce-product-details__short-description\">\n<p>\u017eeli\u0161 kupiti poceni A-pvp, kupiti alfa-pirolidinopentiofenon za prodajo v Veliki Britaniji, Evropi v na\u0161i trgovini bestglobalemeds.com s hitro dostavo po vsem svetu! Najbolj\u0161i A-pvp za naro\u010danje boste na\u0161li tukaj! <em>\u03b1<\/em>&#8211;<em>PVP<\/em>(polno ime je:<em>\u03b1<\/em>&#8211;<em>Pirolidinopentiofenon<\/em>), znan tudi kot\u00a0<em>alfa<\/em>-pirolidinovalerofenon, A-<em>PVP<\/em>,\u00a0<em>alfa<\/em>&#8211;<em>PVP<\/em>,<\/p>\n<p>Kaj je to\u010dno a-PVP?<br \/> A-PVP (alfa-pirolidinovalerofenon, -PVP, alfa-PVP, O-2387, -keton-prolintane) je stimulativna spojina, razvita v \u0161estdesetih letih prej\u0161njega stoletja, ki je povezana s pirovaleronom in je ketonski analog prolintana.<\/p>\n<\/p><\/div>\n","protected":false},"featured_media":5451,"comment_status":"open","ping_status":"closed","template":"","meta":[],"product_brand":[],"product_cat":[2014],"product_tag":[2663,2666,2667,2672,2673,2674,2675,2680,2669,2670,2671,2676,2677,2668,2685,2681,2683,2678,2682,2684,2679,2686,2688,2687,2689,2690,2691,2696,2697,2698,2699,2704,2705,2706,2715,2707,2709,2695,2703,2700,2714,2701,2702,2708,2693,2692,2694,2711,2712,2713,2710,2665,2664,2716,2717,2718],"class_list":{"0":"post-5441","1":"product","2":"type-product","3":"status-publish","4":"has-post-thumbnail","6":"product_cat-nakup-raziskave-kemikalije","7":"product_tag-a-pvp-buy","8":"product_tag-a-pvp","9":"product_tag-a-pvp-powder","10":"product_tag-a-pvp-crystal-dosage","11":"product_tag-a-pvp-crystal-for-sale","12":"product_tag-a-pvp-crystal-review","13":"product_tag-a-pvp-crystal-supplier","14":"product_tag-a-pvp-for-sale-online","15":"product_tag-a-pvp-kristal","16":"product_tag-a-pvp-kristal-avstralija","17":"product_tag-a-pvp-crystal-canada","18":"product_tag-a-pvp-kristal-uk","19":"product_tag-a-pvp-crystal-usa","20":"product_tag-a-pvp-buy-usa","21":"product_tag-a-pvp-stimulansi-na-prodaj","22":"product_tag-a-pvp-praki","23":"product_tag-a-pvp-pregled","24":"product_tag-a-pvp-kristal-prodajalec","25":"product_tag-a-pvp-reddit","26":"product_tag-a-pvp-stimulansi","27":"product_tag-a-pvp-na-prodaj","28":"product_tag-alfa-pvp-na-prodaj","29":"product_tag-alfa-pvp-uinek","30":"product_tag-alfa-pvp-wiki","31":"product_tag-apvp-powder","32":"product_tag-buy-a-pvp","33":"product_tag-buy-a-pvp-powder-for-sale","34":"product_tag-buy-a-pvp-big-crystals-free","35":"product_tag-buy-a-pvp-big-crystals-made","36":"product_tag-buy-a-pvp-big-crystals-online","37":"product_tag-buy-a-pvp-big-crystalxp-net","38":"product_tag-buy-a-pvp-powder-reviews","39":"product_tag-buy-a-pvp-powders","40":"product_tag-buy-a-pvp-stimulants","41":"product_tag-isti-a-pvp-kristal","42":"product_tag-kupi-alfa-pvp","43":"product_tag-buy-apvp-usa-credit-card","44":"product_tag-kupi-pvp-velike-kristale-za-prodaj","45":"product_tag-buy-a-pvp-powder-products","46":"product_tag-kupi-pvp-kristal-na-spletu","47":"product_tag-nakup-pvp-online","48":"product_tag-buy-a-pvp-online","49":"product_tag-buy-a-pvp-powder","50":"product_tag-kupi-apvp-dostava-c4-8dez-ne-c4-8d","51":"product_tag-buy-a-pvp-big-crystal-reports","52":"product_tag-kupi-pvp-veliki-kristal","53":"product_tag-kupi-pvp-velike-kristale","54":"product_tag-order-a-pvp","55":"product_tag-order-a-pvp-crystal","56":"product_tag-order-a-pvp-online","57":"product_tag-mail-a-pvp","58":"product_tag-a-pvp-prah-ali-kristali","59":"product_tag-a-pvp-praek-za-prodaj","60":"product_tag-the-best-place-to-buy-a-pvp-online","61":"product_tag-where-to-buy-a-pvp","62":"product_tag-where-to-buy-a-pvp-online","64":"first","65":"instock","66":"shipping-taxable","67":"purchasable","68":"product-type-variable"},"yoast_head":"<!-- This site is optimized with the Yoast SEO plugin v27.3 - https:\/\/yoast.com\/product\/yoast-seo-wordpress\/ -->\n<title>Kupite Alpha-PVP - Alpha-PVP za prodajo - Najbolj\u0161a najbolj\u0161a zdravila na svetu<\/title>\n<meta name=\"description\" content=\"Kupite A-pvp, kupite alfa-pirolidinopentiofenon za prodajo v Veliki Britaniji, Evropi v na\u0161i trgovini bestglobalemeds.com s hitro dostavo po vsem svetu! Najbolj\u0161i A-pvp za naro\u010danje boste na\u0161li tukaj!\" \/>\n<meta name=\"robots\" content=\"index, follow, max-snippet:-1, max-image-preview:large, max-video-preview:-1\" \/>\n<link rel=\"canonical\" href=\"https:\/\/medicinasinc.com\/sl\/product\/kupi-alfa-pvp\/\" \/>\n<meta property=\"og:locale\" content=\"en_US\" \/>\n<meta property=\"og:type\" content=\"article\" \/>\n<meta property=\"og:title\" content=\"Kupite Alpha-PVP - Alpha-PVP za prodajo - Najbolj\u0161a najbolj\u0161a zdravila na svetu\" \/>\n<meta property=\"og:description\" content=\"Kupite A-pvp, kupite alfa-pirolidinopentiofenon za prodajo v Veliki Britaniji, Evropi v na\u0161i trgovini bestglobalemeds.com s hitro dostavo po vsem svetu! Najbolj\u0161i A-pvp za naro\u010danje boste na\u0161li tukaj!\" \/>\n<meta property=\"og:url\" content=\"https:\/\/medicinasinc.com\/sl\/product\/kupi-alfa-pvp\/\" \/>\n<meta property=\"og:site_name\" content=\"Medicinas Inc\" \/>\n<meta property=\"article:modified_time\" content=\"2022-03-19T00:29:30+00:00\" \/>\n<meta property=\"og:image\" content=\"https:\/\/medicinasinc.com\/sl\/wp-content\/uploads\/sites\/7\/2022\/02\/Buy-alpha-pvp.jpg\" \/>\n\t<meta property=\"og:image:width\" content=\"458\" \/>\n\t<meta property=\"og:image:height\" content=\"458\" \/>\n\t<meta property=\"og:image:type\" content=\"image\/jpeg\" \/>\n<meta name=\"twitter:card\" content=\"summary_large_image\" \/>\n<meta name=\"twitter:label1\" content=\"Est. reading time\" \/>\n\t<meta name=\"twitter:data1\" content=\"2 minutes\" \/>\n<script type=\"application\/ld+json\" class=\"yoast-schema-graph\">{\"@context\":\"https:\\\/\\\/schema.org\",\"@graph\":[{\"@type\":\"WebPage\",\"@id\":\"https:\\\/\\\/medicinasinc.com\\\/sl\\\/product\\\/kupi-alfa-pvp\\\/\",\"url\":\"https:\\\/\\\/medicinasinc.com\\\/sl\\\/product\\\/kupi-alfa-pvp\\\/\",\"name\":\"Kupite Alpha-PVP - Alpha-PVP za prodajo - Najbolj\u0161a najbolj\u0161a zdravila na svetu\",\"isPartOf\":{\"@id\":\"https:\\\/\\\/medicinasinc.com\\\/sl\\\/#website\"},\"primaryImageOfPage\":{\"@id\":\"https:\\\/\\\/medicinasinc.com\\\/sl\\\/product\\\/kupi-alfa-pvp\\\/#primaryimage\"},\"image\":{\"@id\":\"https:\\\/\\\/medicinasinc.com\\\/sl\\\/product\\\/kupi-alfa-pvp\\\/#primaryimage\"},\"thumbnailUrl\":\"https:\\\/\\\/medicinasinc.com\\\/sl\\\/wp-content\\\/uploads\\\/sites\\\/7\\\/2022\\\/02\\\/Buy-alpha-pvp.jpg\",\"datePublished\":\"2022-02-21T23:32:20+00:00\",\"dateModified\":\"2022-03-19T00:29:30+00:00\",\"description\":\"Kupite A-pvp, kupite alfa-pirolidinopentiofenon za prodajo v Veliki Britaniji, Evropi v na\u0161i trgovini bestglobalemeds.com s hitro dostavo po vsem svetu! Najbolj\u0161i A-pvp za naro\u010danje boste na\u0161li tukaj!\",\"breadcrumb\":{\"@id\":\"https:\\\/\\\/medicinasinc.com\\\/sl\\\/product\\\/kupi-alfa-pvp\\\/#breadcrumb\"},\"inLanguage\":\"en-US\",\"potentialAction\":[{\"@type\":\"ReadAction\",\"target\":[\"https:\\\/\\\/medicinasinc.com\\\/sl\\\/product\\\/kupi-alfa-pvp\\\/\"]}]},{\"@type\":\"ImageObject\",\"inLanguage\":\"en-US\",\"@id\":\"https:\\\/\\\/medicinasinc.com\\\/sl\\\/product\\\/kupi-alfa-pvp\\\/#primaryimage\",\"url\":\"https:\\\/\\\/medicinasinc.com\\\/sl\\\/wp-content\\\/uploads\\\/sites\\\/7\\\/2022\\\/02\\\/Buy-alpha-pvp.jpg\",\"contentUrl\":\"https:\\\/\\\/medicinasinc.com\\\/sl\\\/wp-content\\\/uploads\\\/sites\\\/7\\\/2022\\\/02\\\/Buy-alpha-pvp.jpg\",\"width\":458,\"height\":458},{\"@type\":\"BreadcrumbList\",\"@id\":\"https:\\\/\\\/medicinasinc.com\\\/sl\\\/product\\\/kupi-alfa-pvp\\\/#breadcrumb\",\"itemListElement\":[{\"@type\":\"ListItem\",\"position\":1,\"name\":\"Nakupujte\",\"item\":\"https:\\\/\\\/medicinasinc.com\\\/sl\\\/nakupujte\\\/\"},{\"@type\":\"ListItem\",\"position\":2,\"name\":\"Kupite Alpha-PVP\"}]},{\"@type\":\"WebSite\",\"@id\":\"https:\\\/\\\/medicinasinc.com\\\/sl\\\/#website\",\"url\":\"https:\\\/\\\/medicinasinc.com\\\/sl\\\/\",\"name\":\"Medicinas Inc\",\"description\":\"Health Medical Clinic\",\"potentialAction\":[{\"@type\":\"SearchAction\",\"target\":{\"@type\":\"EntryPoint\",\"urlTemplate\":\"https:\\\/\\\/medicinasinc.com\\\/sl\\\/?s={search_term_string}\"},\"query-input\":{\"@type\":\"PropertyValueSpecification\",\"valueRequired\":true,\"valueName\":\"search_term_string\"}}],\"inLanguage\":\"en-US\"}]}<\/script>\n<!-- \/ Yoast SEO plugin. -->","yoast_head_json":{"title":"Kupite Alpha-PVP - Alpha-PVP za prodajo - Najbolj\u0161a najbolj\u0161a zdravila na svetu","description":"Kupite A-pvp, kupite alfa-pirolidinopentiofenon za prodajo v Veliki Britaniji, Evropi v na\u0161i trgovini bestglobalemeds.com s hitro dostavo po vsem svetu! Najbolj\u0161i A-pvp za naro\u010danje boste na\u0161li tukaj!","robots":{"index":"index","follow":"follow","max-snippet":"max-snippet:-1","max-image-preview":"max-image-preview:large","max-video-preview":"max-video-preview:-1"},"canonical":"https:\/\/medicinasinc.com\/sl\/product\/kupi-alfa-pvp\/","og_locale":"en_US","og_type":"article","og_title":"Kupite Alpha-PVP - Alpha-PVP za prodajo - Najbolj\u0161a najbolj\u0161a zdravila na svetu","og_description":"Kupite A-pvp, kupite alfa-pirolidinopentiofenon za prodajo v Veliki Britaniji, Evropi v na\u0161i trgovini bestglobalemeds.com s hitro dostavo po vsem svetu! Najbolj\u0161i A-pvp za naro\u010danje boste na\u0161li tukaj!","og_url":"https:\/\/medicinasinc.com\/sl\/product\/kupi-alfa-pvp\/","og_site_name":"Medicinas Inc","article_modified_time":"2022-03-19T00:29:30+00:00","og_image":[{"width":458,"height":458,"url":"https:\/\/medicinasinc.com\/sl\/wp-content\/uploads\/sites\/7\/2022\/02\/Buy-alpha-pvp.jpg","type":"image\/jpeg"}],"twitter_card":"summary_large_image","twitter_misc":{"Est. reading time":"2 minutes"},"schema":{"@context":"https:\/\/schema.org","@graph":[{"@type":"WebPage","@id":"https:\/\/medicinasinc.com\/sl\/product\/kupi-alfa-pvp\/","url":"https:\/\/medicinasinc.com\/sl\/product\/kupi-alfa-pvp\/","name":"Kupite Alpha-PVP - Alpha-PVP za prodajo - Najbolj\u0161a najbolj\u0161a zdravila na svetu","isPartOf":{"@id":"https:\/\/medicinasinc.com\/sl\/#website"},"primaryImageOfPage":{"@id":"https:\/\/medicinasinc.com\/sl\/product\/kupi-alfa-pvp\/#primaryimage"},"image":{"@id":"https:\/\/medicinasinc.com\/sl\/product\/kupi-alfa-pvp\/#primaryimage"},"thumbnailUrl":"https:\/\/medicinasinc.com\/sl\/wp-content\/uploads\/sites\/7\/2022\/02\/Buy-alpha-pvp.jpg","datePublished":"2022-02-21T23:32:20+00:00","dateModified":"2022-03-19T00:29:30+00:00","description":"Kupite A-pvp, kupite alfa-pirolidinopentiofenon za prodajo v Veliki Britaniji, Evropi v na\u0161i trgovini bestglobalemeds.com s hitro dostavo po vsem svetu! Najbolj\u0161i A-pvp za naro\u010danje boste na\u0161li tukaj!","breadcrumb":{"@id":"https:\/\/medicinasinc.com\/sl\/product\/kupi-alfa-pvp\/#breadcrumb"},"inLanguage":"en-US","potentialAction":[{"@type":"ReadAction","target":["https:\/\/medicinasinc.com\/sl\/product\/kupi-alfa-pvp\/"]}]},{"@type":"ImageObject","inLanguage":"en-US","@id":"https:\/\/medicinasinc.com\/sl\/product\/kupi-alfa-pvp\/#primaryimage","url":"https:\/\/medicinasinc.com\/sl\/wp-content\/uploads\/sites\/7\/2022\/02\/Buy-alpha-pvp.jpg","contentUrl":"https:\/\/medicinasinc.com\/sl\/wp-content\/uploads\/sites\/7\/2022\/02\/Buy-alpha-pvp.jpg","width":458,"height":458},{"@type":"BreadcrumbList","@id":"https:\/\/medicinasinc.com\/sl\/product\/kupi-alfa-pvp\/#breadcrumb","itemListElement":[{"@type":"ListItem","position":1,"name":"Nakupujte","item":"https:\/\/medicinasinc.com\/sl\/nakupujte\/"},{"@type":"ListItem","position":2,"name":"Kupite Alpha-PVP"}]},{"@type":"WebSite","@id":"https:\/\/medicinasinc.com\/sl\/#website","url":"https:\/\/medicinasinc.com\/sl\/","name":"Medicinas Inc","description":"Health Medical Clinic","potentialAction":[{"@type":"SearchAction","target":{"@type":"EntryPoint","urlTemplate":"https:\/\/medicinasinc.com\/sl\/?s={search_term_string}"},"query-input":{"@type":"PropertyValueSpecification","valueRequired":true,"valueName":"search_term_string"}}],"inLanguage":"en-US"}]}},"_links":{"self":[{"href":"https:\/\/medicinasinc.com\/sl\/wp-json\/wp\/v2\/product\/5441","targetHints":{"allow":["GET"]}}],"collection":[{"href":"https:\/\/medicinasinc.com\/sl\/wp-json\/wp\/v2\/product"}],"about":[{"href":"https:\/\/medicinasinc.com\/sl\/wp-json\/wp\/v2\/types\/product"}],"replies":[{"embeddable":true,"href":"https:\/\/medicinasinc.com\/sl\/wp-json\/wp\/v2\/comments?post=5441"}],"wp:featuredmedia":[{"embeddable":true,"href":"https:\/\/medicinasinc.com\/sl\/wp-json\/wp\/v2\/media\/5451"}],"wp:attachment":[{"href":"https:\/\/medicinasinc.com\/sl\/wp-json\/wp\/v2\/media?parent=5441"}],"wp:term":[{"taxonomy":"product_brand","embeddable":true,"href":"https:\/\/medicinasinc.com\/sl\/wp-json\/wp\/v2\/product_brand?post=5441"},{"taxonomy":"product_cat","embeddable":true,"href":"https:\/\/medicinasinc.com\/sl\/wp-json\/wp\/v2\/product_cat?post=5441"},{"taxonomy":"product_tag","embeddable":true,"href":"https:\/\/medicinasinc.com\/sl\/wp-json\/wp\/v2\/product_tag?post=5441"}],"curies":[{"name":"wp","href":"https:\/\/api.w.org\/{rel}","templated":true}]}}