{"id":5440,"date":"2022-02-21T23:30:16","date_gmt":"2022-02-21T23:30:16","guid":{"rendered":"https:\/\/medicinasinc.com\/sl\/?post_type=product&#038;p=5440"},"modified":"2022-03-19T00:29:40","modified_gmt":"2022-03-19T00:29:40","slug":"buy-ald-52-blotterji","status":"publish","type":"product","link":"https:\/\/medicinasinc.com\/sl\/product\/buy-ald-52-blotterji\/","title":{"rendered":"Kupite pihalnike ALD-52"},"content":{"rendered":"<p>Blotterje ALD-52 lahko kupite na spletu. Pihalniki, ki vsebujejo 100 mcg ALD-52<\/p>\n<p>Bloterji ALD-52, lahko kupite na spletu.<\/p>\n<p>Bloterji, ki vsebujejo 100 mcg ALD-52<\/p>\n<p>Bloter ALD 52, kupite ALD 52 bloter <\/p>\n<p>ALD-52 je moderno zdravilo, ki so ga utrdile razli\u010dne res chem zaradi zapoznele zgodovine ALD-52 in razli\u010dnih drugih imen ALD-52. ALD-52 raziskovalci kupijo na spletu za uporabo na podro\u010dju zdravil, rekreacije in raziskav. Psihotropni pripisi ALD-52 so ga naredili nedvomnega med laboratorijskimi delavci in strokovnjaki. \u0160irok nabor tipi\u010dnih strank se odlo\u010di za nakup, ki je na voljo za nakup, da bi imeli vznemirjenje, zadovoljstvo, ohranili zadr\u017eevanje energije in pove\u010dali spolno aktivnost.<\/p>\n<p>Pomembno je izbrati ALD-52, izdelan iz najbolj\u0161ih vrst. napredka z metodami za popolnoma nadzorovano zbiranje. Obse\u017een prispevek k me\u0161anicam, proizvedenim v preiskavi, ki so na voljo za nakup, je trg omogo\u010den za nadzor nad stanjem izdelave, ki ustvarja ukrep v kitajskih laboratorijih, kjer se izdelujejo vse soli za prhanje.<\/p>\n<p>Na\u0161a organizacija kot ponudnik brez konkurence sodeluje neposredno z njimi. zakonite kitajske organizacije. Omogo\u010da vam trgovanje s solmi za tu\u0161iranje najvi\u0161je brezhibnosti in kakovosti. ALD-52 se me\u0161a pod strogim nadzorom in v skladu z vsemi na\u010deli. Uporaba najnovej\u0161ih razpolo\u017eljivih doslednih podatkov za zagotavljanje najbolj ble\u0161\u010de\u010de cene na najbolj\u0161em spletnem mestu za nakup materialov, izdelanih za raziskave. ALD-52 pelete, ALD-52 lise povr\u0161ine in ALD-52 prah se preva\u017eajo v kitajskih laboratorijih. Po\u0161iljatelj ALD-52 po\u0161lje ALD-52 v katero koli dr\u017eavo. Tesno sodelovanje z zakonitimi dobavitelji ALD-52 zagotavlja, da se rezultati va\u0161ih testov in preiskav izvedejo pravo\u010dasno.<\/p>\n<p>Dobavitelj je \u017ee dolgo zanesljiv proizvajalec ocenjevalnih kemikalij. Stranke so mestu dale izjemen ugled v celotni mre\u017ei res chems. ald 52 za \u200b\u200bprodajo, ald 52 nakup, ald 52 nakup, ald-52 nakup Kot zanesljivi dobavitelji RC zagotavljajo celodnevno pomo\u010d organizaciji z izku\u0161enimi vodstvenimi delavci prek klepeta v \u017eivo, ki imajo pomembne podatke, ki vam lahko pomagajo pri kakr\u0161nem koli te\u017eavnem stanju.<\/p>\n<p>O izjemnih preiskovalnih in\u017eenirskih ote\u017eevah, ki so na voljo za nakup prek spletnih pogovorov, lahko najdete pozitivne odzive na\u0161ih kupcev, ki so trenutno zadovoljni s ponujenimi vrstami pomo\u010di in najbolj\u0161imi stvarmi, kupljenimi od tega na spletu.<\/p>\n","protected":false},"excerpt":{"rendered":"<div class=\"char\">SPECIFIKACIJA<\/div>\n<div class=\"specification\">\n<div class=\"sprow\"><span class=\"spname\">Ime izdelka:<\/span><span class=\"sptext \">ALD-52<\/span><\/div>\n<div class=\"sprow\"><span class=\"spname\">IUPAC ime:<\/span><span class=\"sptext\">1-acetil-N, N-dietillisergamid, ALD<\/span><\/div>\n<div class=\"sprow\"><span class=\"spname\">Druga imena:<\/span><span class=\"sptext\">N-acetil-LSD, Dietilamid acetil lizergi\u010dne kisline, dietilamid d-acetil lizergi\u010dne kisline, d-acetildietillisergamid<\/span><\/div>\n<div class=\"sprow\"><span class=\"spname\">\u0160tevilka Cas:<\/span><span class=\"sptext\">3270-02-8<\/span><\/div>\n<div class=\"sprow\"><span class=\"spname\">Molekularna formula:<\/span><span class=\"sptext\">C22H27N3O2<\/span><\/div>\n<div class=\"sprow\"><span class=\"spname\">Molarna masa:<\/span><span class=\"sptext\">365,477 g\u2022mol-1<\/span><\/div>\n<div class=\"sprow\"><span class=\"spname\">U\u010dinek:<\/span><span class=\"sptext\">psihedeli\u010den, halucinogen<\/span><\/div>\n<div class=\"sprow\"><\/div>\n<\/p><\/div>\n<p>Kupite pihalnike ALD-52 na spletu. <em>ALD<\/em>\u2013<em>52<\/em>\u00a0je N-acetilni derivat LSD. <strong>100 mcg<\/strong>\u00a0Blotterji ALD-52.<\/p>\n<p>ALD-52 naprodaj v Evropi, kupujte z Bitcoini in prejemajte diskretno po\u0161iljanje iz EU. Pisalci ALD-52 naprodaj, surovi prah ALD-52 naprodaj, dobavitelj raziskovalnih kemikalij<\/p>\n<p>Naro\u010dite vzorec za testiranje ali kupite ALD-52 za \u200b\u200bprodajo z brezpla\u010dno dostavo v Zdru\u017eenem kraljestvu, ZDA ali Evropi.<\/p>\n","protected":false},"featured_media":5449,"comment_status":"open","ping_status":"closed","template":"","meta":[],"product_brand":[],"product_cat":[2014],"product_tag":[2653,2654,2657,2658,2656,2655,2652,2659,2651,2650,2660,2661,2662],"class_list":{"0":"post-5440","1":"product","2":"type-product","3":"status-publish","4":"has-post-thumbnail","6":"product_cat-nakup-raziskave-kemikalije","7":"product_tag-buy-ald-52-blotters-for-resale","8":"product_tag-buy-ald-52-blotters-online","9":"product_tag-comprar-pedir-secantes-ald-52-en-linea","10":"product_tag-diskretni-prodajalec-ald-52","11":"product_tag-buy-pure-ald-52-blotters-online","12":"product_tag-buy-legit-ald-52-blotters-online","13":"product_tag-best-ald-52-blotters-online","14":"product_tag-order-ald-52-blotters-online","15":"product_tag-ald-52-blotters-online-sales","16":"product_tag-ald-52-blotterji-na-prodaj","17":"product_tag-where-to-buy-ald-52-blotters-online","18":"product_tag-where-to-buy-pure-ald-52-blotters-online","19":"product_tag-where-to-order-legit-ald-52-blotters-online","21":"first","22":"instock","23":"shipping-taxable","24":"purchasable","25":"product-type-variable","26":"has-default-attributes"},"yoast_head":"<!-- This site is optimized with the Yoast SEO plugin v27.3 - https:\/\/yoast.com\/product\/yoast-seo-wordpress\/ -->\n<title>Kupite pihalnike ALD-52 \u2013 kakovostne pihalnike ALD-52 \u2013 najbolj\u0161a zdravila v svetu<\/title>\n<meta name=\"description\" content=\"Kupite blotterje ALD-52 na spletu. kupite ALD-52\u00a0za prodajo in pridobite brezpla\u010dno dostavo v Zdru\u017eenem kraljestvu, ZDA ali Evropi. ALD-52 je N-acetilni derivat LSD. 100 mcg ALD-52 blotterji.\" \/>\n<meta name=\"robots\" content=\"index, follow, max-snippet:-1, max-image-preview:large, max-video-preview:-1\" \/>\n<link rel=\"canonical\" href=\"https:\/\/medicinasinc.com\/sl\/product\/buy-ald-52-blotterji\/\" \/>\n<meta property=\"og:locale\" content=\"en_US\" \/>\n<meta property=\"og:type\" content=\"article\" \/>\n<meta property=\"og:title\" content=\"Kupite pihalnike ALD-52 \u2013 kakovostne pihalnike ALD-52 \u2013 najbolj\u0161a zdravila v svetu\" \/>\n<meta property=\"og:description\" content=\"Kupite blotterje ALD-52 na spletu. kupite ALD-52\u00a0za prodajo in pridobite brezpla\u010dno dostavo v Zdru\u017eenem kraljestvu, ZDA ali Evropi. ALD-52 je N-acetilni derivat LSD. 100 mcg ALD-52 blotterji.\" \/>\n<meta property=\"og:url\" content=\"https:\/\/medicinasinc.com\/sl\/product\/buy-ald-52-blotterji\/\" \/>\n<meta property=\"og:site_name\" content=\"Medicinas Inc\" \/>\n<meta property=\"article:modified_time\" content=\"2022-03-19T00:29:40+00:00\" \/>\n<meta property=\"og:image\" content=\"https:\/\/medicinasinc.com\/sl\/wp-content\/uploads\/sites\/7\/2022\/02\/Buy-ALD-52-Blotters.jpg\" \/>\n\t<meta property=\"og:image:width\" content=\"350\" \/>\n\t<meta property=\"og:image:height\" content=\"350\" \/>\n\t<meta property=\"og:image:type\" content=\"image\/jpeg\" \/>\n<meta name=\"twitter:card\" content=\"summary_large_image\" \/>\n<meta name=\"twitter:label1\" content=\"Est. reading time\" \/>\n\t<meta name=\"twitter:data1\" content=\"2 minutes\" \/>\n<script type=\"application\/ld+json\" class=\"yoast-schema-graph\">{\"@context\":\"https:\\\/\\\/schema.org\",\"@graph\":[{\"@type\":\"WebPage\",\"@id\":\"https:\\\/\\\/medicinasinc.com\\\/sl\\\/product\\\/buy-ald-52-blotterji\\\/\",\"url\":\"https:\\\/\\\/medicinasinc.com\\\/sl\\\/product\\\/buy-ald-52-blotterji\\\/\",\"name\":\"Kupite pihalnike ALD-52 \u2013 kakovostne pihalnike ALD-52 \u2013 najbolj\u0161a zdravila v svetu\",\"isPartOf\":{\"@id\":\"https:\\\/\\\/medicinasinc.com\\\/sl\\\/#website\"},\"primaryImageOfPage\":{\"@id\":\"https:\\\/\\\/medicinasinc.com\\\/sl\\\/product\\\/buy-ald-52-blotterji\\\/#primaryimage\"},\"image\":{\"@id\":\"https:\\\/\\\/medicinasinc.com\\\/sl\\\/product\\\/buy-ald-52-blotterji\\\/#primaryimage\"},\"thumbnailUrl\":\"https:\\\/\\\/medicinasinc.com\\\/sl\\\/wp-content\\\/uploads\\\/sites\\\/7\\\/2022\\\/02\\\/Buy-ALD-52-Blotters.jpg\",\"datePublished\":\"2022-02-21T23:30:16+00:00\",\"dateModified\":\"2022-03-19T00:29:40+00:00\",\"description\":\"Kupite blotterje ALD-52 na spletu. kupite ALD-52\u00a0za prodajo in pridobite brezpla\u010dno dostavo v Zdru\u017eenem kraljestvu, ZDA ali Evropi. ALD-52 je N-acetilni derivat LSD. 100 mcg ALD-52 blotterji.\",\"breadcrumb\":{\"@id\":\"https:\\\/\\\/medicinasinc.com\\\/sl\\\/product\\\/buy-ald-52-blotterji\\\/#breadcrumb\"},\"inLanguage\":\"en-US\",\"potentialAction\":[{\"@type\":\"ReadAction\",\"target\":[\"https:\\\/\\\/medicinasinc.com\\\/sl\\\/product\\\/buy-ald-52-blotterji\\\/\"]}]},{\"@type\":\"ImageObject\",\"inLanguage\":\"en-US\",\"@id\":\"https:\\\/\\\/medicinasinc.com\\\/sl\\\/product\\\/buy-ald-52-blotterji\\\/#primaryimage\",\"url\":\"https:\\\/\\\/medicinasinc.com\\\/sl\\\/wp-content\\\/uploads\\\/sites\\\/7\\\/2022\\\/02\\\/Buy-ALD-52-Blotters.jpg\",\"contentUrl\":\"https:\\\/\\\/medicinasinc.com\\\/sl\\\/wp-content\\\/uploads\\\/sites\\\/7\\\/2022\\\/02\\\/Buy-ALD-52-Blotters.jpg\",\"width\":350,\"height\":350},{\"@type\":\"BreadcrumbList\",\"@id\":\"https:\\\/\\\/medicinasinc.com\\\/sl\\\/product\\\/buy-ald-52-blotterji\\\/#breadcrumb\",\"itemListElement\":[{\"@type\":\"ListItem\",\"position\":1,\"name\":\"Nakupujte\",\"item\":\"https:\\\/\\\/medicinasinc.com\\\/sl\\\/nakupujte\\\/\"},{\"@type\":\"ListItem\",\"position\":2,\"name\":\"Kupite pihalnike ALD-52\"}]},{\"@type\":\"WebSite\",\"@id\":\"https:\\\/\\\/medicinasinc.com\\\/sl\\\/#website\",\"url\":\"https:\\\/\\\/medicinasinc.com\\\/sl\\\/\",\"name\":\"Medicinas Inc\",\"description\":\"Health Medical Clinic\",\"potentialAction\":[{\"@type\":\"SearchAction\",\"target\":{\"@type\":\"EntryPoint\",\"urlTemplate\":\"https:\\\/\\\/medicinasinc.com\\\/sl\\\/?s={search_term_string}\"},\"query-input\":{\"@type\":\"PropertyValueSpecification\",\"valueRequired\":true,\"valueName\":\"search_term_string\"}}],\"inLanguage\":\"en-US\"}]}<\/script>\n<!-- \/ Yoast SEO plugin. -->","yoast_head_json":{"title":"Kupite pihalnike ALD-52 \u2013 kakovostne pihalnike ALD-52 \u2013 najbolj\u0161a zdravila v svetu","description":"Kupite blotterje ALD-52 na spletu. kupite ALD-52\u00a0za prodajo in pridobite brezpla\u010dno dostavo v Zdru\u017eenem kraljestvu, ZDA ali Evropi. ALD-52 je N-acetilni derivat LSD. 100 mcg ALD-52 blotterji.","robots":{"index":"index","follow":"follow","max-snippet":"max-snippet:-1","max-image-preview":"max-image-preview:large","max-video-preview":"max-video-preview:-1"},"canonical":"https:\/\/medicinasinc.com\/sl\/product\/buy-ald-52-blotterji\/","og_locale":"en_US","og_type":"article","og_title":"Kupite pihalnike ALD-52 \u2013 kakovostne pihalnike ALD-52 \u2013 najbolj\u0161a zdravila v svetu","og_description":"Kupite blotterje ALD-52 na spletu. kupite ALD-52\u00a0za prodajo in pridobite brezpla\u010dno dostavo v Zdru\u017eenem kraljestvu, ZDA ali Evropi. ALD-52 je N-acetilni derivat LSD. 100 mcg ALD-52 blotterji.","og_url":"https:\/\/medicinasinc.com\/sl\/product\/buy-ald-52-blotterji\/","og_site_name":"Medicinas Inc","article_modified_time":"2022-03-19T00:29:40+00:00","og_image":[{"width":350,"height":350,"url":"https:\/\/medicinasinc.com\/sl\/wp-content\/uploads\/sites\/7\/2022\/02\/Buy-ALD-52-Blotters.jpg","type":"image\/jpeg"}],"twitter_card":"summary_large_image","twitter_misc":{"Est. reading time":"2 minutes"},"schema":{"@context":"https:\/\/schema.org","@graph":[{"@type":"WebPage","@id":"https:\/\/medicinasinc.com\/sl\/product\/buy-ald-52-blotterji\/","url":"https:\/\/medicinasinc.com\/sl\/product\/buy-ald-52-blotterji\/","name":"Kupite pihalnike ALD-52 \u2013 kakovostne pihalnike ALD-52 \u2013 najbolj\u0161a zdravila v svetu","isPartOf":{"@id":"https:\/\/medicinasinc.com\/sl\/#website"},"primaryImageOfPage":{"@id":"https:\/\/medicinasinc.com\/sl\/product\/buy-ald-52-blotterji\/#primaryimage"},"image":{"@id":"https:\/\/medicinasinc.com\/sl\/product\/buy-ald-52-blotterji\/#primaryimage"},"thumbnailUrl":"https:\/\/medicinasinc.com\/sl\/wp-content\/uploads\/sites\/7\/2022\/02\/Buy-ALD-52-Blotters.jpg","datePublished":"2022-02-21T23:30:16+00:00","dateModified":"2022-03-19T00:29:40+00:00","description":"Kupite blotterje ALD-52 na spletu. kupite ALD-52\u00a0za prodajo in pridobite brezpla\u010dno dostavo v Zdru\u017eenem kraljestvu, ZDA ali Evropi. ALD-52 je N-acetilni derivat LSD. 100 mcg ALD-52 blotterji.","breadcrumb":{"@id":"https:\/\/medicinasinc.com\/sl\/product\/buy-ald-52-blotterji\/#breadcrumb"},"inLanguage":"en-US","potentialAction":[{"@type":"ReadAction","target":["https:\/\/medicinasinc.com\/sl\/product\/buy-ald-52-blotterji\/"]}]},{"@type":"ImageObject","inLanguage":"en-US","@id":"https:\/\/medicinasinc.com\/sl\/product\/buy-ald-52-blotterji\/#primaryimage","url":"https:\/\/medicinasinc.com\/sl\/wp-content\/uploads\/sites\/7\/2022\/02\/Buy-ALD-52-Blotters.jpg","contentUrl":"https:\/\/medicinasinc.com\/sl\/wp-content\/uploads\/sites\/7\/2022\/02\/Buy-ALD-52-Blotters.jpg","width":350,"height":350},{"@type":"BreadcrumbList","@id":"https:\/\/medicinasinc.com\/sl\/product\/buy-ald-52-blotterji\/#breadcrumb","itemListElement":[{"@type":"ListItem","position":1,"name":"Nakupujte","item":"https:\/\/medicinasinc.com\/sl\/nakupujte\/"},{"@type":"ListItem","position":2,"name":"Kupite pihalnike ALD-52"}]},{"@type":"WebSite","@id":"https:\/\/medicinasinc.com\/sl\/#website","url":"https:\/\/medicinasinc.com\/sl\/","name":"Medicinas Inc","description":"Health Medical Clinic","potentialAction":[{"@type":"SearchAction","target":{"@type":"EntryPoint","urlTemplate":"https:\/\/medicinasinc.com\/sl\/?s={search_term_string}"},"query-input":{"@type":"PropertyValueSpecification","valueRequired":true,"valueName":"search_term_string"}}],"inLanguage":"en-US"}]}},"_links":{"self":[{"href":"https:\/\/medicinasinc.com\/sl\/wp-json\/wp\/v2\/product\/5440","targetHints":{"allow":["GET"]}}],"collection":[{"href":"https:\/\/medicinasinc.com\/sl\/wp-json\/wp\/v2\/product"}],"about":[{"href":"https:\/\/medicinasinc.com\/sl\/wp-json\/wp\/v2\/types\/product"}],"replies":[{"embeddable":true,"href":"https:\/\/medicinasinc.com\/sl\/wp-json\/wp\/v2\/comments?post=5440"}],"wp:featuredmedia":[{"embeddable":true,"href":"https:\/\/medicinasinc.com\/sl\/wp-json\/wp\/v2\/media\/5449"}],"wp:attachment":[{"href":"https:\/\/medicinasinc.com\/sl\/wp-json\/wp\/v2\/media?parent=5440"}],"wp:term":[{"taxonomy":"product_brand","embeddable":true,"href":"https:\/\/medicinasinc.com\/sl\/wp-json\/wp\/v2\/product_brand?post=5440"},{"taxonomy":"product_cat","embeddable":true,"href":"https:\/\/medicinasinc.com\/sl\/wp-json\/wp\/v2\/product_cat?post=5440"},{"taxonomy":"product_tag","embeddable":true,"href":"https:\/\/medicinasinc.com\/sl\/wp-json\/wp\/v2\/product_tag?post=5440"}],"curies":[{"name":"wp","href":"https:\/\/api.w.org\/{rel}","templated":true}]}}