{"id":5419,"date":"2022-02-21T23:00:46","date_gmt":"2022-02-21T23:00:46","guid":{"rendered":"https:\/\/medicinasinc.com\/sl\/?post_type=product&#038;p=5419"},"modified":"2022-03-19T00:29:50","modified_gmt":"2022-03-19T00:29:50","slug":"buy-adb-pinaca-powder","status":"publish","type":"product","link":"https:\/\/medicinasinc.com\/sl\/product\/buy-adb-pinaca-powder\/","title":{"rendered":"Kupite ADB-PINACA prah"},"content":{"rendered":"<p><strong>Na voljo je ADB-Pinaca Powder visoke \u010distosti<\/strong><\/p>\n<p>Pra\u0161ek in kristalni metiopropamin\/MPA je mogo\u010de kupiti pri ADB-Pinaca Powder Purity 98 % Chemical Stock<\/p>\n<p>\u010cistost prahu ADB-Pinaca<\/p>\n<p>Proime: 5F-MDMB-PINACA 5F-ADB 5FADB ADB prah<br \/> \u0160t. blagajne: 68585-34-2<br \/> Molekularna formula: ADB<br \/> Videz: bel kristalini\u010den prah<br \/> Uporaba: farmacevtski vmesni produkt<br \/> \u010cas dostave: 4-7 dni za \u017ee pripravljeno blago<br \/> Pakiranje: 1 kg\/vre\u010da iz aluminijaste folije<br \/> Pristani\u0161\u010de: Tianjin<br \/> Proizvodna zmogljivost : 10000 kilogramov\/mesec<br \/> \u010cistost: &gt; 99,5%<br \/> Skladi\u0161\u010denje: ostanite na hladnem, suhem in dobro zaprto<br \/> Prevoz: EMS, DHL, FEDEX<br \/> Vsebnost vlage: \u2264 0,01<\/p>\n<p>Kupite <a href=\"https:\/\/en.wikipedia.org\/wiki\/ADB-PINACA\">ADB-Pinaca<\/a> \u010cistost prahu 98 % za prodajo, razi\u0161\u010dite prodajalce kemikalij, kupite raziskave kemikalij Kitajska, najbolj\u0161a stran za nakup raziskovalnih kemikalij, raziskovalnih kemikalij reddit, kemikalij za raziskave bodybuildinga, poceni raziskovalne kemikalije ZDA, nakup raziskav c hemicals online europe<\/p>\n<p>&nbsp;<\/p>\n<div class=\"product-next-previous\">\n<div class=\"product-prev\"><\/div><\/div>\n","protected":false},"excerpt":{"rendered":"<p>Kupite ADB-Pinaca prah visoke \u010distosti. Kupite ADB-Pinaca Powder Purity 98 % Chemical Stock na voljo v Powder &amp; Crystal<\/p>\n<p>Kupite ADB-Pinaca pra\u0161ek\u00a0za prodajo v Evropi, Zdru\u017eenem kraljestvu, EU, na Kitajskem \u010cistost 98 % kemi\u010dna zaloga je na voljo v\u00a0prahu\u00a0&amp; CrystalMethiopropamine\/MPA\u00a0ADB-Pinaca v prahu\u00a0\u010cistost.<\/p>\n","protected":false},"featured_media":5431,"comment_status":"open","ping_status":"closed","template":"","meta":[],"product_brand":[],"product_cat":[2014],"product_tag":[2632,2634,2635,2637,2633,2640,2643,2642,2641,2636,2644,2646,2645,2647,2638,2648,2649,2639],"class_list":{"0":"post-5419","1":"product","2":"type-product","3":"status-publish","4":"has-post-thumbnail","6":"product_cat-nakup-raziskave-kemikalije","7":"product_tag-adb-fubinaca-per-gram","8":"product_tag-adb-fubinaca-review","9":"product_tag-adb-fubinaca-suppliers","10":"product_tag-buy-online-adb-fubinaca","11":"product_tag-adb-fubinaca-cena","12":"product_tag-fubinaca-uinki","13":"product_tag-how-to-purchase-adb-fubinaca","14":"product_tag-kako-kupiti-adb-fubins","15":"product_tag-koliko-hitrost-stane-adb-fubinaca","16":"product_tag-buy-adb-fubinaca","17":"product_tag-low-price-adb-fubinaca","18":"product_tag-mdmb-fubinaca","19":"product_tag-nizka-stopnja-adb-fubinaca","20":"product_tag-online-buy-adb-fubinaca","21":"product_tag-opis-adb-fubinaca","22":"product_tag-order-adb-fubinaca","23":"product_tag-pregled-adb-fubinaca","24":"product_tag-za-prodaja-adb-fubinaca","26":"first","27":"instock","28":"shipping-taxable","29":"purchasable","30":"product-type-variable","31":"has-default-attributes"},"yoast_head":"<!-- This site is optimized with the Yoast SEO plugin v27.3 - https:\/\/yoast.com\/product\/yoast-seo-wordpress\/ -->\n<title>Kupite ADB-PINACA pra\u0161ek - ADB-PINACA - najbolj\u0161a najbolj\u0161a zdravila na svetu<\/title>\n<meta name=\"description\" content=\"Kupite prah ADB-Pinaca\u00a0za prodajo v Evropi, Zdru\u017eenem kraljestvu, EU, na Kitajskem \u010cistost 98 % zaloge kemikalij v\u00a0prahu\u00a0&amp; CrystalMethiopropamine\/MPA\u00a0ADB-Pinaca v prahu.\" \/>\n<meta name=\"robots\" content=\"index, follow, max-snippet:-1, max-image-preview:large, max-video-preview:-1\" \/>\n<link rel=\"canonical\" href=\"https:\/\/medicinasinc.com\/sl\/product\/buy-adb-pinaca-powder\/\" \/>\n<meta property=\"og:locale\" content=\"en_US\" \/>\n<meta property=\"og:type\" content=\"article\" \/>\n<meta property=\"og:title\" content=\"Kupite ADB-PINACA pra\u0161ek - ADB-PINACA - najbolj\u0161a najbolj\u0161a zdravila na svetu\" \/>\n<meta property=\"og:description\" content=\"Kupite prah ADB-Pinaca\u00a0za prodajo v Evropi, Zdru\u017eenem kraljestvu, EU, na Kitajskem \u010cistost 98 % zaloge kemikalij v\u00a0prahu\u00a0&amp; CrystalMethiopropamine\/MPA\u00a0ADB-Pinaca v prahu.\" \/>\n<meta property=\"og:url\" content=\"https:\/\/medicinasinc.com\/sl\/product\/buy-adb-pinaca-powder\/\" \/>\n<meta property=\"og:site_name\" content=\"Medicinas Inc\" \/>\n<meta property=\"article:modified_time\" content=\"2022-03-19T00:29:50+00:00\" \/>\n<meta property=\"og:image\" content=\"https:\/\/medicinasinc.com\/sl\/wp-content\/uploads\/sites\/7\/2022\/02\/Buy-ADB-Pinaca-Powder.png\" \/>\n\t<meta property=\"og:image:width\" content=\"600\" \/>\n\t<meta property=\"og:image:height\" content=\"400\" \/>\n\t<meta property=\"og:image:type\" content=\"image\/png\" \/>\n<meta name=\"twitter:card\" content=\"summary_large_image\" \/>\n<meta name=\"twitter:label1\" content=\"Est. reading time\" \/>\n\t<meta name=\"twitter:data1\" content=\"1 minute\" \/>\n<script type=\"application\/ld+json\" class=\"yoast-schema-graph\">{\"@context\":\"https:\\\/\\\/schema.org\",\"@graph\":[{\"@type\":\"WebPage\",\"@id\":\"https:\\\/\\\/medicinasinc.com\\\/sl\\\/product\\\/buy-adb-pinaca-powder\\\/\",\"url\":\"https:\\\/\\\/medicinasinc.com\\\/sl\\\/product\\\/buy-adb-pinaca-powder\\\/\",\"name\":\"Kupite ADB-PINACA pra\u0161ek - ADB-PINACA - najbolj\u0161a najbolj\u0161a zdravila na svetu\",\"isPartOf\":{\"@id\":\"https:\\\/\\\/medicinasinc.com\\\/sl\\\/#website\"},\"primaryImageOfPage\":{\"@id\":\"https:\\\/\\\/medicinasinc.com\\\/sl\\\/product\\\/buy-adb-pinaca-powder\\\/#primaryimage\"},\"image\":{\"@id\":\"https:\\\/\\\/medicinasinc.com\\\/sl\\\/product\\\/buy-adb-pinaca-powder\\\/#primaryimage\"},\"thumbnailUrl\":\"https:\\\/\\\/medicinasinc.com\\\/sl\\\/wp-content\\\/uploads\\\/sites\\\/7\\\/2022\\\/02\\\/Buy-ADB-Pinaca-Powder.png\",\"datePublished\":\"2022-02-21T23:00:46+00:00\",\"dateModified\":\"2022-03-19T00:29:50+00:00\",\"description\":\"Kupite prah ADB-Pinaca\u00a0za prodajo v Evropi, Zdru\u017eenem kraljestvu, EU, na Kitajskem \u010cistost 98 % zaloge kemikalij v\u00a0prahu\u00a0&amp; CrystalMethiopropamine\\\/MPA\u00a0ADB-Pinaca v prahu.\",\"breadcrumb\":{\"@id\":\"https:\\\/\\\/medicinasinc.com\\\/sl\\\/product\\\/buy-adb-pinaca-powder\\\/#breadcrumb\"},\"inLanguage\":\"en-US\",\"potentialAction\":[{\"@type\":\"ReadAction\",\"target\":[\"https:\\\/\\\/medicinasinc.com\\\/sl\\\/product\\\/buy-adb-pinaca-powder\\\/\"]}]},{\"@type\":\"ImageObject\",\"inLanguage\":\"en-US\",\"@id\":\"https:\\\/\\\/medicinasinc.com\\\/sl\\\/product\\\/buy-adb-pinaca-powder\\\/#primaryimage\",\"url\":\"https:\\\/\\\/medicinasinc.com\\\/sl\\\/wp-content\\\/uploads\\\/sites\\\/7\\\/2022\\\/02\\\/Buy-ADB-Pinaca-Powder.png\",\"contentUrl\":\"https:\\\/\\\/medicinasinc.com\\\/sl\\\/wp-content\\\/uploads\\\/sites\\\/7\\\/2022\\\/02\\\/Buy-ADB-Pinaca-Powder.png\",\"width\":600,\"height\":400},{\"@type\":\"BreadcrumbList\",\"@id\":\"https:\\\/\\\/medicinasinc.com\\\/sl\\\/product\\\/buy-adb-pinaca-powder\\\/#breadcrumb\",\"itemListElement\":[{\"@type\":\"ListItem\",\"position\":1,\"name\":\"Nakupujte\",\"item\":\"https:\\\/\\\/medicinasinc.com\\\/sl\\\/nakupujte\\\/\"},{\"@type\":\"ListItem\",\"position\":2,\"name\":\"Kupite ADB-PINACA prah\"}]},{\"@type\":\"WebSite\",\"@id\":\"https:\\\/\\\/medicinasinc.com\\\/sl\\\/#website\",\"url\":\"https:\\\/\\\/medicinasinc.com\\\/sl\\\/\",\"name\":\"Medicinas Inc\",\"description\":\"Health Medical Clinic\",\"potentialAction\":[{\"@type\":\"SearchAction\",\"target\":{\"@type\":\"EntryPoint\",\"urlTemplate\":\"https:\\\/\\\/medicinasinc.com\\\/sl\\\/?s={search_term_string}\"},\"query-input\":{\"@type\":\"PropertyValueSpecification\",\"valueRequired\":true,\"valueName\":\"search_term_string\"}}],\"inLanguage\":\"en-US\"}]}<\/script>\n<!-- \/ Yoast SEO plugin. -->","yoast_head_json":{"title":"Kupite ADB-PINACA pra\u0161ek - ADB-PINACA - najbolj\u0161a najbolj\u0161a zdravila na svetu","description":"Kupite prah ADB-Pinaca\u00a0za prodajo v Evropi, Zdru\u017eenem kraljestvu, EU, na Kitajskem \u010cistost 98 % zaloge kemikalij v\u00a0prahu\u00a0&amp; CrystalMethiopropamine\/MPA\u00a0ADB-Pinaca v prahu.","robots":{"index":"index","follow":"follow","max-snippet":"max-snippet:-1","max-image-preview":"max-image-preview:large","max-video-preview":"max-video-preview:-1"},"canonical":"https:\/\/medicinasinc.com\/sl\/product\/buy-adb-pinaca-powder\/","og_locale":"en_US","og_type":"article","og_title":"Kupite ADB-PINACA pra\u0161ek - ADB-PINACA - najbolj\u0161a najbolj\u0161a zdravila na svetu","og_description":"Kupite prah ADB-Pinaca\u00a0za prodajo v Evropi, Zdru\u017eenem kraljestvu, EU, na Kitajskem \u010cistost 98 % zaloge kemikalij v\u00a0prahu\u00a0&amp; CrystalMethiopropamine\/MPA\u00a0ADB-Pinaca v prahu.","og_url":"https:\/\/medicinasinc.com\/sl\/product\/buy-adb-pinaca-powder\/","og_site_name":"Medicinas Inc","article_modified_time":"2022-03-19T00:29:50+00:00","og_image":[{"width":600,"height":400,"url":"https:\/\/medicinasinc.com\/sl\/wp-content\/uploads\/sites\/7\/2022\/02\/Buy-ADB-Pinaca-Powder.png","type":"image\/png"}],"twitter_card":"summary_large_image","twitter_misc":{"Est. reading time":"1 minute"},"schema":{"@context":"https:\/\/schema.org","@graph":[{"@type":"WebPage","@id":"https:\/\/medicinasinc.com\/sl\/product\/buy-adb-pinaca-powder\/","url":"https:\/\/medicinasinc.com\/sl\/product\/buy-adb-pinaca-powder\/","name":"Kupite ADB-PINACA pra\u0161ek - ADB-PINACA - najbolj\u0161a najbolj\u0161a zdravila na svetu","isPartOf":{"@id":"https:\/\/medicinasinc.com\/sl\/#website"},"primaryImageOfPage":{"@id":"https:\/\/medicinasinc.com\/sl\/product\/buy-adb-pinaca-powder\/#primaryimage"},"image":{"@id":"https:\/\/medicinasinc.com\/sl\/product\/buy-adb-pinaca-powder\/#primaryimage"},"thumbnailUrl":"https:\/\/medicinasinc.com\/sl\/wp-content\/uploads\/sites\/7\/2022\/02\/Buy-ADB-Pinaca-Powder.png","datePublished":"2022-02-21T23:00:46+00:00","dateModified":"2022-03-19T00:29:50+00:00","description":"Kupite prah ADB-Pinaca\u00a0za prodajo v Evropi, Zdru\u017eenem kraljestvu, EU, na Kitajskem \u010cistost 98 % zaloge kemikalij v\u00a0prahu\u00a0&amp; CrystalMethiopropamine\/MPA\u00a0ADB-Pinaca v prahu.","breadcrumb":{"@id":"https:\/\/medicinasinc.com\/sl\/product\/buy-adb-pinaca-powder\/#breadcrumb"},"inLanguage":"en-US","potentialAction":[{"@type":"ReadAction","target":["https:\/\/medicinasinc.com\/sl\/product\/buy-adb-pinaca-powder\/"]}]},{"@type":"ImageObject","inLanguage":"en-US","@id":"https:\/\/medicinasinc.com\/sl\/product\/buy-adb-pinaca-powder\/#primaryimage","url":"https:\/\/medicinasinc.com\/sl\/wp-content\/uploads\/sites\/7\/2022\/02\/Buy-ADB-Pinaca-Powder.png","contentUrl":"https:\/\/medicinasinc.com\/sl\/wp-content\/uploads\/sites\/7\/2022\/02\/Buy-ADB-Pinaca-Powder.png","width":600,"height":400},{"@type":"BreadcrumbList","@id":"https:\/\/medicinasinc.com\/sl\/product\/buy-adb-pinaca-powder\/#breadcrumb","itemListElement":[{"@type":"ListItem","position":1,"name":"Nakupujte","item":"https:\/\/medicinasinc.com\/sl\/nakupujte\/"},{"@type":"ListItem","position":2,"name":"Kupite ADB-PINACA prah"}]},{"@type":"WebSite","@id":"https:\/\/medicinasinc.com\/sl\/#website","url":"https:\/\/medicinasinc.com\/sl\/","name":"Medicinas Inc","description":"Health Medical Clinic","potentialAction":[{"@type":"SearchAction","target":{"@type":"EntryPoint","urlTemplate":"https:\/\/medicinasinc.com\/sl\/?s={search_term_string}"},"query-input":{"@type":"PropertyValueSpecification","valueRequired":true,"valueName":"search_term_string"}}],"inLanguage":"en-US"}]}},"_links":{"self":[{"href":"https:\/\/medicinasinc.com\/sl\/wp-json\/wp\/v2\/product\/5419","targetHints":{"allow":["GET"]}}],"collection":[{"href":"https:\/\/medicinasinc.com\/sl\/wp-json\/wp\/v2\/product"}],"about":[{"href":"https:\/\/medicinasinc.com\/sl\/wp-json\/wp\/v2\/types\/product"}],"replies":[{"embeddable":true,"href":"https:\/\/medicinasinc.com\/sl\/wp-json\/wp\/v2\/comments?post=5419"}],"wp:featuredmedia":[{"embeddable":true,"href":"https:\/\/medicinasinc.com\/sl\/wp-json\/wp\/v2\/media\/5431"}],"wp:attachment":[{"href":"https:\/\/medicinasinc.com\/sl\/wp-json\/wp\/v2\/media?parent=5419"}],"wp:term":[{"taxonomy":"product_brand","embeddable":true,"href":"https:\/\/medicinasinc.com\/sl\/wp-json\/wp\/v2\/product_brand?post=5419"},{"taxonomy":"product_cat","embeddable":true,"href":"https:\/\/medicinasinc.com\/sl\/wp-json\/wp\/v2\/product_cat?post=5419"},{"taxonomy":"product_tag","embeddable":true,"href":"https:\/\/medicinasinc.com\/sl\/wp-json\/wp\/v2\/product_tag?post=5419"}],"curies":[{"name":"wp","href":"https:\/\/api.w.org\/{rel}","templated":true}]}}