{"id":5418,"date":"2022-02-21T22:59:50","date_gmt":"2022-02-21T22:59:50","guid":{"rendered":"https:\/\/medicinasinc.com\/sl\/?post_type=product&#038;p=5418"},"modified":"2022-03-19T00:29:59","modified_gmt":"2022-03-19T00:29:59","slug":"kupi-acetil-fentanil-prah-99-cisto-na-spletu","status":"publish","type":"product","link":"https:\/\/medicinasinc.com\/sl\/product\/kupi-acetil-fentanil-prah-99-cisto-na-spletu\/","title":{"rendered":"Kupite acetil fentanil v prahu (99 %+ \u010dist) na spletu"},"content":{"rendered":"<p>Kupite acetil fentanil v prahu (99 %+ \u010dist) na spletu<\/p>\n<p>KUPITE ACETYL FENTANIL (HIDROKLORID)<\/p>\n<p>Acetil fentanil (hidroklorid) je pogosto predpisan sinteti\u010dni opioid.<\/p>\n<p>U\u010cINKI ACETYL FENTANYLA (HIDROKLORIDA)<\/p>\n<p>Med jemanjem acetil fentanila (hidroklorida) lahko uporabnik do\u017eivi znatno evforijo, dvig razpolo\u017eenja, laj\u0161anje bole\u010din in sedacijo.<\/p>\n<p>Zaprtje, zaspanost. , nezavest in depresija dihanja so vsi mo\u017eni ne\u017eeleni u\u010dinki tega zdravila.<\/p>\n<p>ACETYL FENTANIL (HIDROKLORID) &#8211; KJE KUPITI?<\/p>\n<p>Acetil fentanil (hidroklorid) je na voljo za nakup na spletu na Spletna lekarna All Care Express. Ta izdelek lahko kupite brez recepta po najbolj\u0161ih cenah, ki so na voljo tukaj. Naro\u010dite Acetil Fentanil (Hidroklorid) na spletu zdaj in vam ga pravo\u010dasno dostavijo do vrat.<\/p>\n","protected":false},"excerpt":{"rendered":"<p>Kupite acetil fentanil v prahu (99 %+ \u010dist) na spletu. Uporablja se za hude, dolgotrajne bole\u010dine, ki jih ni mogo\u010de nadzorovati z drugimi zdravili. To zdravilo je mo\u010dno narkoti\u010dno laj\u0161anje bole\u010din.<\/p>\n<p>Kupite acetil fentanil na spletu \u2013 v spletni lekarni bestglobalmeds.com po ugodnih in dostopnih cenah z brezpla\u010dno varno in hitro dostavo<\/p>\n","protected":false},"featured_media":5429,"comment_status":"open","ping_status":"closed","template":"","meta":[],"product_brand":[],"product_cat":[2014],"product_tag":[],"class_list":{"0":"post-5418","1":"product","2":"type-product","3":"status-publish","4":"has-post-thumbnail","6":"product_cat-nakup-raziskave-kemikalije","8":"first","9":"instock","10":"shipping-taxable","11":"purchasable","12":"product-type-variable","13":"has-default-attributes"},"yoast_head":"<!-- This site is optimized with the Yoast SEO plugin v27.3 - https:\/\/yoast.com\/product\/yoast-seo-wordpress\/ -->\n<title>Kupite acetil fentanil v prahu (99 %+ \u010dist) na spletu \u2013 najbolj\u0161a zdravila na svetu<\/title>\n<meta name=\"description\" content=\"Kupite acetil fentanil v prahu (99%+ \u010dist) na spletu. Uporablja se za hude, dolgotrajne bole\u010dine, ki jih ni mogo\u010de nadzorovati z drugimi zdravili. To zdravilo je mo\u010dno narkoti\u010dno sredstvo proti bole\u010dinam.\" \/>\n<meta name=\"robots\" content=\"index, follow, max-snippet:-1, max-image-preview:large, max-video-preview:-1\" \/>\n<link rel=\"canonical\" href=\"https:\/\/medicinasinc.com\/sl\/product\/kupi-acetil-fentanil-prah-99-cisto-na-spletu\/\" \/>\n<meta property=\"og:locale\" content=\"en_US\" \/>\n<meta property=\"og:type\" content=\"article\" \/>\n<meta property=\"og:title\" content=\"Kupite acetil fentanil v prahu (99 %+ \u010dist) na spletu \u2013 najbolj\u0161a zdravila na svetu\" \/>\n<meta property=\"og:description\" content=\"Kupite acetil fentanil v prahu (99%+ \u010dist) na spletu. Uporablja se za hude, dolgotrajne bole\u010dine, ki jih ni mogo\u010de nadzorovati z drugimi zdravili. To zdravilo je mo\u010dno narkoti\u010dno sredstvo proti bole\u010dinam.\" \/>\n<meta property=\"og:url\" content=\"https:\/\/medicinasinc.com\/sl\/product\/kupi-acetil-fentanil-prah-99-cisto-na-spletu\/\" \/>\n<meta property=\"og:site_name\" content=\"Medicinas Inc\" \/>\n<meta property=\"article:modified_time\" content=\"2022-03-19T00:29:59+00:00\" \/>\n<meta property=\"og:image\" content=\"https:\/\/medicinasinc.com\/sl\/wp-content\/uploads\/sites\/7\/2022\/02\/Buy-Acetyl-Fentanyl-Powder-99-Pure-online.jpg\" \/>\n\t<meta property=\"og:image:width\" content=\"600\" \/>\n\t<meta property=\"og:image:height\" content=\"600\" \/>\n\t<meta property=\"og:image:type\" content=\"image\/jpeg\" \/>\n<meta name=\"twitter:card\" content=\"summary_large_image\" \/>\n<meta name=\"twitter:label1\" content=\"Est. reading time\" \/>\n\t<meta name=\"twitter:data1\" content=\"1 minute\" \/>\n<script type=\"application\/ld+json\" class=\"yoast-schema-graph\">{\"@context\":\"https:\\\/\\\/schema.org\",\"@graph\":[{\"@type\":\"WebPage\",\"@id\":\"https:\\\/\\\/medicinasinc.com\\\/sl\\\/product\\\/kupi-acetil-fentanil-prah-99-cisto-na-spletu\\\/\",\"url\":\"https:\\\/\\\/medicinasinc.com\\\/sl\\\/product\\\/kupi-acetil-fentanil-prah-99-cisto-na-spletu\\\/\",\"name\":\"Kupite acetil fentanil v prahu (99 %+ \u010dist) na spletu \u2013 najbolj\u0161a zdravila na svetu\",\"isPartOf\":{\"@id\":\"https:\\\/\\\/medicinasinc.com\\\/sl\\\/#website\"},\"primaryImageOfPage\":{\"@id\":\"https:\\\/\\\/medicinasinc.com\\\/sl\\\/product\\\/kupi-acetil-fentanil-prah-99-cisto-na-spletu\\\/#primaryimage\"},\"image\":{\"@id\":\"https:\\\/\\\/medicinasinc.com\\\/sl\\\/product\\\/kupi-acetil-fentanil-prah-99-cisto-na-spletu\\\/#primaryimage\"},\"thumbnailUrl\":\"https:\\\/\\\/medicinasinc.com\\\/sl\\\/wp-content\\\/uploads\\\/sites\\\/7\\\/2022\\\/02\\\/Buy-Acetyl-Fentanyl-Powder-99-Pure-online.jpg\",\"datePublished\":\"2022-02-21T22:59:50+00:00\",\"dateModified\":\"2022-03-19T00:29:59+00:00\",\"description\":\"Kupite acetil fentanil v prahu (99%+ \u010dist) na spletu. Uporablja se za hude, dolgotrajne bole\u010dine, ki jih ni mogo\u010de nadzorovati z drugimi zdravili. To zdravilo je mo\u010dno narkoti\u010dno sredstvo proti bole\u010dinam.\",\"breadcrumb\":{\"@id\":\"https:\\\/\\\/medicinasinc.com\\\/sl\\\/product\\\/kupi-acetil-fentanil-prah-99-cisto-na-spletu\\\/#breadcrumb\"},\"inLanguage\":\"en-US\",\"potentialAction\":[{\"@type\":\"ReadAction\",\"target\":[\"https:\\\/\\\/medicinasinc.com\\\/sl\\\/product\\\/kupi-acetil-fentanil-prah-99-cisto-na-spletu\\\/\"]}]},{\"@type\":\"ImageObject\",\"inLanguage\":\"en-US\",\"@id\":\"https:\\\/\\\/medicinasinc.com\\\/sl\\\/product\\\/kupi-acetil-fentanil-prah-99-cisto-na-spletu\\\/#primaryimage\",\"url\":\"https:\\\/\\\/medicinasinc.com\\\/sl\\\/wp-content\\\/uploads\\\/sites\\\/7\\\/2022\\\/02\\\/Buy-Acetyl-Fentanyl-Powder-99-Pure-online.jpg\",\"contentUrl\":\"https:\\\/\\\/medicinasinc.com\\\/sl\\\/wp-content\\\/uploads\\\/sites\\\/7\\\/2022\\\/02\\\/Buy-Acetyl-Fentanyl-Powder-99-Pure-online.jpg\",\"width\":600,\"height\":600},{\"@type\":\"BreadcrumbList\",\"@id\":\"https:\\\/\\\/medicinasinc.com\\\/sl\\\/product\\\/kupi-acetil-fentanil-prah-99-cisto-na-spletu\\\/#breadcrumb\",\"itemListElement\":[{\"@type\":\"ListItem\",\"position\":1,\"name\":\"Nakupujte\",\"item\":\"https:\\\/\\\/medicinasinc.com\\\/sl\\\/nakupujte\\\/\"},{\"@type\":\"ListItem\",\"position\":2,\"name\":\"Kupite acetil fentanil v prahu (99 %+ \u010dist) na spletu\"}]},{\"@type\":\"WebSite\",\"@id\":\"https:\\\/\\\/medicinasinc.com\\\/sl\\\/#website\",\"url\":\"https:\\\/\\\/medicinasinc.com\\\/sl\\\/\",\"name\":\"Medicinas Inc\",\"description\":\"Health Medical Clinic\",\"potentialAction\":[{\"@type\":\"SearchAction\",\"target\":{\"@type\":\"EntryPoint\",\"urlTemplate\":\"https:\\\/\\\/medicinasinc.com\\\/sl\\\/?s={search_term_string}\"},\"query-input\":{\"@type\":\"PropertyValueSpecification\",\"valueRequired\":true,\"valueName\":\"search_term_string\"}}],\"inLanguage\":\"en-US\"}]}<\/script>\n<!-- \/ Yoast SEO plugin. -->","yoast_head_json":{"title":"Kupite acetil fentanil v prahu (99 %+ \u010dist) na spletu \u2013 najbolj\u0161a zdravila na svetu","description":"Kupite acetil fentanil v prahu (99%+ \u010dist) na spletu. Uporablja se za hude, dolgotrajne bole\u010dine, ki jih ni mogo\u010de nadzorovati z drugimi zdravili. To zdravilo je mo\u010dno narkoti\u010dno sredstvo proti bole\u010dinam.","robots":{"index":"index","follow":"follow","max-snippet":"max-snippet:-1","max-image-preview":"max-image-preview:large","max-video-preview":"max-video-preview:-1"},"canonical":"https:\/\/medicinasinc.com\/sl\/product\/kupi-acetil-fentanil-prah-99-cisto-na-spletu\/","og_locale":"en_US","og_type":"article","og_title":"Kupite acetil fentanil v prahu (99 %+ \u010dist) na spletu \u2013 najbolj\u0161a zdravila na svetu","og_description":"Kupite acetil fentanil v prahu (99%+ \u010dist) na spletu. Uporablja se za hude, dolgotrajne bole\u010dine, ki jih ni mogo\u010de nadzorovati z drugimi zdravili. To zdravilo je mo\u010dno narkoti\u010dno sredstvo proti bole\u010dinam.","og_url":"https:\/\/medicinasinc.com\/sl\/product\/kupi-acetil-fentanil-prah-99-cisto-na-spletu\/","og_site_name":"Medicinas Inc","article_modified_time":"2022-03-19T00:29:59+00:00","og_image":[{"width":600,"height":600,"url":"https:\/\/medicinasinc.com\/sl\/wp-content\/uploads\/sites\/7\/2022\/02\/Buy-Acetyl-Fentanyl-Powder-99-Pure-online.jpg","type":"image\/jpeg"}],"twitter_card":"summary_large_image","twitter_misc":{"Est. reading time":"1 minute"},"schema":{"@context":"https:\/\/schema.org","@graph":[{"@type":"WebPage","@id":"https:\/\/medicinasinc.com\/sl\/product\/kupi-acetil-fentanil-prah-99-cisto-na-spletu\/","url":"https:\/\/medicinasinc.com\/sl\/product\/kupi-acetil-fentanil-prah-99-cisto-na-spletu\/","name":"Kupite acetil fentanil v prahu (99 %+ \u010dist) na spletu \u2013 najbolj\u0161a zdravila na svetu","isPartOf":{"@id":"https:\/\/medicinasinc.com\/sl\/#website"},"primaryImageOfPage":{"@id":"https:\/\/medicinasinc.com\/sl\/product\/kupi-acetil-fentanil-prah-99-cisto-na-spletu\/#primaryimage"},"image":{"@id":"https:\/\/medicinasinc.com\/sl\/product\/kupi-acetil-fentanil-prah-99-cisto-na-spletu\/#primaryimage"},"thumbnailUrl":"https:\/\/medicinasinc.com\/sl\/wp-content\/uploads\/sites\/7\/2022\/02\/Buy-Acetyl-Fentanyl-Powder-99-Pure-online.jpg","datePublished":"2022-02-21T22:59:50+00:00","dateModified":"2022-03-19T00:29:59+00:00","description":"Kupite acetil fentanil v prahu (99%+ \u010dist) na spletu. Uporablja se za hude, dolgotrajne bole\u010dine, ki jih ni mogo\u010de nadzorovati z drugimi zdravili. To zdravilo je mo\u010dno narkoti\u010dno sredstvo proti bole\u010dinam.","breadcrumb":{"@id":"https:\/\/medicinasinc.com\/sl\/product\/kupi-acetil-fentanil-prah-99-cisto-na-spletu\/#breadcrumb"},"inLanguage":"en-US","potentialAction":[{"@type":"ReadAction","target":["https:\/\/medicinasinc.com\/sl\/product\/kupi-acetil-fentanil-prah-99-cisto-na-spletu\/"]}]},{"@type":"ImageObject","inLanguage":"en-US","@id":"https:\/\/medicinasinc.com\/sl\/product\/kupi-acetil-fentanil-prah-99-cisto-na-spletu\/#primaryimage","url":"https:\/\/medicinasinc.com\/sl\/wp-content\/uploads\/sites\/7\/2022\/02\/Buy-Acetyl-Fentanyl-Powder-99-Pure-online.jpg","contentUrl":"https:\/\/medicinasinc.com\/sl\/wp-content\/uploads\/sites\/7\/2022\/02\/Buy-Acetyl-Fentanyl-Powder-99-Pure-online.jpg","width":600,"height":600},{"@type":"BreadcrumbList","@id":"https:\/\/medicinasinc.com\/sl\/product\/kupi-acetil-fentanil-prah-99-cisto-na-spletu\/#breadcrumb","itemListElement":[{"@type":"ListItem","position":1,"name":"Nakupujte","item":"https:\/\/medicinasinc.com\/sl\/nakupujte\/"},{"@type":"ListItem","position":2,"name":"Kupite acetil fentanil v prahu (99 %+ \u010dist) na spletu"}]},{"@type":"WebSite","@id":"https:\/\/medicinasinc.com\/sl\/#website","url":"https:\/\/medicinasinc.com\/sl\/","name":"Medicinas Inc","description":"Health Medical Clinic","potentialAction":[{"@type":"SearchAction","target":{"@type":"EntryPoint","urlTemplate":"https:\/\/medicinasinc.com\/sl\/?s={search_term_string}"},"query-input":{"@type":"PropertyValueSpecification","valueRequired":true,"valueName":"search_term_string"}}],"inLanguage":"en-US"}]}},"_links":{"self":[{"href":"https:\/\/medicinasinc.com\/sl\/wp-json\/wp\/v2\/product\/5418","targetHints":{"allow":["GET"]}}],"collection":[{"href":"https:\/\/medicinasinc.com\/sl\/wp-json\/wp\/v2\/product"}],"about":[{"href":"https:\/\/medicinasinc.com\/sl\/wp-json\/wp\/v2\/types\/product"}],"replies":[{"embeddable":true,"href":"https:\/\/medicinasinc.com\/sl\/wp-json\/wp\/v2\/comments?post=5418"}],"wp:featuredmedia":[{"embeddable":true,"href":"https:\/\/medicinasinc.com\/sl\/wp-json\/wp\/v2\/media\/5429"}],"wp:attachment":[{"href":"https:\/\/medicinasinc.com\/sl\/wp-json\/wp\/v2\/media?parent=5418"}],"wp:term":[{"taxonomy":"product_brand","embeddable":true,"href":"https:\/\/medicinasinc.com\/sl\/wp-json\/wp\/v2\/product_brand?post=5418"},{"taxonomy":"product_cat","embeddable":true,"href":"https:\/\/medicinasinc.com\/sl\/wp-json\/wp\/v2\/product_cat?post=5418"},{"taxonomy":"product_tag","embeddable":true,"href":"https:\/\/medicinasinc.com\/sl\/wp-json\/wp\/v2\/product_tag?post=5418"}],"curies":[{"name":"wp","href":"https:\/\/api.w.org\/{rel}","templated":true}]}}