{"id":5417,"date":"2022-02-21T22:57:54","date_gmt":"2022-02-21T22:57:54","guid":{"rendered":"https:\/\/medicinasinc.com\/sl\/?post_type=product&#038;p=5417"},"modified":"2022-03-19T00:30:11","modified_gmt":"2022-03-19T00:30:11","slug":"kupi-5f-mdmb-2201-5f-mmb-pica-5f-amb-pica","status":"publish","type":"product","link":"https:\/\/medicinasinc.com\/sl\/product\/kupi-5f-mdmb-2201-5f-mmb-pica-5f-amb-pica\/","title":{"rendered":"Kupite 5F MDMB 2201 &#8211; 5F-MMB-PICA, 5F-AMB-PICA"},"content":{"rendered":"<h1>Kupite 5f MDMB 2201 Crystals na spletu.<\/h1>\n<p>Kupite 5f MDMB 2201 Crystals na spletu.<\/p>\n<p>Gre za indazol 3 karboksamid, ki ga za\u010denjamo videti v izdelkih iz sinteti\u010dne konoplje po vsem svetu. .<\/p>\n<p>Farmakologija:<br \/> Za 5F-MDMB-2201 velja, da je zelo mo\u010dan agonist CB1, vendar ni znano, ali ima mo\u010dno selektivnost za CB1 ali je selektiven pri vse. Na tem podro\u010dju bo potrebno ve\u010d testiranja.<\/p>\n<p>Podobne spojine:<br \/> 5F-AB-PINACA<br \/> PX-3<br \/> MDMB-FUBINACA<br \/> MDMB-CHMICA<br \/> APINACA<br \/> APICA<br \/> ADB-PINACA<br \/> ADBICA<br \/> ADB-FUBINACA<br \/> ADB-CHMINACA<br \/> AB-PINACA<br \/> AB-FUBINACA<br \/> AB-CHMINACA<br \/> AB-CHFUPYCA<br \/> 5F-APINACA<br \/> 5F-AMB<\/p>\n<p>Zakonitost:<br \/> 5F-MDMB-2201 ni znano, da je trenutno velja za nadzorovano snov v kateri koli dr\u017eavi ali ve\u010dji jurisdikciji, vendar se lahko \u0161teje za analog 5F-ADB ali sorodnih spojin. Zaradi tega bi lahko bila njegova prodaja ali posedovanje nezakonita v nekaterih jurisdikcijah, zato je treba biti previden pri uvozu te kemikalije.<br \/> 5F-MDMB-2201 se prodaja izklju\u010dno kot raziskovalna kemikalija in zato ni primeren za prehrano ljudi ali \u017eivali. Uporabljati ga mora samo usposobljeno osebje v laboratoriju ali forenzi\u010dnem okolju.<\/p>\n","protected":false},"excerpt":{"rendered":"<p>Kupite MMB-2201, 5F MDMB 2201 za prodajo UK, Evropa (znan tudi kot 5F-MMB-PICA, 5F-AMB-PICA in I-AMB) je mo\u010dan sinteti\u010dni kanabinoid na osnovi indola-3-karboksamida, ki je bil prodan kot oblikovalsko zdravilo in kot aktivna sestavina v me\u0161anicah sinteti\u010dne konoplje<\/p>\n<p>Spletni nakup 5f MDMB 2201 kristalov. 5F-MDMB-2201 je sinteti\u010dni kanabinoid iz dru\u017eine indazolov, ki je zelo podoben bolj znanemu 5F-MDMB-PINACA.<\/p>\n<p>Kupite \u010dist visokokakovosten pra\u0161ek 5F-MDMB-2201 na spletu z Bitcoin &amp; #8211; Kupite zakonite droge, raziskovalne kemikalije in surove farmacevtske pra\u0161ke na spletu.<\/p>\n<p>5F-MDMB-2201<\/p>\n<p>Naro\u010dite vzorec za testiranje ali kupite 5f-mdmb-2201 za prodajo z brezpla\u010dno dostavo na Zdru\u017eenem kraljestvu, ZDA ali Evropi.<\/p>\n","protected":false},"featured_media":5427,"comment_status":"open","ping_status":"closed","template":"","meta":[],"product_brand":[],"product_cat":[2596],"product_tag":[2597,2598,2599,2600,2611,2601,2608,2605,2606,2607,2612,2613,2616,2614,2603,2615,2604,2617,2618,2623,2624,2629,2619,2621,2620,2622,2626,2627,2628,2625,2610,2602,2609,2630,2631],"class_list":{"0":"post-5417","1":"product","2":"type-product","3":"status-publish","4":"has-post-thumbnail","6":"product_cat-kanabinoidi-za-prodajo","7":"product_tag-4f-adb-pregled","8":"product_tag-4f-mdmb-binaca-uk","9":"product_tag-5f-prah","10":"product_tag-5f-mdmb-2201","11":"product_tag-5f-mdmb-2201-dobavitelj-prahu","12":"product_tag-5f-mdmb-2201-kanabinoidi","13":"product_tag-5f-mdmb-2201-odmerjanje-v-prahu","14":"product_tag-5f-mdmb-2201-powder","15":"product_tag-5f-mdmb-2201-powder-australia","16":"product_tag-5f-mdmb-2201-powder-canada","17":"product_tag-5f-mdmb-2201-powder-uk","18":"product_tag-5f-mdmb-2201-powder-usa","19":"product_tag-5f-mdmb-2201-pregled","20":"product_tag-5f-mdmb-2201-powder-vendor","21":"product_tag-5f-mdmb-2201-prodam","22":"product_tag-5f-mdmb-2201-reddit","23":"product_tag-5f-mdmb-2201-prodaja-spletna","24":"product_tag-5f-mdmb-pinaca-kupi","25":"product_tag-5f-sgt-151","26":"product_tag-buy-diclazepam-uk","27":"product_tag-c-tekoina-kemijska-suspenzija","28":"product_tag-isti-5f-mdmb-2201-prah","29":"product_tag-bo-kupil-5f-mdmb-2201","30":"product_tag-kupi-5f-mdmb-2201-na-spletu","31":"product_tag-kupi-5f-mdmb-2201-kanabinoidi","32":"product_tag-kupite-5f-mdmb-2201-powder-online","33":"product_tag-order-5f-mdmb-2201","34":"product_tag-order-5f-mdmb-2201-online","35":"product_tag-order-5f-mdmb-2201-powder","36":"product_tag-mail-5f-mdmb-2201","37":"product_tag-5f-mdmb-2201-powder-review","38":"product_tag-5f-mdmb-2201-kanabinoidi-na-prodaj","39":"product_tag-5f-mdmb-2201-prah-na-prodaj","40":"product_tag-sgt-151-legal","41":"product_tag-where-to-buy-5f-mdmb-2201","43":"first","44":"instock","45":"shipping-taxable","46":"purchasable","47":"product-type-variable","48":"has-default-attributes"},"yoast_head":"<!-- This site is optimized with the Yoast SEO plugin v27.3 - https:\/\/yoast.com\/product\/yoast-seo-wordpress\/ -->\n<title>Kupite 5F MDMB 2201 - 5F-MMB-PICA, 5F-AMB-PICA in I-AMB<\/title>\n<meta name=\"description\" content=\"Kupite MMB-2201, 5F MDMB 2201 za prodajo UK, Evropa (znan tudi kot 5F-MMB-PICA, 5F-AMB-PICA in I-AMB) je mo\u010dan sinteti\u010dni kanabinoid na osnovi indola-3-karboksamida, ki je bil prodan kot oblikovalsko zdravilo in kot aktivna sestavina v me\u0161anicah sinteti\u010dne konoplje\" \/>\n<meta name=\"robots\" content=\"index, follow, max-snippet:-1, max-image-preview:large, max-video-preview:-1\" \/>\n<link rel=\"canonical\" href=\"https:\/\/medicinasinc.com\/sl\/product\/kupi-5f-mdmb-2201-5f-mmb-pica-5f-amb-pica\/\" \/>\n<meta property=\"og:locale\" content=\"en_US\" \/>\n<meta property=\"og:type\" content=\"article\" \/>\n<meta property=\"og:title\" content=\"Kupite 5F MDMB 2201 - 5F-MMB-PICA, 5F-AMB-PICA in I-AMB\" \/>\n<meta property=\"og:description\" content=\"Kupite MMB-2201, 5F MDMB 2201 za prodajo UK, Evropa (znan tudi kot 5F-MMB-PICA, 5F-AMB-PICA in I-AMB) je mo\u010dan sinteti\u010dni kanabinoid na osnovi indola-3-karboksamida, ki je bil prodan kot oblikovalsko zdravilo in kot aktivna sestavina v me\u0161anicah sinteti\u010dne konoplje\" \/>\n<meta property=\"og:url\" content=\"https:\/\/medicinasinc.com\/sl\/product\/kupi-5f-mdmb-2201-5f-mmb-pica-5f-amb-pica\/\" \/>\n<meta property=\"og:site_name\" content=\"Medicinas Inc\" \/>\n<meta property=\"article:modified_time\" content=\"2022-03-19T00:30:11+00:00\" \/>\n<meta property=\"og:image\" content=\"https:\/\/medicinasinc.com\/sl\/wp-content\/uploads\/sites\/7\/2022\/02\/Buy-5f-MDMB-2201.jpg\" \/>\n\t<meta property=\"og:image:width\" content=\"232\" \/>\n\t<meta property=\"og:image:height\" content=\"217\" \/>\n\t<meta property=\"og:image:type\" content=\"image\/jpeg\" \/>\n<meta name=\"twitter:card\" content=\"summary_large_image\" \/>\n<meta name=\"twitter:label1\" content=\"Est. reading time\" \/>\n\t<meta name=\"twitter:data1\" content=\"1 minute\" \/>\n<script type=\"application\/ld+json\" class=\"yoast-schema-graph\">{\"@context\":\"https:\\\/\\\/schema.org\",\"@graph\":[{\"@type\":\"WebPage\",\"@id\":\"https:\\\/\\\/medicinasinc.com\\\/sl\\\/product\\\/kupi-5f-mdmb-2201-5f-mmb-pica-5f-amb-pica\\\/\",\"url\":\"https:\\\/\\\/medicinasinc.com\\\/sl\\\/product\\\/kupi-5f-mdmb-2201-5f-mmb-pica-5f-amb-pica\\\/\",\"name\":\"Kupite 5F MDMB 2201 - 5F-MMB-PICA, 5F-AMB-PICA in I-AMB\",\"isPartOf\":{\"@id\":\"https:\\\/\\\/medicinasinc.com\\\/sl\\\/#website\"},\"primaryImageOfPage\":{\"@id\":\"https:\\\/\\\/medicinasinc.com\\\/sl\\\/product\\\/kupi-5f-mdmb-2201-5f-mmb-pica-5f-amb-pica\\\/#primaryimage\"},\"image\":{\"@id\":\"https:\\\/\\\/medicinasinc.com\\\/sl\\\/product\\\/kupi-5f-mdmb-2201-5f-mmb-pica-5f-amb-pica\\\/#primaryimage\"},\"thumbnailUrl\":\"https:\\\/\\\/medicinasinc.com\\\/sl\\\/wp-content\\\/uploads\\\/sites\\\/7\\\/2022\\\/02\\\/Buy-5f-MDMB-2201.jpg\",\"datePublished\":\"2022-02-21T22:57:54+00:00\",\"dateModified\":\"2022-03-19T00:30:11+00:00\",\"description\":\"Kupite MMB-2201, 5F MDMB 2201 za prodajo UK, Evropa (znan tudi kot 5F-MMB-PICA, 5F-AMB-PICA in I-AMB) je mo\u010dan sinteti\u010dni kanabinoid na osnovi indola-3-karboksamida, ki je bil prodan kot oblikovalsko zdravilo in kot aktivna sestavina v me\u0161anicah sinteti\u010dne konoplje\",\"breadcrumb\":{\"@id\":\"https:\\\/\\\/medicinasinc.com\\\/sl\\\/product\\\/kupi-5f-mdmb-2201-5f-mmb-pica-5f-amb-pica\\\/#breadcrumb\"},\"inLanguage\":\"en-US\",\"potentialAction\":[{\"@type\":\"ReadAction\",\"target\":[\"https:\\\/\\\/medicinasinc.com\\\/sl\\\/product\\\/kupi-5f-mdmb-2201-5f-mmb-pica-5f-amb-pica\\\/\"]}]},{\"@type\":\"ImageObject\",\"inLanguage\":\"en-US\",\"@id\":\"https:\\\/\\\/medicinasinc.com\\\/sl\\\/product\\\/kupi-5f-mdmb-2201-5f-mmb-pica-5f-amb-pica\\\/#primaryimage\",\"url\":\"https:\\\/\\\/medicinasinc.com\\\/sl\\\/wp-content\\\/uploads\\\/sites\\\/7\\\/2022\\\/02\\\/Buy-5f-MDMB-2201.jpg\",\"contentUrl\":\"https:\\\/\\\/medicinasinc.com\\\/sl\\\/wp-content\\\/uploads\\\/sites\\\/7\\\/2022\\\/02\\\/Buy-5f-MDMB-2201.jpg\",\"width\":232,\"height\":217},{\"@type\":\"BreadcrumbList\",\"@id\":\"https:\\\/\\\/medicinasinc.com\\\/sl\\\/product\\\/kupi-5f-mdmb-2201-5f-mmb-pica-5f-amb-pica\\\/#breadcrumb\",\"itemListElement\":[{\"@type\":\"ListItem\",\"position\":1,\"name\":\"Nakupujte\",\"item\":\"https:\\\/\\\/medicinasinc.com\\\/sl\\\/nakupujte\\\/\"},{\"@type\":\"ListItem\",\"position\":2,\"name\":\"Kupite 5F MDMB 2201 &#8211; 5F-MMB-PICA, 5F-AMB-PICA\"}]},{\"@type\":\"WebSite\",\"@id\":\"https:\\\/\\\/medicinasinc.com\\\/sl\\\/#website\",\"url\":\"https:\\\/\\\/medicinasinc.com\\\/sl\\\/\",\"name\":\"Medicinas Inc\",\"description\":\"Health Medical Clinic\",\"potentialAction\":[{\"@type\":\"SearchAction\",\"target\":{\"@type\":\"EntryPoint\",\"urlTemplate\":\"https:\\\/\\\/medicinasinc.com\\\/sl\\\/?s={search_term_string}\"},\"query-input\":{\"@type\":\"PropertyValueSpecification\",\"valueRequired\":true,\"valueName\":\"search_term_string\"}}],\"inLanguage\":\"en-US\"}]}<\/script>\n<!-- \/ Yoast SEO plugin. -->","yoast_head_json":{"title":"Kupite 5F MDMB 2201 - 5F-MMB-PICA, 5F-AMB-PICA in I-AMB","description":"Kupite MMB-2201, 5F MDMB 2201 za prodajo UK, Evropa (znan tudi kot 5F-MMB-PICA, 5F-AMB-PICA in I-AMB) je mo\u010dan sinteti\u010dni kanabinoid na osnovi indola-3-karboksamida, ki je bil prodan kot oblikovalsko zdravilo in kot aktivna sestavina v me\u0161anicah sinteti\u010dne konoplje","robots":{"index":"index","follow":"follow","max-snippet":"max-snippet:-1","max-image-preview":"max-image-preview:large","max-video-preview":"max-video-preview:-1"},"canonical":"https:\/\/medicinasinc.com\/sl\/product\/kupi-5f-mdmb-2201-5f-mmb-pica-5f-amb-pica\/","og_locale":"en_US","og_type":"article","og_title":"Kupite 5F MDMB 2201 - 5F-MMB-PICA, 5F-AMB-PICA in I-AMB","og_description":"Kupite MMB-2201, 5F MDMB 2201 za prodajo UK, Evropa (znan tudi kot 5F-MMB-PICA, 5F-AMB-PICA in I-AMB) je mo\u010dan sinteti\u010dni kanabinoid na osnovi indola-3-karboksamida, ki je bil prodan kot oblikovalsko zdravilo in kot aktivna sestavina v me\u0161anicah sinteti\u010dne konoplje","og_url":"https:\/\/medicinasinc.com\/sl\/product\/kupi-5f-mdmb-2201-5f-mmb-pica-5f-amb-pica\/","og_site_name":"Medicinas Inc","article_modified_time":"2022-03-19T00:30:11+00:00","og_image":[{"width":232,"height":217,"url":"https:\/\/medicinasinc.com\/sl\/wp-content\/uploads\/sites\/7\/2022\/02\/Buy-5f-MDMB-2201.jpg","type":"image\/jpeg"}],"twitter_card":"summary_large_image","twitter_misc":{"Est. reading time":"1 minute"},"schema":{"@context":"https:\/\/schema.org","@graph":[{"@type":"WebPage","@id":"https:\/\/medicinasinc.com\/sl\/product\/kupi-5f-mdmb-2201-5f-mmb-pica-5f-amb-pica\/","url":"https:\/\/medicinasinc.com\/sl\/product\/kupi-5f-mdmb-2201-5f-mmb-pica-5f-amb-pica\/","name":"Kupite 5F MDMB 2201 - 5F-MMB-PICA, 5F-AMB-PICA in I-AMB","isPartOf":{"@id":"https:\/\/medicinasinc.com\/sl\/#website"},"primaryImageOfPage":{"@id":"https:\/\/medicinasinc.com\/sl\/product\/kupi-5f-mdmb-2201-5f-mmb-pica-5f-amb-pica\/#primaryimage"},"image":{"@id":"https:\/\/medicinasinc.com\/sl\/product\/kupi-5f-mdmb-2201-5f-mmb-pica-5f-amb-pica\/#primaryimage"},"thumbnailUrl":"https:\/\/medicinasinc.com\/sl\/wp-content\/uploads\/sites\/7\/2022\/02\/Buy-5f-MDMB-2201.jpg","datePublished":"2022-02-21T22:57:54+00:00","dateModified":"2022-03-19T00:30:11+00:00","description":"Kupite MMB-2201, 5F MDMB 2201 za prodajo UK, Evropa (znan tudi kot 5F-MMB-PICA, 5F-AMB-PICA in I-AMB) je mo\u010dan sinteti\u010dni kanabinoid na osnovi indola-3-karboksamida, ki je bil prodan kot oblikovalsko zdravilo in kot aktivna sestavina v me\u0161anicah sinteti\u010dne konoplje","breadcrumb":{"@id":"https:\/\/medicinasinc.com\/sl\/product\/kupi-5f-mdmb-2201-5f-mmb-pica-5f-amb-pica\/#breadcrumb"},"inLanguage":"en-US","potentialAction":[{"@type":"ReadAction","target":["https:\/\/medicinasinc.com\/sl\/product\/kupi-5f-mdmb-2201-5f-mmb-pica-5f-amb-pica\/"]}]},{"@type":"ImageObject","inLanguage":"en-US","@id":"https:\/\/medicinasinc.com\/sl\/product\/kupi-5f-mdmb-2201-5f-mmb-pica-5f-amb-pica\/#primaryimage","url":"https:\/\/medicinasinc.com\/sl\/wp-content\/uploads\/sites\/7\/2022\/02\/Buy-5f-MDMB-2201.jpg","contentUrl":"https:\/\/medicinasinc.com\/sl\/wp-content\/uploads\/sites\/7\/2022\/02\/Buy-5f-MDMB-2201.jpg","width":232,"height":217},{"@type":"BreadcrumbList","@id":"https:\/\/medicinasinc.com\/sl\/product\/kupi-5f-mdmb-2201-5f-mmb-pica-5f-amb-pica\/#breadcrumb","itemListElement":[{"@type":"ListItem","position":1,"name":"Nakupujte","item":"https:\/\/medicinasinc.com\/sl\/nakupujte\/"},{"@type":"ListItem","position":2,"name":"Kupite 5F MDMB 2201 &#8211; 5F-MMB-PICA, 5F-AMB-PICA"}]},{"@type":"WebSite","@id":"https:\/\/medicinasinc.com\/sl\/#website","url":"https:\/\/medicinasinc.com\/sl\/","name":"Medicinas Inc","description":"Health Medical Clinic","potentialAction":[{"@type":"SearchAction","target":{"@type":"EntryPoint","urlTemplate":"https:\/\/medicinasinc.com\/sl\/?s={search_term_string}"},"query-input":{"@type":"PropertyValueSpecification","valueRequired":true,"valueName":"search_term_string"}}],"inLanguage":"en-US"}]}},"_links":{"self":[{"href":"https:\/\/medicinasinc.com\/sl\/wp-json\/wp\/v2\/product\/5417","targetHints":{"allow":["GET"]}}],"collection":[{"href":"https:\/\/medicinasinc.com\/sl\/wp-json\/wp\/v2\/product"}],"about":[{"href":"https:\/\/medicinasinc.com\/sl\/wp-json\/wp\/v2\/types\/product"}],"replies":[{"embeddable":true,"href":"https:\/\/medicinasinc.com\/sl\/wp-json\/wp\/v2\/comments?post=5417"}],"wp:featuredmedia":[{"embeddable":true,"href":"https:\/\/medicinasinc.com\/sl\/wp-json\/wp\/v2\/media\/5427"}],"wp:attachment":[{"href":"https:\/\/medicinasinc.com\/sl\/wp-json\/wp\/v2\/media?parent=5417"}],"wp:term":[{"taxonomy":"product_brand","embeddable":true,"href":"https:\/\/medicinasinc.com\/sl\/wp-json\/wp\/v2\/product_brand?post=5417"},{"taxonomy":"product_cat","embeddable":true,"href":"https:\/\/medicinasinc.com\/sl\/wp-json\/wp\/v2\/product_cat?post=5417"},{"taxonomy":"product_tag","embeddable":true,"href":"https:\/\/medicinasinc.com\/sl\/wp-json\/wp\/v2\/product_tag?post=5417"}],"curies":[{"name":"wp","href":"https:\/\/api.w.org\/{rel}","templated":true}]}}