{"id":5389,"date":"2022-02-21T22:26:02","date_gmt":"2022-02-21T22:26:02","guid":{"rendered":"https:\/\/medicinasinc.com\/sl\/?post_type=product&#038;p=5389"},"modified":"2022-03-19T00:30:40","modified_gmt":"2022-03-19T00:30:40","slug":"kupi-5-mapb-prah-kristal","status":"publish","type":"product","link":"https:\/\/medicinasinc.com\/sl\/product\/kupi-5-mapb-prah-kristal\/","title":{"rendered":"Kupite 5-MAPB prah &amp; Crystal"},"content":{"rendered":"<p>Potrebujete 5-mapb-crystal in ga \u017eelite kupiti po razumni ceni? Nato lahko zdaj obi\u0161\u010dete na\u0161o spletno trgovino s kemi\u010dnimi izdelki. S pomo\u010djo Bestglobalmed.com lahko kupite 5-mapb-crystal na spletu po dostopnih cenah. V na\u0161i spletni trgovini s kemikalijami smo dobro znan prodajalec in dobavitelj, ki sta vam vedno na voljo. Naro\u010dite\u00a05-mapb-crystal\u00a0\u0161e danes!<\/p>\n<p>5-mapb-crystal je vrsta kristala.<\/p>\n<p>Po strukturi in u\u010dinkih je 5-MAPB (1-(benzofuran-5-il) )-N-metil propan-2-amin) je podoben MDMA, sinteti\u010dnemu entaktogenu. 5&#8242;-(2-metil aminopropil)benzofuran je sinteti\u010dni entaktogen iz benzo-substituirane kemijske dru\u017eine (skraj\u0161ano 5-MAPB).<\/p>\n<p>Kako 5-mapb-kristal vpliva na telo?<\/p>\n<p>5-mapb-kristal ima evfori\u010den, entaktogeni, stimulativni in zmerno psihodeli\u010dni u\u010dinek na \u010dlove\u0161ko telo, \u010de ga jemljemo peroralno.<\/p>\n<p>5 MAPB kristal je znan kot kaj drugega?<\/p>\n<p> &gt; <\/p>\n<p>5 MAPB kristal je znan tudi kot 5-MAPB.<\/p>\n<p>Kako bi opisali kristal 5 MAPB?<\/p>\n<p>Kemi\u010dno je kristal 5 MAPB molekula benzofurana (amfetamina). <\/p>\n<p>Kako lahko dobim nekaj 5-mapb-crystal?<\/p>\n<p>Na na\u0161em uradnem spletnem mestu lahko dobite 5-mapb-crystale in jih dostavite na va\u0161 dolo\u010den naslov v roku nekaj dni. Samo v Zdru\u017eenih dr\u017eavah, Zdru\u017eenem kraljestvu, Kanadi, Nem\u010diji in Avstraliji imamo opravka s 5-mapb-crystal. Pove\u017eite se zdaj!<\/p>\n<p>Smo najbolj\u0161i ponudnik in distributer visokokakovostnih kemikalij po razumni ceni. Stranke se lahko enostavno po\u010dutijo pri delu z na\u0161o ekipo strokovnjakov. Posledi\u010dno lahko vzdr\u017eujejo zadostno ponudbo in prejemajo pravo\u010dasno dostavo, da zadovoljijo svoje potrebe. Stranke nas imajo radi in spo\u0161tujejo, ker nudimo visokokakovostne izdelke po razumnih cenah in odli\u010dno storitev za stranke. Izpolniti ali prese\u010di va\u0161a pri\u010dakovanja ni le na\u0161a dol\u017enost, ampak na\u0161a odgovornost. Pred nakupom mdpt vam ni treba obiskati zdravnika.<\/p>\n<p>Preverimo, ali je stranka popolnoma zadovoljna. Prizadevanje za svetovni ugled svojih izdelkov in storitev pomeni dolo\u010danje cen v skladu z industrijskimi normami.<\/p>\n<p>Poleg tega nudimo enako pozornost vsem va\u0161im naro\u010dilom, ne glede na to, kako velika ali majhna so, in si prizadevamo za to. da bi bilo va\u0161e naro\u010dilo odpremljeno v najkraj\u0161em mo\u017enem \u010dasu.<\/p>\n<p>Po zaklju\u010dku nakupov smo prepri\u010dani, da ne boste razo\u010darani. Da bi vam zagotovili najvi\u0161jo mo\u017eno raven kakovosti, uporabljamo le materiale, ki so nabavljeni iz najbolj\u0161ih mo\u017enih virov. Pakiranje izdelka boste prejeli v lo\u010deni embala\u017ei.<\/p>\n<p>Zahvaljujo\u010d na\u0161emu bogatemu znanju nam je uspelo vzpostaviti trdno oporo na raziskovalnem kemi\u010dnem trgu. Kot vodilni dobavitelj raziskovalnih kemikalij verjamemo v gradnjo dolgoro\u010dnih odnosov z na\u0161imi strankami, ki temeljijo na zaupanju.<\/p>\n","protected":false},"excerpt":{"rendered":"<p>Pri Bestglobalmedics.com lahko kupite\u00a05-MAPB Powder Crystal po razumni ceni, kot tudi 5-MAPB Research Chemicals za prodajo. 5-MAPB, kemi\u010dno znan kot 1-(benzofuran-5-il), je sinteti\u010dni entaktogen z u\u010dinki in lastnostmi, ki so zelo podobni MDMA.<\/p>\n<p>5-MAPB Powder &amp; Kristal 1 oz. je na voljo za nakup. Priporo\u010den je odmerek 100-200 miligramov 5-MAPB, pra\u0161ka, podobnega MDMA.<\/p>\n<p>Nakup Crystal 5-MAPB \u010ce i\u0161\u010dete 5-mapb-crystal po ugodni ceni , ne i\u0161\u010di ve\u010d. Nato prek interneta takoj stopite v stik z na\u0161o trgovino s kemikalijami.<\/p>\n","protected":false},"featured_media":5400,"comment_status":"open","ping_status":"closed","template":"","meta":[],"product_brand":[],"product_cat":[2014],"product_tag":[2580,2569,2578,2571,2570,2575,2576,2577,2572,2573,2574,2579,2585,2581,2583,2582,2589,2594,2586,2587,2588,2591,2592,2593,2590,2584,2595],"class_list":{"0":"post-5389","1":"product","2":"type-product","3":"status-publish","4":"has-post-thumbnail","6":"product_cat-nakup-raziskave-kemikalije","7":"product_tag-5-mapb-powder-usa","8":"product_tag-5-mapb","9":"product_tag-5-mapb-dobavitelj-prahu","10":"product_tag-5-mapb-for-sale-online","11":"product_tag-5-mapb-na-prodaj","12":"product_tag-5-mapb-powder-dosage","13":"product_tag-5-mapb-powder-for-sale","14":"product_tag-5-mapb-powder-review","15":"product_tag-5-mapb-praek","16":"product_tag-5-mapb-praek-avstralija","17":"product_tag-5-mapb-powder-canada","18":"product_tag-5-mapb-powder-uk","19":"product_tag-5-mapb-review","20":"product_tag-5-mapb-powder-vendor","21":"product_tag-5-mapb-raziskovalne-kemikalije","22":"product_tag-5-mapb-reddit","23":"product_tag-buy-5-mapb-research-chemicals","24":"product_tag-isti-5-mapb-prah","25":"product_tag-buy-5-mapb","26":"product_tag-buy-5-mapb-online","27":"product_tag-buy-5-mapb-powder-online","28":"product_tag-order-5-mapb","29":"product_tag-order-5-mapb-online","30":"product_tag-order-5-mapb-powder","31":"product_tag-mail-5-mapb","32":"product_tag-5-mapb-raziskave-kemikalije-za-prodajo","33":"product_tag-where-to-buy-5-mapb","35":"first","36":"instock","37":"shipping-taxable","38":"purchasable","39":"product-type-variable","40":"has-default-attributes"},"yoast_head":"<!-- This site is optimized with the Yoast SEO plugin v27.3 - https:\/\/yoast.com\/product\/yoast-seo-wordpress\/ -->\n<title>Kupite 5-MAPB prah &amp; Crystal - Najbolj\u0161a najbolj\u0161a globalna zdravila<\/title>\n<meta name=\"description\" content=\"Kupite 5-MAPB Powder Crystal na spletu, 5-MAPB Research Chemicals za prodajo, naro\u010dite 5-MAPB Crystal v ZDA, Zdru\u017eeno kraljestvo po dostopni ceni pri Bestglobalmeds.com. 5-MAPB (1-(benzofuran-5-il)-N-metilpropan-2-amin) je entaktogeno oblikovalsko zdravilo, podobno MDMA po svoji strukturi in u\u010dinkih\" \/>\n<meta name=\"robots\" content=\"index, follow, max-snippet:-1, max-image-preview:large, max-video-preview:-1\" \/>\n<link rel=\"canonical\" href=\"https:\/\/medicinasinc.com\/sl\/product\/kupi-5-mapb-prah-kristal\/\" \/>\n<meta property=\"og:locale\" content=\"en_US\" \/>\n<meta property=\"og:type\" content=\"article\" \/>\n<meta property=\"og:title\" content=\"Kupite 5-MAPB prah &amp; Crystal - Najbolj\u0161a najbolj\u0161a globalna zdravila\" \/>\n<meta property=\"og:description\" content=\"Kupite 5-MAPB Powder Crystal na spletu, 5-MAPB Research Chemicals za prodajo, naro\u010dite 5-MAPB Crystal v ZDA, Zdru\u017eeno kraljestvo po dostopni ceni pri Bestglobalmeds.com. 5-MAPB (1-(benzofuran-5-il)-N-metilpropan-2-amin) je entaktogeno oblikovalsko zdravilo, podobno MDMA po svoji strukturi in u\u010dinkih\" \/>\n<meta property=\"og:url\" content=\"https:\/\/medicinasinc.com\/sl\/product\/kupi-5-mapb-prah-kristal\/\" \/>\n<meta property=\"og:site_name\" content=\"Medicinas Inc\" \/>\n<meta property=\"article:modified_time\" content=\"2022-03-19T00:30:40+00:00\" \/>\n<meta property=\"og:image\" content=\"https:\/\/medicinasinc.com\/sl\/wp-content\/uploads\/sites\/7\/2022\/02\/Buy-5-MAPB-Powder-Crystal.jpg\" \/>\n\t<meta property=\"og:image:width\" content=\"600\" \/>\n\t<meta property=\"og:image:height\" content=\"488\" \/>\n\t<meta property=\"og:image:type\" content=\"image\/jpeg\" \/>\n<meta name=\"twitter:card\" content=\"summary_large_image\" \/>\n<meta name=\"twitter:label1\" content=\"Est. reading time\" \/>\n\t<meta name=\"twitter:data1\" content=\"2 minutes\" \/>\n<script type=\"application\/ld+json\" class=\"yoast-schema-graph\">{\"@context\":\"https:\\\/\\\/schema.org\",\"@graph\":[{\"@type\":\"WebPage\",\"@id\":\"https:\\\/\\\/medicinasinc.com\\\/sl\\\/product\\\/kupi-5-mapb-prah-kristal\\\/\",\"url\":\"https:\\\/\\\/medicinasinc.com\\\/sl\\\/product\\\/kupi-5-mapb-prah-kristal\\\/\",\"name\":\"Kupite 5-MAPB prah &amp; Crystal - Najbolj\u0161a najbolj\u0161a globalna zdravila\",\"isPartOf\":{\"@id\":\"https:\\\/\\\/medicinasinc.com\\\/sl\\\/#website\"},\"primaryImageOfPage\":{\"@id\":\"https:\\\/\\\/medicinasinc.com\\\/sl\\\/product\\\/kupi-5-mapb-prah-kristal\\\/#primaryimage\"},\"image\":{\"@id\":\"https:\\\/\\\/medicinasinc.com\\\/sl\\\/product\\\/kupi-5-mapb-prah-kristal\\\/#primaryimage\"},\"thumbnailUrl\":\"https:\\\/\\\/medicinasinc.com\\\/sl\\\/wp-content\\\/uploads\\\/sites\\\/7\\\/2022\\\/02\\\/Buy-5-MAPB-Powder-Crystal.jpg\",\"datePublished\":\"2022-02-21T22:26:02+00:00\",\"dateModified\":\"2022-03-19T00:30:40+00:00\",\"description\":\"Kupite 5-MAPB Powder Crystal na spletu, 5-MAPB Research Chemicals za prodajo, naro\u010dite 5-MAPB Crystal v ZDA, Zdru\u017eeno kraljestvo po dostopni ceni pri Bestglobalmeds.com. 5-MAPB (1-(benzofuran-5-il)-N-metilpropan-2-amin) je entaktogeno oblikovalsko zdravilo, podobno MDMA po svoji strukturi in u\u010dinkih\",\"breadcrumb\":{\"@id\":\"https:\\\/\\\/medicinasinc.com\\\/sl\\\/product\\\/kupi-5-mapb-prah-kristal\\\/#breadcrumb\"},\"inLanguage\":\"en-US\",\"potentialAction\":[{\"@type\":\"ReadAction\",\"target\":[\"https:\\\/\\\/medicinasinc.com\\\/sl\\\/product\\\/kupi-5-mapb-prah-kristal\\\/\"]}]},{\"@type\":\"ImageObject\",\"inLanguage\":\"en-US\",\"@id\":\"https:\\\/\\\/medicinasinc.com\\\/sl\\\/product\\\/kupi-5-mapb-prah-kristal\\\/#primaryimage\",\"url\":\"https:\\\/\\\/medicinasinc.com\\\/sl\\\/wp-content\\\/uploads\\\/sites\\\/7\\\/2022\\\/02\\\/Buy-5-MAPB-Powder-Crystal.jpg\",\"contentUrl\":\"https:\\\/\\\/medicinasinc.com\\\/sl\\\/wp-content\\\/uploads\\\/sites\\\/7\\\/2022\\\/02\\\/Buy-5-MAPB-Powder-Crystal.jpg\",\"width\":600,\"height\":488},{\"@type\":\"BreadcrumbList\",\"@id\":\"https:\\\/\\\/medicinasinc.com\\\/sl\\\/product\\\/kupi-5-mapb-prah-kristal\\\/#breadcrumb\",\"itemListElement\":[{\"@type\":\"ListItem\",\"position\":1,\"name\":\"Nakupujte\",\"item\":\"https:\\\/\\\/medicinasinc.com\\\/sl\\\/nakupujte\\\/\"},{\"@type\":\"ListItem\",\"position\":2,\"name\":\"Kupite 5-MAPB prah &amp; Crystal\"}]},{\"@type\":\"WebSite\",\"@id\":\"https:\\\/\\\/medicinasinc.com\\\/sl\\\/#website\",\"url\":\"https:\\\/\\\/medicinasinc.com\\\/sl\\\/\",\"name\":\"Medicinas Inc\",\"description\":\"Health Medical Clinic\",\"potentialAction\":[{\"@type\":\"SearchAction\",\"target\":{\"@type\":\"EntryPoint\",\"urlTemplate\":\"https:\\\/\\\/medicinasinc.com\\\/sl\\\/?s={search_term_string}\"},\"query-input\":{\"@type\":\"PropertyValueSpecification\",\"valueRequired\":true,\"valueName\":\"search_term_string\"}}],\"inLanguage\":\"en-US\"}]}<\/script>\n<!-- \/ Yoast SEO plugin. -->","yoast_head_json":{"title":"Kupite 5-MAPB prah &amp; Crystal - Najbolj\u0161a najbolj\u0161a globalna zdravila","description":"Kupite 5-MAPB Powder Crystal na spletu, 5-MAPB Research Chemicals za prodajo, naro\u010dite 5-MAPB Crystal v ZDA, Zdru\u017eeno kraljestvo po dostopni ceni pri Bestglobalmeds.com. 5-MAPB (1-(benzofuran-5-il)-N-metilpropan-2-amin) je entaktogeno oblikovalsko zdravilo, podobno MDMA po svoji strukturi in u\u010dinkih","robots":{"index":"index","follow":"follow","max-snippet":"max-snippet:-1","max-image-preview":"max-image-preview:large","max-video-preview":"max-video-preview:-1"},"canonical":"https:\/\/medicinasinc.com\/sl\/product\/kupi-5-mapb-prah-kristal\/","og_locale":"en_US","og_type":"article","og_title":"Kupite 5-MAPB prah &amp; Crystal - Najbolj\u0161a najbolj\u0161a globalna zdravila","og_description":"Kupite 5-MAPB Powder Crystal na spletu, 5-MAPB Research Chemicals za prodajo, naro\u010dite 5-MAPB Crystal v ZDA, Zdru\u017eeno kraljestvo po dostopni ceni pri Bestglobalmeds.com. 5-MAPB (1-(benzofuran-5-il)-N-metilpropan-2-amin) je entaktogeno oblikovalsko zdravilo, podobno MDMA po svoji strukturi in u\u010dinkih","og_url":"https:\/\/medicinasinc.com\/sl\/product\/kupi-5-mapb-prah-kristal\/","og_site_name":"Medicinas Inc","article_modified_time":"2022-03-19T00:30:40+00:00","og_image":[{"width":600,"height":488,"url":"https:\/\/medicinasinc.com\/sl\/wp-content\/uploads\/sites\/7\/2022\/02\/Buy-5-MAPB-Powder-Crystal.jpg","type":"image\/jpeg"}],"twitter_card":"summary_large_image","twitter_misc":{"Est. reading time":"2 minutes"},"schema":{"@context":"https:\/\/schema.org","@graph":[{"@type":"WebPage","@id":"https:\/\/medicinasinc.com\/sl\/product\/kupi-5-mapb-prah-kristal\/","url":"https:\/\/medicinasinc.com\/sl\/product\/kupi-5-mapb-prah-kristal\/","name":"Kupite 5-MAPB prah &amp; Crystal - Najbolj\u0161a najbolj\u0161a globalna zdravila","isPartOf":{"@id":"https:\/\/medicinasinc.com\/sl\/#website"},"primaryImageOfPage":{"@id":"https:\/\/medicinasinc.com\/sl\/product\/kupi-5-mapb-prah-kristal\/#primaryimage"},"image":{"@id":"https:\/\/medicinasinc.com\/sl\/product\/kupi-5-mapb-prah-kristal\/#primaryimage"},"thumbnailUrl":"https:\/\/medicinasinc.com\/sl\/wp-content\/uploads\/sites\/7\/2022\/02\/Buy-5-MAPB-Powder-Crystal.jpg","datePublished":"2022-02-21T22:26:02+00:00","dateModified":"2022-03-19T00:30:40+00:00","description":"Kupite 5-MAPB Powder Crystal na spletu, 5-MAPB Research Chemicals za prodajo, naro\u010dite 5-MAPB Crystal v ZDA, Zdru\u017eeno kraljestvo po dostopni ceni pri Bestglobalmeds.com. 5-MAPB (1-(benzofuran-5-il)-N-metilpropan-2-amin) je entaktogeno oblikovalsko zdravilo, podobno MDMA po svoji strukturi in u\u010dinkih","breadcrumb":{"@id":"https:\/\/medicinasinc.com\/sl\/product\/kupi-5-mapb-prah-kristal\/#breadcrumb"},"inLanguage":"en-US","potentialAction":[{"@type":"ReadAction","target":["https:\/\/medicinasinc.com\/sl\/product\/kupi-5-mapb-prah-kristal\/"]}]},{"@type":"ImageObject","inLanguage":"en-US","@id":"https:\/\/medicinasinc.com\/sl\/product\/kupi-5-mapb-prah-kristal\/#primaryimage","url":"https:\/\/medicinasinc.com\/sl\/wp-content\/uploads\/sites\/7\/2022\/02\/Buy-5-MAPB-Powder-Crystal.jpg","contentUrl":"https:\/\/medicinasinc.com\/sl\/wp-content\/uploads\/sites\/7\/2022\/02\/Buy-5-MAPB-Powder-Crystal.jpg","width":600,"height":488},{"@type":"BreadcrumbList","@id":"https:\/\/medicinasinc.com\/sl\/product\/kupi-5-mapb-prah-kristal\/#breadcrumb","itemListElement":[{"@type":"ListItem","position":1,"name":"Nakupujte","item":"https:\/\/medicinasinc.com\/sl\/nakupujte\/"},{"@type":"ListItem","position":2,"name":"Kupite 5-MAPB prah &amp; Crystal"}]},{"@type":"WebSite","@id":"https:\/\/medicinasinc.com\/sl\/#website","url":"https:\/\/medicinasinc.com\/sl\/","name":"Medicinas Inc","description":"Health Medical Clinic","potentialAction":[{"@type":"SearchAction","target":{"@type":"EntryPoint","urlTemplate":"https:\/\/medicinasinc.com\/sl\/?s={search_term_string}"},"query-input":{"@type":"PropertyValueSpecification","valueRequired":true,"valueName":"search_term_string"}}],"inLanguage":"en-US"}]}},"_links":{"self":[{"href":"https:\/\/medicinasinc.com\/sl\/wp-json\/wp\/v2\/product\/5389","targetHints":{"allow":["GET"]}}],"collection":[{"href":"https:\/\/medicinasinc.com\/sl\/wp-json\/wp\/v2\/product"}],"about":[{"href":"https:\/\/medicinasinc.com\/sl\/wp-json\/wp\/v2\/types\/product"}],"replies":[{"embeddable":true,"href":"https:\/\/medicinasinc.com\/sl\/wp-json\/wp\/v2\/comments?post=5389"}],"wp:featuredmedia":[{"embeddable":true,"href":"https:\/\/medicinasinc.com\/sl\/wp-json\/wp\/v2\/media\/5400"}],"wp:attachment":[{"href":"https:\/\/medicinasinc.com\/sl\/wp-json\/wp\/v2\/media?parent=5389"}],"wp:term":[{"taxonomy":"product_brand","embeddable":true,"href":"https:\/\/medicinasinc.com\/sl\/wp-json\/wp\/v2\/product_brand?post=5389"},{"taxonomy":"product_cat","embeddable":true,"href":"https:\/\/medicinasinc.com\/sl\/wp-json\/wp\/v2\/product_cat?post=5389"},{"taxonomy":"product_tag","embeddable":true,"href":"https:\/\/medicinasinc.com\/sl\/wp-json\/wp\/v2\/product_tag?post=5389"}],"curies":[{"name":"wp","href":"https:\/\/api.w.org\/{rel}","templated":true}]}}