{"id":5387,"date":"2022-02-21T22:22:34","date_gmt":"2022-02-21T22:22:34","guid":{"rendered":"https:\/\/medicinasinc.com\/sl\/?post_type=product&#038;p=5387"},"modified":"2022-03-19T00:31:03","modified_gmt":"2022-03-19T00:31:03","slug":"kupi-4-fa-prah","status":"publish","type":"product","link":"https:\/\/medicinasinc.com\/sl\/product\/kupi-4-fa-prah\/","title":{"rendered":"Kupite 4-FA pra\u0161ek"},"content":{"rendered":"<p>Kupite 4-FA v prahu.<\/p>\n<p>Kupite poceni 4-FA v prahu 1 oz Pure na spletu.<\/p>\n<p>4-FA (4-fluoramfetamin) je amfetaminu podobno zdravilo, ki ima \u0161ele pred kratkim se je pojavil na nizozemskem trgu. Od leta 2007 do 2009 se je tr\u017eil predvsem kot speed ali MDMA. To je bilo zato, ker je takrat za te strokovnjake primanjkovalo surovin, zato je bil 4-FA uporabljen kot specialist za rezanje. Vsekakor pa od leta 2010 prodajalci vse pogosteje prodajajo 4-FA kot 4-FA, kar pomeni, da ga kupci obravnavajo kot &#8220;zdravilo za odlo\u010danje.&#8221;<\/p>\n<p>4-FA je znan tudi kot 4-FMP , 4-Fluor, 4-Flava, 4-F in Flux. Gre za snov, ki je razvr\u0161\u010dena kot nova psihoaktivna snov (NPS). To so snovi, ki so bile nedavno na voljo in so bile razvite kot alternativa tradicionalnim prepovedanim snovem. NPS je znan tudi kot raziskovalna sintetika ali originalna zdravila. Z manj\u0161imi spremembami sedanje strukture spojin se ime snovi spremeni in posledi\u010dno ni ve\u010d zajeto v zakonu o opiju in je zato nezakonito. Zaradi tega je te\u017eje prepre\u010diti ustvarjanje, transakcije in lastni\u0161tvo.<\/p>\n<p>4-FA se najpogosteje nahaja v obliki pra\u0161ka ali tablete. 4-FA se jemlje peroralno v obliki tablet. Stranke bodisi dajo pra\u0161ek v \u0161katlo ali premikajo\u010di se papir (bombo) ali pa ga v nekaterih primerih raztopijo v pija\u010di. Med tabletami 4-FA, pra\u0161ki 4-FA in etuiji s 4-FA ni bistvene razlike.<\/p>\n<p>Vsebniki so narejeni iz dolgo\u010dasne ali sladke snovi in \u200b\u200bso lahko preprosti ali imajo razli\u010dne tone. Zaboj je mogo\u010de napolniti z najrazli\u010dnej\u0161imi snovmi. 4-FA, pa tudi razne druge snovi, na primer amfetamin (hitrost), MDMA, kofein ali pa sploh ni\u010d. Nekateri predmeti pametne trgovine so tudi v etuiji. Etuiji so obi\u010dajno v vre\u010di, na embala\u017ei pa je razvidno, kaj je notri. \u010ce stranke napolnijo svoje posode, lahko uporabijo lestvico mg, da dolo\u010dijo natan\u010den dele\u017e. 4-fa naprodaj, kje kupiti 4fa, kupim 4-fa, 4-fa prodam, 4fa prodam, 4fa kupim, kupim 4fa, 4-fa kupim, 4-fa prodam, 4-fa prodam, 4 -fa za prodajo, 4-fa za prodajo, 4-fa za prodajo, 4-fa za prodajo, 4-fa za prodajo, 4-fa za prodajo, 4-fa za prodajo, 4-fa za prodajo<\/p>\n<p>Kaj se nekdo po\u010duti po prvem zau\u017eitju 4-FA, je odvisno od meritev. \u010ce \u017eelite izvedeti ve\u010d, lahko 4-FA preizkusite pri testni administraciji (glejte meni). U\u010dinki zau\u017eitja 4-FA se manifestirajo od 20 do ene ure. 4-FA je kon\u010dan v 4 do 8 urah, \u010deprav nekatere stranke poro\u010dajo, da lahko kon\u010dni rezultati trajajo tudi do 12 ur.<\/p>\n<p>Sviren, jasen, fit in previden<\/p>\n<p>A mo\u010dan ob\u010dutek pripadnosti<\/p>\n<p>Dotik in glasba zagotavljata izjemno \u010dutno izku\u0161njo.<\/p>\n<p>Stik, pogovor in bli\u017eina so bistveni.<\/p>\n","protected":false},"excerpt":{"rendered":"<p>Kupite 4-FA Powder 1 oz Pure na spletu poceni. 4-FA pra\u0161ek, podoben MDMA &amp; Peroralni metamfetamin<br \/> Priporo\u010deni odmerek: 200 mg.<\/p>\n<p>V na\u0161i trgovini lahko kupite 4-FMA pure. Na enak na\u010din, kot je narejen pra\u0161ek, je tudi 4-FMA, znan tudi kot 4-fluorometamfetamin, psihoaktivna snov.<\/p>\n<p>4-FA pra\u0161ek je znan tudi kot parafluoroamfetamin ali 4-fluoroamfetamin, vendar je to ni ista stvar. Ljudje, ki \u0161tudirajo zdravila, pravijo, da je ta zelo dobra.<\/p>\n","protected":false},"featured_media":5396,"comment_status":"open","ping_status":"closed","template":"","meta":[],"product_brand":[],"product_cat":[2014],"product_tag":[2502,2504,2503,2507,2508,2505,2506],"class_list":{"0":"post-5387","1":"product","2":"type-product","3":"status-publish","4":"has-post-thumbnail","6":"product_cat-nakup-raziskave-kemikalije","7":"product_tag-2-fluoroamfetamin","8":"product_tag-4-fa-raziskovalna-kemina","9":"product_tag-4-fa-uinki","10":"product_tag-je-4-fa-legal-in-the-us-2020","11":"product_tag-je-4-fma-legal","12":"product_tag-4-fluoroamfetamin-pravni-status","13":"product_tag-sinteza-4-fluoroamfetamina","15":"first","16":"instock","17":"shipping-taxable","18":"purchasable","19":"product-type-variable","20":"has-default-attributes"},"yoast_head":"<!-- This site is optimized with the Yoast SEO plugin v27.3 - https:\/\/yoast.com\/product\/yoast-seo-wordpress\/ -->\n<title>Kupite 4-FA v prahu - 4-fluoroamfetamin - najbolj\u0161a najbolj\u0161a zdravila na svetu<\/title>\n<meta name=\"description\" content=\"Kupite 4-FA v prahu 4-fluoroamfetamin za prodajo Pure na spletu poceni. 4-FA pra\u0161ek, podoben MDMA &amp; Peroralni metamfetamin\" \/>\n<meta name=\"robots\" content=\"index, follow, max-snippet:-1, max-image-preview:large, max-video-preview:-1\" \/>\n<link rel=\"canonical\" href=\"https:\/\/medicinasinc.com\/sl\/product\/kupi-4-fa-prah\/\" \/>\n<meta property=\"og:locale\" content=\"en_US\" \/>\n<meta property=\"og:type\" content=\"article\" \/>\n<meta property=\"og:title\" content=\"Kupite 4-FA v prahu - 4-fluoroamfetamin - najbolj\u0161a najbolj\u0161a zdravila na svetu\" \/>\n<meta property=\"og:description\" content=\"Kupite 4-FA v prahu 4-fluoroamfetamin za prodajo Pure na spletu poceni. 4-FA pra\u0161ek, podoben MDMA &amp; Peroralni metamfetamin\" \/>\n<meta property=\"og:url\" content=\"https:\/\/medicinasinc.com\/sl\/product\/kupi-4-fa-prah\/\" \/>\n<meta property=\"og:site_name\" content=\"Medicinas Inc\" \/>\n<meta property=\"article:modified_time\" content=\"2022-03-19T00:31:03+00:00\" \/>\n<meta property=\"og:image\" content=\"https:\/\/medicinasinc.com\/sl\/wp-content\/uploads\/sites\/7\/2022\/02\/Buy-4-FA-Powder.jpeg\" \/>\n\t<meta property=\"og:image:width\" content=\"510\" \/>\n\t<meta property=\"og:image:height\" content=\"365\" \/>\n\t<meta property=\"og:image:type\" content=\"image\/jpeg\" \/>\n<meta name=\"twitter:card\" content=\"summary_large_image\" \/>\n<meta name=\"twitter:label1\" content=\"Est. reading time\" \/>\n\t<meta name=\"twitter:data1\" content=\"2 minutes\" \/>\n<script type=\"application\/ld+json\" class=\"yoast-schema-graph\">{\"@context\":\"https:\\\/\\\/schema.org\",\"@graph\":[{\"@type\":\"WebPage\",\"@id\":\"https:\\\/\\\/medicinasinc.com\\\/sl\\\/product\\\/kupi-4-fa-prah\\\/\",\"url\":\"https:\\\/\\\/medicinasinc.com\\\/sl\\\/product\\\/kupi-4-fa-prah\\\/\",\"name\":\"Kupite 4-FA v prahu - 4-fluoroamfetamin - najbolj\u0161a najbolj\u0161a zdravila na svetu\",\"isPartOf\":{\"@id\":\"https:\\\/\\\/medicinasinc.com\\\/sl\\\/#website\"},\"primaryImageOfPage\":{\"@id\":\"https:\\\/\\\/medicinasinc.com\\\/sl\\\/product\\\/kupi-4-fa-prah\\\/#primaryimage\"},\"image\":{\"@id\":\"https:\\\/\\\/medicinasinc.com\\\/sl\\\/product\\\/kupi-4-fa-prah\\\/#primaryimage\"},\"thumbnailUrl\":\"https:\\\/\\\/medicinasinc.com\\\/sl\\\/wp-content\\\/uploads\\\/sites\\\/7\\\/2022\\\/02\\\/Buy-4-FA-Powder.jpeg\",\"datePublished\":\"2022-02-21T22:22:34+00:00\",\"dateModified\":\"2022-03-19T00:31:03+00:00\",\"description\":\"Kupite 4-FA v prahu 4-fluoroamfetamin za prodajo Pure na spletu poceni. 4-FA pra\u0161ek, podoben MDMA &amp; Peroralni metamfetamin\",\"breadcrumb\":{\"@id\":\"https:\\\/\\\/medicinasinc.com\\\/sl\\\/product\\\/kupi-4-fa-prah\\\/#breadcrumb\"},\"inLanguage\":\"en-US\",\"potentialAction\":[{\"@type\":\"ReadAction\",\"target\":[\"https:\\\/\\\/medicinasinc.com\\\/sl\\\/product\\\/kupi-4-fa-prah\\\/\"]}]},{\"@type\":\"ImageObject\",\"inLanguage\":\"en-US\",\"@id\":\"https:\\\/\\\/medicinasinc.com\\\/sl\\\/product\\\/kupi-4-fa-prah\\\/#primaryimage\",\"url\":\"https:\\\/\\\/medicinasinc.com\\\/sl\\\/wp-content\\\/uploads\\\/sites\\\/7\\\/2022\\\/02\\\/Buy-4-FA-Powder.jpeg\",\"contentUrl\":\"https:\\\/\\\/medicinasinc.com\\\/sl\\\/wp-content\\\/uploads\\\/sites\\\/7\\\/2022\\\/02\\\/Buy-4-FA-Powder.jpeg\",\"width\":510,\"height\":365},{\"@type\":\"BreadcrumbList\",\"@id\":\"https:\\\/\\\/medicinasinc.com\\\/sl\\\/product\\\/kupi-4-fa-prah\\\/#breadcrumb\",\"itemListElement\":[{\"@type\":\"ListItem\",\"position\":1,\"name\":\"Nakupujte\",\"item\":\"https:\\\/\\\/medicinasinc.com\\\/sl\\\/nakupujte\\\/\"},{\"@type\":\"ListItem\",\"position\":2,\"name\":\"Kupite 4-FA pra\u0161ek\"}]},{\"@type\":\"WebSite\",\"@id\":\"https:\\\/\\\/medicinasinc.com\\\/sl\\\/#website\",\"url\":\"https:\\\/\\\/medicinasinc.com\\\/sl\\\/\",\"name\":\"Medicinas Inc\",\"description\":\"Health Medical Clinic\",\"potentialAction\":[{\"@type\":\"SearchAction\",\"target\":{\"@type\":\"EntryPoint\",\"urlTemplate\":\"https:\\\/\\\/medicinasinc.com\\\/sl\\\/?s={search_term_string}\"},\"query-input\":{\"@type\":\"PropertyValueSpecification\",\"valueRequired\":true,\"valueName\":\"search_term_string\"}}],\"inLanguage\":\"en-US\"}]}<\/script>\n<!-- \/ Yoast SEO plugin. -->","yoast_head_json":{"title":"Kupite 4-FA v prahu - 4-fluoroamfetamin - najbolj\u0161a najbolj\u0161a zdravila na svetu","description":"Kupite 4-FA v prahu 4-fluoroamfetamin za prodajo Pure na spletu poceni. 4-FA pra\u0161ek, podoben MDMA &amp; Peroralni metamfetamin","robots":{"index":"index","follow":"follow","max-snippet":"max-snippet:-1","max-image-preview":"max-image-preview:large","max-video-preview":"max-video-preview:-1"},"canonical":"https:\/\/medicinasinc.com\/sl\/product\/kupi-4-fa-prah\/","og_locale":"en_US","og_type":"article","og_title":"Kupite 4-FA v prahu - 4-fluoroamfetamin - najbolj\u0161a najbolj\u0161a zdravila na svetu","og_description":"Kupite 4-FA v prahu 4-fluoroamfetamin za prodajo Pure na spletu poceni. 4-FA pra\u0161ek, podoben MDMA &amp; Peroralni metamfetamin","og_url":"https:\/\/medicinasinc.com\/sl\/product\/kupi-4-fa-prah\/","og_site_name":"Medicinas Inc","article_modified_time":"2022-03-19T00:31:03+00:00","og_image":[{"width":510,"height":365,"url":"https:\/\/medicinasinc.com\/sl\/wp-content\/uploads\/sites\/7\/2022\/02\/Buy-4-FA-Powder.jpeg","type":"image\/jpeg"}],"twitter_card":"summary_large_image","twitter_misc":{"Est. reading time":"2 minutes"},"schema":{"@context":"https:\/\/schema.org","@graph":[{"@type":"WebPage","@id":"https:\/\/medicinasinc.com\/sl\/product\/kupi-4-fa-prah\/","url":"https:\/\/medicinasinc.com\/sl\/product\/kupi-4-fa-prah\/","name":"Kupite 4-FA v prahu - 4-fluoroamfetamin - najbolj\u0161a najbolj\u0161a zdravila na svetu","isPartOf":{"@id":"https:\/\/medicinasinc.com\/sl\/#website"},"primaryImageOfPage":{"@id":"https:\/\/medicinasinc.com\/sl\/product\/kupi-4-fa-prah\/#primaryimage"},"image":{"@id":"https:\/\/medicinasinc.com\/sl\/product\/kupi-4-fa-prah\/#primaryimage"},"thumbnailUrl":"https:\/\/medicinasinc.com\/sl\/wp-content\/uploads\/sites\/7\/2022\/02\/Buy-4-FA-Powder.jpeg","datePublished":"2022-02-21T22:22:34+00:00","dateModified":"2022-03-19T00:31:03+00:00","description":"Kupite 4-FA v prahu 4-fluoroamfetamin za prodajo Pure na spletu poceni. 4-FA pra\u0161ek, podoben MDMA &amp; Peroralni metamfetamin","breadcrumb":{"@id":"https:\/\/medicinasinc.com\/sl\/product\/kupi-4-fa-prah\/#breadcrumb"},"inLanguage":"en-US","potentialAction":[{"@type":"ReadAction","target":["https:\/\/medicinasinc.com\/sl\/product\/kupi-4-fa-prah\/"]}]},{"@type":"ImageObject","inLanguage":"en-US","@id":"https:\/\/medicinasinc.com\/sl\/product\/kupi-4-fa-prah\/#primaryimage","url":"https:\/\/medicinasinc.com\/sl\/wp-content\/uploads\/sites\/7\/2022\/02\/Buy-4-FA-Powder.jpeg","contentUrl":"https:\/\/medicinasinc.com\/sl\/wp-content\/uploads\/sites\/7\/2022\/02\/Buy-4-FA-Powder.jpeg","width":510,"height":365},{"@type":"BreadcrumbList","@id":"https:\/\/medicinasinc.com\/sl\/product\/kupi-4-fa-prah\/#breadcrumb","itemListElement":[{"@type":"ListItem","position":1,"name":"Nakupujte","item":"https:\/\/medicinasinc.com\/sl\/nakupujte\/"},{"@type":"ListItem","position":2,"name":"Kupite 4-FA pra\u0161ek"}]},{"@type":"WebSite","@id":"https:\/\/medicinasinc.com\/sl\/#website","url":"https:\/\/medicinasinc.com\/sl\/","name":"Medicinas Inc","description":"Health Medical Clinic","potentialAction":[{"@type":"SearchAction","target":{"@type":"EntryPoint","urlTemplate":"https:\/\/medicinasinc.com\/sl\/?s={search_term_string}"},"query-input":{"@type":"PropertyValueSpecification","valueRequired":true,"valueName":"search_term_string"}}],"inLanguage":"en-US"}]}},"_links":{"self":[{"href":"https:\/\/medicinasinc.com\/sl\/wp-json\/wp\/v2\/product\/5387","targetHints":{"allow":["GET"]}}],"collection":[{"href":"https:\/\/medicinasinc.com\/sl\/wp-json\/wp\/v2\/product"}],"about":[{"href":"https:\/\/medicinasinc.com\/sl\/wp-json\/wp\/v2\/types\/product"}],"replies":[{"embeddable":true,"href":"https:\/\/medicinasinc.com\/sl\/wp-json\/wp\/v2\/comments?post=5387"}],"wp:featuredmedia":[{"embeddable":true,"href":"https:\/\/medicinasinc.com\/sl\/wp-json\/wp\/v2\/media\/5396"}],"wp:attachment":[{"href":"https:\/\/medicinasinc.com\/sl\/wp-json\/wp\/v2\/media?parent=5387"}],"wp:term":[{"taxonomy":"product_brand","embeddable":true,"href":"https:\/\/medicinasinc.com\/sl\/wp-json\/wp\/v2\/product_brand?post=5387"},{"taxonomy":"product_cat","embeddable":true,"href":"https:\/\/medicinasinc.com\/sl\/wp-json\/wp\/v2\/product_cat?post=5387"},{"taxonomy":"product_tag","embeddable":true,"href":"https:\/\/medicinasinc.com\/sl\/wp-json\/wp\/v2\/product_tag?post=5387"}],"curies":[{"name":"wp","href":"https:\/\/api.w.org\/{rel}","templated":true}]}}