{"id":5368,"date":"2022-02-21T21:54:21","date_gmt":"2022-02-21T21:54:21","guid":{"rendered":"https:\/\/medicinasinc.com\/sl\/?post_type=product&#038;p=5368"},"modified":"2022-03-19T00:31:11","modified_gmt":"2022-03-19T00:31:11","slug":"kupi-4-emc-4-etilmetkatinon","status":"publish","type":"product","link":"https:\/\/medicinasinc.com\/sl\/product\/kupi-4-emc-4-etilmetkatinon\/","title":{"rendered":"Kupite 4-EMC 4-etilmetkatinon"},"content":{"rendered":"<h1 class=\"product_title entry-title\">Kupite 4-EMC 4-etilmetkatinon v prahu v spletu<\/h1>\n<p><strong>4-EMC je na voljo za nakup prek spleta.<\/strong><\/p>\n<p> 2-metilaminopropan-1-on, monohidroklorid je polno ime IUPAC za 4-EMC, ki spada v razred raziskovalnih spojin, znanih kot stimulansi centralnega \u017eiv\u010dnega sistema. 4-EMC je znan tudi kot 4-etilfenol.<\/p>\n<p>Entaktogen in stimulans, 4-etilmetkatinon (4-EMC) je snov za rekreacijo. je strukturni izomer 4-MEC<\/p>\n<p>C12H17NO je molekulska formula 4-EMC, ki spada v kemi\u010dni dru\u017eini fenetilamina in amfetamina. V receptu je 191,270 g\/mesec. Kje kupiti 4-EMC<\/p>\n<p>Predstavljamo nov izdelek katinona, ki se lahko uporablja za sofisticirane znanstvene \u0161tudije zaradi velikega povpra\u0161evanja na trgu. 4-etilmetkatinon je izomerna razli\u010dica mefedrona, ki je trenutno prepovedana, vse omenjene spojine pa imajo stimulativne in entaktogene u\u010dinke.<\/p>\n<p>Dopamin in serotonin sta najverjetnej\u0161i primarni tar\u010di 4-EMC, ki je tipi\u010dno za ta kemi\u010dni razred in se \u0161teje, da ovira ponovni privzem pomembnih nevrotransmiterjev v sinapti\u010dni \u0161pranje.<\/p>\n<p>Kristalini\u010den prah, snov je mogo\u010de enostavno izdelati za testiranje brez tveganja vnosa ne\u010disto\u010d v normalnih pogojih. Vodotopni 4-EMC je treba shranjevati v suhem, nepredu\u0161nem okolju.<\/p>\n<p>Raziskovalci imajo edinstveno prilo\u017enost, da preslikajo profil snovi od za\u010detka, ker v preteklosti ni bila temeljito preu\u010dena in ve\u010dina tega vemo, da gre za vzporednice s podobnimi snovmi. Pri izvajanju poskusov je pomembno upo\u0161tevati novost kemikalije in zagotoviti prostor za napake. Povezava s 4-EMC<\/p>\n","protected":false},"excerpt":{"rendered":"<p>Kje kupiti 4-EMC 4-etilmetkatinon v prahu? Po\u017eivilo in entaktogen, spada v slednjo kategorijo. Strukturne izomere 4-MEC najdete tukaj.<\/p>\n<p>4-EMC 4-etilmetkatinon kristalni prah za prodajo v Evropi, EU in Zdru\u017eenem kraljestvu. Po\u017eivilo in entaktogen, spada v slednjo kategorijo. 4-MEC je strukturni izomer te spojine.<\/p>\n<p>Dru\u017eina katinonov vklju\u010duje 4-EMC (znan tudi kot 4-etilmetkatinon), novo raziskovalno molekulo. Med kemijskimi raziskovalci je 4-EMC prednostna izbira zaradi svojih stimulativnih in entaktogenskih lastnosti.<\/p>\n<h1>Kupite 4-EMC na spletu<\/h1>\n<p>Ko kupujete 4-EMC na spletu, je \u017eelja kakovost Drug Online je visokokakovostna raziskovalna kemikalija. 4-EMC lahko kupite na spletu po veleprodajni ceni od zaupanja vrednega dobavitelja Top mark chemical.com Varno po\u0161iljanje 4-EMC v ZDA, Nizozemsko, Irsko, EU, Zdru\u017eeno kraljestvo in druge dr\u017eave. <a href=\"https:\/\/www.bestglobalmeds.com\/product\/research-chemicals\/4-emc\/\">Kupite 4-EMC na spletu<\/a><\/p>\n<p>Cas \u0161t: 1225622-14- 9<br \/> Formula: C12H17NO<br \/> IUPAC: 1-(4-etilfenil)-2-(metilamino)propan-1-on<br \/> Videz: beli\/rumenkasti kristali<br \/> \u010cistost: p&gt;<\/p>\n","protected":false},"featured_media":5380,"comment_status":"open","ping_status":"closed","template":"","meta":[],"product_brand":[],"product_cat":[2014],"product_tag":[2485,2486,2487,2488,2493,2494,2495,2496,2489,2490,2491,2492,2497,2498,2499,2500,2501],"class_list":{"0":"post-5368","1":"product","2":"type-product","3":"status-publish","4":"has-post-thumbnail","6":"product_cat-nakup-raziskave-kemikalije","7":"product_tag-4-mec-na-prodaj","8":"product_tag-4-mec-supplier","9":"product_tag-4-mecsupplier-online","10":"product_tag-buy-4-mec","11":"product_tag-buy-4-mec-research-chemicals-online","12":"product_tag-buy-4-meconline-usa","13":"product_tag-buy-research-chemicals-for-sale-online","14":"product_tag-kako-lahko-i-dobim-4-mec-raziskovalne-kemikalije","15":"product_tag-kupi-4-mec-kristal-na-spletu","16":"product_tag-kupi-4-mec-kristale-z-poiljanje-po-vsem-svetu","17":"product_tag-buy-4-mec-online","18":"product_tag-kupi-4-mec-spletno-za-prodaj","19":"product_tag-order-4-mec-online","20":"product_tag-order-cheap-4-mec-online","21":"product_tag-trusted-vendor-for-4-mec-online","22":"product_tag-where-to-buy-4-mec-online","23":"product_tag-where-to-get-4-mec-crystals-online","25":"first","26":"instock","27":"shipping-taxable","28":"purchasable","29":"product-type-variable","30":"has-default-attributes"},"yoast_head":"<!-- This site is optimized with the Yoast SEO plugin v27.3 - https:\/\/yoast.com\/product\/yoast-seo-wordpress\/ -->\n<title>Kupite 4-etilmetkatinon - kupite 4-EMC - najbolj\u0161a najbolj\u0161a zdravila v svetu<\/title>\n<meta name=\"description\" content=\"Kupite 4-EMC 4-etilmetkatinon kristalni prah za prodajo na spletu v Evropi, EU, UK. Spada v razred stimulansov in entaktogenov. Je strukturni izomer 4-MEC.\" \/>\n<meta name=\"robots\" content=\"index, follow, max-snippet:-1, max-image-preview:large, max-video-preview:-1\" \/>\n<link rel=\"canonical\" href=\"https:\/\/medicinasinc.com\/sl\/product\/kupi-4-emc-4-etilmetkatinon\/\" \/>\n<meta property=\"og:locale\" content=\"en_US\" \/>\n<meta property=\"og:type\" content=\"article\" \/>\n<meta property=\"og:title\" content=\"Kupite 4-etilmetkatinon - kupite 4-EMC - najbolj\u0161a najbolj\u0161a zdravila v svetu\" \/>\n<meta property=\"og:description\" content=\"Kupite 4-EMC 4-etilmetkatinon kristalni prah za prodajo na spletu v Evropi, EU, UK. Spada v razred stimulansov in entaktogenov. Je strukturni izomer 4-MEC.\" \/>\n<meta property=\"og:url\" content=\"https:\/\/medicinasinc.com\/sl\/product\/kupi-4-emc-4-etilmetkatinon\/\" \/>\n<meta property=\"og:site_name\" content=\"Medicinas Inc\" \/>\n<meta property=\"article:modified_time\" content=\"2022-03-19T00:31:11+00:00\" \/>\n<meta property=\"og:image\" content=\"https:\/\/medicinasinc.com\/sl\/wp-content\/uploads\/sites\/7\/2022\/02\/Buy-4-EMC.jpg\" \/>\n\t<meta property=\"og:image:width\" content=\"230\" \/>\n\t<meta property=\"og:image:height\" content=\"230\" \/>\n\t<meta property=\"og:image:type\" content=\"image\/jpeg\" \/>\n<meta name=\"twitter:card\" content=\"summary_large_image\" \/>\n<meta name=\"twitter:label1\" content=\"Est. reading time\" \/>\n\t<meta name=\"twitter:data1\" content=\"2 minutes\" \/>\n<script type=\"application\/ld+json\" class=\"yoast-schema-graph\">{\"@context\":\"https:\\\/\\\/schema.org\",\"@graph\":[{\"@type\":\"WebPage\",\"@id\":\"https:\\\/\\\/medicinasinc.com\\\/sl\\\/product\\\/kupi-4-emc-4-etilmetkatinon\\\/\",\"url\":\"https:\\\/\\\/medicinasinc.com\\\/sl\\\/product\\\/kupi-4-emc-4-etilmetkatinon\\\/\",\"name\":\"Kupite 4-etilmetkatinon - kupite 4-EMC - najbolj\u0161a najbolj\u0161a zdravila v svetu\",\"isPartOf\":{\"@id\":\"https:\\\/\\\/medicinasinc.com\\\/sl\\\/#website\"},\"primaryImageOfPage\":{\"@id\":\"https:\\\/\\\/medicinasinc.com\\\/sl\\\/product\\\/kupi-4-emc-4-etilmetkatinon\\\/#primaryimage\"},\"image\":{\"@id\":\"https:\\\/\\\/medicinasinc.com\\\/sl\\\/product\\\/kupi-4-emc-4-etilmetkatinon\\\/#primaryimage\"},\"thumbnailUrl\":\"https:\\\/\\\/medicinasinc.com\\\/sl\\\/wp-content\\\/uploads\\\/sites\\\/7\\\/2022\\\/02\\\/Buy-4-EMC.jpg\",\"datePublished\":\"2022-02-21T21:54:21+00:00\",\"dateModified\":\"2022-03-19T00:31:11+00:00\",\"description\":\"Kupite 4-EMC 4-etilmetkatinon kristalni prah za prodajo na spletu v Evropi, EU, UK. Spada v razred stimulansov in entaktogenov. Je strukturni izomer 4-MEC.\",\"breadcrumb\":{\"@id\":\"https:\\\/\\\/medicinasinc.com\\\/sl\\\/product\\\/kupi-4-emc-4-etilmetkatinon\\\/#breadcrumb\"},\"inLanguage\":\"en-US\",\"potentialAction\":[{\"@type\":\"ReadAction\",\"target\":[\"https:\\\/\\\/medicinasinc.com\\\/sl\\\/product\\\/kupi-4-emc-4-etilmetkatinon\\\/\"]}]},{\"@type\":\"ImageObject\",\"inLanguage\":\"en-US\",\"@id\":\"https:\\\/\\\/medicinasinc.com\\\/sl\\\/product\\\/kupi-4-emc-4-etilmetkatinon\\\/#primaryimage\",\"url\":\"https:\\\/\\\/medicinasinc.com\\\/sl\\\/wp-content\\\/uploads\\\/sites\\\/7\\\/2022\\\/02\\\/Buy-4-EMC.jpg\",\"contentUrl\":\"https:\\\/\\\/medicinasinc.com\\\/sl\\\/wp-content\\\/uploads\\\/sites\\\/7\\\/2022\\\/02\\\/Buy-4-EMC.jpg\",\"width\":230,\"height\":230},{\"@type\":\"BreadcrumbList\",\"@id\":\"https:\\\/\\\/medicinasinc.com\\\/sl\\\/product\\\/kupi-4-emc-4-etilmetkatinon\\\/#breadcrumb\",\"itemListElement\":[{\"@type\":\"ListItem\",\"position\":1,\"name\":\"Nakupujte\",\"item\":\"https:\\\/\\\/medicinasinc.com\\\/sl\\\/nakupujte\\\/\"},{\"@type\":\"ListItem\",\"position\":2,\"name\":\"Kupite 4-EMC 4-etilmetkatinon\"}]},{\"@type\":\"WebSite\",\"@id\":\"https:\\\/\\\/medicinasinc.com\\\/sl\\\/#website\",\"url\":\"https:\\\/\\\/medicinasinc.com\\\/sl\\\/\",\"name\":\"Medicinas Inc\",\"description\":\"Health Medical Clinic\",\"potentialAction\":[{\"@type\":\"SearchAction\",\"target\":{\"@type\":\"EntryPoint\",\"urlTemplate\":\"https:\\\/\\\/medicinasinc.com\\\/sl\\\/?s={search_term_string}\"},\"query-input\":{\"@type\":\"PropertyValueSpecification\",\"valueRequired\":true,\"valueName\":\"search_term_string\"}}],\"inLanguage\":\"en-US\"}]}<\/script>\n<!-- \/ Yoast SEO plugin. -->","yoast_head_json":{"title":"Kupite 4-etilmetkatinon - kupite 4-EMC - najbolj\u0161a najbolj\u0161a zdravila v svetu","description":"Kupite 4-EMC 4-etilmetkatinon kristalni prah za prodajo na spletu v Evropi, EU, UK. Spada v razred stimulansov in entaktogenov. Je strukturni izomer 4-MEC.","robots":{"index":"index","follow":"follow","max-snippet":"max-snippet:-1","max-image-preview":"max-image-preview:large","max-video-preview":"max-video-preview:-1"},"canonical":"https:\/\/medicinasinc.com\/sl\/product\/kupi-4-emc-4-etilmetkatinon\/","og_locale":"en_US","og_type":"article","og_title":"Kupite 4-etilmetkatinon - kupite 4-EMC - najbolj\u0161a najbolj\u0161a zdravila v svetu","og_description":"Kupite 4-EMC 4-etilmetkatinon kristalni prah za prodajo na spletu v Evropi, EU, UK. Spada v razred stimulansov in entaktogenov. Je strukturni izomer 4-MEC.","og_url":"https:\/\/medicinasinc.com\/sl\/product\/kupi-4-emc-4-etilmetkatinon\/","og_site_name":"Medicinas Inc","article_modified_time":"2022-03-19T00:31:11+00:00","og_image":[{"width":230,"height":230,"url":"https:\/\/medicinasinc.com\/sl\/wp-content\/uploads\/sites\/7\/2022\/02\/Buy-4-EMC.jpg","type":"image\/jpeg"}],"twitter_card":"summary_large_image","twitter_misc":{"Est. reading time":"2 minutes"},"schema":{"@context":"https:\/\/schema.org","@graph":[{"@type":"WebPage","@id":"https:\/\/medicinasinc.com\/sl\/product\/kupi-4-emc-4-etilmetkatinon\/","url":"https:\/\/medicinasinc.com\/sl\/product\/kupi-4-emc-4-etilmetkatinon\/","name":"Kupite 4-etilmetkatinon - kupite 4-EMC - najbolj\u0161a najbolj\u0161a zdravila v svetu","isPartOf":{"@id":"https:\/\/medicinasinc.com\/sl\/#website"},"primaryImageOfPage":{"@id":"https:\/\/medicinasinc.com\/sl\/product\/kupi-4-emc-4-etilmetkatinon\/#primaryimage"},"image":{"@id":"https:\/\/medicinasinc.com\/sl\/product\/kupi-4-emc-4-etilmetkatinon\/#primaryimage"},"thumbnailUrl":"https:\/\/medicinasinc.com\/sl\/wp-content\/uploads\/sites\/7\/2022\/02\/Buy-4-EMC.jpg","datePublished":"2022-02-21T21:54:21+00:00","dateModified":"2022-03-19T00:31:11+00:00","description":"Kupite 4-EMC 4-etilmetkatinon kristalni prah za prodajo na spletu v Evropi, EU, UK. Spada v razred stimulansov in entaktogenov. Je strukturni izomer 4-MEC.","breadcrumb":{"@id":"https:\/\/medicinasinc.com\/sl\/product\/kupi-4-emc-4-etilmetkatinon\/#breadcrumb"},"inLanguage":"en-US","potentialAction":[{"@type":"ReadAction","target":["https:\/\/medicinasinc.com\/sl\/product\/kupi-4-emc-4-etilmetkatinon\/"]}]},{"@type":"ImageObject","inLanguage":"en-US","@id":"https:\/\/medicinasinc.com\/sl\/product\/kupi-4-emc-4-etilmetkatinon\/#primaryimage","url":"https:\/\/medicinasinc.com\/sl\/wp-content\/uploads\/sites\/7\/2022\/02\/Buy-4-EMC.jpg","contentUrl":"https:\/\/medicinasinc.com\/sl\/wp-content\/uploads\/sites\/7\/2022\/02\/Buy-4-EMC.jpg","width":230,"height":230},{"@type":"BreadcrumbList","@id":"https:\/\/medicinasinc.com\/sl\/product\/kupi-4-emc-4-etilmetkatinon\/#breadcrumb","itemListElement":[{"@type":"ListItem","position":1,"name":"Nakupujte","item":"https:\/\/medicinasinc.com\/sl\/nakupujte\/"},{"@type":"ListItem","position":2,"name":"Kupite 4-EMC 4-etilmetkatinon"}]},{"@type":"WebSite","@id":"https:\/\/medicinasinc.com\/sl\/#website","url":"https:\/\/medicinasinc.com\/sl\/","name":"Medicinas Inc","description":"Health Medical Clinic","potentialAction":[{"@type":"SearchAction","target":{"@type":"EntryPoint","urlTemplate":"https:\/\/medicinasinc.com\/sl\/?s={search_term_string}"},"query-input":{"@type":"PropertyValueSpecification","valueRequired":true,"valueName":"search_term_string"}}],"inLanguage":"en-US"}]}},"_links":{"self":[{"href":"https:\/\/medicinasinc.com\/sl\/wp-json\/wp\/v2\/product\/5368","targetHints":{"allow":["GET"]}}],"collection":[{"href":"https:\/\/medicinasinc.com\/sl\/wp-json\/wp\/v2\/product"}],"about":[{"href":"https:\/\/medicinasinc.com\/sl\/wp-json\/wp\/v2\/types\/product"}],"replies":[{"embeddable":true,"href":"https:\/\/medicinasinc.com\/sl\/wp-json\/wp\/v2\/comments?post=5368"}],"wp:featuredmedia":[{"embeddable":true,"href":"https:\/\/medicinasinc.com\/sl\/wp-json\/wp\/v2\/media\/5380"}],"wp:attachment":[{"href":"https:\/\/medicinasinc.com\/sl\/wp-json\/wp\/v2\/media?parent=5368"}],"wp:term":[{"taxonomy":"product_brand","embeddable":true,"href":"https:\/\/medicinasinc.com\/sl\/wp-json\/wp\/v2\/product_brand?post=5368"},{"taxonomy":"product_cat","embeddable":true,"href":"https:\/\/medicinasinc.com\/sl\/wp-json\/wp\/v2\/product_cat?post=5368"},{"taxonomy":"product_tag","embeddable":true,"href":"https:\/\/medicinasinc.com\/sl\/wp-json\/wp\/v2\/product_tag?post=5368"}],"curies":[{"name":"wp","href":"https:\/\/api.w.org\/{rel}","templated":true}]}}