{"id":5367,"date":"2022-02-21T21:52:55","date_gmt":"2022-02-21T21:52:55","guid":{"rendered":"https:\/\/medicinasinc.com\/sl\/?post_type=product&#038;p=5367"},"modified":"2022-03-19T00:31:21","modified_gmt":"2022-03-19T00:31:21","slug":"4-klorometkatinon-4-cmc-hcl-kristal","status":"publish","type":"product","link":"https:\/\/medicinasinc.com\/sl\/product\/4-klorometkatinon-4-cmc-hcl-kristal\/","title":{"rendered":"4-klorometkatinon (4-CMC HCl) kristal"},"content":{"rendered":"<p>Na spletu lahko kupite kristale in prah 4-CMC po zelo nizki ceni.<br \/> Kupite kristal 4-CMC v trgovini.<\/p>\n<p>4-CMC je okraj\u0161ava za 4-klorometkatinon , kar pomeni, da je 4-klorometkatinon 4-CMC del razreda kemikalij, imenovanih katinoni. Je droga. V preteklosti ta raziskovalna kemikalija sploh ni bila dolgo na trgu. To pomeni, da ga veliko ljudi \u0161e ni poskusilo.<\/p>\n<p>Nakupujte kristale 4-CMC, ki je 4-klorometkatinon. Ti kristali so narejeni iz najbolj\u0161ih raziskovalnih kemikalij in imajo hitro dostavo ter odli\u010dne cene. Ko obi\u0161\u010dete globalhomemed.com, lahko tam dobite le zdravila.<\/p>\n<p>\u010ceprav je 4-CMC nov, naj bi predhodni testi s to snovjo pokazali pove\u010dana \u010dustva, hitrej\u0161e miselne procese in visoke ravni energije. To je zelo podobno 4-MMC, bk-MDMA in 3-MMC. 4-CMC je enak. Torej, \u010de ste opravili raziskavo s katero koli od teh kemikalij, potem veste, kaj lahko pri\u010dakujete tudi od raziskovalnih poskusov 4-CMC.<\/p>\n<p>&nbsp;<\/p>\n<p>Kje lahko kupim. 4-CMC?<\/p>\n<p>Tu, v Chemical Planetu, imamo naprodaj veliko visokokakovostnih 4-CMC. V ve\u010dini primerov je na\u0161 4-CMC na voljo v kristalni obliki. Pi\u0161ite nam, \u010de ne vidite \u017eelenega obrazca. Morda ga bomo kmalu dobili nazaj.<\/p>\n<p>Kupite 4-CMC pri Chemical Planet in \u010de \u017eelite to storiti, morate biti stari vsaj 18 let in v popolni skladnosti z zakonodajo o kemikalijah v va\u0161i dr\u017eavi. Ljudje in \u017eivali ne morejo uporabljati na\u0161ih kemikalij. Namenjeni so samo raziskavam in ne za uporabo s strani ljudi ali \u017eivali.<\/p>\n<p>Zakonitost 4-CMC<\/p>\n<p>Ljudje na Kitajskem in \u0160vedskem 4-CMC ne marajo preve\u010d. \u010ce jemljete to zdravilo v Nem\u010diji, se imenuje &#8220;Anlage I.&#8221; \u0160tevilne druge dr\u017eave \u0161e niso dolo\u010dile datuma za to kemikalijo. To je predvsem zato, ker je tako nov.<\/p>\n<p>Hladen in suh prostor je vedno najbolj\u0161i za najdalj\u0161i rok uporabnosti. Ta izdelek je samo za forenzi\u010dno in raziskovalno uporabo. Ni namenjeno u\u017eivanju ljudi ali preizku\u0161anju na \u017eivalih ali katerem koli drugem \u017eivem bitju.<\/p>\n","protected":false},"excerpt":{"rendered":"<p>Kupite 4-CMC kristale in prah na spletu po ugodni ceni v spletni trgovini. Kupite 4-CMC kristale in prah v razsutem stanju, ki so 99-odstotno \u010disti. Naro\u010dite 4-klorometkatinon za prodajo v Zdru\u017eenem kraljestvu, Evropi in ostalem svetu<\/p>\n<p>Kupite kristal hidroklorida 4-klorometkatinona (4-CMC HCl) po najbolj\u0161ih cenah in ga dostavite kamor koli po svetu. Naro\u010dite 4-CMC v Zdru\u017eenem kraljestvu in Evropi<\/p>\n<p>Kupite 4-CMC kristale in prah na spletu po ugodni ceni v spletni trgovini.<\/p>\n<p>Kupite kristale 4-CMC in jih kupite. prah v razsutem stanju, ki je 99 odstotkov \u010dist.<\/p>\n","protected":false},"featured_media":5378,"comment_status":"open","ping_status":"closed","template":"","meta":[],"product_brand":[],"product_cat":[2014],"product_tag":[2101,2102,2125,2103,2338,2104,2105,2210,2126,2155,2478,2477,2331,2156,2342,2157,2158,2159,2164,2165,2166,2167,2172,2173,2174,2175,2176,2180,2181,2182,2183,2188,2189,2190,2195,2196,2197,2198,2199,2200,2206,2211,2212,2213,2217,2218,2220,2221,2222,2223,2225,2226,2233,2479,2234,2235,2236,2238,2240,2295,2243,2244,2245,2246,2247,2248,2249,2250,2252,2253,2254,2255,2256,2257,2258,2259,2260,2261,2262,2264,2265,2266,2267,2268,2269,2272,2273,2274,2275,2279,2280,2281,2282,2283,2284,2286,2287,2288,2291,2292,2294,2480,2309,2297,2298,2299,2300,2301,2302,2303,2304,2305,2306,2307,2263,2310,2311,2312,2313,2314,2315,2316,2317,2318,2319,2320,2321,2322,2219,2251,2184,2323,2239,2177,2178,2179,2161,2162,2163,2171,2170,2326,2327,2332,2333,2334,2339,2340,2341,2343,2346,2347,2191,2278,2293,2328,2329,2348,2349,2350,2351,2352,2353,2354,2355,2356,2357,2358,2359,2360,2361,2201,2202,2203,2204,2362,2363,2364,2365,2366,2367,2368,2369,2370,2371,2372,2373,2374,2481,2160,2169,2330,2482,2205,2208,2214,2215,2216,2325,2344,2336,2379,2380,2381,2382,2383,2384,2385,2386,2387,2388,2389,2390,2391,2392,2324,2483,2394,2395,2396,2397,2398,2399,2400,2401,2402,2403,2404,2405,2406,2407,2168,2337,2335,2345,2408,2409,2410,2411,2412,2413,2414,2415,2416,2417,2418,2419,2420,2207,2209,2421,2422,2423,2424,2425,2426,2427,2428,2429,2430,2431,2432,2433,2434,2185,2186,2285,2187,2270,2271,2192,2193,2289,2194,2290,2308,2276,2277,2435,2436,2437,2438,2439,2440,2441,2442,2443,2444,2445,2446,2447,2484,2449,2450,2451,2452,2453,2454,2455,2456,2457,2458,2459,2460,2461,2462,2463,2464,2465,2466,2467,2468,2469,2470,2471,2472,2473,2474,2475,2476],"class_list":{"0":"post-5367","1":"product","2":"type-product","3":"status-publish","4":"has-post-thumbnail","6":"product_cat-nakup-raziskave-kemikalije","7":"product_tag-2-fdck","8":"product_tag-2-mmc","9":"product_tag-3-mmc-peleti","10":"product_tag-3-cmc","11":"product_tag-trgovina-3-cmc","12":"product_tag-3-mm","13":"product_tag-3-mmc","14":"product_tag-razsuti-3-mmc-peleti","15":"product_tag-3-mmc-tableta","16":"product_tag-4-cmc","17":"product_tag-4-cmc-crystals-for-sale","18":"product_tag-4-cmc-kristali","19":"product_tag-trgovina-4-cmc","20":"product_tag-5-mmpa","21":"product_tag-trgovina-5-mmpa","22":"product_tag-a-php","23":"product_tag-a-pihp","24":"product_tag-acheter-2-fdck","25":"product_tag-acheter-3-mmc-pellets","26":"product_tag-acheter-3-mmc-pills","27":"product_tag-acheter-4-cmc","28":"product_tag-acheter-5-mmpa","29":"product_tag-acquista-2-fdck","30":"product_tag-acquista-2-mmc","31":"product_tag-acquista-3-cmc","32":"product_tag-acquista-3-mma","33":"product_tag-acquista-3-mmc","34":"product_tag-acquista-5-mmpa","35":"product_tag-acquista-a-php","36":"product_tag-acquista-a-pihp","37":"product_tag-acquista-eutylone","38":"product_tag-al-por-mayor-3-mma","39":"product_tag-al-por-mayor-3-mmc","40":"product_tag-al-por-mayor-3-mmc-pellets","41":"product_tag-al-por-mayor-a-pihp","42":"product_tag-al-por-mayor-eutylone","43":"product_tag-al-por-mayor-hexedrone","44":"product_tag-al-por-mayor-hexen","45":"product_tag-best-3-cmc","46":"product_tag-best-3-mmc","47":"product_tag-bulk-2-mmc","48":"product_tag-bulk-3-mmc-pills","49":"product_tag-bulk-4-cmc","50":"product_tag-bulk-5-mmpa","51":"product_tag-bulk-hexedrone","52":"product_tag-bulk-hexen","53":"product_tag-buy-2-mmc","54":"product_tag-buy-3-cmc","55":"product_tag-buy-3-mma","56":"product_tag-buy-3-mmc","57":"product_tag-buy-3-mmc-pellets","58":"product_tag-buy-3-mmc-pills","59":"product_tag-buy-4-cmc","60":"product_tag-buy-4-cmc-crystals-online","61":"product_tag-buy-5-mmpa","62":"product_tag-buy-a-php","63":"product_tag-buy-a-pihp","64":"product_tag-buy-eutylone","65":"product_tag-buy-hexen","66":"product_tag-arovnice","67":"product_tag-comprar-2-fdck","68":"product_tag-comprar-2-mmc","69":"product_tag-comprar-3-cmc","70":"product_tag-comprar-3-mma","71":"product_tag-comprar-3-mmc","72":"product_tag-comprar-3-mmc-pellets","73":"product_tag-comprar-3-mmc-pills","74":"product_tag-comprar-4-cmc","75":"product_tag-comprar-a-php","76":"product_tag-comprar-a-pihp","77":"product_tag-comprar-eutylone","78":"product_tag-comprar-hexedrone","79":"product_tag-comprar-hexen","80":"product_tag-cumpara-2-fdck","81":"product_tag-cumpara-3-cmc","82":"product_tag-cumpara-3-mma","83":"product_tag-cumpara-3-mmc","84":"product_tag-cumpara-4-cmc","85":"product_tag-cumpara-5-mmpa","86":"product_tag-cumpara-a-pihp","87":"product_tag-cumpara-eutylone","88":"product_tag-cumpara-hexedrone","89":"product_tag-cumpara-hexen","90":"product_tag-en-gros-2-fdck","91":"product_tag-en-gros-3-cmc","92":"product_tag-en-gros-4-cmc","93":"product_tag-en-gros-5-mmpa","94":"product_tag-en-gros-a-php","95":"product_tag-en-gros-a-pihp","96":"product_tag-evtilon","97":"product_tag-groothandel-2-fdck","98":"product_tag-groothandel-2-mmc","99":"product_tag-groothandel-3-cmc","100":"product_tag-groothandel-3-mma","101":"product_tag-groothandel-3-mmc","102":"product_tag-groothandel-3-mmc-pills","103":"product_tag-groothandel-4-cmc","104":"product_tag-groothandel-5-mmpa","105":"product_tag-groothandel-eutylone","106":"product_tag-groothandel-hexedrone","107":"product_tag-heksedron","108":"product_tag-how-to-buy-4-cmc-crystals-online","109":"product_tag-ingroso-arovnice","110":"product_tag-ingrosso-2-fdck","111":"product_tag-ingrosso-2-mmc","112":"product_tag-ingrosso-3-cmc","113":"product_tag-ingrosso-3-mma","114":"product_tag-ingrosso-3-mmc","115":"product_tag-ingrosso-3-mmc-peleti","116":"product_tag-ingrosso-3-mmc-tablete","117":"product_tag-ingrosso-4-cmc","118":"product_tag-ingrosso-5-mmpa","119":"product_tag-ingrosso-a-php","120":"product_tag-ingrosso-a-pihp","121":"product_tag-cumpara-a-php","122":"product_tag-koop-2-fdck","123":"product_tag-koop-2-mmc","124":"product_tag-koop-3-cmc","125":"product_tag-koop-3-mma","126":"product_tag-koop-3-mmc","127":"product_tag-koop-3-mmc-peleti","128":"product_tag-koop-3-mmc-pills","129":"product_tag-koop-4-cmc","130":"product_tag-koop-5-mmpa","131":"product_tag-koop-a-php","132":"product_tag-koop-a-pihp","133":"product_tag-koop-eutylone","134":"product_tag-koop-hexedrone","135":"product_tag-buy-2-fdck","136":"product_tag-kupi-5-mmpa","137":"product_tag-kupi-heksen","138":"product_tag-kupi-hekse","139":"product_tag-kupi-heksedron","140":"product_tag-kupi-3-mmc-peleti","141":"product_tag-kupi-3-mmc-tablete","142":"product_tag-kupi-4-cmc","143":"product_tag-kupi-3-cmc","144":"product_tag-kupi-3-mma","145":"product_tag-kupi-3-mmc","146":"product_tag-acheter-arovnice","147":"product_tag-kupi-eutilon","148":"product_tag-magasin-3-cmc","149":"product_tag-magasin-3-mma","150":"product_tag-magasin-5-mmpa","151":"product_tag-magasin-a-php","152":"product_tag-magasin-a-pihp","153":"product_tag-magazin-3-mma","154":"product_tag-magazin-3-mmc","155":"product_tag-magazin-4-cmc","156":"product_tag-magazin-a-php","157":"product_tag-magazin-hexedrone","158":"product_tag-magazin-hexen","159":"product_tag-veleprodaja-3-mmc-tablete","160":"product_tag-debelo-heksen","161":"product_tag-na-debelo-hexes","162":"product_tag-revija-3-mmc","163":"product_tag-trgovina-3-mmc-peleti","164":"product_tag-nagykereskedelem-2-fdck","165":"product_tag-nagykereskedelem-2-mmc","166":"product_tag-nagykereskedelem-3-cmc","167":"product_tag-nagykereskedelem-3-mma","168":"product_tag-nagykereskedelem-3-mmc","169":"product_tag-nagykereskedelem-3-mmc-pellets","170":"product_tag-nagykereskedelem-3-mmc-pills","171":"product_tag-nagykereskedelem-4-cmc","172":"product_tag-nagykereskedelem-5-mmpa","173":"product_tag-nagykereskedelem-a-php","174":"product_tag-nagykereskedelem-a-pihp","175":"product_tag-nagykereskedelem-eutylone","176":"product_tag-nagykereskedelem-hexedrone","177":"product_tag-nagykereskedelem-hexen","178":"product_tag-najbolji-4-cmc","179":"product_tag-najbolji-a-pihp","180":"product_tag-najbolji-heksedron","181":"product_tag-najbolji-heksen","182":"product_tag-negozio-2-fdck","183":"product_tag-negozio-2-mmc","184":"product_tag-negozio-3-cmc","185":"product_tag-negozio-3-mma","186":"product_tag-negozio-3-mmc","187":"product_tag-negozio-3-mmc-pellets","188":"product_tag-negozio-3-mmc-pills","189":"product_tag-negozio-4-cmc","190":"product_tag-negozio-5-mmpa","191":"product_tag-negozio-a-php","192":"product_tag-negozio-a-pihp","193":"product_tag-negozio-eutylone","194":"product_tag-negozio-hexen","195":"product_tag-order-4-cmc-crystals-online","196":"product_tag-kupi-2-mmc","197":"product_tag-buy-at-pihp","198":"product_tag-revija-3-mmc-tablete","199":"product_tag-purchase-4-cmc-crystals-online","200":"product_tag-bulk-2-fdck","201":"product_tag-v-razsutem-stanju-3-mma","202":"product_tag-bulk-a-php","203":"product_tag-bulk-a-pihp","204":"product_tag-razsuti-eutilon","205":"product_tag-revija-2-mmc","206":"product_tag-revija-a-pihp","207":"product_tag-trgovina-arovnice","208":"product_tag-shop-2-fdck","209":"product_tag-shop-2-mmc","210":"product_tag-shop-3-cmc","211":"product_tag-shop-3-mma","212":"product_tag-shop-3-mmc","213":"product_tag-shop-3-mmc-pellets","214":"product_tag-shop-3-mmc-pills","215":"product_tag-shop-4-cmc","216":"product_tag-shop-5-mmpa","217":"product_tag-shop-a-php","218":"product_tag-shop-a-pihp","219":"product_tag-shop-eutylone","220":"product_tag-shop-hexedrone","221":"product_tag-shop-hexen","222":"product_tag-store-2-fdck","223":"product_tag-the-best-place-to-buy-4-cmc-crystals-online","224":"product_tag-tienda-2-fdck","225":"product_tag-tienda-2-mmc","226":"product_tag-tienda-3-cmc","227":"product_tag-tienda-3-mma","228":"product_tag-tienda-3-mmc","229":"product_tag-tienda-3-mmc-pellets","230":"product_tag-tienda-3-mmc-pills","231":"product_tag-tienda-4-cmc","232":"product_tag-tienda-5-mmpa","233":"product_tag-tienda-a-php","234":"product_tag-tienda-a-pihp","235":"product_tag-tienda-eutylone","236":"product_tag-tienda-hexedrone","237":"product_tag-tienda-hexen","238":"product_tag-kupi-php","239":"product_tag-revija-2-fdck","240":"product_tag-trgovina-eutilon","241":"product_tag-trgovina-z-eutilonom","242":"product_tag-uzlet-2-fdck","243":"product_tag-uzlet-2-mmc","244":"product_tag-uzlet-3-cmc","245":"product_tag-uzlet-3-mma","246":"product_tag-uzlet-3-mmc","247":"product_tag-uzlet-3-mmc-pellets","248":"product_tag-uzlet-3-mmc-pills","249":"product_tag-uzlet-4-cmc","250":"product_tag-uzlet-a-php","251":"product_tag-uzlet-a-pihp","252":"product_tag-uzlet-eutylone","253":"product_tag-uzlet-hexedrone","254":"product_tag-uzlet-hexen","255":"product_tag-v-razsutem-stanju-3-cmc","256":"product_tag-v-razsutem-stanju-3-mmc","257":"product_tag-vasarold-meg-2-fdck","258":"product_tag-vasarold-meg-2-mmc","259":"product_tag-vasarold-meg-3-cmc","260":"product_tag-vasarold-meg-3-mma","261":"product_tag-vasarold-meg-3-mmc","262":"product_tag-vasarold-meg-3-mmc-pellets","263":"product_tag-vasarold-meg-3-mmc-pills","264":"product_tag-vasarold-meg-4-cmc","265":"product_tag-vasarold-meg-5-mmpa","266":"product_tag-vasarold-meg-a-php","267":"product_tag-vasarold-meg-a-pihp","268":"product_tag-vasarold-meg-eutylone","269":"product_tag-vasarold-meg-hexedrone","270":"product_tag-vasarold-meg-hexen","271":"product_tag-veleprodaja-2-fdck","272":"product_tag-veleprodaja-2-mmc","273":"product_tag-veleprodaja-3-mmc-peleti","274":"product_tag-veleprodaja-3-cmc","275":"product_tag-veleprodaja-3-mma","276":"product_tag-veleprodaja-3-mmc","277":"product_tag-veleprodaja-4-cmc","278":"product_tag-veleprodaja-5-mmpa","279":"product_tag-veleprodaja-php","280":"product_tag-veleprodaja-v-php","281":"product_tag-veleprodaja-a-pihp","282":"product_tag-ingroso-evtilon","283":"product_tag-veleprodaja-eutilon","284":"product_tag-veleprodaja-heksedron","285":"product_tag-vente-en-gros-2-fdck","286":"product_tag-vente-en-gros-2-mmc","287":"product_tag-vente-en-gros-3-cmc","288":"product_tag-vente-en-gros-3-mma","289":"product_tag-vente-en-gros-3-mmc","290":"product_tag-vente-en-gros-3-mmc-pellets","291":"product_tag-vente-en-gros-3-mmc-pills","292":"product_tag-vente-en-gros-4-cmc","293":"product_tag-vente-en-gros-5-mmpa","294":"product_tag-vente-en-gros-a-php","295":"product_tag-vente-en-gros-a-pihp","296":"product_tag-vente-en-gros-eutylone","297":"product_tag-vente-en-gros-hexen","298":"product_tag-where-to-buy-4-cmc-crystals-online","299":"product_tag-wholesale-2-fdck","300":"product_tag-wholesale-2-mmc","301":"product_tag-wholesale-3-cmc","302":"product_tag-wholesale-3-mma","303":"product_tag-wholesale-3-mmc","304":"product_tag-wholesale-3-mmc-pellets","305":"product_tag-wholesale-3-mmc-pills","306":"product_tag-wholesale-4-cmc","307":"product_tag-wholesale-5-mmpa","308":"product_tag-wholesale-a-php","309":"product_tag-wholesale-a-pihp","310":"product_tag-wholesale-eutylone","311":"product_tag-wholesale-hexedrone","312":"product_tag-wholesale-hexen","313":"product_tag-winkel-2-fdck","314":"product_tag-winkel-2-mmc","315":"product_tag-winkel-3-cmc","316":"product_tag-winkel-3-mma","317":"product_tag-winkel-3-mmc","318":"product_tag-winkel-3-mmc-pellets","319":"product_tag-winkel-3-mmc-pills","320":"product_tag-winkel-4-cmc","321":"product_tag-winkel-5-mmpa","322":"product_tag-winkel-a-php","323":"product_tag-winkel-a-pihp","324":"product_tag-winkel-eutylone","325":"product_tag-winkel-hexedrone","326":"product_tag-winkel-hexen","328":"first","329":"instock","330":"shipping-taxable","331":"purchasable","332":"product-type-variable","333":"has-default-attributes"},"yoast_head":"<!-- This site is optimized with the Yoast SEO plugin v27.3 - https:\/\/yoast.com\/product\/yoast-seo-wordpress\/ -->\n<title>Kupite kristal 4-klorometkatinona (4-CMC HCl) - najbolj\u0161a najbolj\u0161a zdravila na svetu<\/title>\n<meta name=\"description\" content=\"Kupite 4-CMC Crystal &amp; Powder Online Poceni. Kupite 4-CMC Crystal &amp; Pra\u0161ek v razsutem stanju 99% \u010distosti. Naro\u010dite 4-klorometkatinon za prodajo UK, Evropa\" \/>\n<meta name=\"robots\" content=\"index, follow, max-snippet:-1, max-image-preview:large, max-video-preview:-1\" \/>\n<link rel=\"canonical\" href=\"https:\/\/medicinasinc.com\/sl\/product\/4-klorometkatinon-4-cmc-hcl-kristal\/\" \/>\n<meta property=\"og:locale\" content=\"en_US\" \/>\n<meta property=\"og:type\" content=\"article\" \/>\n<meta property=\"og:title\" content=\"Kupite kristal 4-klorometkatinona (4-CMC HCl) - najbolj\u0161a najbolj\u0161a zdravila na svetu\" \/>\n<meta property=\"og:description\" content=\"Kupite 4-CMC Crystal &amp; Powder Online Poceni. Kupite 4-CMC Crystal &amp; Pra\u0161ek v razsutem stanju 99% \u010distosti. Naro\u010dite 4-klorometkatinon za prodajo UK, Evropa\" \/>\n<meta property=\"og:url\" content=\"https:\/\/medicinasinc.com\/sl\/product\/4-klorometkatinon-4-cmc-hcl-kristal\/\" \/>\n<meta property=\"og:site_name\" content=\"Medicinas Inc\" \/>\n<meta property=\"article:modified_time\" content=\"2022-03-19T00:31:21+00:00\" \/>\n<meta property=\"og:image\" content=\"https:\/\/medicinasinc.com\/sl\/wp-content\/uploads\/sites\/7\/2022\/02\/buy-4-Chloromethcathinone.jpg\" \/>\n\t<meta property=\"og:image:width\" content=\"2560\" \/>\n\t<meta property=\"og:image:height\" content=\"1887\" \/>\n\t<meta property=\"og:image:type\" content=\"image\/jpeg\" \/>\n<meta name=\"twitter:card\" content=\"summary_large_image\" \/>\n<meta name=\"twitter:label1\" content=\"Est. reading time\" \/>\n\t<meta name=\"twitter:data1\" content=\"2 minutes\" \/>\n<script type=\"application\/ld+json\" class=\"yoast-schema-graph\">{\"@context\":\"https:\\\/\\\/schema.org\",\"@graph\":[{\"@type\":\"WebPage\",\"@id\":\"https:\\\/\\\/medicinasinc.com\\\/sl\\\/product\\\/4-klorometkatinon-4-cmc-hcl-kristal\\\/\",\"url\":\"https:\\\/\\\/medicinasinc.com\\\/sl\\\/product\\\/4-klorometkatinon-4-cmc-hcl-kristal\\\/\",\"name\":\"Kupite kristal 4-klorometkatinona (4-CMC HCl) - najbolj\u0161a najbolj\u0161a zdravila na svetu\",\"isPartOf\":{\"@id\":\"https:\\\/\\\/medicinasinc.com\\\/sl\\\/#website\"},\"primaryImageOfPage\":{\"@id\":\"https:\\\/\\\/medicinasinc.com\\\/sl\\\/product\\\/4-klorometkatinon-4-cmc-hcl-kristal\\\/#primaryimage\"},\"image\":{\"@id\":\"https:\\\/\\\/medicinasinc.com\\\/sl\\\/product\\\/4-klorometkatinon-4-cmc-hcl-kristal\\\/#primaryimage\"},\"thumbnailUrl\":\"https:\\\/\\\/medicinasinc.com\\\/sl\\\/wp-content\\\/uploads\\\/sites\\\/7\\\/2022\\\/02\\\/buy-4-Chloromethcathinone.jpg\",\"datePublished\":\"2022-02-21T21:52:55+00:00\",\"dateModified\":\"2022-03-19T00:31:21+00:00\",\"description\":\"Kupite 4-CMC Crystal &amp; Powder Online Poceni. Kupite 4-CMC Crystal &amp; Pra\u0161ek v razsutem stanju 99% \u010distosti. Naro\u010dite 4-klorometkatinon za prodajo UK, Evropa\",\"breadcrumb\":{\"@id\":\"https:\\\/\\\/medicinasinc.com\\\/sl\\\/product\\\/4-klorometkatinon-4-cmc-hcl-kristal\\\/#breadcrumb\"},\"inLanguage\":\"en-US\",\"potentialAction\":[{\"@type\":\"ReadAction\",\"target\":[\"https:\\\/\\\/medicinasinc.com\\\/sl\\\/product\\\/4-klorometkatinon-4-cmc-hcl-kristal\\\/\"]}]},{\"@type\":\"ImageObject\",\"inLanguage\":\"en-US\",\"@id\":\"https:\\\/\\\/medicinasinc.com\\\/sl\\\/product\\\/4-klorometkatinon-4-cmc-hcl-kristal\\\/#primaryimage\",\"url\":\"https:\\\/\\\/medicinasinc.com\\\/sl\\\/wp-content\\\/uploads\\\/sites\\\/7\\\/2022\\\/02\\\/buy-4-Chloromethcathinone.jpg\",\"contentUrl\":\"https:\\\/\\\/medicinasinc.com\\\/sl\\\/wp-content\\\/uploads\\\/sites\\\/7\\\/2022\\\/02\\\/buy-4-Chloromethcathinone.jpg\",\"width\":2560,\"height\":1887},{\"@type\":\"BreadcrumbList\",\"@id\":\"https:\\\/\\\/medicinasinc.com\\\/sl\\\/product\\\/4-klorometkatinon-4-cmc-hcl-kristal\\\/#breadcrumb\",\"itemListElement\":[{\"@type\":\"ListItem\",\"position\":1,\"name\":\"Nakupujte\",\"item\":\"https:\\\/\\\/medicinasinc.com\\\/sl\\\/nakupujte\\\/\"},{\"@type\":\"ListItem\",\"position\":2,\"name\":\"4-klorometkatinon (4-CMC HCl) kristal\"}]},{\"@type\":\"WebSite\",\"@id\":\"https:\\\/\\\/medicinasinc.com\\\/sl\\\/#website\",\"url\":\"https:\\\/\\\/medicinasinc.com\\\/sl\\\/\",\"name\":\"Medicinas Inc\",\"description\":\"Health Medical Clinic\",\"potentialAction\":[{\"@type\":\"SearchAction\",\"target\":{\"@type\":\"EntryPoint\",\"urlTemplate\":\"https:\\\/\\\/medicinasinc.com\\\/sl\\\/?s={search_term_string}\"},\"query-input\":{\"@type\":\"PropertyValueSpecification\",\"valueRequired\":true,\"valueName\":\"search_term_string\"}}],\"inLanguage\":\"en-US\"}]}<\/script>\n<!-- \/ Yoast SEO plugin. -->","yoast_head_json":{"title":"Kupite kristal 4-klorometkatinona (4-CMC HCl) - najbolj\u0161a najbolj\u0161a zdravila na svetu","description":"Kupite 4-CMC Crystal &amp; Powder Online Poceni. Kupite 4-CMC Crystal &amp; Pra\u0161ek v razsutem stanju 99% \u010distosti. Naro\u010dite 4-klorometkatinon za prodajo UK, Evropa","robots":{"index":"index","follow":"follow","max-snippet":"max-snippet:-1","max-image-preview":"max-image-preview:large","max-video-preview":"max-video-preview:-1"},"canonical":"https:\/\/medicinasinc.com\/sl\/product\/4-klorometkatinon-4-cmc-hcl-kristal\/","og_locale":"en_US","og_type":"article","og_title":"Kupite kristal 4-klorometkatinona (4-CMC HCl) - najbolj\u0161a najbolj\u0161a zdravila na svetu","og_description":"Kupite 4-CMC Crystal &amp; Powder Online Poceni. Kupite 4-CMC Crystal &amp; Pra\u0161ek v razsutem stanju 99% \u010distosti. Naro\u010dite 4-klorometkatinon za prodajo UK, Evropa","og_url":"https:\/\/medicinasinc.com\/sl\/product\/4-klorometkatinon-4-cmc-hcl-kristal\/","og_site_name":"Medicinas Inc","article_modified_time":"2022-03-19T00:31:21+00:00","og_image":[{"width":2560,"height":1887,"url":"https:\/\/medicinasinc.com\/sl\/wp-content\/uploads\/sites\/7\/2022\/02\/buy-4-Chloromethcathinone.jpg","type":"image\/jpeg"}],"twitter_card":"summary_large_image","twitter_misc":{"Est. reading time":"2 minutes"},"schema":{"@context":"https:\/\/schema.org","@graph":[{"@type":"WebPage","@id":"https:\/\/medicinasinc.com\/sl\/product\/4-klorometkatinon-4-cmc-hcl-kristal\/","url":"https:\/\/medicinasinc.com\/sl\/product\/4-klorometkatinon-4-cmc-hcl-kristal\/","name":"Kupite kristal 4-klorometkatinona (4-CMC HCl) - najbolj\u0161a najbolj\u0161a zdravila na svetu","isPartOf":{"@id":"https:\/\/medicinasinc.com\/sl\/#website"},"primaryImageOfPage":{"@id":"https:\/\/medicinasinc.com\/sl\/product\/4-klorometkatinon-4-cmc-hcl-kristal\/#primaryimage"},"image":{"@id":"https:\/\/medicinasinc.com\/sl\/product\/4-klorometkatinon-4-cmc-hcl-kristal\/#primaryimage"},"thumbnailUrl":"https:\/\/medicinasinc.com\/sl\/wp-content\/uploads\/sites\/7\/2022\/02\/buy-4-Chloromethcathinone.jpg","datePublished":"2022-02-21T21:52:55+00:00","dateModified":"2022-03-19T00:31:21+00:00","description":"Kupite 4-CMC Crystal &amp; Powder Online Poceni. Kupite 4-CMC Crystal &amp; Pra\u0161ek v razsutem stanju 99% \u010distosti. Naro\u010dite 4-klorometkatinon za prodajo UK, Evropa","breadcrumb":{"@id":"https:\/\/medicinasinc.com\/sl\/product\/4-klorometkatinon-4-cmc-hcl-kristal\/#breadcrumb"},"inLanguage":"en-US","potentialAction":[{"@type":"ReadAction","target":["https:\/\/medicinasinc.com\/sl\/product\/4-klorometkatinon-4-cmc-hcl-kristal\/"]}]},{"@type":"ImageObject","inLanguage":"en-US","@id":"https:\/\/medicinasinc.com\/sl\/product\/4-klorometkatinon-4-cmc-hcl-kristal\/#primaryimage","url":"https:\/\/medicinasinc.com\/sl\/wp-content\/uploads\/sites\/7\/2022\/02\/buy-4-Chloromethcathinone.jpg","contentUrl":"https:\/\/medicinasinc.com\/sl\/wp-content\/uploads\/sites\/7\/2022\/02\/buy-4-Chloromethcathinone.jpg","width":2560,"height":1887},{"@type":"BreadcrumbList","@id":"https:\/\/medicinasinc.com\/sl\/product\/4-klorometkatinon-4-cmc-hcl-kristal\/#breadcrumb","itemListElement":[{"@type":"ListItem","position":1,"name":"Nakupujte","item":"https:\/\/medicinasinc.com\/sl\/nakupujte\/"},{"@type":"ListItem","position":2,"name":"4-klorometkatinon (4-CMC HCl) kristal"}]},{"@type":"WebSite","@id":"https:\/\/medicinasinc.com\/sl\/#website","url":"https:\/\/medicinasinc.com\/sl\/","name":"Medicinas Inc","description":"Health Medical Clinic","potentialAction":[{"@type":"SearchAction","target":{"@type":"EntryPoint","urlTemplate":"https:\/\/medicinasinc.com\/sl\/?s={search_term_string}"},"query-input":{"@type":"PropertyValueSpecification","valueRequired":true,"valueName":"search_term_string"}}],"inLanguage":"en-US"}]}},"_links":{"self":[{"href":"https:\/\/medicinasinc.com\/sl\/wp-json\/wp\/v2\/product\/5367","targetHints":{"allow":["GET"]}}],"collection":[{"href":"https:\/\/medicinasinc.com\/sl\/wp-json\/wp\/v2\/product"}],"about":[{"href":"https:\/\/medicinasinc.com\/sl\/wp-json\/wp\/v2\/types\/product"}],"replies":[{"embeddable":true,"href":"https:\/\/medicinasinc.com\/sl\/wp-json\/wp\/v2\/comments?post=5367"}],"wp:featuredmedia":[{"embeddable":true,"href":"https:\/\/medicinasinc.com\/sl\/wp-json\/wp\/v2\/media\/5378"}],"wp:attachment":[{"href":"https:\/\/medicinasinc.com\/sl\/wp-json\/wp\/v2\/media?parent=5367"}],"wp:term":[{"taxonomy":"product_brand","embeddable":true,"href":"https:\/\/medicinasinc.com\/sl\/wp-json\/wp\/v2\/product_brand?post=5367"},{"taxonomy":"product_cat","embeddable":true,"href":"https:\/\/medicinasinc.com\/sl\/wp-json\/wp\/v2\/product_cat?post=5367"},{"taxonomy":"product_tag","embeddable":true,"href":"https:\/\/medicinasinc.com\/sl\/wp-json\/wp\/v2\/product_tag?post=5367"}],"curies":[{"name":"wp","href":"https:\/\/api.w.org\/{rel}","templated":true}]}}