{"id":5366,"date":"2022-02-21T21:52:02","date_gmt":"2022-02-21T21:52:02","guid":{"rendered":"https:\/\/medicinasinc.com\/sl\/?post_type=product&#038;p=5366"},"modified":"2022-03-19T00:31:37","modified_gmt":"2022-03-19T00:31:37","slug":"kupi-3f-fenmetrazin","status":"publish","type":"product","link":"https:\/\/medicinasinc.com\/sl\/product\/kupi-3f-fenmetrazin\/","title":{"rendered":"Kupite 3F-Phenmetrazine"},"content":{"rendered":"<p>Kaj pomeni 3-FPM?<\/p>\n<p>3-FPM je okraj\u0161ava za 3-Fluorophenmetrazine in pomeni 3-Fluorophenmetrazine. 3-FPM je kemikalija, ki se uporablja v raziskavah in ima veliko mo\u010di, da spodbudi ljudi. 3-FPM je del razreda kemikalij, imenovanih fenol morfolin, in lahko \u0161koduje va\u0161emu telesu. Obi\u010dajno se \u0161teje, da so rezultati poskusov 3-FPM zelo podobni ali skoraj enaki kot rezultati poskusov z amfetaminom. Poskusi s 3-FPM obi\u010dajno ka\u017eejo, da so ljudje bolj osredoto\u010deni in motivirani, njihove misli se premikajo hitreje in se po\u010dutijo sre\u010dne. Vendar pa naj bi bili ti rezultati pogosto manj intenzivni kot rezultati amfetamina ali drugih drog, zaradi katerih ste bolj pozorni. Veliko ljudi ne postane \u017eiv\u010dno ali zaspano, ko uporabljajo 3-FPM.<\/p>\n<p>Kje lahko kupim 3-FPM?<\/p>\n<p>V Best Globel Med imamo veliko izdelkov. Prodam zelo dober 3-FPM. Na\u0161 3-FPM je na voljo v obliki prahu in pelet, tako da ga lahko dobite. Ni pomembno, katero od teh dveh kemijskih stanj vam je ljub\u0161e. Poskrbeli smo za vas.<\/p>\n<p>Naprodaj imamo 3-FPM, ki je samo za raziskave, ne za prodajo. Ni za uporabo doma. Ljudje, ki pri nas kupijo 3-FPM, morajo biti stari najmanj 18 let in morajo biti v celoti skladni z zakonodajo svoje dr\u017eave.<\/p>\n<p>3-FPM je zakonit.<\/p>\n<p>3-FPM je zakonit. ni zakonito za nakup, prodajo ali lastni\u0161tvo v Izraelu, \u0160vici ali Zdru\u017eenih dr\u017eavah, zato tega ne morete storiti. V Zdru\u017eenem kraljestvu naj bi bil podoben fenmetrazinu, ki je zdravilo, ki ga ljudje ne morejo jemati.<\/p>\n<p>Hladen in suh prostor je vedno najbolj\u0161i za najbolj\u0161i rok uporabnosti. Ta izdelek je samo za forenzi\u010dno in raziskovalno uporabo. Ni namenjeno u\u017eivanju ljudi ali preizku\u0161anju na \u017eivalih ali katerem koli drugem \u017eivem bitju.<\/p>\n","protected":false},"excerpt":{"rendered":"<div class=\"woocommerce-product-details__short-description\">\n<p>KUPITE 3-FPM3-FPM (znan tudi kot 3-fluorofenmetrazin, 3F-fenmetrazin in PAL-593) je nov stimulans na osnovi fenilmorfolina.<\/p>\n<p>3-fluorofenmetrazin, znan tudi kot 3F-fenmetrazin, PAL-593 in 3-FPM, je nov stimulans razreda fenilmorfolina.<\/p>\n<p>Nakup 3-FPM na spletu<\/p>\n<p>3F-Phenmetrazin je mogo\u010de kupiti na spletu.<\/p>\n<p>3F-Phenmetrazine je na voljo v obliki kristalini\u010dne ali bele snovi v prahu. 3F-fenmetrazin je topen v organskih topilih, kot so metanol, etanol, dimetilformamid (DMF) in diklorometan (DCM), ki jih je treba splakovati z inertnim plinom.<\/p>\n<\/p><\/div>\n","protected":false},"featured_media":5376,"comment_status":"open","ping_status":"closed","template":"","meta":[],"product_brand":[],"product_cat":[2014],"product_tag":[],"class_list":{"0":"post-5366","1":"product","2":"type-product","3":"status-publish","4":"has-post-thumbnail","6":"product_cat-nakup-raziskave-kemikalije","8":"first","9":"instock","10":"shipping-taxable","11":"purchasable","12":"product-type-variable","13":"has-default-attributes"},"yoast_head":"<!-- This site is optimized with the Yoast SEO plugin v27.3 - https:\/\/yoast.com\/product\/yoast-seo-wordpress\/ -->\n<title>Kupite 3F-Phenmetrazine - najbolj\u0161a najbolj\u0161a zdravila na svetu<\/title>\n<meta name=\"description\" content=\"KUPI 3-FPM3-FPM za prodajo (znan tudi kot 3-fluorofenmetrazin, 3F-fenmetrazin in PAL-593) je nova stimulativna snov iz razreda fenilmorfolina.\" \/>\n<meta name=\"robots\" content=\"index, follow, max-snippet:-1, max-image-preview:large, max-video-preview:-1\" \/>\n<link rel=\"canonical\" href=\"https:\/\/medicinasinc.com\/sl\/product\/kupi-3f-fenmetrazin\/\" \/>\n<meta property=\"og:locale\" content=\"en_US\" \/>\n<meta property=\"og:type\" content=\"article\" \/>\n<meta property=\"og:title\" content=\"Kupite 3F-Phenmetrazine - najbolj\u0161a najbolj\u0161a zdravila na svetu\" \/>\n<meta property=\"og:description\" content=\"KUPI 3-FPM3-FPM za prodajo (znan tudi kot 3-fluorofenmetrazin, 3F-fenmetrazin in PAL-593) je nova stimulativna snov iz razreda fenilmorfolina.\" \/>\n<meta property=\"og:url\" content=\"https:\/\/medicinasinc.com\/sl\/product\/kupi-3f-fenmetrazin\/\" \/>\n<meta property=\"og:site_name\" content=\"Medicinas Inc\" \/>\n<meta property=\"article:modified_time\" content=\"2022-03-19T00:31:37+00:00\" \/>\n<meta property=\"og:image\" content=\"https:\/\/medicinasinc.com\/sl\/wp-content\/uploads\/sites\/7\/2022\/02\/3fpm.jpg\" \/>\n\t<meta property=\"og:image:width\" content=\"600\" \/>\n\t<meta property=\"og:image:height\" content=\"600\" \/>\n\t<meta property=\"og:image:type\" content=\"image\/jpeg\" \/>\n<meta name=\"twitter:card\" content=\"summary_large_image\" \/>\n<meta name=\"twitter:label1\" content=\"Est. reading time\" \/>\n\t<meta name=\"twitter:data1\" content=\"2 minutes\" \/>\n<script type=\"application\/ld+json\" class=\"yoast-schema-graph\">{\"@context\":\"https:\\\/\\\/schema.org\",\"@graph\":[{\"@type\":\"WebPage\",\"@id\":\"https:\\\/\\\/medicinasinc.com\\\/sl\\\/product\\\/kupi-3f-fenmetrazin\\\/\",\"url\":\"https:\\\/\\\/medicinasinc.com\\\/sl\\\/product\\\/kupi-3f-fenmetrazin\\\/\",\"name\":\"Kupite 3F-Phenmetrazine - najbolj\u0161a najbolj\u0161a zdravila na svetu\",\"isPartOf\":{\"@id\":\"https:\\\/\\\/medicinasinc.com\\\/sl\\\/#website\"},\"primaryImageOfPage\":{\"@id\":\"https:\\\/\\\/medicinasinc.com\\\/sl\\\/product\\\/kupi-3f-fenmetrazin\\\/#primaryimage\"},\"image\":{\"@id\":\"https:\\\/\\\/medicinasinc.com\\\/sl\\\/product\\\/kupi-3f-fenmetrazin\\\/#primaryimage\"},\"thumbnailUrl\":\"https:\\\/\\\/medicinasinc.com\\\/sl\\\/wp-content\\\/uploads\\\/sites\\\/7\\\/2022\\\/02\\\/3fpm.jpg\",\"datePublished\":\"2022-02-21T21:52:02+00:00\",\"dateModified\":\"2022-03-19T00:31:37+00:00\",\"description\":\"KUPI 3-FPM3-FPM za prodajo (znan tudi kot 3-fluorofenmetrazin, 3F-fenmetrazin in PAL-593) je nova stimulativna snov iz razreda fenilmorfolina.\",\"breadcrumb\":{\"@id\":\"https:\\\/\\\/medicinasinc.com\\\/sl\\\/product\\\/kupi-3f-fenmetrazin\\\/#breadcrumb\"},\"inLanguage\":\"en-US\",\"potentialAction\":[{\"@type\":\"ReadAction\",\"target\":[\"https:\\\/\\\/medicinasinc.com\\\/sl\\\/product\\\/kupi-3f-fenmetrazin\\\/\"]}]},{\"@type\":\"ImageObject\",\"inLanguage\":\"en-US\",\"@id\":\"https:\\\/\\\/medicinasinc.com\\\/sl\\\/product\\\/kupi-3f-fenmetrazin\\\/#primaryimage\",\"url\":\"https:\\\/\\\/medicinasinc.com\\\/sl\\\/wp-content\\\/uploads\\\/sites\\\/7\\\/2022\\\/02\\\/3fpm.jpg\",\"contentUrl\":\"https:\\\/\\\/medicinasinc.com\\\/sl\\\/wp-content\\\/uploads\\\/sites\\\/7\\\/2022\\\/02\\\/3fpm.jpg\",\"width\":600,\"height\":600},{\"@type\":\"BreadcrumbList\",\"@id\":\"https:\\\/\\\/medicinasinc.com\\\/sl\\\/product\\\/kupi-3f-fenmetrazin\\\/#breadcrumb\",\"itemListElement\":[{\"@type\":\"ListItem\",\"position\":1,\"name\":\"Nakupujte\",\"item\":\"https:\\\/\\\/medicinasinc.com\\\/sl\\\/nakupujte\\\/\"},{\"@type\":\"ListItem\",\"position\":2,\"name\":\"Kupite 3F-Phenmetrazine\"}]},{\"@type\":\"WebSite\",\"@id\":\"https:\\\/\\\/medicinasinc.com\\\/sl\\\/#website\",\"url\":\"https:\\\/\\\/medicinasinc.com\\\/sl\\\/\",\"name\":\"Medicinas Inc\",\"description\":\"Health Medical Clinic\",\"potentialAction\":[{\"@type\":\"SearchAction\",\"target\":{\"@type\":\"EntryPoint\",\"urlTemplate\":\"https:\\\/\\\/medicinasinc.com\\\/sl\\\/?s={search_term_string}\"},\"query-input\":{\"@type\":\"PropertyValueSpecification\",\"valueRequired\":true,\"valueName\":\"search_term_string\"}}],\"inLanguage\":\"en-US\"}]}<\/script>\n<!-- \/ Yoast SEO plugin. -->","yoast_head_json":{"title":"Kupite 3F-Phenmetrazine - najbolj\u0161a najbolj\u0161a zdravila na svetu","description":"KUPI 3-FPM3-FPM za prodajo (znan tudi kot 3-fluorofenmetrazin, 3F-fenmetrazin in PAL-593) je nova stimulativna snov iz razreda fenilmorfolina.","robots":{"index":"index","follow":"follow","max-snippet":"max-snippet:-1","max-image-preview":"max-image-preview:large","max-video-preview":"max-video-preview:-1"},"canonical":"https:\/\/medicinasinc.com\/sl\/product\/kupi-3f-fenmetrazin\/","og_locale":"en_US","og_type":"article","og_title":"Kupite 3F-Phenmetrazine - najbolj\u0161a najbolj\u0161a zdravila na svetu","og_description":"KUPI 3-FPM3-FPM za prodajo (znan tudi kot 3-fluorofenmetrazin, 3F-fenmetrazin in PAL-593) je nova stimulativna snov iz razreda fenilmorfolina.","og_url":"https:\/\/medicinasinc.com\/sl\/product\/kupi-3f-fenmetrazin\/","og_site_name":"Medicinas Inc","article_modified_time":"2022-03-19T00:31:37+00:00","og_image":[{"width":600,"height":600,"url":"https:\/\/medicinasinc.com\/sl\/wp-content\/uploads\/sites\/7\/2022\/02\/3fpm.jpg","type":"image\/jpeg"}],"twitter_card":"summary_large_image","twitter_misc":{"Est. reading time":"2 minutes"},"schema":{"@context":"https:\/\/schema.org","@graph":[{"@type":"WebPage","@id":"https:\/\/medicinasinc.com\/sl\/product\/kupi-3f-fenmetrazin\/","url":"https:\/\/medicinasinc.com\/sl\/product\/kupi-3f-fenmetrazin\/","name":"Kupite 3F-Phenmetrazine - najbolj\u0161a najbolj\u0161a zdravila na svetu","isPartOf":{"@id":"https:\/\/medicinasinc.com\/sl\/#website"},"primaryImageOfPage":{"@id":"https:\/\/medicinasinc.com\/sl\/product\/kupi-3f-fenmetrazin\/#primaryimage"},"image":{"@id":"https:\/\/medicinasinc.com\/sl\/product\/kupi-3f-fenmetrazin\/#primaryimage"},"thumbnailUrl":"https:\/\/medicinasinc.com\/sl\/wp-content\/uploads\/sites\/7\/2022\/02\/3fpm.jpg","datePublished":"2022-02-21T21:52:02+00:00","dateModified":"2022-03-19T00:31:37+00:00","description":"KUPI 3-FPM3-FPM za prodajo (znan tudi kot 3-fluorofenmetrazin, 3F-fenmetrazin in PAL-593) je nova stimulativna snov iz razreda fenilmorfolina.","breadcrumb":{"@id":"https:\/\/medicinasinc.com\/sl\/product\/kupi-3f-fenmetrazin\/#breadcrumb"},"inLanguage":"en-US","potentialAction":[{"@type":"ReadAction","target":["https:\/\/medicinasinc.com\/sl\/product\/kupi-3f-fenmetrazin\/"]}]},{"@type":"ImageObject","inLanguage":"en-US","@id":"https:\/\/medicinasinc.com\/sl\/product\/kupi-3f-fenmetrazin\/#primaryimage","url":"https:\/\/medicinasinc.com\/sl\/wp-content\/uploads\/sites\/7\/2022\/02\/3fpm.jpg","contentUrl":"https:\/\/medicinasinc.com\/sl\/wp-content\/uploads\/sites\/7\/2022\/02\/3fpm.jpg","width":600,"height":600},{"@type":"BreadcrumbList","@id":"https:\/\/medicinasinc.com\/sl\/product\/kupi-3f-fenmetrazin\/#breadcrumb","itemListElement":[{"@type":"ListItem","position":1,"name":"Nakupujte","item":"https:\/\/medicinasinc.com\/sl\/nakupujte\/"},{"@type":"ListItem","position":2,"name":"Kupite 3F-Phenmetrazine"}]},{"@type":"WebSite","@id":"https:\/\/medicinasinc.com\/sl\/#website","url":"https:\/\/medicinasinc.com\/sl\/","name":"Medicinas Inc","description":"Health Medical Clinic","potentialAction":[{"@type":"SearchAction","target":{"@type":"EntryPoint","urlTemplate":"https:\/\/medicinasinc.com\/sl\/?s={search_term_string}"},"query-input":{"@type":"PropertyValueSpecification","valueRequired":true,"valueName":"search_term_string"}}],"inLanguage":"en-US"}]}},"_links":{"self":[{"href":"https:\/\/medicinasinc.com\/sl\/wp-json\/wp\/v2\/product\/5366","targetHints":{"allow":["GET"]}}],"collection":[{"href":"https:\/\/medicinasinc.com\/sl\/wp-json\/wp\/v2\/product"}],"about":[{"href":"https:\/\/medicinasinc.com\/sl\/wp-json\/wp\/v2\/types\/product"}],"replies":[{"embeddable":true,"href":"https:\/\/medicinasinc.com\/sl\/wp-json\/wp\/v2\/comments?post=5366"}],"wp:featuredmedia":[{"embeddable":true,"href":"https:\/\/medicinasinc.com\/sl\/wp-json\/wp\/v2\/media\/5376"}],"wp:attachment":[{"href":"https:\/\/medicinasinc.com\/sl\/wp-json\/wp\/v2\/media?parent=5366"}],"wp:term":[{"taxonomy":"product_brand","embeddable":true,"href":"https:\/\/medicinasinc.com\/sl\/wp-json\/wp\/v2\/product_brand?post=5366"},{"taxonomy":"product_cat","embeddable":true,"href":"https:\/\/medicinasinc.com\/sl\/wp-json\/wp\/v2\/product_cat?post=5366"},{"taxonomy":"product_tag","embeddable":true,"href":"https:\/\/medicinasinc.com\/sl\/wp-json\/wp\/v2\/product_tag?post=5366"}],"curies":[{"name":"wp","href":"https:\/\/api.w.org\/{rel}","templated":true}]}}