{"id":5341,"date":"2022-02-21T21:16:40","date_gmt":"2022-02-21T21:16:40","guid":{"rendered":"https:\/\/medicinasinc.com\/sl\/?post_type=product&#038;p=5341"},"modified":"2022-03-19T00:34:25","modified_gmt":"2022-03-19T00:34:25","slug":"buy-2c-e-research-chemical","status":"publish","type":"product","link":"https:\/\/medicinasinc.com\/sl\/product\/buy-2c-e-research-chemical\/","title":{"rendered":"Kupite 2C-E Research Chemical"},"content":{"rendered":"<p>Kemikalijo 2C-E Research je mogo\u010de kupiti na spletu.<\/p>\n<p>Kemikalijo 2C-E Research je mogo\u010de kupiti na spletu.<\/p>\n<p>Prodajalec 2c e, 2ce Research chemical, 2c e kupec, 2c e naprodaj<\/p>\n<p>Spletni nakup raziskovalnih kemikalij 2C-E<\/p>\n<p>Alexander Shulgin odkrije zdravilo 2C-E in zbere veliko privr\u017eencev.<\/p>\n<p>Spletni nakup kemikalij 2C-E. 2C-E raziskovalne kemikalije<\/p>\n<p>Kemi\u010dno sredstvo 2C-E (trip) je \u010dlan dru\u017eine 2C, ki vklju\u010duje tudi 2C-I in 2C-H. 2C-E je halucinogena spojina, pridobljena iz feniletilamina. Po vrsti raziskovalnih testov zdaj vemo, da tipi\u010dni odmerek pra\u0161ka 2C-E za intranazalno dajanje ne sme presegati 5 miligramov. Kljub temu odmerek pri peroralni uporabi ne sme prese\u010di pribli\u017eno 10-20 miligramov. Poro\u010dajo, da se po pribli\u017eno 10 minutah vdiha skozi nos pojavi mo\u010dno peko\u010d ob\u010dutek. Shulgin v svoji knjigi PiHKAL ozna\u010duje 2C-E skupaj z meskalinom, 2C-T-2, 2C-B in 2C-T-7 kot \u00bb\u010darobno pol ducata\u00ab. Spletni nakup raziskovalnih kemikalij 2C-E<\/p>\n<p>2C-E ima naslednje u\u010dinke: izbruh energije, pove\u010danje inventivnosti, vizualne u\u010dinke in pove\u010danje oprijema. Poleg tega se pojavijo spremembe v zavesti, te\u017eave s koncentracijo, utrip se pospe\u0161i, telesna temperatura se lahko nekoliko dvigne. Poleg tega 2C-E povzro\u010da omotico, slabost, preob\u010dutljivost na hrup in paniko. 2C-E za prodajo na internetu<\/p>\n<p>Trajanje delovanja 2C-E je obi\u010dajno med 4 in 9 urami. Ko med testiranjem primerjamo 2C-E z 2C-I, odkrijemo, da 2C-E povzro\u010da bolj opazne vidne in slu\u0161ne u\u010dinke.<\/p>\n<p>Na na\u0161em spletnem mestu lahko kupite 2C-E (potovanje) samo za kemijske preiskave. in laboratorijske preiskave; vendar morate najprej ugotoviti, ali je ta pripravek zakonit na va\u0161i lokaciji. Nudimo visokokakovostne materiale.<\/p>\n","protected":false},"excerpt":{"rendered":"<p>&nbsp;<\/p>\n<p>Kupite kemikalijo 2C-E Research za prodajo na spletu v Evropi, Zdru\u017eenem kraljestvu, EU. Kupite kemikalijo 2C-E Research. 2C-E (4-etil-2,5-dimetoksi) sol\/pra\u0161ek: psihodeli\u010dni amfetamin.<\/p>\n<p><em>Kupite 2C<\/em>&#8211;<em>E<\/em> Odobren dobavitelj Research Chemical. Vrhunska \u010distost, po\u0161tene cene, hitra zagotovljena dostava, politika vra\u010dila \/ vra\u010dila, odli\u010dna storitev za stranke.<\/p>\n","protected":false},"featured_media":5352,"comment_status":"open","ping_status":"closed","template":"","meta":[],"product_brand":[],"product_cat":[2014],"product_tag":[2027,2028,2032,2033,2034,2035,2036,2039,2040,2037,2042,2041,2043,2044,2029,2046,2049,2038,2047,2048,2050,2051,2052,2030,2053,2054,2055,2057,2058,2059,2060,2061,2062,2063,2068,2069,2070,2071,2073,2076,2077,2078,2082,2084,2080,2081,2083,2045,2056,2065,2066,2067,2090,2072,2074,2075,2064,2086,2087,2088,2089,2079,2085,2031,2091,2092,2093,2094,2095,2096],"class_list":{"0":"post-5341","1":"product","2":"type-product","3":"status-publish","4":"has-post-thumbnail","6":"product_cat-nakup-raziskave-kemikalije","7":"product_tag-2c-e-buy-online","8":"product_tag-2c-e","9":"product_tag-2c-e-drug-test","10":"product_tag-2c-e-effects","11":"product_tag-2c-e-erfahrung","12":"product_tag-2c-e-erovid","13":"product_tag-2c-e-evropa","14":"product_tag-2c-e-for-sale-chemical-element","15":"product_tag-2c-e-for-sale-online","16":"product_tag-2c-e-izkunja","17":"product_tag-2c-e-je-psihadelini-fenetilamin-druine-2c-je-prvi-sintetiziral-alexander-shulgin","18":"product_tag-2c-e-junaki-doza","19":"product_tag-2c-e-kaufen","20":"product_tag-2c-e-kopen","21":"product_tag-2c-e-nakup","22":"product_tag-2c-e-online","23":"product_tag-2c-e-prodaja","24":"product_tag-2c-e-na-prodaj","25":"product_tag-2c-e-psihonavt","26":"product_tag-2c-e-reddit","27":"product_tag-2c-e-sinteza","28":"product_tag-2c-e-wiki","29":"product_tag-2c-in-wikipedia","30":"product_tag-2c-e-zdravilo","31":"product_tag-2c-e-nbome","32":"product_tag-2c-ef-prodajalec","33":"product_tag-2c-i","34":"product_tag-4-etil-2","35":"product_tag-4-metil-2-5-dimetoksiamfetamin","36":"product_tag-5-dimetoksi","37":"product_tag-and-other-psychedelics","38":"product_tag-buy-2c-e","39":"product_tag-buy-2c-e-4-ethyl-2","40":"product_tag-buy-2c-e-dosage-online","41":"product_tag-buy-2c-e-research-chemical","42":"product_tag-buy-2c-e-research-chemicals-online","43":"product_tag-buy-2c-e-with-next-day-eu-delivery","44":"product_tag-buy-2c-e2c-online-usa","45":"product_tag-buy-hallucinogenic-drug-2c-e-online","46":"product_tag-dmt","47":"product_tag-dmt-nexus-2c-e","48":"product_tag-do-ssris-interfere-with-shrooms","49":"product_tag-how-to-buy-research-chemicals-online","50":"product_tag-how-to-take-2c-e-research-chemicals","51":"product_tag-kako-kupiti-2c-e-online","52":"product_tag-kako-kupiti-2c-i","53":"product_tag-kako-dobiti-raziskovalne-kemikalije","54":"product_tag-2c-e-nizozemski-kupi-rc","55":"product_tag-2ce-nakup","56":"product_tag-buy-2c-e-muscle-tension-online","57":"product_tag-buy-2c-e-online","58":"product_tag-buy-2c-e-online-usa","59":"product_tag-nakup-2c-i","60":"product_tag-kupi-2c-i","61":"product_tag-buy-online-2c-e-research-chemicals","62":"product_tag-kupite-raziskave-kemikalije-nederland-doc-2c-e-online","63":"product_tag-kupi-2c-e-zdravilo","64":"product_tag-mescaline","65":"product_tag-order-2c-e-online","66":"product_tag-order-2c-i","67":"product_tag-price-per-gram-of-2c-e","68":"product_tag-get-2c-e-research-chemical-online","69":"product_tag-life-boostr-2c-e-rc-vendor","70":"product_tag-2c-e-zdravilo-za-prodaja","71":"product_tag-the-best-place-to-buy-2c-i","72":"product_tag-what-exactly-are-2c-es-effects-and-why-is-it-popular-among-people-who-use-drugs","73":"product_tag-what-is-the-difference-between-2c-i-and-2c-e","74":"product_tag-what-is-the-street-value-of-a-vial-of-2c-e","75":"product_tag-where-can-i-buy-2c-e-online","76":"product_tag-where-to-buy-2c-i","78":"first","79":"instock","80":"shipping-taxable","81":"purchasable","82":"product-type-variable","83":"has-default-attributes"},"yoast_head":"<!-- This site is optimized with the Yoast SEO plugin v27.3 - https:\/\/yoast.com\/product\/yoast-seo-wordpress\/ -->\n<title>Kupite 2C-E Research Chemical - najbolj\u0161a najbolj\u0161a zdravila na svetu<\/title>\n<meta name=\"description\" content=\"Kupite kemikalijo 2C-E Research za prodajo na spletu v Evropi, Zdru\u017eenem kraljestvu, EU. Kupite kemikalijo 2C-E Research. 2C-E (4-etil-2,5-dimetoksi) sol\/pra\u0161ek: psihedeli\u010dni amfetamin.\" \/>\n<meta name=\"robots\" content=\"index, follow, max-snippet:-1, max-image-preview:large, max-video-preview:-1\" \/>\n<link rel=\"canonical\" href=\"https:\/\/medicinasinc.com\/sl\/product\/buy-2c-e-research-chemical\/\" \/>\n<meta property=\"og:locale\" content=\"en_US\" \/>\n<meta property=\"og:type\" content=\"article\" \/>\n<meta property=\"og:title\" content=\"Kupite 2C-E Research Chemical - najbolj\u0161a najbolj\u0161a zdravila na svetu\" \/>\n<meta property=\"og:description\" content=\"Kupite kemikalijo 2C-E Research za prodajo na spletu v Evropi, Zdru\u017eenem kraljestvu, EU. Kupite kemikalijo 2C-E Research. 2C-E (4-etil-2,5-dimetoksi) sol\/pra\u0161ek: psihedeli\u010dni amfetamin.\" \/>\n<meta property=\"og:url\" content=\"https:\/\/medicinasinc.com\/sl\/product\/buy-2c-e-research-chemical\/\" \/>\n<meta property=\"og:site_name\" content=\"Medicinas Inc\" \/>\n<meta property=\"article:modified_time\" content=\"2022-03-19T00:34:25+00:00\" \/>\n<meta property=\"og:image\" content=\"https:\/\/medicinasinc.com\/sl\/wp-content\/uploads\/sites\/7\/2022\/02\/Buy-2C-E.jpg\" \/>\n\t<meta property=\"og:image:width\" content=\"234\" \/>\n\t<meta property=\"og:image:height\" content=\"215\" \/>\n\t<meta property=\"og:image:type\" content=\"image\/jpeg\" \/>\n<meta name=\"twitter:card\" content=\"summary_large_image\" \/>\n<meta name=\"twitter:label1\" content=\"Est. reading time\" \/>\n\t<meta name=\"twitter:data1\" content=\"2 minutes\" \/>\n<script type=\"application\/ld+json\" class=\"yoast-schema-graph\">{\"@context\":\"https:\\\/\\\/schema.org\",\"@graph\":[{\"@type\":\"WebPage\",\"@id\":\"https:\\\/\\\/medicinasinc.com\\\/sl\\\/product\\\/buy-2c-e-research-chemical\\\/\",\"url\":\"https:\\\/\\\/medicinasinc.com\\\/sl\\\/product\\\/buy-2c-e-research-chemical\\\/\",\"name\":\"Kupite 2C-E Research Chemical - najbolj\u0161a najbolj\u0161a zdravila na svetu\",\"isPartOf\":{\"@id\":\"https:\\\/\\\/medicinasinc.com\\\/sl\\\/#website\"},\"primaryImageOfPage\":{\"@id\":\"https:\\\/\\\/medicinasinc.com\\\/sl\\\/product\\\/buy-2c-e-research-chemical\\\/#primaryimage\"},\"image\":{\"@id\":\"https:\\\/\\\/medicinasinc.com\\\/sl\\\/product\\\/buy-2c-e-research-chemical\\\/#primaryimage\"},\"thumbnailUrl\":\"https:\\\/\\\/medicinasinc.com\\\/sl\\\/wp-content\\\/uploads\\\/sites\\\/7\\\/2022\\\/02\\\/Buy-2C-E.jpg\",\"datePublished\":\"2022-02-21T21:16:40+00:00\",\"dateModified\":\"2022-03-19T00:34:25+00:00\",\"description\":\"Kupite kemikalijo 2C-E Research za prodajo na spletu v Evropi, Zdru\u017eenem kraljestvu, EU. Kupite kemikalijo 2C-E Research. 2C-E (4-etil-2,5-dimetoksi) sol\\\/pra\u0161ek: psihedeli\u010dni amfetamin.\",\"breadcrumb\":{\"@id\":\"https:\\\/\\\/medicinasinc.com\\\/sl\\\/product\\\/buy-2c-e-research-chemical\\\/#breadcrumb\"},\"inLanguage\":\"en-US\",\"potentialAction\":[{\"@type\":\"ReadAction\",\"target\":[\"https:\\\/\\\/medicinasinc.com\\\/sl\\\/product\\\/buy-2c-e-research-chemical\\\/\"]}]},{\"@type\":\"ImageObject\",\"inLanguage\":\"en-US\",\"@id\":\"https:\\\/\\\/medicinasinc.com\\\/sl\\\/product\\\/buy-2c-e-research-chemical\\\/#primaryimage\",\"url\":\"https:\\\/\\\/medicinasinc.com\\\/sl\\\/wp-content\\\/uploads\\\/sites\\\/7\\\/2022\\\/02\\\/Buy-2C-E.jpg\",\"contentUrl\":\"https:\\\/\\\/medicinasinc.com\\\/sl\\\/wp-content\\\/uploads\\\/sites\\\/7\\\/2022\\\/02\\\/Buy-2C-E.jpg\",\"width\":234,\"height\":215},{\"@type\":\"BreadcrumbList\",\"@id\":\"https:\\\/\\\/medicinasinc.com\\\/sl\\\/product\\\/buy-2c-e-research-chemical\\\/#breadcrumb\",\"itemListElement\":[{\"@type\":\"ListItem\",\"position\":1,\"name\":\"Nakupujte\",\"item\":\"https:\\\/\\\/medicinasinc.com\\\/sl\\\/nakupujte\\\/\"},{\"@type\":\"ListItem\",\"position\":2,\"name\":\"Kupite 2C-E Research Chemical\"}]},{\"@type\":\"WebSite\",\"@id\":\"https:\\\/\\\/medicinasinc.com\\\/sl\\\/#website\",\"url\":\"https:\\\/\\\/medicinasinc.com\\\/sl\\\/\",\"name\":\"Medicinas Inc\",\"description\":\"Health Medical Clinic\",\"potentialAction\":[{\"@type\":\"SearchAction\",\"target\":{\"@type\":\"EntryPoint\",\"urlTemplate\":\"https:\\\/\\\/medicinasinc.com\\\/sl\\\/?s={search_term_string}\"},\"query-input\":{\"@type\":\"PropertyValueSpecification\",\"valueRequired\":true,\"valueName\":\"search_term_string\"}}],\"inLanguage\":\"en-US\"}]}<\/script>\n<!-- \/ Yoast SEO plugin. -->","yoast_head_json":{"title":"Kupite 2C-E Research Chemical - najbolj\u0161a najbolj\u0161a zdravila na svetu","description":"Kupite kemikalijo 2C-E Research za prodajo na spletu v Evropi, Zdru\u017eenem kraljestvu, EU. Kupite kemikalijo 2C-E Research. 2C-E (4-etil-2,5-dimetoksi) sol\/pra\u0161ek: psihedeli\u010dni amfetamin.","robots":{"index":"index","follow":"follow","max-snippet":"max-snippet:-1","max-image-preview":"max-image-preview:large","max-video-preview":"max-video-preview:-1"},"canonical":"https:\/\/medicinasinc.com\/sl\/product\/buy-2c-e-research-chemical\/","og_locale":"en_US","og_type":"article","og_title":"Kupite 2C-E Research Chemical - najbolj\u0161a najbolj\u0161a zdravila na svetu","og_description":"Kupite kemikalijo 2C-E Research za prodajo na spletu v Evropi, Zdru\u017eenem kraljestvu, EU. Kupite kemikalijo 2C-E Research. 2C-E (4-etil-2,5-dimetoksi) sol\/pra\u0161ek: psihedeli\u010dni amfetamin.","og_url":"https:\/\/medicinasinc.com\/sl\/product\/buy-2c-e-research-chemical\/","og_site_name":"Medicinas Inc","article_modified_time":"2022-03-19T00:34:25+00:00","og_image":[{"width":234,"height":215,"url":"https:\/\/medicinasinc.com\/sl\/wp-content\/uploads\/sites\/7\/2022\/02\/Buy-2C-E.jpg","type":"image\/jpeg"}],"twitter_card":"summary_large_image","twitter_misc":{"Est. reading time":"2 minutes"},"schema":{"@context":"https:\/\/schema.org","@graph":[{"@type":"WebPage","@id":"https:\/\/medicinasinc.com\/sl\/product\/buy-2c-e-research-chemical\/","url":"https:\/\/medicinasinc.com\/sl\/product\/buy-2c-e-research-chemical\/","name":"Kupite 2C-E Research Chemical - najbolj\u0161a najbolj\u0161a zdravila na svetu","isPartOf":{"@id":"https:\/\/medicinasinc.com\/sl\/#website"},"primaryImageOfPage":{"@id":"https:\/\/medicinasinc.com\/sl\/product\/buy-2c-e-research-chemical\/#primaryimage"},"image":{"@id":"https:\/\/medicinasinc.com\/sl\/product\/buy-2c-e-research-chemical\/#primaryimage"},"thumbnailUrl":"https:\/\/medicinasinc.com\/sl\/wp-content\/uploads\/sites\/7\/2022\/02\/Buy-2C-E.jpg","datePublished":"2022-02-21T21:16:40+00:00","dateModified":"2022-03-19T00:34:25+00:00","description":"Kupite kemikalijo 2C-E Research za prodajo na spletu v Evropi, Zdru\u017eenem kraljestvu, EU. Kupite kemikalijo 2C-E Research. 2C-E (4-etil-2,5-dimetoksi) sol\/pra\u0161ek: psihedeli\u010dni amfetamin.","breadcrumb":{"@id":"https:\/\/medicinasinc.com\/sl\/product\/buy-2c-e-research-chemical\/#breadcrumb"},"inLanguage":"en-US","potentialAction":[{"@type":"ReadAction","target":["https:\/\/medicinasinc.com\/sl\/product\/buy-2c-e-research-chemical\/"]}]},{"@type":"ImageObject","inLanguage":"en-US","@id":"https:\/\/medicinasinc.com\/sl\/product\/buy-2c-e-research-chemical\/#primaryimage","url":"https:\/\/medicinasinc.com\/sl\/wp-content\/uploads\/sites\/7\/2022\/02\/Buy-2C-E.jpg","contentUrl":"https:\/\/medicinasinc.com\/sl\/wp-content\/uploads\/sites\/7\/2022\/02\/Buy-2C-E.jpg","width":234,"height":215},{"@type":"BreadcrumbList","@id":"https:\/\/medicinasinc.com\/sl\/product\/buy-2c-e-research-chemical\/#breadcrumb","itemListElement":[{"@type":"ListItem","position":1,"name":"Nakupujte","item":"https:\/\/medicinasinc.com\/sl\/nakupujte\/"},{"@type":"ListItem","position":2,"name":"Kupite 2C-E Research Chemical"}]},{"@type":"WebSite","@id":"https:\/\/medicinasinc.com\/sl\/#website","url":"https:\/\/medicinasinc.com\/sl\/","name":"Medicinas Inc","description":"Health Medical Clinic","potentialAction":[{"@type":"SearchAction","target":{"@type":"EntryPoint","urlTemplate":"https:\/\/medicinasinc.com\/sl\/?s={search_term_string}"},"query-input":{"@type":"PropertyValueSpecification","valueRequired":true,"valueName":"search_term_string"}}],"inLanguage":"en-US"}]}},"_links":{"self":[{"href":"https:\/\/medicinasinc.com\/sl\/wp-json\/wp\/v2\/product\/5341","targetHints":{"allow":["GET"]}}],"collection":[{"href":"https:\/\/medicinasinc.com\/sl\/wp-json\/wp\/v2\/product"}],"about":[{"href":"https:\/\/medicinasinc.com\/sl\/wp-json\/wp\/v2\/types\/product"}],"replies":[{"embeddable":true,"href":"https:\/\/medicinasinc.com\/sl\/wp-json\/wp\/v2\/comments?post=5341"}],"wp:featuredmedia":[{"embeddable":true,"href":"https:\/\/medicinasinc.com\/sl\/wp-json\/wp\/v2\/media\/5352"}],"wp:attachment":[{"href":"https:\/\/medicinasinc.com\/sl\/wp-json\/wp\/v2\/media?parent=5341"}],"wp:term":[{"taxonomy":"product_brand","embeddable":true,"href":"https:\/\/medicinasinc.com\/sl\/wp-json\/wp\/v2\/product_brand?post=5341"},{"taxonomy":"product_cat","embeddable":true,"href":"https:\/\/medicinasinc.com\/sl\/wp-json\/wp\/v2\/product_cat?post=5341"},{"taxonomy":"product_tag","embeddable":true,"href":"https:\/\/medicinasinc.com\/sl\/wp-json\/wp\/v2\/product_tag?post=5341"}],"curies":[{"name":"wp","href":"https:\/\/api.w.org\/{rel}","templated":true}]}}