{"id":5340,"date":"2022-02-21T21:15:28","date_gmt":"2022-02-21T21:15:28","guid":{"rendered":"https:\/\/medicinasinc.com\/sl\/?post_type=product&#038;p=5340"},"modified":"2022-03-19T00:34:39","modified_gmt":"2022-03-19T00:34:39","slug":"buy-2-mppp-online","status":"publish","type":"product","link":"https:\/\/medicinasinc.com\/sl\/product\/buy-2-mppp-online\/","title":{"rendered":"Kupite 2-MPPP na spletu"},"content":{"rendered":"<p>Nakup 2-MPPP prek spleta<\/p>\n<p>Spletni nakup 2-MPPP<\/p>\n<p>2-metil-1-fenil-3-(piperidin-1-il)<\/p>\n<p>Propan-1-on je strukturno sorodna kemikalija z 2-aminopropan-1-onom, le da je du\u0161ik vezan na ogljik na tretjem mestu. Fiziolo\u0161ki in toksikolo\u0161ki u\u010dinki te spojine niso bili raziskani.<\/p>\n<p>2-metil-1-fenil-3-(piperidin-1-il)<\/p>\n<p>Propan-1-on se lahko uporablja kot referen\u010dni vzorec za raziskovalce, ki izvajajo plinsko kromatografijo\/masno spektrometrijo (GC\/MS), infrarde\u010do spektroskopijo s Fourierjevo transformacijo (FTIR) ali analize jedrske magnetne resonance (NMR).<\/p>\n<p>Postopki v laboratoriju<\/p>\n<p>Priporo\u010damo shranjevanje 2-metil-1-fenil-3-(piperidin-1-il)propan-1-ona pri -20\u00b0C za dolgotrajno shranjevanje. Stabilen mora ostati najmanj dve leti.<\/p>\n<p>Dobavi se bela kristalini\u010dna snov 2-metil-1-fenil-3-(piperidin-1-il)propan-1-on. 2-metil-1-fenil-3-(piperidin-1-il) Propan-1-on je topen v organskih topilih, kot so metanol, dimetil sulfoksid (DMSO) in diklorometan (DCM), ki jih je treba o\u010distiti z inertnim plina pred uporabo. 2-metil-1-fenil-3-(piperidin-1-il)propan-1-on se raztopi pri pribli\u017eno 22 mg\/ml v etanolu in DMF in pri pribli\u017eno 15 mg\/ml v DMSO.<\/p>\n<p> Pred izvedbo testov je treba dodatno razred\u010diti osnovno raztopino v vodnem pufru ali izotoni\u010dni fiziolo\u0161ki raztopini. Prepri\u010dajte se, da ni ostankov organskega topila, saj imajo lahko organska topila pri nizkih koncentracijah fiziolo\u0161ke posledice. Vodne raztopine brez organskih topil Kristalni trdni 2-metil-1-fenil-3-(piperidin-1-il)propan-1-on lahko takoj proizvedemo v vodnih pufrih. 2-metil-1-fenil-3-(piperidin-1-il)propan-1-on se raztopi pri topnosti pribli\u017eno 11 mg\/ml v PBS, pH 6,4. Ne priporo\u010damo, da vodno raztopino hranite v hladilniku ve\u010d kot en dan.<\/p>\n<div id=\"wb_Text13\"><strong>Tehni\u010dni podatki<\/strong><\/div>\n<table id=\"Table1\" cellspacing=\"1\" cellpadding=\"0\">\n<tbody>\n<tr>\n<td class=\"cell0\">Sopomenke<\/td>\n<td class=\"cell1\">2-MPPP<\/td>\n<\/tr>\n<tr>\n<td class=\"cell2\">IUPAC<\/td>\n<td class=\"cell3\">2-metil-1-fenil-3-(piperidin-1-il)propan-1-on<\/td>\n<\/tr>\n<tr>\n<td class=\"cell0\">PubChem<\/td>\n<td class=\"cell1\">N\/A<\/td>\n<\/tr>\n<tr>\n<td class=\"cell4\">Cas #<\/td>\n<td class=\"cell5\">N\/A<\/td>\n<\/tr>\n<tr>\n<td class=\"cell0\">Molekularna formula<\/td>\n<td class=\"cell1\">C15H21NO<\/td>\n<\/tr>\n<tr>\n<td class=\"cell0\">\u010cistost<\/td>\n<td class=\"cell1\">99 %<\/td>\n<\/tr>\n<tr>\n<td class=\"cell0\">Formulacija\/videz<\/td>\n<td class=\"cell1\">Beli kristalni prah<\/td>\n<\/tr>\n<\/tbody>\n<\/table>\n<p><strong>Reference<\/strong><\/p>\n<p>Indian journal of chemistry, 1981,\u00a0 letn. 20 B,\u00a0 # 4\u00a0 str. 303 \u2013 307<\/p>\n<p>Rde\u010de; Buckley<br \/> Journal of the American Chemical Society, 1950,\u00a0 letn. 72, str. 718.719<\/p>\n<p>Kjaer; Petersen<br \/> Acta Chemica Scandinavica (1947-1973), 1951,\u00a0 letn. 5, str. 1145,1148<\/p>\n<p>Nasarow; Tscherkasowa<br \/> Zhurnal Obshchei Khimii, 1958,\u00a0 letn. 28, str. 122,124, 125<\/p>\n<div class=\"product-next-previous\">\n<div class=\"product-prev\"><\/div><\/div>\n","protected":false},"excerpt":{"rendered":"<div class=\"woocommerce-product-details__short-description\">\n<p>Kupite 2-MPPP na spletu. Kupite 2-MPPP na spletu na bestglobalmeds.com \u2013 2-metil-1-fenil-3-(piperidin-1-il)propan-1-on, 2mpp bel kristalni prah za prodajo. imamo tudi najbolj\u0161o kakovost in najbolj\u0161e cene.<\/p>\n<p><em>Kupite 2<\/em>&#8211;<em>MPPP na spletu<\/em> v licencirani lekarni Best Global Meds. Ponujamo \u0161iroko paleto zdravil za prodajo. Dostava po vsem svetu!<\/p>\n<\/p><\/div>\n","protected":false},"featured_media":5350,"comment_status":"open","ping_status":"closed","template":"","meta":[],"product_brand":[],"product_cat":[2014],"product_tag":[],"class_list":{"0":"post-5340","1":"product","2":"type-product","3":"status-publish","4":"has-post-thumbnail","6":"product_cat-nakup-raziskave-kemikalije","8":"first","9":"instock","10":"shipping-taxable","11":"purchasable","12":"product-type-variable"},"yoast_head":"<!-- This site is optimized with the Yoast SEO plugin v27.3 - https:\/\/yoast.com\/product\/yoast-seo-wordpress\/ -->\n<title>Kupite 2-MPPP na spletu - Najbolj\u0161a najbolj\u0161a zdravila na svetu<\/title>\n<meta name=\"description\" content=\"Kupite 2-MPPP na spletu. Kupite 2-MPPP na spletu na bestglobalmeds.com \u2013 2-metil-1-fenil-3-(piperidin-1-il)propan-1-on, 2mpp bel kristalni prah za prodajo. imamo najbolj\u0161o kakovost in najbolj\u0161e cene\" \/>\n<meta name=\"robots\" content=\"index, follow, max-snippet:-1, max-image-preview:large, max-video-preview:-1\" \/>\n<link rel=\"canonical\" href=\"https:\/\/medicinasinc.com\/sl\/product\/buy-2-mppp-online\/\" \/>\n<meta property=\"og:locale\" content=\"en_US\" \/>\n<meta property=\"og:type\" content=\"article\" \/>\n<meta property=\"og:title\" content=\"Kupite 2-MPPP na spletu - Najbolj\u0161a najbolj\u0161a zdravila na svetu\" \/>\n<meta property=\"og:description\" content=\"Kupite 2-MPPP na spletu. Kupite 2-MPPP na spletu na bestglobalmeds.com \u2013 2-metil-1-fenil-3-(piperidin-1-il)propan-1-on, 2mpp bel kristalni prah za prodajo. imamo najbolj\u0161o kakovost in najbolj\u0161e cene\" \/>\n<meta property=\"og:url\" content=\"https:\/\/medicinasinc.com\/sl\/product\/buy-2-mppp-online\/\" \/>\n<meta property=\"og:site_name\" content=\"Medicinas Inc\" \/>\n<meta property=\"article:modified_time\" content=\"2022-03-19T00:34:39+00:00\" \/>\n<meta property=\"og:image\" content=\"https:\/\/medicinasinc.com\/sl\/wp-content\/uploads\/sites\/7\/2022\/02\/2mppp.jpg\" \/>\n\t<meta property=\"og:image:width\" content=\"600\" \/>\n\t<meta property=\"og:image:height\" content=\"600\" \/>\n\t<meta property=\"og:image:type\" content=\"image\/jpeg\" \/>\n<meta name=\"twitter:card\" content=\"summary_large_image\" \/>\n<meta name=\"twitter:label1\" content=\"Est. reading time\" \/>\n\t<meta name=\"twitter:data1\" content=\"2 minutes\" \/>\n<script type=\"application\/ld+json\" class=\"yoast-schema-graph\">{\"@context\":\"https:\\\/\\\/schema.org\",\"@graph\":[{\"@type\":\"WebPage\",\"@id\":\"https:\\\/\\\/medicinasinc.com\\\/sl\\\/product\\\/buy-2-mppp-online\\\/\",\"url\":\"https:\\\/\\\/medicinasinc.com\\\/sl\\\/product\\\/buy-2-mppp-online\\\/\",\"name\":\"Kupite 2-MPPP na spletu - Najbolj\u0161a najbolj\u0161a zdravila na svetu\",\"isPartOf\":{\"@id\":\"https:\\\/\\\/medicinasinc.com\\\/sl\\\/#website\"},\"primaryImageOfPage\":{\"@id\":\"https:\\\/\\\/medicinasinc.com\\\/sl\\\/product\\\/buy-2-mppp-online\\\/#primaryimage\"},\"image\":{\"@id\":\"https:\\\/\\\/medicinasinc.com\\\/sl\\\/product\\\/buy-2-mppp-online\\\/#primaryimage\"},\"thumbnailUrl\":\"https:\\\/\\\/medicinasinc.com\\\/sl\\\/wp-content\\\/uploads\\\/sites\\\/7\\\/2022\\\/02\\\/2mppp.jpg\",\"datePublished\":\"2022-02-21T21:15:28+00:00\",\"dateModified\":\"2022-03-19T00:34:39+00:00\",\"description\":\"Kupite 2-MPPP na spletu. Kupite 2-MPPP na spletu na bestglobalmeds.com \u2013 2-metil-1-fenil-3-(piperidin-1-il)propan-1-on, 2mpp bel kristalni prah za prodajo. imamo najbolj\u0161o kakovost in najbolj\u0161e cene\",\"breadcrumb\":{\"@id\":\"https:\\\/\\\/medicinasinc.com\\\/sl\\\/product\\\/buy-2-mppp-online\\\/#breadcrumb\"},\"inLanguage\":\"en-US\",\"potentialAction\":[{\"@type\":\"ReadAction\",\"target\":[\"https:\\\/\\\/medicinasinc.com\\\/sl\\\/product\\\/buy-2-mppp-online\\\/\"]}]},{\"@type\":\"ImageObject\",\"inLanguage\":\"en-US\",\"@id\":\"https:\\\/\\\/medicinasinc.com\\\/sl\\\/product\\\/buy-2-mppp-online\\\/#primaryimage\",\"url\":\"https:\\\/\\\/medicinasinc.com\\\/sl\\\/wp-content\\\/uploads\\\/sites\\\/7\\\/2022\\\/02\\\/2mppp.jpg\",\"contentUrl\":\"https:\\\/\\\/medicinasinc.com\\\/sl\\\/wp-content\\\/uploads\\\/sites\\\/7\\\/2022\\\/02\\\/2mppp.jpg\",\"width\":600,\"height\":600},{\"@type\":\"BreadcrumbList\",\"@id\":\"https:\\\/\\\/medicinasinc.com\\\/sl\\\/product\\\/buy-2-mppp-online\\\/#breadcrumb\",\"itemListElement\":[{\"@type\":\"ListItem\",\"position\":1,\"name\":\"Nakupujte\",\"item\":\"https:\\\/\\\/medicinasinc.com\\\/sl\\\/nakupujte\\\/\"},{\"@type\":\"ListItem\",\"position\":2,\"name\":\"Kupite 2-MPPP na spletu\"}]},{\"@type\":\"WebSite\",\"@id\":\"https:\\\/\\\/medicinasinc.com\\\/sl\\\/#website\",\"url\":\"https:\\\/\\\/medicinasinc.com\\\/sl\\\/\",\"name\":\"Medicinas Inc\",\"description\":\"Health Medical Clinic\",\"potentialAction\":[{\"@type\":\"SearchAction\",\"target\":{\"@type\":\"EntryPoint\",\"urlTemplate\":\"https:\\\/\\\/medicinasinc.com\\\/sl\\\/?s={search_term_string}\"},\"query-input\":{\"@type\":\"PropertyValueSpecification\",\"valueRequired\":true,\"valueName\":\"search_term_string\"}}],\"inLanguage\":\"en-US\"}]}<\/script>\n<!-- \/ Yoast SEO plugin. -->","yoast_head_json":{"title":"Kupite 2-MPPP na spletu - Najbolj\u0161a najbolj\u0161a zdravila na svetu","description":"Kupite 2-MPPP na spletu. Kupite 2-MPPP na spletu na bestglobalmeds.com \u2013 2-metil-1-fenil-3-(piperidin-1-il)propan-1-on, 2mpp bel kristalni prah za prodajo. imamo najbolj\u0161o kakovost in najbolj\u0161e cene","robots":{"index":"index","follow":"follow","max-snippet":"max-snippet:-1","max-image-preview":"max-image-preview:large","max-video-preview":"max-video-preview:-1"},"canonical":"https:\/\/medicinasinc.com\/sl\/product\/buy-2-mppp-online\/","og_locale":"en_US","og_type":"article","og_title":"Kupite 2-MPPP na spletu - Najbolj\u0161a najbolj\u0161a zdravila na svetu","og_description":"Kupite 2-MPPP na spletu. Kupite 2-MPPP na spletu na bestglobalmeds.com \u2013 2-metil-1-fenil-3-(piperidin-1-il)propan-1-on, 2mpp bel kristalni prah za prodajo. imamo najbolj\u0161o kakovost in najbolj\u0161e cene","og_url":"https:\/\/medicinasinc.com\/sl\/product\/buy-2-mppp-online\/","og_site_name":"Medicinas Inc","article_modified_time":"2022-03-19T00:34:39+00:00","og_image":[{"width":600,"height":600,"url":"https:\/\/medicinasinc.com\/sl\/wp-content\/uploads\/sites\/7\/2022\/02\/2mppp.jpg","type":"image\/jpeg"}],"twitter_card":"summary_large_image","twitter_misc":{"Est. reading time":"2 minutes"},"schema":{"@context":"https:\/\/schema.org","@graph":[{"@type":"WebPage","@id":"https:\/\/medicinasinc.com\/sl\/product\/buy-2-mppp-online\/","url":"https:\/\/medicinasinc.com\/sl\/product\/buy-2-mppp-online\/","name":"Kupite 2-MPPP na spletu - Najbolj\u0161a najbolj\u0161a zdravila na svetu","isPartOf":{"@id":"https:\/\/medicinasinc.com\/sl\/#website"},"primaryImageOfPage":{"@id":"https:\/\/medicinasinc.com\/sl\/product\/buy-2-mppp-online\/#primaryimage"},"image":{"@id":"https:\/\/medicinasinc.com\/sl\/product\/buy-2-mppp-online\/#primaryimage"},"thumbnailUrl":"https:\/\/medicinasinc.com\/sl\/wp-content\/uploads\/sites\/7\/2022\/02\/2mppp.jpg","datePublished":"2022-02-21T21:15:28+00:00","dateModified":"2022-03-19T00:34:39+00:00","description":"Kupite 2-MPPP na spletu. Kupite 2-MPPP na spletu na bestglobalmeds.com \u2013 2-metil-1-fenil-3-(piperidin-1-il)propan-1-on, 2mpp bel kristalni prah za prodajo. imamo najbolj\u0161o kakovost in najbolj\u0161e cene","breadcrumb":{"@id":"https:\/\/medicinasinc.com\/sl\/product\/buy-2-mppp-online\/#breadcrumb"},"inLanguage":"en-US","potentialAction":[{"@type":"ReadAction","target":["https:\/\/medicinasinc.com\/sl\/product\/buy-2-mppp-online\/"]}]},{"@type":"ImageObject","inLanguage":"en-US","@id":"https:\/\/medicinasinc.com\/sl\/product\/buy-2-mppp-online\/#primaryimage","url":"https:\/\/medicinasinc.com\/sl\/wp-content\/uploads\/sites\/7\/2022\/02\/2mppp.jpg","contentUrl":"https:\/\/medicinasinc.com\/sl\/wp-content\/uploads\/sites\/7\/2022\/02\/2mppp.jpg","width":600,"height":600},{"@type":"BreadcrumbList","@id":"https:\/\/medicinasinc.com\/sl\/product\/buy-2-mppp-online\/#breadcrumb","itemListElement":[{"@type":"ListItem","position":1,"name":"Nakupujte","item":"https:\/\/medicinasinc.com\/sl\/nakupujte\/"},{"@type":"ListItem","position":2,"name":"Kupite 2-MPPP na spletu"}]},{"@type":"WebSite","@id":"https:\/\/medicinasinc.com\/sl\/#website","url":"https:\/\/medicinasinc.com\/sl\/","name":"Medicinas Inc","description":"Health Medical Clinic","potentialAction":[{"@type":"SearchAction","target":{"@type":"EntryPoint","urlTemplate":"https:\/\/medicinasinc.com\/sl\/?s={search_term_string}"},"query-input":{"@type":"PropertyValueSpecification","valueRequired":true,"valueName":"search_term_string"}}],"inLanguage":"en-US"}]}},"_links":{"self":[{"href":"https:\/\/medicinasinc.com\/sl\/wp-json\/wp\/v2\/product\/5340","targetHints":{"allow":["GET"]}}],"collection":[{"href":"https:\/\/medicinasinc.com\/sl\/wp-json\/wp\/v2\/product"}],"about":[{"href":"https:\/\/medicinasinc.com\/sl\/wp-json\/wp\/v2\/types\/product"}],"replies":[{"embeddable":true,"href":"https:\/\/medicinasinc.com\/sl\/wp-json\/wp\/v2\/comments?post=5340"}],"wp:featuredmedia":[{"embeddable":true,"href":"https:\/\/medicinasinc.com\/sl\/wp-json\/wp\/v2\/media\/5350"}],"wp:attachment":[{"href":"https:\/\/medicinasinc.com\/sl\/wp-json\/wp\/v2\/media?parent=5340"}],"wp:term":[{"taxonomy":"product_brand","embeddable":true,"href":"https:\/\/medicinasinc.com\/sl\/wp-json\/wp\/v2\/product_brand?post=5340"},{"taxonomy":"product_cat","embeddable":true,"href":"https:\/\/medicinasinc.com\/sl\/wp-json\/wp\/v2\/product_cat?post=5340"},{"taxonomy":"product_tag","embeddable":true,"href":"https:\/\/medicinasinc.com\/sl\/wp-json\/wp\/v2\/product_tag?post=5340"}],"curies":[{"name":"wp","href":"https:\/\/api.w.org\/{rel}","templated":true}]}}