{"id":5332,"date":"2022-02-21T21:05:55","date_gmt":"2022-02-21T21:05:55","guid":{"rendered":"https:\/\/medicinasinc.com\/sl\/?post_type=product&#038;p=5332"},"modified":"2022-03-19T00:34:52","modified_gmt":"2022-03-19T00:34:52","slug":"kupi-2-fma-2-fluorometamfetamin-hidroklorid","status":"publish","type":"product","link":"https:\/\/medicinasinc.com\/sl\/product\/kupi-2-fma-2-fluorometamfetamin-hidroklorid\/","title":{"rendered":"Kupite 2-FMA 2-fluorometamfetamin (hidroklorid)"},"content":{"rendered":"<p><strong>Spletni nakup 2-FMA Purity Powder<\/strong><\/p>\n<p>2-Fluorometamfetamin (2-FMA) je stimulans iz iste dru\u017eine kot metamfetamin in 2-fluoroamfetamin. Kljub dejstvu, da ni ni\u010d znanega o fiziolo\u0161kih u\u010dinkih amfetaminov, substituiranih s fluoro metoksi, je bil 2-FMA ugotovljen kot sestavni del oblikovalskih zdravil, ki se tr\u017eijo kot nadomestki za nadzorovane snovi z visoko stopnjo zakonitosti.<\/p>\n<p>Hidroklorid te spojine. razli\u010dica je zasnovana za uporabo kot standard za forenzi\u010dne preiskave vzorcev, ki vsebujejo 2-FMA.<\/p>\n<div class=\"mb-5 row\">\n<div class=\"w-100 col\">\n<h5>Sinonimi<\/h5>\n<div class=\"row\">\n<div class=\"col\">\n<div class=\"row\" data-attribute=\"synonyms\">\n<div class=\"text-lg-right vertical-rule product-info -left float-left pl-3 pr-2 pb-3 col-6 col-md-5 col-lg-4 col-xl-3\">Sopomenke<\/div>\n<div class=\"float-right pl-3 text-xsm product-info-right col-6 col-md-7 col-lg-8 col-xl-9\">\n<ul class=\"p-0 mb-3 list-unstyled\">\n<li class=\"undefined text-lato-bold\"><span class=\"\">2-FMA<\/span><\/li>\n<\/ul><\/div><\/div><\/div><\/div><\/div><\/div>\n<div class=\"mb-5 row\">\n<div class=\"w-100 col\">\n<h5>Tehni\u010dne informacije<\/h5>\n<div class=\"row\">\n<div class=\"col\">\n<div class=\"row\" data-attribute=\"formalName\">\n<div class=\"text-lg-right vertical-rule product-info-left float-left pl-3 pr- 2 pb-3 col-6 col-md-5 col-lg-4 col-xl-3\">Formalno ime<\/div>\n<div class=\"float-right pl-3 text-xsm product-info-right col -6 col-md-7 col-lg-8 col-xl-9\">2-fluoro-N-\u03b1-dimetil-benzeneetanamin, monohidroklorid<\/div><\/div>\n<div class=\"row\" data-attribute=\"casNumber\">\n<div class=\"text-lg-right vertical-rule product-info-left float-left pl-3 pr-2 pb-3 col-6 col-md-5 col-lg-4 col- xl-3\">\u0160tevilka CAS<\/div>\n<div class=\"float-right pl-3 text-xsm product-info-right col-6 col-md-7 col-lg-8 col-xl-9\"> 1780004-19-4<\/div><\/div>\n<div class=\"row\" data-attribute=\"molecularFormula\">\n<div class=\"text-lg-right vertical-rule product-info-left float-left pl -3 pr-2 pb-3 col-6 col-md-5 col-lg-4 col-xl-3\">Molekularna formula<\/div>\n<div class=\"float-right pl-3 text-xsm product- info-right col-6 col-md-7 col-lg-8 col-xl-9\">C<sub><small>10<\/small><\/sub>H<sub><small>14<\/small><\/sub>FN \u2022 HCl<\/div><\/div>\n<div class=\"row\" data-attribute=\"formulaWeight\">\n<div class=\"text-lg-right vertical-rule product-info-left float-left pl-3 pr-2 pb-3 col-6 col-md-5 col-lg-4 col-xl-3\">Te\u017ea formule<\/div>\n<div class=\"float-right pl-3 text-xsm product -info-right col-6 col-md-7 col-lg-8 col-xl-9\">203.7<\/div><\/div>\n<div class=\"row\" data-attribute=\"purity\">\n<div class=\"text-lg-right vertical-rule product-info-left float-left pl-3 pr-2 pb-3 col-6 col-md-5 col-lg-4 col-xl-3\">\u010cistost<\/div>\n<div class=\"float-right pl-3 text-xsm product-info-right col-6 col-md-7 col-lg-8 col-xl-9\">\u226598%<\/div><\/div>\n<div class=\"row\" data-attribute=\"formulation\">\n<div class=\"text-lg-right vertical-rule product-info-left float-left pl-3 pr-2 pb-3 col- 6 col-md-5 col-lg-4 col-xl-3\">Formulacija<\/div>\n<div class=\"float-right pl-3 text-xsm product-info-right col-6 col-md-7 col-lg-8 col-xl-9\">Kristalna trdna snov<\/div><\/div>\n<div class=\"row\" data-attribute=\"solubility\">\n<div class=\"text-lg-right vertical- pravilo product-info-left float-left pl-3 pr-2 pb-3 col-6 col-md-5 col-lg-4 col-xl-3\">Topnost<small>(Preberite ve\u010d o odstopanju v topnosti)<\/small><\/div>\n<div class=\"float-right pl-3 text-xsm product-info-right col-6 col-md-7 col-lg-8 col-xl-9\">\n<ul class=\" p-0 mb-3 list-unstyled\">\n<li class=\"undefined text-lato-bold\"><span class=\"\">DMF: 20 mg\/ml<\/span><\/li>\n<li class=\" undefined text-lato-bold\"><span class=\"\">DMSO: 20 mg\/ml<\/span><\/li>\n<li class=\"undefined text-lato-bold\"><span class=\"\">Etanol : 30 mg\/ml<\/span><\/li>\n<li class=\"undefined text-lato-bold\"><span class=\"\">PBS (pH 7,2): 10 mg\/ml<\/span><\/li>\n<\/ul><\/div><\/div>\n<div class=\"row\" data-attribute=\"smiles\">\n<div class=\"text-lg-right vertical-rule product-info-left float-left pl -3 pr-2 pb-3 col-6 col-md-5 col-lg-4 col-xl-3\">NASME\u0160KI<\/div>\n<div class=\"float-right pl-3 text-xsm product-info -desni col-6 col-md-7 col-lg-8 col- xl-9\">FC1=CC=CC=C1CC(C)NC.Cl<\/div><\/div>\n<div class=\"row\" data-attribute=\"inchi\">\n<div class=\"text-lg- desno navpi\u010dno pravilo product-info-left float-left pl-3 pr-2 pb-3 col-6 col-md-5 col-lg-4 col-xl-3\">InChi Code<\/div>\n<div class=\"float-right pl-3 text-xsm product-info-right col-6 col-md-7 col-lg-8 col-xl-9\">InChI=1S\/C10H14FN.ClH\/c1-8(12- 2)7-9-5-3-4-6-10(9)11;\/h3-6,8,12H,7H2,1-2H3;1H<\/div><\/div>\n<div class=\"row \" data-attribute=\"inchiKey\">\n<div class=\"text-lg-right vertical-rule product-info-left float-left pl-3 pr-2 pb-3 col-6 col-md-5 col-lg -4 col-xl-3\">InChi Key<\/div>\n<div class=\"float-right pl-3 text-xsm product-info-right col-6 col-md-7 col-lg-8 col-xl -9\">GTSVNAIEHCXQPM-UHFFFAOYSA-N<\/div><\/div><\/div><\/div><\/div><\/div>\n<div class=\"row\">\n<div class=\"col\">\n<h5>Informacije o po\u0161iljanju in shranjevanju<\/h5>\n<div class=\"row\">\n<div class=\"col\">\n<div class=\"row\" data-attribute=\"storageTemp\">\n<div class=\"text-lg -desno navpi\u010dno pravilo o izdelku-info-levo float-levo pl-3 pr-2 pb-3 col-6 col-md-5 c ol-lg-4 col-xl-3\">Shramba<\/div>\n<div class=\"float-right pl-3 text-xsm product-info-right col-6 col-md-7 col-lg-8 col -xl-9\">-20\u00b0C<\/div><\/div>\n<div class=\"row\" data-attribute=\"address\">\n<div class=\"text-lg-right vertical-rule product-info- levo float-left pl-3 pr-2 pb-3 col-6 col-md-5 col-lg-4 col-xl-3\">Dostava<\/div>\n<div class=\"float-right pl-3 text -xsm product-info-right col-6 col-md-7 col-lg-8 col-xl-9\">Sobna temperatura\u00a0v celinskih ZDA; se lahko drugje razlikuje<\/div><\/div>\n<div class=\"row\" data-attribute=\"stabilityDisplay\">\n<div class=\"text-lg-right vertical-rule product-info-left float-left pl-3 pr-2 pb-3 col-6 col-md-5 col-lg-4 col-xl-3\">Stabilnost<\/div>\n<div class=\"float-right pl-3 text-xsm product-info-right col-6 col-md-7 col-lg-8 col-xl-9\">\u2265\u00a02 leti<\/div><\/div><\/div><\/div><\/div><\/div>\n<div>\n<div class=\"product-prev\"><\/div><\/div>\n","protected":false},"excerpt":{"rendered":"<p>Kupite 2-FMA 2-fluorometamfetamin (hidroklorid) za prodajo prahu visoke \u010distosti na spletu. Veleprodaja 2-FMA v prahu (99 %+ \u010dist) \u2013 podobno kot metamfetamin Priporo\u010deni odmerek 50-80 mg<\/p>\n<p>&nbsp;<\/p>\n","protected":false},"featured_media":5343,"comment_status":"open","ping_status":"closed","template":"","meta":[],"product_brand":[],"product_cat":[2014],"product_tag":[2023,2017,2018,2019,2020,2021,2022,2016,2015,2024,2026,2025],"class_list":{"0":"post-5332","1":"product","2":"type-product","3":"status-publish","4":"has-post-thumbnail","6":"product_cat-nakup-raziskave-kemikalije","7":"product_tag-2-fma-izguba-tee","8":"product_tag-2-fma-legality-2-fma-prah","9":"product_tag-2-fma-legality-usa","10":"product_tag-2-fma-pills","11":"product_tag-2-fma-praek","12":"product_tag-2-fma-sinteza","13":"product_tag-2-fma-usa","14":"product_tag-2-fma-zakonitost","15":"product_tag-2-grda","16":"product_tag-4-fluorometamfetamin","17":"product_tag-fluorometamfetamin-ulino-ime","18":"product_tag-kupi-2-fma","20":"first","21":"instock","22":"shipping-taxable","23":"purchasable","24":"product-type-variable","25":"has-default-attributes"},"yoast_head":"<!-- This site is optimized with the Yoast SEO plugin v27.3 - https:\/\/yoast.com\/product\/yoast-seo-wordpress\/ -->\n<title>Kupite 2-FMA 2-fluorometamfetamin (hidroklorid) - najbolj\u0161a globalna zdravila<\/title>\n<meta name=\"description\" content=\"Kupite 2-FMA 2-fluorometamfetamin (hidroklorid) za prodajo prahu visoke \u010distosti na spletu. Veleprodaja 2-FMA v prahu (99 %+ \u010dist) \u2013 podobno kot metamfetamin Priporo\u010deni odmerek 50-80 mg\" \/>\n<meta name=\"robots\" content=\"index, follow, max-snippet:-1, max-image-preview:large, max-video-preview:-1\" \/>\n<link rel=\"canonical\" href=\"https:\/\/medicinasinc.com\/sl\/product\/kupi-2-fma-2-fluorometamfetamin-hidroklorid\/\" \/>\n<meta property=\"og:locale\" content=\"en_US\" \/>\n<meta property=\"og:type\" content=\"article\" \/>\n<meta property=\"og:title\" content=\"Kupite 2-FMA 2-fluorometamfetamin (hidroklorid) - najbolj\u0161a globalna zdravila\" \/>\n<meta property=\"og:description\" content=\"Kupite 2-FMA 2-fluorometamfetamin (hidroklorid) za prodajo prahu visoke \u010distosti na spletu. Veleprodaja 2-FMA v prahu (99 %+ \u010dist) \u2013 podobno kot metamfetamin Priporo\u010deni odmerek 50-80 mg\" \/>\n<meta property=\"og:url\" content=\"https:\/\/medicinasinc.com\/sl\/product\/kupi-2-fma-2-fluorometamfetamin-hidroklorid\/\" \/>\n<meta property=\"og:site_name\" content=\"Medicinas Inc\" \/>\n<meta property=\"article:modified_time\" content=\"2022-03-19T00:34:52+00:00\" \/>\n<meta property=\"og:image\" content=\"https:\/\/medicinasinc.com\/sl\/wp-content\/uploads\/sites\/7\/2022\/02\/Buy-2-FMA.jpg\" \/>\n\t<meta property=\"og:image:width\" content=\"750\" \/>\n\t<meta property=\"og:image:height\" content=\"1000\" \/>\n\t<meta property=\"og:image:type\" content=\"image\/jpeg\" \/>\n<meta name=\"twitter:card\" content=\"summary_large_image\" \/>\n<meta name=\"twitter:label1\" content=\"Est. reading time\" \/>\n\t<meta name=\"twitter:data1\" content=\"1 minute\" \/>\n<script type=\"application\/ld+json\" class=\"yoast-schema-graph\">{\"@context\":\"https:\\\/\\\/schema.org\",\"@graph\":[{\"@type\":\"WebPage\",\"@id\":\"https:\\\/\\\/medicinasinc.com\\\/sl\\\/product\\\/kupi-2-fma-2-fluorometamfetamin-hidroklorid\\\/\",\"url\":\"https:\\\/\\\/medicinasinc.com\\\/sl\\\/product\\\/kupi-2-fma-2-fluorometamfetamin-hidroklorid\\\/\",\"name\":\"Kupite 2-FMA 2-fluorometamfetamin (hidroklorid) - najbolj\u0161a globalna zdravila\",\"isPartOf\":{\"@id\":\"https:\\\/\\\/medicinasinc.com\\\/sl\\\/#website\"},\"primaryImageOfPage\":{\"@id\":\"https:\\\/\\\/medicinasinc.com\\\/sl\\\/product\\\/kupi-2-fma-2-fluorometamfetamin-hidroklorid\\\/#primaryimage\"},\"image\":{\"@id\":\"https:\\\/\\\/medicinasinc.com\\\/sl\\\/product\\\/kupi-2-fma-2-fluorometamfetamin-hidroklorid\\\/#primaryimage\"},\"thumbnailUrl\":\"https:\\\/\\\/medicinasinc.com\\\/sl\\\/wp-content\\\/uploads\\\/sites\\\/7\\\/2022\\\/02\\\/Buy-2-FMA.jpg\",\"datePublished\":\"2022-02-21T21:05:55+00:00\",\"dateModified\":\"2022-03-19T00:34:52+00:00\",\"description\":\"Kupite 2-FMA 2-fluorometamfetamin (hidroklorid) za prodajo prahu visoke \u010distosti na spletu. Veleprodaja 2-FMA v prahu (99 %+ \u010dist) \u2013 podobno kot metamfetamin Priporo\u010deni odmerek 50-80 mg\",\"breadcrumb\":{\"@id\":\"https:\\\/\\\/medicinasinc.com\\\/sl\\\/product\\\/kupi-2-fma-2-fluorometamfetamin-hidroklorid\\\/#breadcrumb\"},\"inLanguage\":\"en-US\",\"potentialAction\":[{\"@type\":\"ReadAction\",\"target\":[\"https:\\\/\\\/medicinasinc.com\\\/sl\\\/product\\\/kupi-2-fma-2-fluorometamfetamin-hidroklorid\\\/\"]}]},{\"@type\":\"ImageObject\",\"inLanguage\":\"en-US\",\"@id\":\"https:\\\/\\\/medicinasinc.com\\\/sl\\\/product\\\/kupi-2-fma-2-fluorometamfetamin-hidroklorid\\\/#primaryimage\",\"url\":\"https:\\\/\\\/medicinasinc.com\\\/sl\\\/wp-content\\\/uploads\\\/sites\\\/7\\\/2022\\\/02\\\/Buy-2-FMA.jpg\",\"contentUrl\":\"https:\\\/\\\/medicinasinc.com\\\/sl\\\/wp-content\\\/uploads\\\/sites\\\/7\\\/2022\\\/02\\\/Buy-2-FMA.jpg\",\"width\":750,\"height\":1000},{\"@type\":\"BreadcrumbList\",\"@id\":\"https:\\\/\\\/medicinasinc.com\\\/sl\\\/product\\\/kupi-2-fma-2-fluorometamfetamin-hidroklorid\\\/#breadcrumb\",\"itemListElement\":[{\"@type\":\"ListItem\",\"position\":1,\"name\":\"Nakupujte\",\"item\":\"https:\\\/\\\/medicinasinc.com\\\/sl\\\/nakupujte\\\/\"},{\"@type\":\"ListItem\",\"position\":2,\"name\":\"Kupite 2-FMA 2-fluorometamfetamin (hidroklorid)\"}]},{\"@type\":\"WebSite\",\"@id\":\"https:\\\/\\\/medicinasinc.com\\\/sl\\\/#website\",\"url\":\"https:\\\/\\\/medicinasinc.com\\\/sl\\\/\",\"name\":\"Medicinas Inc\",\"description\":\"Health Medical Clinic\",\"potentialAction\":[{\"@type\":\"SearchAction\",\"target\":{\"@type\":\"EntryPoint\",\"urlTemplate\":\"https:\\\/\\\/medicinasinc.com\\\/sl\\\/?s={search_term_string}\"},\"query-input\":{\"@type\":\"PropertyValueSpecification\",\"valueRequired\":true,\"valueName\":\"search_term_string\"}}],\"inLanguage\":\"en-US\"}]}<\/script>\n<!-- \/ Yoast SEO plugin. -->","yoast_head_json":{"title":"Kupite 2-FMA 2-fluorometamfetamin (hidroklorid) - najbolj\u0161a globalna zdravila","description":"Kupite 2-FMA 2-fluorometamfetamin (hidroklorid) za prodajo prahu visoke \u010distosti na spletu. Veleprodaja 2-FMA v prahu (99 %+ \u010dist) \u2013 podobno kot metamfetamin Priporo\u010deni odmerek 50-80 mg","robots":{"index":"index","follow":"follow","max-snippet":"max-snippet:-1","max-image-preview":"max-image-preview:large","max-video-preview":"max-video-preview:-1"},"canonical":"https:\/\/medicinasinc.com\/sl\/product\/kupi-2-fma-2-fluorometamfetamin-hidroklorid\/","og_locale":"en_US","og_type":"article","og_title":"Kupite 2-FMA 2-fluorometamfetamin (hidroklorid) - najbolj\u0161a globalna zdravila","og_description":"Kupite 2-FMA 2-fluorometamfetamin (hidroklorid) za prodajo prahu visoke \u010distosti na spletu. Veleprodaja 2-FMA v prahu (99 %+ \u010dist) \u2013 podobno kot metamfetamin Priporo\u010deni odmerek 50-80 mg","og_url":"https:\/\/medicinasinc.com\/sl\/product\/kupi-2-fma-2-fluorometamfetamin-hidroklorid\/","og_site_name":"Medicinas Inc","article_modified_time":"2022-03-19T00:34:52+00:00","og_image":[{"width":750,"height":1000,"url":"https:\/\/medicinasinc.com\/sl\/wp-content\/uploads\/sites\/7\/2022\/02\/Buy-2-FMA.jpg","type":"image\/jpeg"}],"twitter_card":"summary_large_image","twitter_misc":{"Est. reading time":"1 minute"},"schema":{"@context":"https:\/\/schema.org","@graph":[{"@type":"WebPage","@id":"https:\/\/medicinasinc.com\/sl\/product\/kupi-2-fma-2-fluorometamfetamin-hidroklorid\/","url":"https:\/\/medicinasinc.com\/sl\/product\/kupi-2-fma-2-fluorometamfetamin-hidroklorid\/","name":"Kupite 2-FMA 2-fluorometamfetamin (hidroklorid) - najbolj\u0161a globalna zdravila","isPartOf":{"@id":"https:\/\/medicinasinc.com\/sl\/#website"},"primaryImageOfPage":{"@id":"https:\/\/medicinasinc.com\/sl\/product\/kupi-2-fma-2-fluorometamfetamin-hidroklorid\/#primaryimage"},"image":{"@id":"https:\/\/medicinasinc.com\/sl\/product\/kupi-2-fma-2-fluorometamfetamin-hidroklorid\/#primaryimage"},"thumbnailUrl":"https:\/\/medicinasinc.com\/sl\/wp-content\/uploads\/sites\/7\/2022\/02\/Buy-2-FMA.jpg","datePublished":"2022-02-21T21:05:55+00:00","dateModified":"2022-03-19T00:34:52+00:00","description":"Kupite 2-FMA 2-fluorometamfetamin (hidroklorid) za prodajo prahu visoke \u010distosti na spletu. Veleprodaja 2-FMA v prahu (99 %+ \u010dist) \u2013 podobno kot metamfetamin Priporo\u010deni odmerek 50-80 mg","breadcrumb":{"@id":"https:\/\/medicinasinc.com\/sl\/product\/kupi-2-fma-2-fluorometamfetamin-hidroklorid\/#breadcrumb"},"inLanguage":"en-US","potentialAction":[{"@type":"ReadAction","target":["https:\/\/medicinasinc.com\/sl\/product\/kupi-2-fma-2-fluorometamfetamin-hidroklorid\/"]}]},{"@type":"ImageObject","inLanguage":"en-US","@id":"https:\/\/medicinasinc.com\/sl\/product\/kupi-2-fma-2-fluorometamfetamin-hidroklorid\/#primaryimage","url":"https:\/\/medicinasinc.com\/sl\/wp-content\/uploads\/sites\/7\/2022\/02\/Buy-2-FMA.jpg","contentUrl":"https:\/\/medicinasinc.com\/sl\/wp-content\/uploads\/sites\/7\/2022\/02\/Buy-2-FMA.jpg","width":750,"height":1000},{"@type":"BreadcrumbList","@id":"https:\/\/medicinasinc.com\/sl\/product\/kupi-2-fma-2-fluorometamfetamin-hidroklorid\/#breadcrumb","itemListElement":[{"@type":"ListItem","position":1,"name":"Nakupujte","item":"https:\/\/medicinasinc.com\/sl\/nakupujte\/"},{"@type":"ListItem","position":2,"name":"Kupite 2-FMA 2-fluorometamfetamin (hidroklorid)"}]},{"@type":"WebSite","@id":"https:\/\/medicinasinc.com\/sl\/#website","url":"https:\/\/medicinasinc.com\/sl\/","name":"Medicinas Inc","description":"Health Medical Clinic","potentialAction":[{"@type":"SearchAction","target":{"@type":"EntryPoint","urlTemplate":"https:\/\/medicinasinc.com\/sl\/?s={search_term_string}"},"query-input":{"@type":"PropertyValueSpecification","valueRequired":true,"valueName":"search_term_string"}}],"inLanguage":"en-US"}]}},"_links":{"self":[{"href":"https:\/\/medicinasinc.com\/sl\/wp-json\/wp\/v2\/product\/5332","targetHints":{"allow":["GET"]}}],"collection":[{"href":"https:\/\/medicinasinc.com\/sl\/wp-json\/wp\/v2\/product"}],"about":[{"href":"https:\/\/medicinasinc.com\/sl\/wp-json\/wp\/v2\/types\/product"}],"replies":[{"embeddable":true,"href":"https:\/\/medicinasinc.com\/sl\/wp-json\/wp\/v2\/comments?post=5332"}],"wp:featuredmedia":[{"embeddable":true,"href":"https:\/\/medicinasinc.com\/sl\/wp-json\/wp\/v2\/media\/5343"}],"wp:attachment":[{"href":"https:\/\/medicinasinc.com\/sl\/wp-json\/wp\/v2\/media?parent=5332"}],"wp:term":[{"taxonomy":"product_brand","embeddable":true,"href":"https:\/\/medicinasinc.com\/sl\/wp-json\/wp\/v2\/product_brand?post=5332"},{"taxonomy":"product_cat","embeddable":true,"href":"https:\/\/medicinasinc.com\/sl\/wp-json\/wp\/v2\/product_cat?post=5332"},{"taxonomy":"product_tag","embeddable":true,"href":"https:\/\/medicinasinc.com\/sl\/wp-json\/wp\/v2\/product_tag?post=5332"}],"curies":[{"name":"wp","href":"https:\/\/api.w.org\/{rel}","templated":true}]}}