{"id":5324,"date":"2022-02-21T20:59:08","date_gmt":"2022-02-21T20:59:08","guid":{"rendered":"https:\/\/medicinasinc.com\/sl\/?post_type=product&#038;p=5324"},"modified":"2022-03-19T00:35:03","modified_gmt":"2022-03-19T00:35:03","slug":"kupi-vikodin","status":"publish","type":"product","link":"https:\/\/medicinasinc.com\/sl\/product\/kupi-vikodin\/","title":{"rendered":"Kupite Vicodin"},"content":{"rendered":"<p>Spletni nakup tablet Vicodin hidrokodon<\/p>\n<p>VICODIN\u00ae (tablete hidrokodon bitartrat in acetaminofen, USP 5 mg\/300 mg): ena ali dve tableti vsake \u0161tiri do \u0161est ur, kot je potrebno za bole\u010dino pri odraslih. Najve\u010dji dnevni odmerek ne sme presegati osmih tablet.<\/p>\n<p>Spletni nakup tablet Vicodin hydrocodone<br \/> Nakup Vicodin online<\/p>\n<p>Vicodin vsebuje kombinacijo hidrokodona in acetaminofena. Hidrokodon je opioidno zdravilo proti bole\u010dinam. Pogosto se opioidi imenujejo narkotiki. Acetaminophen je manj mo\u010dan analgetik, ki pove\u010da u\u010dinke hidrokodona. Vicodin je mogo\u010de kupiti na spletu, vicodin pa je na voljo tudi za spletno prodajo. Tablete Vicodin se uporabljajo za zdravljenje blagih do zmerno hudih bole\u010din. Vicodin je lahko vklju\u010den tudi za uporabo, ki ni navedena v tem navodilu za zdravila.<\/p>\n<p>Uporaba<\/p>\n<p>Kombinirano zdravilo je namenjeno zdravljenju blage do zmerno hude bole\u010dine. To omogo\u010da laj\u0161anje bole\u010din z morfinom (hidrokodon) in neopioidom (acetaminofen). Hidrokodon spremeni zaznavanje va\u0161ega telesa in odziv na bole\u010dino v mo\u017eganih. Acetaminophen lahko pomaga tudi zmanj\u0161ati resnost vro\u010dine. Zdravilo ni dovoljeno za otroke, mlaj\u0161e od \u0161estih let, zaradi pove\u010danega tveganja ne\u017eelenih u\u010dinkov (kot je po\u010dasno in plitko dihanje).<\/p>\n<p>Kaj je namen tega zdravila?<\/p>\n<p>Hydrocodon se kombinira z drugimi kemikalijami, za razli\u010dne indikacije pa se dajejo \u0161tevilna kombinirana zdravila. Nekatera kombinirana zdravila s hidrokodonom se uporabljajo za zdravljenje blage do hude bole\u010dine. Druga zdravila, ki vsebujejo kombinacijo hidrokodona, se uporabljajo za zmanj\u0161anje ka\u0161lja. Hidrokodon je opioidno (narkoti\u010dno) zdravilo proti bole\u010dinam in dru\u017eina zdravil, znanih kot antitusiki. Hidrokodon laj\u0161a bole\u010dino s spreminjanjem odziva mo\u017eganov in \u017eiv\u010dnega sistema na bole\u010dino. Hidrokodon laj\u0161a ka\u0161elj z zaviranjem mo\u017eganske aktivnosti, povezane s ka\u0161ljem. Hidrokodon jemljete skupaj z vsaj enim drugim zdravilom, vendar monografija ponuja le informacije o hidrokodonu. Preberite o dodatnih snoveh v zdravilu s hidrokodonom, ki ga jemljete.<\/p>\n<p>Kako uporabljati?<\/p>\n<p>Kombinirani izdelki hidrokodona so na voljo v naslednjih oblikah: tableta, gel, pasta, raztopina ( bistrenje teko\u010dine), gel s podalj\u0161anim spro\u0161\u010danjem (dolgo delujo\u010d) in dolgodelujo\u010da suspenzija (teko\u010da) suspenzija za peroralno uporabo. Tableto, kapsulo, sirup ali raztopino lahko po potrebi vzamete vsakih 4 do 6 ur. Obi\u010dajno se vsakih 12 ur po potrebi vzamejo kapsule s podalj\u0161anim spro\u0161\u010danjem in suspenzije s podalj\u0161anim spro\u0161\u010danjem. \u010ce hidrokodon jemljete redno, ga je treba jemati vsak dan ob istem \u010dasu. Pazljivo sledite navodilom na nalepki na recept in po potrebi poi\u0161\u010dite pojasnila od svojega farmacevta ali zdravnika. Pred uporabo dobro pretresite suspenzijo za podalj\u0161ano odvajanje, da zagotovite enakomerno porazdelitev snovi. Suspenzije s podalj\u0161anim spro\u0161\u010danjem ni priporo\u010dljivo kombinirati z drugimi snovmi ali teko\u010dinami, kot je voda.<\/p>\n<p>\u010ce uporabljate kombinacijo hidrokodona, sirup ali suspenzijo s podalj\u0161anim spro\u0161\u010danjem, ne uporabljajte doma\u010de skodelice za \u010daj za kuhanje \u010daja. izmerite svoj odmerek. Doma\u010de \u010dajne \u017eli\u010dke niso natan\u010dni merilni instrumenti in \u010de svoje odmerke testirate z gospodinjsko \u017eli\u010dko, tvegate, da vzamete preve\u010d ali premalo tablet. Namesto tega uporabite natan\u010dno dolo\u010deno merilno napravo, kot je kapalka, zdravilo z \u017elico ali peroralna brizga.<\/p>\n<p>To kombinirano zdravilo se uporablja za zdravljenje bole\u010dine, ki sega od blage do hude. Vsebuje opioidni analgetik (hidrokodon) in neopioidni analgetik (acetaminofen). Hidrokodon spremeni na\u010din, kako va\u0161e telo zaznava in se odziva na bole\u010dino, tako da deluje na mo\u017egane. Acetaminophen lahko pomaga tudi pri zni\u017eevanju vro\u010dine.<\/p>\n<p>Ta izdelek ni priporo\u010dljiv za otroke, mlaj\u0161e od \u0161est let, zaradi pove\u010danega tveganja resnih ne\u017eelenih u\u010dinkov (kot je plitko\/po\u010dasno dihanje).<\/p>\n<p>Je hidrokodon vicodin?, Ali je hidrokodon vicodin?, Ali je hidrokodon vicodin?, Ali je hidrokodon vicodin?, Ali je hidrokodon vicodin?, Ali je hidrokodon vicodin?, Ali je hidrokodon vicodin?, Ali je hidrokodon vicodin?, Ali je hidrokodon vicodin? je vicodin hidrokodon, je vicodin hidrokodon, je vicodin hidrokodon, je vicodin hidrokodon, je vicodin hidrokodon, je vicodin hidrokodon, je hidrokodon enako kot vicodin, kak\u0161na je razlika med vicodinom in hidrokodonom, kak\u0161na je razlika med vicodinom in hidrokodonom, vicodin proti hidrokodonu Ali sta vicodin in hidrokodon zamenljiva? je hidrokodon enakovreden vicodinu ali percocetu? Je vicodin mo\u010dnej\u0161i od hidrokodona? Ali sta hidrokodon in vicodin ista stvar? Kak\u0161na je razlika med vicodinom in hidrokodonom, hidrokodonom in vicodinom, vicodin hidrokodonom, je hidrokodon enak vicodinu, je vicodin enak hidrokodonu, hidrokodonom ali vicodinom, vicodin proti hidrokodonu, je hidrokodon vicodin?<\/p>\n","protected":false},"excerpt":{"rendered":"<div class=\"woocommerce-product-details__short-description\">\n<p>Vsaka tableta Vicodin vsebuje 300 mg acetaminofena in tri razli\u010dne odmerke hidrokodona: 5 mg, 7,5 mg in 10 mg.<\/p>\n<p>Na spletu. lekarna, kjer lahko kupite Vicodin hidrokodon tablete.<\/p>\n<p>Pred jemanjem tega zdravila obvestite svojega zdravnika ali farmacevta, \u010de ste alergi\u010dni nanj; ali za katero koli drugo drogo (kot je morfij, kodein); ali za katero koli drugo zdravilo.<\/p>\n<\/p><\/div>\n","protected":false},"featured_media":5335,"comment_status":"open","ping_status":"closed","template":"","meta":[],"product_brand":[],"product_cat":[1117],"product_tag":[1916,1917,1918,1919,1920,1926,1925,1921,1922,1923,1924,1927,1928,1929,1931,1932,1933,1934,1938,1939,1940,1941,1943,1944,1942,1937,1936,1935,1945,1946,1947,1948,1949,1950,1778,1951,1952,1953,1954,1955,1956,1930,1957,1958,1959,1960,1961,1962,1963,1964,1965,1966,1967,1968,1969,1970,1971,1972,1973,1974,1975,1976,1977,1978,1979,1980,1981,1982,1983,1984,1985,1986,1987,1988,1989,1990,1991,1992,1993,1994,1995,1996,1997,1998,1999,2000,2001,2002,1787,2003,2004,2005,2006,2007,2008,2009,2010,2011,2012,2013],"class_list":{"0":"post-5324","1":"product","2":"type-product","3":"status-publish","4":"has-post-thumbnail","6":"product_cat-kupite-tablete-proti-bolecinam-spanju-seksu","7":"product_tag-1p466-vikodin","8":"product_tag-20-mg-vikodin","9":"product_tag-2172-tabletka-vikodin","10":"product_tag-5-325-vikodin","11":"product_tag-5-mg-vikodin","12":"product_tag-ali-lahko-vzamete-vikodin-in-ibuprofen-skupaj","13":"product_tag-ali-lahko-vzamete-advil-z-vicodin","14":"product_tag-buy-vicodin","15":"product_tag-buy-vicodin-from-canada","16":"product_tag-buy-vicodin-online","17":"product_tag-buy-vicodin-overnight-delivery","18":"product_tag-cwe-vicodin","19":"product_tag-darvocet-proti-vicodin","20":"product_tag-difference-between-norco-and-vicodin","21":"product_tag-erowid-vicodin","22":"product_tag-flexeril-and-vicodin","23":"product_tag-gabapentin-and-vicodin","24":"product_tag-generi-c4-8dno-ime-za-vicodin","25":"product_tag-how-long-does-vicodin-stay-in-your-system-for-a-drug-test","26":"product_tag-how-long-does-vicodin-take-to-work","27":"product_tag-hydrocodone-vicodin","28":"product_tag-ip-109-tableta-vikodin","29":"product_tag-is-percocet-stronger-than-vicodin","30":"product_tag-is-vicodin-an-opioid","31":"product_tag-je-hidrokodon-vikodin","32":"product_tag-kako-dolgo-vikodin-ostane-v-vaem-sistemu","33":"product_tag-kako-dolgo-traja-vicodin","34":"product_tag-kako-c4-8drka-c5-a1-vicodin","35":"product_tag-natural-vicodin","36":"product_tag-norco-5-325-vs-vicodin","37":"product_tag-norco-vicodin","38":"product_tag-norco-vs-vicodin","39":"product_tag-oxycodone-vs-vicodin","40":"product_tag-percocet-and-vicodin","41":"product_tag-percocet-vs-vicodin","42":"product_tag-pictures-of-vicodin","43":"product_tag-side-effects-of-vicodin","44":"product_tag-snorting-vicodin","45":"product_tag-symptoms-of-vicodin-withdrawal","46":"product_tag-tramadol-hcl-50mg-vs-vicodin","47":"product_tag-tramadol-vs-vicodin","48":"product_tag-uinki-vicodina","49":"product_tag-vicodin","50":"product_tag-vicodin-10","51":"product_tag-vicodin-10-milligram","52":"product_tag-vicodin-10mg","53":"product_tag-vicodin-30-mg","54":"product_tag-vicodin-5","55":"product_tag-vicodin-5-300","56":"product_tag-vicodin-5-300-mg","57":"product_tag-vicodin-5-325-mg","58":"product_tag-vicodin-7-5","59":"product_tag-vicodin-750","60":"product_tag-vicodin-addiction","61":"product_tag-vicodin-alcohol","62":"product_tag-vicodin-alternatives","63":"product_tag-vicodin-and-advil","64":"product_tag-vicodin-and-alcohol","65":"product_tag-vicodin-and-oxycontin-are-examples-of","66":"product_tag-vicodin-and-xanax","67":"product_tag-vicodin-dosage","68":"product_tag-vicodin-dosage-5-325","69":"product_tag-vicodin-dose","70":"product_tag-vicodin-doses","71":"product_tag-vicodin-drug","72":"product_tag-vicodin-drugs","73":"product_tag-vicodin-effects","74":"product_tag-vicodin-es","75":"product_tag-vicodin-for-migraines","76":"product_tag-vicodin-generic","77":"product_tag-vicodin-generic-name","78":"product_tag-vicodin-high","79":"product_tag-vicodin-house","80":"product_tag-vicodin-hp","81":"product_tag-vicodin-mexico","82":"product_tag-vicodin-online","83":"product_tag-vicodin-online-overnight","84":"product_tag-vicodin-overdose","85":"product_tag-vicodin-pain-pills","86":"product_tag-vicodin-pill","87":"product_tag-vicodin-pills","88":"product_tag-vicodin-schedule","89":"product_tag-vicodin-shelf-life","90":"product_tag-vicodin-side-effects","91":"product_tag-vicodin-strengths","92":"product_tag-vicodin-uses","93":"product_tag-vicodin-vs-norco","94":"product_tag-vicodin-vs-oxycodone","95":"product_tag-vicodin-vs-percocet","96":"product_tag-vicodin-vs-codeine","97":"product_tag-vicodin-vs-tramadol","98":"product_tag-vicodin-vs-tylenol-3","99":"product_tag-vicodin-withdrawal","100":"product_tag-vicodin-xanax","101":"product_tag-what-does-a-vicodin-pill-look-like","102":"product_tag-what-does-vicodin-do","103":"product_tag-what-does-vicodin-look-like","104":"product_tag-what-is-in-vicodin","105":"product_tag-what-is-vicodin","106":"product_tag-whats-the-difference-between-vicodin-and-percocet","108":"first","109":"instock","110":"shipping-taxable","111":"purchasable","112":"product-type-variable","113":"has-default-attributes"},"yoast_head":"<!-- This site is optimized with the Yoast SEO plugin v27.3 - https:\/\/yoast.com\/product\/yoast-seo-wordpress\/ -->\n<title>Kupite tablete Vicodin hidrokodon na spletu - Best Global Meds<\/title>\n<meta name=\"description\" content=\"Kupite tablete Vicodin hidrokodon na spletu. Vsaka tableta Vicodin vsebuje 300 mg acetaminofena in je na voljo v treh razli\u010dnih odmerkih hidrokodona: 5 mg, 7,5 mg in 10 mg.\" \/>\n<meta name=\"robots\" content=\"index, follow, max-snippet:-1, max-image-preview:large, max-video-preview:-1\" \/>\n<link rel=\"canonical\" href=\"https:\/\/medicinasinc.com\/sl\/product\/kupi-vikodin\/\" \/>\n<meta property=\"og:locale\" content=\"en_US\" \/>\n<meta property=\"og:type\" content=\"article\" \/>\n<meta property=\"og:title\" content=\"Kupite tablete Vicodin hidrokodon na spletu - Best Global Meds\" \/>\n<meta property=\"og:description\" content=\"Kupite tablete Vicodin hidrokodon na spletu. Vsaka tableta Vicodin vsebuje 300 mg acetaminofena in je na voljo v treh razli\u010dnih odmerkih hidrokodona: 5 mg, 7,5 mg in 10 mg.\" \/>\n<meta property=\"og:url\" content=\"https:\/\/medicinasinc.com\/sl\/product\/kupi-vikodin\/\" \/>\n<meta property=\"og:site_name\" content=\"Medicinas Inc\" \/>\n<meta property=\"article:modified_time\" content=\"2022-03-19T00:35:03+00:00\" \/>\n<meta property=\"og:image\" content=\"https:\/\/medicinasinc.com\/sl\/wp-content\/uploads\/sites\/7\/2022\/02\/Buy-Vicodin.jpg\" \/>\n\t<meta property=\"og:image:width\" content=\"428\" \/>\n\t<meta property=\"og:image:height\" content=\"293\" \/>\n\t<meta property=\"og:image:type\" content=\"image\/jpeg\" \/>\n<meta name=\"twitter:card\" content=\"summary_large_image\" \/>\n<meta name=\"twitter:label1\" content=\"Est. reading time\" \/>\n\t<meta name=\"twitter:data1\" content=\"4 minutes\" \/>\n<script type=\"application\/ld+json\" class=\"yoast-schema-graph\">{\"@context\":\"https:\\\/\\\/schema.org\",\"@graph\":[{\"@type\":\"WebPage\",\"@id\":\"https:\\\/\\\/medicinasinc.com\\\/sl\\\/product\\\/kupi-vikodin\\\/\",\"url\":\"https:\\\/\\\/medicinasinc.com\\\/sl\\\/product\\\/kupi-vikodin\\\/\",\"name\":\"Kupite tablete Vicodin hidrokodon na spletu - Best Global Meds\",\"isPartOf\":{\"@id\":\"https:\\\/\\\/medicinasinc.com\\\/sl\\\/#website\"},\"primaryImageOfPage\":{\"@id\":\"https:\\\/\\\/medicinasinc.com\\\/sl\\\/product\\\/kupi-vikodin\\\/#primaryimage\"},\"image\":{\"@id\":\"https:\\\/\\\/medicinasinc.com\\\/sl\\\/product\\\/kupi-vikodin\\\/#primaryimage\"},\"thumbnailUrl\":\"https:\\\/\\\/medicinasinc.com\\\/sl\\\/wp-content\\\/uploads\\\/sites\\\/7\\\/2022\\\/02\\\/Buy-Vicodin.jpg\",\"datePublished\":\"2022-02-21T20:59:08+00:00\",\"dateModified\":\"2022-03-19T00:35:03+00:00\",\"description\":\"Kupite tablete Vicodin hidrokodon na spletu. Vsaka tableta Vicodin vsebuje 300 mg acetaminofena in je na voljo v treh razli\u010dnih odmerkih hidrokodona: 5 mg, 7,5 mg in 10 mg.\",\"breadcrumb\":{\"@id\":\"https:\\\/\\\/medicinasinc.com\\\/sl\\\/product\\\/kupi-vikodin\\\/#breadcrumb\"},\"inLanguage\":\"en-US\",\"potentialAction\":[{\"@type\":\"ReadAction\",\"target\":[\"https:\\\/\\\/medicinasinc.com\\\/sl\\\/product\\\/kupi-vikodin\\\/\"]}]},{\"@type\":\"ImageObject\",\"inLanguage\":\"en-US\",\"@id\":\"https:\\\/\\\/medicinasinc.com\\\/sl\\\/product\\\/kupi-vikodin\\\/#primaryimage\",\"url\":\"https:\\\/\\\/medicinasinc.com\\\/sl\\\/wp-content\\\/uploads\\\/sites\\\/7\\\/2022\\\/02\\\/Buy-Vicodin.jpg\",\"contentUrl\":\"https:\\\/\\\/medicinasinc.com\\\/sl\\\/wp-content\\\/uploads\\\/sites\\\/7\\\/2022\\\/02\\\/Buy-Vicodin.jpg\",\"width\":428,\"height\":293},{\"@type\":\"BreadcrumbList\",\"@id\":\"https:\\\/\\\/medicinasinc.com\\\/sl\\\/product\\\/kupi-vikodin\\\/#breadcrumb\",\"itemListElement\":[{\"@type\":\"ListItem\",\"position\":1,\"name\":\"Nakupujte\",\"item\":\"https:\\\/\\\/medicinasinc.com\\\/sl\\\/nakupujte\\\/\"},{\"@type\":\"ListItem\",\"position\":2,\"name\":\"Kupite Vicodin\"}]},{\"@type\":\"WebSite\",\"@id\":\"https:\\\/\\\/medicinasinc.com\\\/sl\\\/#website\",\"url\":\"https:\\\/\\\/medicinasinc.com\\\/sl\\\/\",\"name\":\"Medicinas Inc\",\"description\":\"Health Medical Clinic\",\"potentialAction\":[{\"@type\":\"SearchAction\",\"target\":{\"@type\":\"EntryPoint\",\"urlTemplate\":\"https:\\\/\\\/medicinasinc.com\\\/sl\\\/?s={search_term_string}\"},\"query-input\":{\"@type\":\"PropertyValueSpecification\",\"valueRequired\":true,\"valueName\":\"search_term_string\"}}],\"inLanguage\":\"en-US\"}]}<\/script>\n<!-- \/ Yoast SEO plugin. -->","yoast_head_json":{"title":"Kupite tablete Vicodin hidrokodon na spletu - Best Global Meds","description":"Kupite tablete Vicodin hidrokodon na spletu. Vsaka tableta Vicodin vsebuje 300 mg acetaminofena in je na voljo v treh razli\u010dnih odmerkih hidrokodona: 5 mg, 7,5 mg in 10 mg.","robots":{"index":"index","follow":"follow","max-snippet":"max-snippet:-1","max-image-preview":"max-image-preview:large","max-video-preview":"max-video-preview:-1"},"canonical":"https:\/\/medicinasinc.com\/sl\/product\/kupi-vikodin\/","og_locale":"en_US","og_type":"article","og_title":"Kupite tablete Vicodin hidrokodon na spletu - Best Global Meds","og_description":"Kupite tablete Vicodin hidrokodon na spletu. Vsaka tableta Vicodin vsebuje 300 mg acetaminofena in je na voljo v treh razli\u010dnih odmerkih hidrokodona: 5 mg, 7,5 mg in 10 mg.","og_url":"https:\/\/medicinasinc.com\/sl\/product\/kupi-vikodin\/","og_site_name":"Medicinas Inc","article_modified_time":"2022-03-19T00:35:03+00:00","og_image":[{"width":428,"height":293,"url":"https:\/\/medicinasinc.com\/sl\/wp-content\/uploads\/sites\/7\/2022\/02\/Buy-Vicodin.jpg","type":"image\/jpeg"}],"twitter_card":"summary_large_image","twitter_misc":{"Est. reading time":"4 minutes"},"schema":{"@context":"https:\/\/schema.org","@graph":[{"@type":"WebPage","@id":"https:\/\/medicinasinc.com\/sl\/product\/kupi-vikodin\/","url":"https:\/\/medicinasinc.com\/sl\/product\/kupi-vikodin\/","name":"Kupite tablete Vicodin hidrokodon na spletu - Best Global Meds","isPartOf":{"@id":"https:\/\/medicinasinc.com\/sl\/#website"},"primaryImageOfPage":{"@id":"https:\/\/medicinasinc.com\/sl\/product\/kupi-vikodin\/#primaryimage"},"image":{"@id":"https:\/\/medicinasinc.com\/sl\/product\/kupi-vikodin\/#primaryimage"},"thumbnailUrl":"https:\/\/medicinasinc.com\/sl\/wp-content\/uploads\/sites\/7\/2022\/02\/Buy-Vicodin.jpg","datePublished":"2022-02-21T20:59:08+00:00","dateModified":"2022-03-19T00:35:03+00:00","description":"Kupite tablete Vicodin hidrokodon na spletu. Vsaka tableta Vicodin vsebuje 300 mg acetaminofena in je na voljo v treh razli\u010dnih odmerkih hidrokodona: 5 mg, 7,5 mg in 10 mg.","breadcrumb":{"@id":"https:\/\/medicinasinc.com\/sl\/product\/kupi-vikodin\/#breadcrumb"},"inLanguage":"en-US","potentialAction":[{"@type":"ReadAction","target":["https:\/\/medicinasinc.com\/sl\/product\/kupi-vikodin\/"]}]},{"@type":"ImageObject","inLanguage":"en-US","@id":"https:\/\/medicinasinc.com\/sl\/product\/kupi-vikodin\/#primaryimage","url":"https:\/\/medicinasinc.com\/sl\/wp-content\/uploads\/sites\/7\/2022\/02\/Buy-Vicodin.jpg","contentUrl":"https:\/\/medicinasinc.com\/sl\/wp-content\/uploads\/sites\/7\/2022\/02\/Buy-Vicodin.jpg","width":428,"height":293},{"@type":"BreadcrumbList","@id":"https:\/\/medicinasinc.com\/sl\/product\/kupi-vikodin\/#breadcrumb","itemListElement":[{"@type":"ListItem","position":1,"name":"Nakupujte","item":"https:\/\/medicinasinc.com\/sl\/nakupujte\/"},{"@type":"ListItem","position":2,"name":"Kupite Vicodin"}]},{"@type":"WebSite","@id":"https:\/\/medicinasinc.com\/sl\/#website","url":"https:\/\/medicinasinc.com\/sl\/","name":"Medicinas Inc","description":"Health Medical Clinic","potentialAction":[{"@type":"SearchAction","target":{"@type":"EntryPoint","urlTemplate":"https:\/\/medicinasinc.com\/sl\/?s={search_term_string}"},"query-input":{"@type":"PropertyValueSpecification","valueRequired":true,"valueName":"search_term_string"}}],"inLanguage":"en-US"}]}},"_links":{"self":[{"href":"https:\/\/medicinasinc.com\/sl\/wp-json\/wp\/v2\/product\/5324","targetHints":{"allow":["GET"]}}],"collection":[{"href":"https:\/\/medicinasinc.com\/sl\/wp-json\/wp\/v2\/product"}],"about":[{"href":"https:\/\/medicinasinc.com\/sl\/wp-json\/wp\/v2\/types\/product"}],"replies":[{"embeddable":true,"href":"https:\/\/medicinasinc.com\/sl\/wp-json\/wp\/v2\/comments?post=5324"}],"wp:featuredmedia":[{"embeddable":true,"href":"https:\/\/medicinasinc.com\/sl\/wp-json\/wp\/v2\/media\/5335"}],"wp:attachment":[{"href":"https:\/\/medicinasinc.com\/sl\/wp-json\/wp\/v2\/media?parent=5324"}],"wp:term":[{"taxonomy":"product_brand","embeddable":true,"href":"https:\/\/medicinasinc.com\/sl\/wp-json\/wp\/v2\/product_brand?post=5324"},{"taxonomy":"product_cat","embeddable":true,"href":"https:\/\/medicinasinc.com\/sl\/wp-json\/wp\/v2\/product_cat?post=5324"},{"taxonomy":"product_tag","embeddable":true,"href":"https:\/\/medicinasinc.com\/sl\/wp-json\/wp\/v2\/product_tag?post=5324"}],"curies":[{"name":"wp","href":"https:\/\/api.w.org\/{rel}","templated":true}]}}