{"id":5323,"date":"2022-02-21T20:57:56","date_gmt":"2022-02-21T20:57:56","guid":{"rendered":"https:\/\/medicinasinc.com\/sl\/?post_type=product&#038;p=5323"},"modified":"2022-03-19T00:35:14","modified_gmt":"2022-03-19T00:35:14","slug":"buy-ultram-tramadol-200-mg","status":"publish","type":"product","link":"https:\/\/medicinasinc.com\/sl\/product\/buy-ultram-tramadol-200-mg\/","title":{"rendered":"Kupite Ultram Tramadol 200 mg"},"content":{"rendered":"<p>200 mg tramadola<\/p>\n<p>Tramadol je resni\u010dno edinstven mi\u0161i\u010dni relaksant z blagim mu-opioidnim u\u010dinkom (v primerjavi z drugimi opioidi) in blagim monoaminergi\u010dnim u\u010dinkom (v primerjavi s tricikli\u010dnimi antidepresivi). Tramadol ima sprejemljiv profil stranskih u\u010dinkov v primerjavi s tricikli\u010dnimi antidepresivi in \u200b\u200bantiepilepti\u010dnimi zdravili.<\/p>\n<p>Toleranca in zana\u0161anje sta nenavadni zdravstveni posledici, \u010deprav obstajata. Delovanje tramadola ni omejeno na nevropatijo; prav tako zmanj\u0161uje neprijetne (nociceptivne) ob\u010dutke, zaradi \u010desar je ena od \u0161tirih vrst bole\u010dine.<\/p>\n<p>Opis:<\/p>\n<p>Tramadol ni za slabovidne, saj je mo\u010dan psihoaktiven snov. Analgeti\u010dni u\u010dinek traja 15-30 minut in traja 6 ur. Lahko se uporablja tudi s paracetamolom. Tramadol je pomirjevalo.<\/p>\n<p>Tramadol, kot izjemno mo\u010dno zdravilo, je treba jemati natan\u010dno tako, kot je predpisano. Zdravnik je kon\u010dno odgovoren za dolo\u010ditev trajanja zdravljenja. Nezakonita uporaba drog ima lahko resne, celo smrtne posledice. Med zdravljenjem s tramadolom se izogibajte vo\u017enji avtomobila ali drugim opravilom, ki zahtevajo visoko raven koncentracije.<\/p>\n<p>Zaradi dejstva, da je tramadol opioidni agonist, ima potencial za ustvarjanje tako du\u0161evnega kot fizi\u010dnega delovanja. odvisnost. Mednarodna konvencija to kemikalijo uvr\u0161\u010da med narkotike. Posledi\u010dno je na voljo le na recept zdravnika. Neopioidna zdravila proti bole\u010dinam so predpisana le, \u010de so neopioidna zdravila neu\u010dinkovita.<\/p>\n<p>Zdravila:<\/p>\n<p>Tramadol jemljite peroralno, kot vam je predpisal zdravnik, pogosto vsakih 4 do 6 ur po potrebi. Tramadol je varno jemati s hrano ali brez nje. \u010ce ob\u010dutite slabost, vam lahko pomaga tramadol, ki ga vzamete s hrano. Dodatne ukrepe za laj\u0161anje slabosti se lahko posvetujete z zdravnikom ali farmacevtom (na primer le\u017eanje 1 do 2 uri s \u010dim manj\u0161im premikanjem glave). Na\u0161e spletno mesto vam omogo\u010da nakup tramadola 200 mg na spletu.<\/p>\n<p>Odmerek temelji na va\u0161em zdravstvenem stanju in reakciji na zdravljenje. Da bi zmanj\u0161ali tveganje za ne\u017eelene u\u010dinke, vam lahko zdravnik predlaga, da za\u010dnete z majhnim odmerkom tramadola in ga postopoma pove\u010dujete. Dr\u017eite se po nasvetu zdravnika. Najve\u010dji priporo\u010deni dnevni odmerek je 400 mg. Priporo\u010deni najve\u010dji odmerek za posameznike, starej\u0161e od 75 let, je 300 mg na dan. Ne pove\u010dujte odmerka tramadola, ne uporabljajte ga pogosteje ali dlje \u010dasa, kot je predpisano. Ko je tramadol predpisan, ga je treba takoj prekiniti.<\/p>\n<p>Priporo\u010dljivo je, da se poceni tramadol na spletu uporablja zelo previdno pri<\/p>\n<p>Posameznikih, ki so odvisni od opioidov; tisti, ki so iz neznanega razloga utrpeli mo\u017egansko po\u0161kodbo, \u0161ok ali zmanj\u0161ano raven zavesti; in<\/p>\n<p>Poleg motenj dihalnega centra ali dihalne funkcije<\/p>\n<p>ustrezno zvi\u0161anje intrakranialnega tlaka (ICP).<br \/> okvara ledvi\u010dnega in jetrnega sistema<\/p>\n<p>Tramadol hidroklorid je treba jemati previdno pri posameznikih, ki so ob\u010dutljivi na opiate.<\/p>\n","protected":false},"excerpt":{"rendered":"<p>Spletna lekarna za nakup Ultram Tramadol 200 mg tablet<\/p>\n<p>Tramadol Ultram Nakup prek spleta.<\/p>\n<p>Naro\u010dite Tramadol Cod \u010dez no\u010d. Poceni dostava Tramadol \u010dez no\u010d<\/p>\n<p>Preberite, kje\u00a0naro\u010dite Tramadol\u00a0spletno brez recepta po najcenej\u0161i ceni. &#8230; Tablete so na voljo v naslednjih jakostih: 50 mg, 100 mg, 150 mg in 200 mg.<\/p>\n<div class=\"product-next-previous\">\n<div class=\"product-prev\"><\/div>\n<\/p><\/div>\n","protected":false},"featured_media":5333,"comment_status":"open","ping_status":"closed","template":"","meta":[],"product_brand":[],"product_cat":[1117],"product_tag":[1906,1908,1909,1905,1904,1910,1907,1911,1912,1913,1914,1915],"class_list":{"0":"post-5323","1":"product","2":"type-product","3":"status-publish","4":"has-post-thumbnail","6":"product_cat-kupite-tablete-proti-bolecinam-spanju-seksu","7":"product_tag-buy-tramadol-online-overnight","8":"product_tag-cheap-ultram-no-prescription","9":"product_tag-generic-ultram-er","10":"product_tag-kupi-tramadol-na-spletu-poceni","11":"product_tag-kupi-tramadol-na-floridi","12":"product_tag-overnight-tramadol","13":"product_tag-poceni-tramadol-brez-recepta","14":"product_tag-tramadol-hcl-50mg-used","15":"product_tag-tramadol-hydrochloride-paracetamol","16":"product_tag-tramadol-side-effects-dogs","17":"product_tag-ultram-drug-interactions","18":"product_tag-ultram-er-200","20":"first","21":"instock","22":"shipping-taxable","23":"purchasable","24":"product-type-variable","25":"has-default-attributes"},"yoast_head":"<!-- This site is optimized with the Yoast SEO plugin v27.3 - https:\/\/yoast.com\/product\/yoast-seo-wordpress\/ -->\n<title>Kupite tablete Ultram Tramadol 200 mg na spletu - Best Global Meds<\/title>\n<meta name=\"description\" content=\"Kupite Tramadol Ultram 200 mg\u00a0na spletu. Naro\u010dite tramadol\u00a0\u010dez no\u010d. Podrobnosti:\u00a0Poceni Tramadol\u00a0Spletna dostava \u010dez no\u010d\" \/>\n<meta name=\"robots\" content=\"index, follow, max-snippet:-1, max-image-preview:large, max-video-preview:-1\" \/>\n<link rel=\"canonical\" href=\"https:\/\/medicinasinc.com\/sl\/product\/buy-ultram-tramadol-200-mg\/\" \/>\n<meta property=\"og:locale\" content=\"en_US\" \/>\n<meta property=\"og:type\" content=\"article\" \/>\n<meta property=\"og:title\" content=\"Kupite tablete Ultram Tramadol 200 mg na spletu - Best Global Meds\" \/>\n<meta property=\"og:description\" content=\"Kupite Tramadol Ultram 200 mg\u00a0na spletu. Naro\u010dite tramadol\u00a0\u010dez no\u010d. Podrobnosti:\u00a0Poceni Tramadol\u00a0Spletna dostava \u010dez no\u010d\" \/>\n<meta property=\"og:url\" content=\"https:\/\/medicinasinc.com\/sl\/product\/buy-ultram-tramadol-200-mg\/\" \/>\n<meta property=\"og:site_name\" content=\"Medicinas Inc\" \/>\n<meta property=\"article:modified_time\" content=\"2022-03-19T00:35:14+00:00\" \/>\n<meta property=\"og:image\" content=\"https:\/\/medicinasinc.com\/sl\/wp-content\/uploads\/sites\/7\/2022\/02\/Buy-Ultram-Tramadol-200mg.jpg\" \/>\n\t<meta property=\"og:image:width\" content=\"300\" \/>\n\t<meta property=\"og:image:height\" content=\"225\" \/>\n\t<meta property=\"og:image:type\" content=\"image\/jpeg\" \/>\n<meta name=\"twitter:card\" content=\"summary_large_image\" \/>\n<meta name=\"twitter:label1\" content=\"Est. reading time\" \/>\n\t<meta name=\"twitter:data1\" content=\"2 minutes\" \/>\n<script type=\"application\/ld+json\" class=\"yoast-schema-graph\">{\"@context\":\"https:\\\/\\\/schema.org\",\"@graph\":[{\"@type\":\"WebPage\",\"@id\":\"https:\\\/\\\/medicinasinc.com\\\/sl\\\/product\\\/buy-ultram-tramadol-200-mg\\\/\",\"url\":\"https:\\\/\\\/medicinasinc.com\\\/sl\\\/product\\\/buy-ultram-tramadol-200-mg\\\/\",\"name\":\"Kupite tablete Ultram Tramadol 200 mg na spletu - Best Global Meds\",\"isPartOf\":{\"@id\":\"https:\\\/\\\/medicinasinc.com\\\/sl\\\/#website\"},\"primaryImageOfPage\":{\"@id\":\"https:\\\/\\\/medicinasinc.com\\\/sl\\\/product\\\/buy-ultram-tramadol-200-mg\\\/#primaryimage\"},\"image\":{\"@id\":\"https:\\\/\\\/medicinasinc.com\\\/sl\\\/product\\\/buy-ultram-tramadol-200-mg\\\/#primaryimage\"},\"thumbnailUrl\":\"https:\\\/\\\/medicinasinc.com\\\/sl\\\/wp-content\\\/uploads\\\/sites\\\/7\\\/2022\\\/02\\\/Buy-Ultram-Tramadol-200mg.jpg\",\"datePublished\":\"2022-02-21T20:57:56+00:00\",\"dateModified\":\"2022-03-19T00:35:14+00:00\",\"description\":\"Kupite Tramadol Ultram 200 mg\u00a0na spletu. Naro\u010dite tramadol\u00a0\u010dez no\u010d. Podrobnosti:\u00a0Poceni Tramadol\u00a0Spletna dostava \u010dez no\u010d\",\"breadcrumb\":{\"@id\":\"https:\\\/\\\/medicinasinc.com\\\/sl\\\/product\\\/buy-ultram-tramadol-200-mg\\\/#breadcrumb\"},\"inLanguage\":\"en-US\",\"potentialAction\":[{\"@type\":\"ReadAction\",\"target\":[\"https:\\\/\\\/medicinasinc.com\\\/sl\\\/product\\\/buy-ultram-tramadol-200-mg\\\/\"]}]},{\"@type\":\"ImageObject\",\"inLanguage\":\"en-US\",\"@id\":\"https:\\\/\\\/medicinasinc.com\\\/sl\\\/product\\\/buy-ultram-tramadol-200-mg\\\/#primaryimage\",\"url\":\"https:\\\/\\\/medicinasinc.com\\\/sl\\\/wp-content\\\/uploads\\\/sites\\\/7\\\/2022\\\/02\\\/Buy-Ultram-Tramadol-200mg.jpg\",\"contentUrl\":\"https:\\\/\\\/medicinasinc.com\\\/sl\\\/wp-content\\\/uploads\\\/sites\\\/7\\\/2022\\\/02\\\/Buy-Ultram-Tramadol-200mg.jpg\",\"width\":300,\"height\":225},{\"@type\":\"BreadcrumbList\",\"@id\":\"https:\\\/\\\/medicinasinc.com\\\/sl\\\/product\\\/buy-ultram-tramadol-200-mg\\\/#breadcrumb\",\"itemListElement\":[{\"@type\":\"ListItem\",\"position\":1,\"name\":\"Nakupujte\",\"item\":\"https:\\\/\\\/medicinasinc.com\\\/sl\\\/nakupujte\\\/\"},{\"@type\":\"ListItem\",\"position\":2,\"name\":\"Kupite Ultram Tramadol 200 mg\"}]},{\"@type\":\"WebSite\",\"@id\":\"https:\\\/\\\/medicinasinc.com\\\/sl\\\/#website\",\"url\":\"https:\\\/\\\/medicinasinc.com\\\/sl\\\/\",\"name\":\"Medicinas Inc\",\"description\":\"Health Medical Clinic\",\"potentialAction\":[{\"@type\":\"SearchAction\",\"target\":{\"@type\":\"EntryPoint\",\"urlTemplate\":\"https:\\\/\\\/medicinasinc.com\\\/sl\\\/?s={search_term_string}\"},\"query-input\":{\"@type\":\"PropertyValueSpecification\",\"valueRequired\":true,\"valueName\":\"search_term_string\"}}],\"inLanguage\":\"en-US\"}]}<\/script>\n<!-- \/ Yoast SEO plugin. -->","yoast_head_json":{"title":"Kupite tablete Ultram Tramadol 200 mg na spletu - Best Global Meds","description":"Kupite Tramadol Ultram 200 mg\u00a0na spletu. Naro\u010dite tramadol\u00a0\u010dez no\u010d. Podrobnosti:\u00a0Poceni Tramadol\u00a0Spletna dostava \u010dez no\u010d","robots":{"index":"index","follow":"follow","max-snippet":"max-snippet:-1","max-image-preview":"max-image-preview:large","max-video-preview":"max-video-preview:-1"},"canonical":"https:\/\/medicinasinc.com\/sl\/product\/buy-ultram-tramadol-200-mg\/","og_locale":"en_US","og_type":"article","og_title":"Kupite tablete Ultram Tramadol 200 mg na spletu - Best Global Meds","og_description":"Kupite Tramadol Ultram 200 mg\u00a0na spletu. Naro\u010dite tramadol\u00a0\u010dez no\u010d. Podrobnosti:\u00a0Poceni Tramadol\u00a0Spletna dostava \u010dez no\u010d","og_url":"https:\/\/medicinasinc.com\/sl\/product\/buy-ultram-tramadol-200-mg\/","og_site_name":"Medicinas Inc","article_modified_time":"2022-03-19T00:35:14+00:00","og_image":[{"width":300,"height":225,"url":"https:\/\/medicinasinc.com\/sl\/wp-content\/uploads\/sites\/7\/2022\/02\/Buy-Ultram-Tramadol-200mg.jpg","type":"image\/jpeg"}],"twitter_card":"summary_large_image","twitter_misc":{"Est. reading time":"2 minutes"},"schema":{"@context":"https:\/\/schema.org","@graph":[{"@type":"WebPage","@id":"https:\/\/medicinasinc.com\/sl\/product\/buy-ultram-tramadol-200-mg\/","url":"https:\/\/medicinasinc.com\/sl\/product\/buy-ultram-tramadol-200-mg\/","name":"Kupite tablete Ultram Tramadol 200 mg na spletu - Best Global Meds","isPartOf":{"@id":"https:\/\/medicinasinc.com\/sl\/#website"},"primaryImageOfPage":{"@id":"https:\/\/medicinasinc.com\/sl\/product\/buy-ultram-tramadol-200-mg\/#primaryimage"},"image":{"@id":"https:\/\/medicinasinc.com\/sl\/product\/buy-ultram-tramadol-200-mg\/#primaryimage"},"thumbnailUrl":"https:\/\/medicinasinc.com\/sl\/wp-content\/uploads\/sites\/7\/2022\/02\/Buy-Ultram-Tramadol-200mg.jpg","datePublished":"2022-02-21T20:57:56+00:00","dateModified":"2022-03-19T00:35:14+00:00","description":"Kupite Tramadol Ultram 200 mg\u00a0na spletu. Naro\u010dite tramadol\u00a0\u010dez no\u010d. Podrobnosti:\u00a0Poceni Tramadol\u00a0Spletna dostava \u010dez no\u010d","breadcrumb":{"@id":"https:\/\/medicinasinc.com\/sl\/product\/buy-ultram-tramadol-200-mg\/#breadcrumb"},"inLanguage":"en-US","potentialAction":[{"@type":"ReadAction","target":["https:\/\/medicinasinc.com\/sl\/product\/buy-ultram-tramadol-200-mg\/"]}]},{"@type":"ImageObject","inLanguage":"en-US","@id":"https:\/\/medicinasinc.com\/sl\/product\/buy-ultram-tramadol-200-mg\/#primaryimage","url":"https:\/\/medicinasinc.com\/sl\/wp-content\/uploads\/sites\/7\/2022\/02\/Buy-Ultram-Tramadol-200mg.jpg","contentUrl":"https:\/\/medicinasinc.com\/sl\/wp-content\/uploads\/sites\/7\/2022\/02\/Buy-Ultram-Tramadol-200mg.jpg","width":300,"height":225},{"@type":"BreadcrumbList","@id":"https:\/\/medicinasinc.com\/sl\/product\/buy-ultram-tramadol-200-mg\/#breadcrumb","itemListElement":[{"@type":"ListItem","position":1,"name":"Nakupujte","item":"https:\/\/medicinasinc.com\/sl\/nakupujte\/"},{"@type":"ListItem","position":2,"name":"Kupite Ultram Tramadol 200 mg"}]},{"@type":"WebSite","@id":"https:\/\/medicinasinc.com\/sl\/#website","url":"https:\/\/medicinasinc.com\/sl\/","name":"Medicinas Inc","description":"Health Medical Clinic","potentialAction":[{"@type":"SearchAction","target":{"@type":"EntryPoint","urlTemplate":"https:\/\/medicinasinc.com\/sl\/?s={search_term_string}"},"query-input":{"@type":"PropertyValueSpecification","valueRequired":true,"valueName":"search_term_string"}}],"inLanguage":"en-US"}]}},"_links":{"self":[{"href":"https:\/\/medicinasinc.com\/sl\/wp-json\/wp\/v2\/product\/5323","targetHints":{"allow":["GET"]}}],"collection":[{"href":"https:\/\/medicinasinc.com\/sl\/wp-json\/wp\/v2\/product"}],"about":[{"href":"https:\/\/medicinasinc.com\/sl\/wp-json\/wp\/v2\/types\/product"}],"replies":[{"embeddable":true,"href":"https:\/\/medicinasinc.com\/sl\/wp-json\/wp\/v2\/comments?post=5323"}],"wp:featuredmedia":[{"embeddable":true,"href":"https:\/\/medicinasinc.com\/sl\/wp-json\/wp\/v2\/media\/5333"}],"wp:attachment":[{"href":"https:\/\/medicinasinc.com\/sl\/wp-json\/wp\/v2\/media?parent=5323"}],"wp:term":[{"taxonomy":"product_brand","embeddable":true,"href":"https:\/\/medicinasinc.com\/sl\/wp-json\/wp\/v2\/product_brand?post=5323"},{"taxonomy":"product_cat","embeddable":true,"href":"https:\/\/medicinasinc.com\/sl\/wp-json\/wp\/v2\/product_cat?post=5323"},{"taxonomy":"product_tag","embeddable":true,"href":"https:\/\/medicinasinc.com\/sl\/wp-json\/wp\/v2\/product_tag?post=5323"}],"curies":[{"name":"wp","href":"https:\/\/api.w.org\/{rel}","templated":true}]}}