{"id":5322,"date":"2022-02-21T20:57:13","date_gmt":"2022-02-21T20:57:13","guid":{"rendered":"https:\/\/medicinasinc.com\/sl\/?post_type=product&#038;p=5322"},"modified":"2022-03-19T00:35:25","modified_gmt":"2022-03-19T00:35:25","slug":"tramadol-100-mg","status":"publish","type":"product","link":"https:\/\/medicinasinc.com\/sl\/product\/tramadol-100-mg\/","title":{"rendered":"Tramadol 100 mg"},"content":{"rendered":"<p>Tramadol 100 mg za hude bole\u010dine<\/p>\n<p>Dolo\u010dene po\u0161kodbe potrebujejo leta, da se zacelijo, v tem \u010dasu pa mora \u017ertev prena\u0161ati nelagodje. Bole\u010dina, povezana s po\u0161kodbo, je lahko od blage do hude, odvisno od globine in velikosti rane. Vendar pa lahko bole\u010dina pri streljanju ob\u010dasno moti posameznikovo redno rutino. V takih primerih bodo morali ljudje najti na\u010din za pre\u017eivetje. Z laj\u0161anjem dela bole\u010dine lahko dose\u017eejo predvideno pre\u017eivetje. Lahko kupijo tramadol 100 mg na spletu iz razli\u010dnih virov, da takoj laj\u0161ajo bole\u010dino.<\/p>\n<p>Tramadol 100mg je u\u010dinkovit<\/p>\n<p>Kupite Tramadol 100mg na spletu, da pomagate pri laj\u0161anju bole\u010din in jim omogo\u010dite nadaljevanje njihova rutina. Vendar tramadol deluje druga\u010de kot druga zdravila. Primarna funkcija tablete je laj\u0161anje bole\u010dine, ne pa celjenje po\u0161kodbe. Tablete vplivajo na mo\u017eganske bole\u010de \u017eivce. Omrtvi\u010di \u017eile in jim prepre\u010di bole\u010dino. Posledi\u010dno jim bo otrplost pomagala pre\u017eiveti dan, ne da bi ovirala njihovo obi\u010dajno rutino.<\/p>\n<p>Hude ne\u017eelene reakcije<\/p>\n<p>V mo\u017eganih se pojavi otrplost zaradi bole\u010dine in tablete spremenijo na\u010din mo\u017egani delujejo, kar povzro\u010da razli\u010dne te\u017eave. Hudi ne\u017eeleni u\u010dinki vklju\u010dujejo otrplost v mo\u017eganih, prehodno izgubo spomina in druge motnje te narave. Omoti\u010dnost in druge te\u017eave bodo pogost pojav. Posledi\u010dno bo treba individualni odmerek tablet prilagoditi, da bi se izognili resnim ne\u017eelenim u\u010dinkom.<\/p>\n<p>Priporo\u010deni dnevni odmerek tablete je med 50 in 300 mg in ga je treba uporabljati samo. enkrat na dan. Tramadol lahko dobite na spletu na razli\u010dnih spletnih mestih, vendar mora zau\u017eitje temeljiti na priporo\u010dilu zdravnika. Nasvet zdravnika bo klju\u010dnega pomena pri prepre\u010devanju ne\u017eelenih posledic.<\/p>\n","protected":false},"excerpt":{"rendered":"<div class=\"woocommerce-product-details__short-description\">\n<p>Tramadol SR 100 mg tablete lahko kupite na spletu. Kupite Tramadol Online Tramal SR 100 mg brez recepta po ceni, ki je 80 % ni\u017eja od cene, ki bi jo pla\u010dali v ameri\u0161ki lekarni.<\/p>\n<\/p><\/div>\n","protected":false},"featured_media":5331,"comment_status":"open","ping_status":"closed","template":"","meta":[],"product_brand":[],"product_cat":[1117],"product_tag":[],"class_list":{"0":"post-5322","1":"product","2":"type-product","3":"status-publish","4":"has-post-thumbnail","6":"product_cat-kupite-tablete-proti-bolecinam-spanju-seksu","8":"first","9":"instock","10":"shipping-taxable","11":"purchasable","12":"product-type-variable","13":"has-default-attributes"},"yoast_head":"<!-- This site is optimized with the Yoast SEO plugin v27.3 - https:\/\/yoast.com\/product\/yoast-seo-wordpress\/ -->\n<title>Kupite tablete Tramal SR 100 mg na spletu - najbolj\u0161a najbolj\u0161a zdravila na svetu<\/title>\n<meta name=\"description\" content=\"Kupite Tramal SR 100 mg tablete na spletu. Kupite Tramadol Online Tramal SR 100 mg brez recepta po 80 % ni\u017eji ceni kot v ameri\u0161kih lekarnah.\" \/>\n<meta name=\"robots\" content=\"index, follow, max-snippet:-1, max-image-preview:large, max-video-preview:-1\" \/>\n<link rel=\"canonical\" href=\"https:\/\/medicinasinc.com\/sl\/product\/tramadol-100-mg\/\" \/>\n<meta property=\"og:locale\" content=\"en_US\" \/>\n<meta property=\"og:type\" content=\"article\" \/>\n<meta property=\"og:title\" content=\"Kupite tablete Tramal SR 100 mg na spletu - najbolj\u0161a najbolj\u0161a zdravila na svetu\" \/>\n<meta property=\"og:description\" content=\"Kupite Tramal SR 100 mg tablete na spletu. Kupite Tramadol Online Tramal SR 100 mg brez recepta po 80 % ni\u017eji ceni kot v ameri\u0161kih lekarnah.\" \/>\n<meta property=\"og:url\" content=\"https:\/\/medicinasinc.com\/sl\/product\/tramadol-100-mg\/\" \/>\n<meta property=\"og:site_name\" content=\"Medicinas Inc\" \/>\n<meta property=\"article:modified_time\" content=\"2022-03-19T00:35:25+00:00\" \/>\n<meta property=\"og:image\" content=\"https:\/\/medicinasinc.com\/sl\/wp-content\/uploads\/sites\/7\/2022\/02\/Tramadol-100mg-1.jpg\" \/>\n\t<meta property=\"og:image:width\" content=\"600\" \/>\n\t<meta property=\"og:image:height\" content=\"358\" \/>\n\t<meta property=\"og:image:type\" content=\"image\/jpeg\" \/>\n<meta name=\"twitter:card\" content=\"summary_large_image\" \/>\n<meta name=\"twitter:label1\" content=\"Est. reading time\" \/>\n\t<meta name=\"twitter:data1\" content=\"2 minutes\" \/>\n<script type=\"application\/ld+json\" class=\"yoast-schema-graph\">{\"@context\":\"https:\\\/\\\/schema.org\",\"@graph\":[{\"@type\":\"WebPage\",\"@id\":\"https:\\\/\\\/medicinasinc.com\\\/sl\\\/product\\\/tramadol-100-mg\\\/\",\"url\":\"https:\\\/\\\/medicinasinc.com\\\/sl\\\/product\\\/tramadol-100-mg\\\/\",\"name\":\"Kupite tablete Tramal SR 100 mg na spletu - najbolj\u0161a najbolj\u0161a zdravila na svetu\",\"isPartOf\":{\"@id\":\"https:\\\/\\\/medicinasinc.com\\\/sl\\\/#website\"},\"primaryImageOfPage\":{\"@id\":\"https:\\\/\\\/medicinasinc.com\\\/sl\\\/product\\\/tramadol-100-mg\\\/#primaryimage\"},\"image\":{\"@id\":\"https:\\\/\\\/medicinasinc.com\\\/sl\\\/product\\\/tramadol-100-mg\\\/#primaryimage\"},\"thumbnailUrl\":\"https:\\\/\\\/medicinasinc.com\\\/sl\\\/wp-content\\\/uploads\\\/sites\\\/7\\\/2022\\\/02\\\/Tramadol-100mg-1.jpg\",\"datePublished\":\"2022-02-21T20:57:13+00:00\",\"dateModified\":\"2022-03-19T00:35:25+00:00\",\"description\":\"Kupite Tramal SR 100 mg tablete na spletu. Kupite Tramadol Online Tramal SR 100 mg brez recepta po 80 % ni\u017eji ceni kot v ameri\u0161kih lekarnah.\",\"breadcrumb\":{\"@id\":\"https:\\\/\\\/medicinasinc.com\\\/sl\\\/product\\\/tramadol-100-mg\\\/#breadcrumb\"},\"inLanguage\":\"en-US\",\"potentialAction\":[{\"@type\":\"ReadAction\",\"target\":[\"https:\\\/\\\/medicinasinc.com\\\/sl\\\/product\\\/tramadol-100-mg\\\/\"]}]},{\"@type\":\"ImageObject\",\"inLanguage\":\"en-US\",\"@id\":\"https:\\\/\\\/medicinasinc.com\\\/sl\\\/product\\\/tramadol-100-mg\\\/#primaryimage\",\"url\":\"https:\\\/\\\/medicinasinc.com\\\/sl\\\/wp-content\\\/uploads\\\/sites\\\/7\\\/2022\\\/02\\\/Tramadol-100mg-1.jpg\",\"contentUrl\":\"https:\\\/\\\/medicinasinc.com\\\/sl\\\/wp-content\\\/uploads\\\/sites\\\/7\\\/2022\\\/02\\\/Tramadol-100mg-1.jpg\",\"width\":600,\"height\":358},{\"@type\":\"BreadcrumbList\",\"@id\":\"https:\\\/\\\/medicinasinc.com\\\/sl\\\/product\\\/tramadol-100-mg\\\/#breadcrumb\",\"itemListElement\":[{\"@type\":\"ListItem\",\"position\":1,\"name\":\"Nakupujte\",\"item\":\"https:\\\/\\\/medicinasinc.com\\\/sl\\\/nakupujte\\\/\"},{\"@type\":\"ListItem\",\"position\":2,\"name\":\"Tramadol 100 mg\"}]},{\"@type\":\"WebSite\",\"@id\":\"https:\\\/\\\/medicinasinc.com\\\/sl\\\/#website\",\"url\":\"https:\\\/\\\/medicinasinc.com\\\/sl\\\/\",\"name\":\"Medicinas Inc\",\"description\":\"Health Medical Clinic\",\"potentialAction\":[{\"@type\":\"SearchAction\",\"target\":{\"@type\":\"EntryPoint\",\"urlTemplate\":\"https:\\\/\\\/medicinasinc.com\\\/sl\\\/?s={search_term_string}\"},\"query-input\":{\"@type\":\"PropertyValueSpecification\",\"valueRequired\":true,\"valueName\":\"search_term_string\"}}],\"inLanguage\":\"en-US\"}]}<\/script>\n<!-- \/ Yoast SEO plugin. -->","yoast_head_json":{"title":"Kupite tablete Tramal SR 100 mg na spletu - najbolj\u0161a najbolj\u0161a zdravila na svetu","description":"Kupite Tramal SR 100 mg tablete na spletu. Kupite Tramadol Online Tramal SR 100 mg brez recepta po 80 % ni\u017eji ceni kot v ameri\u0161kih lekarnah.","robots":{"index":"index","follow":"follow","max-snippet":"max-snippet:-1","max-image-preview":"max-image-preview:large","max-video-preview":"max-video-preview:-1"},"canonical":"https:\/\/medicinasinc.com\/sl\/product\/tramadol-100-mg\/","og_locale":"en_US","og_type":"article","og_title":"Kupite tablete Tramal SR 100 mg na spletu - najbolj\u0161a najbolj\u0161a zdravila na svetu","og_description":"Kupite Tramal SR 100 mg tablete na spletu. Kupite Tramadol Online Tramal SR 100 mg brez recepta po 80 % ni\u017eji ceni kot v ameri\u0161kih lekarnah.","og_url":"https:\/\/medicinasinc.com\/sl\/product\/tramadol-100-mg\/","og_site_name":"Medicinas Inc","article_modified_time":"2022-03-19T00:35:25+00:00","og_image":[{"width":600,"height":358,"url":"https:\/\/medicinasinc.com\/sl\/wp-content\/uploads\/sites\/7\/2022\/02\/Tramadol-100mg-1.jpg","type":"image\/jpeg"}],"twitter_card":"summary_large_image","twitter_misc":{"Est. reading time":"2 minutes"},"schema":{"@context":"https:\/\/schema.org","@graph":[{"@type":"WebPage","@id":"https:\/\/medicinasinc.com\/sl\/product\/tramadol-100-mg\/","url":"https:\/\/medicinasinc.com\/sl\/product\/tramadol-100-mg\/","name":"Kupite tablete Tramal SR 100 mg na spletu - najbolj\u0161a najbolj\u0161a zdravila na svetu","isPartOf":{"@id":"https:\/\/medicinasinc.com\/sl\/#website"},"primaryImageOfPage":{"@id":"https:\/\/medicinasinc.com\/sl\/product\/tramadol-100-mg\/#primaryimage"},"image":{"@id":"https:\/\/medicinasinc.com\/sl\/product\/tramadol-100-mg\/#primaryimage"},"thumbnailUrl":"https:\/\/medicinasinc.com\/sl\/wp-content\/uploads\/sites\/7\/2022\/02\/Tramadol-100mg-1.jpg","datePublished":"2022-02-21T20:57:13+00:00","dateModified":"2022-03-19T00:35:25+00:00","description":"Kupite Tramal SR 100 mg tablete na spletu. Kupite Tramadol Online Tramal SR 100 mg brez recepta po 80 % ni\u017eji ceni kot v ameri\u0161kih lekarnah.","breadcrumb":{"@id":"https:\/\/medicinasinc.com\/sl\/product\/tramadol-100-mg\/#breadcrumb"},"inLanguage":"en-US","potentialAction":[{"@type":"ReadAction","target":["https:\/\/medicinasinc.com\/sl\/product\/tramadol-100-mg\/"]}]},{"@type":"ImageObject","inLanguage":"en-US","@id":"https:\/\/medicinasinc.com\/sl\/product\/tramadol-100-mg\/#primaryimage","url":"https:\/\/medicinasinc.com\/sl\/wp-content\/uploads\/sites\/7\/2022\/02\/Tramadol-100mg-1.jpg","contentUrl":"https:\/\/medicinasinc.com\/sl\/wp-content\/uploads\/sites\/7\/2022\/02\/Tramadol-100mg-1.jpg","width":600,"height":358},{"@type":"BreadcrumbList","@id":"https:\/\/medicinasinc.com\/sl\/product\/tramadol-100-mg\/#breadcrumb","itemListElement":[{"@type":"ListItem","position":1,"name":"Nakupujte","item":"https:\/\/medicinasinc.com\/sl\/nakupujte\/"},{"@type":"ListItem","position":2,"name":"Tramadol 100 mg"}]},{"@type":"WebSite","@id":"https:\/\/medicinasinc.com\/sl\/#website","url":"https:\/\/medicinasinc.com\/sl\/","name":"Medicinas Inc","description":"Health Medical Clinic","potentialAction":[{"@type":"SearchAction","target":{"@type":"EntryPoint","urlTemplate":"https:\/\/medicinasinc.com\/sl\/?s={search_term_string}"},"query-input":{"@type":"PropertyValueSpecification","valueRequired":true,"valueName":"search_term_string"}}],"inLanguage":"en-US"}]}},"_links":{"self":[{"href":"https:\/\/medicinasinc.com\/sl\/wp-json\/wp\/v2\/product\/5322","targetHints":{"allow":["GET"]}}],"collection":[{"href":"https:\/\/medicinasinc.com\/sl\/wp-json\/wp\/v2\/product"}],"about":[{"href":"https:\/\/medicinasinc.com\/sl\/wp-json\/wp\/v2\/types\/product"}],"replies":[{"embeddable":true,"href":"https:\/\/medicinasinc.com\/sl\/wp-json\/wp\/v2\/comments?post=5322"}],"wp:featuredmedia":[{"embeddable":true,"href":"https:\/\/medicinasinc.com\/sl\/wp-json\/wp\/v2\/media\/5331"}],"wp:attachment":[{"href":"https:\/\/medicinasinc.com\/sl\/wp-json\/wp\/v2\/media?parent=5322"}],"wp:term":[{"taxonomy":"product_brand","embeddable":true,"href":"https:\/\/medicinasinc.com\/sl\/wp-json\/wp\/v2\/product_brand?post=5322"},{"taxonomy":"product_cat","embeddable":true,"href":"https:\/\/medicinasinc.com\/sl\/wp-json\/wp\/v2\/product_cat?post=5322"},{"taxonomy":"product_tag","embeddable":true,"href":"https:\/\/medicinasinc.com\/sl\/wp-json\/wp\/v2\/product_tag?post=5322"}],"curies":[{"name":"wp","href":"https:\/\/api.w.org\/{rel}","templated":true}]}}