{"id":5310,"date":"2022-02-21T18:38:01","date_gmt":"2022-02-21T18:38:01","guid":{"rendered":"https:\/\/medicinasinc.com\/sl\/?post_type=product&#038;p=5310"},"modified":"2022-03-19T00:37:49","modified_gmt":"2022-03-19T00:37:49","slug":"kupi-roksikodon-30-mg","status":"publish","type":"product","link":"https:\/\/medicinasinc.com\/sl\/product\/kupi-roksikodon-30-mg\/","title":{"rendered":"Kupite roksikodon 30 mg"},"content":{"rendered":"<p>Spletni nakup tablet Roxicodone 30mg<\/p>\n<p>Tablete ROXICODONE (oksikodon HCl) so namenjene zdravljenju zmerne do hude bole\u010dine, ki zahteva opioidni analgetik in za katero so neopioidne alternative neu\u010dinkovite.<\/p>\n<p> &gt; <\/p>\n<p>Omejitve uporabe<\/p>\n<p>Zaradi nevarnosti odvisnosti od opioidov, zlorabe in zlorabe, tudi pri odobrenih odmerkih, rezervirajte ROXICODONE za bolnike, ki se ne odzovejo na alternativno zdravljenje (npr. neopioidni analgetiki ali kombinirani izdelki z opioidi):<\/p>\n<p>Ni jih prena\u0161ali in verjetno ne bodo dovoljeni<br \/> Niste dali ustrezne analgezije ali verjetno ne bodo dali ustrezne analgezije<\/p>\n<p>Ta material je namenjen samo zdravstvenim delavcem v Zdru\u017eenih dr\u017eavah Amerike.<br \/> Popolne informacije o receptu za Zdru\u017eene dr\u017eave Amerike, vklju\u010dno z opozorilom v \u0161katli.<\/p>\n<p>Vodnik za zdravila<\/p>\n<div class=\"product\">\n<div class=\"product-prev\">\n<div class=\"contraindication\">\n<div class=\"contraindica tion\">\n<div class=\"contraindication\">\n<div class=\"contraindication\">\n<div class=\"contraindication\">\n<div class=\"contraindication\">\n<div class=\"contraindication\">\n<h2><b>POMEMBNO VARNOSTNE INFORMACIJE<\/b><\/h2>\n<div class=\"scroll-wrapper scrolling-table scrollbar-chrome\">\n<div class=\"scrolling-table scrollbar-chrome scroll-content\">\n<table border=\"1\">\n<tbody>\n<tr>\n<td valign=\"top\" width=\"623\">\n<ul>\n<li>OPOZORILO: ZDRAVLJENJE, ZLOOBRABA IN ZLOOBRABA; OCENA TVEGANJA IN STRATEGIJA ZMANJ\u0160ANJA (REMS); \u017dIVLJENJSKO NEVARNA DIHALNA DEPRESIJA; NAKLJU\u010cNO ZAU\u017dITJE; NEONATALNI OPIOIDNI ODTEKTI\u010cNI SINDROM; INTERAKCIJA S CITOKROMOM P450 3A4; in TVEGANJA PRI SO\u010cA\u0160NI UPORABI ZDRAVILA BENS Zloraba, zloraba in zloraba substanc\n<p>ROXICODONE izpostavlja bolnike in druge uporabnike nevarnostim odvisnosti od opioidov, zlorabe in zlorabe, kar lahko povzro\u010di smrt zaradi prevelikega odmerjanja. Preden zagotovite ROXICODONE, ocenite tveganje vsakega bolnika in redno spremljajte vse bolnike glede razvoja dolo\u010denih vedenj in stanj.<\/p>\n<p>Strategija za oceno tveganja in ubla\u017eitev opioidnih analgetikov (REMS)<\/p>\n<p>Hrana in Agencija za zdravila (FDA) zahtevata REMS za opioidne analgetike, da bi preverili, ali koristi odtehtajo nevarnosti odvisnosti, zlorabe in zlorabe. Farmacevtska podjetja, ki so odobrila opioidne analgeti\u010dne izdelke, morajo zagotoviti ponudnikom zdravstvenih storitev na voljo izobra\u017eevalne programe, skladne z REMS. Izvajalcem zdravstvenih storitev se mo\u010dno spodbuja, da: \u2022 dokon\u010dajo izobra\u017eevalni program, skladen z REMS; \u2022 svetovati bolnikom in\/ali skrbnikom glede varne uporabe, resnih tveganj, skladi\u0161\u010denja in odstranjevanja teh izdelkov z vsakim receptom; \u2022 bolnikom in skrbnikom poudariti pomen branja Priro\u010dnika o zdravilih vsaki\u010d, ko ga zagotovi njihov farmacevt; in \u2022 razmislite o dodatnih orodjih za izbolj\u0161anje varnosti bolnikov, gospodinjstev in skupnosti.<\/p>\n<p>\u017divljenjsko nevarna respiratorna depresija<\/p>\n<p>ROKSIKODON lahko povzro\u010di resno, \u017eivljenjsko nevarno ali smrtonosno depresijo dihanja. Bodite pozorni na depresijo dihanja, \u0161e posebej, ko za\u010dnete uporabljati ROXICODONE ali pove\u010dujete odmerek.<\/p>\n<p>Zau\u017eitje po nesre\u010di<\/p>\n<p>Nenamerno zau\u017eitje ROXICODONE, zlasti pri mladostnikih, lahko povzro\u010di smrtonosno preveliko odmerjanje ROXICODONE. <\/p>\n<p>Sindrom odtegnitve opioidov pri novorojen\u010dkih<\/p>\n<p>Dolgotrajna uporaba zdravila ROXICODONE med nose\u010dnostjo lahko povzro\u010di sindrom odtegnitve opioidov pri novorojen\u010dkih, ki je lahko usoden, \u010de ni pravo\u010dasno diagnosticiran in zdravljen ter potrebuje zdravljenje v skladu z neonatologijo. -specifi\u010dni postopki. \u010ce je pri nose\u010dnici potrebna dolgotrajna uporaba opioidov, jo obvestite o nevarnosti neonatalnega odtegnitvenega sindroma opioidov in zagotovite, da je na voljo ustrezno zdravljenje.<\/p>\n<p>Interakcija s citokromom P450 3A4<\/p>\n<p>So\u010dasna uporaba ROKSIKODONA in vseh zaviralcev citokroma P450 3A4 lahko povzro\u010di zvi\u0161anje koncentracij oksikodona v plazmi, kar lahko poslab\u0161a ali podalj\u0161a neprijetne odzive in lahko povzro\u010di smrtonosno depresijo dihanja. Poleg tega lahko prenehanje so\u010dasno uporabljenega induktorja citokroma P450 3A4 povzro\u010di zvi\u0161anje ravni oksikodona v plazmi. Bolnike, ki prejemajo ROXICODONE in kateri koli zaviralec ali induktor CYP3A4, je treba natan\u010dno spremljati.<\/p>\n<p>Posledice so\u010dasne uporabe z benzodiazepini ali drugimi zaviralci centralnega \u017eiv\u010dnega sistema<\/p>\n<p>So\u010dasna uporaba opioidov z benzodiazepini ali drugimi zaviralci osrednjega \u017eiv\u010devja , kot je alkohol, lahko povzro\u010di izjemno zaspanost, depresijo dihanja, komo ali smrt.<\/p>\n<p>So\u010dasno dajanje ROXICODONE-a z benzodiazepini ali drugimi depresivi osrednjega \u017eiv\u010devja je treba rezervirati za posameznike, ki se ne odzovejo na alternativne terapevtske mo\u017enosti. <br \/> Naj bodo odmerki in trajanje minimalni.<br \/> Pazite na znake in simptome depresije dihanja in sedacije pri bolnikih.<\/li>\n<\/ul>\n<\/td>\n<\/tr>\n<\/li>\n<p> tbody&gt; <\/table>\n<\/p><\/div><\/div>\n<p>&nbsp;<\/p>\n<h2>KONTRAINDIKACIJE<\/h2>\n<p>ROKSIKODON je kontraindiciran pri bolnikih z:<\/p>\n<ul>\n<li>Pomembna depresija dihanja<\/li>\n<li>Akutna ali huda bronhialna astma v nenadzorovanem okolju ali v odsotnosti o\u017eivljanja oprema<\/li>\n<li>Znana ali domnevna obstrukcija prebavil, vklju\u010dno s paraliti\u010dnim ileusom<\/li>\n<li>Znana preob\u010dutljivost na oksikodon<\/li>\n<\/ul>\n<h2>\u00a0OPOZORILA IN MERE<\/h2>\n<ul>\n<li>ROXICODONE vsebuje oksikodon, nadzorovano snov s seznama II. ROXICODONE kot opioid izpostavlja uporabnike tveganju odvisnosti, zlorabe in zlorabe.<\/li>\n<li>Ocenite tveganje odvisnosti, zlorabe ali zlorabe opioidov pri vsakem bolniku, preden predpi\u0161ete ROXICODONE, in spremljajte vse bolnike, ki prejemajo ROXICODONE za razvoj teh vedenj in stanj.<\/li>\n<li>Da bi zagotovili, da koristi opioidnih analgetikov odtehtajo tveganja odvisnosti, zlorabe in zlorabe, je Uprava za hrano in zdravila (FDA) zahtevala strategijo za oceno tveganja in ubla\u017eitev ( REMS) za te izdelke. V skladu z zahtevami REMS morajo farmacevtske dru\u017ebe z odobrenimi opioidnimi analgeti\u010dnimi izdelki dati na voljo izobra\u017eevalne programe, skladne z REMS, ponudnikom zdravstvenih storitev.<\/li>\n<li>Pri uporabi zdravila so poro\u010dali o resni, smrtno nevarni ali smrtni depresiji dihanja. opioidi, tudi \u010de se uporabljajo v skladu s priporo\u010dili. Bolniki s kroni\u010dno plju\u010dno boleznijo, starej\u0161i, kahekti\u010dni ali oslabljeni bolniki so lahko izpostavljeni pove\u010danemu tveganju. Pozorno spremljajte, zlasti med uvedbo in titracijo.<\/li>\n<li>Opioidi lahko povzro\u010dijo motnje dihanja, povezane s spanjem, vklju\u010dno s centralno apnejo pri spanju (CSA) in hipoksemijo, povezano s spanjem. Uporaba opioidov pove\u010da tveganje za CSA na na\u010din, ki je odvisen od odmerka.<\/li>\n<li>Nenamerno zau\u017eitje celo enega odmerka ROXICODONE, zlasti pri otrocih, lahko povzro\u010di depresijo dihanja in smrt zaradi prevelikega odmerka ROXICODONE. Naro\u010dite bolnikom, naj sprejmejo ukrepe za varno shranjevanje ROXICODONE. ROXICODONE, ki mu je potekel rok uporabnosti, ne\u017eeleni ali neporabljeni, je treba zavre\u010di tako, da neporabljeno zdravilo splaknete v strani\u0161\u010de, \u010de mo\u017enost vra\u010dila zdravila ni na voljo.<\/li>\n<li>Po dolgotrajni uporabi se lahko pojavi sindrom odtegnitve opioidov pri novorojen\u010dkih (NOWS). opioidov med nose\u010dnostjo. Opazujte novorojen\u010dke glede znakov NOWS in ustrezno upravljajte; NOWS je lahko smrtno nevaren, \u010de ga ne prepoznamo in ne zdravimo pri novorojen\u010dkih.<\/li>\n<li>\u010ce uporabljate zaviralce CYP3A4 ali prenehate jemati induktorje CYP3A4 pri bolnikih, zdravljenih z ROXICODONE, natan\u010dno spremljajte bolnike v pogostih presledkih in razmislite o zmanj\u0161anju odmerka ROXICODONE, dokler zdravilo ne postane stabilno. dose\u017eeni u\u010dinki. Ko uporabljate ROXICODONE z induktorji CYP3A4 ali prenehate jemati zaviralce CYP3A4, pozorno spremljajte bolnike v pogostih intervalih in razmislite o pove\u010danju odmerka opioidov, \u010de je potrebno za vzdr\u017eevanje ustrezne analgezije ali \u010de se pojavijo simptomi odtegnitve opioidov.<\/li>\n<li>Globoka sedacija, depresija dihanja, koma in smrt je lahko posledica so\u010dasne uporabe zdravila ROXICODONE z benzodiazepini ali drugimi zaviralci osrednjega \u017eiv\u010devja (vklju\u010dno z alkoholom in\u00a0prepovedanimi drogami).<\/li>\n<li>Pri uporabi opioidov so poro\u010dali o primerih insuficience nadledvi\u010dne \u017eleze, pogosteje po ve\u010d kot enem. mesec uporabe. \u010ce je diagnosticirana insuficienca nadledvi\u010dne \u017eleze, zdravite s fiziolo\u0161ko zamenjavo kortikosteroidov in bolnika odvadite opioidov, dokler se delovanje nadledvi\u010dne \u017eleze ne povrne.<\/li>\n<li><strong>ROKSIKODON<\/strong>\u00a0lahko povzro\u010di hudo hipotenzijo, vklju\u010dno z ortostatsko hipotenzijo in sinkopo pri ambulantnih bolnikih. Spremljajte med uvedbo in\/ali titracijo ROXICODONE. Izogibajte se uporabi pri bolnikih s cirkulacijskim \u0161okom.<\/li>\n<li>Uporaba pri bolnikih s povi\u0161anim intrakranialnim tlakom, mo\u017eganskimi tumorji, po\u0161kodbo glave ali motnjo zavesti lahko zmanj\u0161a dihalni pogon in posledi\u010dno zadr\u017eevanje CO<sub>2<\/sub> lahko dodatno pove\u010da intrakranialni tlak. Uporabi\u00a0<strong>ROXICODONE<\/strong>\u00a0se je treba izogibati pri bolnikih z oslabljeno zavestjo ali komo.<\/li>\n<li>ROXICODONE je kontraindiciran pri bolnikih z znano ali domnevno obstrukcijo prebavil, vklju\u010dno s paraliti\u010dnim ileusom. Oksikodon v zdravilu ROXICODONE lahko povzro\u010di kr\u010de Oddijevega sfinktra.<\/li>\n<li>Oksikodon v zdravilu ROXICODONE lahko pove\u010da pogostnost epilepti\u010dnih napadov pri bolnikih z motnjami epilepti\u010dnih napadov in lahko pove\u010da tveganje za epilepti\u010dne napade v drugih klini\u010dnih okoljih, povezanih s epilepti\u010dnimi napadi. . Spremljajte bolnike z anamnezo epilepti\u010dnih motenj za poslab\u0161anje nadzora napadov.<\/li>\n<li>Ne prekinite nenadoma\u00a0<strong>ROXICODONE<\/strong>\u00a0pri pacientu, ki je fizi\u010dno odvisen od opioidov. Ko prenehate jemati ROXICODONE pri fizi\u010dno odvisnem bolniku, postopoma zmanj\u0161ajte odmerek. Hitro zmanj\u0161evanje oksikodona pri pacientu, ki je fizi\u010dno odvisen od opioidov, lahko povzro\u010di odtegnitveni sindrom in vrnitev bole\u010dine.<\/li>\n<li>Izogibajte se uporabi ROXICODONA z me\u0161animi agonisti\/antagonisti ali analgetiki z delnimi agonisti zaradi tveganja precipitacije odtegnitveni simptomi.<\/li>\n<li>Opozorite bolnike, naj ne vozijo ali upravljajo z nevarnimi stroji, razen \u010de so tolerantni na u\u010dinke ROXICODONA in vedo, kako se bodo odzvali na zdravilo.<\/li>\n<li>Opioidi lahko povzro\u010dijo redko bolezen. vendar potencialno \u017eivljenjsko nevarno stanje, ki je posledica so\u010dasne uporabe serotonergi\u010dnih zdravil. Bolnike opozorite na simptome serotoninskega sindroma in takoj poi\u0161\u010dite zdravni\u0161ko pomo\u010d, \u010de se simptomi razvijejo.<\/li>\n<li>Uporaba ROXICODONE ni priporo\u010dljiva za bolnike, ki jemljejo zaviralce MAO ali v 14 dneh po prenehanju tak\u0161nega zdravljenja.<\/li>\n<\/ul>\n<h2>U\u010dinki roksikodona<\/h2>\n<p>Resni ne\u017eeleni u\u010dinki, povezani z uporabo ROXICODONE, vklju\u010dujejo depresijo dihanja, zastoj dihanja, depresijo cirkulacije, sr\u010dni zastoj, hipotenzijo in\/ali \u0161ok. Najpogostej\u0161i ne\u017eeleni u\u010dinki so slabost, zaprtje, bruhanje, glavobol, pruritus, nespe\u010dnost, omotica, astenija in zaspanost.<\/p>\n<p>To ni popoln seznam mo\u017enih ne\u017eelenih u\u010dinkov, povezanih z ROXICODONE. Za celoten seznam glejte Celotne informacije o predpisovanju.<\/p>\n<p>&nbsp;<\/p>\n<p>&nbsp;<\/p>\n<\/p><\/div><\/div><\/div><\/div><\/div><\/div><\/div>\n<div class=\"scroll-wrapper scrolling-table scrollbar-chrome\">\n<div class=\"scrolling-table scrollbar-chrome scroll-content\">\n<table>\n<tbody>\n<tr>\n<td><strong>Opis<\/strong><\/td>\n<td>Modre tablete z zarezo<\/td>\n<\/tr>\n<tr>\n<td><strong>Splo\u0161no ime<\/strong><\/td>\n<td>Oksikodon hidroklorid tablete USP<\/td>\n<\/tr>\n<tr>\n<td><strong>Ja\u010dina odmerka<\/strong><\/td>\n<td>30 mg<\/td>\n<\/tr>\n<tr>\n<td><strong>Identifikacijska koda<\/strong><\/td>\n<td>Modra tableta z zarezo (identificirano 54 199) [Reliefno 54 199 na eni strani]<\/td>\n<\/tr>\n<\/tbody>\n<\/table>\n<p><strong>tablete roksikodona, kupite tablete roksikodona, seznam okroglih modrih tablet roksikodona, tablete, ki izgledajo kot roksikodon, zamenjajte tablete roksikodona, tablete roksikodona 30, tablete za spro\u0161\u010danje roksikodona, kako biti preprodajalec drog, ki prodaja tablete roksikodona, tablete, ki vsebujejo roksikodon, kodeinski sirup tablete roksikodon, kako veliko so tablete roksikodona 30mg v Mehiki, kaj je v ponarejenih tabletah k 9 roksikodona?, 30mg roksikodon modre tablete,roksikodon, oksikodon 5 mg, roza tableta, m 30 tableta, m 30 modra tabletka, k 56 tableta, roxyco16 tableta, roxyco19 tableta tablete, percocet 30 mg, molly cene, ali lahko vzamete, roxy 30, oxicodona, u17 tablete, odmerek oksikodona<\/strong><\/p>\n<\/p><\/div><\/div><\/div><\/div>\n<div>\n<div class=\"product-prev\"><\/div><\/div>\n","protected":false},"excerpt":{"rendered":"<p>Kupite tablete Roxicodone 30 mg v Zdru\u017eenem kraljestvu in Evropi v na\u0161i spletni lekarni bestglobalmeds.com s hitro dostavo po vsem svetu! Najbolj\u0161e mesto za pridobitev OxyContina je tukaj!<\/p>\n","protected":false},"featured_media":5321,"comment_status":"open","ping_status":"closed","template":"","meta":[],"product_brand":[],"product_cat":[1117],"product_tag":[1879,1881,1884,1885,1886,1883,1882,1887,1888,1889,1890,1648,1670,1891,1750,1892,1893,1894,1895,1896,1897,1898,1899,1900,1901,1880,1902,1903],"class_list":{"0":"post-5310","1":"product","2":"type-product","3":"status-publish","4":"has-post-thumbnail","6":"product_cat-kupite-tablete-proti-bolecinam-spanju-seksu","7":"product_tag-30-mg-roksikodon-modre-tablete","8":"product_tag-buy-roxicodone-pills","9":"product_tag-how-much-are-roxicodone-30mg-pills-in-mexico","10":"product_tag-how-to-be-a-drug-dealer-selling-roxicodone-pills","11":"product_tag-k-56-tabletka","12":"product_tag-kodein-sirup-tablete-roksikodon","13":"product_tag-lahko-vzame","14":"product_tag-list-of-round-blue-roxicodone-pills","15":"product_tag-m-30-blue-pill","16":"product_tag-m-30-tablete","17":"product_tag-molly-prices","18":"product_tag-oxicodona","19":"product_tag-oxycodone-5-mg","20":"product_tag-oxycodone-dosage","21":"product_tag-percocet-30-mg","22":"product_tag-pills-that-contain-roxicodone","23":"product_tag-pills-that-look-like-roxicodone","24":"product_tag-pink-pill","25":"product_tag-roxicodone","26":"product_tag-roxicodone-pills","27":"product_tag-roxicodone-pills-30","28":"product_tag-roxicodone-pills-change","29":"product_tag-roxy-30","30":"product_tag-roxycodone","31":"product_tag-t-194-pill","32":"product_tag-tablete-za-prekinitev-as-sprostitev-roksikodon","33":"product_tag-u17-pill","34":"product_tag-what-is-in-the-fake-k-9-roxicodone-pills","36":"first","37":"instock","38":"shipping-taxable","39":"purchasable","40":"product-type-variable","41":"has-default-attributes"},"yoast_head":"<!-- This site is optimized with the Yoast SEO plugin v27.3 - https:\/\/yoast.com\/product\/yoast-seo-wordpress\/ -->\n<title>Kupite roksikodon 30 mg - najbolj\u0161a najbolj\u0161a zdravila na svetu<\/title>\n<meta name=\"description\" content=\"Kupite Roxicodone 30 mg tablete UK, Evropa v na\u0161i spletni trgovini bestglobalmeds.com s hitro dostavo po vsem svetu! Najbolj\u0161i OxyContin za naro\u010danje boste na\u0161li tukaj!\" \/>\n<meta name=\"robots\" content=\"index, follow, max-snippet:-1, max-image-preview:large, max-video-preview:-1\" \/>\n<link rel=\"canonical\" href=\"https:\/\/medicinasinc.com\/sl\/product\/kupi-roksikodon-30-mg\/\" \/>\n<meta property=\"og:locale\" content=\"en_US\" \/>\n<meta property=\"og:type\" content=\"article\" \/>\n<meta property=\"og:title\" content=\"Kupite roksikodon 30 mg - najbolj\u0161a najbolj\u0161a zdravila na svetu\" \/>\n<meta property=\"og:description\" content=\"Kupite Roxicodone 30 mg tablete UK, Evropa v na\u0161i spletni trgovini bestglobalmeds.com s hitro dostavo po vsem svetu! Najbolj\u0161i OxyContin za naro\u010danje boste na\u0161li tukaj!\" \/>\n<meta property=\"og:url\" content=\"https:\/\/medicinasinc.com\/sl\/product\/kupi-roksikodon-30-mg\/\" \/>\n<meta property=\"og:site_name\" content=\"Medicinas Inc\" \/>\n<meta property=\"article:modified_time\" content=\"2022-03-19T00:37:49+00:00\" \/>\n<meta property=\"og:image\" content=\"https:\/\/medicinasinc.com\/sl\/wp-content\/uploads\/sites\/7\/2022\/02\/Roxicodone-30-mg.png\" \/>\n\t<meta property=\"og:image:width\" content=\"400\" \/>\n\t<meta property=\"og:image:height\" content=\"300\" \/>\n\t<meta property=\"og:image:type\" content=\"image\/png\" \/>\n<meta name=\"twitter:card\" content=\"summary_large_image\" \/>\n<meta name=\"twitter:label1\" content=\"Est. reading time\" \/>\n\t<meta name=\"twitter:data1\" content=\"7 minutes\" \/>\n<script type=\"application\/ld+json\" class=\"yoast-schema-graph\">{\"@context\":\"https:\\\/\\\/schema.org\",\"@graph\":[{\"@type\":\"WebPage\",\"@id\":\"https:\\\/\\\/medicinasinc.com\\\/sl\\\/product\\\/kupi-roksikodon-30-mg\\\/\",\"url\":\"https:\\\/\\\/medicinasinc.com\\\/sl\\\/product\\\/kupi-roksikodon-30-mg\\\/\",\"name\":\"Kupite roksikodon 30 mg - najbolj\u0161a najbolj\u0161a zdravila na svetu\",\"isPartOf\":{\"@id\":\"https:\\\/\\\/medicinasinc.com\\\/sl\\\/#website\"},\"primaryImageOfPage\":{\"@id\":\"https:\\\/\\\/medicinasinc.com\\\/sl\\\/product\\\/kupi-roksikodon-30-mg\\\/#primaryimage\"},\"image\":{\"@id\":\"https:\\\/\\\/medicinasinc.com\\\/sl\\\/product\\\/kupi-roksikodon-30-mg\\\/#primaryimage\"},\"thumbnailUrl\":\"https:\\\/\\\/medicinasinc.com\\\/sl\\\/wp-content\\\/uploads\\\/sites\\\/7\\\/2022\\\/02\\\/Roxicodone-30-mg.png\",\"datePublished\":\"2022-02-21T18:38:01+00:00\",\"dateModified\":\"2022-03-19T00:37:49+00:00\",\"description\":\"Kupite Roxicodone 30 mg tablete UK, Evropa v na\u0161i spletni trgovini bestglobalmeds.com s hitro dostavo po vsem svetu! Najbolj\u0161i OxyContin za naro\u010danje boste na\u0161li tukaj!\",\"breadcrumb\":{\"@id\":\"https:\\\/\\\/medicinasinc.com\\\/sl\\\/product\\\/kupi-roksikodon-30-mg\\\/#breadcrumb\"},\"inLanguage\":\"en-US\",\"potentialAction\":[{\"@type\":\"ReadAction\",\"target\":[\"https:\\\/\\\/medicinasinc.com\\\/sl\\\/product\\\/kupi-roksikodon-30-mg\\\/\"]}]},{\"@type\":\"ImageObject\",\"inLanguage\":\"en-US\",\"@id\":\"https:\\\/\\\/medicinasinc.com\\\/sl\\\/product\\\/kupi-roksikodon-30-mg\\\/#primaryimage\",\"url\":\"https:\\\/\\\/medicinasinc.com\\\/sl\\\/wp-content\\\/uploads\\\/sites\\\/7\\\/2022\\\/02\\\/Roxicodone-30-mg.png\",\"contentUrl\":\"https:\\\/\\\/medicinasinc.com\\\/sl\\\/wp-content\\\/uploads\\\/sites\\\/7\\\/2022\\\/02\\\/Roxicodone-30-mg.png\",\"width\":400,\"height\":300},{\"@type\":\"BreadcrumbList\",\"@id\":\"https:\\\/\\\/medicinasinc.com\\\/sl\\\/product\\\/kupi-roksikodon-30-mg\\\/#breadcrumb\",\"itemListElement\":[{\"@type\":\"ListItem\",\"position\":1,\"name\":\"Nakupujte\",\"item\":\"https:\\\/\\\/medicinasinc.com\\\/sl\\\/nakupujte\\\/\"},{\"@type\":\"ListItem\",\"position\":2,\"name\":\"Kupite roksikodon 30 mg\"}]},{\"@type\":\"WebSite\",\"@id\":\"https:\\\/\\\/medicinasinc.com\\\/sl\\\/#website\",\"url\":\"https:\\\/\\\/medicinasinc.com\\\/sl\\\/\",\"name\":\"Medicinas Inc\",\"description\":\"Health Medical Clinic\",\"potentialAction\":[{\"@type\":\"SearchAction\",\"target\":{\"@type\":\"EntryPoint\",\"urlTemplate\":\"https:\\\/\\\/medicinasinc.com\\\/sl\\\/?s={search_term_string}\"},\"query-input\":{\"@type\":\"PropertyValueSpecification\",\"valueRequired\":true,\"valueName\":\"search_term_string\"}}],\"inLanguage\":\"en-US\"}]}<\/script>\n<!-- \/ Yoast SEO plugin. -->","yoast_head_json":{"title":"Kupite roksikodon 30 mg - najbolj\u0161a najbolj\u0161a zdravila na svetu","description":"Kupite Roxicodone 30 mg tablete UK, Evropa v na\u0161i spletni trgovini bestglobalmeds.com s hitro dostavo po vsem svetu! Najbolj\u0161i OxyContin za naro\u010danje boste na\u0161li tukaj!","robots":{"index":"index","follow":"follow","max-snippet":"max-snippet:-1","max-image-preview":"max-image-preview:large","max-video-preview":"max-video-preview:-1"},"canonical":"https:\/\/medicinasinc.com\/sl\/product\/kupi-roksikodon-30-mg\/","og_locale":"en_US","og_type":"article","og_title":"Kupite roksikodon 30 mg - najbolj\u0161a najbolj\u0161a zdravila na svetu","og_description":"Kupite Roxicodone 30 mg tablete UK, Evropa v na\u0161i spletni trgovini bestglobalmeds.com s hitro dostavo po vsem svetu! Najbolj\u0161i OxyContin za naro\u010danje boste na\u0161li tukaj!","og_url":"https:\/\/medicinasinc.com\/sl\/product\/kupi-roksikodon-30-mg\/","og_site_name":"Medicinas Inc","article_modified_time":"2022-03-19T00:37:49+00:00","og_image":[{"width":400,"height":300,"url":"https:\/\/medicinasinc.com\/sl\/wp-content\/uploads\/sites\/7\/2022\/02\/Roxicodone-30-mg.png","type":"image\/png"}],"twitter_card":"summary_large_image","twitter_misc":{"Est. reading time":"7 minutes"},"schema":{"@context":"https:\/\/schema.org","@graph":[{"@type":"WebPage","@id":"https:\/\/medicinasinc.com\/sl\/product\/kupi-roksikodon-30-mg\/","url":"https:\/\/medicinasinc.com\/sl\/product\/kupi-roksikodon-30-mg\/","name":"Kupite roksikodon 30 mg - najbolj\u0161a najbolj\u0161a zdravila na svetu","isPartOf":{"@id":"https:\/\/medicinasinc.com\/sl\/#website"},"primaryImageOfPage":{"@id":"https:\/\/medicinasinc.com\/sl\/product\/kupi-roksikodon-30-mg\/#primaryimage"},"image":{"@id":"https:\/\/medicinasinc.com\/sl\/product\/kupi-roksikodon-30-mg\/#primaryimage"},"thumbnailUrl":"https:\/\/medicinasinc.com\/sl\/wp-content\/uploads\/sites\/7\/2022\/02\/Roxicodone-30-mg.png","datePublished":"2022-02-21T18:38:01+00:00","dateModified":"2022-03-19T00:37:49+00:00","description":"Kupite Roxicodone 30 mg tablete UK, Evropa v na\u0161i spletni trgovini bestglobalmeds.com s hitro dostavo po vsem svetu! Najbolj\u0161i OxyContin za naro\u010danje boste na\u0161li tukaj!","breadcrumb":{"@id":"https:\/\/medicinasinc.com\/sl\/product\/kupi-roksikodon-30-mg\/#breadcrumb"},"inLanguage":"en-US","potentialAction":[{"@type":"ReadAction","target":["https:\/\/medicinasinc.com\/sl\/product\/kupi-roksikodon-30-mg\/"]}]},{"@type":"ImageObject","inLanguage":"en-US","@id":"https:\/\/medicinasinc.com\/sl\/product\/kupi-roksikodon-30-mg\/#primaryimage","url":"https:\/\/medicinasinc.com\/sl\/wp-content\/uploads\/sites\/7\/2022\/02\/Roxicodone-30-mg.png","contentUrl":"https:\/\/medicinasinc.com\/sl\/wp-content\/uploads\/sites\/7\/2022\/02\/Roxicodone-30-mg.png","width":400,"height":300},{"@type":"BreadcrumbList","@id":"https:\/\/medicinasinc.com\/sl\/product\/kupi-roksikodon-30-mg\/#breadcrumb","itemListElement":[{"@type":"ListItem","position":1,"name":"Nakupujte","item":"https:\/\/medicinasinc.com\/sl\/nakupujte\/"},{"@type":"ListItem","position":2,"name":"Kupite roksikodon 30 mg"}]},{"@type":"WebSite","@id":"https:\/\/medicinasinc.com\/sl\/#website","url":"https:\/\/medicinasinc.com\/sl\/","name":"Medicinas Inc","description":"Health Medical Clinic","potentialAction":[{"@type":"SearchAction","target":{"@type":"EntryPoint","urlTemplate":"https:\/\/medicinasinc.com\/sl\/?s={search_term_string}"},"query-input":{"@type":"PropertyValueSpecification","valueRequired":true,"valueName":"search_term_string"}}],"inLanguage":"en-US"}]}},"_links":{"self":[{"href":"https:\/\/medicinasinc.com\/sl\/wp-json\/wp\/v2\/product\/5310","targetHints":{"allow":["GET"]}}],"collection":[{"href":"https:\/\/medicinasinc.com\/sl\/wp-json\/wp\/v2\/product"}],"about":[{"href":"https:\/\/medicinasinc.com\/sl\/wp-json\/wp\/v2\/types\/product"}],"replies":[{"embeddable":true,"href":"https:\/\/medicinasinc.com\/sl\/wp-json\/wp\/v2\/comments?post=5310"}],"wp:featuredmedia":[{"embeddable":true,"href":"https:\/\/medicinasinc.com\/sl\/wp-json\/wp\/v2\/media\/5321"}],"wp:attachment":[{"href":"https:\/\/medicinasinc.com\/sl\/wp-json\/wp\/v2\/media?parent=5310"}],"wp:term":[{"taxonomy":"product_brand","embeddable":true,"href":"https:\/\/medicinasinc.com\/sl\/wp-json\/wp\/v2\/product_brand?post=5310"},{"taxonomy":"product_cat","embeddable":true,"href":"https:\/\/medicinasinc.com\/sl\/wp-json\/wp\/v2\/product_cat?post=5310"},{"taxonomy":"product_tag","embeddable":true,"href":"https:\/\/medicinasinc.com\/sl\/wp-json\/wp\/v2\/product_tag?post=5310"}],"curies":[{"name":"wp","href":"https:\/\/api.w.org\/{rel}","templated":true}]}}