{"id":5309,"date":"2022-02-21T18:36:34","date_gmt":"2022-02-21T18:36:34","guid":{"rendered":"https:\/\/medicinasinc.com\/sl\/?post_type=product&#038;p=5309"},"modified":"2022-03-19T00:37:59","modified_gmt":"2022-03-19T00:37:59","slug":"kupi-restoril-30-mg-temazepam-tablete","status":"publish","type":"product","link":"https:\/\/medicinasinc.com\/sl\/product\/kupi-restoril-30-mg-temazepam-tablete\/","title":{"rendered":"Kupite tablete Restoril 30 mg Temazepam"},"content":{"rendered":"<div class=\"product-next-previous\">\n<div>\n<p>Spletna lekarna za nakup tablet Restoril Temezepam (30Mg)<br \/> Restoril: Kaj je in kako se uporablja?<\/p>\n<p> Restoril je zdravilo na recept, ki se uporablja za zdravljenje te\u017eav z nespe\u010dnostjo. Restoril se lahko jemlje samostojno ali v kombinaciji z drugimi zdravili.<\/p>\n<p>Restoril je pomirjevalno\/hipnoti\u010dno zdravilo.<\/p>\n<p>Ni znano, da je zdravilo Restoril varno ali u\u010dinkovito pri otrocih.<\/p>\n<p>Kak\u0161na so verjetna tveganja, povezana z zdravilom Restoril?<\/p>\n<p>Restoril ima lahko velike \u0161kodljive u\u010dinke, vklju\u010dno z naslednjimi:<\/p>\n<p>Zmedenost, vznemirjenost, agresivnost, halucinacije, tesnoba, te\u017eave s spominom, in \u017ealostno razpolo\u017eenje so vsi simptomi shizofrenije.<\/p>\n<p>&nbsp;<\/p>\n<p>Temazepam, tako kot mnogi drugi podobni in sorodni benzodiazepini, deluje kot modulator GABA in je sposoben spro\u017eiti \u0161tevilne u\u010dinke, vklju\u010dno z zaspanostjo, hipnozo, sprostitvijo skeletnih mi\u0161ic, antikonvulzivnim delovanjem in anksioliti\u010dnim delovanjem 6,7,13,14.<\/p>\n<p>\u010ceprav je bila kemi\u010dna sinteza temazepama odkrita leta 19659, se je njegova \u0161iroka sodobna uporaba za\u010dela \u0161ele Resni\u010dna uporaba zdravila za zdravljenje nespe\u010dnosti je bila pozneje priznana in licencirana. Preden je temazepam postal obi\u010dajno predpisano zdravilo za civiliste, ga je ameri\u0161ka vojska uporabljala \u2013 in ga \u0161e naprej \u2013 uporablja kot pomirjevalno-hipnoti\u010dno zdravilo, ki so ga jemali vojaki, piloti in drugi, da bi si pridobili potreben po\u010ditek za zdravni\u0161ko okrevanje ali na\u010drtovani manevri in operacije 10. Ne glede na to je temazepam postalo eno najpogosteje predpisovanih zdravil po vsem svetu, z milijoni receptov napisanih vsako leto. Na \u017ealost ima temazepam \u2013 tako kot mnogi drugi benzodiazepini \u2013 zaradi svoje \u0161iroke uporabe in nelo\u010dljive narave farmakolo\u0161kih u\u010dinkov velik potencial za zlorabo in lahko povzro\u010di, da uporabniki razvijejo toleranco na zdravila, fizi\u010dno odvisnost in zasvojenost.<\/p>\n<p>GroupsApproved, InvestigationalStructureSmall Molecules<\/p>\n<div class=\"structure\"><a class=\"moldbi-vector-thumbnail\" href=\"https:\/\/go.drugbank.com\/structures\/DB00231\/image.svg\"><img decoding=\"async\" src=\"https:\/\/go.drugbank.com\/structures\/DB00231\/thumb.svg\" alt=\"Thumb\" \/><\/a><\/div>\n<dl class=\"right-dl col- xl-6 col-lg-12\"><\/dl>\n<\/p><\/div>\n<div class=\"product-prev\"><strong>temazepam (restoril), temazepam restoril, restoril temazepam, temazepam (restoril) ne\u017eeleni u\u010dinki, temazepam (restoril, kupi restoril temazepam na spletu, kupi temazepam (restoril), generic restoril temazepam, temazepam restoril kupi, restoril (temazepam) 30mg naprodaj, je temazepam enako kot restoril, temazepam (restoril) davis, temazepam (restoril) pill bott e, kje lahko kupite temazepam (restoril), temazepam (restoril) cvs, temazepam (restoril) kupite, temazepam enako kot restoril, temazepam (restoril)\u00a0<img decoding=\"async\" class=\"emoji\" role=\"img\" src=\"https:\/ \/sworg\/images\/core\/emoji\/13.1.0\/svg\/2714.svg\" alt=\"\u2714\" \/>\u00a0<img decoding=\"async\" class=\"emoji\" role=\"img\" src=\"https:\/\/sworg\/images \/core\/emoji\/13.1.0\/svg\/2714.svg\" alt=\"\u2714\" \/>\u00a0<img decoding=\"async\" class=\"emoji\" role=\"img\" src=\"https:\/\/sworg\/images\/core\/emoji\/ 13.1.0\/svg\/2714.svg\" alt=\"\u2714\" \/>, restoril temazepam 30 mg, varna alternativa restoril (temazepam), temazepam (restoril) cena, temazepam (restoril) otc, temazepam restoril ne\u017eeleni u\u010dinki, temazepam (otrobi) ime restoril), restoril (temazepam)<\/strong><\/div><\/div>\n<div class=\"product-next-previous\">\n<div class=\"product-prev\"><\/div><\/div>\n","protected":false},"excerpt":{"rendered":"<p>Nakup tablet Restoril 30 mg Temezepam lahko kupite na spletu.<\/p>\n<p> Blagovna znamka:\u00a0<strong>Restoril<\/strong><br \/> Generi\u010dno:\u00a0<strong>Temazepam<\/strong><br \/> Mo\u010d Na voljo: 30 mg<br \/> Pakiranje: pretisni omot<br \/> Izdelal: Novartis<\/p>\n<p>&nbsp;<\/p>\n","protected":false},"featured_media":5319,"comment_status":"open","ping_status":"closed","template":"","meta":[],"product_brand":[],"product_cat":[1117],"product_tag":[1851,1853,1854,1852,1860,1861,1855,1856,1857,1858,1859,1862,1863,1864,1865,1866,1867,1868,1869,1870,1871,1872,1873,1874,1875,1876,1877,1878],"class_list":{"0":"post-5309","1":"product","2":"type-product","3":"status-publish","4":"has-post-thumbnail","6":"product_cat-kupite-tablete-proti-bolecinam-spanju-seksu","7":"product_tag-buy-restoril-temazepam-online","8":"product_tag-generic-restoril-temazepam","9":"product_tag-is-temazepam-the-same-as-restoril","10":"product_tag-kupi-temazepam-restoril","11":"product_tag-restoril-tablet-online","12":"product_tag-restoril-temazepam","13":"product_tag-over-the-counter-substitute-for-temazepam","14":"product_tag-restoril-temazepam-30mg-na-prodaj","15":"product_tag-restoril-15-mg","16":"product_tag-restoril-15-mg-na-spletu","17":"product_tag-restoril-30-mg-cena","18":"product_tag-restoril-temazepam-30-mg","19":"product_tag-safe-alternative-to-restoril-temazepam","20":"product_tag-temazepam-brand-name-restoril","21":"product_tag-temazepam-restoril","22":"product_tag-temazepam-restoril---","23":"product_tag-temazepam-restoril-cvs","24":"product_tag-temazepam-restoril-davis","25":"product_tag-temazepam-restoril-otc","26":"product_tag-temazepam-restoril-pill-bottle","27":"product_tag-temazepam-restoril-price","28":"product_tag-temazepam-restoril-side-effects","29":"product_tag-temazepam-30-mg","30":"product_tag-temazepam-30-mg-side-effects","31":"product_tag-temazepam-restoril-buy","32":"product_tag-temazepam-same-as-restoril","33":"product_tag-temazepam-weight-loss","34":"product_tag-where-can-you-buy-temazepam-restoril","36":"first","37":"instock","38":"shipping-taxable","39":"purchasable","40":"product-type-variable","41":"has-default-attributes"},"yoast_head":"<!-- This site is optimized with the Yoast SEO plugin v27.3 - https:\/\/yoast.com\/product\/yoast-seo-wordpress\/ -->\n<title>Kupite tablete Restoril 30 mg Temazepam - Best Best Global Meds<\/title>\n<meta name=\"description\" content=\"Tableta z odtisom RESTORIL 30 mg M FOR SLEEP je modra \/ rjava, v obliki kapsule in je bila ozna\u010dena kot Restoril 30 mg. Kupi RESTORIL 30 mg M ZA SPANJE.\" \/>\n<meta name=\"robots\" content=\"index, follow, max-snippet:-1, max-image-preview:large, max-video-preview:-1\" \/>\n<link rel=\"canonical\" href=\"https:\/\/medicinasinc.com\/sl\/product\/kupi-restoril-30-mg-temazepam-tablete\/\" \/>\n<meta property=\"og:locale\" content=\"en_US\" \/>\n<meta property=\"og:type\" content=\"article\" \/>\n<meta property=\"og:title\" content=\"Kupite tablete Restoril 30 mg Temazepam - Best Best Global Meds\" \/>\n<meta property=\"og:description\" content=\"Tableta z odtisom RESTORIL 30 mg M FOR SLEEP je modra \/ rjava, v obliki kapsule in je bila ozna\u010dena kot Restoril 30 mg. Kupi RESTORIL 30 mg M ZA SPANJE.\" \/>\n<meta property=\"og:url\" content=\"https:\/\/medicinasinc.com\/sl\/product\/kupi-restoril-30-mg-temazepam-tablete\/\" \/>\n<meta property=\"og:site_name\" content=\"Medicinas Inc\" \/>\n<meta property=\"article:modified_time\" content=\"2022-03-19T00:37:59+00:00\" \/>\n<meta property=\"og:image\" content=\"https:\/\/medicinasinc.com\/sl\/wp-content\/uploads\/sites\/7\/2022\/02\/Buy-Restoril-30-mg-Temazepam-pills.jpg\" \/>\n\t<meta property=\"og:image:width\" content=\"2064\" \/>\n\t<meta property=\"og:image:height\" content=\"1073\" \/>\n\t<meta property=\"og:image:type\" content=\"image\/jpeg\" \/>\n<meta name=\"twitter:card\" content=\"summary_large_image\" \/>\n<meta name=\"twitter:label1\" content=\"Est. reading time\" \/>\n\t<meta name=\"twitter:data1\" content=\"3 minutes\" \/>\n<script type=\"application\/ld+json\" class=\"yoast-schema-graph\">{\"@context\":\"https:\\\/\\\/schema.org\",\"@graph\":[{\"@type\":\"WebPage\",\"@id\":\"https:\\\/\\\/medicinasinc.com\\\/sl\\\/product\\\/kupi-restoril-30-mg-temazepam-tablete\\\/\",\"url\":\"https:\\\/\\\/medicinasinc.com\\\/sl\\\/product\\\/kupi-restoril-30-mg-temazepam-tablete\\\/\",\"name\":\"Kupite tablete Restoril 30 mg Temazepam - Best Best Global Meds\",\"isPartOf\":{\"@id\":\"https:\\\/\\\/medicinasinc.com\\\/sl\\\/#website\"},\"primaryImageOfPage\":{\"@id\":\"https:\\\/\\\/medicinasinc.com\\\/sl\\\/product\\\/kupi-restoril-30-mg-temazepam-tablete\\\/#primaryimage\"},\"image\":{\"@id\":\"https:\\\/\\\/medicinasinc.com\\\/sl\\\/product\\\/kupi-restoril-30-mg-temazepam-tablete\\\/#primaryimage\"},\"thumbnailUrl\":\"https:\\\/\\\/medicinasinc.com\\\/sl\\\/wp-content\\\/uploads\\\/sites\\\/7\\\/2022\\\/02\\\/Buy-Restoril-30-mg-Temazepam-pills.jpg\",\"datePublished\":\"2022-02-21T18:36:34+00:00\",\"dateModified\":\"2022-03-19T00:37:59+00:00\",\"description\":\"Tableta z odtisom RESTORIL 30 mg M FOR SLEEP je modra \\\/ rjava, v obliki kapsule in je bila ozna\u010dena kot Restoril 30 mg. Kupi RESTORIL 30 mg M ZA SPANJE.\",\"breadcrumb\":{\"@id\":\"https:\\\/\\\/medicinasinc.com\\\/sl\\\/product\\\/kupi-restoril-30-mg-temazepam-tablete\\\/#breadcrumb\"},\"inLanguage\":\"en-US\",\"potentialAction\":[{\"@type\":\"ReadAction\",\"target\":[\"https:\\\/\\\/medicinasinc.com\\\/sl\\\/product\\\/kupi-restoril-30-mg-temazepam-tablete\\\/\"]}]},{\"@type\":\"ImageObject\",\"inLanguage\":\"en-US\",\"@id\":\"https:\\\/\\\/medicinasinc.com\\\/sl\\\/product\\\/kupi-restoril-30-mg-temazepam-tablete\\\/#primaryimage\",\"url\":\"https:\\\/\\\/medicinasinc.com\\\/sl\\\/wp-content\\\/uploads\\\/sites\\\/7\\\/2022\\\/02\\\/Buy-Restoril-30-mg-Temazepam-pills.jpg\",\"contentUrl\":\"https:\\\/\\\/medicinasinc.com\\\/sl\\\/wp-content\\\/uploads\\\/sites\\\/7\\\/2022\\\/02\\\/Buy-Restoril-30-mg-Temazepam-pills.jpg\",\"width\":2064,\"height\":1073},{\"@type\":\"BreadcrumbList\",\"@id\":\"https:\\\/\\\/medicinasinc.com\\\/sl\\\/product\\\/kupi-restoril-30-mg-temazepam-tablete\\\/#breadcrumb\",\"itemListElement\":[{\"@type\":\"ListItem\",\"position\":1,\"name\":\"Nakupujte\",\"item\":\"https:\\\/\\\/medicinasinc.com\\\/sl\\\/nakupujte\\\/\"},{\"@type\":\"ListItem\",\"position\":2,\"name\":\"Kupite tablete Restoril 30 mg Temazepam\"}]},{\"@type\":\"WebSite\",\"@id\":\"https:\\\/\\\/medicinasinc.com\\\/sl\\\/#website\",\"url\":\"https:\\\/\\\/medicinasinc.com\\\/sl\\\/\",\"name\":\"Medicinas Inc\",\"description\":\"Health Medical Clinic\",\"potentialAction\":[{\"@type\":\"SearchAction\",\"target\":{\"@type\":\"EntryPoint\",\"urlTemplate\":\"https:\\\/\\\/medicinasinc.com\\\/sl\\\/?s={search_term_string}\"},\"query-input\":{\"@type\":\"PropertyValueSpecification\",\"valueRequired\":true,\"valueName\":\"search_term_string\"}}],\"inLanguage\":\"en-US\"}]}<\/script>\n<!-- \/ Yoast SEO plugin. -->","yoast_head_json":{"title":"Kupite tablete Restoril 30 mg Temazepam - Best Best Global Meds","description":"Tableta z odtisom RESTORIL 30 mg M FOR SLEEP je modra \/ rjava, v obliki kapsule in je bila ozna\u010dena kot Restoril 30 mg. Kupi RESTORIL 30 mg M ZA SPANJE.","robots":{"index":"index","follow":"follow","max-snippet":"max-snippet:-1","max-image-preview":"max-image-preview:large","max-video-preview":"max-video-preview:-1"},"canonical":"https:\/\/medicinasinc.com\/sl\/product\/kupi-restoril-30-mg-temazepam-tablete\/","og_locale":"en_US","og_type":"article","og_title":"Kupite tablete Restoril 30 mg Temazepam - Best Best Global Meds","og_description":"Tableta z odtisom RESTORIL 30 mg M FOR SLEEP je modra \/ rjava, v obliki kapsule in je bila ozna\u010dena kot Restoril 30 mg. Kupi RESTORIL 30 mg M ZA SPANJE.","og_url":"https:\/\/medicinasinc.com\/sl\/product\/kupi-restoril-30-mg-temazepam-tablete\/","og_site_name":"Medicinas Inc","article_modified_time":"2022-03-19T00:37:59+00:00","og_image":[{"width":2064,"height":1073,"url":"https:\/\/medicinasinc.com\/sl\/wp-content\/uploads\/sites\/7\/2022\/02\/Buy-Restoril-30-mg-Temazepam-pills.jpg","type":"image\/jpeg"}],"twitter_card":"summary_large_image","twitter_misc":{"Est. reading time":"3 minutes"},"schema":{"@context":"https:\/\/schema.org","@graph":[{"@type":"WebPage","@id":"https:\/\/medicinasinc.com\/sl\/product\/kupi-restoril-30-mg-temazepam-tablete\/","url":"https:\/\/medicinasinc.com\/sl\/product\/kupi-restoril-30-mg-temazepam-tablete\/","name":"Kupite tablete Restoril 30 mg Temazepam - Best Best Global Meds","isPartOf":{"@id":"https:\/\/medicinasinc.com\/sl\/#website"},"primaryImageOfPage":{"@id":"https:\/\/medicinasinc.com\/sl\/product\/kupi-restoril-30-mg-temazepam-tablete\/#primaryimage"},"image":{"@id":"https:\/\/medicinasinc.com\/sl\/product\/kupi-restoril-30-mg-temazepam-tablete\/#primaryimage"},"thumbnailUrl":"https:\/\/medicinasinc.com\/sl\/wp-content\/uploads\/sites\/7\/2022\/02\/Buy-Restoril-30-mg-Temazepam-pills.jpg","datePublished":"2022-02-21T18:36:34+00:00","dateModified":"2022-03-19T00:37:59+00:00","description":"Tableta z odtisom RESTORIL 30 mg M FOR SLEEP je modra \/ rjava, v obliki kapsule in je bila ozna\u010dena kot Restoril 30 mg. Kupi RESTORIL 30 mg M ZA SPANJE.","breadcrumb":{"@id":"https:\/\/medicinasinc.com\/sl\/product\/kupi-restoril-30-mg-temazepam-tablete\/#breadcrumb"},"inLanguage":"en-US","potentialAction":[{"@type":"ReadAction","target":["https:\/\/medicinasinc.com\/sl\/product\/kupi-restoril-30-mg-temazepam-tablete\/"]}]},{"@type":"ImageObject","inLanguage":"en-US","@id":"https:\/\/medicinasinc.com\/sl\/product\/kupi-restoril-30-mg-temazepam-tablete\/#primaryimage","url":"https:\/\/medicinasinc.com\/sl\/wp-content\/uploads\/sites\/7\/2022\/02\/Buy-Restoril-30-mg-Temazepam-pills.jpg","contentUrl":"https:\/\/medicinasinc.com\/sl\/wp-content\/uploads\/sites\/7\/2022\/02\/Buy-Restoril-30-mg-Temazepam-pills.jpg","width":2064,"height":1073},{"@type":"BreadcrumbList","@id":"https:\/\/medicinasinc.com\/sl\/product\/kupi-restoril-30-mg-temazepam-tablete\/#breadcrumb","itemListElement":[{"@type":"ListItem","position":1,"name":"Nakupujte","item":"https:\/\/medicinasinc.com\/sl\/nakupujte\/"},{"@type":"ListItem","position":2,"name":"Kupite tablete Restoril 30 mg Temazepam"}]},{"@type":"WebSite","@id":"https:\/\/medicinasinc.com\/sl\/#website","url":"https:\/\/medicinasinc.com\/sl\/","name":"Medicinas Inc","description":"Health Medical Clinic","potentialAction":[{"@type":"SearchAction","target":{"@type":"EntryPoint","urlTemplate":"https:\/\/medicinasinc.com\/sl\/?s={search_term_string}"},"query-input":{"@type":"PropertyValueSpecification","valueRequired":true,"valueName":"search_term_string"}}],"inLanguage":"en-US"}]}},"_links":{"self":[{"href":"https:\/\/medicinasinc.com\/sl\/wp-json\/wp\/v2\/product\/5309","targetHints":{"allow":["GET"]}}],"collection":[{"href":"https:\/\/medicinasinc.com\/sl\/wp-json\/wp\/v2\/product"}],"about":[{"href":"https:\/\/medicinasinc.com\/sl\/wp-json\/wp\/v2\/types\/product"}],"replies":[{"embeddable":true,"href":"https:\/\/medicinasinc.com\/sl\/wp-json\/wp\/v2\/comments?post=5309"}],"wp:featuredmedia":[{"embeddable":true,"href":"https:\/\/medicinasinc.com\/sl\/wp-json\/wp\/v2\/media\/5319"}],"wp:attachment":[{"href":"https:\/\/medicinasinc.com\/sl\/wp-json\/wp\/v2\/media?parent=5309"}],"wp:term":[{"taxonomy":"product_brand","embeddable":true,"href":"https:\/\/medicinasinc.com\/sl\/wp-json\/wp\/v2\/product_brand?post=5309"},{"taxonomy":"product_cat","embeddable":true,"href":"https:\/\/medicinasinc.com\/sl\/wp-json\/wp\/v2\/product_cat?post=5309"},{"taxonomy":"product_tag","embeddable":true,"href":"https:\/\/medicinasinc.com\/sl\/wp-json\/wp\/v2\/product_tag?post=5309"}],"curies":[{"name":"wp","href":"https:\/\/api.w.org\/{rel}","templated":true}]}}