{"id":5296,"date":"2022-02-21T18:20:49","date_gmt":"2022-02-21T18:20:49","guid":{"rendered":"https:\/\/medicinasinc.com\/sl\/?post_type=product&#038;p=5296"},"modified":"2022-03-19T00:38:08","modified_gmt":"2022-03-19T00:38:08","slug":"kupi-fenida-10mg-tablete","status":"publish","type":"product","link":"https:\/\/medicinasinc.com\/sl\/product\/kupi-fenida-10mg-tablete\/","title":{"rendered":"Kupite tablete Phenida 10 mg"},"content":{"rendered":"<p>Phenida (metilfenidat hcl) 10mg tablete lahko kupite na internetu.<\/p>\n<p>Imamo najbolj\u0161o spletno lekarno, kjer lahko kupite Phenida, zato jo kupite zdaj.<\/p>\n<p>PHENIDA je. zdravilo, ki pomaga ljudem z ADD\/ADHD. Tukaj lahko najdete ve\u010d informacij o ADD\/ADHD in drugih fenidah.<\/p>\n<p>ADD\/ADHD:<\/p>\n<p>\u010ce imate ADHD, morda ne boste mogli zadr\u017eati pozornosti, preve\u010d aktivni ali ne morete nadzorovati svojega vedenja. Starost in razvoj osebe ne moreta povzro\u010diti teh te\u017eav ADHD, \u010de so zunaj normalnega obsega za starost ali razvoj te osebe.<\/p>\n<p>Zdravila za ADD in ADHD? To spletno mesto prodaja fenido (metilfenidat hcl) 10 mg.<\/p>\n<p>Motnja s hiperaktivnostjo s pomanjkanjem pozornosti (ADHD) je ena najpogostej\u0161ih motenj v otro\u0161tvu in lahko traja tudi v adolescenci in odrasli dobi. Med simptomi so te\u017eave z ohranjanjem osredoto\u010denosti in pozornosti, te\u017eave z nadzorovanjem vedenja in hiperaktivnost (prekomerna aktivnost).<\/p>\n<p>\u010ce \u017eelite kupiti tablete ADD (motnja pozornosti) na spletu brez recepta, lahko obi\u0161\u010dete spletno mesto .<\/p>\n<p>Naslednje so razli\u010dne vrste metilfenidata: metilfenidat HCL, metilfenidat HCL, metilfenidat HCL ER, metilfenidat HCL, metilfenidat HCL, metilfenidat HCL, metilfenidat HCL, metilfenidat HCL10metilfenidat HCL10 metilfenidat HCL20. Ko kupujete tablete metilfenidat hcl, kaj so? metilfenidat hcl 20 mg, metilfenidat hcl 18 mg, metilfenidat hcl er cd, metilfenidat hcl 10 mg, metilfenidat hcl dozirne oblike in metilfenidat hcl 18 mg, so nekatera vpra\u0161anja ljudi proti metilfenidatu.<\/p>\n","protected":false},"excerpt":{"rendered":"<div class=\"woocommerce-product-details__short-description\">\n<p>Phenida 10mg tablete lahko kupite na spletu. uspavalne tablete brez recepta, spletna lekarna uk, steroidne tablete za prodajo, mo\u010dne uspavalne tablete, zdravila za laj\u0161anje bole\u010din.<\/p>\n<\/p><\/div>\n","protected":false},"featured_media":5307,"comment_status":"open","ping_status":"closed","template":"","meta":[],"product_brand":[],"product_cat":[1117],"product_tag":[1795,1796,1797,1798,1799,1800,1801,1804,1805,1806,1807,1808,1809,1802,1810,1811,1812,1813,1814,1815,1816,1817,1818,1819,1820,1821,1822,1823,1824,1825,1826,1827,1828,1803,1829,1830,1831,1832,1833,1834,1835,1836,1837,1838,1839,1840,1841,1842,1843,1844,1845,1794,1846,1847,1848,1849,1850],"class_list":{"0":"post-5296","1":"product","2":"type-product","3":"status-publish","4":"has-post-thumbnail","6":"product_cat-kupite-tablete-proti-bolecinam-spanju-seksu","7":"product_tag-adhd","8":"product_tag-najbolji-fenida-metilfenidat-hcl-10mg-na-spletu","9":"product_tag-bolgarija-fenida","10":"product_tag-buy-phenida","11":"product_tag-buy-phenida-methylphenidate-hcl-10mg-online","12":"product_tag-buy-phenida-online","13":"product_tag-buy-phenidano-prescription","14":"product_tag-generic-ritalin-phenida","15":"product_tag-generic-phenida","16":"product_tag-is-focalin-also-called-phenida","17":"product_tag-is-phenida-same-adderal","18":"product_tag-je-fenida-isti-kot-ritalin","19":"product_tag-je-fenida-same-asadder","20":"product_tag-kupi-fenida-10mg","21":"product_tag-methylphenidate-hcl","22":"product_tag-methylphenidate-hcl-10mg","23":"product_tag-methylphenidate-hcl-18mg","24":"product_tag-methylphenidate-hcl-20-mg","25":"product_tag-methylphenidate-hcl-20mg","26":"product_tag-methylphenidate-hcl-5mg","27":"product_tag-methylphenidate-hcl-cd","28":"product_tag-methylphenidate-hcl-dosage-forms","29":"product_tag-methylphenidate-hcl-er","30":"product_tag-methylphenidate-hcl-er-10-mg","31":"product_tag-methylphenidate-hcl-er-18-mg","32":"product_tag-methylphenidate-hcl-er-20-mg","33":"product_tag-methylphenidate-hcl-er-27-mg","34":"product_tag-methylphenidate-hcl-er-36-mg","35":"product_tag-methylphenidate-hcl-er-54-mg","36":"product_tag-methylphenidate-hcl-er-cd","37":"product_tag-methylphenidate-hcl-er-tablets","38":"product_tag-methylphenidate-hcl-side-effects","39":"product_tag-methylphenidate-vs-methylphenidate-hcl","40":"product_tag-buyphenidacredit-card","41":"product_tag-no-prescriptions","42":"product_tag-orderphenida","43":"product_tag-phenida","44":"product_tag-phenida-methylphenidate-hcl-10mg","45":"product_tag-phenida-methylphenidate-hcl-10mg-for-sale-online","46":"product_tag-phenida-methylphenidate-hcl-10mg-price","47":"product_tag-phenida-methylphenidate-hcl-10mg-review","48":"product_tag-phenida-bottle","49":"product_tag-phenida-bulgeria","50":"product_tag-phenida-no-prescription","51":"product_tag-phenida-online","52":"product_tag-phenida-online-trusted-pharmacy","53":"product_tag-phenida-online-trusted-pharmacy-bitcoin","54":"product_tag-phenida-reviews","55":"product_tag-phenida-ritalin","56":"product_tag-phenida-ritalin-zafa","57":"product_tag-phenida-zafa","58":"product_tag-sprejema-paypal","59":"product_tag-what-does-phenida-meaning","60":"product_tag-what-is-methylphenidate-hcl","61":"product_tag-what-is-phenida","62":"product_tag-where-to-buy-phenida","63":"product_tag-zafa-phenida","65":"first","66":"instock","67":"shipping-taxable","68":"purchasable","69":"product-type-variable","70":"has-default-attributes"},"yoast_head":"<!-- This site is optimized with the Yoast SEO plugin v27.3 - https:\/\/yoast.com\/product\/yoast-seo-wordpress\/ -->\n<title>Kupite tablete Phenida 10 mg - najbolj\u0161a najbolj\u0161a zdravila na svetu<\/title>\n<meta name=\"description\" content=\"Kupite tablete Phenida 10 mg na spletu. uspavalne tablete brez recepta, naro\u010dite tablete na spletu, steroidne tablete za prodajo, mo\u010dne uspavalne tablete, zdravila za laj\u0161anje bole\u010din, spletna lekarna uk.\" \/>\n<meta name=\"robots\" content=\"index, follow, max-snippet:-1, max-image-preview:large, max-video-preview:-1\" \/>\n<link rel=\"canonical\" href=\"https:\/\/medicinasinc.com\/sl\/product\/kupi-fenida-10mg-tablete\/\" \/>\n<meta property=\"og:locale\" content=\"en_US\" \/>\n<meta property=\"og:type\" content=\"article\" \/>\n<meta property=\"og:title\" content=\"Kupite tablete Phenida 10 mg - najbolj\u0161a najbolj\u0161a zdravila na svetu\" \/>\n<meta property=\"og:description\" content=\"Kupite tablete Phenida 10 mg na spletu. uspavalne tablete brez recepta, naro\u010dite tablete na spletu, steroidne tablete za prodajo, mo\u010dne uspavalne tablete, zdravila za laj\u0161anje bole\u010din, spletna lekarna uk.\" \/>\n<meta property=\"og:url\" content=\"https:\/\/medicinasinc.com\/sl\/product\/kupi-fenida-10mg-tablete\/\" \/>\n<meta property=\"og:site_name\" content=\"Medicinas Inc\" \/>\n<meta property=\"article:modified_time\" content=\"2022-03-19T00:38:08+00:00\" \/>\n<meta property=\"og:image\" content=\"https:\/\/medicinasinc.com\/sl\/wp-content\/uploads\/sites\/7\/2022\/02\/buy-phenida-10mg-pills-online.jpg\" \/>\n\t<meta property=\"og:image:width\" content=\"600\" \/>\n\t<meta property=\"og:image:height\" content=\"600\" \/>\n\t<meta property=\"og:image:type\" content=\"image\/jpeg\" \/>\n<meta name=\"twitter:card\" content=\"summary_large_image\" \/>\n<meta name=\"twitter:label1\" content=\"Est. reading time\" \/>\n\t<meta name=\"twitter:data1\" content=\"2 minutes\" \/>\n<script type=\"application\/ld+json\" class=\"yoast-schema-graph\">{\"@context\":\"https:\\\/\\\/schema.org\",\"@graph\":[{\"@type\":\"WebPage\",\"@id\":\"https:\\\/\\\/medicinasinc.com\\\/sl\\\/product\\\/kupi-fenida-10mg-tablete\\\/\",\"url\":\"https:\\\/\\\/medicinasinc.com\\\/sl\\\/product\\\/kupi-fenida-10mg-tablete\\\/\",\"name\":\"Kupite tablete Phenida 10 mg - najbolj\u0161a najbolj\u0161a zdravila na svetu\",\"isPartOf\":{\"@id\":\"https:\\\/\\\/medicinasinc.com\\\/sl\\\/#website\"},\"primaryImageOfPage\":{\"@id\":\"https:\\\/\\\/medicinasinc.com\\\/sl\\\/product\\\/kupi-fenida-10mg-tablete\\\/#primaryimage\"},\"image\":{\"@id\":\"https:\\\/\\\/medicinasinc.com\\\/sl\\\/product\\\/kupi-fenida-10mg-tablete\\\/#primaryimage\"},\"thumbnailUrl\":\"https:\\\/\\\/medicinasinc.com\\\/sl\\\/wp-content\\\/uploads\\\/sites\\\/7\\\/2022\\\/02\\\/buy-phenida-10mg-pills-online.jpg\",\"datePublished\":\"2022-02-21T18:20:49+00:00\",\"dateModified\":\"2022-03-19T00:38:08+00:00\",\"description\":\"Kupite tablete Phenida 10 mg na spletu. uspavalne tablete brez recepta, naro\u010dite tablete na spletu, steroidne tablete za prodajo, mo\u010dne uspavalne tablete, zdravila za laj\u0161anje bole\u010din, spletna lekarna uk.\",\"breadcrumb\":{\"@id\":\"https:\\\/\\\/medicinasinc.com\\\/sl\\\/product\\\/kupi-fenida-10mg-tablete\\\/#breadcrumb\"},\"inLanguage\":\"en-US\",\"potentialAction\":[{\"@type\":\"ReadAction\",\"target\":[\"https:\\\/\\\/medicinasinc.com\\\/sl\\\/product\\\/kupi-fenida-10mg-tablete\\\/\"]}]},{\"@type\":\"ImageObject\",\"inLanguage\":\"en-US\",\"@id\":\"https:\\\/\\\/medicinasinc.com\\\/sl\\\/product\\\/kupi-fenida-10mg-tablete\\\/#primaryimage\",\"url\":\"https:\\\/\\\/medicinasinc.com\\\/sl\\\/wp-content\\\/uploads\\\/sites\\\/7\\\/2022\\\/02\\\/buy-phenida-10mg-pills-online.jpg\",\"contentUrl\":\"https:\\\/\\\/medicinasinc.com\\\/sl\\\/wp-content\\\/uploads\\\/sites\\\/7\\\/2022\\\/02\\\/buy-phenida-10mg-pills-online.jpg\",\"width\":600,\"height\":600},{\"@type\":\"BreadcrumbList\",\"@id\":\"https:\\\/\\\/medicinasinc.com\\\/sl\\\/product\\\/kupi-fenida-10mg-tablete\\\/#breadcrumb\",\"itemListElement\":[{\"@type\":\"ListItem\",\"position\":1,\"name\":\"Nakupujte\",\"item\":\"https:\\\/\\\/medicinasinc.com\\\/sl\\\/nakupujte\\\/\"},{\"@type\":\"ListItem\",\"position\":2,\"name\":\"Kupite tablete Phenida 10 mg\"}]},{\"@type\":\"WebSite\",\"@id\":\"https:\\\/\\\/medicinasinc.com\\\/sl\\\/#website\",\"url\":\"https:\\\/\\\/medicinasinc.com\\\/sl\\\/\",\"name\":\"Medicinas Inc\",\"description\":\"Health Medical Clinic\",\"potentialAction\":[{\"@type\":\"SearchAction\",\"target\":{\"@type\":\"EntryPoint\",\"urlTemplate\":\"https:\\\/\\\/medicinasinc.com\\\/sl\\\/?s={search_term_string}\"},\"query-input\":{\"@type\":\"PropertyValueSpecification\",\"valueRequired\":true,\"valueName\":\"search_term_string\"}}],\"inLanguage\":\"en-US\"}]}<\/script>\n<!-- \/ Yoast SEO plugin. -->","yoast_head_json":{"title":"Kupite tablete Phenida 10 mg - najbolj\u0161a najbolj\u0161a zdravila na svetu","description":"Kupite tablete Phenida 10 mg na spletu. uspavalne tablete brez recepta, naro\u010dite tablete na spletu, steroidne tablete za prodajo, mo\u010dne uspavalne tablete, zdravila za laj\u0161anje bole\u010din, spletna lekarna uk.","robots":{"index":"index","follow":"follow","max-snippet":"max-snippet:-1","max-image-preview":"max-image-preview:large","max-video-preview":"max-video-preview:-1"},"canonical":"https:\/\/medicinasinc.com\/sl\/product\/kupi-fenida-10mg-tablete\/","og_locale":"en_US","og_type":"article","og_title":"Kupite tablete Phenida 10 mg - najbolj\u0161a najbolj\u0161a zdravila na svetu","og_description":"Kupite tablete Phenida 10 mg na spletu. uspavalne tablete brez recepta, naro\u010dite tablete na spletu, steroidne tablete za prodajo, mo\u010dne uspavalne tablete, zdravila za laj\u0161anje bole\u010din, spletna lekarna uk.","og_url":"https:\/\/medicinasinc.com\/sl\/product\/kupi-fenida-10mg-tablete\/","og_site_name":"Medicinas Inc","article_modified_time":"2022-03-19T00:38:08+00:00","og_image":[{"width":600,"height":600,"url":"https:\/\/medicinasinc.com\/sl\/wp-content\/uploads\/sites\/7\/2022\/02\/buy-phenida-10mg-pills-online.jpg","type":"image\/jpeg"}],"twitter_card":"summary_large_image","twitter_misc":{"Est. reading time":"2 minutes"},"schema":{"@context":"https:\/\/schema.org","@graph":[{"@type":"WebPage","@id":"https:\/\/medicinasinc.com\/sl\/product\/kupi-fenida-10mg-tablete\/","url":"https:\/\/medicinasinc.com\/sl\/product\/kupi-fenida-10mg-tablete\/","name":"Kupite tablete Phenida 10 mg - najbolj\u0161a najbolj\u0161a zdravila na svetu","isPartOf":{"@id":"https:\/\/medicinasinc.com\/sl\/#website"},"primaryImageOfPage":{"@id":"https:\/\/medicinasinc.com\/sl\/product\/kupi-fenida-10mg-tablete\/#primaryimage"},"image":{"@id":"https:\/\/medicinasinc.com\/sl\/product\/kupi-fenida-10mg-tablete\/#primaryimage"},"thumbnailUrl":"https:\/\/medicinasinc.com\/sl\/wp-content\/uploads\/sites\/7\/2022\/02\/buy-phenida-10mg-pills-online.jpg","datePublished":"2022-02-21T18:20:49+00:00","dateModified":"2022-03-19T00:38:08+00:00","description":"Kupite tablete Phenida 10 mg na spletu. uspavalne tablete brez recepta, naro\u010dite tablete na spletu, steroidne tablete za prodajo, mo\u010dne uspavalne tablete, zdravila za laj\u0161anje bole\u010din, spletna lekarna uk.","breadcrumb":{"@id":"https:\/\/medicinasinc.com\/sl\/product\/kupi-fenida-10mg-tablete\/#breadcrumb"},"inLanguage":"en-US","potentialAction":[{"@type":"ReadAction","target":["https:\/\/medicinasinc.com\/sl\/product\/kupi-fenida-10mg-tablete\/"]}]},{"@type":"ImageObject","inLanguage":"en-US","@id":"https:\/\/medicinasinc.com\/sl\/product\/kupi-fenida-10mg-tablete\/#primaryimage","url":"https:\/\/medicinasinc.com\/sl\/wp-content\/uploads\/sites\/7\/2022\/02\/buy-phenida-10mg-pills-online.jpg","contentUrl":"https:\/\/medicinasinc.com\/sl\/wp-content\/uploads\/sites\/7\/2022\/02\/buy-phenida-10mg-pills-online.jpg","width":600,"height":600},{"@type":"BreadcrumbList","@id":"https:\/\/medicinasinc.com\/sl\/product\/kupi-fenida-10mg-tablete\/#breadcrumb","itemListElement":[{"@type":"ListItem","position":1,"name":"Nakupujte","item":"https:\/\/medicinasinc.com\/sl\/nakupujte\/"},{"@type":"ListItem","position":2,"name":"Kupite tablete Phenida 10 mg"}]},{"@type":"WebSite","@id":"https:\/\/medicinasinc.com\/sl\/#website","url":"https:\/\/medicinasinc.com\/sl\/","name":"Medicinas Inc","description":"Health Medical Clinic","potentialAction":[{"@type":"SearchAction","target":{"@type":"EntryPoint","urlTemplate":"https:\/\/medicinasinc.com\/sl\/?s={search_term_string}"},"query-input":{"@type":"PropertyValueSpecification","valueRequired":true,"valueName":"search_term_string"}}],"inLanguage":"en-US"}]}},"_links":{"self":[{"href":"https:\/\/medicinasinc.com\/sl\/wp-json\/wp\/v2\/product\/5296","targetHints":{"allow":["GET"]}}],"collection":[{"href":"https:\/\/medicinasinc.com\/sl\/wp-json\/wp\/v2\/product"}],"about":[{"href":"https:\/\/medicinasinc.com\/sl\/wp-json\/wp\/v2\/types\/product"}],"replies":[{"embeddable":true,"href":"https:\/\/medicinasinc.com\/sl\/wp-json\/wp\/v2\/comments?post=5296"}],"wp:featuredmedia":[{"embeddable":true,"href":"https:\/\/medicinasinc.com\/sl\/wp-json\/wp\/v2\/media\/5307"}],"wp:attachment":[{"href":"https:\/\/medicinasinc.com\/sl\/wp-json\/wp\/v2\/media?parent=5296"}],"wp:term":[{"taxonomy":"product_brand","embeddable":true,"href":"https:\/\/medicinasinc.com\/sl\/wp-json\/wp\/v2\/product_brand?post=5296"},{"taxonomy":"product_cat","embeddable":true,"href":"https:\/\/medicinasinc.com\/sl\/wp-json\/wp\/v2\/product_cat?post=5296"},{"taxonomy":"product_tag","embeddable":true,"href":"https:\/\/medicinasinc.com\/sl\/wp-json\/wp\/v2\/product_tag?post=5296"}],"curies":[{"name":"wp","href":"https:\/\/api.w.org\/{rel}","templated":true}]}}