{"id":5295,"date":"2022-02-21T18:18:17","date_gmt":"2022-02-21T18:18:17","guid":{"rendered":"https:\/\/medicinasinc.com\/sl\/?post_type=product&#038;p=5295"},"modified":"2022-03-19T00:38:22","modified_gmt":"2022-03-19T00:38:22","slug":"kupi-percocet-10mg-tablete","status":"publish","type":"product","link":"https:\/\/medicinasinc.com\/sl\/product\/kupi-percocet-10mg-tablete\/","title":{"rendered":"Kupite tablete Percocet 10 mg"},"content":{"rendered":"<h1 style=\"text-align: center\">Kupite tablete Percocet 10mg na spletu.<\/h1>\n<div class=\"Section\" style=\"text-align: center\">\n<h1>OPIS<\/h1>\n<p class=\"First\"><span class=\"Bold\">Oksikodon hidroklorid in acetaminofen sta na voljo v tabletah za peroralno uporabo.<\/span><\/p>\n<p>Vsaka tableta za peroralno uporabo vsebuje oksikodon hidroklorid in acetaminofen v naslednjih jakostih. :<\/p>\n<p>Oksikodon hidroklorid, USP\u00a0\u00a0\u00a0\u00a0\u00a0\u00a0\u00a0\u00a0\u00a0\u00a0\u00a0\u00a0 2,5 mg*<br \/> (*2,5 mg oksikodon hidroklorida je enakovredno 2,2409 mg oksikodona.)<br \/> Acetaminophen, USP\u00a0\u00a0 3 mg\u00a0\u00a0\u00a0\u00a0\u00a0\u00a0\u00a0\u00a0\u00a0\u00a0\u00a0\u00a0\u00a0\u00a0\u00a0\u00a0\u00a0\u00a0\u00a0\u00a0\u00a0\u00a0\u00a0\u00a0\u00a0\u00a0\u00a0\u00a0\u00a0\u00a0\u00a0\u00a0\u00a0\u00a0\u00a0\u00a0\u00a0\u00a0\u00a0\u00a0\u00a0\u00a0\u00a0\u00a0\u00a0\u00a0\u00a0\u00a0\u00a0\u00a0\u00a0\u00a0\u00a0\u00a0\u00a0\u00a0\u00a0\u00a0\u00a0\u00a0\u00a0\u00a0\u00a0\u00a0\u00a0\u00a0\u00a0Oksikodon hidroklorid, USP 5 mg * <br \/> (* 5 mg oksikodon hidroklorid je enak 4,4815 mg oksikodona.) <br \/> acetaminofen, USP 325 mg <\/p>\n<p> oksikodon hidroklorid, USP 7,5 mg * <br \/> (*7,5 mg oksikodon hidroklorida je enako 6,7228 mg oksikodona.)<br \/> Acetaminophen, USP\u00a0\u00a0\u00a0\u00a0\u00a0\u00a0\u00a0\u00a0\u00a0\u00a0\u00a0\u00a0\u00a0\u00a0\u00a0 \u00a0\u00a0\u00a0\u00a0\u00a0\u00a0\u00a0\u00a0\u00a0\u00a0\u00a0\u00a0 325 mg<\/p>\n<p>Oxyco idroklorid, USP\u00a0\u00a0\u00a0\u00a0\u00a0\u00a0\u00a0\u00a0\u00a0\u00a0\u00a0\u00a0 10 mg*<br \/> (*10 mg oksikodon hidroklorida je enakovredno 8,9637 mg oksikodona.)<br \/> Acetaminofen, USP\u00a0\u00a0\u00a0\u00a0\u00a0\u00a0\u00a0\u00a0\u00a0\u00a0\u00a0\u00a0\u00a0\u00a0\u00a0\u00a0\u00a0\u00a0\u00a0\u00a0\u00a0\u00a0\u00a0\u00a0\u00a0\u00a0\u00a0\u00a0\u00a0\u00a0\u00a0\u00a0\u00a0\u00a0\u00a0\u00a0\u00a0\u00a0\u00a0\u00a0\u00a0\u00a0\u00a0\u00a0\u00a0\u00a0\u00a0\u00a0\u00a0\u00a0\u00a0\u00a0\u00a0\u00a0\u00a0\u00a0\u00a0\u00a0\u00a0\u00a0\u00a0\u00a0\u00a0\u00a0\u00a0\u00a0\u00a0\u00a0\u00a0\u00a0\u00a0\u00a0\u00a0\u00a0\u00a0\u00a0\u00a0\u00a0\u00a0\u00a0\u00a0\u00a0\u00a0\u00a0\u00a0\u00a0\u00a0\u00a0\u00a0\u00a0\u00a0\u00a0\u00a0\u00a0\u00a0\u00a0\u00a0\u00a0\u00a0\u00a0\u00a0\u00a0\u00a0\u00a0\u00a0\u00a0\u00a0\u00a0\u00a0\u00a0\u00a0\u00a0\u00a0\u00a0\u00a0\u00a0\u00a0\u00a0\u00a0\u00a0\u00a0\u00a0\u00a0\u00a0\u00a0\u00a0\u00a0\u00a0\u00a0\u00a0\u00a0\u00a0\u00a0\u00a0\u00a0\u00a0\u00a0\u00a0\u00a0\u00a0\u00a0\u00a0\u00a0\u00a0\u00a0\u00a0\u00a0\u00a0\u00a0\u00a0\u00a0\u00a0\u00a0\u00a0\u00a0\u00a0\u00a0\u00a0\u00a0\u00a0\u00a0\u00a0\u00a0\u00a0\u00a0\u00a0&gt; mo\u010dan&gt;\u00a0vsebuje tudi naslednje neaktivne sestavine: koloidni silicijev dioksid, natrijev kroskarmeloza, mikrokristalna celuloza, povidon, pre\u017eelatiniziran koruzni \u0161krob in stearinska kislina. Lahko vsebuje tudi krospovidon. Poleg tega jakost 2,5 mg\/325 mg vsebuje FD&amp;C Red No. 40 Aluminium Lake in jakost 5 mg\/325 mg vsebuje FD&amp;C Blue No. 1 Aluminium Lake. Jakost 7,5 mg\/325 mg vsebuje FD&amp;C Yellow No. 6 Aluminium Lake. Jakost 10 mg\/325 mg vsebuje D&amp;C Yellow No. 10 Aluminium Lake. Jakost 7,5 mg\/325 mg in jakost 10 mg\/325 mg lahko vsebujeta tudi koruzni \u0161krob.<\/p>\n<p>Oksikodon hidroklorid in tablete acetaminofena vsebujejo oksikodon, 14-hidroksidihidrokodeinon, polsinteti\u010dni opioidni analgetik, ki se pojavlja kot bela do umazano bel fin kristalini\u010dni prah. Molekularna formula za oksikodon hidroklorid je C<span class=\"Sub\">18<\/span>H<span class=\"Sub\">21<\/span>NO<span class=\"Sub\">4<\/span>\u00a0\u2219 HCl in molekulska masa je 351,82. Izhaja iz opijskega alkaloida, tebaina, in ga lahko predstavlja naslednja strukturna formula:<\/p>\n<div class=\"Figure\"><img decoding=\"async\" src=\"https:\/\/www.endo.com\/Image%20Library \/Endo\/EndoPharma\/Products\/Prescribing_Information\/pert-oxy-and-apap-tab-usp-1.jpg\" alt=\"kemijska struktura oksikodon hidroklorida\" \/><\/div>\n<p>Oksikodon hidroklorid in tablete acetaminofena vsebujejo acetaminofen, 4\u2032-hidroksiacetanilid je neopiatni, nesalicilatni analgetik in antipiretik, ki se pojavlja kot bel kristalini\u010den prah brez vonja. Molekularna formula za acetaminofen je C<span class=\"Sub\">8<\/span>H<span class=\"Sub\">9<\/span>NO<span class=\"Sub\">2<\/span>\u00a0in molekulska masa je 151,16. Lahko ga predstavlja naslednja strukturna formula:<\/p>\n<div class=\"Figure\"><img decoding=\"async\" src=\"https:\/\/www.endo.com\/Image%20Library\/Endo\/EndoPharma\/Products\/Prescribing_Information\/pert -oxy-and-apap-tab-usp-2.jpg\" alt=\"Strukturna formula acetaminofena\" \/>&nbsp;<\/p>\n<p class=\"MultiMediaCaption\">Strukturna formula acetaminofena<\/p>\n<\/p><\/div><\/div>\n<div class=\"Section\" style=\"text-align: center\">\n<p>Vsaka tableta za peroralno uporabo vsebuje oksikodon hidroklorid in acetaminofen v naslednjih jakostih:<\/p>\n<p>Oksikodon hidroklorid, USP\u00a02,5 mg*<br \/> Acetaminophen, USP 325 mg<br \/> *2,5 mg oksikodona HCl je enakovredno 2,2409 mg oksikodona.<\/p>\n<p>Oksikodon hidroklorid, USP\u00a05 mg*<br \/> Acetaminophen, USP 325 mg<br \/> *5 mg oksikodona HCl je enako 4,4815 mg oksikodona.<\/p>\n<p>Oksikodon hidroklorid, USP\u00a07,5 mg*<br \/> Acetaminofen, USP 325 mg<br \/> *7,5 mg oksikodon HCl je enakovreden 6,7228 mg oksikodona.<\/p>\n<p>Oksikodon hidroklorid, USP\u00a010 mg*<br \/> Acetami nophen, USP 325 mg<br \/> *10 mg oksikodona HCl je enako 8,9637 mg oksikodona.<\/p>\n<p>Vse jakosti PERCOCET vsebujejo tudi naslednje neaktivne sestavine: Koloidni silicijev dioksid, natrijeva kroskarmeloza, krospovidon, mikrokristalna celuloza, povidon, pre\u017eelatiniziran koruzni \u0161krob in stearinska kislina. Poleg tega jakost 2,5 mg\/325 mg vsebuje FD&amp;C Red No. 40 Aluminium Lake, jakost 5 mg\/325 mg pa vsebuje FD&amp;C Blue No. 1 Aluminium Lake. Jakost 7,5 mg\/325 mg vsebuje FD&amp;C Yellow No. 6 Aluminium Lake. Jakost 10 mg\/325 mg vsebuje D&amp;C Yellow No. 10 Aluminium Lake. Jakosti 7,5 mg\/325 mg in 10 mg\/325 mg lahko vsebujejo tudi koruzni \u0161krob.<\/p>\n<p>Oksikodon, 14-hidroksidihidrokodeinon, je polsinteti\u010dni opioidni analgetik, ki se pojavlja kot bel kristalini\u010den prah brez vonja s fiziolo\u0161ko raztopino. , grenak okus. Molekulska formula za oksikodon hidroklorid je C<sub>18<\/sub>H<sub>21<\/sub>NO<sub>4<\/sub>\u2022HCl in molekulska masa je 351,82. Izhaja iz opijskega alkaloida tebaina in je lahko predstavljen z naslednjo strukturno formulo:<\/p>\n<p>&nbsp;<\/p>\n<table class=\"blackpic\">\n<tbody>\n<tr>\n<td><img loading=\"lazy\" decoding=\"async\" title=\"Oksikodon - ilustracija strukturne formule\" src=\"https:\/\/images.rxlist.com\/images\/rxlist\/oxyapap1.gif\" alt=\"Oksikodon - ilustracija strukturne formule\" width=\"256\" height=\"154\" \/><\/td>\n<\/tr>\n<\/tbody>\n<\/table>\n<p>&nbsp;<\/p>\n<p>Acetaminofen, 4\u2032-hidroksiacetanilid, ni\u00a0-opiatni,\u00a0nesalicilatni analgetik in\u00a0antipiretik\u00a0ki se pojavlja v obliki belega kristalnega prahu brez vonja in rahlo grenkega okusa. Molekulska formula za acetaminofen je C<sub>8<\/sub>H<sub>9<\/sub>NO<sub>2<\/sub>\u00a0in molekulska masa je 151,17. Lahko ga predstavi naslednja strukturna formula:<\/p>\n<p>&nbsp;<\/p>\n<table class=\"blackpic\" width=\"232\" cellspacing=\"0\">\n<tbody>\n<tr>\n<td> <img decoding=\"async\" title=\"Acetaminofen - ilustracija strukturne formule\" src=\"https:\/\/images.rxlist.com\/images\/rxlist\/oxyapap2.gif\" alt=\"Acetaminofen - ilustracija strukturne formule\" width=\"232\" height=\"106 \" \/><\/td>\n<\/tr>\n<\/tbody>\n<\/table><\/div>\n<p style=\"text-align: center\">Kupite tablete Percocet 10 mg na spletu. Na voljo so tudi druge tablete, kot je oksikodon. Uspavalne tablete brez recepta naprodaj po zelo ugodnih cenah.<\/p>\n<p style=\"text-align: center\"><strong>kako dolgo ostane percocet v va\u0161em sistemu, kako dolgo ostane percocet v va\u0161em sistemu , kako izgleda percocet, kak\u0161en je ob\u010dutek percocet, koliko \u010dasa percocet ostane v va\u0161em urinu, kaj je percocet, kako izgleda percocet, za kaj se percocet uporablja, kako dobiti predpisan percocet, koliko \u010dasa percocet ostanite v urinu, kaj je v percocetu, kako dolgo traja percocet, kako izgleda percocet 10, kako dolgo traja odvzem percoceta, kak\u0161ne barve je percocet, zakaj vas percocet srbi, kaj vam percocet naredi, kaj se po\u010duti percocet high, kako izgledajo tablete percocet, koliko je percocet, kako izgleda percocet 30, za koliko lahko prodam percocet 5 325, za koliko percoceta predozirati, kaj je mo\u010dnej\u0161i norco ali percocet, percocet srbenje kako prenehati, koliko stane percocet brez zavarovanja, kako dolgo traja percocet high, koliko \u010dasa percocet ostane v va\u0161em sistemu, kaj je mo\u010dnej\u0161i oksikodon ali percocet, kaj je mo\u010dnej\u0161i vicodin ali percocet, kje dobiti percocet, kako se po\u010dutite zaradi percoceta<\/strong><\/p>\n","protected":false},"excerpt":{"rendered":"<div class=\"woocommerce-product-details__short-description\">\n<p>Kupite tablete Percocet 10 mg na spletu. Mo\u010dne uspavalne tablete, zdravila za laj\u0161anje bole\u010din, spletna lekarna uk, , tablete proti bole\u010dinam naprodaj, zdravila proti bole\u010dinam, spletni nakup zdravil, nakup protibole\u010dinskih zdravil na spletu, nakup zdravil proti bole\u010dinam na spletu.<\/p>\n<\/p><\/div>\n","protected":false},"featured_media":5305,"comment_status":"open","ping_status":"closed","template":"","meta":[],"product_brand":[],"product_cat":[1117],"product_tag":[1721,1722,1729,1732,1730,1731,1724,1727,1723,1734,1735,1691,1736,1737,1738,1739,1740,1741,1742,1743,1744,1745,1746,1747,1748,1749,1750,1751,1752,1753,1754,1755,1756,1757,1758,1759,1760,1761,1762,1763,1764,1765,1766,1767,1768,1769,1770,1771,1772,1773,1774,1775,1733,1776,1777,1778,1779,1780,1781,1782,1783,1725,1728,1784,1785,1786,1726,1787,1788,1789,1790,1791,1792,1793],"class_list":{"0":"post-5295","1":"product","2":"type-product","3":"status-publish","4":"has-post-thumbnail","6":"product_cat-kupite-tablete-proti-bolecinam-spanju-seksu","7":"product_tag-30-mg-perkoceta","8":"product_tag-5-mg-percocet","9":"product_tag-generino-percocet","10":"product_tag-is-oxycodone-the-same-as-percocet","11":"product_tag-kako-dolgo-percocet-ostane-v-vaem-sistemu","12":"product_tag-kako-dolgo-percocet-ostane-v-vaem-urinu","13":"product_tag-buy-percocet-online","14":"product_tag-fake-percocet","15":"product_tag-blue-percocet","16":"product_tag-molly-percocet","17":"product_tag-molly-percocet-song","18":"product_tag-oxycodone-vs-percocet","19":"product_tag-oxycontin-vs-percocet","20":"product_tag-pain-pills-for-sale-percocet","21":"product_tag-percocet-10","22":"product_tag-percocet-10-images","23":"product_tag-percocet-10-yellow","24":"product_tag-percocet-10-325","25":"product_tag-percocet-10-325-efectos","26":"product_tag-percocet-10-325-efectos-white","27":"product_tag-percocet-10-325-espanol","28":"product_tag-percocet-10mg","29":"product_tag-percocet-15","30":"product_tag-percocet-15-mg","31":"product_tag-percocet-20-mg","32":"product_tag-percocet-30","33":"product_tag-percocet-30-mg","34":"product_tag-percocet-325","35":"product_tag-percocet-5","36":"product_tag-percocet-5-mg","37":"product_tag-percocet-5-325","38":"product_tag-percocet-5-325-precio","39":"product_tag-percocet-512","40":"product_tag-percocet-7-5","41":"product_tag-percocet-7-5-325-efectos","42":"product_tag-percocet-and-alcohol","43":"product_tag-percocet-and-xanax","44":"product_tag-percocet-dosage","45":"product_tag-percocet-drug","46":"product_tag-percocet-effects","47":"product_tag-percocet-feeling","48":"product_tag-percocet-high","49":"product_tag-percocet-in-spanish","50":"product_tag-percocet-molly","51":"product_tag-percocet-online","52":"product_tag-percocet-pain-pills","53":"product_tag-percocet-pill","54":"product_tag-percocet-pills","55":"product_tag-percocet-pills-for-sale","56":"product_tag-percocet-pills-images","57":"product_tag-percocet-side-effects","58":"product_tag-percocet-song","59":"product_tag-srbenje-percocet","60":"product_tag-percocet-street-value","61":"product_tag-percocet-vs-tramadol","62":"product_tag-percocet-vs-vicodin","63":"product_tag-percocet-withdrawal","64":"product_tag-pictures-of-percocet-pills","65":"product_tag-pills-that-look-like-percocet","66":"product_tag-pills-that-look-like-percocet-5mg","67":"product_tag-pink-percocet","68":"product_tag-poceni-percocet-tablete","69":"product_tag-lane-percocet-tablete","70":"product_tag-side-effects-of-percocet","71":"product_tag-street-value-of-percocet","72":"product_tag-tramadol-vs-percocet","73":"product_tag-uinki-percoceta","74":"product_tag-vicodin-vs-percocet","75":"product_tag-what-do-percocet-pills-look-like","76":"product_tag-what-does-a-percocet-look-like","77":"product_tag-what-does-percocet-feel-like","78":"product_tag-what-is-percocet","79":"product_tag-what-is-percocet-used-for","80":"product_tag-yellow-percoce","82":"first","83":"instock","84":"shipping-taxable","85":"purchasable","86":"product-type-variable","87":"has-default-attributes"},"yoast_head":"<!-- This site is optimized with the Yoast SEO plugin v27.3 - https:\/\/yoast.com\/product\/yoast-seo-wordpress\/ -->\n<title>Kupite tablete Percocet 10 mg - Best Best Global Meds<\/title>\n<meta name=\"description\" content=\"Kupite tablete Percocet 10 mg na spletu. Mo\u010dne uspavalne tablete, zdravila za laj\u0161anje bole\u010din, spletna lekarna uk, , protibole\u010dinske tablete za prodajo, zdravila proti bole\u010dinam, spletni nakup zdravil, nakup protibole\u010dinskih zdravil na spletu, nakup zdravil proti bole\u010dinam na spletu.\" \/>\n<meta name=\"robots\" content=\"index, follow, max-snippet:-1, max-image-preview:large, max-video-preview:-1\" \/>\n<link rel=\"canonical\" href=\"https:\/\/medicinasinc.com\/sl\/product\/kupi-percocet-10mg-tablete\/\" \/>\n<meta property=\"og:locale\" content=\"en_US\" \/>\n<meta property=\"og:type\" content=\"article\" \/>\n<meta property=\"og:title\" content=\"Kupite tablete Percocet 10 mg - Best Best Global Meds\" \/>\n<meta property=\"og:description\" content=\"Kupite tablete Percocet 10 mg na spletu. Mo\u010dne uspavalne tablete, zdravila za laj\u0161anje bole\u010din, spletna lekarna uk, , protibole\u010dinske tablete za prodajo, zdravila proti bole\u010dinam, spletni nakup zdravil, nakup protibole\u010dinskih zdravil na spletu, nakup zdravil proti bole\u010dinam na spletu.\" \/>\n<meta property=\"og:url\" content=\"https:\/\/medicinasinc.com\/sl\/product\/kupi-percocet-10mg-tablete\/\" \/>\n<meta property=\"og:site_name\" content=\"Medicinas Inc\" \/>\n<meta property=\"article:modified_time\" content=\"2022-03-19T00:38:22+00:00\" \/>\n<meta property=\"og:image\" content=\"https:\/\/medicinasinc.com\/sl\/wp-content\/uploads\/sites\/7\/2022\/02\/Buy-Percocet-10mg-pills.jpg\" \/>\n\t<meta property=\"og:image:width\" content=\"600\" \/>\n\t<meta property=\"og:image:height\" content=\"400\" \/>\n\t<meta property=\"og:image:type\" content=\"image\/jpeg\" \/>\n<meta name=\"twitter:card\" content=\"summary_large_image\" \/>\n<meta name=\"twitter:label1\" content=\"Est. reading time\" \/>\n\t<meta name=\"twitter:data1\" content=\"5 minutes\" \/>\n<script type=\"application\/ld+json\" class=\"yoast-schema-graph\">{\"@context\":\"https:\\\/\\\/schema.org\",\"@graph\":[{\"@type\":\"WebPage\",\"@id\":\"https:\\\/\\\/medicinasinc.com\\\/sl\\\/product\\\/kupi-percocet-10mg-tablete\\\/\",\"url\":\"https:\\\/\\\/medicinasinc.com\\\/sl\\\/product\\\/kupi-percocet-10mg-tablete\\\/\",\"name\":\"Kupite tablete Percocet 10 mg - Best Best Global Meds\",\"isPartOf\":{\"@id\":\"https:\\\/\\\/medicinasinc.com\\\/sl\\\/#website\"},\"primaryImageOfPage\":{\"@id\":\"https:\\\/\\\/medicinasinc.com\\\/sl\\\/product\\\/kupi-percocet-10mg-tablete\\\/#primaryimage\"},\"image\":{\"@id\":\"https:\\\/\\\/medicinasinc.com\\\/sl\\\/product\\\/kupi-percocet-10mg-tablete\\\/#primaryimage\"},\"thumbnailUrl\":\"https:\\\/\\\/medicinasinc.com\\\/sl\\\/wp-content\\\/uploads\\\/sites\\\/7\\\/2022\\\/02\\\/Buy-Percocet-10mg-pills.jpg\",\"datePublished\":\"2022-02-21T18:18:17+00:00\",\"dateModified\":\"2022-03-19T00:38:22+00:00\",\"description\":\"Kupite tablete Percocet 10 mg na spletu. Mo\u010dne uspavalne tablete, zdravila za laj\u0161anje bole\u010din, spletna lekarna uk, , protibole\u010dinske tablete za prodajo, zdravila proti bole\u010dinam, spletni nakup zdravil, nakup protibole\u010dinskih zdravil na spletu, nakup zdravil proti bole\u010dinam na spletu.\",\"breadcrumb\":{\"@id\":\"https:\\\/\\\/medicinasinc.com\\\/sl\\\/product\\\/kupi-percocet-10mg-tablete\\\/#breadcrumb\"},\"inLanguage\":\"en-US\",\"potentialAction\":[{\"@type\":\"ReadAction\",\"target\":[\"https:\\\/\\\/medicinasinc.com\\\/sl\\\/product\\\/kupi-percocet-10mg-tablete\\\/\"]}]},{\"@type\":\"ImageObject\",\"inLanguage\":\"en-US\",\"@id\":\"https:\\\/\\\/medicinasinc.com\\\/sl\\\/product\\\/kupi-percocet-10mg-tablete\\\/#primaryimage\",\"url\":\"https:\\\/\\\/medicinasinc.com\\\/sl\\\/wp-content\\\/uploads\\\/sites\\\/7\\\/2022\\\/02\\\/Buy-Percocet-10mg-pills.jpg\",\"contentUrl\":\"https:\\\/\\\/medicinasinc.com\\\/sl\\\/wp-content\\\/uploads\\\/sites\\\/7\\\/2022\\\/02\\\/Buy-Percocet-10mg-pills.jpg\",\"width\":600,\"height\":400},{\"@type\":\"BreadcrumbList\",\"@id\":\"https:\\\/\\\/medicinasinc.com\\\/sl\\\/product\\\/kupi-percocet-10mg-tablete\\\/#breadcrumb\",\"itemListElement\":[{\"@type\":\"ListItem\",\"position\":1,\"name\":\"Nakupujte\",\"item\":\"https:\\\/\\\/medicinasinc.com\\\/sl\\\/nakupujte\\\/\"},{\"@type\":\"ListItem\",\"position\":2,\"name\":\"Kupite tablete Percocet 10 mg\"}]},{\"@type\":\"WebSite\",\"@id\":\"https:\\\/\\\/medicinasinc.com\\\/sl\\\/#website\",\"url\":\"https:\\\/\\\/medicinasinc.com\\\/sl\\\/\",\"name\":\"Medicinas Inc\",\"description\":\"Health Medical Clinic\",\"potentialAction\":[{\"@type\":\"SearchAction\",\"target\":{\"@type\":\"EntryPoint\",\"urlTemplate\":\"https:\\\/\\\/medicinasinc.com\\\/sl\\\/?s={search_term_string}\"},\"query-input\":{\"@type\":\"PropertyValueSpecification\",\"valueRequired\":true,\"valueName\":\"search_term_string\"}}],\"inLanguage\":\"en-US\"}]}<\/script>\n<!-- \/ Yoast SEO plugin. -->","yoast_head_json":{"title":"Kupite tablete Percocet 10 mg - Best Best Global Meds","description":"Kupite tablete Percocet 10 mg na spletu. Mo\u010dne uspavalne tablete, zdravila za laj\u0161anje bole\u010din, spletna lekarna uk, , protibole\u010dinske tablete za prodajo, zdravila proti bole\u010dinam, spletni nakup zdravil, nakup protibole\u010dinskih zdravil na spletu, nakup zdravil proti bole\u010dinam na spletu.","robots":{"index":"index","follow":"follow","max-snippet":"max-snippet:-1","max-image-preview":"max-image-preview:large","max-video-preview":"max-video-preview:-1"},"canonical":"https:\/\/medicinasinc.com\/sl\/product\/kupi-percocet-10mg-tablete\/","og_locale":"en_US","og_type":"article","og_title":"Kupite tablete Percocet 10 mg - Best Best Global Meds","og_description":"Kupite tablete Percocet 10 mg na spletu. Mo\u010dne uspavalne tablete, zdravila za laj\u0161anje bole\u010din, spletna lekarna uk, , protibole\u010dinske tablete za prodajo, zdravila proti bole\u010dinam, spletni nakup zdravil, nakup protibole\u010dinskih zdravil na spletu, nakup zdravil proti bole\u010dinam na spletu.","og_url":"https:\/\/medicinasinc.com\/sl\/product\/kupi-percocet-10mg-tablete\/","og_site_name":"Medicinas Inc","article_modified_time":"2022-03-19T00:38:22+00:00","og_image":[{"width":600,"height":400,"url":"https:\/\/medicinasinc.com\/sl\/wp-content\/uploads\/sites\/7\/2022\/02\/Buy-Percocet-10mg-pills.jpg","type":"image\/jpeg"}],"twitter_card":"summary_large_image","twitter_misc":{"Est. reading time":"5 minutes"},"schema":{"@context":"https:\/\/schema.org","@graph":[{"@type":"WebPage","@id":"https:\/\/medicinasinc.com\/sl\/product\/kupi-percocet-10mg-tablete\/","url":"https:\/\/medicinasinc.com\/sl\/product\/kupi-percocet-10mg-tablete\/","name":"Kupite tablete Percocet 10 mg - Best Best Global Meds","isPartOf":{"@id":"https:\/\/medicinasinc.com\/sl\/#website"},"primaryImageOfPage":{"@id":"https:\/\/medicinasinc.com\/sl\/product\/kupi-percocet-10mg-tablete\/#primaryimage"},"image":{"@id":"https:\/\/medicinasinc.com\/sl\/product\/kupi-percocet-10mg-tablete\/#primaryimage"},"thumbnailUrl":"https:\/\/medicinasinc.com\/sl\/wp-content\/uploads\/sites\/7\/2022\/02\/Buy-Percocet-10mg-pills.jpg","datePublished":"2022-02-21T18:18:17+00:00","dateModified":"2022-03-19T00:38:22+00:00","description":"Kupite tablete Percocet 10 mg na spletu. Mo\u010dne uspavalne tablete, zdravila za laj\u0161anje bole\u010din, spletna lekarna uk, , protibole\u010dinske tablete za prodajo, zdravila proti bole\u010dinam, spletni nakup zdravil, nakup protibole\u010dinskih zdravil na spletu, nakup zdravil proti bole\u010dinam na spletu.","breadcrumb":{"@id":"https:\/\/medicinasinc.com\/sl\/product\/kupi-percocet-10mg-tablete\/#breadcrumb"},"inLanguage":"en-US","potentialAction":[{"@type":"ReadAction","target":["https:\/\/medicinasinc.com\/sl\/product\/kupi-percocet-10mg-tablete\/"]}]},{"@type":"ImageObject","inLanguage":"en-US","@id":"https:\/\/medicinasinc.com\/sl\/product\/kupi-percocet-10mg-tablete\/#primaryimage","url":"https:\/\/medicinasinc.com\/sl\/wp-content\/uploads\/sites\/7\/2022\/02\/Buy-Percocet-10mg-pills.jpg","contentUrl":"https:\/\/medicinasinc.com\/sl\/wp-content\/uploads\/sites\/7\/2022\/02\/Buy-Percocet-10mg-pills.jpg","width":600,"height":400},{"@type":"BreadcrumbList","@id":"https:\/\/medicinasinc.com\/sl\/product\/kupi-percocet-10mg-tablete\/#breadcrumb","itemListElement":[{"@type":"ListItem","position":1,"name":"Nakupujte","item":"https:\/\/medicinasinc.com\/sl\/nakupujte\/"},{"@type":"ListItem","position":2,"name":"Kupite tablete Percocet 10 mg"}]},{"@type":"WebSite","@id":"https:\/\/medicinasinc.com\/sl\/#website","url":"https:\/\/medicinasinc.com\/sl\/","name":"Medicinas Inc","description":"Health Medical Clinic","potentialAction":[{"@type":"SearchAction","target":{"@type":"EntryPoint","urlTemplate":"https:\/\/medicinasinc.com\/sl\/?s={search_term_string}"},"query-input":{"@type":"PropertyValueSpecification","valueRequired":true,"valueName":"search_term_string"}}],"inLanguage":"en-US"}]}},"_links":{"self":[{"href":"https:\/\/medicinasinc.com\/sl\/wp-json\/wp\/v2\/product\/5295","targetHints":{"allow":["GET"]}}],"collection":[{"href":"https:\/\/medicinasinc.com\/sl\/wp-json\/wp\/v2\/product"}],"about":[{"href":"https:\/\/medicinasinc.com\/sl\/wp-json\/wp\/v2\/types\/product"}],"replies":[{"embeddable":true,"href":"https:\/\/medicinasinc.com\/sl\/wp-json\/wp\/v2\/comments?post=5295"}],"wp:featuredmedia":[{"embeddable":true,"href":"https:\/\/medicinasinc.com\/sl\/wp-json\/wp\/v2\/media\/5305"}],"wp:attachment":[{"href":"https:\/\/medicinasinc.com\/sl\/wp-json\/wp\/v2\/media?parent=5295"}],"wp:term":[{"taxonomy":"product_brand","embeddable":true,"href":"https:\/\/medicinasinc.com\/sl\/wp-json\/wp\/v2\/product_brand?post=5295"},{"taxonomy":"product_cat","embeddable":true,"href":"https:\/\/medicinasinc.com\/sl\/wp-json\/wp\/v2\/product_cat?post=5295"},{"taxonomy":"product_tag","embeddable":true,"href":"https:\/\/medicinasinc.com\/sl\/wp-json\/wp\/v2\/product_tag?post=5295"}],"curies":[{"name":"wp","href":"https:\/\/api.w.org\/{rel}","templated":true}]}}