{"id":5293,"date":"2022-02-21T18:15:16","date_gmt":"2022-02-21T18:15:16","guid":{"rendered":"https:\/\/medicinasinc.com\/sl\/?post_type=product&#038;p=5293"},"modified":"2022-03-19T00:38:43","modified_gmt":"2022-03-19T00:38:43","slug":"kupi-oksikodon-40mg-tablete","status":"publish","type":"product","link":"https:\/\/medicinasinc.com\/sl\/product\/kupi-oksikodon-40mg-tablete\/","title":{"rendered":"Kupite tablete OxyCodone 40 mg"},"content":{"rendered":"<p>Spletni nakup tablet Oxycodone 40mg.<\/p>\n<p>Spletni nakup tablet Oxycodone 40mg. Poleg tega prodajamo kodein. Po vsem svetu se uporabljajo zdravila proti bole\u010dinam in druga zdravila.<\/p>\n<p>Spletna lekarna za nakup tablet OxyCodone 40mg.<\/p>\n<p>Nakup Oxycodone Online | Kupite Oxycodone 40mg brez recepta<\/p>\n<p>Hitro dostavo lahko dobite s kreditno kartico.<\/p>\n<p>To zdravilo se uporablja za pomo\u010d pri laj\u0161anju hude, vztrajne bole\u010dine (na primer zaradi bole\u010dine). rak).<\/p>\n<p>Oksikodon je opioidni analgetik. Deluje tako, da spremeni, kako va\u0161e telo zaznava in se odziva na bole\u010dino v mo\u017eganih.<\/p>\n<p>Vi\u0161je odmerke tega zdravila (ve\u010d kot 40 mg na tableto) je treba uporabljati le, \u010de ste jemali zmerne do velike odmerke. redno u\u017eivanje opioidnih zdravil proti bole\u010dinam. Te jakosti lahko povzro\u010dijo preveliko odmerjanje (in morda smrt), \u010de ga jemlje nekdo, ki opioidov ni uporabljal dosledno.<\/p>\n<p>Izogibajte se uporabi oksikodona s podalj\u0161anim spro\u0161\u010danjem za zdravljenje bole\u010dine, ki je minimalna ali bo izzvenela v kratkem \u010dasu. nekaj dni. To zdravilo ni namenjeno za uporabo na podlagi &#8220;po potrebi&#8221;.<\/p>\n","protected":false},"excerpt":{"rendered":"<div class=\"woocommerce-product-details__short-description\">\n<p>Spletna lekarna za nakup tablet OxyCodone 40mg. Nakup oksikodona na spletu | Nakup Oxycodone 40mg brez recepta Hitro dostavo lahko dobite z ban\u010dnim nakazilom.<\/p>\n<p>Kupite tablete Oxycodone 40mg na spletu v Zdru\u017eenem kraljestvu in Evropi, naro\u010dite poceni tablete Oxycodone na spletu pri&#8230; Tablete oksikodona lahko kupite na spletu brez recepta (brez RX).<\/p>\n<\/p><\/div>\n","protected":false},"featured_media":5301,"comment_status":"open","ping_status":"closed","template":"","meta":[],"product_brand":[],"product_cat":[1117],"product_tag":[1638,1639,1640,1642,1641,1643,1644,1647,1648,1649,1650,1651,1652,1653,1654,1655,1656,1657,1658,1659,1660,1661,1662,1663,1664,1665,1666,1667,1668,1669,1670,1671,1672,1673,1674,1675,1676,1677,1678,1679,1680,1681,1682,1683,1684,1685,1686,1687,1688,1689,1690,1691,1692,1693,1694,1695,1696,1697,1056,1698,1699,1700,1701,1702,1703,1704,1705,1706,1707,1708,1709,1710,1711,1712,1713,1714,1645,1646,1715,1716,1717,1718,1719,1720],"class_list":{"0":"post-5293","1":"product","2":"type-product","3":"status-publish","4":"has-post-thumbnail","6":"product_cat-kupite-tablete-proti-bolecinam-spanju-seksu","7":"product_tag-15-mg-oksikodona","8":"product_tag-20-mg-oksikodona","9":"product_tag-20mg-oxycodone","10":"product_tag-dihidroksikodeinon","11":"product_tag-dihydrohydroxycodeinone","12":"product_tag-how-long-does-oxycodone-last","13":"product_tag-je-oksikodon-an-opioid","14":"product_tag-opioid-painkillers","15":"product_tag-oxicodona","16":"product_tag-oxicodone","17":"product_tag-oxy","18":"product_tag-oxy-10","19":"product_tag-oxy-5-mg","20":"product_tag-oxy-drug","21":"product_tag-oxy-drugs","22":"product_tag-oxy-pill","23":"product_tag-oxy-pills","24":"product_tag-oxycodine","25":"product_tag-oxycodon","26":"product_tag-oxycodone","27":"product_tag-oxycodone-10","28":"product_tag-oxycodone-10mg","29":"product_tag-oxycodone-10mg-pink","30":"product_tag-oxycodone-15-mg","31":"product_tag-oxycodone-15mg","32":"product_tag-oxycodone-20-mg","33":"product_tag-oxycodone-20mg","34":"product_tag-oxycodone-30mg","35":"product_tag-oxycodone-5","36":"product_tag-oxycodone-5-325","37":"product_tag-oxycodone-5-mg","38":"product_tag-oxycodone-addiction","39":"product_tag-oxycodone-and-alcohol","40":"product_tag-oxycodone-and-ibuprofen","41":"product_tag-oxycodone-and-tylenol","42":"product_tag-oxycodone-doses","43":"product_tag-oxycodone-effects","44":"product_tag-oxycodone-half-life","45":"product_tag-oxycodone-hcl","46":"product_tag-oxycodone-hcl-5-mg-tablet","47":"product_tag-oxycodone-hcl-5mg","48":"product_tag-oxycodone-high","49":"product_tag-oxycodone-hydrochloride","50":"product_tag-oxycodone-hydrochloride-5-mg","51":"product_tag-oxycodone-immediate-release","52":"product_tag-oxycodone-ingredients","53":"product_tag-oxycodone-pill","54":"product_tag-oxycodone-pills","55":"product_tag-oxycodone-side-effects","56":"product_tag-oxycodone-uses","57":"product_tag-oxycodone-vs-oxycontin","58":"product_tag-oxycodone-vs-percocet","59":"product_tag-oxycodone-acetaminophen","60":"product_tag-oxycodone-acetaminophen-5-325","61":"product_tag-oxycodone-apap","62":"product_tag-oxycodonum","63":"product_tag-oxycontin","64":"product_tag-oxycontin-30-mg","65":"product_tag-oxycontin-80-mg","66":"product_tag-oxycontin-dosage","67":"product_tag-oxycontin-effects","68":"product_tag-oxycontin-generic","69":"product_tag-oxycontin-ir","70":"product_tag-oxycontin-overdose","71":"product_tag-oxycontin-vs-oxycodone","72":"product_tag-oxycoton","73":"product_tag-oxycotton","74":"product_tag-oxys","75":"product_tag-oxytocin-pills","76":"product_tag-pill-20","77":"product_tag-prescription-pain-meds","78":"product_tag-roxicodone-vs-oxycodone","79":"product_tag-roxy-10","80":"product_tag-roxy-30s","81":"product_tag-roxy-drug","82":"product_tag-side-effects-of-oxycodone","83":"product_tag-tekoi-oksikodon","84":"product_tag-tekoi-oksikontin","85":"product_tag-types-of-opioids","86":"product_tag-types-of-painkillers","87":"product_tag-what-does-oxycodone-do","88":"product_tag-what-is-oxy","89":"product_tag-what-is-oxymorphone","90":"product_tag-what-is-roxicodone","92":"first","93":"instock","94":"shipping-taxable","95":"purchasable","96":"product-type-variable","97":"has-default-attributes"},"yoast_head":"<!-- This site is optimized with the Yoast SEO plugin v27.3 - https:\/\/yoast.com\/product\/yoast-seo-wordpress\/ -->\n<title>Kupite tablete OxyCodone 40 mg - Best Best Global Meds<\/title>\n<meta name=\"description\" content=\"Kupite tablete oksikodona\u00a040 mg za prodajo v Zdru\u017eenem kraljestvu, Evropi na spletu,\u00a0naro\u010dite\u00a0poceni\u00a0oxycodone 40 mg tablete na spletu\u00a0z ... Lahko\u00a0kupite tablete oksikodona na spletu\u00a0brez recepta (brez RX).\" \/>\n<meta name=\"robots\" content=\"index, follow, max-snippet:-1, max-image-preview:large, max-video-preview:-1\" \/>\n<link rel=\"canonical\" href=\"https:\/\/medicinasinc.com\/sl\/product\/kupi-oksikodon-40mg-tablete\/\" \/>\n<meta property=\"og:locale\" content=\"en_US\" \/>\n<meta property=\"og:type\" content=\"article\" \/>\n<meta property=\"og:title\" content=\"Kupite tablete OxyCodone 40 mg - Best Best Global Meds\" \/>\n<meta property=\"og:description\" content=\"Kupite tablete oksikodona\u00a040 mg za prodajo v Zdru\u017eenem kraljestvu, Evropi na spletu,\u00a0naro\u010dite\u00a0poceni\u00a0oxycodone 40 mg tablete na spletu\u00a0z ... Lahko\u00a0kupite tablete oksikodona na spletu\u00a0brez recepta (brez RX).\" \/>\n<meta property=\"og:url\" content=\"https:\/\/medicinasinc.com\/sl\/product\/kupi-oksikodon-40mg-tablete\/\" \/>\n<meta property=\"og:site_name\" content=\"Medicinas Inc\" \/>\n<meta property=\"article:modified_time\" content=\"2022-03-19T00:38:43+00:00\" \/>\n<meta property=\"og:image\" content=\"https:\/\/medicinasinc.com\/sl\/wp-content\/uploads\/sites\/7\/2022\/02\/Buy-OxyCodone-40mg.jpg\" \/>\n\t<meta property=\"og:image:width\" content=\"600\" \/>\n\t<meta property=\"og:image:height\" content=\"400\" \/>\n\t<meta property=\"og:image:type\" content=\"image\/jpeg\" \/>\n<meta name=\"twitter:card\" content=\"summary_large_image\" \/>\n<meta name=\"twitter:label1\" content=\"Est. reading time\" \/>\n\t<meta name=\"twitter:data1\" content=\"1 minute\" \/>\n<script type=\"application\/ld+json\" class=\"yoast-schema-graph\">{\"@context\":\"https:\\\/\\\/schema.org\",\"@graph\":[{\"@type\":\"WebPage\",\"@id\":\"https:\\\/\\\/medicinasinc.com\\\/sl\\\/product\\\/kupi-oksikodon-40mg-tablete\\\/\",\"url\":\"https:\\\/\\\/medicinasinc.com\\\/sl\\\/product\\\/kupi-oksikodon-40mg-tablete\\\/\",\"name\":\"Kupite tablete OxyCodone 40 mg - Best Best Global Meds\",\"isPartOf\":{\"@id\":\"https:\\\/\\\/medicinasinc.com\\\/sl\\\/#website\"},\"primaryImageOfPage\":{\"@id\":\"https:\\\/\\\/medicinasinc.com\\\/sl\\\/product\\\/kupi-oksikodon-40mg-tablete\\\/#primaryimage\"},\"image\":{\"@id\":\"https:\\\/\\\/medicinasinc.com\\\/sl\\\/product\\\/kupi-oksikodon-40mg-tablete\\\/#primaryimage\"},\"thumbnailUrl\":\"https:\\\/\\\/medicinasinc.com\\\/sl\\\/wp-content\\\/uploads\\\/sites\\\/7\\\/2022\\\/02\\\/Buy-OxyCodone-40mg.jpg\",\"datePublished\":\"2022-02-21T18:15:16+00:00\",\"dateModified\":\"2022-03-19T00:38:43+00:00\",\"description\":\"Kupite tablete oksikodona\u00a040 mg za prodajo v Zdru\u017eenem kraljestvu, Evropi na spletu,\u00a0naro\u010dite\u00a0poceni\u00a0oxycodone 40 mg tablete na spletu\u00a0z ... Lahko\u00a0kupite tablete oksikodona na spletu\u00a0brez recepta (brez RX).\",\"breadcrumb\":{\"@id\":\"https:\\\/\\\/medicinasinc.com\\\/sl\\\/product\\\/kupi-oksikodon-40mg-tablete\\\/#breadcrumb\"},\"inLanguage\":\"en-US\",\"potentialAction\":[{\"@type\":\"ReadAction\",\"target\":[\"https:\\\/\\\/medicinasinc.com\\\/sl\\\/product\\\/kupi-oksikodon-40mg-tablete\\\/\"]}]},{\"@type\":\"ImageObject\",\"inLanguage\":\"en-US\",\"@id\":\"https:\\\/\\\/medicinasinc.com\\\/sl\\\/product\\\/kupi-oksikodon-40mg-tablete\\\/#primaryimage\",\"url\":\"https:\\\/\\\/medicinasinc.com\\\/sl\\\/wp-content\\\/uploads\\\/sites\\\/7\\\/2022\\\/02\\\/Buy-OxyCodone-40mg.jpg\",\"contentUrl\":\"https:\\\/\\\/medicinasinc.com\\\/sl\\\/wp-content\\\/uploads\\\/sites\\\/7\\\/2022\\\/02\\\/Buy-OxyCodone-40mg.jpg\",\"width\":600,\"height\":400},{\"@type\":\"BreadcrumbList\",\"@id\":\"https:\\\/\\\/medicinasinc.com\\\/sl\\\/product\\\/kupi-oksikodon-40mg-tablete\\\/#breadcrumb\",\"itemListElement\":[{\"@type\":\"ListItem\",\"position\":1,\"name\":\"Nakupujte\",\"item\":\"https:\\\/\\\/medicinasinc.com\\\/sl\\\/nakupujte\\\/\"},{\"@type\":\"ListItem\",\"position\":2,\"name\":\"Kupite tablete OxyCodone 40 mg\"}]},{\"@type\":\"WebSite\",\"@id\":\"https:\\\/\\\/medicinasinc.com\\\/sl\\\/#website\",\"url\":\"https:\\\/\\\/medicinasinc.com\\\/sl\\\/\",\"name\":\"Medicinas Inc\",\"description\":\"Health Medical Clinic\",\"potentialAction\":[{\"@type\":\"SearchAction\",\"target\":{\"@type\":\"EntryPoint\",\"urlTemplate\":\"https:\\\/\\\/medicinasinc.com\\\/sl\\\/?s={search_term_string}\"},\"query-input\":{\"@type\":\"PropertyValueSpecification\",\"valueRequired\":true,\"valueName\":\"search_term_string\"}}],\"inLanguage\":\"en-US\"}]}<\/script>\n<!-- \/ Yoast SEO plugin. -->","yoast_head_json":{"title":"Kupite tablete OxyCodone 40 mg - Best Best Global Meds","description":"Kupite tablete oksikodona\u00a040 mg za prodajo v Zdru\u017eenem kraljestvu, Evropi na spletu,\u00a0naro\u010dite\u00a0poceni\u00a0oxycodone 40 mg tablete na spletu\u00a0z ... Lahko\u00a0kupite tablete oksikodona na spletu\u00a0brez recepta (brez RX).","robots":{"index":"index","follow":"follow","max-snippet":"max-snippet:-1","max-image-preview":"max-image-preview:large","max-video-preview":"max-video-preview:-1"},"canonical":"https:\/\/medicinasinc.com\/sl\/product\/kupi-oksikodon-40mg-tablete\/","og_locale":"en_US","og_type":"article","og_title":"Kupite tablete OxyCodone 40 mg - Best Best Global Meds","og_description":"Kupite tablete oksikodona\u00a040 mg za prodajo v Zdru\u017eenem kraljestvu, Evropi na spletu,\u00a0naro\u010dite\u00a0poceni\u00a0oxycodone 40 mg tablete na spletu\u00a0z ... Lahko\u00a0kupite tablete oksikodona na spletu\u00a0brez recepta (brez RX).","og_url":"https:\/\/medicinasinc.com\/sl\/product\/kupi-oksikodon-40mg-tablete\/","og_site_name":"Medicinas Inc","article_modified_time":"2022-03-19T00:38:43+00:00","og_image":[{"width":600,"height":400,"url":"https:\/\/medicinasinc.com\/sl\/wp-content\/uploads\/sites\/7\/2022\/02\/Buy-OxyCodone-40mg.jpg","type":"image\/jpeg"}],"twitter_card":"summary_large_image","twitter_misc":{"Est. reading time":"1 minute"},"schema":{"@context":"https:\/\/schema.org","@graph":[{"@type":"WebPage","@id":"https:\/\/medicinasinc.com\/sl\/product\/kupi-oksikodon-40mg-tablete\/","url":"https:\/\/medicinasinc.com\/sl\/product\/kupi-oksikodon-40mg-tablete\/","name":"Kupite tablete OxyCodone 40 mg - Best Best Global Meds","isPartOf":{"@id":"https:\/\/medicinasinc.com\/sl\/#website"},"primaryImageOfPage":{"@id":"https:\/\/medicinasinc.com\/sl\/product\/kupi-oksikodon-40mg-tablete\/#primaryimage"},"image":{"@id":"https:\/\/medicinasinc.com\/sl\/product\/kupi-oksikodon-40mg-tablete\/#primaryimage"},"thumbnailUrl":"https:\/\/medicinasinc.com\/sl\/wp-content\/uploads\/sites\/7\/2022\/02\/Buy-OxyCodone-40mg.jpg","datePublished":"2022-02-21T18:15:16+00:00","dateModified":"2022-03-19T00:38:43+00:00","description":"Kupite tablete oksikodona\u00a040 mg za prodajo v Zdru\u017eenem kraljestvu, Evropi na spletu,\u00a0naro\u010dite\u00a0poceni\u00a0oxycodone 40 mg tablete na spletu\u00a0z ... Lahko\u00a0kupite tablete oksikodona na spletu\u00a0brez recepta (brez RX).","breadcrumb":{"@id":"https:\/\/medicinasinc.com\/sl\/product\/kupi-oksikodon-40mg-tablete\/#breadcrumb"},"inLanguage":"en-US","potentialAction":[{"@type":"ReadAction","target":["https:\/\/medicinasinc.com\/sl\/product\/kupi-oksikodon-40mg-tablete\/"]}]},{"@type":"ImageObject","inLanguage":"en-US","@id":"https:\/\/medicinasinc.com\/sl\/product\/kupi-oksikodon-40mg-tablete\/#primaryimage","url":"https:\/\/medicinasinc.com\/sl\/wp-content\/uploads\/sites\/7\/2022\/02\/Buy-OxyCodone-40mg.jpg","contentUrl":"https:\/\/medicinasinc.com\/sl\/wp-content\/uploads\/sites\/7\/2022\/02\/Buy-OxyCodone-40mg.jpg","width":600,"height":400},{"@type":"BreadcrumbList","@id":"https:\/\/medicinasinc.com\/sl\/product\/kupi-oksikodon-40mg-tablete\/#breadcrumb","itemListElement":[{"@type":"ListItem","position":1,"name":"Nakupujte","item":"https:\/\/medicinasinc.com\/sl\/nakupujte\/"},{"@type":"ListItem","position":2,"name":"Kupite tablete OxyCodone 40 mg"}]},{"@type":"WebSite","@id":"https:\/\/medicinasinc.com\/sl\/#website","url":"https:\/\/medicinasinc.com\/sl\/","name":"Medicinas Inc","description":"Health Medical Clinic","potentialAction":[{"@type":"SearchAction","target":{"@type":"EntryPoint","urlTemplate":"https:\/\/medicinasinc.com\/sl\/?s={search_term_string}"},"query-input":{"@type":"PropertyValueSpecification","valueRequired":true,"valueName":"search_term_string"}}],"inLanguage":"en-US"}]}},"_links":{"self":[{"href":"https:\/\/medicinasinc.com\/sl\/wp-json\/wp\/v2\/product\/5293","targetHints":{"allow":["GET"]}}],"collection":[{"href":"https:\/\/medicinasinc.com\/sl\/wp-json\/wp\/v2\/product"}],"about":[{"href":"https:\/\/medicinasinc.com\/sl\/wp-json\/wp\/v2\/types\/product"}],"replies":[{"embeddable":true,"href":"https:\/\/medicinasinc.com\/sl\/wp-json\/wp\/v2\/comments?post=5293"}],"wp:featuredmedia":[{"embeddable":true,"href":"https:\/\/medicinasinc.com\/sl\/wp-json\/wp\/v2\/media\/5301"}],"wp:attachment":[{"href":"https:\/\/medicinasinc.com\/sl\/wp-json\/wp\/v2\/media?parent=5293"}],"wp:term":[{"taxonomy":"product_brand","embeddable":true,"href":"https:\/\/medicinasinc.com\/sl\/wp-json\/wp\/v2\/product_brand?post=5293"},{"taxonomy":"product_cat","embeddable":true,"href":"https:\/\/medicinasinc.com\/sl\/wp-json\/wp\/v2\/product_cat?post=5293"},{"taxonomy":"product_tag","embeddable":true,"href":"https:\/\/medicinasinc.com\/sl\/wp-json\/wp\/v2\/product_tag?post=5293"}],"curies":[{"name":"wp","href":"https:\/\/api.w.org\/{rel}","templated":true}]}}