{"id":5265,"date":"2022-02-20T22:55:20","date_gmt":"2022-02-20T22:55:20","guid":{"rendered":"https:\/\/medicinasinc.com\/sl\/?post_type=product&#038;p=5265"},"modified":"2022-03-19T00:38:52","modified_gmt":"2022-03-19T00:38:52","slug":"kupi-mogadon-nitrazepam-5mg-tablete","status":"publish","type":"product","link":"https:\/\/medicinasinc.com\/sl\/product\/kupi-mogadon-nitrazepam-5mg-tablete\/","title":{"rendered":"Kupite tablete Mogadon Nitrazepam 5 mg"},"content":{"rendered":"<p>Spletni nakup tablet Mogadon Nitrazepam 5 mg<br \/> Mogadon stane 0,31 USD na tableto pri nas v PocketPills. Mogadon je morda cenej\u0161i, \u010de ga krije va\u0161e zavarovanje. \u010ce \u017eelite dobiti celoten stro\u0161ek zdravila Mogadon, morate dodatno vklju\u010diti stro\u0161ke izdajanja in po\u0161iljanja.<\/p>\n<p>Koliko je pristojbina za izdajanje Mogadona?<\/p>\n<p>Stro\u0161ki izdajanja Mogadona pri nas zna\u0161ajo le 7 $ . Pocketpills si prizadeva zagotoviti najni\u017eje cene Mogadona v Kanadi.<br \/> Upo\u0161tevajte, da nudimo BREZPLA\u010cNO PO\u0160TNANJE za vsa naro\u010dila po vsem svetu.<\/p>\n<div>\n<div>\n<div>\n<div class=\"margin-\">\n<div class=\"drugcontent-wrapper\">\n<div class=\"h4\">\n<ul>\n<li>Ne pozabite, ponujamo vam BREZPLA\u010cNO dostavo v Kanadi.<\/li>\n<\/ul><\/div><\/div><\/div><\/div><\/div><\/div>\n<div class=\"product-next-previous\">\n<div class=\"product-prev\"><\/div><\/div>\n","protected":false},"excerpt":{"rendered":"<p>Mogadon Nitrazepam 5 mg tablete naprodaj v Zdru\u017eenem kraljestvu in Evropi. te\u017eave pri zaspanju, ponavljajo\u010da se prebujanja pono\u010di in prebujanje zgodaj zjutraj. Poleg tega se uporablja za spremljanje miokloni\u010dnih napadov.<\/p>\n<p>Nakup Mogadon na spletu &#8211; Tablete najvi\u0161je kakovosti Kupite Nitrazepam na spletu brez recepta, naro\u010dite in zagotovite, da vam Mogadon dostavijo v tujino s hitro dostavo.<\/p>\n<p>Nakup nitrazepama xr 30 mg<\/p>\n<p>Nakup nitrazepama \u010dez no\u010d nakup nitrazepama brez recepta na spletu. kupite nitrazepam v Kostariki, Evropi, Dubaju, na Kitajskem, v Evropski uniji in po vsem svetu. Tablete generi\u010dnega nitrazepama<\/p>\n","protected":false},"featured_media":5995,"comment_status":"open","ping_status":"closed","template":"","meta":[],"product_brand":[],"product_cat":[1117],"product_tag":[1630,1629,1631,1632,1633,1634,1635,1636,1637],"class_list":{"0":"post-5265","1":"product","2":"type-product","3":"status-publish","4":"has-post-thumbnail","6":"product_cat-kupite-tablete-proti-bolecinam-spanju-seksu","7":"product_tag-kupi-poceni-mogadon-nitrazepam","8":"product_tag-kupi-nitrazepam-10mg-kupi-mogadon-online-nitrazepam-5mg-za-prodaj-kupi-mogadon-10mg","9":"product_tag-mogadon-nitrazepam","10":"product_tag-mogadon-nitrazepam-how-to-quit","11":"product_tag-mogadon-nitrazepam-withdrawal","12":"product_tag-nitrazepam-mogadon","13":"product_tag-reddit-mogadon-nitrazepam","14":"product_tag-reddit-mogadon-nitrazepam-withdrawal","15":"product_tag-reddit-nitrazepam-mogadon-withdrawal","17":"first","18":"instock","19":"shipping-taxable","20":"purchasable","21":"product-type-variable","22":"has-default-attributes"},"yoast_head":"<!-- This site is optimized with the Yoast SEO plugin v27.3 - https:\/\/yoast.com\/product\/yoast-seo-wordpress\/ -->\n<title>Kupite tablete Mogadon Nitrazepam 5 mg - Best Global Meds<\/title>\n<meta name=\"description\" content=\"Kupite tablete Mogadon Nitrazepam 5mg za prodajo UK, Evropa na spletu. te\u017eave z odkimavanjem, zaporedna prebujanja skozi no\u010d in zgodnje jutranje vzbujanje. Uporablja se tudi za nadzor miokloni\u010dnih napadov.\" \/>\n<meta name=\"robots\" content=\"index, follow, max-snippet:-1, max-image-preview:large, max-video-preview:-1\" \/>\n<link rel=\"canonical\" href=\"https:\/\/medicinasinc.com\/sl\/product\/kupi-mogadon-nitrazepam-5mg-tablete\/\" \/>\n<meta property=\"og:locale\" content=\"en_US\" \/>\n<meta property=\"og:type\" content=\"article\" \/>\n<meta property=\"og:title\" content=\"Kupite tablete Mogadon Nitrazepam 5 mg - Best Global Meds\" \/>\n<meta property=\"og:description\" content=\"Kupite tablete Mogadon Nitrazepam 5mg za prodajo UK, Evropa na spletu. te\u017eave z odkimavanjem, zaporedna prebujanja skozi no\u010d in zgodnje jutranje vzbujanje. Uporablja se tudi za nadzor miokloni\u010dnih napadov.\" \/>\n<meta property=\"og:url\" content=\"https:\/\/medicinasinc.com\/sl\/product\/kupi-mogadon-nitrazepam-5mg-tablete\/\" \/>\n<meta property=\"og:site_name\" content=\"Medicinas Inc\" \/>\n<meta property=\"article:modified_time\" content=\"2022-03-19T00:38:52+00:00\" \/>\n<meta property=\"og:image\" content=\"https:\/\/medicinasinc.com\/sl\/wp-content\/uploads\/sites\/7\/2022\/02\/Buy-Mogadon-Nitrazepam-5mg-pills.jpg\" \/>\n\t<meta property=\"og:image:width\" content=\"640\" \/>\n\t<meta property=\"og:image:height\" content=\"480\" \/>\n\t<meta property=\"og:image:type\" content=\"image\/jpeg\" \/>\n<meta name=\"twitter:card\" content=\"summary_large_image\" \/>\n<meta name=\"twitter:label1\" content=\"Est. reading time\" \/>\n\t<meta name=\"twitter:data1\" content=\"1 minute\" \/>\n<script type=\"application\/ld+json\" class=\"yoast-schema-graph\">{\"@context\":\"https:\\\/\\\/schema.org\",\"@graph\":[{\"@type\":\"WebPage\",\"@id\":\"https:\\\/\\\/medicinasinc.com\\\/sl\\\/product\\\/kupi-mogadon-nitrazepam-5mg-tablete\\\/\",\"url\":\"https:\\\/\\\/medicinasinc.com\\\/sl\\\/product\\\/kupi-mogadon-nitrazepam-5mg-tablete\\\/\",\"name\":\"Kupite tablete Mogadon Nitrazepam 5 mg - Best Global Meds\",\"isPartOf\":{\"@id\":\"https:\\\/\\\/medicinasinc.com\\\/sl\\\/#website\"},\"primaryImageOfPage\":{\"@id\":\"https:\\\/\\\/medicinasinc.com\\\/sl\\\/product\\\/kupi-mogadon-nitrazepam-5mg-tablete\\\/#primaryimage\"},\"image\":{\"@id\":\"https:\\\/\\\/medicinasinc.com\\\/sl\\\/product\\\/kupi-mogadon-nitrazepam-5mg-tablete\\\/#primaryimage\"},\"thumbnailUrl\":\"https:\\\/\\\/medicinasinc.com\\\/sl\\\/wp-content\\\/uploads\\\/sites\\\/7\\\/2022\\\/02\\\/Buy-Mogadon-Nitrazepam-5mg-pills.jpg\",\"datePublished\":\"2022-02-20T22:55:20+00:00\",\"dateModified\":\"2022-03-19T00:38:52+00:00\",\"description\":\"Kupite tablete Mogadon Nitrazepam 5mg za prodajo UK, Evropa na spletu. te\u017eave z odkimavanjem, zaporedna prebujanja skozi no\u010d in zgodnje jutranje vzbujanje. Uporablja se tudi za nadzor miokloni\u010dnih napadov.\",\"breadcrumb\":{\"@id\":\"https:\\\/\\\/medicinasinc.com\\\/sl\\\/product\\\/kupi-mogadon-nitrazepam-5mg-tablete\\\/#breadcrumb\"},\"inLanguage\":\"en-US\",\"potentialAction\":[{\"@type\":\"ReadAction\",\"target\":[\"https:\\\/\\\/medicinasinc.com\\\/sl\\\/product\\\/kupi-mogadon-nitrazepam-5mg-tablete\\\/\"]}]},{\"@type\":\"ImageObject\",\"inLanguage\":\"en-US\",\"@id\":\"https:\\\/\\\/medicinasinc.com\\\/sl\\\/product\\\/kupi-mogadon-nitrazepam-5mg-tablete\\\/#primaryimage\",\"url\":\"https:\\\/\\\/medicinasinc.com\\\/sl\\\/wp-content\\\/uploads\\\/sites\\\/7\\\/2022\\\/02\\\/Buy-Mogadon-Nitrazepam-5mg-pills.jpg\",\"contentUrl\":\"https:\\\/\\\/medicinasinc.com\\\/sl\\\/wp-content\\\/uploads\\\/sites\\\/7\\\/2022\\\/02\\\/Buy-Mogadon-Nitrazepam-5mg-pills.jpg\",\"width\":640,\"height\":480,\"caption\":\"Buy Mogadon Nitrazepam 5mg pills\"},{\"@type\":\"BreadcrumbList\",\"@id\":\"https:\\\/\\\/medicinasinc.com\\\/sl\\\/product\\\/kupi-mogadon-nitrazepam-5mg-tablete\\\/#breadcrumb\",\"itemListElement\":[{\"@type\":\"ListItem\",\"position\":1,\"name\":\"Nakupujte\",\"item\":\"https:\\\/\\\/medicinasinc.com\\\/sl\\\/nakupujte\\\/\"},{\"@type\":\"ListItem\",\"position\":2,\"name\":\"Kupite tablete Mogadon Nitrazepam 5 mg\"}]},{\"@type\":\"WebSite\",\"@id\":\"https:\\\/\\\/medicinasinc.com\\\/sl\\\/#website\",\"url\":\"https:\\\/\\\/medicinasinc.com\\\/sl\\\/\",\"name\":\"Medicinas Inc\",\"description\":\"Health Medical Clinic\",\"potentialAction\":[{\"@type\":\"SearchAction\",\"target\":{\"@type\":\"EntryPoint\",\"urlTemplate\":\"https:\\\/\\\/medicinasinc.com\\\/sl\\\/?s={search_term_string}\"},\"query-input\":{\"@type\":\"PropertyValueSpecification\",\"valueRequired\":true,\"valueName\":\"search_term_string\"}}],\"inLanguage\":\"en-US\"}]}<\/script>\n<!-- \/ Yoast SEO plugin. -->","yoast_head_json":{"title":"Kupite tablete Mogadon Nitrazepam 5 mg - Best Global Meds","description":"Kupite tablete Mogadon Nitrazepam 5mg za prodajo UK, Evropa na spletu. te\u017eave z odkimavanjem, zaporedna prebujanja skozi no\u010d in zgodnje jutranje vzbujanje. Uporablja se tudi za nadzor miokloni\u010dnih napadov.","robots":{"index":"index","follow":"follow","max-snippet":"max-snippet:-1","max-image-preview":"max-image-preview:large","max-video-preview":"max-video-preview:-1"},"canonical":"https:\/\/medicinasinc.com\/sl\/product\/kupi-mogadon-nitrazepam-5mg-tablete\/","og_locale":"en_US","og_type":"article","og_title":"Kupite tablete Mogadon Nitrazepam 5 mg - Best Global Meds","og_description":"Kupite tablete Mogadon Nitrazepam 5mg za prodajo UK, Evropa na spletu. te\u017eave z odkimavanjem, zaporedna prebujanja skozi no\u010d in zgodnje jutranje vzbujanje. Uporablja se tudi za nadzor miokloni\u010dnih napadov.","og_url":"https:\/\/medicinasinc.com\/sl\/product\/kupi-mogadon-nitrazepam-5mg-tablete\/","og_site_name":"Medicinas Inc","article_modified_time":"2022-03-19T00:38:52+00:00","og_image":[{"width":640,"height":480,"url":"https:\/\/medicinasinc.com\/sl\/wp-content\/uploads\/sites\/7\/2022\/02\/Buy-Mogadon-Nitrazepam-5mg-pills.jpg","type":"image\/jpeg"}],"twitter_card":"summary_large_image","twitter_misc":{"Est. reading time":"1 minute"},"schema":{"@context":"https:\/\/schema.org","@graph":[{"@type":"WebPage","@id":"https:\/\/medicinasinc.com\/sl\/product\/kupi-mogadon-nitrazepam-5mg-tablete\/","url":"https:\/\/medicinasinc.com\/sl\/product\/kupi-mogadon-nitrazepam-5mg-tablete\/","name":"Kupite tablete Mogadon Nitrazepam 5 mg - Best Global Meds","isPartOf":{"@id":"https:\/\/medicinasinc.com\/sl\/#website"},"primaryImageOfPage":{"@id":"https:\/\/medicinasinc.com\/sl\/product\/kupi-mogadon-nitrazepam-5mg-tablete\/#primaryimage"},"image":{"@id":"https:\/\/medicinasinc.com\/sl\/product\/kupi-mogadon-nitrazepam-5mg-tablete\/#primaryimage"},"thumbnailUrl":"https:\/\/medicinasinc.com\/sl\/wp-content\/uploads\/sites\/7\/2022\/02\/Buy-Mogadon-Nitrazepam-5mg-pills.jpg","datePublished":"2022-02-20T22:55:20+00:00","dateModified":"2022-03-19T00:38:52+00:00","description":"Kupite tablete Mogadon Nitrazepam 5mg za prodajo UK, Evropa na spletu. te\u017eave z odkimavanjem, zaporedna prebujanja skozi no\u010d in zgodnje jutranje vzbujanje. Uporablja se tudi za nadzor miokloni\u010dnih napadov.","breadcrumb":{"@id":"https:\/\/medicinasinc.com\/sl\/product\/kupi-mogadon-nitrazepam-5mg-tablete\/#breadcrumb"},"inLanguage":"en-US","potentialAction":[{"@type":"ReadAction","target":["https:\/\/medicinasinc.com\/sl\/product\/kupi-mogadon-nitrazepam-5mg-tablete\/"]}]},{"@type":"ImageObject","inLanguage":"en-US","@id":"https:\/\/medicinasinc.com\/sl\/product\/kupi-mogadon-nitrazepam-5mg-tablete\/#primaryimage","url":"https:\/\/medicinasinc.com\/sl\/wp-content\/uploads\/sites\/7\/2022\/02\/Buy-Mogadon-Nitrazepam-5mg-pills.jpg","contentUrl":"https:\/\/medicinasinc.com\/sl\/wp-content\/uploads\/sites\/7\/2022\/02\/Buy-Mogadon-Nitrazepam-5mg-pills.jpg","width":640,"height":480,"caption":"Buy Mogadon Nitrazepam 5mg pills"},{"@type":"BreadcrumbList","@id":"https:\/\/medicinasinc.com\/sl\/product\/kupi-mogadon-nitrazepam-5mg-tablete\/#breadcrumb","itemListElement":[{"@type":"ListItem","position":1,"name":"Nakupujte","item":"https:\/\/medicinasinc.com\/sl\/nakupujte\/"},{"@type":"ListItem","position":2,"name":"Kupite tablete Mogadon Nitrazepam 5 mg"}]},{"@type":"WebSite","@id":"https:\/\/medicinasinc.com\/sl\/#website","url":"https:\/\/medicinasinc.com\/sl\/","name":"Medicinas Inc","description":"Health Medical Clinic","potentialAction":[{"@type":"SearchAction","target":{"@type":"EntryPoint","urlTemplate":"https:\/\/medicinasinc.com\/sl\/?s={search_term_string}"},"query-input":{"@type":"PropertyValueSpecification","valueRequired":true,"valueName":"search_term_string"}}],"inLanguage":"en-US"}]}},"_links":{"self":[{"href":"https:\/\/medicinasinc.com\/sl\/wp-json\/wp\/v2\/product\/5265","targetHints":{"allow":["GET"]}}],"collection":[{"href":"https:\/\/medicinasinc.com\/sl\/wp-json\/wp\/v2\/product"}],"about":[{"href":"https:\/\/medicinasinc.com\/sl\/wp-json\/wp\/v2\/types\/product"}],"replies":[{"embeddable":true,"href":"https:\/\/medicinasinc.com\/sl\/wp-json\/wp\/v2\/comments?post=5265"}],"wp:featuredmedia":[{"embeddable":true,"href":"https:\/\/medicinasinc.com\/sl\/wp-json\/wp\/v2\/media\/5995"}],"wp:attachment":[{"href":"https:\/\/medicinasinc.com\/sl\/wp-json\/wp\/v2\/media?parent=5265"}],"wp:term":[{"taxonomy":"product_brand","embeddable":true,"href":"https:\/\/medicinasinc.com\/sl\/wp-json\/wp\/v2\/product_brand?post=5265"},{"taxonomy":"product_cat","embeddable":true,"href":"https:\/\/medicinasinc.com\/sl\/wp-json\/wp\/v2\/product_cat?post=5265"},{"taxonomy":"product_tag","embeddable":true,"href":"https:\/\/medicinasinc.com\/sl\/wp-json\/wp\/v2\/product_tag?post=5265"}],"curies":[{"name":"wp","href":"https:\/\/api.w.org\/{rel}","templated":true}]}}