{"id":5264,"date":"2022-02-20T22:53:05","date_gmt":"2022-02-20T22:53:05","guid":{"rendered":"https:\/\/medicinasinc.com\/sl\/?post_type=product&#038;p=5264"},"modified":"2022-03-19T00:39:03","modified_gmt":"2022-03-19T00:39:03","slug":"kupi-motrin-ibuprofen-600mg-tablete","status":"publish","type":"product","link":"https:\/\/medicinasinc.com\/sl\/product\/kupi-motrin-ibuprofen-600mg-tablete\/","title":{"rendered":"Kupite tablete Motrin Ibuprofen 600 mg"},"content":{"rendered":"<p>Motrin \u2013 tablete Ibuprofen 600 mg lahko kupite na spletu.<br \/> Tablete Motrin Ibuprofen 600 mg lahko kupite na spletu.<\/p>\n<p>Ibuprofen 600 mg je na voljo v obliki tablet. Je \u010dlan skupine zdravil, znanih kot NSAID \u2013 nesteroidna protivnetna zdravila. Uporablja se za zdravljenje osteoartritisa, revmatoidnega artritisa, spinalnega artritisa, oteklih sklepov, zmrznjene rame, burzitisa, tendinitisa, tenosinovitisa, nelagodja v spodnjem delu hrbta ter zvinov in nategov.<\/p>\n<p>Tablete ibuprofena 600 mg ne smete jemati otrokom v jemanju tablet. pogled in doseg. Shranjujte ga v originalni embala\u017ei in pri temperaturi, ki ni vi\u0161ja od 25 stopinj Celzija.<\/p>\n","protected":false},"excerpt":{"rendered":"<div class=\"woocommerce-product-details__short-description\">\n<p>Motrin \u2013 tablete Ibuprofena 600 mg lahko kupite na spletu. Kupite Ibuprofen na spletu po izjemno nizkih cenah. Veleprodajna naro\u010dila so upravi\u010dena do brezpla\u010dne dostave. \u010ce ste \u017eeleli kupiti zdravila na recept na spletu brez recepta, je iskanje kon\u010dano.<\/p>\n<p>Ibuprofen 600 mg je na voljo v obliki tablet. Je \u010dlan skupine zdravil, znanih kot nesteroidna protivnetna zdravila &#8211; Nesteroidna protivnetna zdravila.<\/p>\n<p>Ibuprofen 600 mg tablete, ibuprofen 600 mg jakost na recept, ibuprofen 600 mg brez recepta, ibuprofen 600 mg odmerek za odrasle, ibuprofen 600 mg cena na tableto, ibuprofen 0 mg \u0161kornji, motrin 600 mg, 600 mg ibuprofena brez recepta uk<\/p>\n<\/p><\/div>\n","protected":false},"featured_media":5282,"comment_status":"open","ping_status":"closed","template":"","meta":[],"product_brand":[],"product_cat":[1117],"product_tag":[1571,1572,1580,1581,1573,1574,1578,1579,1583,1586,1585,1588,1584,1589,1590,1597,1591,1592,1593,1594,1595,1596,1598,1602,1605,1606,1607,1609,1599,1600,1601,1608,1603,1604,1610,1587,1582,1611,1612,1613,1614,1615,1616,1617,1618,1619,1620,1621,1622,1623,1624,1625,1626,1577,1575,1576,1627,1628],"class_list":{"0":"post-5264","1":"product","2":"type-product","3":"status-publish","4":"has-post-thumbnail","6":"product_cat-kupite-tablete-proti-bolecinam-spanju-seksu","7":"product_tag-600-mg-ibuprofena-v-prosti-prodaji","8":"product_tag-advil-motrin-ibuprofen","9":"product_tag-ali-motrin-ima-ibuprofen","10":"product_tag-ali-ima-motrin-ibuprofen-v-njem","11":"product_tag-are-ibuprofen-and-motrin-the-same","12":"product_tag-are-ibuprofen-and-motrin-the-same-thing","13":"product_tag-difference-between-motrin-and-ibuprofen","14":"product_tag-does-motrin-contain-ibuprofen","15":"product_tag-ibuprofen-200mg-tablets","16":"product_tag-ibuprofen-600-mg-brez-recepta","17":"product_tag-ibuprofen-600-mg-odmerjanje-za-odrasle","18":"product_tag-ibuprofen-600-mg-price-per-pill","19":"product_tag-ibuprofen-600-mg-kornji","20":"product_tag-ibuprofen-600-mg-tablete","21":"product_tag-ibuprofen-advil-motrin","22":"product_tag-ibuprofen-isti-kot-motrin","23":"product_tag-ibuprofen-in-motrin","24":"product_tag-ibuprofen-is-motrin","25":"product_tag-ibuprofen-motrin","26":"product_tag-ibuprofen-motrin-600-mg","27":"product_tag-ibuprofen-motrin-800-mg","28":"product_tag-ibuprofen-motrin-800mg","29":"product_tag-ibuprofen-vs-motrin","30":"product_tag-is-ibuprofen-the-same-as-motrin","31":"product_tag-is-motrin-ibuprofen","32":"product_tag-is-motrin-ibuprofen-or-acetaminophen","33":"product_tag-is-motrin-like-ibuprofen","34":"product_tag-is-motrin-the-same-as-ibuprofen","35":"product_tag-je-ibuprofen-in-motrin-isti","36":"product_tag-je-ibuprofen-in-motrin-isti-stvar","37":"product_tag-je-ibuprofen-motrin","38":"product_tag-je-motrin-isti-ibuprofen","39":"product_tag-je-motrin-in-ibuprofen-isti","40":"product_tag-je-motrin-in-ibuprofen-isti-stvar","41":"product_tag-je-motrin-ista-stvar-kot-ibuprofen","42":"product_tag-ibuprofen-600-mg-predpisana-mo","43":"product_tag-koliko-ibuprofena-v-motrinu","44":"product_tag-motrin-600-mg","45":"product_tag-motrin-600-mg-vs-ibuprofen","46":"product_tag-motrin-800-vs-ibuprofen","47":"product_tag-motrin-and-ibuprofen","48":"product_tag-motrin-and-ibuprofen-the-same","49":"product_tag-motrin-and-ibuprofen-the-same-thing","50":"product_tag-motrin-and-ibuprofen-together","51":"product_tag-motrin-ib","52":"product_tag-motrin-ibuprofen","53":"product_tag-motrin-ibuprofen-200-mg","54":"product_tag-motrin-ibuprofen-dosage","55":"product_tag-motrin-is-ibuprofen","56":"product_tag-motrin-the-same-as-ibuprofen","57":"product_tag-motrin-versus-ibuprofen","58":"product_tag-motrin-vs-advil-vs-ibuprofen","59":"product_tag-motrin-vs-ibuprofen","60":"product_tag-razlika-med-ibuprofenom-in-motrinom","61":"product_tag-sta-motrin-in-ibuprofen-isti","62":"product_tag-sta-motrin-in-ibuprofen-isti-stvari","63":"product_tag-what-is-the-difference-between-ibuprofen-and-motrin","64":"product_tag-what-is-the-difference-between-motrin-and-ibuprofen","66":"first","67":"instock","68":"shipping-taxable","69":"purchasable","70":"product-type-variable","71":"has-default-attributes"},"yoast_head":"<!-- This site is optimized with the Yoast SEO plugin v27.3 - https:\/\/yoast.com\/product\/yoast-seo-wordpress\/ -->\n<title>Kupite tablete Motrin Ibuprofen 600 mg - najbolj\u0161a najbolj\u0161a zdravila na svetu<\/title>\n<meta name=\"description\" content=\"Kupite tablete Motrin Ibuprofen 600 mg na spletu. Kupite Ibuprofen 600 mg na spletu po zelo ugodnih cenah. Brezpla\u010dna dostava pri veleprodajnih naro\u010dilih. \u010ce ste \u017eeleli kupiti zdravila na spletu brez recepta, je va\u0161ega iskanja konec.\" \/>\n<meta name=\"robots\" content=\"index, follow, max-snippet:-1, max-image-preview:large, max-video-preview:-1\" \/>\n<link rel=\"canonical\" href=\"https:\/\/medicinasinc.com\/sl\/product\/kupi-motrin-ibuprofen-600mg-tablete\/\" \/>\n<meta property=\"og:locale\" content=\"en_US\" \/>\n<meta property=\"og:type\" content=\"article\" \/>\n<meta property=\"og:title\" content=\"Kupite tablete Motrin Ibuprofen 600 mg - najbolj\u0161a najbolj\u0161a zdravila na svetu\" \/>\n<meta property=\"og:description\" content=\"Kupite tablete Motrin Ibuprofen 600 mg na spletu. Kupite Ibuprofen 600 mg na spletu po zelo ugodnih cenah. Brezpla\u010dna dostava pri veleprodajnih naro\u010dilih. \u010ce ste \u017eeleli kupiti zdravila na spletu brez recepta, je va\u0161ega iskanja konec.\" \/>\n<meta property=\"og:url\" content=\"https:\/\/medicinasinc.com\/sl\/product\/kupi-motrin-ibuprofen-600mg-tablete\/\" \/>\n<meta property=\"og:site_name\" content=\"Medicinas Inc\" \/>\n<meta property=\"article:modified_time\" content=\"2022-03-19T00:39:03+00:00\" \/>\n<meta property=\"og:image\" content=\"https:\/\/medicinasinc.com\/sl\/wp-content\/uploads\/sites\/7\/2022\/02\/Buy-Motrin-Ibuprofen-600mg.jpg\" \/>\n\t<meta property=\"og:image:width\" content=\"1200\" \/>\n\t<meta property=\"og:image:height\" content=\"1200\" \/>\n\t<meta property=\"og:image:type\" content=\"image\/jpeg\" \/>\n<meta name=\"twitter:card\" content=\"summary_large_image\" \/>\n<meta name=\"twitter:label1\" content=\"Est. reading time\" \/>\n\t<meta name=\"twitter:data1\" content=\"1 minute\" \/>\n<script type=\"application\/ld+json\" class=\"yoast-schema-graph\">{\"@context\":\"https:\\\/\\\/schema.org\",\"@graph\":[{\"@type\":\"WebPage\",\"@id\":\"https:\\\/\\\/medicinasinc.com\\\/sl\\\/product\\\/kupi-motrin-ibuprofen-600mg-tablete\\\/\",\"url\":\"https:\\\/\\\/medicinasinc.com\\\/sl\\\/product\\\/kupi-motrin-ibuprofen-600mg-tablete\\\/\",\"name\":\"Kupite tablete Motrin Ibuprofen 600 mg - najbolj\u0161a najbolj\u0161a zdravila na svetu\",\"isPartOf\":{\"@id\":\"https:\\\/\\\/medicinasinc.com\\\/sl\\\/#website\"},\"primaryImageOfPage\":{\"@id\":\"https:\\\/\\\/medicinasinc.com\\\/sl\\\/product\\\/kupi-motrin-ibuprofen-600mg-tablete\\\/#primaryimage\"},\"image\":{\"@id\":\"https:\\\/\\\/medicinasinc.com\\\/sl\\\/product\\\/kupi-motrin-ibuprofen-600mg-tablete\\\/#primaryimage\"},\"thumbnailUrl\":\"https:\\\/\\\/medicinasinc.com\\\/sl\\\/wp-content\\\/uploads\\\/sites\\\/7\\\/2022\\\/02\\\/Buy-Motrin-Ibuprofen-600mg.jpg\",\"datePublished\":\"2022-02-20T22:53:05+00:00\",\"dateModified\":\"2022-03-19T00:39:03+00:00\",\"description\":\"Kupite tablete Motrin Ibuprofen 600 mg na spletu. Kupite Ibuprofen 600 mg na spletu po zelo ugodnih cenah. Brezpla\u010dna dostava pri veleprodajnih naro\u010dilih. \u010ce ste \u017eeleli kupiti zdravila na spletu brez recepta, je va\u0161ega iskanja konec.\",\"breadcrumb\":{\"@id\":\"https:\\\/\\\/medicinasinc.com\\\/sl\\\/product\\\/kupi-motrin-ibuprofen-600mg-tablete\\\/#breadcrumb\"},\"inLanguage\":\"en-US\",\"potentialAction\":[{\"@type\":\"ReadAction\",\"target\":[\"https:\\\/\\\/medicinasinc.com\\\/sl\\\/product\\\/kupi-motrin-ibuprofen-600mg-tablete\\\/\"]}]},{\"@type\":\"ImageObject\",\"inLanguage\":\"en-US\",\"@id\":\"https:\\\/\\\/medicinasinc.com\\\/sl\\\/product\\\/kupi-motrin-ibuprofen-600mg-tablete\\\/#primaryimage\",\"url\":\"https:\\\/\\\/medicinasinc.com\\\/sl\\\/wp-content\\\/uploads\\\/sites\\\/7\\\/2022\\\/02\\\/Buy-Motrin-Ibuprofen-600mg.jpg\",\"contentUrl\":\"https:\\\/\\\/medicinasinc.com\\\/sl\\\/wp-content\\\/uploads\\\/sites\\\/7\\\/2022\\\/02\\\/Buy-Motrin-Ibuprofen-600mg.jpg\",\"width\":1200,\"height\":1200},{\"@type\":\"BreadcrumbList\",\"@id\":\"https:\\\/\\\/medicinasinc.com\\\/sl\\\/product\\\/kupi-motrin-ibuprofen-600mg-tablete\\\/#breadcrumb\",\"itemListElement\":[{\"@type\":\"ListItem\",\"position\":1,\"name\":\"Nakupujte\",\"item\":\"https:\\\/\\\/medicinasinc.com\\\/sl\\\/nakupujte\\\/\"},{\"@type\":\"ListItem\",\"position\":2,\"name\":\"Kupite tablete Motrin Ibuprofen 600 mg\"}]},{\"@type\":\"WebSite\",\"@id\":\"https:\\\/\\\/medicinasinc.com\\\/sl\\\/#website\",\"url\":\"https:\\\/\\\/medicinasinc.com\\\/sl\\\/\",\"name\":\"Medicinas Inc\",\"description\":\"Health Medical Clinic\",\"potentialAction\":[{\"@type\":\"SearchAction\",\"target\":{\"@type\":\"EntryPoint\",\"urlTemplate\":\"https:\\\/\\\/medicinasinc.com\\\/sl\\\/?s={search_term_string}\"},\"query-input\":{\"@type\":\"PropertyValueSpecification\",\"valueRequired\":true,\"valueName\":\"search_term_string\"}}],\"inLanguage\":\"en-US\"}]}<\/script>\n<!-- \/ Yoast SEO plugin. -->","yoast_head_json":{"title":"Kupite tablete Motrin Ibuprofen 600 mg - najbolj\u0161a najbolj\u0161a zdravila na svetu","description":"Kupite tablete Motrin Ibuprofen 600 mg na spletu. Kupite Ibuprofen 600 mg na spletu po zelo ugodnih cenah. Brezpla\u010dna dostava pri veleprodajnih naro\u010dilih. \u010ce ste \u017eeleli kupiti zdravila na spletu brez recepta, je va\u0161ega iskanja konec.","robots":{"index":"index","follow":"follow","max-snippet":"max-snippet:-1","max-image-preview":"max-image-preview:large","max-video-preview":"max-video-preview:-1"},"canonical":"https:\/\/medicinasinc.com\/sl\/product\/kupi-motrin-ibuprofen-600mg-tablete\/","og_locale":"en_US","og_type":"article","og_title":"Kupite tablete Motrin Ibuprofen 600 mg - najbolj\u0161a najbolj\u0161a zdravila na svetu","og_description":"Kupite tablete Motrin Ibuprofen 600 mg na spletu. Kupite Ibuprofen 600 mg na spletu po zelo ugodnih cenah. Brezpla\u010dna dostava pri veleprodajnih naro\u010dilih. \u010ce ste \u017eeleli kupiti zdravila na spletu brez recepta, je va\u0161ega iskanja konec.","og_url":"https:\/\/medicinasinc.com\/sl\/product\/kupi-motrin-ibuprofen-600mg-tablete\/","og_site_name":"Medicinas Inc","article_modified_time":"2022-03-19T00:39:03+00:00","og_image":[{"width":1200,"height":1200,"url":"https:\/\/medicinasinc.com\/sl\/wp-content\/uploads\/sites\/7\/2022\/02\/Buy-Motrin-Ibuprofen-600mg.jpg","type":"image\/jpeg"}],"twitter_card":"summary_large_image","twitter_misc":{"Est. reading time":"1 minute"},"schema":{"@context":"https:\/\/schema.org","@graph":[{"@type":"WebPage","@id":"https:\/\/medicinasinc.com\/sl\/product\/kupi-motrin-ibuprofen-600mg-tablete\/","url":"https:\/\/medicinasinc.com\/sl\/product\/kupi-motrin-ibuprofen-600mg-tablete\/","name":"Kupite tablete Motrin Ibuprofen 600 mg - najbolj\u0161a najbolj\u0161a zdravila na svetu","isPartOf":{"@id":"https:\/\/medicinasinc.com\/sl\/#website"},"primaryImageOfPage":{"@id":"https:\/\/medicinasinc.com\/sl\/product\/kupi-motrin-ibuprofen-600mg-tablete\/#primaryimage"},"image":{"@id":"https:\/\/medicinasinc.com\/sl\/product\/kupi-motrin-ibuprofen-600mg-tablete\/#primaryimage"},"thumbnailUrl":"https:\/\/medicinasinc.com\/sl\/wp-content\/uploads\/sites\/7\/2022\/02\/Buy-Motrin-Ibuprofen-600mg.jpg","datePublished":"2022-02-20T22:53:05+00:00","dateModified":"2022-03-19T00:39:03+00:00","description":"Kupite tablete Motrin Ibuprofen 600 mg na spletu. Kupite Ibuprofen 600 mg na spletu po zelo ugodnih cenah. Brezpla\u010dna dostava pri veleprodajnih naro\u010dilih. \u010ce ste \u017eeleli kupiti zdravila na spletu brez recepta, je va\u0161ega iskanja konec.","breadcrumb":{"@id":"https:\/\/medicinasinc.com\/sl\/product\/kupi-motrin-ibuprofen-600mg-tablete\/#breadcrumb"},"inLanguage":"en-US","potentialAction":[{"@type":"ReadAction","target":["https:\/\/medicinasinc.com\/sl\/product\/kupi-motrin-ibuprofen-600mg-tablete\/"]}]},{"@type":"ImageObject","inLanguage":"en-US","@id":"https:\/\/medicinasinc.com\/sl\/product\/kupi-motrin-ibuprofen-600mg-tablete\/#primaryimage","url":"https:\/\/medicinasinc.com\/sl\/wp-content\/uploads\/sites\/7\/2022\/02\/Buy-Motrin-Ibuprofen-600mg.jpg","contentUrl":"https:\/\/medicinasinc.com\/sl\/wp-content\/uploads\/sites\/7\/2022\/02\/Buy-Motrin-Ibuprofen-600mg.jpg","width":1200,"height":1200},{"@type":"BreadcrumbList","@id":"https:\/\/medicinasinc.com\/sl\/product\/kupi-motrin-ibuprofen-600mg-tablete\/#breadcrumb","itemListElement":[{"@type":"ListItem","position":1,"name":"Nakupujte","item":"https:\/\/medicinasinc.com\/sl\/nakupujte\/"},{"@type":"ListItem","position":2,"name":"Kupite tablete Motrin Ibuprofen 600 mg"}]},{"@type":"WebSite","@id":"https:\/\/medicinasinc.com\/sl\/#website","url":"https:\/\/medicinasinc.com\/sl\/","name":"Medicinas Inc","description":"Health Medical Clinic","potentialAction":[{"@type":"SearchAction","target":{"@type":"EntryPoint","urlTemplate":"https:\/\/medicinasinc.com\/sl\/?s={search_term_string}"},"query-input":{"@type":"PropertyValueSpecification","valueRequired":true,"valueName":"search_term_string"}}],"inLanguage":"en-US"}]}},"_links":{"self":[{"href":"https:\/\/medicinasinc.com\/sl\/wp-json\/wp\/v2\/product\/5264","targetHints":{"allow":["GET"]}}],"collection":[{"href":"https:\/\/medicinasinc.com\/sl\/wp-json\/wp\/v2\/product"}],"about":[{"href":"https:\/\/medicinasinc.com\/sl\/wp-json\/wp\/v2\/types\/product"}],"replies":[{"embeddable":true,"href":"https:\/\/medicinasinc.com\/sl\/wp-json\/wp\/v2\/comments?post=5264"}],"wp:featuredmedia":[{"embeddable":true,"href":"https:\/\/medicinasinc.com\/sl\/wp-json\/wp\/v2\/media\/5282"}],"wp:attachment":[{"href":"https:\/\/medicinasinc.com\/sl\/wp-json\/wp\/v2\/media?parent=5264"}],"wp:term":[{"taxonomy":"product_brand","embeddable":true,"href":"https:\/\/medicinasinc.com\/sl\/wp-json\/wp\/v2\/product_brand?post=5264"},{"taxonomy":"product_cat","embeddable":true,"href":"https:\/\/medicinasinc.com\/sl\/wp-json\/wp\/v2\/product_cat?post=5264"},{"taxonomy":"product_tag","embeddable":true,"href":"https:\/\/medicinasinc.com\/sl\/wp-json\/wp\/v2\/product_tag?post=5264"}],"curies":[{"name":"wp","href":"https:\/\/api.w.org\/{rel}","templated":true}]}}